{"id":9781,"date":"2022-12-20T09:26:24","date_gmt":"2022-12-20T08:26:24","guid":{"rendered":"https:\/\/kuken.alfadyser.dev\/?post_type=product&#038;p=9781"},"modified":"2025-07-31T07:56:07","modified_gmt":"2025-07-31T05:56:07","slug":"batedeira-em-aco-inoxidavel-com-taca-de-vidro-de-15-litros-kuken","status":"publish","type":"product","link":"https:\/\/kuken.alfadyser.dev\/pt\/produto\/batedeira-em-aco-inoxidavel-com-taca-de-vidro-de-15-litros-kuken\/","title":{"rendered":"BATEDOR DE VIDRO K\u00dcKEN 1500W"},"content":{"rendered":"<p>BATEDOR DE VIDRO K\u00dcKEN 1500W<\/p>\n<ul data-start=\"668\" data-end=\"1353\">\n<li class=\"\" data-start=\"668\" data-end=\"738\">\n<p class=\"\" data-start=\"670\" data-end=\"738\"><strong data-start=\"670\" data-end=\"688\">Motor de 1500W<\/strong>, ideal para batir, triturar y moler con fuerza.<\/p>\n<\/li>\n<li class=\"\" data-start=\"739\" data-end=\"822\">\n<p class=\"\" data-start=\"741\" data-end=\"822\"><strong data-start=\"741\" data-end=\"768\">Vaso de cristal de 1,5L<\/strong> com <strong data-start=\"773\" data-end=\"797\">gradua\u00e7\u00e3o da medi\u00e7\u00e3o<\/strong> para recetas precisas.<\/p>\n<\/li>\n<li class=\"\" data-start=\"823\" data-end=\"901\">\n<p class=\"\" data-start=\"825\" data-end=\"901\"><strong data-start=\"825\" data-end=\"868\">2 velocidades + funci\u00f3n de giro inverso<\/strong>, se adapta a cualquier mezcla.<\/p>\n<\/li>\n<li class=\"\" data-start=\"902\" data-end=\"992\">\n<p class=\"\" data-start=\"904\" data-end=\"992\"><strong data-start=\"904\" data-end=\"948\">Cuchillas de acero inoxidable de 4 filos<\/strong>, desmontables para facilitar la limpieza.<\/p>\n<\/li>\n<li class=\"\" data-start=\"993\" data-end=\"1066\">\n<p class=\"\" data-start=\"995\" data-end=\"1066\"><strong data-start=\"995\" data-end=\"1023\">Tapa herm\u00e9tica con tap\u00f3n<\/strong> para a\u00f1adir ingredientes durante el uso.<\/p>\n<\/li>\n<li class=\"\" data-start=\"1067\" data-end=\"1148\">\n<p class=\"\" data-start=\"1069\" data-end=\"1148\"><strong data-start=\"1069\" data-end=\"1103\">Base con patas antideslizantes<\/strong>, mayor seguridad y estabilidad al mezclar.<\/p>\n<\/li>\n<li class=\"\" data-start=\"1149\" data-end=\"1212\">\n<p class=\"\" data-start=\"1151\" data-end=\"1212\">Pica <strong data-start=\"1156\" data-end=\"1183\">hielo y alimentos duros<\/strong> con resultados homog\u00e9neos.<\/p>\n<\/li>\n<li class=\"\" data-start=\"1213\" data-end=\"1276\">\n<p class=\"\" data-start=\"1215\" data-end=\"1276\">Perfeito para <strong data-start=\"1229\" data-end=\"1256\">batidos, pur\u00e9s y salsas<\/strong> con textura fina.<\/p>\n<\/li>\n<li class=\"\" data-start=\"1277\" data-end=\"1353\">\n<p class=\"\" data-start=\"1279\" data-end=\"1353\">Dise\u00f1o funcional, seguro y robusto, ideal para el uso diario en la cocina.<\/p>\n<\/li>\n<\/ul>\n<p><span style=\"color: #d62f2f;\"><a style=\"color: #d62f2f;\" href=\"https:\/\/kuken.alfadyser.dev\/pt\/gama-premium\/misturadores-premium\/\" target=\"_blank\" rel=\"noopener\">Ver m\u00e1s batidoras de vaso<\/a><\/span><\/p>\n<p><div class=\"accordion\"><div class=\"mfn-acc accordion_wrapper  toggle\"><div class=\"question\"><div class=\"title\"><i class=\"icon-plus acc-icon-plus\" aria-hidden=\"true\"><\/i><i class=\"icon-minus acc-icon-minus\" aria-hidden=\"true\"><\/i>Dados do produto<\/div><div class=\"answer\">EAN: 8425160399689<\/p>\n<p>BATEDOR DE VIDRO K\u00dcKEN 1500W<\/p>\n<p>Unidades: 1<br \/>\nColor: BLANCO<br \/>\nEmbalagem: Caixa colorida<br \/>\nPot\u00eancia: 1500 W<br \/>\nTens\u00e3o: 230 V<br \/>\nCapacidade: 1,5 litros<br \/>\nMaterial: PC<br \/>\nBase antiderrapante: Sim<br \/>\nDestac\u00e1vel: Sim<br \/>\nPeso: 3,04 kg<\/div><\/div>\n<\/div><\/div>\n<br \/>\n<div class=\"accordion\"><div class=\"mfn-acc accordion_wrapper  toggle\"><div class=\"question\"><div class=\"title\"><i class=\"icon-plus acc-icon-plus\" aria-hidden=\"true\"><\/i><i class=\"icon-minus acc-icon-minus\" aria-hidden=\"true\"><\/i>Acess\u00f3rios<\/div><div class=\"answer\"><\/div><\/div>\n<\/div><\/div>\n<\/p>\n<div class=\"descargas-producto\"><a href=\"https:\/\/kuken.alfadyser.dev\/wp-content\/uploads\/8425160300319_ficha_tecnica.pdf\" target=\"_blank\" rel=\"noopener noreferrer\" data-wp-editing=\"1\"><br \/>\n<\/a><a href=\"https:\/\/kuken.alfadyser.dev\/wp-content\/uploads\/pdf\/8425160399689_ficha_tecnica.pdf\" target=\"_blank\" rel=\"noopener noreferrer\"><img loading=\"lazy\" decoding=\"async\" class=\"alignnone\" src=\"\/wp-content\/uploads\/2019\/12\/picto-descarrega.png\" alt=\"descarregar ficha de dados\" width=\"23\" height=\"16\" \/><\/a><a href=\"https:\/\/kuken.alfadyser.dev\/wp-content\/uploads\/pdf\/8425160399689_ficha_tecnica.pdf\" target=\"_blank\" rel=\"noopener noreferrer\" data-wp-editing=\"1\">Descarregar ficha<\/a><br \/>\n<a href=\"https:\/\/kuken.alfadyser.dev\/wp-content\/uploads\/30031_instrucciones_compressed.pdf\"><img loading=\"lazy\" decoding=\"async\" src=\"\/wp-content\/uploads\/2019\/12\/picto-descarrega.png\" alt=\"descarregar manual de instru\u00e7\u00f5es\" width=\"23\" height=\"16\" \/>Descarregar o manual<\/a><\/div>\n<div><\/div>\n<div><span style=\"color: #bf2121;\">Siga-nos nas redes sociais!<\/span><\/div>\n<div><a href=\"https:\/\/www.instagram.com\/kuken_appliances\/\">https:\/\/www.instagram.com\/kuken_appliances\/<\/a><\/div>\n<div><\/div>\n<p>&nbsp;<\/p>\n<p><iframe loading=\"lazy\" title=\"Batidora vaso cristal 1.5 litros 1500w kuken\" width=\"560\" height=\"315\" src=\"https:\/\/www.youtube.com\/embed\/Qwy0MRormaE?feature=oembed\" frameborder=\"0\" allow=\"accelerometer; autoplay; clipboard-write; encrypted-media; gyroscope; picture-in-picture; web-share\" referrerpolicy=\"strict-origin-when-cross-origin\" allowfullscreen><\/iframe><\/p>","protected":false},"excerpt":{"rendered":"<p class=\"\" data-start=\"453\" data-end=\"591\">Potencia, seguridad y precisi\u00f3n en cada preparaci\u00f3n. Ideal para batidos, pur\u00e9s y mezclas r\u00e1pidas. Dise\u00f1o robusto, f\u00e1cil de usar y limpiar.<\/p>","protected":false},"featured_media":9782,"template":"","meta":[],"product_brand":[],"product_cat":[206],"product_tag":[],"class_list":{"0":"post-9781","1":"product","2":"type-product","3":"status-publish","4":"has-post-thumbnail","6":"product_cat-batidoras","7":"pa_tipo-batidora-vaso","9":"first","10":"instock","11":"product-type-simple"},"yoast_head":"<!-- This site is optimized with the Yoast SEO Premium plugin v24.0 (Yoast SEO v26.5) - https:\/\/yoast.com\/wordpress\/plugins\/seo\/ -->\n<title>BATIDORA DE VASO CRISTAL K\u00dcKEN 1500W - K\u00fcken<\/title>\n<meta name=\"description\" content=\"Exclusiva batidora de vaso de cristal K\u00fcken de alta potencia con acabado inox. M\u00e1xima potencia p\u00e0ra extraer hasta la \u00faltima gota. Desc\u00fabrela en Kuken.\" \/>\n<meta name=\"robots\" content=\"noindex, follow, max-snippet:-1, max-image-preview:large, max-video-preview:-1\" \/>\n<meta property=\"og:locale\" content=\"pt_PT\" \/>\n<meta property=\"og:type\" content=\"article\" \/>\n<meta property=\"og:title\" content=\"BATIDORA DE VASO CRISTAL K\u00dcKEN 1500W\" \/>\n<meta property=\"og:description\" content=\"Exclusiva batidora de vaso de cristal K\u00fcken de alta potencia con acabado inox. M\u00e1xima potencia p\u00e0ra extraer hasta la \u00faltima gota. Desc\u00fabrela en Kuken.\" \/>\n<meta property=\"og:url\" content=\"https:\/\/kuken.alfadyser.dev\/pt\/produto\/batedeira-em-aco-inoxidavel-com-taca-de-vidro-de-15-litros-kuken\/\" \/>\n<meta property=\"og:site_name\" content=\"K\u00fcken\" \/>\n<meta property=\"article:publisher\" content=\"https:\/\/es-es.facebook.com\/alfadyser\/\" \/>\n<meta property=\"article:modified_time\" content=\"2025-07-31T05:56:07+00:00\" \/>\n<meta property=\"og:image\" content=\"https:\/\/kuken.alfadyser.dev\/wp-content\/uploads\/batidora.jpg\" \/>\n\t<meta property=\"og:image:width\" content=\"2000\" \/>\n\t<meta property=\"og:image:height\" content=\"2000\" \/>\n\t<meta property=\"og:image:type\" content=\"image\/jpeg\" \/>\n<meta name=\"twitter:card\" content=\"summary_large_image\" \/>\n<meta name=\"twitter:label1\" content=\"pre\u00e7o\" \/>\n\t<meta name=\"twitter:data1\" content=\"\" \/>\n\t<meta name=\"twitter:label2\" content=\"Disponibilidade\" \/>\n\t<meta name=\"twitter:data2\" content=\"Em stock\" \/>\n<script type=\"application\/ld+json\" class=\"yoast-schema-graph\">{\"@context\":\"https:\/\/schema.org\",\"@graph\":[{\"@type\":\"WebPage\",\"@id\":\"https:\/\/kuken.alfadyser.dev\/producto\/batidora-inox-con-vaso-de-cristal-15-litros-kuken\/\",\"url\":\"https:\/\/kuken.alfadyser.dev\/producto\/batidora-inox-con-vaso-de-cristal-15-litros-kuken\/\",\"name\":\"BATIDORA DE VASO CRISTAL K\u00dcKEN 1500W - K\u00fcken\",\"isPartOf\":{\"@id\":\"https:\/\/kuken.alfadyser.dev\/#website\"},\"primaryImageOfPage\":{\"@id\":\"https:\/\/kuken.alfadyser.dev\/producto\/batidora-inox-con-vaso-de-cristal-15-litros-kuken\/#primaryimage\"},\"image\":{\"@id\":\"https:\/\/kuken.alfadyser.dev\/producto\/batidora-inox-con-vaso-de-cristal-15-litros-kuken\/#primaryimage\"},\"thumbnailUrl\":\"https:\/\/kuken.alfadyser.dev\/wp-content\/uploads\/batidora.jpg\",\"datePublished\":\"2022-12-20T08:26:24+00:00\",\"dateModified\":\"2025-07-31T05:56:07+00:00\",\"description\":\"Exclusiva batidora de vaso de cristal K\u00fcken de alta potencia con acabado inox. M\u00e1xima potencia p\u00e0ra extraer hasta la \u00faltima gota. Desc\u00fabrela en Kuken.\",\"breadcrumb\":{\"@id\":\"https:\/\/kuken.alfadyser.dev\/producto\/batidora-inox-con-vaso-de-cristal-15-litros-kuken\/#breadcrumb\"},\"inLanguage\":\"pt-PT\",\"potentialAction\":[{\"@type\":\"ReadAction\",\"target\":[\"https:\/\/kuken.alfadyser.dev\/producto\/batidora-inox-con-vaso-de-cristal-15-litros-kuken\/\"]}]},{\"@type\":\"ImageObject\",\"inLanguage\":\"pt-PT\",\"@id\":\"https:\/\/kuken.alfadyser.dev\/producto\/batidora-inox-con-vaso-de-cristal-15-litros-kuken\/#primaryimage\",\"url\":\"https:\/\/kuken.alfadyser.dev\/wp-content\/uploads\/batidora.jpg\",\"contentUrl\":\"https:\/\/kuken.alfadyser.dev\/wp-content\/uploads\/batidora.jpg\",\"width\":2000,\"height\":2000,\"caption\":\"batidora inox con vaso de cristal 15 litros kuken\"},{\"@type\":\"BreadcrumbList\",\"@id\":\"https:\/\/kuken.alfadyser.dev\/producto\/batidora-inox-con-vaso-de-cristal-15-litros-kuken\/#breadcrumb\",\"itemListElement\":[{\"@type\":\"ListItem\",\"position\":1,\"name\":\"Portada\",\"item\":\"https:\/\/kuken.alfadyser.dev\/\"},{\"@type\":\"ListItem\",\"position\":2,\"name\":\"Productos\",\"item\":\"https:\/\/kuken.alfadyser.dev\/productos\/\"},{\"@type\":\"ListItem\",\"position\":3,\"name\":\"BATIDORA DE VASO CRISTAL K\u00dcKEN 1500W\"}]},{\"@type\":\"WebSite\",\"@id\":\"https:\/\/kuken.alfadyser.dev\/#website\",\"url\":\"https:\/\/kuken.alfadyser.dev\/\",\"name\":\"K\u00fcken\",\"description\":\"Amplia gama de peque\u00f1o electrodom\u00e9stico k\u00fcken\",\"publisher\":{\"@id\":\"https:\/\/kuken.alfadyser.dev\/#organization\"},\"potentialAction\":[{\"@type\":\"SearchAction\",\"target\":{\"@type\":\"EntryPoint\",\"urlTemplate\":\"https:\/\/kuken.alfadyser.dev\/?s={search_term_string}\"},\"query-input\":{\"@type\":\"PropertyValueSpecification\",\"valueRequired\":true,\"valueName\":\"search_term_string\"}}],\"inLanguage\":\"pt-PT\"},{\"@type\":\"Organization\",\"@id\":\"https:\/\/kuken.alfadyser.dev\/#organization\",\"name\":\"Alfa Dyser\",\"url\":\"https:\/\/kuken.alfadyser.dev\/\",\"logo\":{\"@type\":\"ImageObject\",\"inLanguage\":\"pt-PT\",\"@id\":\"https:\/\/kuken.alfadyser.dev\/#\/schema\/logo\/image\/\",\"url\":\"https:\/\/kuken.alfadyser.dev\/wp-content\/uploads\/2019\/04\/kuken-logo.png\",\"contentUrl\":\"https:\/\/kuken.alfadyser.dev\/wp-content\/uploads\/2019\/04\/kuken-logo.png\",\"width\":500,\"height\":191,\"caption\":\"Alfa Dyser\"},\"image\":{\"@id\":\"https:\/\/kuken.alfadyser.dev\/#\/schema\/logo\/image\/\"},\"sameAs\":[\"https:\/\/es-es.facebook.com\/alfadyser\/\",\"https:\/\/www.instagram.com\/kuken_appliances\/\"]}]}<\/script>\n<meta property=\"product:price:currency\" content=\"EUR\" \/>\n<meta property=\"og:availability\" content=\"instock\" \/>\n<meta property=\"product:availability\" content=\"instock\" \/>\n<meta property=\"product:retailer_item_id\" content=\"39968\" \/>\n<meta property=\"product:condition\" content=\"new\" \/>\n<!-- \/ Yoast SEO Premium plugin. -->","yoast_head_json":{"title":"BATIDORA DE VASO CRISTAL K\u00dcKEN 1500W - K\u00fcken","description":"Liquidificador de vidro exclusivo K\u00fcken de alta pot\u00eancia e acabamento em a\u00e7o inoxid\u00e1vel. Pot\u00eancia m\u00e1xima para extrair at\u00e9 \u00e0 \u00faltima gota. Descubra-o no Kuken.","robots":{"index":"noindex","follow":"follow","max-snippet":"max-snippet:-1","max-image-preview":"max-image-preview:large","max-video-preview":"max-video-preview:-1"},"og_locale":"pt_PT","og_type":"article","og_title":"BATIDORA DE VASO CRISTAL K\u00dcKEN 1500W","og_description":"Exclusiva batidora de vaso de cristal K\u00fcken de alta potencia con acabado inox. M\u00e1xima potencia p\u00e0ra extraer hasta la \u00faltima gota. Desc\u00fabrela en Kuken.","og_url":"https:\/\/kuken.alfadyser.dev\/pt\/produto\/batedeira-em-aco-inoxidavel-com-taca-de-vidro-de-15-litros-kuken\/","og_site_name":"K\u00fcken","article_publisher":"https:\/\/es-es.facebook.com\/alfadyser\/","article_modified_time":"2025-07-31T05:56:07+00:00","og_image":[{"width":2000,"height":2000,"url":"https:\/\/kuken.alfadyser.dev\/wp-content\/uploads\/batidora.jpg","type":"image\/jpeg"}],"twitter_card":"summary_large_image","twitter_misc":{"pre\u00e7o":"","Disponibilidade":"Em stock"},"schema":{"@context":"https:\/\/schema.org","@graph":[{"@type":"WebPage","@id":"https:\/\/kuken.alfadyser.dev\/producto\/batidora-inox-con-vaso-de-cristal-15-litros-kuken\/","url":"https:\/\/kuken.alfadyser.dev\/producto\/batidora-inox-con-vaso-de-cristal-15-litros-kuken\/","name":"BATIDORA DE VASO CRISTAL K\u00dcKEN 1500W - K\u00fcken","isPartOf":{"@id":"https:\/\/kuken.alfadyser.dev\/#website"},"primaryImageOfPage":{"@id":"https:\/\/kuken.alfadyser.dev\/producto\/batidora-inox-con-vaso-de-cristal-15-litros-kuken\/#primaryimage"},"image":{"@id":"https:\/\/kuken.alfadyser.dev\/producto\/batidora-inox-con-vaso-de-cristal-15-litros-kuken\/#primaryimage"},"thumbnailUrl":"https:\/\/kuken.alfadyser.dev\/wp-content\/uploads\/batidora.jpg","datePublished":"2022-12-20T08:26:24+00:00","dateModified":"2025-07-31T05:56:07+00:00","description":"Liquidificador de vidro exclusivo K\u00fcken de alta pot\u00eancia e acabamento em a\u00e7o inoxid\u00e1vel. Pot\u00eancia m\u00e1xima para extrair at\u00e9 \u00e0 \u00faltima gota. Descubra-o no Kuken.","breadcrumb":{"@id":"https:\/\/kuken.alfadyser.dev\/producto\/batidora-inox-con-vaso-de-cristal-15-litros-kuken\/#breadcrumb"},"inLanguage":"pt-PT","potentialAction":[{"@type":"ReadAction","target":["https:\/\/kuken.alfadyser.dev\/producto\/batidora-inox-con-vaso-de-cristal-15-litros-kuken\/"]}]},{"@type":"ImageObject","inLanguage":"pt-PT","@id":"https:\/\/kuken.alfadyser.dev\/producto\/batidora-inox-con-vaso-de-cristal-15-litros-kuken\/#primaryimage","url":"https:\/\/kuken.alfadyser.dev\/wp-content\/uploads\/batidora.jpg","contentUrl":"https:\/\/kuken.alfadyser.dev\/wp-content\/uploads\/batidora.jpg","width":2000,"height":2000,"caption":"batidora inox con vaso de cristal 15 litros kuken"},{"@type":"BreadcrumbList","@id":"https:\/\/kuken.alfadyser.dev\/producto\/batidora-inox-con-vaso-de-cristal-15-litros-kuken\/#breadcrumb","itemListElement":[{"@type":"ListItem","position":1,"name":"Portada","item":"https:\/\/kuken.alfadyser.dev\/"},{"@type":"ListItem","position":2,"name":"Productos","item":"https:\/\/kuken.alfadyser.dev\/productos\/"},{"@type":"ListItem","position":3,"name":"BATIDORA DE VASO CRISTAL K\u00dcKEN 1500W"}]},{"@type":"WebSite","@id":"https:\/\/kuken.alfadyser.dev\/#website","url":"https:\/\/kuken.alfadyser.dev\/","name":"K\u00fcken","description":"Vasta gama de pequenos electrodom\u00e9sticos k\u00fcken","publisher":{"@id":"https:\/\/kuken.alfadyser.dev\/#organization"},"potentialAction":[{"@type":"SearchAction","target":{"@type":"EntryPoint","urlTemplate":"https:\/\/kuken.alfadyser.dev\/?s={search_term_string}"},"query-input":{"@type":"PropertyValueSpecification","valueRequired":true,"valueName":"search_term_string"}}],"inLanguage":"pt-PT"},{"@type":"Organization","@id":"https:\/\/kuken.alfadyser.dev\/#organization","name":"Alpha Dyser","url":"https:\/\/kuken.alfadyser.dev\/","logo":{"@type":"ImageObject","inLanguage":"pt-PT","@id":"https:\/\/kuken.alfadyser.dev\/#\/schema\/logo\/image\/","url":"https:\/\/kuken.alfadyser.dev\/wp-content\/uploads\/2019\/04\/kuken-logo.png","contentUrl":"https:\/\/kuken.alfadyser.dev\/wp-content\/uploads\/2019\/04\/kuken-logo.png","width":500,"height":191,"caption":"Alfa Dyser"},"image":{"@id":"https:\/\/kuken.alfadyser.dev\/#\/schema\/logo\/image\/"},"sameAs":["https:\/\/es-es.facebook.com\/alfadyser\/","https:\/\/www.instagram.com\/kuken_appliances\/"]}]},"product_price_currency":"EUR","og_availability":"instock","product_availability":"instock","product_retailer_item_id":"39968","product_condition":"new"},"_links":{"self":[{"href":"https:\/\/kuken.alfadyser.dev\/pt\/wp-json\/wp\/v2\/product\/9781","targetHints":{"allow":["GET"]}}],"collection":[{"href":"https:\/\/kuken.alfadyser.dev\/pt\/wp-json\/wp\/v2\/product"}],"about":[{"href":"https:\/\/kuken.alfadyser.dev\/pt\/wp-json\/wp\/v2\/types\/product"}],"wp:featuredmedia":[{"embeddable":true,"href":"https:\/\/kuken.alfadyser.dev\/pt\/wp-json\/wp\/v2\/media\/9782"}],"wp:attachment":[{"href":"https:\/\/kuken.alfadyser.dev\/pt\/wp-json\/wp\/v2\/media?parent=9781"}],"wp:term":[{"taxonomy":"product_brand","embeddable":true,"href":"https:\/\/kuken.alfadyser.dev\/pt\/wp-json\/wp\/v2\/product_brand?post=9781"},{"taxonomy":"product_cat","embeddable":true,"href":"https:\/\/kuken.alfadyser.dev\/pt\/wp-json\/wp\/v2\/product_cat?post=9781"},{"taxonomy":"product_tag","embeddable":true,"href":"https:\/\/kuken.alfadyser.dev\/pt\/wp-json\/wp\/v2\/product_tag?post=9781"}],"curies":[{"name":"wp","href":"https:\/\/api.w.org\/{rel}","templated":true}]}}