{"id":9407,"date":"2022-10-13T14:38:16","date_gmt":"2022-10-13T12:38:16","guid":{"rendered":"https:\/\/kuken.alfadyser.dev\/?post_type=product&#038;p=9407"},"modified":"2025-07-22T10:53:18","modified_gmt":"2025-07-22T08:53:18","slug":"moinho-de-cafe-de-plastico-kuken-160w","status":"publish","type":"product","link":"https:\/\/kuken.alfadyser.dev\/pt\/produto\/moinho-de-cafe-de-plastico-kuken-160w\/","title":{"rendered":"MOINHO DE CAF\u00c9 160W PL\u00c1STICO K\u00dcKEN"},"content":{"rendered":"<p>MOINHO DE CAF\u00c9 160W PL\u00c1STICO K\u00dcKEN<\/p>\n<ul data-start=\"921\" data-end=\"1586\">\n<li data-start=\"921\" data-end=\"991\">\n<p data-start=\"923\" data-end=\"991\">Potencia de 160W, adecuada para moliendas r\u00e1pidas y uniformes.<\/p>\n<\/li>\n<li data-start=\"992\" data-end=\"1064\">\n<p data-start=\"994\" data-end=\"1064\">Doble cuchilla de acero inoxidable, para un triturado eficiente.<\/p>\n<\/li>\n<li data-start=\"1065\" data-end=\"1126\">\n<p data-start=\"1067\" data-end=\"1126\">Muele caf\u00e9, frutos secos y semillas, vers\u00e1til en uso.<\/p>\n<\/li>\n<li data-start=\"1127\" data-end=\"1188\">\n<p data-start=\"1129\" data-end=\"1188\">Interruptor ON\/OFF de pulsaci\u00f3n f\u00e1cil, uso intuitivo.<\/p>\n<\/li>\n<li data-start=\"1189\" data-end=\"1255\">\n<p data-start=\"1191\" data-end=\"1255\">Tapa transparente, permite controlar el grado de molienda.<\/p>\n<\/li>\n<li data-start=\"1256\" data-end=\"1332\">\n<p data-start=\"1258\" data-end=\"1332\">Dep\u00f3sito de acero inoxidable con 50\u202fg de capacidad, f\u00e1cil de vaciar.<\/p>\n<\/li>\n<li data-start=\"1333\" data-end=\"1388\">\n<p data-start=\"1335\" data-end=\"1388\">Cuerpo de pl\u00e1stico blanco, ligero y resistente.<\/p>\n<\/li>\n<li data-start=\"1389\" data-end=\"1454\">\n<p data-start=\"1391\" data-end=\"1454\">Dise\u00f1o compacto y elegante, se adapta a cualquier cocina.<\/p>\n<\/li>\n<li data-start=\"1455\" data-end=\"1506\">\n<p data-start=\"1457\" data-end=\"1506\">F\u00e1cil de limpiar, ideal para uso frecuente.<\/p>\n<\/li>\n<li data-start=\"1507\" data-end=\"1586\">\n<p data-start=\"1509\" data-end=\"1586\">Medidas: \u00f898 x 185 mm, peso: 500 g, perfecto para espacios reducidos.<\/p>\n<\/li>\n<\/ul>\n<p><div class=\"accordion\"><div class=\"mfn-acc accordion_wrapper  toggle\"><div class=\"question\"><div class=\"title\"><i class=\"icon-plus acc-icon-plus\" aria-hidden=\"true\"><\/i><i class=\"icon-minus acc-icon-minus\" aria-hidden=\"true\"><\/i>Dados do produto<\/div><div class=\"answer\">EAN 8425160330835<\/p>\n<p>MOINHO DE CAF\u00c9 160W PL\u00c1STICO K\u00dcKEN<\/p>\n<p>Unidade de embalagem 1<br \/>\nCor Branco<br \/>\nEmbalagem Caixa colorida<br \/>\nPot\u00eancia 160 W<br \/>\nTens\u00e3o 230 V<br \/>\nMaterial Pl\u00e1stico<br \/>\nVelocidades 1<br \/>\nP\u00e9s antiderrapantes Sim<br \/>\nDi\u00e2metro 98 mm<br \/>\nPeso 0,50 kg<\/div><\/div>\n<\/div><\/div>\n<br \/>\n<div class=\"accordion\"><div class=\"mfn-acc accordion_wrapper  toggle\"><div class=\"question\"><div class=\"title\"><i class=\"icon-plus acc-icon-plus\" aria-hidden=\"true\"><\/i><i class=\"icon-minus acc-icon-minus\" aria-hidden=\"true\"><\/i>Acess\u00f3rios<\/div><div class=\"answer\"><\/div><\/div>\n<\/div><\/div>\n<\/p>\n<div class=\"descargas-producto\"><a href=\"https:\/\/kuken.alfadyser.dev\/wp-content\/uploads\/8425160330835_ficha_tecnica.pdf\" target=\"_blank\" rel=\"noopener noreferrer\"><br \/>\n<img loading=\"lazy\" decoding=\"async\" src=\"\/wp-content\/uploads\/2019\/12\/picto-descarrega.png\" alt=\"descarregar ficha de dados\" width=\"23\" height=\"16\" \/>Descarregar ficha<\/a><br \/>\n<a href=\"https:\/\/kuken.alfadyser.dev\/wp-content\/uploads\/33083_instrucciones_compressed.pdf\"><img loading=\"lazy\" decoding=\"async\" src=\"\/wp-content\/uploads\/2019\/12\/picto-descarrega.png\" alt=\"descarregar manual de instru\u00e7\u00f5es\" width=\"23\" height=\"16\" \/>Descarregar o manual<\/a><\/div>\n<div><\/div>\n<div><span style=\"color: #bf2121\">Siga-nos nas redes sociais!<\/span><\/div>\n<div><a href=\"https:\/\/www.instagram.com\/kuken_appliances\/\">https:\/\/www.instagram.com\/kuken_appliances\/<\/a><\/div>\n<p><iframe loading=\"lazy\" title=\"Moinho de caf\u00e9 160W branco k\u00fcken\" width=\"560\" height=\"315\" src=\"https:\/\/www.youtube.com\/embed\/BFLpfCylj3w?feature=oembed\" frameborder=\"0\" allow=\"accelerometer; autoplay; clipboard-write; encrypted-media; gyroscope; picture-in-picture; web-share\" referrerpolicy=\"strict-origin-when-cross-origin\" allowfullscreen><\/iframe><\/p>","protected":false},"excerpt":{"rendered":"<p data-start=\"589\" data-end=\"745\">Compacto, potente y pr\u00e1ctico. Este molinillo muele caf\u00e9, semillas o frutos secos con precisi\u00f3n gracias a su doble cuchilla y dise\u00f1o f\u00e1cil de limpiar y usar.<\/p>\n<blockquote data-start=\"747\" data-end=\"853\">\n<p data-start=\"749\" data-end=\"853\">\n<\/blockquote>","protected":false},"featured_media":9412,"template":"","meta":[],"product_brand":[],"product_cat":[200],"product_tag":[],"class_list":{"0":"post-9407","1":"product","2":"type-product","3":"status-publish","4":"has-post-thumbnail","6":"product_cat-cafeteras-molinillos","8":"first","9":"instock","10":"product-type-simple"},"yoast_head":"<!-- This site is optimized with the Yoast SEO Premium plugin v24.0 (Yoast SEO v26.5) - https:\/\/yoast.com\/wordpress\/plugins\/seo\/ -->\n<title>MOLINILLO DE CAF\u00c9 160W PLASTICO K\u00dcKEN - K\u00fcken<\/title>\n<meta name=\"description\" content=\"Molinillo de caf\u00e9 160W K\u00fcken con doble cuchilla de acero, tapa transparente y capacidad de 50\u202fg. Ideal para caf\u00e9, frutos secos y semillas.\" \/>\n<meta name=\"robots\" content=\"noindex, follow, max-snippet:-1, max-image-preview:large, max-video-preview:-1\" \/>\n<meta property=\"og:locale\" content=\"pt_PT\" \/>\n<meta property=\"og:type\" content=\"article\" \/>\n<meta property=\"og:title\" content=\"MOLINILLO DE CAF\u00c9 160W PLASTICO K\u00dcKEN\" \/>\n<meta property=\"og:description\" content=\"Molinillo de caf\u00e9 160W K\u00fcken con doble cuchilla de acero, tapa transparente y capacidad de 50\u202fg. Ideal para caf\u00e9, frutos secos y semillas.\" \/>\n<meta property=\"og:url\" content=\"https:\/\/kuken.alfadyser.dev\/pt\/produto\/moinho-de-cafe-de-plastico-kuken-160w\/\" \/>\n<meta property=\"og:site_name\" content=\"K\u00fcken\" \/>\n<meta property=\"article:publisher\" content=\"https:\/\/es-es.facebook.com\/alfadyser\/\" \/>\n<meta property=\"article:modified_time\" content=\"2025-07-22T08:53:18+00:00\" \/>\n<meta property=\"og:image\" content=\"https:\/\/kuken.alfadyser.dev\/wp-content\/uploads\/8425160330835_01.jpg\" \/>\n\t<meta property=\"og:image:width\" content=\"2000\" \/>\n\t<meta property=\"og:image:height\" content=\"2000\" \/>\n\t<meta property=\"og:image:type\" content=\"image\/jpeg\" \/>\n<meta name=\"twitter:card\" content=\"summary_large_image\" \/>\n<meta name=\"twitter:label1\" content=\"pre\u00e7o\" \/>\n\t<meta name=\"twitter:data1\" content=\"\" \/>\n\t<meta name=\"twitter:label2\" content=\"Disponibilidade\" \/>\n\t<meta name=\"twitter:data2\" content=\"Em stock\" \/>\n<script type=\"application\/ld+json\" class=\"yoast-schema-graph\">{\"@context\":\"https:\/\/schema.org\",\"@graph\":[{\"@type\":\"WebPage\",\"@id\":\"https:\/\/kuken.alfadyser.dev\/producto\/molinillo-de-cafe-160w-plastico-kuken\/\",\"url\":\"https:\/\/kuken.alfadyser.dev\/producto\/molinillo-de-cafe-160w-plastico-kuken\/\",\"name\":\"MOLINILLO DE CAF\u00c9 160W PLASTICO K\u00dcKEN - K\u00fcken\",\"isPartOf\":{\"@id\":\"https:\/\/kuken.alfadyser.dev\/#website\"},\"primaryImageOfPage\":{\"@id\":\"https:\/\/kuken.alfadyser.dev\/producto\/molinillo-de-cafe-160w-plastico-kuken\/#primaryimage\"},\"image\":{\"@id\":\"https:\/\/kuken.alfadyser.dev\/producto\/molinillo-de-cafe-160w-plastico-kuken\/#primaryimage\"},\"thumbnailUrl\":\"https:\/\/kuken.alfadyser.dev\/wp-content\/uploads\/8425160330835_01.jpg\",\"datePublished\":\"2022-10-13T12:38:16+00:00\",\"dateModified\":\"2025-07-22T08:53:18+00:00\",\"description\":\"Molinillo de caf\u00e9 160W K\u00fcken con doble cuchilla de acero, tapa transparente y capacidad de 50\u202fg. Ideal para caf\u00e9, frutos secos y semillas.\",\"breadcrumb\":{\"@id\":\"https:\/\/kuken.alfadyser.dev\/producto\/molinillo-de-cafe-160w-plastico-kuken\/#breadcrumb\"},\"inLanguage\":\"pt-PT\",\"potentialAction\":[{\"@type\":\"ReadAction\",\"target\":[\"https:\/\/kuken.alfadyser.dev\/producto\/molinillo-de-cafe-160w-plastico-kuken\/\"]}]},{\"@type\":\"ImageObject\",\"inLanguage\":\"pt-PT\",\"@id\":\"https:\/\/kuken.alfadyser.dev\/producto\/molinillo-de-cafe-160w-plastico-kuken\/#primaryimage\",\"url\":\"https:\/\/kuken.alfadyser.dev\/wp-content\/uploads\/8425160330835_01.jpg\",\"contentUrl\":\"https:\/\/kuken.alfadyser.dev\/wp-content\/uploads\/8425160330835_01.jpg\",\"width\":2000,\"height\":2000},{\"@type\":\"BreadcrumbList\",\"@id\":\"https:\/\/kuken.alfadyser.dev\/producto\/molinillo-de-cafe-160w-plastico-kuken\/#breadcrumb\",\"itemListElement\":[{\"@type\":\"ListItem\",\"position\":1,\"name\":\"Portada\",\"item\":\"https:\/\/kuken.alfadyser.dev\/\"},{\"@type\":\"ListItem\",\"position\":2,\"name\":\"Productos\",\"item\":\"https:\/\/kuken.alfadyser.dev\/productos\/\"},{\"@type\":\"ListItem\",\"position\":3,\"name\":\"MOLINILLO DE CAF\u00c9 160W PLASTICO K\u00dcKEN\"}]},{\"@type\":\"WebSite\",\"@id\":\"https:\/\/kuken.alfadyser.dev\/#website\",\"url\":\"https:\/\/kuken.alfadyser.dev\/\",\"name\":\"K\u00fcken\",\"description\":\"Amplia gama de peque\u00f1o electrodom\u00e9stico k\u00fcken\",\"publisher\":{\"@id\":\"https:\/\/kuken.alfadyser.dev\/#organization\"},\"potentialAction\":[{\"@type\":\"SearchAction\",\"target\":{\"@type\":\"EntryPoint\",\"urlTemplate\":\"https:\/\/kuken.alfadyser.dev\/?s={search_term_string}\"},\"query-input\":{\"@type\":\"PropertyValueSpecification\",\"valueRequired\":true,\"valueName\":\"search_term_string\"}}],\"inLanguage\":\"pt-PT\"},{\"@type\":\"Organization\",\"@id\":\"https:\/\/kuken.alfadyser.dev\/#organization\",\"name\":\"Alfa Dyser\",\"url\":\"https:\/\/kuken.alfadyser.dev\/\",\"logo\":{\"@type\":\"ImageObject\",\"inLanguage\":\"pt-PT\",\"@id\":\"https:\/\/kuken.alfadyser.dev\/#\/schema\/logo\/image\/\",\"url\":\"https:\/\/kuken.alfadyser.dev\/wp-content\/uploads\/2019\/04\/kuken-logo.png\",\"contentUrl\":\"https:\/\/kuken.alfadyser.dev\/wp-content\/uploads\/2019\/04\/kuken-logo.png\",\"width\":500,\"height\":191,\"caption\":\"Alfa Dyser\"},\"image\":{\"@id\":\"https:\/\/kuken.alfadyser.dev\/#\/schema\/logo\/image\/\"},\"sameAs\":[\"https:\/\/es-es.facebook.com\/alfadyser\/\",\"https:\/\/www.instagram.com\/kuken_appliances\/\"]}]}<\/script>\n<meta property=\"product:price:currency\" content=\"EUR\" \/>\n<meta property=\"og:availability\" content=\"instock\" \/>\n<meta property=\"product:availability\" content=\"instock\" \/>\n<meta property=\"product:retailer_item_id\" content=\"33083\" \/>\n<meta property=\"product:condition\" content=\"new\" \/>\n<!-- \/ Yoast SEO Premium plugin. -->","yoast_head_json":{"title":"MOINHO DE CAF\u00c9 160W PL\u00c1STICO K\u00dcKEN - K\u00fcken","description":"Molinillo de caf\u00e9 160W K\u00fcken con doble cuchilla de acero, tapa transparente y capacidad de 50\u202fg. Ideal para caf\u00e9, frutos secos y semillas.","robots":{"index":"noindex","follow":"follow","max-snippet":"max-snippet:-1","max-image-preview":"max-image-preview:large","max-video-preview":"max-video-preview:-1"},"og_locale":"pt_PT","og_type":"article","og_title":"MOLINILLO DE CAF\u00c9 160W PLASTICO K\u00dcKEN","og_description":"Molinillo de caf\u00e9 160W K\u00fcken con doble cuchilla de acero, tapa transparente y capacidad de 50\u202fg. Ideal para caf\u00e9, frutos secos y semillas.","og_url":"https:\/\/kuken.alfadyser.dev\/pt\/produto\/moinho-de-cafe-de-plastico-kuken-160w\/","og_site_name":"K\u00fcken","article_publisher":"https:\/\/es-es.facebook.com\/alfadyser\/","article_modified_time":"2025-07-22T08:53:18+00:00","og_image":[{"width":2000,"height":2000,"url":"https:\/\/kuken.alfadyser.dev\/wp-content\/uploads\/8425160330835_01.jpg","type":"image\/jpeg"}],"twitter_card":"summary_large_image","twitter_misc":{"pre\u00e7o":"","Disponibilidade":"Em stock"},"schema":{"@context":"https:\/\/schema.org","@graph":[{"@type":"WebPage","@id":"https:\/\/kuken.alfadyser.dev\/producto\/molinillo-de-cafe-160w-plastico-kuken\/","url":"https:\/\/kuken.alfadyser.dev\/producto\/molinillo-de-cafe-160w-plastico-kuken\/","name":"MOINHO DE CAF\u00c9 160W PL\u00c1STICO K\u00dcKEN - K\u00fcken","isPartOf":{"@id":"https:\/\/kuken.alfadyser.dev\/#website"},"primaryImageOfPage":{"@id":"https:\/\/kuken.alfadyser.dev\/producto\/molinillo-de-cafe-160w-plastico-kuken\/#primaryimage"},"image":{"@id":"https:\/\/kuken.alfadyser.dev\/producto\/molinillo-de-cafe-160w-plastico-kuken\/#primaryimage"},"thumbnailUrl":"https:\/\/kuken.alfadyser.dev\/wp-content\/uploads\/8425160330835_01.jpg","datePublished":"2022-10-13T12:38:16+00:00","dateModified":"2025-07-22T08:53:18+00:00","description":"Molinillo de caf\u00e9 160W K\u00fcken con doble cuchilla de acero, tapa transparente y capacidad de 50\u202fg. Ideal para caf\u00e9, frutos secos y semillas.","breadcrumb":{"@id":"https:\/\/kuken.alfadyser.dev\/producto\/molinillo-de-cafe-160w-plastico-kuken\/#breadcrumb"},"inLanguage":"pt-PT","potentialAction":[{"@type":"ReadAction","target":["https:\/\/kuken.alfadyser.dev\/producto\/molinillo-de-cafe-160w-plastico-kuken\/"]}]},{"@type":"ImageObject","inLanguage":"pt-PT","@id":"https:\/\/kuken.alfadyser.dev\/producto\/molinillo-de-cafe-160w-plastico-kuken\/#primaryimage","url":"https:\/\/kuken.alfadyser.dev\/wp-content\/uploads\/8425160330835_01.jpg","contentUrl":"https:\/\/kuken.alfadyser.dev\/wp-content\/uploads\/8425160330835_01.jpg","width":2000,"height":2000},{"@type":"BreadcrumbList","@id":"https:\/\/kuken.alfadyser.dev\/producto\/molinillo-de-cafe-160w-plastico-kuken\/#breadcrumb","itemListElement":[{"@type":"ListItem","position":1,"name":"Portada","item":"https:\/\/kuken.alfadyser.dev\/"},{"@type":"ListItem","position":2,"name":"Productos","item":"https:\/\/kuken.alfadyser.dev\/productos\/"},{"@type":"ListItem","position":3,"name":"MOLINILLO DE CAF\u00c9 160W PLASTICO K\u00dcKEN"}]},{"@type":"WebSite","@id":"https:\/\/kuken.alfadyser.dev\/#website","url":"https:\/\/kuken.alfadyser.dev\/","name":"K\u00fcken","description":"Vasta gama de pequenos electrodom\u00e9sticos k\u00fcken","publisher":{"@id":"https:\/\/kuken.alfadyser.dev\/#organization"},"potentialAction":[{"@type":"SearchAction","target":{"@type":"EntryPoint","urlTemplate":"https:\/\/kuken.alfadyser.dev\/?s={search_term_string}"},"query-input":{"@type":"PropertyValueSpecification","valueRequired":true,"valueName":"search_term_string"}}],"inLanguage":"pt-PT"},{"@type":"Organization","@id":"https:\/\/kuken.alfadyser.dev\/#organization","name":"Alpha Dyser","url":"https:\/\/kuken.alfadyser.dev\/","logo":{"@type":"ImageObject","inLanguage":"pt-PT","@id":"https:\/\/kuken.alfadyser.dev\/#\/schema\/logo\/image\/","url":"https:\/\/kuken.alfadyser.dev\/wp-content\/uploads\/2019\/04\/kuken-logo.png","contentUrl":"https:\/\/kuken.alfadyser.dev\/wp-content\/uploads\/2019\/04\/kuken-logo.png","width":500,"height":191,"caption":"Alfa Dyser"},"image":{"@id":"https:\/\/kuken.alfadyser.dev\/#\/schema\/logo\/image\/"},"sameAs":["https:\/\/es-es.facebook.com\/alfadyser\/","https:\/\/www.instagram.com\/kuken_appliances\/"]}]},"product_price_currency":"EUR","og_availability":"instock","product_availability":"instock","product_retailer_item_id":"33083","product_condition":"new"},"_links":{"self":[{"href":"https:\/\/kuken.alfadyser.dev\/pt\/wp-json\/wp\/v2\/product\/9407","targetHints":{"allow":["GET"]}}],"collection":[{"href":"https:\/\/kuken.alfadyser.dev\/pt\/wp-json\/wp\/v2\/product"}],"about":[{"href":"https:\/\/kuken.alfadyser.dev\/pt\/wp-json\/wp\/v2\/types\/product"}],"wp:featuredmedia":[{"embeddable":true,"href":"https:\/\/kuken.alfadyser.dev\/pt\/wp-json\/wp\/v2\/media\/9412"}],"wp:attachment":[{"href":"https:\/\/kuken.alfadyser.dev\/pt\/wp-json\/wp\/v2\/media?parent=9407"}],"wp:term":[{"taxonomy":"product_brand","embeddable":true,"href":"https:\/\/kuken.alfadyser.dev\/pt\/wp-json\/wp\/v2\/product_brand?post=9407"},{"taxonomy":"product_cat","embeddable":true,"href":"https:\/\/kuken.alfadyser.dev\/pt\/wp-json\/wp\/v2\/product_cat?post=9407"},{"taxonomy":"product_tag","embeddable":true,"href":"https:\/\/kuken.alfadyser.dev\/pt\/wp-json\/wp\/v2\/product_tag?post=9407"}],"curies":[{"name":"wp","href":"https:\/\/api.w.org\/{rel}","templated":true}]}}