{"id":9400,"date":"2022-10-13T14:09:02","date_gmt":"2022-10-13T12:09:02","guid":{"rendered":"https:\/\/kuken.alfadyser.dev\/?post_type=product&#038;p=9400"},"modified":"2025-07-22T10:53:55","modified_gmt":"2025-07-22T08:53:55","slug":"molinillo-de-cafe-160w-inox-kuken","status":"publish","type":"product","link":"https:\/\/kuken.alfadyser.dev\/pt\/produto\/molinillo-de-cafe-160w-inox-kuken\/","title":{"rendered":"MOINHO DE CAF\u00c9 EM A\u00c7O INOXID\u00c1VEL K\u00dcKEN 160W"},"content":{"rendered":"<p>MOINHO DE CAF\u00c9 EM A\u00c7O INOXID\u00c1VEL K\u00dcKEN 160W<\/p>\n<ul data-start=\"922\" data-end=\"1605\">\n<li data-start=\"922\" data-end=\"996\">\n<p data-start=\"924\" data-end=\"996\">Muele granos de caf\u00e9, frutos secos y semillas, vers\u00e1til y potente.<\/p>\n<\/li>\n<li data-start=\"997\" data-end=\"1069\">\n<p data-start=\"999\" data-end=\"1069\">Cuerpo y cuchillas de acero inoxidable, resistentes y duraderos.<\/p>\n<\/li>\n<li data-start=\"1070\" data-end=\"1143\">\n<p data-start=\"1072\" data-end=\"1143\">Dep\u00f3sito interior con capacidad para 50\u202fg, ideal para uso diario.<\/p>\n<\/li>\n<li data-start=\"1144\" data-end=\"1211\">\n<p data-start=\"1146\" data-end=\"1211\">Pulsador frontal ON\/OFF de gran tama\u00f1o, c\u00f3modo y accesible.<\/p>\n<\/li>\n<li data-start=\"1212\" data-end=\"1279\">\n<p data-start=\"1214\" data-end=\"1279\">Tapa con visor transparente, permite controlar la molienda.<\/p>\n<\/li>\n<li data-start=\"1280\" data-end=\"1358\">\n<p data-start=\"1282\" data-end=\"1358\">Dise\u00f1o compacto y elegante, se integra f\u00e1cilmente en cualquier cocina.<\/p>\n<\/li>\n<li data-start=\"1359\" data-end=\"1426\">\n<p data-start=\"1361\" data-end=\"1426\">Base con hueco para enrollar el cable, orden y practicidad.<\/p>\n<\/li>\n<li data-start=\"1427\" data-end=\"1489\">\n<p data-start=\"1429\" data-end=\"1489\">F\u00e1cil de usar y de limpiar, pensado para el d\u00eda a d\u00eda.<\/p>\n<\/li>\n<li data-start=\"1490\" data-end=\"1543\">\n<p data-start=\"1492\" data-end=\"1543\">Medidas: \u00f8100 x 185 mm, peso: 665 gramos.<\/p>\n<\/li>\n<li data-start=\"1544\" data-end=\"1605\">\n<p data-start=\"1546\" data-end=\"1605\">Modelo robusto y funcional, con acabados profesionales.<\/p>\n<\/li>\n<\/ul>\n<p><div class=\"accordion\"><div class=\"mfn-acc accordion_wrapper  toggle\"><div class=\"question\"><div class=\"title\"><i class=\"icon-plus acc-icon-plus\" aria-hidden=\"true\"><\/i><i class=\"icon-minus acc-icon-minus\" aria-hidden=\"true\"><\/i>Dados do produto<\/div><div class=\"answer\">EAN 8425160300296<\/p>\n<p>MOINHO DE CAF\u00c9 EM A\u00c7O INOXID\u00c1VEL K\u00dcKEN 160W<\/p>\n<p>Unidade de embalagem 1<br \/>\nCor a\u00e7o inoxid\u00e1vel<br \/>\nEmbalagem Caixa colorida<br \/>\nPot\u00eancia 160 W<br \/>\nTens\u00e3o 230 V<br \/>\nMaterial A\u00e7o inoxid\u00e1vel<br \/>\nVelocidades 1<br \/>\nP\u00e9s antiderrapantes Sim<br \/>\nDi\u00e1metro 100 mm<br \/>\nPeso 0,65 kg<\/div><\/div>\n<\/div><\/div>\n<br \/>\n<div class=\"accordion\"><div class=\"mfn-acc accordion_wrapper  toggle\"><div class=\"question\"><div class=\"title\"><i class=\"icon-plus acc-icon-plus\" aria-hidden=\"true\"><\/i><i class=\"icon-minus acc-icon-minus\" aria-hidden=\"true\"><\/i>Acess\u00f3rios<\/div><div class=\"answer\"><\/div><\/div>\n<\/div><\/div>\n<\/p>\n<div class=\"descargas-producto\"><a href=\"https:\/\/kuken.alfadyser.dev\/wp-content\/uploads\/8425160300296_ficha_tecnica.pdf\" target=\"_blank\" rel=\"noopener noreferrer\"><br \/>\n<img loading=\"lazy\" decoding=\"async\" src=\"\/wp-content\/uploads\/2019\/12\/picto-descarrega.png\" alt=\"descarregar ficha de dados\" width=\"23\" height=\"16\" \/>Descarregar ficha<\/a><br \/>\n<a href=\"https:\/\/kuken.alfadyser.dev\/wp-content\/uploads\/33719_instrucciones_compressed.pdf\"><img loading=\"lazy\" decoding=\"async\" src=\"\/wp-content\/uploads\/2019\/12\/picto-descarrega.png\" alt=\"descarregar manual de instru\u00e7\u00f5es\" width=\"23\" height=\"16\" \/>Descarregar o manual<\/a><\/div>\n<div><\/div>\n<div><span style=\"color: #bf2121\">Siga-nos nas redes sociais!<\/span><\/div>\n<div><a href=\"https:\/\/www.instagram.com\/kuken_appliances\/\">https:\/\/www.instagram.com\/kuken_appliances\/<\/a><\/div>\n<p><iframe loading=\"lazy\" title=\"Molinillo de caf\u00e9 150w inox k\u00fcken\" width=\"560\" height=\"315\" src=\"https:\/\/www.youtube.com\/embed\/WHMIXQWrjDw?feature=oembed\" frameborder=\"0\" allow=\"accelerometer; autoplay; clipboard-write; encrypted-media; gyroscope; picture-in-picture; web-share\" referrerpolicy=\"strict-origin-when-cross-origin\" allowfullscreen><\/iframe><\/p>","protected":false},"excerpt":{"rendered":"<p data-start=\"594\" data-end=\"750\">Dise\u00f1o compacto y rendimiento profesional. Este molinillo de acero inoxidable es ideal para moler caf\u00e9, semillas o frutos secos de forma pr\u00e1ctica y precisa.<\/p>\n<blockquote data-start=\"752\" data-end=\"854\">\n<p data-start=\"754\" data-end=\"854\">\n<\/blockquote>","protected":false},"featured_media":9405,"template":"","meta":[],"product_brand":[],"product_cat":[200],"product_tag":[],"class_list":{"0":"post-9400","1":"product","2":"type-product","3":"status-publish","4":"has-post-thumbnail","6":"product_cat-cafeteras-molinillos","8":"first","9":"instock","10":"product-type-simple"},"yoast_head":"<!-- This site is optimized with the Yoast SEO Premium plugin v24.0 (Yoast SEO v26.5) - https:\/\/yoast.com\/wordpress\/plugins\/seo\/ -->\n<title>MOLINILLO DE CAF\u00c9 160W INOX K\u00dcKEN - K\u00fcken<\/title>\n<meta name=\"description\" content=\"Molinillo de caf\u00e9 160W inox K\u00fcken con cuchillas de acero, visor transparente, dep\u00f3sito de 50g y base para enrollar cable. Compacto, elegante y potente.\" \/>\n<meta name=\"robots\" content=\"noindex, follow, max-snippet:-1, max-image-preview:large, max-video-preview:-1\" \/>\n<meta property=\"og:locale\" content=\"pt_PT\" \/>\n<meta property=\"og:type\" content=\"article\" \/>\n<meta property=\"og:title\" content=\"MOLINILLO DE CAF\u00c9 160W INOX K\u00dcKEN\" \/>\n<meta property=\"og:description\" content=\"Molinillo de caf\u00e9 160W inox K\u00fcken con cuchillas de acero, visor transparente, dep\u00f3sito de 50g y base para enrollar cable. Compacto, elegante y potente.\" \/>\n<meta property=\"og:url\" content=\"https:\/\/kuken.alfadyser.dev\/pt\/produto\/molinillo-de-cafe-160w-inox-kuken\/\" \/>\n<meta property=\"og:site_name\" content=\"K\u00fcken\" \/>\n<meta property=\"article:publisher\" content=\"https:\/\/es-es.facebook.com\/alfadyser\/\" \/>\n<meta property=\"article:modified_time\" content=\"2025-07-22T08:53:55+00:00\" \/>\n<meta property=\"og:image\" content=\"https:\/\/kuken.alfadyser.dev\/wp-content\/uploads\/8425160300296_01.jpg\" \/>\n\t<meta property=\"og:image:width\" content=\"2000\" \/>\n\t<meta property=\"og:image:height\" content=\"2000\" \/>\n\t<meta property=\"og:image:type\" content=\"image\/jpeg\" \/>\n<meta name=\"twitter:card\" content=\"summary_large_image\" \/>\n<meta name=\"twitter:label1\" content=\"pre\u00e7o\" \/>\n\t<meta name=\"twitter:data1\" content=\"\" \/>\n\t<meta name=\"twitter:label2\" content=\"Disponibilidade\" \/>\n\t<meta name=\"twitter:data2\" content=\"Em stock\" \/>\n<script type=\"application\/ld+json\" class=\"yoast-schema-graph\">{\"@context\":\"https:\/\/schema.org\",\"@graph\":[{\"@type\":\"WebPage\",\"@id\":\"https:\/\/kuken.alfadyser.dev\/producto\/molinillo-de-cafe-160w-inox-kuken\/\",\"url\":\"https:\/\/kuken.alfadyser.dev\/producto\/molinillo-de-cafe-160w-inox-kuken\/\",\"name\":\"MOLINILLO DE CAF\u00c9 160W INOX K\u00dcKEN - K\u00fcken\",\"isPartOf\":{\"@id\":\"https:\/\/kuken.alfadyser.dev\/#website\"},\"primaryImageOfPage\":{\"@id\":\"https:\/\/kuken.alfadyser.dev\/producto\/molinillo-de-cafe-160w-inox-kuken\/#primaryimage\"},\"image\":{\"@id\":\"https:\/\/kuken.alfadyser.dev\/producto\/molinillo-de-cafe-160w-inox-kuken\/#primaryimage\"},\"thumbnailUrl\":\"https:\/\/kuken.alfadyser.dev\/wp-content\/uploads\/8425160300296_01.jpg\",\"datePublished\":\"2022-10-13T12:09:02+00:00\",\"dateModified\":\"2025-07-22T08:53:55+00:00\",\"description\":\"Molinillo de caf\u00e9 160W inox K\u00fcken con cuchillas de acero, visor transparente, dep\u00f3sito de 50g y base para enrollar cable. Compacto, elegante y potente.\",\"breadcrumb\":{\"@id\":\"https:\/\/kuken.alfadyser.dev\/producto\/molinillo-de-cafe-160w-inox-kuken\/#breadcrumb\"},\"inLanguage\":\"pt-PT\",\"potentialAction\":[{\"@type\":\"ReadAction\",\"target\":[\"https:\/\/kuken.alfadyser.dev\/producto\/molinillo-de-cafe-160w-inox-kuken\/\"]}]},{\"@type\":\"ImageObject\",\"inLanguage\":\"pt-PT\",\"@id\":\"https:\/\/kuken.alfadyser.dev\/producto\/molinillo-de-cafe-160w-inox-kuken\/#primaryimage\",\"url\":\"https:\/\/kuken.alfadyser.dev\/wp-content\/uploads\/8425160300296_01.jpg\",\"contentUrl\":\"https:\/\/kuken.alfadyser.dev\/wp-content\/uploads\/8425160300296_01.jpg\",\"width\":2000,\"height\":2000},{\"@type\":\"BreadcrumbList\",\"@id\":\"https:\/\/kuken.alfadyser.dev\/producto\/molinillo-de-cafe-160w-inox-kuken\/#breadcrumb\",\"itemListElement\":[{\"@type\":\"ListItem\",\"position\":1,\"name\":\"Portada\",\"item\":\"https:\/\/kuken.alfadyser.dev\/\"},{\"@type\":\"ListItem\",\"position\":2,\"name\":\"Productos\",\"item\":\"https:\/\/kuken.alfadyser.dev\/productos\/\"},{\"@type\":\"ListItem\",\"position\":3,\"name\":\"MOLINILLO DE CAF\u00c9 160W INOX K\u00dcKEN\"}]},{\"@type\":\"WebSite\",\"@id\":\"https:\/\/kuken.alfadyser.dev\/#website\",\"url\":\"https:\/\/kuken.alfadyser.dev\/\",\"name\":\"K\u00fcken\",\"description\":\"Amplia gama de peque\u00f1o electrodom\u00e9stico k\u00fcken\",\"publisher\":{\"@id\":\"https:\/\/kuken.alfadyser.dev\/#organization\"},\"potentialAction\":[{\"@type\":\"SearchAction\",\"target\":{\"@type\":\"EntryPoint\",\"urlTemplate\":\"https:\/\/kuken.alfadyser.dev\/?s={search_term_string}\"},\"query-input\":{\"@type\":\"PropertyValueSpecification\",\"valueRequired\":true,\"valueName\":\"search_term_string\"}}],\"inLanguage\":\"pt-PT\"},{\"@type\":\"Organization\",\"@id\":\"https:\/\/kuken.alfadyser.dev\/#organization\",\"name\":\"Alfa Dyser\",\"url\":\"https:\/\/kuken.alfadyser.dev\/\",\"logo\":{\"@type\":\"ImageObject\",\"inLanguage\":\"pt-PT\",\"@id\":\"https:\/\/kuken.alfadyser.dev\/#\/schema\/logo\/image\/\",\"url\":\"https:\/\/kuken.alfadyser.dev\/wp-content\/uploads\/2019\/04\/kuken-logo.png\",\"contentUrl\":\"https:\/\/kuken.alfadyser.dev\/wp-content\/uploads\/2019\/04\/kuken-logo.png\",\"width\":500,\"height\":191,\"caption\":\"Alfa Dyser\"},\"image\":{\"@id\":\"https:\/\/kuken.alfadyser.dev\/#\/schema\/logo\/image\/\"},\"sameAs\":[\"https:\/\/es-es.facebook.com\/alfadyser\/\",\"https:\/\/www.instagram.com\/kuken_appliances\/\"]}]}<\/script>\n<meta property=\"product:price:currency\" content=\"EUR\" \/>\n<meta property=\"og:availability\" content=\"instock\" \/>\n<meta property=\"product:availability\" content=\"instock\" \/>\n<meta property=\"product:retailer_item_id\" content=\"30029\" \/>\n<meta property=\"product:condition\" content=\"new\" \/>\n<!-- \/ Yoast SEO Premium plugin. -->","yoast_head_json":{"title":"MOLINILLO DE CAF\u00c9 160W INOX K\u00dcKEN - K\u00fcken","description":"Molinillo de caf\u00e9 160W inox K\u00fcken con cuchillas de acero, visor transparente, dep\u00f3sito de 50g y base para enrollar cable. Compacto, elegante y potente.","robots":{"index":"noindex","follow":"follow","max-snippet":"max-snippet:-1","max-image-preview":"max-image-preview:large","max-video-preview":"max-video-preview:-1"},"og_locale":"pt_PT","og_type":"article","og_title":"MOLINILLO DE CAF\u00c9 160W INOX K\u00dcKEN","og_description":"Molinillo de caf\u00e9 160W inox K\u00fcken con cuchillas de acero, visor transparente, dep\u00f3sito de 50g y base para enrollar cable. Compacto, elegante y potente.","og_url":"https:\/\/kuken.alfadyser.dev\/pt\/produto\/molinillo-de-cafe-160w-inox-kuken\/","og_site_name":"K\u00fcken","article_publisher":"https:\/\/es-es.facebook.com\/alfadyser\/","article_modified_time":"2025-07-22T08:53:55+00:00","og_image":[{"width":2000,"height":2000,"url":"https:\/\/kuken.alfadyser.dev\/wp-content\/uploads\/8425160300296_01.jpg","type":"image\/jpeg"}],"twitter_card":"summary_large_image","twitter_misc":{"pre\u00e7o":"","Disponibilidade":"Em stock"},"schema":{"@context":"https:\/\/schema.org","@graph":[{"@type":"WebPage","@id":"https:\/\/kuken.alfadyser.dev\/producto\/molinillo-de-cafe-160w-inox-kuken\/","url":"https:\/\/kuken.alfadyser.dev\/producto\/molinillo-de-cafe-160w-inox-kuken\/","name":"MOLINILLO DE CAF\u00c9 160W INOX K\u00dcKEN - K\u00fcken","isPartOf":{"@id":"https:\/\/kuken.alfadyser.dev\/#website"},"primaryImageOfPage":{"@id":"https:\/\/kuken.alfadyser.dev\/producto\/molinillo-de-cafe-160w-inox-kuken\/#primaryimage"},"image":{"@id":"https:\/\/kuken.alfadyser.dev\/producto\/molinillo-de-cafe-160w-inox-kuken\/#primaryimage"},"thumbnailUrl":"https:\/\/kuken.alfadyser.dev\/wp-content\/uploads\/8425160300296_01.jpg","datePublished":"2022-10-13T12:09:02+00:00","dateModified":"2025-07-22T08:53:55+00:00","description":"Molinillo de caf\u00e9 160W inox K\u00fcken con cuchillas de acero, visor transparente, dep\u00f3sito de 50g y base para enrollar cable. Compacto, elegante y potente.","breadcrumb":{"@id":"https:\/\/kuken.alfadyser.dev\/producto\/molinillo-de-cafe-160w-inox-kuken\/#breadcrumb"},"inLanguage":"pt-PT","potentialAction":[{"@type":"ReadAction","target":["https:\/\/kuken.alfadyser.dev\/producto\/molinillo-de-cafe-160w-inox-kuken\/"]}]},{"@type":"ImageObject","inLanguage":"pt-PT","@id":"https:\/\/kuken.alfadyser.dev\/producto\/molinillo-de-cafe-160w-inox-kuken\/#primaryimage","url":"https:\/\/kuken.alfadyser.dev\/wp-content\/uploads\/8425160300296_01.jpg","contentUrl":"https:\/\/kuken.alfadyser.dev\/wp-content\/uploads\/8425160300296_01.jpg","width":2000,"height":2000},{"@type":"BreadcrumbList","@id":"https:\/\/kuken.alfadyser.dev\/producto\/molinillo-de-cafe-160w-inox-kuken\/#breadcrumb","itemListElement":[{"@type":"ListItem","position":1,"name":"Portada","item":"https:\/\/kuken.alfadyser.dev\/"},{"@type":"ListItem","position":2,"name":"Productos","item":"https:\/\/kuken.alfadyser.dev\/productos\/"},{"@type":"ListItem","position":3,"name":"MOLINILLO DE CAF\u00c9 160W INOX K\u00dcKEN"}]},{"@type":"WebSite","@id":"https:\/\/kuken.alfadyser.dev\/#website","url":"https:\/\/kuken.alfadyser.dev\/","name":"K\u00fcken","description":"Vasta gama de pequenos electrodom\u00e9sticos k\u00fcken","publisher":{"@id":"https:\/\/kuken.alfadyser.dev\/#organization"},"potentialAction":[{"@type":"SearchAction","target":{"@type":"EntryPoint","urlTemplate":"https:\/\/kuken.alfadyser.dev\/?s={search_term_string}"},"query-input":{"@type":"PropertyValueSpecification","valueRequired":true,"valueName":"search_term_string"}}],"inLanguage":"pt-PT"},{"@type":"Organization","@id":"https:\/\/kuken.alfadyser.dev\/#organization","name":"Alpha Dyser","url":"https:\/\/kuken.alfadyser.dev\/","logo":{"@type":"ImageObject","inLanguage":"pt-PT","@id":"https:\/\/kuken.alfadyser.dev\/#\/schema\/logo\/image\/","url":"https:\/\/kuken.alfadyser.dev\/wp-content\/uploads\/2019\/04\/kuken-logo.png","contentUrl":"https:\/\/kuken.alfadyser.dev\/wp-content\/uploads\/2019\/04\/kuken-logo.png","width":500,"height":191,"caption":"Alfa Dyser"},"image":{"@id":"https:\/\/kuken.alfadyser.dev\/#\/schema\/logo\/image\/"},"sameAs":["https:\/\/es-es.facebook.com\/alfadyser\/","https:\/\/www.instagram.com\/kuken_appliances\/"]}]},"product_price_currency":"EUR","og_availability":"instock","product_availability":"instock","product_retailer_item_id":"30029","product_condition":"new"},"_links":{"self":[{"href":"https:\/\/kuken.alfadyser.dev\/pt\/wp-json\/wp\/v2\/product\/9400","targetHints":{"allow":["GET"]}}],"collection":[{"href":"https:\/\/kuken.alfadyser.dev\/pt\/wp-json\/wp\/v2\/product"}],"about":[{"href":"https:\/\/kuken.alfadyser.dev\/pt\/wp-json\/wp\/v2\/types\/product"}],"wp:featuredmedia":[{"embeddable":true,"href":"https:\/\/kuken.alfadyser.dev\/pt\/wp-json\/wp\/v2\/media\/9405"}],"wp:attachment":[{"href":"https:\/\/kuken.alfadyser.dev\/pt\/wp-json\/wp\/v2\/media?parent=9400"}],"wp:term":[{"taxonomy":"product_brand","embeddable":true,"href":"https:\/\/kuken.alfadyser.dev\/pt\/wp-json\/wp\/v2\/product_brand?post=9400"},{"taxonomy":"product_cat","embeddable":true,"href":"https:\/\/kuken.alfadyser.dev\/pt\/wp-json\/wp\/v2\/product_cat?post=9400"},{"taxonomy":"product_tag","embeddable":true,"href":"https:\/\/kuken.alfadyser.dev\/pt\/wp-json\/wp\/v2\/product_tag?post=9400"}],"curies":[{"name":"wp","href":"https:\/\/api.w.org\/{rel}","templated":true}]}}