{"id":9366,"date":"2022-10-13T12:12:26","date_gmt":"2022-10-13T10:12:26","guid":{"rendered":"https:\/\/kuken.alfadyser.dev\/?post_type=product&#038;p=9366"},"modified":"2025-07-22T10:54:52","modified_gmt":"2025-07-22T08:54:52","slug":"exprimidor-naranjas-con-brazo-650w-kuken-red","status":"publish","type":"product","link":"https:\/\/kuken.alfadyser.dev\/pt\/produto\/exprimidor-naranjas-con-brazo-650w-kuken-red\/","title":{"rendered":"ESPREMEDOR DE LARANJA COM BRA\u00c7O 650W KUKEN VERMELHO"},"content":{"rendered":"<p>ESPREMEDOR DE LARANJA COM BRA\u00c7O 650W KUKEN VERMELHO<\/p>\n<ul data-start=\"917\" data-end=\"1694\">\n<li data-start=\"917\" data-end=\"979\">\n<p data-start=\"919\" data-end=\"979\">Motor de 650W, eficiente y potente para uso frecuente.<\/p>\n<\/li>\n<li data-start=\"980\" data-end=\"1040\">\n<p data-start=\"982\" data-end=\"1040\">Brazo de presi\u00f3n en color rojo, c\u00f3modo y ergon\u00f3mico.<\/p>\n<\/li>\n<li data-start=\"1041\" data-end=\"1127\">\n<p data-start=\"1043\" data-end=\"1127\">Conos desmontables de pl\u00e1stico y acero, aptos para c\u00edtricos de varios tama\u00f1os.<\/p>\n<\/li>\n<li data-start=\"1128\" data-end=\"1194\">\n<p data-start=\"1130\" data-end=\"1194\">Filtro de acero inoxidable, resistente y f\u00e1cil de limpiar.<\/p>\n<\/li>\n<li data-start=\"1195\" data-end=\"1279\">\n<p data-start=\"1197\" data-end=\"1279\">Sistema de extracci\u00f3n continua, ideal para preparar zumo sin interrupciones.<\/p>\n<\/li>\n<li data-start=\"1280\" data-end=\"1343\">\n<p data-start=\"1282\" data-end=\"1343\">Boquilla antigoteo en acero inoxidable, evita derrames.<\/p>\n<\/li>\n<li data-start=\"1344\" data-end=\"1410\">\n<p data-start=\"1346\" data-end=\"1410\">Encendido autom\u00e1tico, al presionar la fruta sobre el cono.<\/p>\n<\/li>\n<li data-start=\"1411\" data-end=\"1467\">\n<p data-start=\"1413\" data-end=\"1467\">Piezas desmontables, limpieza sencilla y r\u00e1pida.<\/p>\n<\/li>\n<li data-start=\"1468\" data-end=\"1536\">\n<p data-start=\"1470\" data-end=\"1536\">Base con patas antideslizantes, mayor estabilidad en el uso.<\/p>\n<\/li>\n<li data-start=\"1537\" data-end=\"1613\">\n<p data-start=\"1539\" data-end=\"1613\">Cuerpo de acero inox y PC, con elegante combinaci\u00f3n en negro y rojo.<\/p>\n<\/li>\n<li data-start=\"1614\" data-end=\"1694\">\n<p data-start=\"1616\" data-end=\"1694\">Dise\u00f1o robusto y atractivo, ideal para cocina dom\u00e9stica o semiprofesional.<\/p>\n<\/li>\n<\/ul>\n<p><div class=\"accordion\"><div class=\"mfn-acc accordion_wrapper  toggle\"><div class=\"question\"><div class=\"title\"><i class=\"icon-plus acc-icon-plus\" aria-hidden=\"true\"><\/i><i class=\"icon-minus acc-icon-minus\" aria-hidden=\"true\"><\/i>Dados do produto<\/div><div class=\"answer\">EAN: <span class=\"data\">8425160381103<\/span><\/p>\n<p>ESPREMEDOR DE LARANJA COM BRA\u00c7O 650W KUKEN VERMELHO<\/p>\n<p>Color: Rojo\/inox<br \/>\nEmbalagem: Caixa colorida<br \/>\nPotencia: 650 W<br \/>\nTens\u00e3o: 230 V<br \/>\nMaterial: Acero inoxidable \/ PC<br \/>\nBase antiderrapante: Sim<br \/>\nDestac\u00e1vel: Sim<br \/>\n<\/div><\/div>\n<\/div><\/div>\n<br \/>\n<div class=\"accordion\"><div class=\"mfn-acc accordion_wrapper  toggle\"><div class=\"question\"><div class=\"title\"><i class=\"icon-plus acc-icon-plus\" aria-hidden=\"true\"><\/i><i class=\"icon-minus acc-icon-minus\" aria-hidden=\"true\"><\/i>Acess\u00f3rios<\/div><div class=\"answer\"><\/div><\/div>\n<\/div><\/div>\n<\/p>\n<div class=\"descargas-producto\"><img loading=\"lazy\" decoding=\"async\" src=\"\/wp-content\/uploads\/2019\/12\/picto-descarrega.png\" alt=\"descarregar ficha de dados\" width=\"23\" height=\"16\" \/><a href=\"https:\/\/kuken.alfadyser.dev\/wp-content\/uploads\/8425160381103_ficha_tecnica.pdf\">Descarregar ficha<\/a><br \/>\n<a href=\"https:\/\/kuken.alfadyser.dev\/wp-content\/uploads\/38110_instrucciones_compressed.pdf\"><img loading=\"lazy\" decoding=\"async\" src=\"\/wp-content\/uploads\/2019\/12\/picto-descarrega.png\" alt=\"descarregar manual de instru\u00e7\u00f5es\" width=\"23\" height=\"16\" \/>Descarregar o manual<\/a><\/div>\n<div><\/div>\n<div><span style=\"color: #bf2121\">Siga-nos nas redes sociais!<\/span><\/div>\n<div><a href=\"https:\/\/www.instagram.com\/kuken_appliances\/\">https:\/\/www.instagram.com\/kuken_appliances\/<\/a><\/div>\n<p><iframe loading=\"lazy\" title=\"Exprimidor naranjas kuken 650w con brazo Red\" width=\"560\" height=\"315\" src=\"https:\/\/www.youtube.com\/embed\/319yWhEi92I?feature=oembed\" frameborder=\"0\" allow=\"accelerometer; autoplay; clipboard-write; encrypted-media; gyroscope; picture-in-picture; web-share\" referrerpolicy=\"strict-origin-when-cross-origin\" allowfullscreen><\/iframe><\/p>","protected":false},"excerpt":{"rendered":"<p data-start=\"579\" data-end=\"726\">Potencia y dise\u00f1o en rojo. Este exprimidor con brazo permite extraer zumo r\u00e1pidamente con m\u00ednima presi\u00f3n, sin salpicaduras y con limpieza pr\u00e1ctica.<\/p>\n<blockquote data-start=\"728\" data-end=\"849\">\n<p data-start=\"730\" data-end=\"849\">\n<\/blockquote>","protected":false},"featured_media":9371,"template":"","meta":[],"product_brand":[],"product_cat":[205],"product_tag":[],"class_list":{"0":"post-9366","1":"product","2":"type-product","3":"status-publish","4":"has-post-thumbnail","6":"product_cat-exprimidores","8":"first","9":"instock","10":"product-type-simple"},"yoast_head":"<!-- This site is optimized with the Yoast SEO Premium plugin v24.0 (Yoast SEO v26.5) - https:\/\/yoast.com\/wordpress\/plugins\/seo\/ -->\n<title>EXPRIMIDOR NARANJAS CON BRAZO 650W KUKEN RED - K\u00fcken<\/title>\n<meta name=\"description\" content=\"Exprimidor de naranjas con brazo 650w k\u00fcken Red, gracias a su dise\u00f1o con brazo podr\u00e1s preparar tus zumos con el m\u00ednimo esfuerzo. Desc\u00fabrelo aqu\u00ed.\" \/>\n<meta name=\"robots\" content=\"noindex, follow, max-snippet:-1, max-image-preview:large, max-video-preview:-1\" \/>\n<meta property=\"og:locale\" content=\"pt_PT\" \/>\n<meta property=\"og:type\" content=\"article\" \/>\n<meta property=\"og:title\" content=\"EXPRIMIDOR NARANJAS CON BRAZO 650W KUKEN RED\" \/>\n<meta property=\"og:description\" content=\"Exprimidor de naranjas con brazo 650w k\u00fcken Red, gracias a su dise\u00f1o con brazo podr\u00e1s preparar tus zumos con el m\u00ednimo esfuerzo. Desc\u00fabrelo aqu\u00ed.\" \/>\n<meta property=\"og:url\" content=\"https:\/\/kuken.alfadyser.dev\/pt\/produto\/exprimidor-naranjas-con-brazo-650w-kuken-red\/\" \/>\n<meta property=\"og:site_name\" content=\"K\u00fcken\" \/>\n<meta property=\"article:publisher\" content=\"https:\/\/es-es.facebook.com\/alfadyser\/\" \/>\n<meta property=\"article:modified_time\" content=\"2025-07-22T08:54:52+00:00\" \/>\n<meta property=\"og:image\" content=\"https:\/\/kuken.alfadyser.dev\/wp-content\/uploads\/8425160381103_01_3.jpg\" \/>\n\t<meta property=\"og:image:width\" content=\"2000\" \/>\n\t<meta property=\"og:image:height\" content=\"2000\" \/>\n\t<meta property=\"og:image:type\" content=\"image\/jpeg\" \/>\n<meta name=\"twitter:card\" content=\"summary_large_image\" \/>\n<meta name=\"twitter:label1\" content=\"pre\u00e7o\" \/>\n\t<meta name=\"twitter:data1\" content=\"\" \/>\n\t<meta name=\"twitter:label2\" content=\"Disponibilidade\" \/>\n\t<meta name=\"twitter:data2\" content=\"Em stock\" \/>\n<script type=\"application\/ld+json\" class=\"yoast-schema-graph\">{\"@context\":\"https:\/\/schema.org\",\"@graph\":[{\"@type\":\"WebPage\",\"@id\":\"https:\/\/kuken.alfadyser.dev\/producto\/exprimidor-naranjas-con-brazo-650w-kuken-red\/\",\"url\":\"https:\/\/kuken.alfadyser.dev\/producto\/exprimidor-naranjas-con-brazo-650w-kuken-red\/\",\"name\":\"EXPRIMIDOR NARANJAS CON BRAZO 650W KUKEN RED - K\u00fcken\",\"isPartOf\":{\"@id\":\"https:\/\/kuken.alfadyser.dev\/#website\"},\"primaryImageOfPage\":{\"@id\":\"https:\/\/kuken.alfadyser.dev\/producto\/exprimidor-naranjas-con-brazo-650w-kuken-red\/#primaryimage\"},\"image\":{\"@id\":\"https:\/\/kuken.alfadyser.dev\/producto\/exprimidor-naranjas-con-brazo-650w-kuken-red\/#primaryimage\"},\"thumbnailUrl\":\"https:\/\/kuken.alfadyser.dev\/wp-content\/uploads\/8425160381103_01_3.jpg\",\"datePublished\":\"2022-10-13T10:12:26+00:00\",\"dateModified\":\"2025-07-22T08:54:52+00:00\",\"description\":\"Exprimidor de naranjas con brazo 650w k\u00fcken Red, gracias a su dise\u00f1o con brazo podr\u00e1s preparar tus zumos con el m\u00ednimo esfuerzo. Desc\u00fabrelo aqu\u00ed.\",\"breadcrumb\":{\"@id\":\"https:\/\/kuken.alfadyser.dev\/producto\/exprimidor-naranjas-con-brazo-650w-kuken-red\/#breadcrumb\"},\"inLanguage\":\"pt-PT\",\"potentialAction\":[{\"@type\":\"ReadAction\",\"target\":[\"https:\/\/kuken.alfadyser.dev\/producto\/exprimidor-naranjas-con-brazo-650w-kuken-red\/\"]}]},{\"@type\":\"ImageObject\",\"inLanguage\":\"pt-PT\",\"@id\":\"https:\/\/kuken.alfadyser.dev\/producto\/exprimidor-naranjas-con-brazo-650w-kuken-red\/#primaryimage\",\"url\":\"https:\/\/kuken.alfadyser.dev\/wp-content\/uploads\/8425160381103_01_3.jpg\",\"contentUrl\":\"https:\/\/kuken.alfadyser.dev\/wp-content\/uploads\/8425160381103_01_3.jpg\",\"width\":2000,\"height\":2000},{\"@type\":\"BreadcrumbList\",\"@id\":\"https:\/\/kuken.alfadyser.dev\/producto\/exprimidor-naranjas-con-brazo-650w-kuken-red\/#breadcrumb\",\"itemListElement\":[{\"@type\":\"ListItem\",\"position\":1,\"name\":\"Portada\",\"item\":\"https:\/\/kuken.alfadyser.dev\/\"},{\"@type\":\"ListItem\",\"position\":2,\"name\":\"Productos\",\"item\":\"https:\/\/kuken.alfadyser.dev\/productos\/\"},{\"@type\":\"ListItem\",\"position\":3,\"name\":\"EXPRIMIDOR NARANJAS CON BRAZO 650W KUKEN RED\"}]},{\"@type\":\"WebSite\",\"@id\":\"https:\/\/kuken.alfadyser.dev\/#website\",\"url\":\"https:\/\/kuken.alfadyser.dev\/\",\"name\":\"K\u00fcken\",\"description\":\"Amplia gama de peque\u00f1o electrodom\u00e9stico k\u00fcken\",\"publisher\":{\"@id\":\"https:\/\/kuken.alfadyser.dev\/#organization\"},\"potentialAction\":[{\"@type\":\"SearchAction\",\"target\":{\"@type\":\"EntryPoint\",\"urlTemplate\":\"https:\/\/kuken.alfadyser.dev\/?s={search_term_string}\"},\"query-input\":{\"@type\":\"PropertyValueSpecification\",\"valueRequired\":true,\"valueName\":\"search_term_string\"}}],\"inLanguage\":\"pt-PT\"},{\"@type\":\"Organization\",\"@id\":\"https:\/\/kuken.alfadyser.dev\/#organization\",\"name\":\"Alfa Dyser\",\"url\":\"https:\/\/kuken.alfadyser.dev\/\",\"logo\":{\"@type\":\"ImageObject\",\"inLanguage\":\"pt-PT\",\"@id\":\"https:\/\/kuken.alfadyser.dev\/#\/schema\/logo\/image\/\",\"url\":\"https:\/\/kuken.alfadyser.dev\/wp-content\/uploads\/2019\/04\/kuken-logo.png\",\"contentUrl\":\"https:\/\/kuken.alfadyser.dev\/wp-content\/uploads\/2019\/04\/kuken-logo.png\",\"width\":500,\"height\":191,\"caption\":\"Alfa Dyser\"},\"image\":{\"@id\":\"https:\/\/kuken.alfadyser.dev\/#\/schema\/logo\/image\/\"},\"sameAs\":[\"https:\/\/es-es.facebook.com\/alfadyser\/\",\"https:\/\/www.instagram.com\/kuken_appliances\/\"]}]}<\/script>\n<meta property=\"product:price:currency\" content=\"EUR\" \/>\n<meta property=\"og:availability\" content=\"instock\" \/>\n<meta property=\"product:availability\" content=\"instock\" \/>\n<meta property=\"product:retailer_item_id\" content=\"38110\" \/>\n<meta property=\"product:condition\" content=\"new\" \/>\n<!-- \/ Yoast SEO Premium plugin. -->","yoast_head_json":{"title":"EXPRIMIDOR NARANJAS CON BRAZO 650W KUKEN RED - K\u00fcken","description":"Exprimidor de naranjas con brazo 650w k\u00fcken Red, gracias a su dise\u00f1o con brazo podr\u00e1s preparar tus zumos con el m\u00ednimo esfuerzo. Desc\u00fabrelo aqu\u00ed.","robots":{"index":"noindex","follow":"follow","max-snippet":"max-snippet:-1","max-image-preview":"max-image-preview:large","max-video-preview":"max-video-preview:-1"},"og_locale":"pt_PT","og_type":"article","og_title":"EXPRIMIDOR NARANJAS CON BRAZO 650W KUKEN RED","og_description":"Exprimidor de naranjas con brazo 650w k\u00fcken Red, gracias a su dise\u00f1o con brazo podr\u00e1s preparar tus zumos con el m\u00ednimo esfuerzo. Desc\u00fabrelo aqu\u00ed.","og_url":"https:\/\/kuken.alfadyser.dev\/pt\/produto\/exprimidor-naranjas-con-brazo-650w-kuken-red\/","og_site_name":"K\u00fcken","article_publisher":"https:\/\/es-es.facebook.com\/alfadyser\/","article_modified_time":"2025-07-22T08:54:52+00:00","og_image":[{"width":2000,"height":2000,"url":"https:\/\/kuken.alfadyser.dev\/wp-content\/uploads\/8425160381103_01_3.jpg","type":"image\/jpeg"}],"twitter_card":"summary_large_image","twitter_misc":{"pre\u00e7o":"","Disponibilidade":"Em stock"},"schema":{"@context":"https:\/\/schema.org","@graph":[{"@type":"WebPage","@id":"https:\/\/kuken.alfadyser.dev\/producto\/exprimidor-naranjas-con-brazo-650w-kuken-red\/","url":"https:\/\/kuken.alfadyser.dev\/producto\/exprimidor-naranjas-con-brazo-650w-kuken-red\/","name":"EXPRIMIDOR NARANJAS CON BRAZO 650W KUKEN RED - K\u00fcken","isPartOf":{"@id":"https:\/\/kuken.alfadyser.dev\/#website"},"primaryImageOfPage":{"@id":"https:\/\/kuken.alfadyser.dev\/producto\/exprimidor-naranjas-con-brazo-650w-kuken-red\/#primaryimage"},"image":{"@id":"https:\/\/kuken.alfadyser.dev\/producto\/exprimidor-naranjas-con-brazo-650w-kuken-red\/#primaryimage"},"thumbnailUrl":"https:\/\/kuken.alfadyser.dev\/wp-content\/uploads\/8425160381103_01_3.jpg","datePublished":"2022-10-13T10:12:26+00:00","dateModified":"2025-07-22T08:54:52+00:00","description":"Exprimidor de naranjas con brazo 650w k\u00fcken Red, gracias a su dise\u00f1o con brazo podr\u00e1s preparar tus zumos con el m\u00ednimo esfuerzo. Desc\u00fabrelo aqu\u00ed.","breadcrumb":{"@id":"https:\/\/kuken.alfadyser.dev\/producto\/exprimidor-naranjas-con-brazo-650w-kuken-red\/#breadcrumb"},"inLanguage":"pt-PT","potentialAction":[{"@type":"ReadAction","target":["https:\/\/kuken.alfadyser.dev\/producto\/exprimidor-naranjas-con-brazo-650w-kuken-red\/"]}]},{"@type":"ImageObject","inLanguage":"pt-PT","@id":"https:\/\/kuken.alfadyser.dev\/producto\/exprimidor-naranjas-con-brazo-650w-kuken-red\/#primaryimage","url":"https:\/\/kuken.alfadyser.dev\/wp-content\/uploads\/8425160381103_01_3.jpg","contentUrl":"https:\/\/kuken.alfadyser.dev\/wp-content\/uploads\/8425160381103_01_3.jpg","width":2000,"height":2000},{"@type":"BreadcrumbList","@id":"https:\/\/kuken.alfadyser.dev\/producto\/exprimidor-naranjas-con-brazo-650w-kuken-red\/#breadcrumb","itemListElement":[{"@type":"ListItem","position":1,"name":"Portada","item":"https:\/\/kuken.alfadyser.dev\/"},{"@type":"ListItem","position":2,"name":"Productos","item":"https:\/\/kuken.alfadyser.dev\/productos\/"},{"@type":"ListItem","position":3,"name":"EXPRIMIDOR NARANJAS CON BRAZO 650W KUKEN RED"}]},{"@type":"WebSite","@id":"https:\/\/kuken.alfadyser.dev\/#website","url":"https:\/\/kuken.alfadyser.dev\/","name":"K\u00fcken","description":"Vasta gama de pequenos electrodom\u00e9sticos k\u00fcken","publisher":{"@id":"https:\/\/kuken.alfadyser.dev\/#organization"},"potentialAction":[{"@type":"SearchAction","target":{"@type":"EntryPoint","urlTemplate":"https:\/\/kuken.alfadyser.dev\/?s={search_term_string}"},"query-input":{"@type":"PropertyValueSpecification","valueRequired":true,"valueName":"search_term_string"}}],"inLanguage":"pt-PT"},{"@type":"Organization","@id":"https:\/\/kuken.alfadyser.dev\/#organization","name":"Alpha Dyser","url":"https:\/\/kuken.alfadyser.dev\/","logo":{"@type":"ImageObject","inLanguage":"pt-PT","@id":"https:\/\/kuken.alfadyser.dev\/#\/schema\/logo\/image\/","url":"https:\/\/kuken.alfadyser.dev\/wp-content\/uploads\/2019\/04\/kuken-logo.png","contentUrl":"https:\/\/kuken.alfadyser.dev\/wp-content\/uploads\/2019\/04\/kuken-logo.png","width":500,"height":191,"caption":"Alfa Dyser"},"image":{"@id":"https:\/\/kuken.alfadyser.dev\/#\/schema\/logo\/image\/"},"sameAs":["https:\/\/es-es.facebook.com\/alfadyser\/","https:\/\/www.instagram.com\/kuken_appliances\/"]}]},"product_price_currency":"EUR","og_availability":"instock","product_availability":"instock","product_retailer_item_id":"38110","product_condition":"new"},"_links":{"self":[{"href":"https:\/\/kuken.alfadyser.dev\/pt\/wp-json\/wp\/v2\/product\/9366","targetHints":{"allow":["GET"]}}],"collection":[{"href":"https:\/\/kuken.alfadyser.dev\/pt\/wp-json\/wp\/v2\/product"}],"about":[{"href":"https:\/\/kuken.alfadyser.dev\/pt\/wp-json\/wp\/v2\/types\/product"}],"wp:featuredmedia":[{"embeddable":true,"href":"https:\/\/kuken.alfadyser.dev\/pt\/wp-json\/wp\/v2\/media\/9371"}],"wp:attachment":[{"href":"https:\/\/kuken.alfadyser.dev\/pt\/wp-json\/wp\/v2\/media?parent=9366"}],"wp:term":[{"taxonomy":"product_brand","embeddable":true,"href":"https:\/\/kuken.alfadyser.dev\/pt\/wp-json\/wp\/v2\/product_brand?post=9366"},{"taxonomy":"product_cat","embeddable":true,"href":"https:\/\/kuken.alfadyser.dev\/pt\/wp-json\/wp\/v2\/product_cat?post=9366"},{"taxonomy":"product_tag","embeddable":true,"href":"https:\/\/kuken.alfadyser.dev\/pt\/wp-json\/wp\/v2\/product_tag?post=9366"}],"curies":[{"name":"wp","href":"https:\/\/api.w.org\/{rel}","templated":true}]}}