{"id":9180,"date":"2022-08-29T12:53:30","date_gmt":"2022-08-29T10:53:30","guid":{"rendered":"https:\/\/kuken.alfadyser.dev\/?post_type=product&#038;p=9180"},"modified":"2025-07-22T11:07:20","modified_gmt":"2025-07-22T09:07:20","slug":"afeitadora-a-bateria-ipx6-kuken-5w","status":"publish","type":"product","link":"https:\/\/kuken.alfadyser.dev\/pt\/produto\/afeitadora-a-bateria-ipx6-kuken-5w\/","title":{"rendered":"M\u00c1QUINA DE BARBEAR SEM FIOS IPX6 KUKEN 5W M\u00c1QUINA DE BARBEAR COM BATERIA IPX6"},"content":{"rendered":"<p>M\u00c1QUINA DE BARBEAR SEM FIOS IPX6 KUKEN 5W M\u00c1QUINA DE BARBEAR COM BATERIA IPX6<\/p>\n<ul data-start=\"905\" data-end=\"1623\">\n<li data-start=\"905\" data-end=\"976\">\n<p data-start=\"907\" data-end=\"976\">Afeitadora profesional inal\u00e1mbrica de 5W, potente y silenciosa.<\/p>\n<\/li>\n<li data-start=\"977\" data-end=\"1046\">\n<p data-start=\"979\" data-end=\"1046\">Bater\u00eda con 240 minutos de autonom\u00eda, ideal para varios usos.<\/p>\n<\/li>\n<li data-start=\"1047\" data-end=\"1110\">\n<p data-start=\"1049\" data-end=\"1110\">Cargador con conexi\u00f3n 220\u2013240V \/ 50Hz, carga eficiente.<\/p>\n<\/li>\n<li data-start=\"1111\" data-end=\"1185\">\n<p data-start=\"1113\" data-end=\"1185\">Pantalla LED, muestra el nivel de bater\u00eda restante en tiempo real.<\/p>\n<\/li>\n<li data-start=\"1186\" data-end=\"1265\">\n<p data-start=\"1188\" data-end=\"1265\">Cuchillas rotativas 360\u00b0 de acero inoxidable, m\u00e1xima adaptaci\u00f3n facial.<\/p>\n<\/li>\n<li data-start=\"1266\" data-end=\"1331\">\n<p data-start=\"1268\" data-end=\"1331\">Apurado preciso incluso con barba muy corta, sin tirones.<\/p>\n<\/li>\n<li data-start=\"1332\" data-end=\"1416\">\n<p data-start=\"1334\" data-end=\"1416\">Cabezal extra\u00edble y lavable bajo el grifo, gracias a certificaci\u00f3n IPX6.<\/p>\n<\/li>\n<li data-start=\"1417\" data-end=\"1487\">\n<p data-start=\"1419\" data-end=\"1487\">Perfilador retr\u00e1ctil para patillas, ideal para detalles finos.<\/p>\n<\/li>\n<li data-start=\"1488\" data-end=\"1549\">\n<p data-start=\"1490\" data-end=\"1549\">Dise\u00f1o ergon\u00f3mico, moderno, robusto y c\u00f3modo en mano.<\/p>\n<\/li>\n<li data-start=\"1550\" data-end=\"1623\">\n<p data-start=\"1552\" data-end=\"1623\">Tecnolog\u00eda avanzada, desarrollada para uso profesional y dom\u00e9stico.<\/p>\n<\/li>\n<\/ul>\n<p><div class=\"accordion\"><div class=\"mfn-acc accordion_wrapper  toggle\"><div class=\"question\"><div class=\"title\"><i class=\"icon-plus acc-icon-plus\" aria-hidden=\"true\"><\/i><i class=\"icon-minus acc-icon-minus\" aria-hidden=\"true\"><\/i>Dados do produto<\/div><div class=\"answer\">EAN 8425160318314<\/p>\n<p>M\u00c1QUINA DE BARBEAR SEM FIOS IPX6 KUKEN 5W M\u00c1QUINA DE BARBEAR COM BATERIA IPX6<\/p>\n<p>Unidade de embalagem 1<br \/>\nCor preta<br \/>\nEmbalagem Cor da caixa<br \/>\nPot\u00eancia 5 W<br \/>\nTens\u00e3o 230 V<br \/>\nTamanho pequeno<br \/>\nMaterial Pl\u00e1stico<br \/>\nRecarreg\u00e1vel sem fios Sim<br \/>\nPeso 0,16 kg<\/div><\/div>\n<\/div><\/div>\n<br \/>\n<div class=\"accordion\"><div class=\"mfn-acc accordion_wrapper  toggle\"><div class=\"question\"><div class=\"title\"><i class=\"icon-plus acc-icon-plus\" aria-hidden=\"true\"><\/i><i class=\"icon-minus acc-icon-minus\" aria-hidden=\"true\"><\/i>Acess\u00f3rios<\/div><div class=\"answer\"><\/div><\/div>\n<\/div><\/div>\n<\/p>\n<div class=\"descargas-producto\"><a href=\"https:\/\/kuken.alfadyser.dev\/wp-content\/uploads\/8425160318314_ficha_tecnica.pdf\" target=\"_blank\" rel=\"noopener noreferrer\"><br \/>\n<img loading=\"lazy\" decoding=\"async\" src=\"\/wp-content\/uploads\/2019\/12\/picto-descarrega.png\" alt=\"descarregar ficha de dados\" width=\"23\" height=\"16\" \/>Descarregar ficha<\/a><br \/>\n<a href=\"https:\/\/kuken.alfadyser.dev\/wp-content\/uploads\/31831_instrucciones.pdf\"><img loading=\"lazy\" decoding=\"async\" src=\"\/wp-content\/uploads\/2019\/12\/picto-descarrega.png\" alt=\"descarregar manual de instru\u00e7\u00f5es\" width=\"23\" height=\"16\" \/>Descarregar o manual<\/a><\/div>\n<div><\/div>\n<div><span style=\"color: #bf2121\">Siga-nos nas redes sociais!<\/span><\/div>\n<div><a href=\"https:\/\/www.instagram.com\/kuken_appliances\/\">https:\/\/www.instagram.com\/kuken_appliances\/<\/a><\/div>\n<p><iframe loading=\"lazy\" title=\"Afeitadora a bater\u00eda k\u00fcken\" width=\"560\" height=\"315\" src=\"https:\/\/www.youtube.com\/embed\/EfbujOiiWOI?feature=oembed\" frameborder=\"0\" allow=\"accelerometer; autoplay; clipboard-write; encrypted-media; gyroscope; picture-in-picture; web-share\" referrerpolicy=\"strict-origin-when-cross-origin\" allowfullscreen><\/iframe><\/p>","protected":false},"excerpt":{"rendered":"<p data-start=\"566\" data-end=\"724\">Potente, precisa y f\u00e1cil de limpiar. Esta afeitadora inal\u00e1mbrica se adapta al rostro con cuchillas 360\u00b0, LED, perfilador retr\u00e1ctil y resistencia al agua IPX6.<\/p>\n<blockquote data-start=\"726\" data-end=\"837\">\n<p data-start=\"728\" data-end=\"837\">\n<\/blockquote>","protected":false},"featured_media":9181,"template":"","meta":[],"product_brand":[],"product_cat":[216],"product_tag":[],"class_list":{"0":"post-9180","1":"product","2":"type-product","3":"status-publish","4":"has-post-thumbnail","6":"product_cat-afeitadoras","8":"first","9":"instock","10":"product-type-simple"},"yoast_head":"<!-- This site is optimized with the Yoast SEO Premium plugin v24.0 (Yoast SEO v26.5) - https:\/\/yoast.com\/wordpress\/plugins\/seo\/ -->\n<title>AFEITADORA A BATER\u00cdA IPX6 KUKEN 5W - K\u00fcken<\/title>\n<meta name=\"description\" content=\"Afeitadora a bater\u00eda IPX6 K\u00fcken 5W con cuchillas 360\u00b0, LED, 240\u202fmin de autonom\u00eda y perfilador retr\u00e1ctil. Precisi\u00f3n total en seco o mojado.\" \/>\n<meta name=\"robots\" content=\"noindex, follow, max-snippet:-1, max-image-preview:large, max-video-preview:-1\" \/>\n<meta property=\"og:locale\" content=\"pt_PT\" \/>\n<meta property=\"og:type\" content=\"article\" \/>\n<meta property=\"og:title\" content=\"AFEITADORA A BATER\u00cdA IPX6 KUKEN 5W\" \/>\n<meta property=\"og:description\" content=\"Afeitadora a bater\u00eda IPX6 K\u00fcken 5W con cuchillas 360\u00b0, LED, 240\u202fmin de autonom\u00eda y perfilador retr\u00e1ctil. Precisi\u00f3n total en seco o mojado.\" \/>\n<meta property=\"og:url\" content=\"https:\/\/kuken.alfadyser.dev\/pt\/produto\/afeitadora-a-bateria-ipx6-kuken-5w\/\" \/>\n<meta property=\"og:site_name\" content=\"K\u00fcken\" \/>\n<meta property=\"article:publisher\" content=\"https:\/\/es-es.facebook.com\/alfadyser\/\" \/>\n<meta property=\"article:modified_time\" content=\"2025-07-22T09:07:20+00:00\" \/>\n<meta property=\"og:image\" content=\"https:\/\/kuken.alfadyser.dev\/wp-content\/uploads\/8425160318314_03.jpg\" \/>\n\t<meta property=\"og:image:width\" content=\"2000\" \/>\n\t<meta property=\"og:image:height\" content=\"2000\" \/>\n\t<meta property=\"og:image:type\" content=\"image\/jpeg\" \/>\n<meta name=\"twitter:card\" content=\"summary_large_image\" \/>\n<meta name=\"twitter:label1\" content=\"pre\u00e7o\" \/>\n\t<meta name=\"twitter:data1\" content=\"\" \/>\n\t<meta name=\"twitter:label2\" content=\"Disponibilidade\" \/>\n\t<meta name=\"twitter:data2\" content=\"Em stock\" \/>\n<script type=\"application\/ld+json\" class=\"yoast-schema-graph\">{\"@context\":\"https:\/\/schema.org\",\"@graph\":[{\"@type\":\"WebPage\",\"@id\":\"https:\/\/kuken.alfadyser.dev\/producto\/afeitadora-a-bateria-ipx6-kuken-5w\/\",\"url\":\"https:\/\/kuken.alfadyser.dev\/producto\/afeitadora-a-bateria-ipx6-kuken-5w\/\",\"name\":\"AFEITADORA A BATER\u00cdA IPX6 KUKEN 5W - K\u00fcken\",\"isPartOf\":{\"@id\":\"https:\/\/kuken.alfadyser.dev\/#website\"},\"primaryImageOfPage\":{\"@id\":\"https:\/\/kuken.alfadyser.dev\/producto\/afeitadora-a-bateria-ipx6-kuken-5w\/#primaryimage\"},\"image\":{\"@id\":\"https:\/\/kuken.alfadyser.dev\/producto\/afeitadora-a-bateria-ipx6-kuken-5w\/#primaryimage\"},\"thumbnailUrl\":\"https:\/\/kuken.alfadyser.dev\/wp-content\/uploads\/8425160318314_03.jpg\",\"datePublished\":\"2022-08-29T10:53:30+00:00\",\"dateModified\":\"2025-07-22T09:07:20+00:00\",\"description\":\"Afeitadora a bater\u00eda IPX6 K\u00fcken 5W con cuchillas 360\u00b0, LED, 240\u202fmin de autonom\u00eda y perfilador retr\u00e1ctil. Precisi\u00f3n total en seco o mojado.\",\"breadcrumb\":{\"@id\":\"https:\/\/kuken.alfadyser.dev\/producto\/afeitadora-a-bateria-ipx6-kuken-5w\/#breadcrumb\"},\"inLanguage\":\"pt-PT\",\"potentialAction\":[{\"@type\":\"ReadAction\",\"target\":[\"https:\/\/kuken.alfadyser.dev\/producto\/afeitadora-a-bateria-ipx6-kuken-5w\/\"]}]},{\"@type\":\"ImageObject\",\"inLanguage\":\"pt-PT\",\"@id\":\"https:\/\/kuken.alfadyser.dev\/producto\/afeitadora-a-bateria-ipx6-kuken-5w\/#primaryimage\",\"url\":\"https:\/\/kuken.alfadyser.dev\/wp-content\/uploads\/8425160318314_03.jpg\",\"contentUrl\":\"https:\/\/kuken.alfadyser.dev\/wp-content\/uploads\/8425160318314_03.jpg\",\"width\":2000,\"height\":2000},{\"@type\":\"BreadcrumbList\",\"@id\":\"https:\/\/kuken.alfadyser.dev\/producto\/afeitadora-a-bateria-ipx6-kuken-5w\/#breadcrumb\",\"itemListElement\":[{\"@type\":\"ListItem\",\"position\":1,\"name\":\"Portada\",\"item\":\"https:\/\/kuken.alfadyser.dev\/\"},{\"@type\":\"ListItem\",\"position\":2,\"name\":\"Productos\",\"item\":\"https:\/\/kuken.alfadyser.dev\/productos\/\"},{\"@type\":\"ListItem\",\"position\":3,\"name\":\"AFEITADORA A BATER\u00cdA IPX6 KUKEN 5W\"}]},{\"@type\":\"WebSite\",\"@id\":\"https:\/\/kuken.alfadyser.dev\/#website\",\"url\":\"https:\/\/kuken.alfadyser.dev\/\",\"name\":\"K\u00fcken\",\"description\":\"Amplia gama de peque\u00f1o electrodom\u00e9stico k\u00fcken\",\"publisher\":{\"@id\":\"https:\/\/kuken.alfadyser.dev\/#organization\"},\"potentialAction\":[{\"@type\":\"SearchAction\",\"target\":{\"@type\":\"EntryPoint\",\"urlTemplate\":\"https:\/\/kuken.alfadyser.dev\/?s={search_term_string}\"},\"query-input\":{\"@type\":\"PropertyValueSpecification\",\"valueRequired\":true,\"valueName\":\"search_term_string\"}}],\"inLanguage\":\"pt-PT\"},{\"@type\":\"Organization\",\"@id\":\"https:\/\/kuken.alfadyser.dev\/#organization\",\"name\":\"Alfa Dyser\",\"url\":\"https:\/\/kuken.alfadyser.dev\/\",\"logo\":{\"@type\":\"ImageObject\",\"inLanguage\":\"pt-PT\",\"@id\":\"https:\/\/kuken.alfadyser.dev\/#\/schema\/logo\/image\/\",\"url\":\"https:\/\/kuken.alfadyser.dev\/wp-content\/uploads\/2019\/04\/kuken-logo.png\",\"contentUrl\":\"https:\/\/kuken.alfadyser.dev\/wp-content\/uploads\/2019\/04\/kuken-logo.png\",\"width\":500,\"height\":191,\"caption\":\"Alfa Dyser\"},\"image\":{\"@id\":\"https:\/\/kuken.alfadyser.dev\/#\/schema\/logo\/image\/\"},\"sameAs\":[\"https:\/\/es-es.facebook.com\/alfadyser\/\",\"https:\/\/www.instagram.com\/kuken_appliances\/\"]}]}<\/script>\n<meta property=\"product:price:currency\" content=\"EUR\" \/>\n<meta property=\"og:availability\" content=\"instock\" \/>\n<meta property=\"product:availability\" content=\"instock\" \/>\n<meta property=\"product:retailer_item_id\" content=\"31831\" \/>\n<meta property=\"product:condition\" content=\"new\" \/>\n<!-- \/ Yoast SEO Premium plugin. -->","yoast_head_json":{"title":"AFEITADORA A BATER\u00cdA IPX6 KUKEN 5W - K\u00fcken","description":"Afeitadora a bater\u00eda IPX6 K\u00fcken 5W con cuchillas 360\u00b0, LED, 240\u202fmin de autonom\u00eda y perfilador retr\u00e1ctil. Precisi\u00f3n total en seco o mojado.","robots":{"index":"noindex","follow":"follow","max-snippet":"max-snippet:-1","max-image-preview":"max-image-preview:large","max-video-preview":"max-video-preview:-1"},"og_locale":"pt_PT","og_type":"article","og_title":"AFEITADORA A BATER\u00cdA IPX6 KUKEN 5W","og_description":"Afeitadora a bater\u00eda IPX6 K\u00fcken 5W con cuchillas 360\u00b0, LED, 240\u202fmin de autonom\u00eda y perfilador retr\u00e1ctil. Precisi\u00f3n total en seco o mojado.","og_url":"https:\/\/kuken.alfadyser.dev\/pt\/produto\/afeitadora-a-bateria-ipx6-kuken-5w\/","og_site_name":"K\u00fcken","article_publisher":"https:\/\/es-es.facebook.com\/alfadyser\/","article_modified_time":"2025-07-22T09:07:20+00:00","og_image":[{"width":2000,"height":2000,"url":"https:\/\/kuken.alfadyser.dev\/wp-content\/uploads\/8425160318314_03.jpg","type":"image\/jpeg"}],"twitter_card":"summary_large_image","twitter_misc":{"pre\u00e7o":"","Disponibilidade":"Em stock"},"schema":{"@context":"https:\/\/schema.org","@graph":[{"@type":"WebPage","@id":"https:\/\/kuken.alfadyser.dev\/producto\/afeitadora-a-bateria-ipx6-kuken-5w\/","url":"https:\/\/kuken.alfadyser.dev\/producto\/afeitadora-a-bateria-ipx6-kuken-5w\/","name":"AFEITADORA A BATER\u00cdA IPX6 KUKEN 5W - K\u00fcken","isPartOf":{"@id":"https:\/\/kuken.alfadyser.dev\/#website"},"primaryImageOfPage":{"@id":"https:\/\/kuken.alfadyser.dev\/producto\/afeitadora-a-bateria-ipx6-kuken-5w\/#primaryimage"},"image":{"@id":"https:\/\/kuken.alfadyser.dev\/producto\/afeitadora-a-bateria-ipx6-kuken-5w\/#primaryimage"},"thumbnailUrl":"https:\/\/kuken.alfadyser.dev\/wp-content\/uploads\/8425160318314_03.jpg","datePublished":"2022-08-29T10:53:30+00:00","dateModified":"2025-07-22T09:07:20+00:00","description":"Afeitadora a bater\u00eda IPX6 K\u00fcken 5W con cuchillas 360\u00b0, LED, 240\u202fmin de autonom\u00eda y perfilador retr\u00e1ctil. Precisi\u00f3n total en seco o mojado.","breadcrumb":{"@id":"https:\/\/kuken.alfadyser.dev\/producto\/afeitadora-a-bateria-ipx6-kuken-5w\/#breadcrumb"},"inLanguage":"pt-PT","potentialAction":[{"@type":"ReadAction","target":["https:\/\/kuken.alfadyser.dev\/producto\/afeitadora-a-bateria-ipx6-kuken-5w\/"]}]},{"@type":"ImageObject","inLanguage":"pt-PT","@id":"https:\/\/kuken.alfadyser.dev\/producto\/afeitadora-a-bateria-ipx6-kuken-5w\/#primaryimage","url":"https:\/\/kuken.alfadyser.dev\/wp-content\/uploads\/8425160318314_03.jpg","contentUrl":"https:\/\/kuken.alfadyser.dev\/wp-content\/uploads\/8425160318314_03.jpg","width":2000,"height":2000},{"@type":"BreadcrumbList","@id":"https:\/\/kuken.alfadyser.dev\/producto\/afeitadora-a-bateria-ipx6-kuken-5w\/#breadcrumb","itemListElement":[{"@type":"ListItem","position":1,"name":"Portada","item":"https:\/\/kuken.alfadyser.dev\/"},{"@type":"ListItem","position":2,"name":"Productos","item":"https:\/\/kuken.alfadyser.dev\/productos\/"},{"@type":"ListItem","position":3,"name":"AFEITADORA A BATER\u00cdA IPX6 KUKEN 5W"}]},{"@type":"WebSite","@id":"https:\/\/kuken.alfadyser.dev\/#website","url":"https:\/\/kuken.alfadyser.dev\/","name":"K\u00fcken","description":"Vasta gama de pequenos electrodom\u00e9sticos k\u00fcken","publisher":{"@id":"https:\/\/kuken.alfadyser.dev\/#organization"},"potentialAction":[{"@type":"SearchAction","target":{"@type":"EntryPoint","urlTemplate":"https:\/\/kuken.alfadyser.dev\/?s={search_term_string}"},"query-input":{"@type":"PropertyValueSpecification","valueRequired":true,"valueName":"search_term_string"}}],"inLanguage":"pt-PT"},{"@type":"Organization","@id":"https:\/\/kuken.alfadyser.dev\/#organization","name":"Alpha Dyser","url":"https:\/\/kuken.alfadyser.dev\/","logo":{"@type":"ImageObject","inLanguage":"pt-PT","@id":"https:\/\/kuken.alfadyser.dev\/#\/schema\/logo\/image\/","url":"https:\/\/kuken.alfadyser.dev\/wp-content\/uploads\/2019\/04\/kuken-logo.png","contentUrl":"https:\/\/kuken.alfadyser.dev\/wp-content\/uploads\/2019\/04\/kuken-logo.png","width":500,"height":191,"caption":"Alfa Dyser"},"image":{"@id":"https:\/\/kuken.alfadyser.dev\/#\/schema\/logo\/image\/"},"sameAs":["https:\/\/es-es.facebook.com\/alfadyser\/","https:\/\/www.instagram.com\/kuken_appliances\/"]}]},"product_price_currency":"EUR","og_availability":"instock","product_availability":"instock","product_retailer_item_id":"31831","product_condition":"new"},"_links":{"self":[{"href":"https:\/\/kuken.alfadyser.dev\/pt\/wp-json\/wp\/v2\/product\/9180","targetHints":{"allow":["GET"]}}],"collection":[{"href":"https:\/\/kuken.alfadyser.dev\/pt\/wp-json\/wp\/v2\/product"}],"about":[{"href":"https:\/\/kuken.alfadyser.dev\/pt\/wp-json\/wp\/v2\/types\/product"}],"wp:featuredmedia":[{"embeddable":true,"href":"https:\/\/kuken.alfadyser.dev\/pt\/wp-json\/wp\/v2\/media\/9181"}],"wp:attachment":[{"href":"https:\/\/kuken.alfadyser.dev\/pt\/wp-json\/wp\/v2\/media?parent=9180"}],"wp:term":[{"taxonomy":"product_brand","embeddable":true,"href":"https:\/\/kuken.alfadyser.dev\/pt\/wp-json\/wp\/v2\/product_brand?post=9180"},{"taxonomy":"product_cat","embeddable":true,"href":"https:\/\/kuken.alfadyser.dev\/pt\/wp-json\/wp\/v2\/product_cat?post=9180"},{"taxonomy":"product_tag","embeddable":true,"href":"https:\/\/kuken.alfadyser.dev\/pt\/wp-json\/wp\/v2\/product_tag?post=9180"}],"curies":[{"name":"wp","href":"https:\/\/api.w.org\/{rel}","templated":true}]}}