{"id":8723,"date":"2022-04-05T13:01:01","date_gmt":"2022-04-05T11:01:01","guid":{"rendered":"https:\/\/kuken.alfadyser.dev\/?post_type=product&#038;p=8723"},"modified":"2025-07-28T13:04:00","modified_gmt":"2025-07-28T11:04:00","slug":"ar-condicionado-portatil-kuken-80w","status":"publish","type":"product","link":"https:\/\/kuken.alfadyser.dev\/pt\/produto\/ar-condicionado-portatil-kuken-80w\/","title":{"rendered":"AR CONDICIONADO PORT\u00c1TIL K\u00dcKEN 80W"},"content":{"rendered":"<p>AR CONDICIONADO PORT\u00c1TIL K\u00dcKEN 80W<\/p>\n<ul data-start=\"815\" data-end=\"1617\">\n<li data-start=\"815\" data-end=\"902\">\n<p data-start=\"817\" data-end=\"902\">Funci\u00f3n 3 en 1: ventilador, climatizador y humidificador en un solo equipo.<\/p>\n<\/li>\n<li data-start=\"903\" data-end=\"974\">\n<p data-start=\"905\" data-end=\"974\">Dise\u00f1o compacto y port\u00e1til, f\u00e1cil de trasladar entre estancias.<\/p>\n<\/li>\n<li data-start=\"975\" data-end=\"1048\">\n<p data-start=\"977\" data-end=\"1048\">Dep\u00f3sito superior para hielo, optimiza la refrigeraci\u00f3n del aire.<\/p>\n<\/li>\n<li data-start=\"1049\" data-end=\"1113\">\n<p data-start=\"1051\" data-end=\"1113\">Dep\u00f3sito inferior para agua residual, pr\u00e1ctico y limpio.<\/p>\n<\/li>\n<li data-start=\"1114\" data-end=\"1194\">\n<p data-start=\"1116\" data-end=\"1194\">Tres modos de aire: normal, natural y noche, para distintas necesidades.<\/p>\n<\/li>\n<li data-start=\"1195\" data-end=\"1263\">\n<p data-start=\"1197\" data-end=\"1263\">Nivel sonoro de 60 dB, operaci\u00f3n silenciosa para uso diario.<\/p>\n<\/li>\n<li data-start=\"1264\" data-end=\"1332\">\n<p data-start=\"1266\" data-end=\"1332\">Lamas direccionales, maximizan el alcance del flujo de aire.<\/p>\n<\/li>\n<li data-start=\"1333\" data-end=\"1400\">\n<p data-start=\"1335\" data-end=\"1400\">Control remoto incluido, permite manejarlo sin desplazarte.<\/p>\n<\/li>\n<li data-start=\"1401\" data-end=\"1477\">\n<p data-start=\"1403\" data-end=\"1477\">Temporizador ajustable hasta 7,5 horas, ideal para uso nocturno.<\/p>\n<\/li>\n<li data-start=\"1478\" data-end=\"1539\">\n<p data-start=\"1480\" data-end=\"1539\">Tres velocidades de ventilaci\u00f3n seg\u00fan la preferencia.<\/p>\n<\/li>\n<li data-start=\"1540\" data-end=\"1617\">\n<p data-start=\"1542\" data-end=\"1617\">Ayuda a depurar el aire y a ahorrar energ\u00eda en ambientes calurosos.<\/p>\n<\/li>\n<\/ul>\n<p><div class=\"accordion\"><div class=\"mfn-acc accordion_wrapper  toggle\"><div class=\"question\"><div class=\"title\"><i class=\"icon-plus acc-icon-plus\" aria-hidden=\"true\"><\/i><i class=\"icon-minus acc-icon-minus\" aria-hidden=\"true\"><\/i>Dados do produto<\/div><div class=\"answer\">EAN: 8425160341190<\/p>\n<p>AR CONDICIONADO PORT\u00c1TIL K\u00dcKEN 80W<\/p>\n<p>Unidades: 1<br \/>\nCor: Preto e branco<br \/>\nEmbalagem: Caixa colorida<br \/>\nPot\u00eancia: 80W<br \/>\nTens\u00e3o: 230V<br \/>\nMaterial: PC<br \/>\nPeso: 10 kg<\/div><\/div>\n<\/div><\/div>\n<br \/>\n<div class=\"accordion\"><div class=\"mfn-acc accordion_wrapper  toggle\"><div class=\"question\"><div class=\"title\"><i class=\"icon-plus acc-icon-plus\" aria-hidden=\"true\"><\/i><i class=\"icon-minus acc-icon-minus\" aria-hidden=\"true\"><\/i>Acess\u00f3rios<\/div><div class=\"answer\"><\/div><\/div>\n<\/div><\/div>\n<\/p>\n<div class=\"descargas-producto\"><a href=\"https:\/\/kuken.alfadyser.dev\/wp-content\/uploads\/8425160341190_ficha_tecnica_02.pdf\"><img loading=\"lazy\" decoding=\"async\" src=\"\/wp-content\/uploads\/2019\/12\/picto-descarrega.png\" alt=\"descarregar ficha de dados\" width=\"23\" height=\"16\" \/>Descarregar ficha<\/a><br \/>\n<a href=\"https:\/\/kuken.alfadyser.dev\/wp-content\/uploads\/34119-manual.pdf\"><img loading=\"lazy\" decoding=\"async\" src=\"\/wp-content\/uploads\/2019\/12\/picto-descarrega.png\" alt=\"descarregar manual de instru\u00e7\u00f5es\" width=\"23\" height=\"16\" \/>Descarregar o manual<\/a><\/div>\n<div><\/div>\n<div><span style=\"color: #bf2121\">Siga-nos nas redes sociais!<\/span><\/div>\n<div><a href=\"https:\/\/www.instagram.com\/kuken_appliances\/\">https:\/\/www.instagram.com\/kuken_appliances\/<\/a><\/div>\n<p><iframe loading=\"lazy\" title=\"Ventiladores Kuken\" width=\"560\" height=\"315\" src=\"https:\/\/www.youtube.com\/embed\/YiLHFxcebs0?feature=oembed\" frameborder=\"0\" allow=\"accelerometer; autoplay; clipboard-write; encrypted-media; gyroscope; picture-in-picture; web-share\" referrerpolicy=\"strict-origin-when-cross-origin\" allowfullscreen><\/iframe><\/p>","protected":false},"excerpt":{"rendered":"<p data-start=\"508\" data-end=\"651\">Uma solu\u00e7\u00e3o eficiente para arrefecer o seu espa\u00e7o: port\u00e1til, silencioso e multifuncional, com modos de ar e controlo remoto para maior comodidade.<\/p>\n<p data-start=\"653\" data-end=\"747\">","protected":false},"featured_media":8724,"template":"","meta":[],"product_brand":[],"product_cat":[239],"product_tag":[],"class_list":{"0":"post-8723","1":"product","2":"type-product","3":"status-publish","4":"has-post-thumbnail","6":"product_cat-aires-acondicionados-y-climatizadores","8":"first","9":"instock","10":"product-type-simple"},"yoast_head":"<!-- This site is optimized with the Yoast SEO Premium plugin v24.0 (Yoast SEO v26.5) - https:\/\/yoast.com\/wordpress\/plugins\/seo\/ -->\n<title>CLIMATIZADOR PORT\u00c1TIL K\u00dcKEN 80W - K\u00fcken<\/title>\n<meta name=\"description\" content=\"Climatizador K\u00fcken port\u00e1til de 80w. Combina las funciones de ventilador, climatizador y humidificador.Deposito con carga superior de hielo.\" \/>\n<meta name=\"robots\" content=\"noindex, follow, max-snippet:-1, max-image-preview:large, max-video-preview:-1\" \/>\n<meta property=\"og:locale\" content=\"pt_PT\" \/>\n<meta property=\"og:type\" content=\"article\" \/>\n<meta property=\"og:title\" content=\"CLIMATIZADOR PORT\u00c1TIL K\u00dcKEN 80W\" \/>\n<meta property=\"og:description\" content=\"Climatizador K\u00fcken port\u00e1til de 80w. Combina las funciones de ventilador, climatizador y humidificador.Deposito con carga superior de hielo.\" \/>\n<meta property=\"og:url\" content=\"https:\/\/kuken.alfadyser.dev\/pt\/produto\/ar-condicionado-portatil-kuken-80w\/\" \/>\n<meta property=\"og:site_name\" content=\"K\u00fcken\" \/>\n<meta property=\"article:publisher\" content=\"https:\/\/es-es.facebook.com\/alfadyser\/\" \/>\n<meta property=\"article:modified_time\" content=\"2025-07-28T11:04:00+00:00\" \/>\n<meta property=\"og:image\" content=\"https:\/\/kuken.alfadyser.dev\/wp-content\/uploads\/8425160341190_01.jpg\" \/>\n\t<meta property=\"og:image:width\" content=\"2000\" \/>\n\t<meta property=\"og:image:height\" content=\"2000\" \/>\n\t<meta property=\"og:image:type\" content=\"image\/jpeg\" \/>\n<meta name=\"twitter:card\" content=\"summary_large_image\" \/>\n<meta name=\"twitter:label1\" content=\"pre\u00e7o\" \/>\n\t<meta name=\"twitter:data1\" content=\"\" \/>\n\t<meta name=\"twitter:label2\" content=\"Disponibilidade\" \/>\n\t<meta name=\"twitter:data2\" content=\"Em stock\" \/>\n<script type=\"application\/ld+json\" class=\"yoast-schema-graph\">{\"@context\":\"https:\/\/schema.org\",\"@graph\":[{\"@type\":\"WebPage\",\"@id\":\"https:\/\/kuken.alfadyser.dev\/producto\/climatizador-portatil-kuken-80w\/\",\"url\":\"https:\/\/kuken.alfadyser.dev\/producto\/climatizador-portatil-kuken-80w\/\",\"name\":\"CLIMATIZADOR PORT\u00c1TIL K\u00dcKEN 80W - K\u00fcken\",\"isPartOf\":{\"@id\":\"https:\/\/kuken.alfadyser.dev\/#website\"},\"primaryImageOfPage\":{\"@id\":\"https:\/\/kuken.alfadyser.dev\/producto\/climatizador-portatil-kuken-80w\/#primaryimage\"},\"image\":{\"@id\":\"https:\/\/kuken.alfadyser.dev\/producto\/climatizador-portatil-kuken-80w\/#primaryimage\"},\"thumbnailUrl\":\"https:\/\/kuken.alfadyser.dev\/wp-content\/uploads\/8425160341190_01.jpg\",\"datePublished\":\"2022-04-05T11:01:01+00:00\",\"dateModified\":\"2025-07-28T11:04:00+00:00\",\"description\":\"Climatizador K\u00fcken port\u00e1til de 80w. Combina las funciones de ventilador, climatizador y humidificador.Deposito con carga superior de hielo.\",\"breadcrumb\":{\"@id\":\"https:\/\/kuken.alfadyser.dev\/producto\/climatizador-portatil-kuken-80w\/#breadcrumb\"},\"inLanguage\":\"pt-PT\",\"potentialAction\":[{\"@type\":\"ReadAction\",\"target\":[\"https:\/\/kuken.alfadyser.dev\/producto\/climatizador-portatil-kuken-80w\/\"]}]},{\"@type\":\"ImageObject\",\"inLanguage\":\"pt-PT\",\"@id\":\"https:\/\/kuken.alfadyser.dev\/producto\/climatizador-portatil-kuken-80w\/#primaryimage\",\"url\":\"https:\/\/kuken.alfadyser.dev\/wp-content\/uploads\/8425160341190_01.jpg\",\"contentUrl\":\"https:\/\/kuken.alfadyser.dev\/wp-content\/uploads\/8425160341190_01.jpg\",\"width\":2000,\"height\":2000},{\"@type\":\"BreadcrumbList\",\"@id\":\"https:\/\/kuken.alfadyser.dev\/producto\/climatizador-portatil-kuken-80w\/#breadcrumb\",\"itemListElement\":[{\"@type\":\"ListItem\",\"position\":1,\"name\":\"Portada\",\"item\":\"https:\/\/kuken.alfadyser.dev\/\"},{\"@type\":\"ListItem\",\"position\":2,\"name\":\"Productos\",\"item\":\"https:\/\/kuken.alfadyser.dev\/productos\/\"},{\"@type\":\"ListItem\",\"position\":3,\"name\":\"CLIMATIZADOR PORT\u00c1TIL K\u00dcKEN 80W\"}]},{\"@type\":\"WebSite\",\"@id\":\"https:\/\/kuken.alfadyser.dev\/#website\",\"url\":\"https:\/\/kuken.alfadyser.dev\/\",\"name\":\"K\u00fcken\",\"description\":\"Amplia gama de peque\u00f1o electrodom\u00e9stico k\u00fcken\",\"publisher\":{\"@id\":\"https:\/\/kuken.alfadyser.dev\/#organization\"},\"potentialAction\":[{\"@type\":\"SearchAction\",\"target\":{\"@type\":\"EntryPoint\",\"urlTemplate\":\"https:\/\/kuken.alfadyser.dev\/?s={search_term_string}\"},\"query-input\":{\"@type\":\"PropertyValueSpecification\",\"valueRequired\":true,\"valueName\":\"search_term_string\"}}],\"inLanguage\":\"pt-PT\"},{\"@type\":\"Organization\",\"@id\":\"https:\/\/kuken.alfadyser.dev\/#organization\",\"name\":\"Alfa Dyser\",\"url\":\"https:\/\/kuken.alfadyser.dev\/\",\"logo\":{\"@type\":\"ImageObject\",\"inLanguage\":\"pt-PT\",\"@id\":\"https:\/\/kuken.alfadyser.dev\/#\/schema\/logo\/image\/\",\"url\":\"https:\/\/kuken.alfadyser.dev\/wp-content\/uploads\/2019\/04\/kuken-logo.png\",\"contentUrl\":\"https:\/\/kuken.alfadyser.dev\/wp-content\/uploads\/2019\/04\/kuken-logo.png\",\"width\":500,\"height\":191,\"caption\":\"Alfa Dyser\"},\"image\":{\"@id\":\"https:\/\/kuken.alfadyser.dev\/#\/schema\/logo\/image\/\"},\"sameAs\":[\"https:\/\/es-es.facebook.com\/alfadyser\/\",\"https:\/\/www.instagram.com\/kuken_appliances\/\"]}]}<\/script>\n<meta property=\"product:price:currency\" content=\"EUR\" \/>\n<meta property=\"og:availability\" content=\"instock\" \/>\n<meta property=\"product:availability\" content=\"instock\" \/>\n<meta property=\"product:retailer_item_id\" content=\"34119\" \/>\n<meta property=\"product:condition\" content=\"new\" \/>\n<!-- \/ Yoast SEO Premium plugin. -->","yoast_head_json":{"title":"APARELHO DE AR CONDICIONADO PORT\u00c1TIL K\u00dcKEN 80W - K\u00fcken","description":"Aparelho de ar condicionado port\u00e1til K\u00fcken 80w. Combina as fun\u00e7\u00f5es de ventilador, ar condicionado e humidificador. Dep\u00f3sito com carregamento superior de gelo.","robots":{"index":"noindex","follow":"follow","max-snippet":"max-snippet:-1","max-image-preview":"max-image-preview:large","max-video-preview":"max-video-preview:-1"},"og_locale":"pt_PT","og_type":"article","og_title":"CLIMATIZADOR PORT\u00c1TIL K\u00dcKEN 80W","og_description":"Climatizador K\u00fcken port\u00e1til de 80w. Combina las funciones de ventilador, climatizador y humidificador.Deposito con carga superior de hielo.","og_url":"https:\/\/kuken.alfadyser.dev\/pt\/produto\/ar-condicionado-portatil-kuken-80w\/","og_site_name":"K\u00fcken","article_publisher":"https:\/\/es-es.facebook.com\/alfadyser\/","article_modified_time":"2025-07-28T11:04:00+00:00","og_image":[{"width":2000,"height":2000,"url":"https:\/\/kuken.alfadyser.dev\/wp-content\/uploads\/8425160341190_01.jpg","type":"image\/jpeg"}],"twitter_card":"summary_large_image","twitter_misc":{"pre\u00e7o":"","Disponibilidade":"Em stock"},"schema":{"@context":"https:\/\/schema.org","@graph":[{"@type":"WebPage","@id":"https:\/\/kuken.alfadyser.dev\/producto\/climatizador-portatil-kuken-80w\/","url":"https:\/\/kuken.alfadyser.dev\/producto\/climatizador-portatil-kuken-80w\/","name":"APARELHO DE AR CONDICIONADO PORT\u00c1TIL K\u00dcKEN 80W - K\u00fcken","isPartOf":{"@id":"https:\/\/kuken.alfadyser.dev\/#website"},"primaryImageOfPage":{"@id":"https:\/\/kuken.alfadyser.dev\/producto\/climatizador-portatil-kuken-80w\/#primaryimage"},"image":{"@id":"https:\/\/kuken.alfadyser.dev\/producto\/climatizador-portatil-kuken-80w\/#primaryimage"},"thumbnailUrl":"https:\/\/kuken.alfadyser.dev\/wp-content\/uploads\/8425160341190_01.jpg","datePublished":"2022-04-05T11:01:01+00:00","dateModified":"2025-07-28T11:04:00+00:00","description":"Aparelho de ar condicionado port\u00e1til K\u00fcken 80w. Combina as fun\u00e7\u00f5es de ventilador, ar condicionado e humidificador. Dep\u00f3sito com carregamento superior de gelo.","breadcrumb":{"@id":"https:\/\/kuken.alfadyser.dev\/producto\/climatizador-portatil-kuken-80w\/#breadcrumb"},"inLanguage":"pt-PT","potentialAction":[{"@type":"ReadAction","target":["https:\/\/kuken.alfadyser.dev\/producto\/climatizador-portatil-kuken-80w\/"]}]},{"@type":"ImageObject","inLanguage":"pt-PT","@id":"https:\/\/kuken.alfadyser.dev\/producto\/climatizador-portatil-kuken-80w\/#primaryimage","url":"https:\/\/kuken.alfadyser.dev\/wp-content\/uploads\/8425160341190_01.jpg","contentUrl":"https:\/\/kuken.alfadyser.dev\/wp-content\/uploads\/8425160341190_01.jpg","width":2000,"height":2000},{"@type":"BreadcrumbList","@id":"https:\/\/kuken.alfadyser.dev\/producto\/climatizador-portatil-kuken-80w\/#breadcrumb","itemListElement":[{"@type":"ListItem","position":1,"name":"Portada","item":"https:\/\/kuken.alfadyser.dev\/"},{"@type":"ListItem","position":2,"name":"Productos","item":"https:\/\/kuken.alfadyser.dev\/productos\/"},{"@type":"ListItem","position":3,"name":"CLIMATIZADOR PORT\u00c1TIL K\u00dcKEN 80W"}]},{"@type":"WebSite","@id":"https:\/\/kuken.alfadyser.dev\/#website","url":"https:\/\/kuken.alfadyser.dev\/","name":"K\u00fcken","description":"Vasta gama de pequenos electrodom\u00e9sticos k\u00fcken","publisher":{"@id":"https:\/\/kuken.alfadyser.dev\/#organization"},"potentialAction":[{"@type":"SearchAction","target":{"@type":"EntryPoint","urlTemplate":"https:\/\/kuken.alfadyser.dev\/?s={search_term_string}"},"query-input":{"@type":"PropertyValueSpecification","valueRequired":true,"valueName":"search_term_string"}}],"inLanguage":"pt-PT"},{"@type":"Organization","@id":"https:\/\/kuken.alfadyser.dev\/#organization","name":"Alpha Dyser","url":"https:\/\/kuken.alfadyser.dev\/","logo":{"@type":"ImageObject","inLanguage":"pt-PT","@id":"https:\/\/kuken.alfadyser.dev\/#\/schema\/logo\/image\/","url":"https:\/\/kuken.alfadyser.dev\/wp-content\/uploads\/2019\/04\/kuken-logo.png","contentUrl":"https:\/\/kuken.alfadyser.dev\/wp-content\/uploads\/2019\/04\/kuken-logo.png","width":500,"height":191,"caption":"Alfa Dyser"},"image":{"@id":"https:\/\/kuken.alfadyser.dev\/#\/schema\/logo\/image\/"},"sameAs":["https:\/\/es-es.facebook.com\/alfadyser\/","https:\/\/www.instagram.com\/kuken_appliances\/"]}]},"product_price_currency":"EUR","og_availability":"instock","product_availability":"instock","product_retailer_item_id":"34119","product_condition":"new"},"_links":{"self":[{"href":"https:\/\/kuken.alfadyser.dev\/pt\/wp-json\/wp\/v2\/product\/8723","targetHints":{"allow":["GET"]}}],"collection":[{"href":"https:\/\/kuken.alfadyser.dev\/pt\/wp-json\/wp\/v2\/product"}],"about":[{"href":"https:\/\/kuken.alfadyser.dev\/pt\/wp-json\/wp\/v2\/types\/product"}],"wp:featuredmedia":[{"embeddable":true,"href":"https:\/\/kuken.alfadyser.dev\/pt\/wp-json\/wp\/v2\/media\/8724"}],"wp:attachment":[{"href":"https:\/\/kuken.alfadyser.dev\/pt\/wp-json\/wp\/v2\/media?parent=8723"}],"wp:term":[{"taxonomy":"product_brand","embeddable":true,"href":"https:\/\/kuken.alfadyser.dev\/pt\/wp-json\/wp\/v2\/product_brand?post=8723"},{"taxonomy":"product_cat","embeddable":true,"href":"https:\/\/kuken.alfadyser.dev\/pt\/wp-json\/wp\/v2\/product_cat?post=8723"},{"taxonomy":"product_tag","embeddable":true,"href":"https:\/\/kuken.alfadyser.dev\/pt\/wp-json\/wp\/v2\/product_tag?post=8723"}],"curies":[{"name":"wp","href":"https:\/\/api.w.org\/{rel}","templated":true}]}}