{"id":7589,"date":"2021-09-27T11:30:25","date_gmt":"2021-09-27T09:30:25","guid":{"rendered":"https:\/\/kuken.alfadyser.dev\/?post_type=product&#038;p=7589"},"modified":"2025-07-22T11:43:07","modified_gmt":"2025-07-22T09:43:07","slug":"mini-radiador-de-oleo-900w-de-9-elementos","status":"publish","type":"product","link":"https:\/\/kuken.alfadyser.dev\/pt\/produto\/mini-radiador-de-oleo-900w-de-9-elementos\/","title":{"rendered":"MINI RADIADOR DE \u00d3LEO 900W DE 9 ELEMENTOS"},"content":{"rendered":"<p>MINI RADIADOR DE \u00d3LEO 900W DE 9 ELEMENTOS<\/p>\n<ul data-start=\"823\" data-end=\"1627\">\n<li data-start=\"823\" data-end=\"892\">\n<p data-start=\"825\" data-end=\"892\">Radiador de aceite mini K\u00fcken, con una potencia de 900 W.<\/p>\n<\/li>\n<li data-start=\"893\" data-end=\"984\">\n<p data-start=\"895\" data-end=\"984\">Termostato regulable, mantiene la temperatura constante con apagado autom\u00e1tico.<\/p>\n<\/li>\n<li data-start=\"985\" data-end=\"1058\">\n<p data-start=\"987\" data-end=\"1058\">9 elementos extra planos, distribuyen el calor de forma uniforme.<\/p>\n<\/li>\n<li data-start=\"1059\" data-end=\"1132\">\n<p data-start=\"1061\" data-end=\"1132\">Sistema de seguridad contra sobrecalentamiento, evita accidentes.<\/p>\n<\/li>\n<li data-start=\"1133\" data-end=\"1201\">\n<p data-start=\"1135\" data-end=\"1201\">Indicador luminoso de encendido, para mayor control del uso.<\/p>\n<\/li>\n<li data-start=\"1202\" data-end=\"1273\">\n<p data-start=\"1204\" data-end=\"1273\">Asa superior integrada, facilita el transporte entre estancias.<\/p>\n<\/li>\n<li data-start=\"1274\" data-end=\"1329\">\n<p data-start=\"1276\" data-end=\"1329\">Base fija anti-vuelco, estabilidad garantizada.<\/p>\n<\/li>\n<li data-start=\"1330\" data-end=\"1412\">\n<p data-start=\"1332\" data-end=\"1412\">Fabricado en acero esmaltado, acabado en blanco elegante y resistente.<\/p>\n<\/li>\n<li data-start=\"1413\" data-end=\"1489\">\n<p data-start=\"1415\" data-end=\"1489\">Ideal para calentar ba\u00f1os, habitaciones peque\u00f1as o salas de estudio.<\/p>\n<\/li>\n<li data-start=\"1490\" data-end=\"1559\">\n<p data-start=\"1492\" data-end=\"1559\">Dise\u00f1o compacto y discreto, perfecto para espacios reducidos.<\/p>\n<\/li>\n<li data-start=\"1560\" data-end=\"1627\">\n<p data-start=\"1562\" data-end=\"1627\">Bajo consumo el\u00e9ctrico, ideal para un uso prolongado y eficiente.<\/p>\n<\/li>\n<\/ul>\n<p>&nbsp;<\/p>\n<p><div class=\"accordion\"><div class=\"mfn-acc accordion_wrapper  toggle\"><div class=\"question\"><div class=\"title\"><i class=\"icon-plus acc-icon-plus\" aria-hidden=\"true\"><\/i><i class=\"icon-minus acc-icon-minus\" aria-hidden=\"true\"><\/i>Dados do produto<\/div><div class=\"answer\">EAN: 8425160342005<\/p>\n<p>MINI RADIADOR DE \u00d3LEO 900W DE 9 ELEMENTOS<\/p>\n<p>Unidades: 1<br \/>\nCor: Branco<br \/>\nEmbalagem: Caixa colorida<br \/>\nPot\u00eancia: 900W<br \/>\nTens\u00e3o: 230V<br \/>\nTamanho: 400\u00d7390 mm<br \/>\nMaterial: A\u00e7o esmaltado<br \/>\nPeso: 4,7 kg<br \/>\nElementos: 9<\/div><\/div>\n<\/div><\/div>\n<br \/>\n<div class=\"accordion\"><div class=\"mfn-acc accordion_wrapper  toggle\"><div class=\"question\"><div class=\"title\"><i class=\"icon-plus acc-icon-plus\" aria-hidden=\"true\"><\/i><i class=\"icon-minus acc-icon-minus\" aria-hidden=\"true\"><\/i>Acess\u00f3rios<\/div><div class=\"answer\">9<\/div><\/div>\n<\/div><\/div>\n<\/p>\n<div class=\"descargas-producto\"><a href=\"\/wp-content\/uploads\/pdf\/8425160340353_ficha_tecnica.pdf\" target=\"_blank\" rel=\"noopener noreferrer\"><br \/>\n<\/a><img loading=\"lazy\" decoding=\"async\" src=\"\/wp-content\/uploads\/2019\/12\/picto-descarrega.png\" alt=\"descarregar ficha de dados\" width=\"23\" height=\"16\" \/><a href=\"https:\/\/kuken.alfadyser.dev\/wp-content\/uploads\/8425160342005_ficha_tecnica_02.pdf\">Descarregar ficha<\/a><br \/>\n<a href=\"https:\/\/kuken.alfadyser.dev\/wp-content\/uploads\/34200_instrucciones.pdf\"><img loading=\"lazy\" decoding=\"async\" src=\"\/wp-content\/uploads\/2019\/12\/picto-descarrega.png\" alt=\"descarregar manual de instru\u00e7\u00f5es\" width=\"23\" height=\"16\" \/>Descarregar o manual<\/a><\/div>\n<div><\/div>\n<div><span style=\"color: #bf2121\">Siga-nos nas redes sociais!<\/span><\/div>\n<div><a href=\"https:\/\/www.instagram.com\/kuken_appliances\/\">https:\/\/www.instagram.com\/kuken_appliances\/<\/a><\/div>\n<p><iframe loading=\"lazy\" title=\"Radiador de \u00f3leo 900w 9 elementos mini\" width=\"560\" height=\"315\" src=\"https:\/\/www.youtube.com\/embed\/yzaOOsYdBGk?feature=oembed\" frameborder=\"0\" allow=\"accelerometer; autoplay; clipboard-write; encrypted-media; gyroscope; picture-in-picture; web-share\" referrerpolicy=\"strict-origin-when-cross-origin\" allowfullscreen><\/iframe><\/p>","protected":false},"excerpt":{"rendered":"<p data-start=\"502\" data-end=\"637\">Compacto y eficaz, este radiador de aceite es perfecto para calentar estancias peque\u00f1as de forma segura, silenciosa y con bajo consumo.<\/p>\n<p data-start=\"639\" data-end=\"755\">","protected":false},"featured_media":7590,"template":"","meta":[],"product_brand":[],"product_cat":[227],"product_tag":[],"class_list":{"0":"post-7589","1":"product","2":"type-product","3":"status-publish","4":"has-post-thumbnail","6":"product_cat-radiadores","8":"first","9":"instock","10":"shipping-taxable","11":"product-type-simple"},"yoast_head":"<!-- This site is optimized with the Yoast SEO Premium plugin v24.0 (Yoast SEO v26.5) - https:\/\/yoast.com\/wordpress\/plugins\/seo\/ -->\n<title>RADIADOR DE ACEITE 9 ELEMENTOS MINI 900W - K\u00fcken<\/title>\n<meta name=\"description\" content=\"Radiador de aceite 9 elementos mini 900w, compacto y eficiente. Ideal para espacios peque\u00f1os, con seguridad t\u00e9rmica y dise\u00f1o f\u00e1cil de transportar.\" \/>\n<meta name=\"robots\" content=\"noindex, follow, max-snippet:-1, max-image-preview:large, max-video-preview:-1\" \/>\n<meta property=\"og:locale\" content=\"pt_PT\" \/>\n<meta property=\"og:type\" content=\"article\" \/>\n<meta property=\"og:title\" content=\"RADIADOR DE ACEITE 9 ELEMENTOS MINI 900W\" \/>\n<meta property=\"og:description\" content=\"Radiador de aceite 9 elementos mini 900w, compacto y eficiente. Ideal para espacios peque\u00f1os, con seguridad t\u00e9rmica y dise\u00f1o f\u00e1cil de transportar.\" \/>\n<meta property=\"og:url\" content=\"https:\/\/kuken.alfadyser.dev\/pt\/produto\/mini-radiador-de-oleo-900w-de-9-elementos\/\" \/>\n<meta property=\"og:site_name\" content=\"K\u00fcken\" \/>\n<meta property=\"article:publisher\" content=\"https:\/\/es-es.facebook.com\/alfadyser\/\" \/>\n<meta property=\"article:modified_time\" content=\"2025-07-22T09:43:07+00:00\" \/>\n<meta property=\"og:image\" content=\"https:\/\/kuken.alfadyser.dev\/wp-content\/uploads\/8425160342005_01.jpg\" \/>\n\t<meta property=\"og:image:width\" content=\"2000\" \/>\n\t<meta property=\"og:image:height\" content=\"2000\" \/>\n\t<meta property=\"og:image:type\" content=\"image\/jpeg\" \/>\n<meta name=\"twitter:card\" content=\"summary_large_image\" \/>\n<meta name=\"twitter:label1\" content=\"pre\u00e7o\" \/>\n\t<meta name=\"twitter:data1\" content=\"\" \/>\n\t<meta name=\"twitter:label2\" content=\"Disponibilidade\" \/>\n\t<meta name=\"twitter:data2\" content=\"Em stock\" \/>\n<script type=\"application\/ld+json\" class=\"yoast-schema-graph\">{\"@context\":\"https:\/\/schema.org\",\"@graph\":[{\"@type\":\"WebPage\",\"@id\":\"https:\/\/kuken.alfadyser.dev\/producto\/radiador-de-aceite-9-elementos-mini-900w\/\",\"url\":\"https:\/\/kuken.alfadyser.dev\/producto\/radiador-de-aceite-9-elementos-mini-900w\/\",\"name\":\"RADIADOR DE ACEITE 9 ELEMENTOS MINI 900W - K\u00fcken\",\"isPartOf\":{\"@id\":\"https:\/\/kuken.alfadyser.dev\/#website\"},\"primaryImageOfPage\":{\"@id\":\"https:\/\/kuken.alfadyser.dev\/producto\/radiador-de-aceite-9-elementos-mini-900w\/#primaryimage\"},\"image\":{\"@id\":\"https:\/\/kuken.alfadyser.dev\/producto\/radiador-de-aceite-9-elementos-mini-900w\/#primaryimage\"},\"thumbnailUrl\":\"https:\/\/kuken.alfadyser.dev\/wp-content\/uploads\/8425160342005_01.jpg\",\"datePublished\":\"2021-09-27T09:30:25+00:00\",\"dateModified\":\"2025-07-22T09:43:07+00:00\",\"description\":\"Radiador de aceite 9 elementos mini 900w, compacto y eficiente. Ideal para espacios peque\u00f1os, con seguridad t\u00e9rmica y dise\u00f1o f\u00e1cil de transportar.\",\"breadcrumb\":{\"@id\":\"https:\/\/kuken.alfadyser.dev\/producto\/radiador-de-aceite-9-elementos-mini-900w\/#breadcrumb\"},\"inLanguage\":\"pt-PT\",\"potentialAction\":[{\"@type\":\"ReadAction\",\"target\":[\"https:\/\/kuken.alfadyser.dev\/producto\/radiador-de-aceite-9-elementos-mini-900w\/\"]}]},{\"@type\":\"ImageObject\",\"inLanguage\":\"pt-PT\",\"@id\":\"https:\/\/kuken.alfadyser.dev\/producto\/radiador-de-aceite-9-elementos-mini-900w\/#primaryimage\",\"url\":\"https:\/\/kuken.alfadyser.dev\/wp-content\/uploads\/8425160342005_01.jpg\",\"contentUrl\":\"https:\/\/kuken.alfadyser.dev\/wp-content\/uploads\/8425160342005_01.jpg\",\"width\":2000,\"height\":2000,\"caption\":\"Radiador de aceite mini 900w kuken\"},{\"@type\":\"BreadcrumbList\",\"@id\":\"https:\/\/kuken.alfadyser.dev\/producto\/radiador-de-aceite-9-elementos-mini-900w\/#breadcrumb\",\"itemListElement\":[{\"@type\":\"ListItem\",\"position\":1,\"name\":\"Portada\",\"item\":\"https:\/\/kuken.alfadyser.dev\/\"},{\"@type\":\"ListItem\",\"position\":2,\"name\":\"Productos\",\"item\":\"https:\/\/kuken.alfadyser.dev\/productos\/\"},{\"@type\":\"ListItem\",\"position\":3,\"name\":\"RADIADOR DE ACEITE 9 ELEMENTOS MINI 900W\"}]},{\"@type\":\"WebSite\",\"@id\":\"https:\/\/kuken.alfadyser.dev\/#website\",\"url\":\"https:\/\/kuken.alfadyser.dev\/\",\"name\":\"K\u00fcken\",\"description\":\"Amplia gama de peque\u00f1o electrodom\u00e9stico k\u00fcken\",\"publisher\":{\"@id\":\"https:\/\/kuken.alfadyser.dev\/#organization\"},\"potentialAction\":[{\"@type\":\"SearchAction\",\"target\":{\"@type\":\"EntryPoint\",\"urlTemplate\":\"https:\/\/kuken.alfadyser.dev\/?s={search_term_string}\"},\"query-input\":{\"@type\":\"PropertyValueSpecification\",\"valueRequired\":true,\"valueName\":\"search_term_string\"}}],\"inLanguage\":\"pt-PT\"},{\"@type\":\"Organization\",\"@id\":\"https:\/\/kuken.alfadyser.dev\/#organization\",\"name\":\"Alfa Dyser\",\"url\":\"https:\/\/kuken.alfadyser.dev\/\",\"logo\":{\"@type\":\"ImageObject\",\"inLanguage\":\"pt-PT\",\"@id\":\"https:\/\/kuken.alfadyser.dev\/#\/schema\/logo\/image\/\",\"url\":\"https:\/\/kuken.alfadyser.dev\/wp-content\/uploads\/2019\/04\/kuken-logo.png\",\"contentUrl\":\"https:\/\/kuken.alfadyser.dev\/wp-content\/uploads\/2019\/04\/kuken-logo.png\",\"width\":500,\"height\":191,\"caption\":\"Alfa Dyser\"},\"image\":{\"@id\":\"https:\/\/kuken.alfadyser.dev\/#\/schema\/logo\/image\/\"},\"sameAs\":[\"https:\/\/es-es.facebook.com\/alfadyser\/\",\"https:\/\/www.instagram.com\/kuken_appliances\/\"]}]}<\/script>\n<meta property=\"product:price:currency\" content=\"EUR\" \/>\n<meta property=\"og:availability\" content=\"instock\" \/>\n<meta property=\"product:availability\" content=\"instock\" \/>\n<meta property=\"product:retailer_item_id\" content=\"34200\" \/>\n<meta property=\"product:condition\" content=\"new\" \/>\n<!-- \/ Yoast SEO Premium plugin. -->","yoast_head_json":{"title":"RADIADOR DE \u00d3LEO 9 ELEMENTOS MINI 900W - K\u00fcken","description":"Radiador de aceite 9 elementos mini 900w, compacto y eficiente. Ideal para espacios peque\u00f1os, con seguridad t\u00e9rmica y dise\u00f1o f\u00e1cil de transportar.","robots":{"index":"noindex","follow":"follow","max-snippet":"max-snippet:-1","max-image-preview":"max-image-preview:large","max-video-preview":"max-video-preview:-1"},"og_locale":"pt_PT","og_type":"article","og_title":"RADIADOR DE ACEITE 9 ELEMENTOS MINI 900W","og_description":"Radiador de aceite 9 elementos mini 900w, compacto y eficiente. Ideal para espacios peque\u00f1os, con seguridad t\u00e9rmica y dise\u00f1o f\u00e1cil de transportar.","og_url":"https:\/\/kuken.alfadyser.dev\/pt\/produto\/mini-radiador-de-oleo-900w-de-9-elementos\/","og_site_name":"K\u00fcken","article_publisher":"https:\/\/es-es.facebook.com\/alfadyser\/","article_modified_time":"2025-07-22T09:43:07+00:00","og_image":[{"width":2000,"height":2000,"url":"https:\/\/kuken.alfadyser.dev\/wp-content\/uploads\/8425160342005_01.jpg","type":"image\/jpeg"}],"twitter_card":"summary_large_image","twitter_misc":{"pre\u00e7o":"","Disponibilidade":"Em stock"},"schema":{"@context":"https:\/\/schema.org","@graph":[{"@type":"WebPage","@id":"https:\/\/kuken.alfadyser.dev\/producto\/radiador-de-aceite-9-elementos-mini-900w\/","url":"https:\/\/kuken.alfadyser.dev\/producto\/radiador-de-aceite-9-elementos-mini-900w\/","name":"RADIADOR DE \u00d3LEO 9 ELEMENTOS MINI 900W - K\u00fcken","isPartOf":{"@id":"https:\/\/kuken.alfadyser.dev\/#website"},"primaryImageOfPage":{"@id":"https:\/\/kuken.alfadyser.dev\/producto\/radiador-de-aceite-9-elementos-mini-900w\/#primaryimage"},"image":{"@id":"https:\/\/kuken.alfadyser.dev\/producto\/radiador-de-aceite-9-elementos-mini-900w\/#primaryimage"},"thumbnailUrl":"https:\/\/kuken.alfadyser.dev\/wp-content\/uploads\/8425160342005_01.jpg","datePublished":"2021-09-27T09:30:25+00:00","dateModified":"2025-07-22T09:43:07+00:00","description":"Radiador de aceite 9 elementos mini 900w, compacto y eficiente. Ideal para espacios peque\u00f1os, con seguridad t\u00e9rmica y dise\u00f1o f\u00e1cil de transportar.","breadcrumb":{"@id":"https:\/\/kuken.alfadyser.dev\/producto\/radiador-de-aceite-9-elementos-mini-900w\/#breadcrumb"},"inLanguage":"pt-PT","potentialAction":[{"@type":"ReadAction","target":["https:\/\/kuken.alfadyser.dev\/producto\/radiador-de-aceite-9-elementos-mini-900w\/"]}]},{"@type":"ImageObject","inLanguage":"pt-PT","@id":"https:\/\/kuken.alfadyser.dev\/producto\/radiador-de-aceite-9-elementos-mini-900w\/#primaryimage","url":"https:\/\/kuken.alfadyser.dev\/wp-content\/uploads\/8425160342005_01.jpg","contentUrl":"https:\/\/kuken.alfadyser.dev\/wp-content\/uploads\/8425160342005_01.jpg","width":2000,"height":2000,"caption":"Radiador de aceite mini 900w kuken"},{"@type":"BreadcrumbList","@id":"https:\/\/kuken.alfadyser.dev\/producto\/radiador-de-aceite-9-elementos-mini-900w\/#breadcrumb","itemListElement":[{"@type":"ListItem","position":1,"name":"Portada","item":"https:\/\/kuken.alfadyser.dev\/"},{"@type":"ListItem","position":2,"name":"Productos","item":"https:\/\/kuken.alfadyser.dev\/productos\/"},{"@type":"ListItem","position":3,"name":"RADIADOR DE ACEITE 9 ELEMENTOS MINI 900W"}]},{"@type":"WebSite","@id":"https:\/\/kuken.alfadyser.dev\/#website","url":"https:\/\/kuken.alfadyser.dev\/","name":"K\u00fcken","description":"Vasta gama de pequenos electrodom\u00e9sticos k\u00fcken","publisher":{"@id":"https:\/\/kuken.alfadyser.dev\/#organization"},"potentialAction":[{"@type":"SearchAction","target":{"@type":"EntryPoint","urlTemplate":"https:\/\/kuken.alfadyser.dev\/?s={search_term_string}"},"query-input":{"@type":"PropertyValueSpecification","valueRequired":true,"valueName":"search_term_string"}}],"inLanguage":"pt-PT"},{"@type":"Organization","@id":"https:\/\/kuken.alfadyser.dev\/#organization","name":"Alpha Dyser","url":"https:\/\/kuken.alfadyser.dev\/","logo":{"@type":"ImageObject","inLanguage":"pt-PT","@id":"https:\/\/kuken.alfadyser.dev\/#\/schema\/logo\/image\/","url":"https:\/\/kuken.alfadyser.dev\/wp-content\/uploads\/2019\/04\/kuken-logo.png","contentUrl":"https:\/\/kuken.alfadyser.dev\/wp-content\/uploads\/2019\/04\/kuken-logo.png","width":500,"height":191,"caption":"Alfa Dyser"},"image":{"@id":"https:\/\/kuken.alfadyser.dev\/#\/schema\/logo\/image\/"},"sameAs":["https:\/\/es-es.facebook.com\/alfadyser\/","https:\/\/www.instagram.com\/kuken_appliances\/"]}]},"product_price_currency":"EUR","og_availability":"instock","product_availability":"instock","product_retailer_item_id":"34200","product_condition":"new"},"_links":{"self":[{"href":"https:\/\/kuken.alfadyser.dev\/pt\/wp-json\/wp\/v2\/product\/7589","targetHints":{"allow":["GET"]}}],"collection":[{"href":"https:\/\/kuken.alfadyser.dev\/pt\/wp-json\/wp\/v2\/product"}],"about":[{"href":"https:\/\/kuken.alfadyser.dev\/pt\/wp-json\/wp\/v2\/types\/product"}],"wp:featuredmedia":[{"embeddable":true,"href":"https:\/\/kuken.alfadyser.dev\/pt\/wp-json\/wp\/v2\/media\/7590"}],"wp:attachment":[{"href":"https:\/\/kuken.alfadyser.dev\/pt\/wp-json\/wp\/v2\/media?parent=7589"}],"wp:term":[{"taxonomy":"product_brand","embeddable":true,"href":"https:\/\/kuken.alfadyser.dev\/pt\/wp-json\/wp\/v2\/product_brand?post=7589"},{"taxonomy":"product_cat","embeddable":true,"href":"https:\/\/kuken.alfadyser.dev\/pt\/wp-json\/wp\/v2\/product_cat?post=7589"},{"taxonomy":"product_tag","embeddable":true,"href":"https:\/\/kuken.alfadyser.dev\/pt\/wp-json\/wp\/v2\/product_tag?post=7589"}],"curies":[{"name":"wp","href":"https:\/\/api.w.org\/{rel}","templated":true}]}}