{"id":7452,"date":"2021-04-28T11:57:59","date_gmt":"2021-04-28T09:57:59","guid":{"rendered":"https:\/\/kuken.alfadyser.dev\/?post_type=product&#038;p=7452"},"modified":"2025-07-22T11:45:17","modified_gmt":"2025-07-22T09:45:17","slug":"ventilador-de-suelo-45w-aire-direccionable","status":"publish","type":"product","link":"https:\/\/kuken.alfadyser.dev\/pt\/produto\/ventilador-de-suelo-45w-aire-direccionable\/","title":{"rendered":"VENTILADOR DE CH\u00c3O 45W AR DIRECCIONAL"},"content":{"rendered":"<p>VENTILADOR DE CH\u00c3O 45W AR DIRECCIONAL<\/p>\n<ul>\n<li data-start=\"826\" data-end=\"905\">\n<p data-start=\"828\" data-end=\"905\">Ventilador de 45 W, ideal para refrescar estancias peque\u00f1as y medianas.<\/p>\n<\/li>\n<li data-start=\"906\" data-end=\"977\">\n<p data-start=\"908\" data-end=\"977\">Dise\u00f1o de pl\u00e1stico PC con acabado blanco, ligero y moderno.<\/p>\n<\/li>\n<li data-start=\"978\" data-end=\"1041\">\n<p data-start=\"980\" data-end=\"1041\">Selector con 3 velocidades, ajustable a cada necesidad.<\/p>\n<\/li>\n<li data-start=\"1042\" data-end=\"1113\">\n<p data-start=\"1044\" data-end=\"1113\">Rejilla multidireccional de 360\u00b0, dirige el aire con precisi\u00f3n.<\/p>\n<\/li>\n<li data-start=\"1114\" data-end=\"1195\">\n<p data-start=\"1116\" data-end=\"1195\">Compuesto por 5 aspas pl\u00e1sticas de alta resistencia, gran caudal de aire.<\/p>\n<\/li>\n<li data-start=\"1196\" data-end=\"1260\">\n<p data-start=\"1198\" data-end=\"1260\">Rejilla de seguridad, uso seguro en entornos dom\u00e9sticos.<\/p>\n<\/li>\n<li data-start=\"1261\" data-end=\"1337\">\n<p data-start=\"1263\" data-end=\"1337\">Temporizador de apagado hasta 60 minutos, control del tiempo de uso.<\/p>\n<\/li>\n<li data-start=\"1338\" data-end=\"1392\">\n<p data-start=\"1340\" data-end=\"1392\">Asa de transporte, facilita su desplazamiento.<\/p>\n<\/li>\n<li data-start=\"1393\" data-end=\"1458\">\n<p data-start=\"1395\" data-end=\"1458\">Cable de 1,50 m de longitud, mayor libertad de ubicaci\u00f3n.<\/p>\n<\/li>\n<li data-start=\"1459\" data-end=\"1527\">\n<p data-start=\"1461\" data-end=\"1527\">Ideal para uso en dormitorios, salones, oficinas o estudios.<\/p>\n<\/li>\n<li data-start=\"1528\" data-end=\"1597\">\n<p data-start=\"1530\" data-end=\"1597\">Compacto y eficiente, con dise\u00f1o orientado a la practicidad diaria.<\/p>\n<\/li>\n<\/ul>\n<p><div class=\"accordion\"><div class=\"mfn-acc accordion_wrapper  toggle\"><div class=\"question\"><div class=\"title\"><i class=\"icon-plus acc-icon-plus\" aria-hidden=\"true\"><\/i><i class=\"icon-minus acc-icon-minus\" aria-hidden=\"true\"><\/i>Dados do produto<\/div><div class=\"answer\">EAN: 8425160315160<\/p>\n<p>VENTILADOR DE CH\u00c3O 45W AR DIRECCIONAL<\/p>\n<p>Unidades: 1<br \/>\nCor: Branco<br \/>\nEmbalagem: Caixa colorida<br \/>\nPot\u00eancia: 45 W<br \/>\nTens\u00e3o: 230 V<br \/>\nTama\u00f1o: 340 mm<br \/>\nMaterial: PC<br \/>\nVelocidades: 3<br \/>\nPeso: 1,96 kg<\/div><\/div>\n<\/div><\/div>\n<br \/>\n<div class=\"accordion\"><div class=\"mfn-acc accordion_wrapper  toggle\"><div class=\"question\"><div class=\"title\"><i class=\"icon-plus acc-icon-plus\" aria-hidden=\"true\"><\/i><i class=\"icon-minus acc-icon-minus\" aria-hidden=\"true\"><\/i>Acess\u00f3rios<\/div><div class=\"answer\"><\/div><\/div>\n<\/div><\/div>\n<\/p>\n<div class=\"descargas-producto\"><a href=\"https:\/\/kuken.alfadyser.dev\/wp-content\/uploads\/pdf\/8425160341381_ficha_tecnica.pdf\"><img loading=\"lazy\" decoding=\"async\" src=\"\/wp-content\/uploads\/2019\/12\/picto-descarrega.png\" alt=\"descarregar ficha de dados\" width=\"23\" height=\"16\" \/>Descarregar ficha<\/a><a href=\"\/wp-content\/uploads\/pdf\/8425160315160_manual.pdf\" target=\"_blank\" rel=\"noopener noreferrer\"><br \/>\n<\/a><a href=\"\/wp-content\/uploads\/pdf\/34138_instrucciones-1.pdf\"><img loading=\"lazy\" decoding=\"async\" src=\"\/wp-content\/uploads\/2019\/12\/picto-descarrega.png\" alt=\"descarregar manual de instru\u00e7\u00f5es\" width=\"23\" height=\"16\" \/>Descarregar o manual<\/a><\/div>\n<div><\/div>\n<div><span style=\"color: #bf2121\">Siga-nos nas redes sociais!<\/span><\/div>\n<div><a href=\"https:\/\/www.instagram.com\/kuken_appliances\/\">https:\/\/www.instagram.com\/kuken_appliances\/<\/a><\/div>\n<p><iframe loading=\"lazy\" title=\"Ventiladores Kuken\" width=\"560\" height=\"315\" src=\"https:\/\/www.youtube.com\/embed\/YiLHFxcebs0?feature=oembed\" frameborder=\"0\" allow=\"accelerometer; autoplay; clipboard-write; encrypted-media; gyroscope; picture-in-picture; web-share\" referrerpolicy=\"strict-origin-when-cross-origin\" allowfullscreen><\/iframe><\/p>","protected":false},"excerpt":{"rendered":"<p data-start=\"508\" data-end=\"656\">Este ventilador compacto y direccional ofrece una ventilaci\u00f3n precisa con rejilla 360\u00b0, temporizador y dise\u00f1o funcional para un frescor a tu medida.<\/p>\n<p data-start=\"658\" data-end=\"758\">","protected":false},"featured_media":7455,"template":"","meta":[],"product_brand":[],"product_cat":[223],"product_tag":[],"class_list":{"0":"post-7452","1":"product","2":"type-product","3":"status-publish","4":"has-post-thumbnail","6":"product_cat-ventiladores","8":"first","9":"instock","10":"shipping-taxable","11":"product-type-simple"},"yoast_head":"<!-- This site is optimized with the Yoast SEO Premium plugin v24.0 (Yoast SEO v26.5) - https:\/\/yoast.com\/wordpress\/plugins\/seo\/ -->\n<title>VENTILADOR DE SUELO 45W AIRE DIRECCIONABLE - K\u00fcken<\/title>\n<meta name=\"description\" content=\"Ventilador de suelo con 45w de potencia. Rejilla de seguridad multidireccionable de caudal de aire (360\u00ba). Visita la web de K\u00fcken.es\" \/>\n<meta name=\"robots\" content=\"noindex, follow, max-snippet:-1, max-image-preview:large, max-video-preview:-1\" \/>\n<meta property=\"og:locale\" content=\"pt_PT\" \/>\n<meta property=\"og:type\" content=\"article\" \/>\n<meta property=\"og:title\" content=\"VENTILADOR DE SUELO 45W AIRE DIRECCIONABLE\" \/>\n<meta property=\"og:description\" content=\"Ventilador de suelo con 45w de potencia. Rejilla de seguridad multidireccionable de caudal de aire (360\u00ba). Visita la web de K\u00fcken.es\" \/>\n<meta property=\"og:url\" content=\"https:\/\/kuken.alfadyser.dev\/pt\/produto\/ventilador-de-suelo-45w-aire-direccionable\/\" \/>\n<meta property=\"og:site_name\" content=\"K\u00fcken\" \/>\n<meta property=\"article:publisher\" content=\"https:\/\/es-es.facebook.com\/alfadyser\/\" \/>\n<meta property=\"article:modified_time\" content=\"2025-07-22T09:45:17+00:00\" \/>\n<meta property=\"og:image\" content=\"https:\/\/kuken.alfadyser.dev\/wp-content\/uploads\/8425160341381_01.jpeg\" \/>\n\t<meta property=\"og:image:width\" content=\"2000\" \/>\n\t<meta property=\"og:image:height\" content=\"2000\" \/>\n\t<meta property=\"og:image:type\" content=\"image\/jpeg\" \/>\n<meta name=\"twitter:card\" content=\"summary_large_image\" \/>\n<meta name=\"twitter:label1\" content=\"pre\u00e7o\" \/>\n\t<meta name=\"twitter:data1\" content=\"\" \/>\n\t<meta name=\"twitter:label2\" content=\"Disponibilidade\" \/>\n\t<meta name=\"twitter:data2\" content=\"Em stock\" \/>\n<script type=\"application\/ld+json\" class=\"yoast-schema-graph\">{\"@context\":\"https:\/\/schema.org\",\"@graph\":[{\"@type\":\"WebPage\",\"@id\":\"https:\/\/kuken.alfadyser.dev\/producto\/ventilador-de-suelo-45w-aire-direccionable\/\",\"url\":\"https:\/\/kuken.alfadyser.dev\/producto\/ventilador-de-suelo-45w-aire-direccionable\/\",\"name\":\"VENTILADOR DE SUELO 45W AIRE DIRECCIONABLE - K\u00fcken\",\"isPartOf\":{\"@id\":\"https:\/\/kuken.alfadyser.dev\/#website\"},\"primaryImageOfPage\":{\"@id\":\"https:\/\/kuken.alfadyser.dev\/producto\/ventilador-de-suelo-45w-aire-direccionable\/#primaryimage\"},\"image\":{\"@id\":\"https:\/\/kuken.alfadyser.dev\/producto\/ventilador-de-suelo-45w-aire-direccionable\/#primaryimage\"},\"thumbnailUrl\":\"https:\/\/kuken.alfadyser.dev\/wp-content\/uploads\/8425160341381_01.jpeg\",\"datePublished\":\"2021-04-28T09:57:59+00:00\",\"dateModified\":\"2025-07-22T09:45:17+00:00\",\"description\":\"Ventilador de suelo con 45w de potencia. Rejilla de seguridad multidireccionable de caudal de aire (360\u00ba). Visita la web de K\u00fcken.es\",\"breadcrumb\":{\"@id\":\"https:\/\/kuken.alfadyser.dev\/producto\/ventilador-de-suelo-45w-aire-direccionable\/#breadcrumb\"},\"inLanguage\":\"pt-PT\",\"potentialAction\":[{\"@type\":\"ReadAction\",\"target\":[\"https:\/\/kuken.alfadyser.dev\/producto\/ventilador-de-suelo-45w-aire-direccionable\/\"]}]},{\"@type\":\"ImageObject\",\"inLanguage\":\"pt-PT\",\"@id\":\"https:\/\/kuken.alfadyser.dev\/producto\/ventilador-de-suelo-45w-aire-direccionable\/#primaryimage\",\"url\":\"https:\/\/kuken.alfadyser.dev\/wp-content\/uploads\/8425160341381_01.jpeg\",\"contentUrl\":\"https:\/\/kuken.alfadyser.dev\/wp-content\/uploads\/8425160341381_01.jpeg\",\"width\":2000,\"height\":2000,\"caption\":\"Ventilador de suelo 45w multidireccionable K\u00fcken\"},{\"@type\":\"BreadcrumbList\",\"@id\":\"https:\/\/kuken.alfadyser.dev\/producto\/ventilador-de-suelo-45w-aire-direccionable\/#breadcrumb\",\"itemListElement\":[{\"@type\":\"ListItem\",\"position\":1,\"name\":\"Portada\",\"item\":\"https:\/\/kuken.alfadyser.dev\/\"},{\"@type\":\"ListItem\",\"position\":2,\"name\":\"Productos\",\"item\":\"https:\/\/kuken.alfadyser.dev\/productos\/\"},{\"@type\":\"ListItem\",\"position\":3,\"name\":\"VENTILADOR DE SUELO 45W AIRE DIRECCIONABLE\"}]},{\"@type\":\"WebSite\",\"@id\":\"https:\/\/kuken.alfadyser.dev\/#website\",\"url\":\"https:\/\/kuken.alfadyser.dev\/\",\"name\":\"K\u00fcken\",\"description\":\"Amplia gama de peque\u00f1o electrodom\u00e9stico k\u00fcken\",\"publisher\":{\"@id\":\"https:\/\/kuken.alfadyser.dev\/#organization\"},\"potentialAction\":[{\"@type\":\"SearchAction\",\"target\":{\"@type\":\"EntryPoint\",\"urlTemplate\":\"https:\/\/kuken.alfadyser.dev\/?s={search_term_string}\"},\"query-input\":{\"@type\":\"PropertyValueSpecification\",\"valueRequired\":true,\"valueName\":\"search_term_string\"}}],\"inLanguage\":\"pt-PT\"},{\"@type\":\"Organization\",\"@id\":\"https:\/\/kuken.alfadyser.dev\/#organization\",\"name\":\"Alfa Dyser\",\"url\":\"https:\/\/kuken.alfadyser.dev\/\",\"logo\":{\"@type\":\"ImageObject\",\"inLanguage\":\"pt-PT\",\"@id\":\"https:\/\/kuken.alfadyser.dev\/#\/schema\/logo\/image\/\",\"url\":\"https:\/\/kuken.alfadyser.dev\/wp-content\/uploads\/2019\/04\/kuken-logo.png\",\"contentUrl\":\"https:\/\/kuken.alfadyser.dev\/wp-content\/uploads\/2019\/04\/kuken-logo.png\",\"width\":500,\"height\":191,\"caption\":\"Alfa Dyser\"},\"image\":{\"@id\":\"https:\/\/kuken.alfadyser.dev\/#\/schema\/logo\/image\/\"},\"sameAs\":[\"https:\/\/es-es.facebook.com\/alfadyser\/\",\"https:\/\/www.instagram.com\/kuken_appliances\/\"]}]}<\/script>\n<meta property=\"product:price:currency\" content=\"EUR\" \/>\n<meta property=\"og:availability\" content=\"instock\" \/>\n<meta property=\"product:availability\" content=\"instock\" \/>\n<meta property=\"product:retailer_item_id\" content=\"34138\" \/>\n<meta property=\"product:condition\" content=\"new\" \/>\n<!-- \/ Yoast SEO Premium plugin. -->","yoast_head_json":{"title":"VENTILADOR DE SUELO 45W AIRE DIRECCIONABLE - K\u00fcken","description":"Ventilador de suelo con 45w de potencia. Rejilla de seguridad multidireccionable de caudal de aire (360\u00ba). Visita la web de K\u00fcken.es","robots":{"index":"noindex","follow":"follow","max-snippet":"max-snippet:-1","max-image-preview":"max-image-preview:large","max-video-preview":"max-video-preview:-1"},"og_locale":"pt_PT","og_type":"article","og_title":"VENTILADOR DE SUELO 45W AIRE DIRECCIONABLE","og_description":"Ventilador de suelo con 45w de potencia. Rejilla de seguridad multidireccionable de caudal de aire (360\u00ba). Visita la web de K\u00fcken.es","og_url":"https:\/\/kuken.alfadyser.dev\/pt\/produto\/ventilador-de-suelo-45w-aire-direccionable\/","og_site_name":"K\u00fcken","article_publisher":"https:\/\/es-es.facebook.com\/alfadyser\/","article_modified_time":"2025-07-22T09:45:17+00:00","og_image":[{"width":2000,"height":2000,"url":"https:\/\/kuken.alfadyser.dev\/wp-content\/uploads\/8425160341381_01.jpeg","type":"image\/jpeg"}],"twitter_card":"summary_large_image","twitter_misc":{"pre\u00e7o":"","Disponibilidade":"Em stock"},"schema":{"@context":"https:\/\/schema.org","@graph":[{"@type":"WebPage","@id":"https:\/\/kuken.alfadyser.dev\/producto\/ventilador-de-suelo-45w-aire-direccionable\/","url":"https:\/\/kuken.alfadyser.dev\/producto\/ventilador-de-suelo-45w-aire-direccionable\/","name":"VENTILADOR DE SUELO 45W AIRE DIRECCIONABLE - K\u00fcken","isPartOf":{"@id":"https:\/\/kuken.alfadyser.dev\/#website"},"primaryImageOfPage":{"@id":"https:\/\/kuken.alfadyser.dev\/producto\/ventilador-de-suelo-45w-aire-direccionable\/#primaryimage"},"image":{"@id":"https:\/\/kuken.alfadyser.dev\/producto\/ventilador-de-suelo-45w-aire-direccionable\/#primaryimage"},"thumbnailUrl":"https:\/\/kuken.alfadyser.dev\/wp-content\/uploads\/8425160341381_01.jpeg","datePublished":"2021-04-28T09:57:59+00:00","dateModified":"2025-07-22T09:45:17+00:00","description":"Ventilador de suelo con 45w de potencia. Rejilla de seguridad multidireccionable de caudal de aire (360\u00ba). Visita la web de K\u00fcken.es","breadcrumb":{"@id":"https:\/\/kuken.alfadyser.dev\/producto\/ventilador-de-suelo-45w-aire-direccionable\/#breadcrumb"},"inLanguage":"pt-PT","potentialAction":[{"@type":"ReadAction","target":["https:\/\/kuken.alfadyser.dev\/producto\/ventilador-de-suelo-45w-aire-direccionable\/"]}]},{"@type":"ImageObject","inLanguage":"pt-PT","@id":"https:\/\/kuken.alfadyser.dev\/producto\/ventilador-de-suelo-45w-aire-direccionable\/#primaryimage","url":"https:\/\/kuken.alfadyser.dev\/wp-content\/uploads\/8425160341381_01.jpeg","contentUrl":"https:\/\/kuken.alfadyser.dev\/wp-content\/uploads\/8425160341381_01.jpeg","width":2000,"height":2000,"caption":"Ventilador de suelo 45w multidireccionable K\u00fcken"},{"@type":"BreadcrumbList","@id":"https:\/\/kuken.alfadyser.dev\/producto\/ventilador-de-suelo-45w-aire-direccionable\/#breadcrumb","itemListElement":[{"@type":"ListItem","position":1,"name":"Portada","item":"https:\/\/kuken.alfadyser.dev\/"},{"@type":"ListItem","position":2,"name":"Productos","item":"https:\/\/kuken.alfadyser.dev\/productos\/"},{"@type":"ListItem","position":3,"name":"VENTILADOR DE SUELO 45W AIRE DIRECCIONABLE"}]},{"@type":"WebSite","@id":"https:\/\/kuken.alfadyser.dev\/#website","url":"https:\/\/kuken.alfadyser.dev\/","name":"K\u00fcken","description":"Vasta gama de pequenos electrodom\u00e9sticos k\u00fcken","publisher":{"@id":"https:\/\/kuken.alfadyser.dev\/#organization"},"potentialAction":[{"@type":"SearchAction","target":{"@type":"EntryPoint","urlTemplate":"https:\/\/kuken.alfadyser.dev\/?s={search_term_string}"},"query-input":{"@type":"PropertyValueSpecification","valueRequired":true,"valueName":"search_term_string"}}],"inLanguage":"pt-PT"},{"@type":"Organization","@id":"https:\/\/kuken.alfadyser.dev\/#organization","name":"Alpha Dyser","url":"https:\/\/kuken.alfadyser.dev\/","logo":{"@type":"ImageObject","inLanguage":"pt-PT","@id":"https:\/\/kuken.alfadyser.dev\/#\/schema\/logo\/image\/","url":"https:\/\/kuken.alfadyser.dev\/wp-content\/uploads\/2019\/04\/kuken-logo.png","contentUrl":"https:\/\/kuken.alfadyser.dev\/wp-content\/uploads\/2019\/04\/kuken-logo.png","width":500,"height":191,"caption":"Alfa Dyser"},"image":{"@id":"https:\/\/kuken.alfadyser.dev\/#\/schema\/logo\/image\/"},"sameAs":["https:\/\/es-es.facebook.com\/alfadyser\/","https:\/\/www.instagram.com\/kuken_appliances\/"]}]},"product_price_currency":"EUR","og_availability":"instock","product_availability":"instock","product_retailer_item_id":"34138","product_condition":"new"},"_links":{"self":[{"href":"https:\/\/kuken.alfadyser.dev\/pt\/wp-json\/wp\/v2\/product\/7452","targetHints":{"allow":["GET"]}}],"collection":[{"href":"https:\/\/kuken.alfadyser.dev\/pt\/wp-json\/wp\/v2\/product"}],"about":[{"href":"https:\/\/kuken.alfadyser.dev\/pt\/wp-json\/wp\/v2\/types\/product"}],"wp:featuredmedia":[{"embeddable":true,"href":"https:\/\/kuken.alfadyser.dev\/pt\/wp-json\/wp\/v2\/media\/7455"}],"wp:attachment":[{"href":"https:\/\/kuken.alfadyser.dev\/pt\/wp-json\/wp\/v2\/media?parent=7452"}],"wp:term":[{"taxonomy":"product_brand","embeddable":true,"href":"https:\/\/kuken.alfadyser.dev\/pt\/wp-json\/wp\/v2\/product_brand?post=7452"},{"taxonomy":"product_cat","embeddable":true,"href":"https:\/\/kuken.alfadyser.dev\/pt\/wp-json\/wp\/v2\/product_cat?post=7452"},{"taxonomy":"product_tag","embeddable":true,"href":"https:\/\/kuken.alfadyser.dev\/pt\/wp-json\/wp\/v2\/product_tag?post=7452"}],"curies":[{"name":"wp","href":"https:\/\/api.w.org\/{rel}","templated":true}]}}