{"id":7307,"date":"2021-04-28T09:24:46","date_gmt":"2021-04-28T07:24:46","guid":{"rendered":"https:\/\/kuken.alfadyser.dev\/?post_type=product&#038;p=7307"},"modified":"2025-07-22T11:46:20","modified_gmt":"2025-07-22T09:46:20","slug":"ventilador-de-nebulizacao-com-controlo-remoto","status":"publish","type":"product","link":"https:\/\/kuken.alfadyser.dev\/pt\/produto\/ventilador-de-nebulizacao-com-controlo-remoto\/","title":{"rendered":"VENTOINHA DE NEBULIZA\u00c7\u00c3O K\u00dcKEN COM CONTROLO REMOTO"},"content":{"rendered":"<p>VENTOINHA DE NEBULIZA\u00c7\u00c3O K\u00dcKEN COM CONTROLO REMOTO<\/p>\n<ul data-start=\"813\" data-end=\"1607\">\n<li data-start=\"813\" data-end=\"895\">\n<p data-start=\"815\" data-end=\"895\">Ventilador y nebulizador de 100 W, ideal para refrescar en d\u00edas calurosos.<\/p>\n<\/li>\n<li data-start=\"896\" data-end=\"986\">\n<p data-start=\"898\" data-end=\"986\">Funciona como ventilador tradicional o con efecto nebulizador (vapor de agua).<\/p>\n<\/li>\n<li data-start=\"987\" data-end=\"1055\">\n<p data-start=\"989\" data-end=\"1055\">Volumen de rociado ajustable, adapta la humedad al ambiente.<\/p>\n<\/li>\n<li data-start=\"1056\" data-end=\"1118\">\n<p data-start=\"1058\" data-end=\"1118\">Dep\u00f3sito de agua de 3,2 litros, gran autonom\u00eda de uso.<\/p>\n<\/li>\n<li data-start=\"1119\" data-end=\"1191\">\n<p data-start=\"1121\" data-end=\"1191\">Tres modos de aire: normal, dormir y natural, seg\u00fan preferencia.<\/p>\n<\/li>\n<li data-start=\"1192\" data-end=\"1263\">\n<p data-start=\"1194\" data-end=\"1263\">Posici\u00f3n fija u oscilante, con \u00e1ngulo de giro de hasta 90\u00b0.<\/p>\n<\/li>\n<li data-start=\"1264\" data-end=\"1339\">\n<p data-start=\"1266\" data-end=\"1339\">Rejilla met\u00e1lica de seguridad, uso confiable en cualquier estancia.<\/p>\n<\/li>\n<li data-start=\"1340\" data-end=\"1398\">\n<p data-start=\"1342\" data-end=\"1398\">Asa trasera integrada, para moverlo con facilidad.<\/p>\n<\/li>\n<li data-start=\"1399\" data-end=\"1468\">\n<p data-start=\"1401\" data-end=\"1468\">Base amplia, garantiza estabilidad durante el funcionamiento.<\/p>\n<\/li>\n<li data-start=\"1469\" data-end=\"1546\">\n<p data-start=\"1471\" data-end=\"1546\">Mando a distancia incluido, controla todas las funciones sin moverse.<\/p>\n<\/li>\n<li data-start=\"1547\" data-end=\"1607\">\n<p data-start=\"1549\" data-end=\"1607\">Ideal para hogares, oficinas o terrazas semicubiertas.<\/p>\n<\/li>\n<\/ul>\n<p><div class=\"accordion\"><div class=\"mfn-acc accordion_wrapper  toggle\"><div class=\"question\"><div class=\"title\"><i class=\"icon-plus acc-icon-plus\" aria-hidden=\"true\"><\/i><i class=\"icon-minus acc-icon-minus\" aria-hidden=\"true\"><\/i>Dados do produto<\/div><div class=\"answer\">EAN: 8425160353070<\/p>\n<p>VENTOINHA DE NEBULIZA\u00c7\u00c3O K\u00dcKEN COM CONTROLO REMOTO<\/p>\n<p>Unidades: 1<br \/>\nCor: preto<br \/>\nEmbalagem: Caixa colorida<br \/>\nPot\u00eancia: 100W<br \/>\nTens\u00e3o: 230V<br \/>\nBase antiderrapante: Sim<br \/>\nVelocidades: 3<br \/>\nDi\u00e2metro: 420 mm<\/div><\/div>\n<\/div><\/div>\n<br \/>\n<div class=\"accordion\"><div class=\"mfn-acc accordion_wrapper  toggle\"><div class=\"question\"><div class=\"title\"><i class=\"icon-plus acc-icon-plus\" aria-hidden=\"true\"><\/i><i class=\"icon-minus acc-icon-minus\" aria-hidden=\"true\"><\/i>Acess\u00f3rios<\/div><div class=\"answer\"><\/div><\/div>\n<\/div><\/div>\n<\/p>\n<div class=\"descargas-producto\"><a href=\"https:\/\/kuken.alfadyser.dev\/wp-content\/uploads\/8425160353070_ficha_tecnica.pdf\"><img loading=\"lazy\" decoding=\"async\" src=\"\/wp-content\/uploads\/2019\/12\/picto-descarrega.png\" alt=\"descarregar ficha de dados\" width=\"23\" height=\"16\" \/>Descarregar ficha<\/a><a href=\"\/wp-content\/uploads\/pdf\/8425160338114_manual.pdf\" target=\"_blank\" rel=\"noopener noreferrer\"><br \/>\n<\/a><a href=\"https:\/\/kuken.alfadyser.dev\/wp-content\/uploads\/pdf\/35307_instrucciones.pdf\"><img loading=\"lazy\" decoding=\"async\" src=\"\/wp-content\/uploads\/2019\/12\/picto-descarrega.png\" alt=\"descarregar manual de instru\u00e7\u00f5es\" width=\"23\" height=\"16\" \/>Descarregar o manual<\/a><\/div>\n<div><\/div>\n<div><span style=\"color: #bf2121\">Siga-nos nas redes sociais!<\/span><\/div>\n<div><a href=\"https:\/\/www.instagram.com\/kuken_appliances\/\">https:\/\/www.instagram.com\/kuken_appliances\/<\/a><\/div>\n<p><iframe loading=\"lazy\" title=\"Ventiladores Kuken\" width=\"560\" height=\"315\" src=\"https:\/\/www.youtube.com\/embed\/YiLHFxcebs0?feature=oembed\" frameborder=\"0\" allow=\"accelerometer; autoplay; clipboard-write; encrypted-media; gyroscope; picture-in-picture; web-share\" referrerpolicy=\"strict-origin-when-cross-origin\" allowfullscreen><\/iframe><\/p>","protected":false},"excerpt":{"rendered":"<p data-start=\"503\" data-end=\"647\">Disfruta de una ventilaci\u00f3n intensa y fresca gracias a su funci\u00f3n de nebulizaci\u00f3n, control remoto, modos programables y dise\u00f1o estable y seguro.<\/p>\n<p data-start=\"649\" data-end=\"745\">","protected":false},"featured_media":7308,"template":"","meta":[],"product_brand":[],"product_cat":[223],"product_tag":[],"class_list":{"0":"post-7307","1":"product","2":"type-product","3":"status-publish","4":"has-post-thumbnail","6":"product_cat-ventiladores","8":"first","9":"instock","10":"shipping-taxable","11":"product-type-simple"},"yoast_head":"<!-- This site is optimized with the Yoast SEO Premium plugin v24.0 (Yoast SEO v26.5) - https:\/\/yoast.com\/wordpress\/plugins\/seo\/ -->\n<title>VENTILADOR K\u00dcKEN NEBULIZADOR CON MANDO A DISTANCIA - K\u00fcken<\/title>\n<meta name=\"description\" content=\"Ventilador y nebulizador con 100W de potencia y un dep\u00f3sito de 3,2L. Dise\u00f1o con aspas met\u00e1licas, aumentando la ventilaci\u00f3n. Visita K\u00fcken\" \/>\n<meta name=\"robots\" content=\"noindex, follow, max-snippet:-1, max-image-preview:large, max-video-preview:-1\" \/>\n<meta property=\"og:locale\" content=\"pt_PT\" \/>\n<meta property=\"og:type\" content=\"article\" \/>\n<meta property=\"og:title\" content=\"VENTILADOR K\u00dcKEN NEBULIZADOR CON MANDO A DISTANCIA\" \/>\n<meta property=\"og:description\" content=\"Ventilador y nebulizador con 100W de potencia y un dep\u00f3sito de 3,2L. Dise\u00f1o con aspas met\u00e1licas, aumentando la ventilaci\u00f3n. Visita K\u00fcken\" \/>\n<meta property=\"og:url\" content=\"https:\/\/kuken.alfadyser.dev\/pt\/produto\/ventilador-de-nebulizacao-com-controlo-remoto\/\" \/>\n<meta property=\"og:site_name\" content=\"K\u00fcken\" \/>\n<meta property=\"article:publisher\" content=\"https:\/\/es-es.facebook.com\/alfadyser\/\" \/>\n<meta property=\"article:modified_time\" content=\"2025-07-22T09:46:20+00:00\" \/>\n<meta property=\"og:image\" content=\"https:\/\/kuken.alfadyser.dev\/wp-content\/uploads\/8425160353070_03.jpg\" \/>\n\t<meta property=\"og:image:width\" content=\"2000\" \/>\n\t<meta property=\"og:image:height\" content=\"2000\" \/>\n\t<meta property=\"og:image:type\" content=\"image\/jpeg\" \/>\n<meta name=\"twitter:card\" content=\"summary_large_image\" \/>\n<meta name=\"twitter:label1\" content=\"pre\u00e7o\" \/>\n\t<meta name=\"twitter:data1\" content=\"\" \/>\n\t<meta name=\"twitter:label2\" content=\"Disponibilidade\" \/>\n\t<meta name=\"twitter:data2\" content=\"Em stock\" \/>\n<script type=\"application\/ld+json\" class=\"yoast-schema-graph\">{\"@context\":\"https:\/\/schema.org\",\"@graph\":[{\"@type\":\"WebPage\",\"@id\":\"https:\/\/kuken.alfadyser.dev\/producto\/ventilador-nebulizador-con-mando-a-distancia\/\",\"url\":\"https:\/\/kuken.alfadyser.dev\/producto\/ventilador-nebulizador-con-mando-a-distancia\/\",\"name\":\"VENTILADOR K\u00dcKEN NEBULIZADOR CON MANDO A DISTANCIA - K\u00fcken\",\"isPartOf\":{\"@id\":\"https:\/\/kuken.alfadyser.dev\/#website\"},\"primaryImageOfPage\":{\"@id\":\"https:\/\/kuken.alfadyser.dev\/producto\/ventilador-nebulizador-con-mando-a-distancia\/#primaryimage\"},\"image\":{\"@id\":\"https:\/\/kuken.alfadyser.dev\/producto\/ventilador-nebulizador-con-mando-a-distancia\/#primaryimage\"},\"thumbnailUrl\":\"https:\/\/kuken.alfadyser.dev\/wp-content\/uploads\/8425160353070_03.jpg\",\"datePublished\":\"2021-04-28T07:24:46+00:00\",\"dateModified\":\"2025-07-22T09:46:20+00:00\",\"description\":\"Ventilador y nebulizador con 100W de potencia y un dep\u00f3sito de 3,2L. Dise\u00f1o con aspas met\u00e1licas, aumentando la ventilaci\u00f3n. Visita K\u00fcken\",\"breadcrumb\":{\"@id\":\"https:\/\/kuken.alfadyser.dev\/producto\/ventilador-nebulizador-con-mando-a-distancia\/#breadcrumb\"},\"inLanguage\":\"pt-PT\",\"potentialAction\":[{\"@type\":\"ReadAction\",\"target\":[\"https:\/\/kuken.alfadyser.dev\/producto\/ventilador-nebulizador-con-mando-a-distancia\/\"]}]},{\"@type\":\"ImageObject\",\"inLanguage\":\"pt-PT\",\"@id\":\"https:\/\/kuken.alfadyser.dev\/producto\/ventilador-nebulizador-con-mando-a-distancia\/#primaryimage\",\"url\":\"https:\/\/kuken.alfadyser.dev\/wp-content\/uploads\/8425160353070_03.jpg\",\"contentUrl\":\"https:\/\/kuken.alfadyser.dev\/wp-content\/uploads\/8425160353070_03.jpg\",\"width\":2000,\"height\":2000,\"caption\":\"Ventilador K\u00fcken nebulizado con mando a distancia\"},{\"@type\":\"BreadcrumbList\",\"@id\":\"https:\/\/kuken.alfadyser.dev\/producto\/ventilador-nebulizador-con-mando-a-distancia\/#breadcrumb\",\"itemListElement\":[{\"@type\":\"ListItem\",\"position\":1,\"name\":\"Portada\",\"item\":\"https:\/\/kuken.alfadyser.dev\/\"},{\"@type\":\"ListItem\",\"position\":2,\"name\":\"Productos\",\"item\":\"https:\/\/kuken.alfadyser.dev\/productos\/\"},{\"@type\":\"ListItem\",\"position\":3,\"name\":\"VENTILADOR K\u00dcKEN NEBULIZADOR CON MANDO A DISTANCIA\"}]},{\"@type\":\"WebSite\",\"@id\":\"https:\/\/kuken.alfadyser.dev\/#website\",\"url\":\"https:\/\/kuken.alfadyser.dev\/\",\"name\":\"K\u00fcken\",\"description\":\"Amplia gama de peque\u00f1o electrodom\u00e9stico k\u00fcken\",\"publisher\":{\"@id\":\"https:\/\/kuken.alfadyser.dev\/#organization\"},\"potentialAction\":[{\"@type\":\"SearchAction\",\"target\":{\"@type\":\"EntryPoint\",\"urlTemplate\":\"https:\/\/kuken.alfadyser.dev\/?s={search_term_string}\"},\"query-input\":{\"@type\":\"PropertyValueSpecification\",\"valueRequired\":true,\"valueName\":\"search_term_string\"}}],\"inLanguage\":\"pt-PT\"},{\"@type\":\"Organization\",\"@id\":\"https:\/\/kuken.alfadyser.dev\/#organization\",\"name\":\"Alfa Dyser\",\"url\":\"https:\/\/kuken.alfadyser.dev\/\",\"logo\":{\"@type\":\"ImageObject\",\"inLanguage\":\"pt-PT\",\"@id\":\"https:\/\/kuken.alfadyser.dev\/#\/schema\/logo\/image\/\",\"url\":\"https:\/\/kuken.alfadyser.dev\/wp-content\/uploads\/2019\/04\/kuken-logo.png\",\"contentUrl\":\"https:\/\/kuken.alfadyser.dev\/wp-content\/uploads\/2019\/04\/kuken-logo.png\",\"width\":500,\"height\":191,\"caption\":\"Alfa Dyser\"},\"image\":{\"@id\":\"https:\/\/kuken.alfadyser.dev\/#\/schema\/logo\/image\/\"},\"sameAs\":[\"https:\/\/es-es.facebook.com\/alfadyser\/\",\"https:\/\/www.instagram.com\/kuken_appliances\/\"]}]}<\/script>\n<meta property=\"product:price:currency\" content=\"EUR\" \/>\n<meta property=\"og:availability\" content=\"instock\" \/>\n<meta property=\"product:availability\" content=\"instock\" \/>\n<meta property=\"product:retailer_item_id\" content=\"35307\" \/>\n<meta property=\"product:condition\" content=\"new\" \/>\n<!-- \/ Yoast SEO Premium plugin. -->","yoast_head_json":{"title":"VENTOINHA DE NEBULIZA\u00c7\u00c3O K\u00dcKEN COM CONTROLO REMOTO - K\u00fcken","description":"Ventilador e nebulizador com 100W de pot\u00eancia e um dep\u00f3sito de 3,2L. Design com l\u00e2minas met\u00e1licas, aumentando a ventila\u00e7\u00e3o. Visitar K\u00fcken","robots":{"index":"noindex","follow":"follow","max-snippet":"max-snippet:-1","max-image-preview":"max-image-preview:large","max-video-preview":"max-video-preview:-1"},"og_locale":"pt_PT","og_type":"article","og_title":"VENTILADOR K\u00dcKEN NEBULIZADOR CON MANDO A DISTANCIA","og_description":"Ventilador y nebulizador con 100W de potencia y un dep\u00f3sito de 3,2L. Dise\u00f1o con aspas met\u00e1licas, aumentando la ventilaci\u00f3n. Visita K\u00fcken","og_url":"https:\/\/kuken.alfadyser.dev\/pt\/produto\/ventilador-de-nebulizacao-com-controlo-remoto\/","og_site_name":"K\u00fcken","article_publisher":"https:\/\/es-es.facebook.com\/alfadyser\/","article_modified_time":"2025-07-22T09:46:20+00:00","og_image":[{"width":2000,"height":2000,"url":"https:\/\/kuken.alfadyser.dev\/wp-content\/uploads\/8425160353070_03.jpg","type":"image\/jpeg"}],"twitter_card":"summary_large_image","twitter_misc":{"pre\u00e7o":"","Disponibilidade":"Em stock"},"schema":{"@context":"https:\/\/schema.org","@graph":[{"@type":"WebPage","@id":"https:\/\/kuken.alfadyser.dev\/producto\/ventilador-nebulizador-con-mando-a-distancia\/","url":"https:\/\/kuken.alfadyser.dev\/producto\/ventilador-nebulizador-con-mando-a-distancia\/","name":"VENTOINHA DE NEBULIZA\u00c7\u00c3O K\u00dcKEN COM CONTROLO REMOTO - K\u00fcken","isPartOf":{"@id":"https:\/\/kuken.alfadyser.dev\/#website"},"primaryImageOfPage":{"@id":"https:\/\/kuken.alfadyser.dev\/producto\/ventilador-nebulizador-con-mando-a-distancia\/#primaryimage"},"image":{"@id":"https:\/\/kuken.alfadyser.dev\/producto\/ventilador-nebulizador-con-mando-a-distancia\/#primaryimage"},"thumbnailUrl":"https:\/\/kuken.alfadyser.dev\/wp-content\/uploads\/8425160353070_03.jpg","datePublished":"2021-04-28T07:24:46+00:00","dateModified":"2025-07-22T09:46:20+00:00","description":"Ventilador e nebulizador com 100W de pot\u00eancia e um dep\u00f3sito de 3,2L. Design com l\u00e2minas met\u00e1licas, aumentando a ventila\u00e7\u00e3o. Visitar K\u00fcken","breadcrumb":{"@id":"https:\/\/kuken.alfadyser.dev\/producto\/ventilador-nebulizador-con-mando-a-distancia\/#breadcrumb"},"inLanguage":"pt-PT","potentialAction":[{"@type":"ReadAction","target":["https:\/\/kuken.alfadyser.dev\/producto\/ventilador-nebulizador-con-mando-a-distancia\/"]}]},{"@type":"ImageObject","inLanguage":"pt-PT","@id":"https:\/\/kuken.alfadyser.dev\/producto\/ventilador-nebulizador-con-mando-a-distancia\/#primaryimage","url":"https:\/\/kuken.alfadyser.dev\/wp-content\/uploads\/8425160353070_03.jpg","contentUrl":"https:\/\/kuken.alfadyser.dev\/wp-content\/uploads\/8425160353070_03.jpg","width":2000,"height":2000,"caption":"Ventilador K\u00fcken nebulizado con mando a distancia"},{"@type":"BreadcrumbList","@id":"https:\/\/kuken.alfadyser.dev\/producto\/ventilador-nebulizador-con-mando-a-distancia\/#breadcrumb","itemListElement":[{"@type":"ListItem","position":1,"name":"Portada","item":"https:\/\/kuken.alfadyser.dev\/"},{"@type":"ListItem","position":2,"name":"Productos","item":"https:\/\/kuken.alfadyser.dev\/productos\/"},{"@type":"ListItem","position":3,"name":"VENTILADOR K\u00dcKEN NEBULIZADOR CON MANDO A DISTANCIA"}]},{"@type":"WebSite","@id":"https:\/\/kuken.alfadyser.dev\/#website","url":"https:\/\/kuken.alfadyser.dev\/","name":"K\u00fcken","description":"Vasta gama de pequenos electrodom\u00e9sticos k\u00fcken","publisher":{"@id":"https:\/\/kuken.alfadyser.dev\/#organization"},"potentialAction":[{"@type":"SearchAction","target":{"@type":"EntryPoint","urlTemplate":"https:\/\/kuken.alfadyser.dev\/?s={search_term_string}"},"query-input":{"@type":"PropertyValueSpecification","valueRequired":true,"valueName":"search_term_string"}}],"inLanguage":"pt-PT"},{"@type":"Organization","@id":"https:\/\/kuken.alfadyser.dev\/#organization","name":"Alpha Dyser","url":"https:\/\/kuken.alfadyser.dev\/","logo":{"@type":"ImageObject","inLanguage":"pt-PT","@id":"https:\/\/kuken.alfadyser.dev\/#\/schema\/logo\/image\/","url":"https:\/\/kuken.alfadyser.dev\/wp-content\/uploads\/2019\/04\/kuken-logo.png","contentUrl":"https:\/\/kuken.alfadyser.dev\/wp-content\/uploads\/2019\/04\/kuken-logo.png","width":500,"height":191,"caption":"Alfa Dyser"},"image":{"@id":"https:\/\/kuken.alfadyser.dev\/#\/schema\/logo\/image\/"},"sameAs":["https:\/\/es-es.facebook.com\/alfadyser\/","https:\/\/www.instagram.com\/kuken_appliances\/"]}]},"product_price_currency":"EUR","og_availability":"instock","product_availability":"instock","product_retailer_item_id":"35307","product_condition":"new"},"_links":{"self":[{"href":"https:\/\/kuken.alfadyser.dev\/pt\/wp-json\/wp\/v2\/product\/7307","targetHints":{"allow":["GET"]}}],"collection":[{"href":"https:\/\/kuken.alfadyser.dev\/pt\/wp-json\/wp\/v2\/product"}],"about":[{"href":"https:\/\/kuken.alfadyser.dev\/pt\/wp-json\/wp\/v2\/types\/product"}],"wp:featuredmedia":[{"embeddable":true,"href":"https:\/\/kuken.alfadyser.dev\/pt\/wp-json\/wp\/v2\/media\/7308"}],"wp:attachment":[{"href":"https:\/\/kuken.alfadyser.dev\/pt\/wp-json\/wp\/v2\/media?parent=7307"}],"wp:term":[{"taxonomy":"product_brand","embeddable":true,"href":"https:\/\/kuken.alfadyser.dev\/pt\/wp-json\/wp\/v2\/product_brand?post=7307"},{"taxonomy":"product_cat","embeddable":true,"href":"https:\/\/kuken.alfadyser.dev\/pt\/wp-json\/wp\/v2\/product_cat?post=7307"},{"taxonomy":"product_tag","embeddable":true,"href":"https:\/\/kuken.alfadyser.dev\/pt\/wp-json\/wp\/v2\/product_tag?post=7307"}],"curies":[{"name":"wp","href":"https:\/\/api.w.org\/{rel}","templated":true}]}}