{"id":6601,"date":"2020-11-16T10:55:14","date_gmt":"2020-11-16T09:55:14","guid":{"rendered":"https:\/\/kuken.alfadyser.dev\/?post_type=product&#038;p=6601"},"modified":"2025-07-31T08:13:51","modified_gmt":"2025-07-31T06:13:51","slug":"batidora-brazo-blanca-500w-kuken","status":"publish","type":"product","link":"https:\/\/kuken.alfadyser.dev\/pt\/produto\/batidora-brazo-blanca-500w-kuken\/","title":{"rendered":"MISTURADORA DE BRA\u00c7O BRANCO K\u00dcKEN 500W"},"content":{"rendered":"<p>MISTURADORA DE BRA\u00c7O BRANCO K\u00dcKEN 500W<\/p>\n<ul data-start=\"526\" data-end=\"990\">\n<li data-start=\"526\" data-end=\"593\">\n<p data-start=\"528\" data-end=\"593\">Motor de 500W: potencia ideal para batidos, salsas y pur\u00e9s.<\/p>\n<\/li>\n<li data-start=\"594\" data-end=\"683\">\n<p data-start=\"596\" data-end=\"683\">Modo TURBO + velocidad est\u00e1ndar: para un control preciso en cada preparaci\u00f3n.<\/p>\n<\/li>\n<li data-start=\"684\" data-end=\"774\">\n<p data-start=\"686\" data-end=\"774\">Cuchillas de acero inoxidable: resistentes y eficaces incluso con alimentos duros.<\/p>\n<\/li>\n<li data-start=\"775\" data-end=\"849\">\n<p data-start=\"777\" data-end=\"849\">Brazo batidor de pl\u00e1stico resistente: duradero y f\u00e1cil de limpiar.<\/p>\n<\/li>\n<li data-start=\"850\" data-end=\"919\">\n<p data-start=\"852\" data-end=\"919\">Dise\u00f1o ergon\u00f3mico: proporciona un agarre c\u00f3modo y seguro.<\/p>\n<\/li>\n<li data-start=\"920\" data-end=\"990\">\n<p data-start=\"922\" data-end=\"990\">Cuerpo en PC blanco: ligero, funcional y de f\u00e1cil mantenimiento.<\/p>\n<\/li>\n<\/ul>\n<div class=\"accordion\"><div class=\"mfn-acc accordion_wrapper  toggle\"><div class=\"question\"><div class=\"title\"><i class=\"icon-plus acc-icon-plus\" aria-hidden=\"true\"><\/i><i class=\"icon-minus acc-icon-minus\" aria-hidden=\"true\"><\/i>Dados do produto<\/div><div class=\"answer\">EAN 8425160340759<\/p>\n<p>MISTURADORA DE BRA\u00c7O BRANCO K\u00dcKEN 500W<\/p>\n<p>Unidade de embalagem 1<br \/>\nCor Branco<br \/>\nEmbalagem Caixa colorida<br \/>\nPot\u00eancia 500 W<br \/>\nTens\u00e3o 230 V<br \/>\nMaterial Pl\u00e1stico<br \/>\nVelocidade 2<br \/>\nFunci\u00f3n turbo S\u00ed<br \/>\nDestac\u00e1vel Sim<\/div><\/div>\n<\/div><\/div>\n\n<div class=\"descargas-producto\"><a href=\"https:\/\/kuken.alfadyser.dev\/wp-content\/uploads\/pdf\/8425160340759_ficha_tecnica.pdf\"><img loading=\"lazy\" decoding=\"async\" src=\"\/wp-content\/uploads\/2019\/12\/picto-descarrega.png\" alt=\"descarregar ficha de dados\" width=\"23\" height=\"16\" \/>Descarregar ficha<\/a><br \/>\n<a href=\"https:\/\/kuken.alfadyser.dev\/wp-content\/uploads\/pdf\/34075_instrucciones.pdf\"><img loading=\"lazy\" decoding=\"async\" src=\"\/wp-content\/uploads\/2019\/12\/picto-descarrega.png\" alt=\"descarregar manual de instru\u00e7\u00f5es\" width=\"23\" height=\"16\" \/>Descarregar o manual<\/a><\/div>\n<div><\/div>\n<div>\n<div><span style=\"color: #bf2121;\">Siga-nos nas redes sociais!<\/span><\/div>\n<div><a href=\"https:\/\/www.instagram.com\/kuken_appliances\/\">https:\/\/www.instagram.com\/kuken_appliances\/<\/a><\/div>\n<div><\/div>\n<\/div>\n<p><iframe loading=\"lazy\" title=\"Batidoras de BRAZO K\u00dcKEN\" width=\"560\" height=\"315\" src=\"https:\/\/www.youtube.com\/embed\/-6TQB4N3qtw?feature=oembed\" frameborder=\"0\" allow=\"accelerometer; autoplay; clipboard-write; encrypted-media; gyroscope; picture-in-picture; web-share\" referrerpolicy=\"strict-origin-when-cross-origin\" allowfullscreen><\/iframe><\/p>","protected":false},"excerpt":{"rendered":"<p data-start=\"344\" data-end=\"488\">Dise\u00f1ada para ofrecer eficiencia y control en cada receta. Su dise\u00f1o ergon\u00f3mico y funciones pr\u00e1cticas la convierten en una herramienta esencial.<\/p>","protected":false},"featured_media":6566,"template":"","meta":[],"product_brand":[],"product_cat":[206],"product_tag":[],"class_list":{"0":"post-6601","1":"product","2":"type-product","3":"status-publish","4":"has-post-thumbnail","6":"product_cat-batidoras","7":"pa_tipo-batidora-brazo","9":"first","10":"instock","11":"shipping-taxable","12":"product-type-simple"},"yoast_head":"<!-- This site is optimized with the Yoast SEO Premium plugin v24.0 (Yoast SEO v26.5) - https:\/\/yoast.com\/wordpress\/plugins\/seo\/ -->\n<title>BATIDORA BRAZO BLANCA 500W K\u00dcKEN - K\u00fcken<\/title>\n<meta name=\"description\" content=\"Batidora de brazo blanca con 500w de potencia. Con un dise\u00f1o ergon\u00f3mico y manejable . Descubre la batidora de brazo en la web de k\u00fcken.\" \/>\n<meta name=\"robots\" content=\"noindex, follow, max-snippet:-1, max-image-preview:large, max-video-preview:-1\" \/>\n<meta property=\"og:locale\" content=\"pt_PT\" \/>\n<meta property=\"og:type\" content=\"article\" \/>\n<meta property=\"og:title\" content=\"BATIDORA BRAZO BLANCA 500W K\u00dcKEN\" \/>\n<meta property=\"og:description\" content=\"Batidora de brazo blanca con 500w de potencia. Con un dise\u00f1o ergon\u00f3mico y manejable . Descubre la batidora de brazo en la web de k\u00fcken.\" \/>\n<meta property=\"og:url\" content=\"https:\/\/kuken.alfadyser.dev\/pt\/produto\/batidora-brazo-blanca-500w-kuken\/\" \/>\n<meta property=\"og:site_name\" content=\"K\u00fcken\" \/>\n<meta property=\"article:publisher\" content=\"https:\/\/es-es.facebook.com\/alfadyser\/\" \/>\n<meta property=\"article:modified_time\" content=\"2025-07-31T06:13:51+00:00\" \/>\n<meta property=\"og:image\" content=\"https:\/\/kuken.alfadyser.dev\/wp-content\/uploads\/34075_1-1.jpg\" \/>\n\t<meta property=\"og:image:width\" content=\"2000\" \/>\n\t<meta property=\"og:image:height\" content=\"2000\" \/>\n\t<meta property=\"og:image:type\" content=\"image\/jpeg\" \/>\n<meta name=\"twitter:card\" content=\"summary_large_image\" \/>\n<meta name=\"twitter:label1\" content=\"pre\u00e7o\" \/>\n\t<meta name=\"twitter:data1\" content=\"\" \/>\n\t<meta name=\"twitter:label2\" content=\"Disponibilidade\" \/>\n\t<meta name=\"twitter:data2\" content=\"Em stock\" \/>\n<script type=\"application\/ld+json\" class=\"yoast-schema-graph\">{\"@context\":\"https:\/\/schema.org\",\"@graph\":[{\"@type\":\"WebPage\",\"@id\":\"https:\/\/kuken.alfadyser.dev\/producto\/batidora-brazo-blanca-500w-kuken\/\",\"url\":\"https:\/\/kuken.alfadyser.dev\/producto\/batidora-brazo-blanca-500w-kuken\/\",\"name\":\"BATIDORA BRAZO BLANCA 500W K\u00dcKEN - K\u00fcken\",\"isPartOf\":{\"@id\":\"https:\/\/kuken.alfadyser.dev\/#website\"},\"primaryImageOfPage\":{\"@id\":\"https:\/\/kuken.alfadyser.dev\/producto\/batidora-brazo-blanca-500w-kuken\/#primaryimage\"},\"image\":{\"@id\":\"https:\/\/kuken.alfadyser.dev\/producto\/batidora-brazo-blanca-500w-kuken\/#primaryimage\"},\"thumbnailUrl\":\"https:\/\/kuken.alfadyser.dev\/wp-content\/uploads\/34075_1-1.jpg\",\"datePublished\":\"2020-11-16T09:55:14+00:00\",\"dateModified\":\"2025-07-31T06:13:51+00:00\",\"description\":\"Batidora de brazo blanca con 500w de potencia. Con un dise\u00f1o ergon\u00f3mico y manejable . Descubre la batidora de brazo en la web de k\u00fcken.\",\"breadcrumb\":{\"@id\":\"https:\/\/kuken.alfadyser.dev\/producto\/batidora-brazo-blanca-500w-kuken\/#breadcrumb\"},\"inLanguage\":\"pt-PT\",\"potentialAction\":[{\"@type\":\"ReadAction\",\"target\":[\"https:\/\/kuken.alfadyser.dev\/producto\/batidora-brazo-blanca-500w-kuken\/\"]}]},{\"@type\":\"ImageObject\",\"inLanguage\":\"pt-PT\",\"@id\":\"https:\/\/kuken.alfadyser.dev\/producto\/batidora-brazo-blanca-500w-kuken\/#primaryimage\",\"url\":\"https:\/\/kuken.alfadyser.dev\/wp-content\/uploads\/34075_1-1.jpg\",\"contentUrl\":\"https:\/\/kuken.alfadyser.dev\/wp-content\/uploads\/34075_1-1.jpg\",\"width\":2000,\"height\":2000,\"caption\":\"Batidora de brazo blanca\"},{\"@type\":\"BreadcrumbList\",\"@id\":\"https:\/\/kuken.alfadyser.dev\/producto\/batidora-brazo-blanca-500w-kuken\/#breadcrumb\",\"itemListElement\":[{\"@type\":\"ListItem\",\"position\":1,\"name\":\"Portada\",\"item\":\"https:\/\/kuken.alfadyser.dev\/\"},{\"@type\":\"ListItem\",\"position\":2,\"name\":\"Productos\",\"item\":\"https:\/\/kuken.alfadyser.dev\/productos\/\"},{\"@type\":\"ListItem\",\"position\":3,\"name\":\"BATIDORA BRAZO BLANCA 500W K\u00dcKEN\"}]},{\"@type\":\"WebSite\",\"@id\":\"https:\/\/kuken.alfadyser.dev\/#website\",\"url\":\"https:\/\/kuken.alfadyser.dev\/\",\"name\":\"K\u00fcken\",\"description\":\"Amplia gama de peque\u00f1o electrodom\u00e9stico k\u00fcken\",\"publisher\":{\"@id\":\"https:\/\/kuken.alfadyser.dev\/#organization\"},\"potentialAction\":[{\"@type\":\"SearchAction\",\"target\":{\"@type\":\"EntryPoint\",\"urlTemplate\":\"https:\/\/kuken.alfadyser.dev\/?s={search_term_string}\"},\"query-input\":{\"@type\":\"PropertyValueSpecification\",\"valueRequired\":true,\"valueName\":\"search_term_string\"}}],\"inLanguage\":\"pt-PT\"},{\"@type\":\"Organization\",\"@id\":\"https:\/\/kuken.alfadyser.dev\/#organization\",\"name\":\"Alfa Dyser\",\"url\":\"https:\/\/kuken.alfadyser.dev\/\",\"logo\":{\"@type\":\"ImageObject\",\"inLanguage\":\"pt-PT\",\"@id\":\"https:\/\/kuken.alfadyser.dev\/#\/schema\/logo\/image\/\",\"url\":\"https:\/\/kuken.alfadyser.dev\/wp-content\/uploads\/2019\/04\/kuken-logo.png\",\"contentUrl\":\"https:\/\/kuken.alfadyser.dev\/wp-content\/uploads\/2019\/04\/kuken-logo.png\",\"width\":500,\"height\":191,\"caption\":\"Alfa Dyser\"},\"image\":{\"@id\":\"https:\/\/kuken.alfadyser.dev\/#\/schema\/logo\/image\/\"},\"sameAs\":[\"https:\/\/es-es.facebook.com\/alfadyser\/\",\"https:\/\/www.instagram.com\/kuken_appliances\/\"]}]}<\/script>\n<meta property=\"product:price:currency\" content=\"EUR\" \/>\n<meta property=\"og:availability\" content=\"instock\" \/>\n<meta property=\"product:availability\" content=\"instock\" \/>\n<meta property=\"product:retailer_item_id\" content=\"34075\" \/>\n<meta property=\"product:condition\" content=\"new\" \/>\n<!-- \/ Yoast SEO Premium plugin. -->","yoast_head_json":{"title":"BATIDORA BRAZO BLANCA 500W K\u00dcKEN - K\u00fcken","description":"Batidora de brazo blanca con 500w de potencia. Con un dise\u00f1o ergon\u00f3mico y manejable . Descubre la batidora de brazo en la web de k\u00fcken.","robots":{"index":"noindex","follow":"follow","max-snippet":"max-snippet:-1","max-image-preview":"max-image-preview:large","max-video-preview":"max-video-preview:-1"},"og_locale":"pt_PT","og_type":"article","og_title":"BATIDORA BRAZO BLANCA 500W K\u00dcKEN","og_description":"Batidora de brazo blanca con 500w de potencia. Con un dise\u00f1o ergon\u00f3mico y manejable . Descubre la batidora de brazo en la web de k\u00fcken.","og_url":"https:\/\/kuken.alfadyser.dev\/pt\/produto\/batidora-brazo-blanca-500w-kuken\/","og_site_name":"K\u00fcken","article_publisher":"https:\/\/es-es.facebook.com\/alfadyser\/","article_modified_time":"2025-07-31T06:13:51+00:00","og_image":[{"width":2000,"height":2000,"url":"https:\/\/kuken.alfadyser.dev\/wp-content\/uploads\/34075_1-1.jpg","type":"image\/jpeg"}],"twitter_card":"summary_large_image","twitter_misc":{"pre\u00e7o":"","Disponibilidade":"Em stock"},"schema":{"@context":"https:\/\/schema.org","@graph":[{"@type":"WebPage","@id":"https:\/\/kuken.alfadyser.dev\/producto\/batidora-brazo-blanca-500w-kuken\/","url":"https:\/\/kuken.alfadyser.dev\/producto\/batidora-brazo-blanca-500w-kuken\/","name":"BATIDORA BRAZO BLANCA 500W K\u00dcKEN - K\u00fcken","isPartOf":{"@id":"https:\/\/kuken.alfadyser.dev\/#website"},"primaryImageOfPage":{"@id":"https:\/\/kuken.alfadyser.dev\/producto\/batidora-brazo-blanca-500w-kuken\/#primaryimage"},"image":{"@id":"https:\/\/kuken.alfadyser.dev\/producto\/batidora-brazo-blanca-500w-kuken\/#primaryimage"},"thumbnailUrl":"https:\/\/kuken.alfadyser.dev\/wp-content\/uploads\/34075_1-1.jpg","datePublished":"2020-11-16T09:55:14+00:00","dateModified":"2025-07-31T06:13:51+00:00","description":"Batidora de brazo blanca con 500w de potencia. Con un dise\u00f1o ergon\u00f3mico y manejable . Descubre la batidora de brazo en la web de k\u00fcken.","breadcrumb":{"@id":"https:\/\/kuken.alfadyser.dev\/producto\/batidora-brazo-blanca-500w-kuken\/#breadcrumb"},"inLanguage":"pt-PT","potentialAction":[{"@type":"ReadAction","target":["https:\/\/kuken.alfadyser.dev\/producto\/batidora-brazo-blanca-500w-kuken\/"]}]},{"@type":"ImageObject","inLanguage":"pt-PT","@id":"https:\/\/kuken.alfadyser.dev\/producto\/batidora-brazo-blanca-500w-kuken\/#primaryimage","url":"https:\/\/kuken.alfadyser.dev\/wp-content\/uploads\/34075_1-1.jpg","contentUrl":"https:\/\/kuken.alfadyser.dev\/wp-content\/uploads\/34075_1-1.jpg","width":2000,"height":2000,"caption":"Batidora de brazo blanca"},{"@type":"BreadcrumbList","@id":"https:\/\/kuken.alfadyser.dev\/producto\/batidora-brazo-blanca-500w-kuken\/#breadcrumb","itemListElement":[{"@type":"ListItem","position":1,"name":"Portada","item":"https:\/\/kuken.alfadyser.dev\/"},{"@type":"ListItem","position":2,"name":"Productos","item":"https:\/\/kuken.alfadyser.dev\/productos\/"},{"@type":"ListItem","position":3,"name":"BATIDORA BRAZO BLANCA 500W K\u00dcKEN"}]},{"@type":"WebSite","@id":"https:\/\/kuken.alfadyser.dev\/#website","url":"https:\/\/kuken.alfadyser.dev\/","name":"K\u00fcken","description":"Vasta gama de pequenos electrodom\u00e9sticos k\u00fcken","publisher":{"@id":"https:\/\/kuken.alfadyser.dev\/#organization"},"potentialAction":[{"@type":"SearchAction","target":{"@type":"EntryPoint","urlTemplate":"https:\/\/kuken.alfadyser.dev\/?s={search_term_string}"},"query-input":{"@type":"PropertyValueSpecification","valueRequired":true,"valueName":"search_term_string"}}],"inLanguage":"pt-PT"},{"@type":"Organization","@id":"https:\/\/kuken.alfadyser.dev\/#organization","name":"Alpha Dyser","url":"https:\/\/kuken.alfadyser.dev\/","logo":{"@type":"ImageObject","inLanguage":"pt-PT","@id":"https:\/\/kuken.alfadyser.dev\/#\/schema\/logo\/image\/","url":"https:\/\/kuken.alfadyser.dev\/wp-content\/uploads\/2019\/04\/kuken-logo.png","contentUrl":"https:\/\/kuken.alfadyser.dev\/wp-content\/uploads\/2019\/04\/kuken-logo.png","width":500,"height":191,"caption":"Alfa Dyser"},"image":{"@id":"https:\/\/kuken.alfadyser.dev\/#\/schema\/logo\/image\/"},"sameAs":["https:\/\/es-es.facebook.com\/alfadyser\/","https:\/\/www.instagram.com\/kuken_appliances\/"]}]},"product_price_currency":"EUR","og_availability":"instock","product_availability":"instock","product_retailer_item_id":"34075","product_condition":"new"},"_links":{"self":[{"href":"https:\/\/kuken.alfadyser.dev\/pt\/wp-json\/wp\/v2\/product\/6601","targetHints":{"allow":["GET"]}}],"collection":[{"href":"https:\/\/kuken.alfadyser.dev\/pt\/wp-json\/wp\/v2\/product"}],"about":[{"href":"https:\/\/kuken.alfadyser.dev\/pt\/wp-json\/wp\/v2\/types\/product"}],"wp:featuredmedia":[{"embeddable":true,"href":"https:\/\/kuken.alfadyser.dev\/pt\/wp-json\/wp\/v2\/media\/6566"}],"wp:attachment":[{"href":"https:\/\/kuken.alfadyser.dev\/pt\/wp-json\/wp\/v2\/media?parent=6601"}],"wp:term":[{"taxonomy":"product_brand","embeddable":true,"href":"https:\/\/kuken.alfadyser.dev\/pt\/wp-json\/wp\/v2\/product_brand?post=6601"},{"taxonomy":"product_cat","embeddable":true,"href":"https:\/\/kuken.alfadyser.dev\/pt\/wp-json\/wp\/v2\/product_cat?post=6601"},{"taxonomy":"product_tag","embeddable":true,"href":"https:\/\/kuken.alfadyser.dev\/pt\/wp-json\/wp\/v2\/product_tag?post=6601"}],"curies":[{"name":"wp","href":"https:\/\/api.w.org\/{rel}","templated":true}]}}