{"id":6211,"date":"2020-10-27T13:42:31","date_gmt":"2020-10-27T12:42:31","guid":{"rendered":"https:\/\/kuken.alfadyser.dev\/producto\/mopa-fregona-electrica-360o-kuken\/"},"modified":"2025-07-23T07:26:23","modified_gmt":"2025-07-23T05:26:23","slug":"mopa-electrica-con-fregona-360o-kuken","status":"publish","type":"product","link":"https:\/\/kuken.alfadyser.dev\/pt\/produto\/mopa-electrica-con-fregona-360o-kuken\/","title":{"rendered":"ESFREGONA EL\u00c9CTRICA K\u00dcKEN 360\u00ba COM ESFREGONA"},"content":{"rendered":"<p>ESFREGONA EL\u00c9CTRICA K\u00dcKEN 360\u00ba COM ESFREGONA<\/p>\n<ul>\n<li data-start=\"539\" data-end=\"612\">\n<p data-start=\"541\" data-end=\"612\">Funci\u00f3n 2 en 1: permite fregar y encerar todo tipo de suelos.<\/p>\n<\/li>\n<li data-start=\"613\" data-end=\"688\">\n<p data-start=\"615\" data-end=\"688\">Cabezal doble con giro de 360\u00ba: m\u00e1xima maniobrabilidad y cobertura.<\/p>\n<\/li>\n<li data-start=\"689\" data-end=\"761\">\n<p data-start=\"691\" data-end=\"761\">Dise\u00f1o sin cable: facilita el uso en cualquier rinc\u00f3n del hogar.<\/p>\n<\/li>\n<li data-start=\"762\" data-end=\"833\">\n<p data-start=\"764\" data-end=\"833\">Bater\u00eda de 2000 mAh: ofrece una gran autonom\u00eda de limpieza.<\/p>\n<\/li>\n<li data-start=\"834\" data-end=\"917\">\n<p data-start=\"836\" data-end=\"917\">Luz LED frontal: mejora la visibilidad de zonas oscuras o bajo muebles.<\/p>\n<\/li>\n<li data-start=\"918\" data-end=\"996\">\n<p data-start=\"920\" data-end=\"996\">Mango telesc\u00f3pico de acero inoxidable: ajustable para mayor comodidad.<\/p>\n<\/li>\n<li data-start=\"997\" data-end=\"1077\">\n<p data-start=\"999\" data-end=\"1077\">Difusor frontal de agua: ideal para usar como fregona pulverizadora.<\/p>\n<\/li>\n<li data-start=\"1078\" data-end=\"1154\">\n<p data-start=\"1080\" data-end=\"1154\">Incluye 4 mopas intercambiables: dos para fregar y dos para encerar.<\/p>\n<\/li>\n<li data-start=\"1155\" data-end=\"1221\">\n<p data-start=\"1157\" data-end=\"1221\">Cuerpo resistente en PC blanco: ligero, duradero y elegante.<\/p>\n<\/li>\n<\/ul>\n<p><div class=\"accordion\"><div class=\"mfn-acc accordion_wrapper  toggle\"><div class=\"question\"><div class=\"title\"><i class=\"icon-plus acc-icon-plus\" aria-hidden=\"true\"><\/i><i class=\"icon-minus acc-icon-minus\" aria-hidden=\"true\"><\/i>Dados do produto<\/div><div class=\"answer\">EAN: 8425160341688<br \/>\nUnidades: 1<br \/>\nCor: Branco<br \/>\nEmbalagem: Caixa colorida<br \/>\nVoltaje: 16,8 V<br \/>\nMaterial: PC<br \/>\nPeso: 3,2 kg<br \/>\nLuz led: S\u00ed<\/div><\/div>\n<\/div><\/div>\n<br \/>\n<div class=\"accordion\"><div class=\"mfn-acc accordion_wrapper  toggle\"><div class=\"question\"><div class=\"title\"><i class=\"icon-plus acc-icon-plus\" aria-hidden=\"true\"><\/i><i class=\"icon-minus acc-icon-minus\" aria-hidden=\"true\"><\/i>Acess\u00f3rios<\/div><div class=\"answer\"><\/div><\/div>\n<\/div><\/div>\n<\/p>\n<div class=\"descargas-producto\"><a href=\"\/wp-content\/uploads\/pdf\/8425160341688_ficha_tecnica.pdf\" target=\"_blank\" rel=\"noopener noreferrer\"><br \/>\n<img loading=\"lazy\" decoding=\"async\" src=\"\/wp-content\/uploads\/2019\/12\/picto-descarrega.png\" alt=\"descarregar ficha de dados\" width=\"23\" height=\"16\" \/>Descarregar ficha<\/a><a href=\"\/wp-content\/uploads\/pdf\/8425160341688_manual.pdf\" target=\"_blank\" rel=\"noopener noreferrer\"><br \/>\n<img loading=\"lazy\" decoding=\"async\" src=\"\/wp-content\/uploads\/2019\/12\/picto-descarrega.png\" alt=\"descarregar manual de instru\u00e7\u00f5es\" width=\"23\" height=\"16\" \/>Descarregar o manual<\/a><\/div>\n<div><\/div>\n<div><span style=\"color: #bf2121\">Siga-nos nas redes sociais!<\/span><\/div>\n<div><a href=\"https:\/\/www.instagram.com\/kuken_appliances\/\">https:\/\/www.instagram.com\/kuken_appliances\/<\/a><\/div>\n<div><\/div>","protected":false},"excerpt":{"rendered":"<p>Mopa friegasuelos con cabezal doble y difusor de agua. Limpia en profundidad y sin esfuerzo los suelos de tu casa con esta innovadora mopa el\u00e9ctrica.<\/p>","protected":false},"featured_media":5820,"template":"","meta":[],"product_brand":[],"product_cat":[210],"product_tag":[],"class_list":{"0":"post-6211","1":"product","2":"type-product","3":"status-publish","4":"has-post-thumbnail","6":"product_cat-limpiadores","8":"first","9":"instock","10":"product-type-simple"},"yoast_head":"<!-- This site is optimized with the Yoast SEO Premium plugin v24.0 (Yoast SEO v26.5) - https:\/\/yoast.com\/wordpress\/plugins\/seo\/ -->\n<title>MOPA EL\u00c9CTRICA CON FREGONA 360\u00ba K\u00dcKEN - K\u00fcken<\/title>\n<meta name=\"description\" content=\"Mopa el\u00e9ctrica con fregona de doble cabezal. Limpia f\u00e1cilmente todos los suelos de la casa. Descubre aqu\u00ed todas sus caracter\u00edsticas.\" \/>\n<meta name=\"robots\" content=\"noindex, follow, max-snippet:-1, max-image-preview:large, max-video-preview:-1\" \/>\n<meta property=\"og:locale\" content=\"pt_PT\" \/>\n<meta property=\"og:type\" content=\"article\" \/>\n<meta property=\"og:title\" content=\"MOPA EL\u00c9CTRICA CON FREGONA 360\u00ba K\u00dcKEN\" \/>\n<meta property=\"og:description\" content=\"Mopa el\u00e9ctrica con fregona de doble cabezal. Limpia f\u00e1cilmente todos los suelos de la casa. Descubre aqu\u00ed todas sus caracter\u00edsticas.\" \/>\n<meta property=\"og:url\" content=\"https:\/\/kuken.alfadyser.dev\/pt\/produto\/mopa-electrica-con-fregona-360o-kuken\/\" \/>\n<meta property=\"og:site_name\" content=\"K\u00fcken\" \/>\n<meta property=\"article:publisher\" content=\"https:\/\/es-es.facebook.com\/alfadyser\/\" \/>\n<meta property=\"article:modified_time\" content=\"2025-07-23T05:26:23+00:00\" \/>\n<meta property=\"og:image\" content=\"https:\/\/kuken.alfadyser.dev\/wp-content\/uploads\/productos\/8425160341688_01.jpg\" \/>\n\t<meta property=\"og:image:width\" content=\"1500\" \/>\n\t<meta property=\"og:image:height\" content=\"1500\" \/>\n\t<meta property=\"og:image:type\" content=\"image\/jpeg\" \/>\n<meta name=\"twitter:card\" content=\"summary_large_image\" \/>\n<meta name=\"twitter:label1\" content=\"pre\u00e7o\" \/>\n\t<meta name=\"twitter:data1\" content=\"\" \/>\n\t<meta name=\"twitter:label2\" content=\"Disponibilidade\" \/>\n\t<meta name=\"twitter:data2\" content=\"Em stock\" \/>\n<script type=\"application\/ld+json\" class=\"yoast-schema-graph\">{\"@context\":\"https:\/\/schema.org\",\"@graph\":[{\"@type\":\"WebPage\",\"@id\":\"https:\/\/kuken.alfadyser.dev\/producto\/mopa-electrica-con-fregona-360o-kuken\/\",\"url\":\"https:\/\/kuken.alfadyser.dev\/producto\/mopa-electrica-con-fregona-360o-kuken\/\",\"name\":\"MOPA EL\u00c9CTRICA CON FREGONA 360\u00ba K\u00dcKEN - K\u00fcken\",\"isPartOf\":{\"@id\":\"https:\/\/kuken.alfadyser.dev\/#website\"},\"primaryImageOfPage\":{\"@id\":\"https:\/\/kuken.alfadyser.dev\/producto\/mopa-electrica-con-fregona-360o-kuken\/#primaryimage\"},\"image\":{\"@id\":\"https:\/\/kuken.alfadyser.dev\/producto\/mopa-electrica-con-fregona-360o-kuken\/#primaryimage\"},\"thumbnailUrl\":\"https:\/\/kuken.alfadyser.dev\/wp-content\/uploads\/productos\/8425160341688_01.jpg\",\"datePublished\":\"2020-10-27T12:42:31+00:00\",\"dateModified\":\"2025-07-23T05:26:23+00:00\",\"description\":\"Mopa el\u00e9ctrica con fregona de doble cabezal. Limpia f\u00e1cilmente todos los suelos de la casa. Descubre aqu\u00ed todas sus caracter\u00edsticas.\",\"breadcrumb\":{\"@id\":\"https:\/\/kuken.alfadyser.dev\/producto\/mopa-electrica-con-fregona-360o-kuken\/#breadcrumb\"},\"inLanguage\":\"pt-PT\",\"potentialAction\":[{\"@type\":\"ReadAction\",\"target\":[\"https:\/\/kuken.alfadyser.dev\/producto\/mopa-electrica-con-fregona-360o-kuken\/\"]}]},{\"@type\":\"ImageObject\",\"inLanguage\":\"pt-PT\",\"@id\":\"https:\/\/kuken.alfadyser.dev\/producto\/mopa-electrica-con-fregona-360o-kuken\/#primaryimage\",\"url\":\"https:\/\/kuken.alfadyser.dev\/wp-content\/uploads\/productos\/8425160341688_01.jpg\",\"contentUrl\":\"https:\/\/kuken.alfadyser.dev\/wp-content\/uploads\/productos\/8425160341688_01.jpg\",\"width\":1500,\"height\":1500,\"caption\":\"Mopa el\u00e9ctrica con fregona de doble cabezal\"},{\"@type\":\"BreadcrumbList\",\"@id\":\"https:\/\/kuken.alfadyser.dev\/producto\/mopa-electrica-con-fregona-360o-kuken\/#breadcrumb\",\"itemListElement\":[{\"@type\":\"ListItem\",\"position\":1,\"name\":\"Portada\",\"item\":\"https:\/\/kuken.alfadyser.dev\/\"},{\"@type\":\"ListItem\",\"position\":2,\"name\":\"Productos\",\"item\":\"https:\/\/kuken.alfadyser.dev\/productos\/\"},{\"@type\":\"ListItem\",\"position\":3,\"name\":\"MOPA EL\u00c9CTRICA CON FREGONA 360\u00ba K\u00dcKEN\"}]},{\"@type\":\"WebSite\",\"@id\":\"https:\/\/kuken.alfadyser.dev\/#website\",\"url\":\"https:\/\/kuken.alfadyser.dev\/\",\"name\":\"K\u00fcken\",\"description\":\"Amplia gama de peque\u00f1o electrodom\u00e9stico k\u00fcken\",\"publisher\":{\"@id\":\"https:\/\/kuken.alfadyser.dev\/#organization\"},\"potentialAction\":[{\"@type\":\"SearchAction\",\"target\":{\"@type\":\"EntryPoint\",\"urlTemplate\":\"https:\/\/kuken.alfadyser.dev\/?s={search_term_string}\"},\"query-input\":{\"@type\":\"PropertyValueSpecification\",\"valueRequired\":true,\"valueName\":\"search_term_string\"}}],\"inLanguage\":\"pt-PT\"},{\"@type\":\"Organization\",\"@id\":\"https:\/\/kuken.alfadyser.dev\/#organization\",\"name\":\"Alfa Dyser\",\"url\":\"https:\/\/kuken.alfadyser.dev\/\",\"logo\":{\"@type\":\"ImageObject\",\"inLanguage\":\"pt-PT\",\"@id\":\"https:\/\/kuken.alfadyser.dev\/#\/schema\/logo\/image\/\",\"url\":\"https:\/\/kuken.alfadyser.dev\/wp-content\/uploads\/2019\/04\/kuken-logo.png\",\"contentUrl\":\"https:\/\/kuken.alfadyser.dev\/wp-content\/uploads\/2019\/04\/kuken-logo.png\",\"width\":500,\"height\":191,\"caption\":\"Alfa Dyser\"},\"image\":{\"@id\":\"https:\/\/kuken.alfadyser.dev\/#\/schema\/logo\/image\/\"},\"sameAs\":[\"https:\/\/es-es.facebook.com\/alfadyser\/\",\"https:\/\/www.instagram.com\/kuken_appliances\/\"]}]}<\/script>\n<meta property=\"product:price:currency\" content=\"EUR\" \/>\n<meta property=\"og:availability\" content=\"instock\" \/>\n<meta property=\"product:availability\" content=\"instock\" \/>\n<meta property=\"product:retailer_item_id\" content=\"34168\" \/>\n<meta property=\"product:condition\" content=\"new\" \/>\n<!-- \/ Yoast SEO Premium plugin. -->","yoast_head_json":{"title":"MOPA EL\u00c9CTRICA CON FREGONA 360\u00ba K\u00dcKEN - K\u00fcken","description":"Mopa el\u00e9ctrica con fregona de doble cabezal. Limpia f\u00e1cilmente todos los suelos de la casa. Descubre aqu\u00ed todas sus caracter\u00edsticas.","robots":{"index":"noindex","follow":"follow","max-snippet":"max-snippet:-1","max-image-preview":"max-image-preview:large","max-video-preview":"max-video-preview:-1"},"og_locale":"pt_PT","og_type":"article","og_title":"MOPA EL\u00c9CTRICA CON FREGONA 360\u00ba K\u00dcKEN","og_description":"Mopa el\u00e9ctrica con fregona de doble cabezal. Limpia f\u00e1cilmente todos los suelos de la casa. Descubre aqu\u00ed todas sus caracter\u00edsticas.","og_url":"https:\/\/kuken.alfadyser.dev\/pt\/produto\/mopa-electrica-con-fregona-360o-kuken\/","og_site_name":"K\u00fcken","article_publisher":"https:\/\/es-es.facebook.com\/alfadyser\/","article_modified_time":"2025-07-23T05:26:23+00:00","og_image":[{"width":1500,"height":1500,"url":"https:\/\/kuken.alfadyser.dev\/wp-content\/uploads\/productos\/8425160341688_01.jpg","type":"image\/jpeg"}],"twitter_card":"summary_large_image","twitter_misc":{"pre\u00e7o":"","Disponibilidade":"Em stock"},"schema":{"@context":"https:\/\/schema.org","@graph":[{"@type":"WebPage","@id":"https:\/\/kuken.alfadyser.dev\/producto\/mopa-electrica-con-fregona-360o-kuken\/","url":"https:\/\/kuken.alfadyser.dev\/producto\/mopa-electrica-con-fregona-360o-kuken\/","name":"MOPA EL\u00c9CTRICA CON FREGONA 360\u00ba K\u00dcKEN - K\u00fcken","isPartOf":{"@id":"https:\/\/kuken.alfadyser.dev\/#website"},"primaryImageOfPage":{"@id":"https:\/\/kuken.alfadyser.dev\/producto\/mopa-electrica-con-fregona-360o-kuken\/#primaryimage"},"image":{"@id":"https:\/\/kuken.alfadyser.dev\/producto\/mopa-electrica-con-fregona-360o-kuken\/#primaryimage"},"thumbnailUrl":"https:\/\/kuken.alfadyser.dev\/wp-content\/uploads\/productos\/8425160341688_01.jpg","datePublished":"2020-10-27T12:42:31+00:00","dateModified":"2025-07-23T05:26:23+00:00","description":"Mopa el\u00e9ctrica con fregona de doble cabezal. Limpia f\u00e1cilmente todos los suelos de la casa. Descubre aqu\u00ed todas sus caracter\u00edsticas.","breadcrumb":{"@id":"https:\/\/kuken.alfadyser.dev\/producto\/mopa-electrica-con-fregona-360o-kuken\/#breadcrumb"},"inLanguage":"pt-PT","potentialAction":[{"@type":"ReadAction","target":["https:\/\/kuken.alfadyser.dev\/producto\/mopa-electrica-con-fregona-360o-kuken\/"]}]},{"@type":"ImageObject","inLanguage":"pt-PT","@id":"https:\/\/kuken.alfadyser.dev\/producto\/mopa-electrica-con-fregona-360o-kuken\/#primaryimage","url":"https:\/\/kuken.alfadyser.dev\/wp-content\/uploads\/productos\/8425160341688_01.jpg","contentUrl":"https:\/\/kuken.alfadyser.dev\/wp-content\/uploads\/productos\/8425160341688_01.jpg","width":1500,"height":1500,"caption":"Mopa el\u00e9ctrica con fregona de doble cabezal"},{"@type":"BreadcrumbList","@id":"https:\/\/kuken.alfadyser.dev\/producto\/mopa-electrica-con-fregona-360o-kuken\/#breadcrumb","itemListElement":[{"@type":"ListItem","position":1,"name":"Portada","item":"https:\/\/kuken.alfadyser.dev\/"},{"@type":"ListItem","position":2,"name":"Productos","item":"https:\/\/kuken.alfadyser.dev\/productos\/"},{"@type":"ListItem","position":3,"name":"MOPA EL\u00c9CTRICA CON FREGONA 360\u00ba K\u00dcKEN"}]},{"@type":"WebSite","@id":"https:\/\/kuken.alfadyser.dev\/#website","url":"https:\/\/kuken.alfadyser.dev\/","name":"K\u00fcken","description":"Vasta gama de pequenos electrodom\u00e9sticos k\u00fcken","publisher":{"@id":"https:\/\/kuken.alfadyser.dev\/#organization"},"potentialAction":[{"@type":"SearchAction","target":{"@type":"EntryPoint","urlTemplate":"https:\/\/kuken.alfadyser.dev\/?s={search_term_string}"},"query-input":{"@type":"PropertyValueSpecification","valueRequired":true,"valueName":"search_term_string"}}],"inLanguage":"pt-PT"},{"@type":"Organization","@id":"https:\/\/kuken.alfadyser.dev\/#organization","name":"Alpha Dyser","url":"https:\/\/kuken.alfadyser.dev\/","logo":{"@type":"ImageObject","inLanguage":"pt-PT","@id":"https:\/\/kuken.alfadyser.dev\/#\/schema\/logo\/image\/","url":"https:\/\/kuken.alfadyser.dev\/wp-content\/uploads\/2019\/04\/kuken-logo.png","contentUrl":"https:\/\/kuken.alfadyser.dev\/wp-content\/uploads\/2019\/04\/kuken-logo.png","width":500,"height":191,"caption":"Alfa Dyser"},"image":{"@id":"https:\/\/kuken.alfadyser.dev\/#\/schema\/logo\/image\/"},"sameAs":["https:\/\/es-es.facebook.com\/alfadyser\/","https:\/\/www.instagram.com\/kuken_appliances\/"]}]},"product_price_currency":"EUR","og_availability":"instock","product_availability":"instock","product_retailer_item_id":"34168","product_condition":"new"},"_links":{"self":[{"href":"https:\/\/kuken.alfadyser.dev\/pt\/wp-json\/wp\/v2\/product\/6211","targetHints":{"allow":["GET"]}}],"collection":[{"href":"https:\/\/kuken.alfadyser.dev\/pt\/wp-json\/wp\/v2\/product"}],"about":[{"href":"https:\/\/kuken.alfadyser.dev\/pt\/wp-json\/wp\/v2\/types\/product"}],"wp:featuredmedia":[{"embeddable":true,"href":"https:\/\/kuken.alfadyser.dev\/pt\/wp-json\/wp\/v2\/media\/5820"}],"wp:attachment":[{"href":"https:\/\/kuken.alfadyser.dev\/pt\/wp-json\/wp\/v2\/media?parent=6211"}],"wp:term":[{"taxonomy":"product_brand","embeddable":true,"href":"https:\/\/kuken.alfadyser.dev\/pt\/wp-json\/wp\/v2\/product_brand?post=6211"},{"taxonomy":"product_cat","embeddable":true,"href":"https:\/\/kuken.alfadyser.dev\/pt\/wp-json\/wp\/v2\/product_cat?post=6211"},{"taxonomy":"product_tag","embeddable":true,"href":"https:\/\/kuken.alfadyser.dev\/pt\/wp-json\/wp\/v2\/product_tag?post=6211"}],"curies":[{"name":"wp","href":"https:\/\/api.w.org\/{rel}","templated":true}]}}