{"id":3471,"date":"2020-03-02T10:24:22","date_gmt":"2020-03-02T09:24:22","guid":{"rendered":"https:\/\/kuken.alfadyser.dev\/producto\/quitapelusas-2-pilas-aa-3w-kuken\/"},"modified":"2025-07-23T10:44:18","modified_gmt":"2025-07-23T08:44:18","slug":"removedor-de-cotao-2-pilhas-aa-3w-kuken","status":"publish","type":"product","link":"https:\/\/kuken.alfadyser.dev\/pt\/produto\/removedor-de-cotao-2-pilhas-aa-3w-kuken\/","title":{"rendered":"REMOVEDOR DE COT\u00c3O 2 PILHAS AA 3W K\u00dcKEN"},"content":{"rendered":"<p>REMOVEDOR DE COT\u00c3O 2 PILHAS AA 3W K\u00dcKEN<\/p>\n<ul>\n<li data-start=\"734\" data-end=\"801\">\n<p data-start=\"736\" data-end=\"801\">Cuerpo de pl\u00e1stico resistente con acabado en blanco y azul.<\/p>\n<\/li>\n<li data-start=\"802\" data-end=\"864\">\n<p data-start=\"804\" data-end=\"864\">Piezas desmontables, f\u00e1ciles de limpiar tras cada uso.<\/p>\n<\/li>\n<li data-start=\"865\" data-end=\"945\">\n<p data-start=\"867\" data-end=\"945\">Rejilla rasuradora y cuchillas en acero inoxidable para un corte eficaz.<\/p>\n<\/li>\n<li data-start=\"946\" data-end=\"1021\">\n<p data-start=\"948\" data-end=\"1021\">Dep\u00f3sito integrado para almacenar pelusas retiradas durante el uso.<\/p>\n<\/li>\n<li data-start=\"1022\" data-end=\"1085\">\n<p data-start=\"1024\" data-end=\"1085\">Dise\u00f1o compacto y ergon\u00f3mico, ideal para el uso diario.<\/p>\n<\/li>\n<li data-start=\"1086\" data-end=\"1181\">\n<p data-start=\"1088\" data-end=\"1181\">Corte regulable, con tapa para superficies delicadas o sin tapa para mayor profundidad.<\/p>\n<\/li>\n<li data-start=\"1182\" data-end=\"1262\">\n<p data-start=\"1184\" data-end=\"1262\">Incluye cepillo de limpieza, pr\u00e1ctico para el mantenimiento del aparato.<\/p>\n<\/li>\n<li data-start=\"1263\" data-end=\"1322\">\n<p data-start=\"1265\" data-end=\"1322\">Funciona con 2 pilas AA (no incluidas), sin cables.<\/p>\n<\/li>\n<li data-start=\"1323\" data-end=\"1384\">\n<p data-start=\"1325\" data-end=\"1384\">Apto para ropa, tapicer\u00eda, mantas y tejidos diversos.<\/p>\n<\/li>\n<li data-start=\"1385\" data-end=\"1450\">\n<p data-start=\"1387\" data-end=\"1450\">Soluci\u00f3n eficaz para prolongar la vida \u00fatil de tus prendas.<\/p>\n<\/li>\n<\/ul>\n<p><div class=\"accordion\"><div class=\"mfn-acc accordion_wrapper  toggle\"><div class=\"question\"><div class=\"title\"><i class=\"icon-plus acc-icon-plus\" aria-hidden=\"true\"><\/i><i class=\"icon-minus acc-icon-minus\" aria-hidden=\"true\"><\/i>Dados do produto<\/div><div class=\"answer\">EAN 8425160340209<\/p>\n<p>REMOVEDOR DE COT\u00c3O 2 PILHAS AA 3W K\u00dcKEN<\/p>\n<p>Unidade de embalagem 1<br \/>\nCor Branco \/ Azul<br \/>\nEmbalagem Cor da caixa<br \/>\nPot\u00eancia 3 W<br \/>\nTamanho pequeno<br \/>\nMaterial Pl\u00e1stico<br \/>\nAlimentado por 2 pilhas AA (n\u00e3o inclu\u00eddas)<br \/>\nPeso 0,24 kg.<\/div><\/div>\n<\/div><\/div>\n<br \/>\n<div class=\"accordion\"><div class=\"mfn-acc accordion_wrapper  toggle\"><div class=\"question\"><div class=\"title\"><i class=\"icon-plus acc-icon-plus\" aria-hidden=\"true\"><\/i><i class=\"icon-minus acc-icon-minus\" aria-hidden=\"true\"><\/i>Acess\u00f3rios<\/div><div class=\"answer\">Limitador de corte<br \/>\nEscova de limpeza<\/div><\/div>\n<\/div><\/div>\n<\/p>\n<div class=\"descargas-producto\"><a href=\"\/wp-content\/uploads\/pdf\/8425160340209_ficha_tecnica.pdf\" target=\"_blank\" rel=\"noopener noreferrer\"><br \/>\n<img loading=\"lazy\" decoding=\"async\" src=\"\/wp-content\/uploads\/2019\/12\/picto-descarrega.png\" alt=\"descarregar ficha de dados\" width=\"23\" height=\"16\" \/>Descarregar ficha<\/a><br \/>\n<a href=\"https:\/\/kuken.alfadyser.dev\/wp-content\/uploads\/34020_instrucciones.pdf\"><img loading=\"lazy\" decoding=\"async\" src=\"\/wp-content\/uploads\/2019\/12\/picto-descarrega.png\" alt=\"descarregar manual de instru\u00e7\u00f5es\" width=\"23\" height=\"16\" \/>Descarregar o manual<\/a><\/div>\n<div><\/div>\n<div><span style=\"color: #bf2121\">Siga-nos nas redes sociais!<\/span><\/div>\n<div><a href=\"https:\/\/www.instagram.com\/kuken_appliances\/\">https:\/\/www.instagram.com\/kuken_appliances\/<\/a><\/div>","protected":false},"excerpt":{"rendered":"<p data-start=\"436\" data-end=\"587\">Devuelve el aspecto original a tus prendas con este quitapelusas c\u00f3modo, ligero y eficaz. Con cuchillas de acero, corte regulable y dep\u00f3sito extra\u00edble.<\/p>\n<p data-start=\"589\" data-end=\"660\">","protected":false},"featured_media":3472,"template":"","meta":[],"product_brand":[],"product_cat":[210],"product_tag":[],"class_list":{"0":"post-3471","1":"product","2":"type-product","3":"status-publish","4":"has-post-thumbnail","6":"product_cat-limpiadores","8":"first","9":"instock","10":"product-type-simple"},"yoast_head":"<!-- This site is optimized with the Yoast SEO Premium plugin v24.0 (Yoast SEO v26.5) - https:\/\/yoast.com\/wordpress\/plugins\/seo\/ -->\n<title>QUITAPELUSAS 2 PILAS AA 3W K\u00dcKEN - K\u00fcken<\/title>\n<meta name=\"description\" content=\"Nuevo y exclusivo quitapelusas k\u00fcken. Qu\u00edtale esas pelusas a tus prendas preferidas de manera m\u00e1s r\u00e1pida y f\u00e1cil, desc\u00fabrelo ahora.\" \/>\n<meta name=\"robots\" content=\"noindex, follow, max-snippet:-1, max-image-preview:large, max-video-preview:-1\" \/>\n<meta property=\"og:locale\" content=\"pt_PT\" \/>\n<meta property=\"og:type\" content=\"article\" \/>\n<meta property=\"og:title\" content=\"QUITAPELUSAS 2 PILAS AA 3W K\u00dcKEN\" \/>\n<meta property=\"og:description\" content=\"Nuevo y exclusivo quitapelusas k\u00fcken. Qu\u00edtale esas pelusas a tus prendas preferidas de manera m\u00e1s r\u00e1pida y f\u00e1cil, desc\u00fabrelo ahora.\" \/>\n<meta property=\"og:url\" content=\"https:\/\/kuken.alfadyser.dev\/pt\/produto\/removedor-de-cotao-2-pilhas-aa-3w-kuken\/\" \/>\n<meta property=\"og:site_name\" content=\"K\u00fcken\" \/>\n<meta property=\"article:publisher\" content=\"https:\/\/es-es.facebook.com\/alfadyser\/\" \/>\n<meta property=\"article:modified_time\" content=\"2025-07-23T08:44:18+00:00\" \/>\n<meta property=\"og:image\" content=\"https:\/\/kuken.alfadyser.dev\/wp-content\/uploads\/2020\/03\/QUITAPELUSAS-2-PILAS-AA-3W-KUKEN.jpg\" \/>\n\t<meta property=\"og:image:width\" content=\"853\" \/>\n\t<meta property=\"og:image:height\" content=\"853\" \/>\n\t<meta property=\"og:image:type\" content=\"image\/jpeg\" \/>\n<meta name=\"twitter:card\" content=\"summary_large_image\" \/>\n<meta name=\"twitter:label1\" content=\"pre\u00e7o\" \/>\n\t<meta name=\"twitter:data1\" content=\"\" \/>\n\t<meta name=\"twitter:label2\" content=\"Disponibilidade\" \/>\n\t<meta name=\"twitter:data2\" content=\"Em stock\" \/>\n<script type=\"application\/ld+json\" class=\"yoast-schema-graph\">{\"@context\":\"https:\/\/schema.org\",\"@graph\":[{\"@type\":\"WebPage\",\"@id\":\"https:\/\/kuken.alfadyser.dev\/producto\/quitapelusas-2-pilas-aa-3w-kuken\/\",\"url\":\"https:\/\/kuken.alfadyser.dev\/producto\/quitapelusas-2-pilas-aa-3w-kuken\/\",\"name\":\"QUITAPELUSAS 2 PILAS AA 3W K\u00dcKEN - K\u00fcken\",\"isPartOf\":{\"@id\":\"https:\/\/kuken.alfadyser.dev\/#website\"},\"primaryImageOfPage\":{\"@id\":\"https:\/\/kuken.alfadyser.dev\/producto\/quitapelusas-2-pilas-aa-3w-kuken\/#primaryimage\"},\"image\":{\"@id\":\"https:\/\/kuken.alfadyser.dev\/producto\/quitapelusas-2-pilas-aa-3w-kuken\/#primaryimage\"},\"thumbnailUrl\":\"https:\/\/kuken.alfadyser.dev\/wp-content\/uploads\/2020\/03\/QUITAPELUSAS-2-PILAS-AA-3W-KUKEN.jpg\",\"datePublished\":\"2020-03-02T09:24:22+00:00\",\"dateModified\":\"2025-07-23T08:44:18+00:00\",\"description\":\"Nuevo y exclusivo quitapelusas k\u00fcken. Qu\u00edtale esas pelusas a tus prendas preferidas de manera m\u00e1s r\u00e1pida y f\u00e1cil, desc\u00fabrelo ahora.\",\"breadcrumb\":{\"@id\":\"https:\/\/kuken.alfadyser.dev\/producto\/quitapelusas-2-pilas-aa-3w-kuken\/#breadcrumb\"},\"inLanguage\":\"pt-PT\",\"potentialAction\":[{\"@type\":\"ReadAction\",\"target\":[\"https:\/\/kuken.alfadyser.dev\/producto\/quitapelusas-2-pilas-aa-3w-kuken\/\"]}]},{\"@type\":\"ImageObject\",\"inLanguage\":\"pt-PT\",\"@id\":\"https:\/\/kuken.alfadyser.dev\/producto\/quitapelusas-2-pilas-aa-3w-kuken\/#primaryimage\",\"url\":\"https:\/\/kuken.alfadyser.dev\/wp-content\/uploads\/2020\/03\/QUITAPELUSAS-2-PILAS-AA-3W-KUKEN.jpg\",\"contentUrl\":\"https:\/\/kuken.alfadyser.dev\/wp-content\/uploads\/2020\/03\/QUITAPELUSAS-2-PILAS-AA-3W-KUKEN.jpg\",\"width\":853,\"height\":853,\"caption\":\"Quitapelusas k\u00fcken\"},{\"@type\":\"BreadcrumbList\",\"@id\":\"https:\/\/kuken.alfadyser.dev\/producto\/quitapelusas-2-pilas-aa-3w-kuken\/#breadcrumb\",\"itemListElement\":[{\"@type\":\"ListItem\",\"position\":1,\"name\":\"Portada\",\"item\":\"https:\/\/kuken.alfadyser.dev\/\"},{\"@type\":\"ListItem\",\"position\":2,\"name\":\"Productos\",\"item\":\"https:\/\/kuken.alfadyser.dev\/productos\/\"},{\"@type\":\"ListItem\",\"position\":3,\"name\":\"QUITAPELUSAS 2 PILAS AA 3W K\u00dcKEN\"}]},{\"@type\":\"WebSite\",\"@id\":\"https:\/\/kuken.alfadyser.dev\/#website\",\"url\":\"https:\/\/kuken.alfadyser.dev\/\",\"name\":\"K\u00fcken\",\"description\":\"Amplia gama de peque\u00f1o electrodom\u00e9stico k\u00fcken\",\"publisher\":{\"@id\":\"https:\/\/kuken.alfadyser.dev\/#organization\"},\"potentialAction\":[{\"@type\":\"SearchAction\",\"target\":{\"@type\":\"EntryPoint\",\"urlTemplate\":\"https:\/\/kuken.alfadyser.dev\/?s={search_term_string}\"},\"query-input\":{\"@type\":\"PropertyValueSpecification\",\"valueRequired\":true,\"valueName\":\"search_term_string\"}}],\"inLanguage\":\"pt-PT\"},{\"@type\":\"Organization\",\"@id\":\"https:\/\/kuken.alfadyser.dev\/#organization\",\"name\":\"Alfa Dyser\",\"url\":\"https:\/\/kuken.alfadyser.dev\/\",\"logo\":{\"@type\":\"ImageObject\",\"inLanguage\":\"pt-PT\",\"@id\":\"https:\/\/kuken.alfadyser.dev\/#\/schema\/logo\/image\/\",\"url\":\"https:\/\/kuken.alfadyser.dev\/wp-content\/uploads\/2019\/04\/kuken-logo.png\",\"contentUrl\":\"https:\/\/kuken.alfadyser.dev\/wp-content\/uploads\/2019\/04\/kuken-logo.png\",\"width\":500,\"height\":191,\"caption\":\"Alfa Dyser\"},\"image\":{\"@id\":\"https:\/\/kuken.alfadyser.dev\/#\/schema\/logo\/image\/\"},\"sameAs\":[\"https:\/\/es-es.facebook.com\/alfadyser\/\",\"https:\/\/www.instagram.com\/kuken_appliances\/\"]}]}<\/script>\n<meta property=\"product:price:currency\" content=\"EUR\" \/>\n<meta property=\"og:availability\" content=\"instock\" \/>\n<meta property=\"product:availability\" content=\"instock\" \/>\n<meta property=\"product:retailer_item_id\" content=\"34020\" \/>\n<meta property=\"product:condition\" content=\"new\" \/>\n<!-- \/ Yoast SEO Premium plugin. -->","yoast_head_json":{"title":"REMOVEDOR DE COT\u00c3O 2 PILHAS AA 3W K\u00dcKEN - K\u00fcken","description":"Novo e exclusivo removedor de cot\u00e3o k\u00fcken. Tire o cot\u00e3o das suas pe\u00e7as de roupa favoritas de forma mais r\u00e1pida e f\u00e1cil, descubra agora.","robots":{"index":"noindex","follow":"follow","max-snippet":"max-snippet:-1","max-image-preview":"max-image-preview:large","max-video-preview":"max-video-preview:-1"},"og_locale":"pt_PT","og_type":"article","og_title":"QUITAPELUSAS 2 PILAS AA 3W K\u00dcKEN","og_description":"Nuevo y exclusivo quitapelusas k\u00fcken. Qu\u00edtale esas pelusas a tus prendas preferidas de manera m\u00e1s r\u00e1pida y f\u00e1cil, desc\u00fabrelo ahora.","og_url":"https:\/\/kuken.alfadyser.dev\/pt\/produto\/removedor-de-cotao-2-pilhas-aa-3w-kuken\/","og_site_name":"K\u00fcken","article_publisher":"https:\/\/es-es.facebook.com\/alfadyser\/","article_modified_time":"2025-07-23T08:44:18+00:00","og_image":[{"width":853,"height":853,"url":"https:\/\/kuken.alfadyser.dev\/wp-content\/uploads\/2020\/03\/QUITAPELUSAS-2-PILAS-AA-3W-KUKEN.jpg","type":"image\/jpeg"}],"twitter_card":"summary_large_image","twitter_misc":{"pre\u00e7o":"","Disponibilidade":"Em stock"},"schema":{"@context":"https:\/\/schema.org","@graph":[{"@type":"WebPage","@id":"https:\/\/kuken.alfadyser.dev\/producto\/quitapelusas-2-pilas-aa-3w-kuken\/","url":"https:\/\/kuken.alfadyser.dev\/producto\/quitapelusas-2-pilas-aa-3w-kuken\/","name":"REMOVEDOR DE COT\u00c3O 2 PILHAS AA 3W K\u00dcKEN - K\u00fcken","isPartOf":{"@id":"https:\/\/kuken.alfadyser.dev\/#website"},"primaryImageOfPage":{"@id":"https:\/\/kuken.alfadyser.dev\/producto\/quitapelusas-2-pilas-aa-3w-kuken\/#primaryimage"},"image":{"@id":"https:\/\/kuken.alfadyser.dev\/producto\/quitapelusas-2-pilas-aa-3w-kuken\/#primaryimage"},"thumbnailUrl":"https:\/\/kuken.alfadyser.dev\/wp-content\/uploads\/2020\/03\/QUITAPELUSAS-2-PILAS-AA-3W-KUKEN.jpg","datePublished":"2020-03-02T09:24:22+00:00","dateModified":"2025-07-23T08:44:18+00:00","description":"Novo e exclusivo removedor de cot\u00e3o k\u00fcken. Tire o cot\u00e3o das suas pe\u00e7as de roupa favoritas de forma mais r\u00e1pida e f\u00e1cil, descubra agora.","breadcrumb":{"@id":"https:\/\/kuken.alfadyser.dev\/producto\/quitapelusas-2-pilas-aa-3w-kuken\/#breadcrumb"},"inLanguage":"pt-PT","potentialAction":[{"@type":"ReadAction","target":["https:\/\/kuken.alfadyser.dev\/producto\/quitapelusas-2-pilas-aa-3w-kuken\/"]}]},{"@type":"ImageObject","inLanguage":"pt-PT","@id":"https:\/\/kuken.alfadyser.dev\/producto\/quitapelusas-2-pilas-aa-3w-kuken\/#primaryimage","url":"https:\/\/kuken.alfadyser.dev\/wp-content\/uploads\/2020\/03\/QUITAPELUSAS-2-PILAS-AA-3W-KUKEN.jpg","contentUrl":"https:\/\/kuken.alfadyser.dev\/wp-content\/uploads\/2020\/03\/QUITAPELUSAS-2-PILAS-AA-3W-KUKEN.jpg","width":853,"height":853,"caption":"Quitapelusas k\u00fcken"},{"@type":"BreadcrumbList","@id":"https:\/\/kuken.alfadyser.dev\/producto\/quitapelusas-2-pilas-aa-3w-kuken\/#breadcrumb","itemListElement":[{"@type":"ListItem","position":1,"name":"Portada","item":"https:\/\/kuken.alfadyser.dev\/"},{"@type":"ListItem","position":2,"name":"Productos","item":"https:\/\/kuken.alfadyser.dev\/productos\/"},{"@type":"ListItem","position":3,"name":"QUITAPELUSAS 2 PILAS AA 3W K\u00dcKEN"}]},{"@type":"WebSite","@id":"https:\/\/kuken.alfadyser.dev\/#website","url":"https:\/\/kuken.alfadyser.dev\/","name":"K\u00fcken","description":"Vasta gama de pequenos electrodom\u00e9sticos k\u00fcken","publisher":{"@id":"https:\/\/kuken.alfadyser.dev\/#organization"},"potentialAction":[{"@type":"SearchAction","target":{"@type":"EntryPoint","urlTemplate":"https:\/\/kuken.alfadyser.dev\/?s={search_term_string}"},"query-input":{"@type":"PropertyValueSpecification","valueRequired":true,"valueName":"search_term_string"}}],"inLanguage":"pt-PT"},{"@type":"Organization","@id":"https:\/\/kuken.alfadyser.dev\/#organization","name":"Alpha Dyser","url":"https:\/\/kuken.alfadyser.dev\/","logo":{"@type":"ImageObject","inLanguage":"pt-PT","@id":"https:\/\/kuken.alfadyser.dev\/#\/schema\/logo\/image\/","url":"https:\/\/kuken.alfadyser.dev\/wp-content\/uploads\/2019\/04\/kuken-logo.png","contentUrl":"https:\/\/kuken.alfadyser.dev\/wp-content\/uploads\/2019\/04\/kuken-logo.png","width":500,"height":191,"caption":"Alfa Dyser"},"image":{"@id":"https:\/\/kuken.alfadyser.dev\/#\/schema\/logo\/image\/"},"sameAs":["https:\/\/es-es.facebook.com\/alfadyser\/","https:\/\/www.instagram.com\/kuken_appliances\/"]}]},"product_price_currency":"EUR","og_availability":"instock","product_availability":"instock","product_retailer_item_id":"34020","product_condition":"new"},"_links":{"self":[{"href":"https:\/\/kuken.alfadyser.dev\/pt\/wp-json\/wp\/v2\/product\/3471","targetHints":{"allow":["GET"]}}],"collection":[{"href":"https:\/\/kuken.alfadyser.dev\/pt\/wp-json\/wp\/v2\/product"}],"about":[{"href":"https:\/\/kuken.alfadyser.dev\/pt\/wp-json\/wp\/v2\/types\/product"}],"wp:featuredmedia":[{"embeddable":true,"href":"https:\/\/kuken.alfadyser.dev\/pt\/wp-json\/wp\/v2\/media\/3472"}],"wp:attachment":[{"href":"https:\/\/kuken.alfadyser.dev\/pt\/wp-json\/wp\/v2\/media?parent=3471"}],"wp:term":[{"taxonomy":"product_brand","embeddable":true,"href":"https:\/\/kuken.alfadyser.dev\/pt\/wp-json\/wp\/v2\/product_brand?post=3471"},{"taxonomy":"product_cat","embeddable":true,"href":"https:\/\/kuken.alfadyser.dev\/pt\/wp-json\/wp\/v2\/product_cat?post=3471"},{"taxonomy":"product_tag","embeddable":true,"href":"https:\/\/kuken.alfadyser.dev\/pt\/wp-json\/wp\/v2\/product_tag?post=3471"}],"curies":[{"name":"wp","href":"https:\/\/api.w.org\/{rel}","templated":true}]}}