{"id":3404,"date":"2020-03-02T10:22:16","date_gmt":"2020-03-02T09:22:16","guid":{"rendered":"https:\/\/kuken.alfadyser.dev\/producto\/balanzas-cocina-recipiente-digital-5kg-kuken\/"},"modified":"2025-07-28T11:41:38","modified_gmt":"2025-07-28T09:41:38","slug":"balanca-digital-kuken-com-recipiente-de-5-kg","status":"publish","type":"product","link":"https:\/\/kuken.alfadyser.dev\/pt\/produto\/balanca-digital-kuken-com-recipiente-de-5-kg\/","title":{"rendered":"BALAN\u00c7A DIGITAL COM RECIPIENTE DE 5 KG K\u00dcKEN"},"content":{"rendered":"<p>BALAN\u00c7A DIGITAL COM RECIPIENTE DE 5 KG K\u00dcKEN<\/p>\n<ul data-start=\"774\" data-end=\"1493\">\n<li data-start=\"774\" data-end=\"850\">\n<p data-start=\"776\" data-end=\"850\">Dise\u00f1o compacto y resistente, fabricado en pl\u00e1stico de alta calidad.<\/p>\n<\/li>\n<li data-start=\"851\" data-end=\"915\">\n<p data-start=\"853\" data-end=\"915\">Acabado moderno en rojo y blanco, atractivo y funcional.<\/p>\n<\/li>\n<li data-start=\"916\" data-end=\"991\">\n<p data-start=\"918\" data-end=\"991\">Recipiente integrado en pl\u00e1stico, pr\u00e1ctico para pesar directamente.<\/p>\n<\/li>\n<li data-start=\"992\" data-end=\"1064\">\n<p data-start=\"994\" data-end=\"1064\">Pantalla LCD clara y botones t\u00e1ctiles sensibles al contacto.<\/p>\n<\/li>\n<li data-start=\"1065\" data-end=\"1148\">\n<p data-start=\"1067\" data-end=\"1148\">Capacidad de pesaje: m\u00ednimo 1 g \/ m\u00e1ximo 5 kg, ideal para cocina dom\u00e9stica.<\/p>\n<\/li>\n<li data-start=\"1149\" data-end=\"1243\">\n<p data-start=\"1151\" data-end=\"1243\">Funci\u00f3n TARA, permite restar el peso del recipiente o pesar ingredientes en secuencia.<\/p>\n<\/li>\n<li data-start=\"1244\" data-end=\"1307\">\n<p data-start=\"1246\" data-end=\"1307\">Bot\u00f3n UNIT para seleccionar entre g \/ lb \/ oz \/ ml.<\/p>\n<\/li>\n<li data-start=\"1308\" data-end=\"1368\">\n<p data-start=\"1310\" data-end=\"1368\">Apagado autom\u00e1tico para mayor eficiencia energ\u00e9tica.<\/p>\n<\/li>\n<li data-start=\"1369\" data-end=\"1450\">\n<p data-start=\"1371\" data-end=\"1450\">Patas antideslizantes, garantizan estabilidad sobre cualquier superficie.<\/p>\n<\/li>\n<li data-start=\"1451\" data-end=\"1493\">\n<p data-start=\"1453\" data-end=\"1493\">Funciona con 2 pilas AAA, incluidas.<\/p>\n<\/li>\n<\/ul>\n<p><div class=\"accordion\"><div class=\"mfn-acc accordion_wrapper  toggle\"><div class=\"question\"><div class=\"title\"><i class=\"icon-plus acc-icon-plus\" aria-hidden=\"true\"><\/i><i class=\"icon-minus acc-icon-minus\" aria-hidden=\"true\"><\/i>Dados do produto<\/div><div class=\"answer\">EAN 8425160337025<\/p>\n<p>BALAN\u00c7A DIGITAL COM RECIPIENTE DE 5 KG K\u00dcKEN<\/p>\n<p>Unidade de embalagem 1<br \/>\nCor Branco \/ Vermelho<br \/>\nEmbalagem Cor da caixa<br \/>\nMaterial Pl\u00e1stico<br \/>\nClasse digital<br \/>\nP\u00e9s antiderrapantes Sim<br \/>\nAlimentado por 2 pilhas AAA (inclu\u00eddas)<br \/>\nPeso 0,34 kg.<\/div><\/div>\n<\/div><\/div>\n<br \/>\n<div class=\"accordion\"><div class=\"mfn-acc accordion_wrapper  toggle\"><div class=\"question\"><div class=\"title\"><i class=\"icon-plus acc-icon-plus\" aria-hidden=\"true\"><\/i><i class=\"icon-minus acc-icon-minus\" aria-hidden=\"true\"><\/i>Acess\u00f3rios<\/div><div class=\"answer\"><\/div><\/div>\n<\/div><\/div>\n<\/p>\n<div class=\"descargas-producto\"><a href=\"\/wp-content\/uploads\/pdf\/8425160337025_ficha_tecnica.pdf\" target=\"_blank\" rel=\"noopener noreferrer\"><br \/>\n<img loading=\"lazy\" decoding=\"async\" src=\"\/wp-content\/uploads\/2019\/12\/picto-descarrega.png\" alt=\"descarregar ficha de dados\" width=\"23\" height=\"16\" \/>Descarregar ficha<\/a><br \/>\n<a href=\"\/wp-content\/uploads\/pdf\/33702.pdf\"><img loading=\"lazy\" decoding=\"async\" src=\"\/wp-content\/uploads\/2019\/12\/picto-descarrega.png\" alt=\"descarregar manual de instru\u00e7\u00f5es\" width=\"23\" height=\"16\" \/>Descarregar o manual<\/a><\/div>\n<div><\/div>\n<div><span style=\"color: #bf2121\">Siga-nos nas redes sociais!<\/span><\/div>\n<div><a href=\"https:\/\/www.instagram.com\/kuken_appliances\/\">https:\/\/www.instagram.com\/kuken_appliances\/<\/a><\/div>\n<p><iframe loading=\"lazy\" title=\"Balan\u00e7a de cozinha digital de 5kg k\u00fcken\" width=\"560\" height=\"315\" src=\"https:\/\/www.youtube.com\/embed\/p-eU3y4peEY?feature=oembed\" frameborder=\"0\" allow=\"accelerometer; autoplay; clipboard-write; encrypted-media; gyroscope; picture-in-picture; web-share\" referrerpolicy=\"strict-origin-when-cross-origin\" allowfullscreen><\/iframe><\/p>","protected":false},"excerpt":{"rendered":"<p data-start=\"465\" data-end=\"622\">Balanza digital vers\u00e1til con recipiente incorporado, ideal para recetas precisas. Ligera, f\u00e1cil de usar y con m\u00faltiples unidades de medida para tu comodidad.<\/p>\n<p data-start=\"624\" data-end=\"700\">","protected":false},"featured_media":3405,"template":"","meta":[],"product_brand":[],"product_cat":[233],"product_tag":[],"class_list":{"0":"post-3404","1":"product","2":"type-product","3":"status-publish","4":"has-post-thumbnail","6":"product_cat-balanzas-cocina","8":"first","9":"instock","10":"product-type-simple"},"yoast_head":"<!-- This site is optimized with the Yoast SEO Premium plugin v24.0 (Yoast SEO v26.5) - https:\/\/yoast.com\/wordpress\/plugins\/seo\/ -->\n<title>BALANZA DIGITAL CON RECIPIENTE 5KG K\u00dcKEN - K\u00fcken<\/title>\n<meta name=\"description\" content=\"Nueva balanza digital de cocina k\u00fcken con recipiente. Pesa con exactitud hasta 5 kg de manera r\u00e1pida y f\u00e1cil, desc\u00fabrela ahora.\" \/>\n<meta name=\"robots\" content=\"noindex, follow, max-snippet:-1, max-image-preview:large, max-video-preview:-1\" \/>\n<meta property=\"og:locale\" content=\"pt_PT\" \/>\n<meta property=\"og:type\" content=\"article\" \/>\n<meta property=\"og:title\" content=\"BALANZA DIGITAL CON RECIPIENTE 5KG K\u00dcKEN\" \/>\n<meta property=\"og:description\" content=\"Nueva balanza digital de cocina k\u00fcken con recipiente. Pesa con exactitud hasta 5 kg de manera r\u00e1pida y f\u00e1cil, desc\u00fabrela ahora.\" \/>\n<meta property=\"og:url\" content=\"https:\/\/kuken.alfadyser.dev\/pt\/produto\/balanca-digital-kuken-com-recipiente-de-5-kg\/\" \/>\n<meta property=\"og:site_name\" content=\"K\u00fcken\" \/>\n<meta property=\"article:publisher\" content=\"https:\/\/es-es.facebook.com\/alfadyser\/\" \/>\n<meta property=\"article:modified_time\" content=\"2025-07-28T09:41:38+00:00\" \/>\n<meta property=\"og:image\" content=\"https:\/\/kuken.alfadyser.dev\/wp-content\/uploads\/2020\/03\/Balanzas-cocina-RECIPIENTE-DIGITAL-5KG-KUKEN.jpg\" \/>\n\t<meta property=\"og:image:width\" content=\"853\" \/>\n\t<meta property=\"og:image:height\" content=\"853\" \/>\n\t<meta property=\"og:image:type\" content=\"image\/jpeg\" \/>\n<meta name=\"twitter:card\" content=\"summary_large_image\" \/>\n<meta name=\"twitter:label1\" content=\"pre\u00e7o\" \/>\n\t<meta name=\"twitter:data1\" content=\"\" \/>\n\t<meta name=\"twitter:label2\" content=\"Disponibilidade\" \/>\n\t<meta name=\"twitter:data2\" content=\"Em stock\" \/>\n<script type=\"application\/ld+json\" class=\"yoast-schema-graph\">{\"@context\":\"https:\/\/schema.org\",\"@graph\":[{\"@type\":\"WebPage\",\"@id\":\"https:\/\/kuken.alfadyser.dev\/producto\/balanza-digital-con-recipiente-5kg-kuken\/\",\"url\":\"https:\/\/kuken.alfadyser.dev\/producto\/balanza-digital-con-recipiente-5kg-kuken\/\",\"name\":\"BALANZA DIGITAL CON RECIPIENTE 5KG K\u00dcKEN - K\u00fcken\",\"isPartOf\":{\"@id\":\"https:\/\/kuken.alfadyser.dev\/#website\"},\"primaryImageOfPage\":{\"@id\":\"https:\/\/kuken.alfadyser.dev\/producto\/balanza-digital-con-recipiente-5kg-kuken\/#primaryimage\"},\"image\":{\"@id\":\"https:\/\/kuken.alfadyser.dev\/producto\/balanza-digital-con-recipiente-5kg-kuken\/#primaryimage\"},\"thumbnailUrl\":\"https:\/\/kuken.alfadyser.dev\/wp-content\/uploads\/2020\/03\/Balanzas-cocina-RECIPIENTE-DIGITAL-5KG-KUKEN.jpg\",\"datePublished\":\"2020-03-02T09:22:16+00:00\",\"dateModified\":\"2025-07-28T09:41:38+00:00\",\"description\":\"Nueva balanza digital de cocina k\u00fcken con recipiente. Pesa con exactitud hasta 5 kg de manera r\u00e1pida y f\u00e1cil, desc\u00fabrela ahora.\",\"breadcrumb\":{\"@id\":\"https:\/\/kuken.alfadyser.dev\/producto\/balanza-digital-con-recipiente-5kg-kuken\/#breadcrumb\"},\"inLanguage\":\"pt-PT\",\"potentialAction\":[{\"@type\":\"ReadAction\",\"target\":[\"https:\/\/kuken.alfadyser.dev\/producto\/balanza-digital-con-recipiente-5kg-kuken\/\"]}]},{\"@type\":\"ImageObject\",\"inLanguage\":\"pt-PT\",\"@id\":\"https:\/\/kuken.alfadyser.dev\/producto\/balanza-digital-con-recipiente-5kg-kuken\/#primaryimage\",\"url\":\"https:\/\/kuken.alfadyser.dev\/wp-content\/uploads\/2020\/03\/Balanzas-cocina-RECIPIENTE-DIGITAL-5KG-KUKEN.jpg\",\"contentUrl\":\"https:\/\/kuken.alfadyser.dev\/wp-content\/uploads\/2020\/03\/Balanzas-cocina-RECIPIENTE-DIGITAL-5KG-KUKEN.jpg\",\"width\":853,\"height\":853,\"caption\":\"Balanza digital k\u00fcken con recipiente de color rojo\"},{\"@type\":\"BreadcrumbList\",\"@id\":\"https:\/\/kuken.alfadyser.dev\/producto\/balanza-digital-con-recipiente-5kg-kuken\/#breadcrumb\",\"itemListElement\":[{\"@type\":\"ListItem\",\"position\":1,\"name\":\"Portada\",\"item\":\"https:\/\/kuken.alfadyser.dev\/\"},{\"@type\":\"ListItem\",\"position\":2,\"name\":\"Productos\",\"item\":\"https:\/\/kuken.alfadyser.dev\/productos\/\"},{\"@type\":\"ListItem\",\"position\":3,\"name\":\"BALANZA DIGITAL CON RECIPIENTE 5KG K\u00dcKEN\"}]},{\"@type\":\"WebSite\",\"@id\":\"https:\/\/kuken.alfadyser.dev\/#website\",\"url\":\"https:\/\/kuken.alfadyser.dev\/\",\"name\":\"K\u00fcken\",\"description\":\"Amplia gama de peque\u00f1o electrodom\u00e9stico k\u00fcken\",\"publisher\":{\"@id\":\"https:\/\/kuken.alfadyser.dev\/#organization\"},\"potentialAction\":[{\"@type\":\"SearchAction\",\"target\":{\"@type\":\"EntryPoint\",\"urlTemplate\":\"https:\/\/kuken.alfadyser.dev\/?s={search_term_string}\"},\"query-input\":{\"@type\":\"PropertyValueSpecification\",\"valueRequired\":true,\"valueName\":\"search_term_string\"}}],\"inLanguage\":\"pt-PT\"},{\"@type\":\"Organization\",\"@id\":\"https:\/\/kuken.alfadyser.dev\/#organization\",\"name\":\"Alfa Dyser\",\"url\":\"https:\/\/kuken.alfadyser.dev\/\",\"logo\":{\"@type\":\"ImageObject\",\"inLanguage\":\"pt-PT\",\"@id\":\"https:\/\/kuken.alfadyser.dev\/#\/schema\/logo\/image\/\",\"url\":\"https:\/\/kuken.alfadyser.dev\/wp-content\/uploads\/2019\/04\/kuken-logo.png\",\"contentUrl\":\"https:\/\/kuken.alfadyser.dev\/wp-content\/uploads\/2019\/04\/kuken-logo.png\",\"width\":500,\"height\":191,\"caption\":\"Alfa Dyser\"},\"image\":{\"@id\":\"https:\/\/kuken.alfadyser.dev\/#\/schema\/logo\/image\/\"},\"sameAs\":[\"https:\/\/es-es.facebook.com\/alfadyser\/\",\"https:\/\/www.instagram.com\/kuken_appliances\/\"]}]}<\/script>\n<meta property=\"product:price:currency\" content=\"EUR\" \/>\n<meta property=\"og:availability\" content=\"instock\" \/>\n<meta property=\"product:availability\" content=\"instock\" \/>\n<meta property=\"product:retailer_item_id\" content=\"33702\" \/>\n<meta property=\"product:condition\" content=\"new\" \/>\n<!-- \/ Yoast SEO Premium plugin. -->","yoast_head_json":{"title":"BALAN\u00c7A DIGITAL COM RECIPIENTE DE 5 KG K\u00dcKEN - K\u00fcken","description":"Nova balan\u00e7a de cozinha digital k\u00fcken com ta\u00e7a. Pesar com precis\u00e3o at\u00e9 5 kg de forma r\u00e1pida e f\u00e1cil, descubra-a agora.","robots":{"index":"noindex","follow":"follow","max-snippet":"max-snippet:-1","max-image-preview":"max-image-preview:large","max-video-preview":"max-video-preview:-1"},"og_locale":"pt_PT","og_type":"article","og_title":"BALANZA DIGITAL CON RECIPIENTE 5KG K\u00dcKEN","og_description":"Nueva balanza digital de cocina k\u00fcken con recipiente. Pesa con exactitud hasta 5 kg de manera r\u00e1pida y f\u00e1cil, desc\u00fabrela ahora.","og_url":"https:\/\/kuken.alfadyser.dev\/pt\/produto\/balanca-digital-kuken-com-recipiente-de-5-kg\/","og_site_name":"K\u00fcken","article_publisher":"https:\/\/es-es.facebook.com\/alfadyser\/","article_modified_time":"2025-07-28T09:41:38+00:00","og_image":[{"width":853,"height":853,"url":"https:\/\/kuken.alfadyser.dev\/wp-content\/uploads\/2020\/03\/Balanzas-cocina-RECIPIENTE-DIGITAL-5KG-KUKEN.jpg","type":"image\/jpeg"}],"twitter_card":"summary_large_image","twitter_misc":{"pre\u00e7o":"","Disponibilidade":"Em stock"},"schema":{"@context":"https:\/\/schema.org","@graph":[{"@type":"WebPage","@id":"https:\/\/kuken.alfadyser.dev\/producto\/balanza-digital-con-recipiente-5kg-kuken\/","url":"https:\/\/kuken.alfadyser.dev\/producto\/balanza-digital-con-recipiente-5kg-kuken\/","name":"BALAN\u00c7A DIGITAL COM RECIPIENTE DE 5 KG K\u00dcKEN - K\u00fcken","isPartOf":{"@id":"https:\/\/kuken.alfadyser.dev\/#website"},"primaryImageOfPage":{"@id":"https:\/\/kuken.alfadyser.dev\/producto\/balanza-digital-con-recipiente-5kg-kuken\/#primaryimage"},"image":{"@id":"https:\/\/kuken.alfadyser.dev\/producto\/balanza-digital-con-recipiente-5kg-kuken\/#primaryimage"},"thumbnailUrl":"https:\/\/kuken.alfadyser.dev\/wp-content\/uploads\/2020\/03\/Balanzas-cocina-RECIPIENTE-DIGITAL-5KG-KUKEN.jpg","datePublished":"2020-03-02T09:22:16+00:00","dateModified":"2025-07-28T09:41:38+00:00","description":"Nova balan\u00e7a de cozinha digital k\u00fcken com ta\u00e7a. Pesar com precis\u00e3o at\u00e9 5 kg de forma r\u00e1pida e f\u00e1cil, descubra-a agora.","breadcrumb":{"@id":"https:\/\/kuken.alfadyser.dev\/producto\/balanza-digital-con-recipiente-5kg-kuken\/#breadcrumb"},"inLanguage":"pt-PT","potentialAction":[{"@type":"ReadAction","target":["https:\/\/kuken.alfadyser.dev\/producto\/balanza-digital-con-recipiente-5kg-kuken\/"]}]},{"@type":"ImageObject","inLanguage":"pt-PT","@id":"https:\/\/kuken.alfadyser.dev\/producto\/balanza-digital-con-recipiente-5kg-kuken\/#primaryimage","url":"https:\/\/kuken.alfadyser.dev\/wp-content\/uploads\/2020\/03\/Balanzas-cocina-RECIPIENTE-DIGITAL-5KG-KUKEN.jpg","contentUrl":"https:\/\/kuken.alfadyser.dev\/wp-content\/uploads\/2020\/03\/Balanzas-cocina-RECIPIENTE-DIGITAL-5KG-KUKEN.jpg","width":853,"height":853,"caption":"Balanza digital k\u00fcken con recipiente de color rojo"},{"@type":"BreadcrumbList","@id":"https:\/\/kuken.alfadyser.dev\/producto\/balanza-digital-con-recipiente-5kg-kuken\/#breadcrumb","itemListElement":[{"@type":"ListItem","position":1,"name":"Portada","item":"https:\/\/kuken.alfadyser.dev\/"},{"@type":"ListItem","position":2,"name":"Productos","item":"https:\/\/kuken.alfadyser.dev\/productos\/"},{"@type":"ListItem","position":3,"name":"BALANZA DIGITAL CON RECIPIENTE 5KG K\u00dcKEN"}]},{"@type":"WebSite","@id":"https:\/\/kuken.alfadyser.dev\/#website","url":"https:\/\/kuken.alfadyser.dev\/","name":"K\u00fcken","description":"Vasta gama de pequenos electrodom\u00e9sticos k\u00fcken","publisher":{"@id":"https:\/\/kuken.alfadyser.dev\/#organization"},"potentialAction":[{"@type":"SearchAction","target":{"@type":"EntryPoint","urlTemplate":"https:\/\/kuken.alfadyser.dev\/?s={search_term_string}"},"query-input":{"@type":"PropertyValueSpecification","valueRequired":true,"valueName":"search_term_string"}}],"inLanguage":"pt-PT"},{"@type":"Organization","@id":"https:\/\/kuken.alfadyser.dev\/#organization","name":"Alpha Dyser","url":"https:\/\/kuken.alfadyser.dev\/","logo":{"@type":"ImageObject","inLanguage":"pt-PT","@id":"https:\/\/kuken.alfadyser.dev\/#\/schema\/logo\/image\/","url":"https:\/\/kuken.alfadyser.dev\/wp-content\/uploads\/2019\/04\/kuken-logo.png","contentUrl":"https:\/\/kuken.alfadyser.dev\/wp-content\/uploads\/2019\/04\/kuken-logo.png","width":500,"height":191,"caption":"Alfa Dyser"},"image":{"@id":"https:\/\/kuken.alfadyser.dev\/#\/schema\/logo\/image\/"},"sameAs":["https:\/\/es-es.facebook.com\/alfadyser\/","https:\/\/www.instagram.com\/kuken_appliances\/"]}]},"product_price_currency":"EUR","og_availability":"instock","product_availability":"instock","product_retailer_item_id":"33702","product_condition":"new"},"_links":{"self":[{"href":"https:\/\/kuken.alfadyser.dev\/pt\/wp-json\/wp\/v2\/product\/3404","targetHints":{"allow":["GET"]}}],"collection":[{"href":"https:\/\/kuken.alfadyser.dev\/pt\/wp-json\/wp\/v2\/product"}],"about":[{"href":"https:\/\/kuken.alfadyser.dev\/pt\/wp-json\/wp\/v2\/types\/product"}],"wp:featuredmedia":[{"embeddable":true,"href":"https:\/\/kuken.alfadyser.dev\/pt\/wp-json\/wp\/v2\/media\/3405"}],"wp:attachment":[{"href":"https:\/\/kuken.alfadyser.dev\/pt\/wp-json\/wp\/v2\/media?parent=3404"}],"wp:term":[{"taxonomy":"product_brand","embeddable":true,"href":"https:\/\/kuken.alfadyser.dev\/pt\/wp-json\/wp\/v2\/product_brand?post=3404"},{"taxonomy":"product_cat","embeddable":true,"href":"https:\/\/kuken.alfadyser.dev\/pt\/wp-json\/wp\/v2\/product_cat?post=3404"},{"taxonomy":"product_tag","embeddable":true,"href":"https:\/\/kuken.alfadyser.dev\/pt\/wp-json\/wp\/v2\/product_tag?post=3404"}],"curies":[{"name":"wp","href":"https:\/\/api.w.org\/{rel}","templated":true}]}}