{"id":3238,"date":"2020-03-02T10:00:21","date_gmt":"2020-03-02T09:00:21","guid":{"rendered":"https:\/\/kuken.alfadyser.dev\/producto\/hornillo-inox-vitro-2-fuegos-2000w-kuken\/"},"modified":"2025-07-23T11:29:31","modified_gmt":"2025-07-23T09:29:31","slug":"fogao-de-2-bicos-em-aco-inoxidavel-kuken-vitro-2000w","status":"publish","type":"product","link":"https:\/\/kuken.alfadyser.dev\/pt\/produto\/fogao-de-2-bicos-em-aco-inoxidavel-kuken-vitro-2000w\/","title":{"rendered":"FOG\u00c3O DE A\u00c7O INOXID\u00c1VEL K\u00dcKEN VITRO 2 BICOS 2000W"},"content":{"rendered":"<p>FOG\u00c3O DE A\u00c7O INOXID\u00c1VEL K\u00dcKEN VITRO 2 BICOS 2000W<\/p>\n<ul>\n<li data-start=\"746\" data-end=\"811\">\n<p data-start=\"748\" data-end=\"811\">Acabado en negro y acero inoxidable, elegante y duradero.<\/p>\n<\/li>\n<li data-start=\"812\" data-end=\"901\">\n<p data-start=\"814\" data-end=\"901\">Equipado con 2 placas vitrocer\u00e1micas cal\u00f3ricas, resistentes y f\u00e1ciles de limpiar.<\/p>\n<\/li>\n<li data-start=\"902\" data-end=\"995\">\n<p data-start=\"904\" data-end=\"995\">Selector giratorio de temperatura con 5 niveles por fuego, control independiente.<\/p>\n<\/li>\n<li data-start=\"996\" data-end=\"1068\">\n<p data-start=\"998\" data-end=\"1068\">Luz LED indicadora de encendido, para mayor seguridad en el uso.<\/p>\n<\/li>\n<li data-start=\"1069\" data-end=\"1161\">\n<p data-start=\"1071\" data-end=\"1161\">Cristal vitrocer\u00e1mico de alta resistencia, mantiene el calor y facilita la limpieza.<\/p>\n<\/li>\n<li data-start=\"1162\" data-end=\"1247\">\n<p data-start=\"1164\" data-end=\"1247\">Dise\u00f1o compacto, ideal para cocinas peque\u00f1as, oficinas o como fuego auxiliar.<\/p>\n<\/li>\n<li data-start=\"1248\" data-end=\"1317\">\n<p data-start=\"1250\" data-end=\"1317\">F\u00e1cil de usar y limpiar, con superficie lisa y sin recovecos.<\/p>\n<\/li>\n<li data-start=\"1318\" data-end=\"1388\">\n<p data-start=\"1320\" data-end=\"1388\">Patas de goma antideslizantes, aportan firmeza durante el uso.<\/p>\n<\/li>\n<li data-start=\"1389\" data-end=\"1460\">\n<p data-start=\"1391\" data-end=\"1460\">Potencia total de 2000W, para una cocci\u00f3n uniforme y eficiente.<\/p>\n<\/li>\n<li data-start=\"1461\" data-end=\"1541\">\n<p data-start=\"1463\" data-end=\"1541\">Perfecto para quienes buscan est\u00e9tica, funcionalidad y rendimiento diario.<\/p>\n<\/li>\n<\/ul>\n<p><div class=\"accordion\"><div class=\"mfn-acc accordion_wrapper  toggle\"><div class=\"question\"><div class=\"title\"><i class=\"icon-plus acc-icon-plus\" aria-hidden=\"true\"><\/i><i class=\"icon-minus acc-icon-minus\" aria-hidden=\"true\"><\/i>Dados do produto<\/div><div class=\"answer\">EAN 8425160336431<\/p>\n<p>FOG\u00c3O DE A\u00c7O INOXID\u00c1VEL K\u00dcKEN VITRO 2 BICOS 2000W<\/p>\n<p>Unidade de embalagem 1<br \/>\nCor Prata<br \/>\nEmbalagem Caixa colorida<br \/>\nPot\u00eancia 2000 W<br \/>\nTens\u00e3o 230 V<br \/>\nTamanho grande<br \/>\nMaterial A\u00e7o inoxid\u00e1vel<br \/>\nP\u00e9s antiderrapantes Sim<br \/>\nPlacas de fog\u00e3o 2<br \/>\nMedidas\u00a0470mm (ancho)\/70mm(alto)\/235mm(profundidad)<br \/>\nDiametro\u00a0 165-190 mm.<br \/>\nPeso 2,2 kg.<\/div><\/div>\n<\/div><\/div>\n<br \/>\n<div class=\"accordion\"><div class=\"mfn-acc accordion_wrapper  toggle\"><div class=\"question\"><div class=\"title\"><i class=\"icon-plus acc-icon-plus\" aria-hidden=\"true\"><\/i><i class=\"icon-minus acc-icon-minus\" aria-hidden=\"true\"><\/i>Acess\u00f3rios<\/div><div class=\"answer\"><\/div><\/div>\n<\/div><\/div>\n<\/p>\n<div class=\"descargas-producto\"><a href=\"\/wp-content\/uploads\/pdf\/8425160336431_ficha_tecnica.pdf\" target=\"_blank\" rel=\"noopener noreferrer\"><br \/>\n<img loading=\"lazy\" decoding=\"async\" src=\"\/wp-content\/uploads\/2019\/12\/picto-descarrega.png\" alt=\"descarregar ficha de dados\" width=\"23\" height=\"16\" \/>Descarregar ficha<\/a><br \/>\n<a href=\"\/wp-content\/uploads\/pdf\/33643.pdf\"><img loading=\"lazy\" decoding=\"async\" src=\"\/wp-content\/uploads\/2019\/12\/picto-descarrega.png\" alt=\"descarregar manual de instru\u00e7\u00f5es\" width=\"23\" height=\"16\" \/>Descarregar o manual<\/a><\/div>\n<div><\/div>\n<div><span style=\"color: #bf2121\">Siga-nos nas redes sociais!<\/span><\/div>\n<div><a href=\"https:\/\/www.instagram.com\/kuken_appliances\/\">https:\/\/www.instagram.com\/kuken_appliances\/<\/a><\/div>","protected":false},"excerpt":{"rendered":"<p data-start=\"449\" data-end=\"594\">Doble hornillo vitro compacto y eficiente. Con control de temperatura por fuego, dise\u00f1o resistente y acabado en acero y cristal f\u00e1cil de limpiar.<\/p>\n<p data-start=\"596\" data-end=\"672\">","protected":false},"featured_media":3239,"template":"","meta":[],"product_brand":[],"product_cat":[199],"product_tag":[],"class_list":{"0":"post-3238","1":"product","2":"type-product","3":"status-publish","4":"has-post-thumbnail","6":"product_cat-cocinas-hornillos-placas","8":"first","9":"instock","10":"product-type-simple"},"yoast_head":"<!-- This site is optimized with the Yoast SEO Premium plugin v24.0 (Yoast SEO v26.5) - https:\/\/yoast.com\/wordpress\/plugins\/seo\/ -->\n<title>HORNILLO INOX VITRO 2 FUEGOS 2000W K\u00dcKEN - K\u00fcken<\/title>\n<meta name=\"description\" content=\"Nuevo y exclusivo hornillo inox vitro de 2 fuegos k\u00fcken. Prepara recetas donde quieras de manera m\u00e1s r\u00e1pida y f\u00e1cil. Desc\u00fabrelo aqu\u00ed.\" \/>\n<meta name=\"robots\" content=\"noindex, follow, max-snippet:-1, max-image-preview:large, max-video-preview:-1\" \/>\n<meta property=\"og:locale\" content=\"pt_PT\" \/>\n<meta property=\"og:type\" content=\"article\" \/>\n<meta property=\"og:title\" content=\"HORNILLO INOX VITRO 2 FUEGOS 2000W K\u00dcKEN\" \/>\n<meta property=\"og:description\" content=\"Nuevo y exclusivo hornillo inox vitro de 2 fuegos k\u00fcken. Prepara recetas donde quieras de manera m\u00e1s r\u00e1pida y f\u00e1cil. Desc\u00fabrelo aqu\u00ed.\" \/>\n<meta property=\"og:url\" content=\"https:\/\/kuken.alfadyser.dev\/pt\/produto\/fogao-de-2-bicos-em-aco-inoxidavel-kuken-vitro-2000w\/\" \/>\n<meta property=\"og:site_name\" content=\"K\u00fcken\" \/>\n<meta property=\"article:publisher\" content=\"https:\/\/es-es.facebook.com\/alfadyser\/\" \/>\n<meta property=\"article:modified_time\" content=\"2025-07-23T09:29:31+00:00\" \/>\n<meta property=\"og:image\" content=\"https:\/\/kuken.alfadyser.dev\/wp-content\/uploads\/2020\/03\/HORNILLO-INOX-VITRO-2-FUEGOS-2000W-KUKEN.jpg\" \/>\n\t<meta property=\"og:image:width\" content=\"853\" \/>\n\t<meta property=\"og:image:height\" content=\"853\" \/>\n\t<meta property=\"og:image:type\" content=\"image\/jpeg\" \/>\n<meta name=\"twitter:card\" content=\"summary_large_image\" \/>\n<meta name=\"twitter:label1\" content=\"pre\u00e7o\" \/>\n\t<meta name=\"twitter:data1\" content=\"\" \/>\n\t<meta name=\"twitter:label2\" content=\"Disponibilidade\" \/>\n\t<meta name=\"twitter:data2\" content=\"Em stock\" \/>\n<script type=\"application\/ld+json\" class=\"yoast-schema-graph\">{\"@context\":\"https:\/\/schema.org\",\"@graph\":[{\"@type\":\"WebPage\",\"@id\":\"https:\/\/kuken.alfadyser.dev\/producto\/hornillo-inox-vitro-2-fuegos-2000w-kuken\/\",\"url\":\"https:\/\/kuken.alfadyser.dev\/producto\/hornillo-inox-vitro-2-fuegos-2000w-kuken\/\",\"name\":\"HORNILLO INOX VITRO 2 FUEGOS 2000W K\u00dcKEN - K\u00fcken\",\"isPartOf\":{\"@id\":\"https:\/\/kuken.alfadyser.dev\/#website\"},\"primaryImageOfPage\":{\"@id\":\"https:\/\/kuken.alfadyser.dev\/producto\/hornillo-inox-vitro-2-fuegos-2000w-kuken\/#primaryimage\"},\"image\":{\"@id\":\"https:\/\/kuken.alfadyser.dev\/producto\/hornillo-inox-vitro-2-fuegos-2000w-kuken\/#primaryimage\"},\"thumbnailUrl\":\"https:\/\/kuken.alfadyser.dev\/wp-content\/uploads\/2020\/03\/HORNILLO-INOX-VITRO-2-FUEGOS-2000W-KUKEN.jpg\",\"datePublished\":\"2020-03-02T09:00:21+00:00\",\"dateModified\":\"2025-07-23T09:29:31+00:00\",\"description\":\"Nuevo y exclusivo hornillo inox vitro de 2 fuegos k\u00fcken. Prepara recetas donde quieras de manera m\u00e1s r\u00e1pida y f\u00e1cil. Desc\u00fabrelo aqu\u00ed.\",\"breadcrumb\":{\"@id\":\"https:\/\/kuken.alfadyser.dev\/producto\/hornillo-inox-vitro-2-fuegos-2000w-kuken\/#breadcrumb\"},\"inLanguage\":\"pt-PT\",\"potentialAction\":[{\"@type\":\"ReadAction\",\"target\":[\"https:\/\/kuken.alfadyser.dev\/producto\/hornillo-inox-vitro-2-fuegos-2000w-kuken\/\"]}]},{\"@type\":\"ImageObject\",\"inLanguage\":\"pt-PT\",\"@id\":\"https:\/\/kuken.alfadyser.dev\/producto\/hornillo-inox-vitro-2-fuegos-2000w-kuken\/#primaryimage\",\"url\":\"https:\/\/kuken.alfadyser.dev\/wp-content\/uploads\/2020\/03\/HORNILLO-INOX-VITRO-2-FUEGOS-2000W-KUKEN.jpg\",\"contentUrl\":\"https:\/\/kuken.alfadyser.dev\/wp-content\/uploads\/2020\/03\/HORNILLO-INOX-VITRO-2-FUEGOS-2000W-KUKEN.jpg\",\"width\":853,\"height\":853,\"caption\":\"Hornillo el\u00e9ctrico inox con dos fuegos vitrocer\u00e1micos.\"},{\"@type\":\"BreadcrumbList\",\"@id\":\"https:\/\/kuken.alfadyser.dev\/producto\/hornillo-inox-vitro-2-fuegos-2000w-kuken\/#breadcrumb\",\"itemListElement\":[{\"@type\":\"ListItem\",\"position\":1,\"name\":\"Portada\",\"item\":\"https:\/\/kuken.alfadyser.dev\/\"},{\"@type\":\"ListItem\",\"position\":2,\"name\":\"Productos\",\"item\":\"https:\/\/kuken.alfadyser.dev\/productos\/\"},{\"@type\":\"ListItem\",\"position\":3,\"name\":\"HORNILLO INOX VITRO 2 FUEGOS 2000W K\u00dcKEN\"}]},{\"@type\":\"WebSite\",\"@id\":\"https:\/\/kuken.alfadyser.dev\/#website\",\"url\":\"https:\/\/kuken.alfadyser.dev\/\",\"name\":\"K\u00fcken\",\"description\":\"Amplia gama de peque\u00f1o electrodom\u00e9stico k\u00fcken\",\"publisher\":{\"@id\":\"https:\/\/kuken.alfadyser.dev\/#organization\"},\"potentialAction\":[{\"@type\":\"SearchAction\",\"target\":{\"@type\":\"EntryPoint\",\"urlTemplate\":\"https:\/\/kuken.alfadyser.dev\/?s={search_term_string}\"},\"query-input\":{\"@type\":\"PropertyValueSpecification\",\"valueRequired\":true,\"valueName\":\"search_term_string\"}}],\"inLanguage\":\"pt-PT\"},{\"@type\":\"Organization\",\"@id\":\"https:\/\/kuken.alfadyser.dev\/#organization\",\"name\":\"Alfa Dyser\",\"url\":\"https:\/\/kuken.alfadyser.dev\/\",\"logo\":{\"@type\":\"ImageObject\",\"inLanguage\":\"pt-PT\",\"@id\":\"https:\/\/kuken.alfadyser.dev\/#\/schema\/logo\/image\/\",\"url\":\"https:\/\/kuken.alfadyser.dev\/wp-content\/uploads\/2019\/04\/kuken-logo.png\",\"contentUrl\":\"https:\/\/kuken.alfadyser.dev\/wp-content\/uploads\/2019\/04\/kuken-logo.png\",\"width\":500,\"height\":191,\"caption\":\"Alfa Dyser\"},\"image\":{\"@id\":\"https:\/\/kuken.alfadyser.dev\/#\/schema\/logo\/image\/\"},\"sameAs\":[\"https:\/\/es-es.facebook.com\/alfadyser\/\",\"https:\/\/www.instagram.com\/kuken_appliances\/\"]}]}<\/script>\n<meta property=\"product:price:currency\" content=\"EUR\" \/>\n<meta property=\"og:availability\" content=\"instock\" \/>\n<meta property=\"product:availability\" content=\"instock\" \/>\n<meta property=\"product:retailer_item_id\" content=\"33643\" \/>\n<meta property=\"product:condition\" content=\"new\" \/>\n<!-- \/ Yoast SEO Premium plugin. -->","yoast_head_json":{"title":"HORNILLO INOX VITRO 2 FUEGOS 2000W K\u00dcKEN - K\u00fcken","description":"Novo e exclusivo fog\u00e3o vitrocer\u00e2mico k\u00fcken de 2 bicos em a\u00e7o inoxid\u00e1vel. Prepare receitas onde quiser de uma forma mais r\u00e1pida e f\u00e1cil. Descubra-a aqui.","robots":{"index":"noindex","follow":"follow","max-snippet":"max-snippet:-1","max-image-preview":"max-image-preview:large","max-video-preview":"max-video-preview:-1"},"og_locale":"pt_PT","og_type":"article","og_title":"HORNILLO INOX VITRO 2 FUEGOS 2000W K\u00dcKEN","og_description":"Nuevo y exclusivo hornillo inox vitro de 2 fuegos k\u00fcken. Prepara recetas donde quieras de manera m\u00e1s r\u00e1pida y f\u00e1cil. Desc\u00fabrelo aqu\u00ed.","og_url":"https:\/\/kuken.alfadyser.dev\/pt\/produto\/fogao-de-2-bicos-em-aco-inoxidavel-kuken-vitro-2000w\/","og_site_name":"K\u00fcken","article_publisher":"https:\/\/es-es.facebook.com\/alfadyser\/","article_modified_time":"2025-07-23T09:29:31+00:00","og_image":[{"width":853,"height":853,"url":"https:\/\/kuken.alfadyser.dev\/wp-content\/uploads\/2020\/03\/HORNILLO-INOX-VITRO-2-FUEGOS-2000W-KUKEN.jpg","type":"image\/jpeg"}],"twitter_card":"summary_large_image","twitter_misc":{"pre\u00e7o":"","Disponibilidade":"Em stock"},"schema":{"@context":"https:\/\/schema.org","@graph":[{"@type":"WebPage","@id":"https:\/\/kuken.alfadyser.dev\/producto\/hornillo-inox-vitro-2-fuegos-2000w-kuken\/","url":"https:\/\/kuken.alfadyser.dev\/producto\/hornillo-inox-vitro-2-fuegos-2000w-kuken\/","name":"HORNILLO INOX VITRO 2 FUEGOS 2000W K\u00dcKEN - K\u00fcken","isPartOf":{"@id":"https:\/\/kuken.alfadyser.dev\/#website"},"primaryImageOfPage":{"@id":"https:\/\/kuken.alfadyser.dev\/producto\/hornillo-inox-vitro-2-fuegos-2000w-kuken\/#primaryimage"},"image":{"@id":"https:\/\/kuken.alfadyser.dev\/producto\/hornillo-inox-vitro-2-fuegos-2000w-kuken\/#primaryimage"},"thumbnailUrl":"https:\/\/kuken.alfadyser.dev\/wp-content\/uploads\/2020\/03\/HORNILLO-INOX-VITRO-2-FUEGOS-2000W-KUKEN.jpg","datePublished":"2020-03-02T09:00:21+00:00","dateModified":"2025-07-23T09:29:31+00:00","description":"Novo e exclusivo fog\u00e3o vitrocer\u00e2mico k\u00fcken de 2 bicos em a\u00e7o inoxid\u00e1vel. Prepare receitas onde quiser de uma forma mais r\u00e1pida e f\u00e1cil. Descubra-a aqui.","breadcrumb":{"@id":"https:\/\/kuken.alfadyser.dev\/producto\/hornillo-inox-vitro-2-fuegos-2000w-kuken\/#breadcrumb"},"inLanguage":"pt-PT","potentialAction":[{"@type":"ReadAction","target":["https:\/\/kuken.alfadyser.dev\/producto\/hornillo-inox-vitro-2-fuegos-2000w-kuken\/"]}]},{"@type":"ImageObject","inLanguage":"pt-PT","@id":"https:\/\/kuken.alfadyser.dev\/producto\/hornillo-inox-vitro-2-fuegos-2000w-kuken\/#primaryimage","url":"https:\/\/kuken.alfadyser.dev\/wp-content\/uploads\/2020\/03\/HORNILLO-INOX-VITRO-2-FUEGOS-2000W-KUKEN.jpg","contentUrl":"https:\/\/kuken.alfadyser.dev\/wp-content\/uploads\/2020\/03\/HORNILLO-INOX-VITRO-2-FUEGOS-2000W-KUKEN.jpg","width":853,"height":853,"caption":"Hornillo el\u00e9ctrico inox con dos fuegos vitrocer\u00e1micos."},{"@type":"BreadcrumbList","@id":"https:\/\/kuken.alfadyser.dev\/producto\/hornillo-inox-vitro-2-fuegos-2000w-kuken\/#breadcrumb","itemListElement":[{"@type":"ListItem","position":1,"name":"Portada","item":"https:\/\/kuken.alfadyser.dev\/"},{"@type":"ListItem","position":2,"name":"Productos","item":"https:\/\/kuken.alfadyser.dev\/productos\/"},{"@type":"ListItem","position":3,"name":"HORNILLO INOX VITRO 2 FUEGOS 2000W K\u00dcKEN"}]},{"@type":"WebSite","@id":"https:\/\/kuken.alfadyser.dev\/#website","url":"https:\/\/kuken.alfadyser.dev\/","name":"K\u00fcken","description":"Vasta gama de pequenos electrodom\u00e9sticos k\u00fcken","publisher":{"@id":"https:\/\/kuken.alfadyser.dev\/#organization"},"potentialAction":[{"@type":"SearchAction","target":{"@type":"EntryPoint","urlTemplate":"https:\/\/kuken.alfadyser.dev\/?s={search_term_string}"},"query-input":{"@type":"PropertyValueSpecification","valueRequired":true,"valueName":"search_term_string"}}],"inLanguage":"pt-PT"},{"@type":"Organization","@id":"https:\/\/kuken.alfadyser.dev\/#organization","name":"Alpha Dyser","url":"https:\/\/kuken.alfadyser.dev\/","logo":{"@type":"ImageObject","inLanguage":"pt-PT","@id":"https:\/\/kuken.alfadyser.dev\/#\/schema\/logo\/image\/","url":"https:\/\/kuken.alfadyser.dev\/wp-content\/uploads\/2019\/04\/kuken-logo.png","contentUrl":"https:\/\/kuken.alfadyser.dev\/wp-content\/uploads\/2019\/04\/kuken-logo.png","width":500,"height":191,"caption":"Alfa Dyser"},"image":{"@id":"https:\/\/kuken.alfadyser.dev\/#\/schema\/logo\/image\/"},"sameAs":["https:\/\/es-es.facebook.com\/alfadyser\/","https:\/\/www.instagram.com\/kuken_appliances\/"]}]},"product_price_currency":"EUR","og_availability":"instock","product_availability":"instock","product_retailer_item_id":"33643","product_condition":"new"},"_links":{"self":[{"href":"https:\/\/kuken.alfadyser.dev\/pt\/wp-json\/wp\/v2\/product\/3238","targetHints":{"allow":["GET"]}}],"collection":[{"href":"https:\/\/kuken.alfadyser.dev\/pt\/wp-json\/wp\/v2\/product"}],"about":[{"href":"https:\/\/kuken.alfadyser.dev\/pt\/wp-json\/wp\/v2\/types\/product"}],"wp:featuredmedia":[{"embeddable":true,"href":"https:\/\/kuken.alfadyser.dev\/pt\/wp-json\/wp\/v2\/media\/3239"}],"wp:attachment":[{"href":"https:\/\/kuken.alfadyser.dev\/pt\/wp-json\/wp\/v2\/media?parent=3238"}],"wp:term":[{"taxonomy":"product_brand","embeddable":true,"href":"https:\/\/kuken.alfadyser.dev\/pt\/wp-json\/wp\/v2\/product_brand?post=3238"},{"taxonomy":"product_cat","embeddable":true,"href":"https:\/\/kuken.alfadyser.dev\/pt\/wp-json\/wp\/v2\/product_cat?post=3238"},{"taxonomy":"product_tag","embeddable":true,"href":"https:\/\/kuken.alfadyser.dev\/pt\/wp-json\/wp\/v2\/product_tag?post=3238"}],"curies":[{"name":"wp","href":"https:\/\/api.w.org\/{rel}","templated":true}]}}