{"id":3233,"date":"2020-03-02T10:00:08","date_gmt":"2020-03-02T09:00:08","guid":{"rendered":"https:\/\/kuken.alfadyser.dev\/producto\/hornillo-inox-vitro-1-fuego-1200w-kuken\/"},"modified":"2025-07-23T11:30:31","modified_gmt":"2025-07-23T09:30:31","slug":"fogao-eletrico-vitro-1-chama-1200w-kuken","status":"publish","type":"product","link":"https:\/\/kuken.alfadyser.dev\/pt\/produto\/fogao-eletrico-vitro-1-chama-1200w-kuken\/","title":{"rendered":"FOG\u00c3O EL\u00c9CTRICO VITRO 1 QUEIMADOR 1200W K\u00dcKEN"},"content":{"rendered":"<p>FOG\u00c3O EL\u00c9CTRICO VITRO 1 QUEIMADOR 1200W K\u00dcKEN<\/p>\n<ul>\n<li data-start=\"731\" data-end=\"806\">\n<p data-start=\"733\" data-end=\"806\">Acabado elegante en negro y acero inoxidable, resistente y moderno.<\/p>\n<\/li>\n<li data-start=\"807\" data-end=\"890\">\n<p data-start=\"809\" data-end=\"890\">1 placa cal\u00f3rica con superficie vitrocer\u00e1mica, duradera y f\u00e1cil de limpiar.<\/p>\n<\/li>\n<li data-start=\"891\" data-end=\"988\">\n<p data-start=\"893\" data-end=\"988\">Selector giratorio de temperatura con 5 niveles ajustables, seg\u00fan la cocci\u00f3n deseada.<\/p>\n<\/li>\n<li data-start=\"989\" data-end=\"1056\">\n<p data-start=\"991\" data-end=\"1056\">Luz LED indicadora de encendido, mayor seguridad y control.<\/p>\n<\/li>\n<li data-start=\"1057\" data-end=\"1138\">\n<p data-start=\"1059\" data-end=\"1138\">Dise\u00f1o compacto, perfecto para cocinas reducidas, camping o uso auxiliar.<\/p>\n<\/li>\n<li data-start=\"1139\" data-end=\"1220\">\n<p data-start=\"1141\" data-end=\"1220\">Cristal vitrocer\u00e1mico que garantiza una distribuci\u00f3n homog\u00e9nea del calor.<\/p>\n<\/li>\n<li data-start=\"1221\" data-end=\"1290\">\n<p data-start=\"1223\" data-end=\"1290\">F\u00e1cil de limpiar, gracias a su superficie lisa sin recovecos.<\/p>\n<\/li>\n<li data-start=\"1291\" data-end=\"1375\">\n<p data-start=\"1293\" data-end=\"1375\">Patas de goma antideslizantes, para estabilidad en todo tipo de superficies.<\/p>\n<\/li>\n<li data-start=\"1376\" data-end=\"1437\">\n<p data-start=\"1378\" data-end=\"1437\">Potencia de 1200W, eficaz y pr\u00e1ctica para uso diario.<\/p>\n<\/li>\n<li data-start=\"1438\" data-end=\"1500\">\n<p data-start=\"1440\" data-end=\"1500\">Combinaci\u00f3n de rendimiento, seguridad y estilo compacto.<\/p>\n<\/li>\n<\/ul>\n<p><div class=\"accordion\"><div class=\"mfn-acc accordion_wrapper  toggle\"><div class=\"question\"><div class=\"title\"><i class=\"icon-plus acc-icon-plus\" aria-hidden=\"true\"><\/i><i class=\"icon-minus acc-icon-minus\" aria-hidden=\"true\"><\/i>Dados do produto<\/div><div class=\"answer\">EAN 8425160336424<br \/>\nFOG\u00c3O EL\u00c9CTRICO VITRO 1 QUEIMADOR 1200W K\u00dcKEN<\/p>\n<p>Unidade de embalagem 1<br \/>\nCor Prata<br \/>\nEmbalagem Caixa colorida<br \/>\nPot\u00eancia 1200 W<br \/>\nTens\u00e3o 230 V<br \/>\nTamanho m\u00e9dio<br \/>\nMaterial Alum\u00ednio pintado<br \/>\nP\u00e9s antiderrapantes Sim<br \/>\nPlacas de fog\u00e3o 1<br \/>\nDimens\u00f5es 230mm (largura)\/70mm (altura)\/235mm (profundidade)<br \/>\nDi\u00e2metro 175 mm.<br \/>\nPeso 1,2 kg.<\/div><\/div>\n<\/div><\/div>\n<br \/>\n<div class=\"accordion\"><div class=\"mfn-acc accordion_wrapper  toggle\"><div class=\"question\"><div class=\"title\"><i class=\"icon-plus acc-icon-plus\" aria-hidden=\"true\"><\/i><i class=\"icon-minus acc-icon-minus\" aria-hidden=\"true\"><\/i>Acess\u00f3rios<\/div><div class=\"answer\"><\/div><\/div>\n<\/div><\/div>\n<\/p>\n<div class=\"descargas-producto\"><a href=\"\/wp-content\/uploads\/pdf\/8425160336424_ficha_tecnica.pdf\" target=\"_blank\" rel=\"noopener noreferrer\"><br \/>\n<img loading=\"lazy\" decoding=\"async\" src=\"\/wp-content\/uploads\/2019\/12\/picto-descarrega.png\" alt=\"descarregar ficha de dados\" width=\"23\" height=\"16\" \/>Descarregar ficha<\/a><br \/>\n<a href=\"\/wp-content\/uploads\/pdf\/33642.pdf\"><img loading=\"lazy\" decoding=\"async\" src=\"\/wp-content\/uploads\/2019\/12\/picto-descarrega.png\" alt=\"descarregar manual de instru\u00e7\u00f5es\" width=\"23\" height=\"16\" \/>Descarregar o manual<\/a><\/div>\n<div><\/div>\n<div><span style=\"color: #bf2121\">Siga-nos nas redes sociais!<\/span><\/div>\n<div><a href=\"https:\/\/www.instagram.com\/kuken_appliances\/\">https:\/\/www.instagram.com\/kuken_appliances\/<\/a><\/div>","protected":false},"excerpt":{"rendered":"<p data-start=\"436\" data-end=\"584\">Ideal para espacios peque\u00f1os o como fuego auxiliar. Con placa vitrocer\u00e1mica, control giratorio y base antideslizante, ofrece eficiencia y seguridad.<\/p>\n<p data-start=\"586\" data-end=\"657\">","protected":false},"featured_media":3234,"template":"","meta":[],"product_brand":[],"product_cat":[199],"product_tag":[],"class_list":{"0":"post-3233","1":"product","2":"type-product","3":"status-publish","4":"has-post-thumbnail","6":"product_cat-cocinas-hornillos-placas","8":"first","9":"instock","10":"product-type-simple"},"yoast_head":"<!-- This site is optimized with the Yoast SEO Premium plugin v24.0 (Yoast SEO v26.5) - https:\/\/yoast.com\/wordpress\/plugins\/seo\/ -->\n<title>HORNILLO EL\u00c9CTRICO VITRO 1 FUEGO 1200W K\u00dcKEN - K\u00fcken<\/title>\n<meta name=\"description\" content=\"Nuevo y exclusivo hornillo el\u00e9ctrico vitro k\u00fcken de 1 fuego. Prepara recetas donde quieras de manera m\u00e1s r\u00e1pida y f\u00e1cil. Desc\u00fabrelo ahora.\" \/>\n<meta name=\"robots\" content=\"noindex, follow, max-snippet:-1, max-image-preview:large, max-video-preview:-1\" \/>\n<meta property=\"og:locale\" content=\"pt_PT\" \/>\n<meta property=\"og:type\" content=\"article\" \/>\n<meta property=\"og:title\" content=\"HORNILLO EL\u00c9CTRICO VITRO 1 FUEGO 1200W K\u00dcKEN\" \/>\n<meta property=\"og:description\" content=\"Nuevo y exclusivo hornillo el\u00e9ctrico vitro k\u00fcken de 1 fuego. Prepara recetas donde quieras de manera m\u00e1s r\u00e1pida y f\u00e1cil. Desc\u00fabrelo ahora.\" \/>\n<meta property=\"og:url\" content=\"https:\/\/kuken.alfadyser.dev\/pt\/produto\/fogao-eletrico-vitro-1-chama-1200w-kuken\/\" \/>\n<meta property=\"og:site_name\" content=\"K\u00fcken\" \/>\n<meta property=\"article:publisher\" content=\"https:\/\/es-es.facebook.com\/alfadyser\/\" \/>\n<meta property=\"article:modified_time\" content=\"2025-07-23T09:30:31+00:00\" \/>\n<meta property=\"og:image\" content=\"https:\/\/kuken.alfadyser.dev\/wp-content\/uploads\/2020\/03\/HORNILLO-INOX-VITRO-1-FUEGO-1200W-KUKEN.jpg\" \/>\n\t<meta property=\"og:image:width\" content=\"853\" \/>\n\t<meta property=\"og:image:height\" content=\"853\" \/>\n\t<meta property=\"og:image:type\" content=\"image\/jpeg\" \/>\n<meta name=\"twitter:card\" content=\"summary_large_image\" \/>\n<meta name=\"twitter:label1\" content=\"pre\u00e7o\" \/>\n\t<meta name=\"twitter:data1\" content=\"\" \/>\n\t<meta name=\"twitter:label2\" content=\"Disponibilidade\" \/>\n\t<meta name=\"twitter:data2\" content=\"Em stock\" \/>\n<script type=\"application\/ld+json\" class=\"yoast-schema-graph\">{\"@context\":\"https:\/\/schema.org\",\"@graph\":[{\"@type\":\"WebPage\",\"@id\":\"https:\/\/kuken.alfadyser.dev\/producto\/hornillo-electrico-vitro-1-fuego-1200w-kuken\/\",\"url\":\"https:\/\/kuken.alfadyser.dev\/producto\/hornillo-electrico-vitro-1-fuego-1200w-kuken\/\",\"name\":\"HORNILLO EL\u00c9CTRICO VITRO 1 FUEGO 1200W K\u00dcKEN - K\u00fcken\",\"isPartOf\":{\"@id\":\"https:\/\/kuken.alfadyser.dev\/#website\"},\"primaryImageOfPage\":{\"@id\":\"https:\/\/kuken.alfadyser.dev\/producto\/hornillo-electrico-vitro-1-fuego-1200w-kuken\/#primaryimage\"},\"image\":{\"@id\":\"https:\/\/kuken.alfadyser.dev\/producto\/hornillo-electrico-vitro-1-fuego-1200w-kuken\/#primaryimage\"},\"thumbnailUrl\":\"https:\/\/kuken.alfadyser.dev\/wp-content\/uploads\/2020\/03\/HORNILLO-INOX-VITRO-1-FUEGO-1200W-KUKEN.jpg\",\"datePublished\":\"2020-03-02T09:00:08+00:00\",\"dateModified\":\"2025-07-23T09:30:31+00:00\",\"description\":\"Nuevo y exclusivo hornillo el\u00e9ctrico vitro k\u00fcken de 1 fuego. Prepara recetas donde quieras de manera m\u00e1s r\u00e1pida y f\u00e1cil. Desc\u00fabrelo ahora.\",\"breadcrumb\":{\"@id\":\"https:\/\/kuken.alfadyser.dev\/producto\/hornillo-electrico-vitro-1-fuego-1200w-kuken\/#breadcrumb\"},\"inLanguage\":\"pt-PT\",\"potentialAction\":[{\"@type\":\"ReadAction\",\"target\":[\"https:\/\/kuken.alfadyser.dev\/producto\/hornillo-electrico-vitro-1-fuego-1200w-kuken\/\"]}]},{\"@type\":\"ImageObject\",\"inLanguage\":\"pt-PT\",\"@id\":\"https:\/\/kuken.alfadyser.dev\/producto\/hornillo-electrico-vitro-1-fuego-1200w-kuken\/#primaryimage\",\"url\":\"https:\/\/kuken.alfadyser.dev\/wp-content\/uploads\/2020\/03\/HORNILLO-INOX-VITRO-1-FUEGO-1200W-KUKEN.jpg\",\"contentUrl\":\"https:\/\/kuken.alfadyser.dev\/wp-content\/uploads\/2020\/03\/HORNILLO-INOX-VITRO-1-FUEGO-1200W-KUKEN.jpg\",\"width\":853,\"height\":853,\"caption\":\"Hornillo el\u00e9ctrico vitro k\u00fcken de 1 fuego\"},{\"@type\":\"BreadcrumbList\",\"@id\":\"https:\/\/kuken.alfadyser.dev\/producto\/hornillo-electrico-vitro-1-fuego-1200w-kuken\/#breadcrumb\",\"itemListElement\":[{\"@type\":\"ListItem\",\"position\":1,\"name\":\"Portada\",\"item\":\"https:\/\/kuken.alfadyser.dev\/\"},{\"@type\":\"ListItem\",\"position\":2,\"name\":\"Productos\",\"item\":\"https:\/\/kuken.alfadyser.dev\/productos\/\"},{\"@type\":\"ListItem\",\"position\":3,\"name\":\"HORNILLO EL\u00c9CTRICO VITRO 1 FUEGO 1200W K\u00dcKEN\"}]},{\"@type\":\"WebSite\",\"@id\":\"https:\/\/kuken.alfadyser.dev\/#website\",\"url\":\"https:\/\/kuken.alfadyser.dev\/\",\"name\":\"K\u00fcken\",\"description\":\"Amplia gama de peque\u00f1o electrodom\u00e9stico k\u00fcken\",\"publisher\":{\"@id\":\"https:\/\/kuken.alfadyser.dev\/#organization\"},\"potentialAction\":[{\"@type\":\"SearchAction\",\"target\":{\"@type\":\"EntryPoint\",\"urlTemplate\":\"https:\/\/kuken.alfadyser.dev\/?s={search_term_string}\"},\"query-input\":{\"@type\":\"PropertyValueSpecification\",\"valueRequired\":true,\"valueName\":\"search_term_string\"}}],\"inLanguage\":\"pt-PT\"},{\"@type\":\"Organization\",\"@id\":\"https:\/\/kuken.alfadyser.dev\/#organization\",\"name\":\"Alfa Dyser\",\"url\":\"https:\/\/kuken.alfadyser.dev\/\",\"logo\":{\"@type\":\"ImageObject\",\"inLanguage\":\"pt-PT\",\"@id\":\"https:\/\/kuken.alfadyser.dev\/#\/schema\/logo\/image\/\",\"url\":\"https:\/\/kuken.alfadyser.dev\/wp-content\/uploads\/2019\/04\/kuken-logo.png\",\"contentUrl\":\"https:\/\/kuken.alfadyser.dev\/wp-content\/uploads\/2019\/04\/kuken-logo.png\",\"width\":500,\"height\":191,\"caption\":\"Alfa Dyser\"},\"image\":{\"@id\":\"https:\/\/kuken.alfadyser.dev\/#\/schema\/logo\/image\/\"},\"sameAs\":[\"https:\/\/es-es.facebook.com\/alfadyser\/\",\"https:\/\/www.instagram.com\/kuken_appliances\/\"]}]}<\/script>\n<meta property=\"product:price:currency\" content=\"EUR\" \/>\n<meta property=\"og:availability\" content=\"instock\" \/>\n<meta property=\"product:availability\" content=\"instock\" \/>\n<meta property=\"product:retailer_item_id\" content=\"33642\" \/>\n<meta property=\"product:condition\" content=\"new\" \/>\n<!-- \/ Yoast SEO Premium plugin. -->","yoast_head_json":{"title":"FOG\u00c3O EL\u00c9CTRICO VITRO 1 QUEIMADOR 1200W K\u00dcKEN - K\u00fcken","description":"Novo e exclusivo fog\u00e3o el\u00e9trico vitro k\u00fcken com 1 queimador. Prepare receitas onde quiser de uma forma mais r\u00e1pida e f\u00e1cil. Descubra-a agora.","robots":{"index":"noindex","follow":"follow","max-snippet":"max-snippet:-1","max-image-preview":"max-image-preview:large","max-video-preview":"max-video-preview:-1"},"og_locale":"pt_PT","og_type":"article","og_title":"HORNILLO EL\u00c9CTRICO VITRO 1 FUEGO 1200W K\u00dcKEN","og_description":"Nuevo y exclusivo hornillo el\u00e9ctrico vitro k\u00fcken de 1 fuego. Prepara recetas donde quieras de manera m\u00e1s r\u00e1pida y f\u00e1cil. Desc\u00fabrelo ahora.","og_url":"https:\/\/kuken.alfadyser.dev\/pt\/produto\/fogao-eletrico-vitro-1-chama-1200w-kuken\/","og_site_name":"K\u00fcken","article_publisher":"https:\/\/es-es.facebook.com\/alfadyser\/","article_modified_time":"2025-07-23T09:30:31+00:00","og_image":[{"width":853,"height":853,"url":"https:\/\/kuken.alfadyser.dev\/wp-content\/uploads\/2020\/03\/HORNILLO-INOX-VITRO-1-FUEGO-1200W-KUKEN.jpg","type":"image\/jpeg"}],"twitter_card":"summary_large_image","twitter_misc":{"pre\u00e7o":"","Disponibilidade":"Em stock"},"schema":{"@context":"https:\/\/schema.org","@graph":[{"@type":"WebPage","@id":"https:\/\/kuken.alfadyser.dev\/producto\/hornillo-electrico-vitro-1-fuego-1200w-kuken\/","url":"https:\/\/kuken.alfadyser.dev\/producto\/hornillo-electrico-vitro-1-fuego-1200w-kuken\/","name":"FOG\u00c3O EL\u00c9CTRICO VITRO 1 QUEIMADOR 1200W K\u00dcKEN - K\u00fcken","isPartOf":{"@id":"https:\/\/kuken.alfadyser.dev\/#website"},"primaryImageOfPage":{"@id":"https:\/\/kuken.alfadyser.dev\/producto\/hornillo-electrico-vitro-1-fuego-1200w-kuken\/#primaryimage"},"image":{"@id":"https:\/\/kuken.alfadyser.dev\/producto\/hornillo-electrico-vitro-1-fuego-1200w-kuken\/#primaryimage"},"thumbnailUrl":"https:\/\/kuken.alfadyser.dev\/wp-content\/uploads\/2020\/03\/HORNILLO-INOX-VITRO-1-FUEGO-1200W-KUKEN.jpg","datePublished":"2020-03-02T09:00:08+00:00","dateModified":"2025-07-23T09:30:31+00:00","description":"Novo e exclusivo fog\u00e3o el\u00e9trico vitro k\u00fcken com 1 queimador. Prepare receitas onde quiser de uma forma mais r\u00e1pida e f\u00e1cil. Descubra-a agora.","breadcrumb":{"@id":"https:\/\/kuken.alfadyser.dev\/producto\/hornillo-electrico-vitro-1-fuego-1200w-kuken\/#breadcrumb"},"inLanguage":"pt-PT","potentialAction":[{"@type":"ReadAction","target":["https:\/\/kuken.alfadyser.dev\/producto\/hornillo-electrico-vitro-1-fuego-1200w-kuken\/"]}]},{"@type":"ImageObject","inLanguage":"pt-PT","@id":"https:\/\/kuken.alfadyser.dev\/producto\/hornillo-electrico-vitro-1-fuego-1200w-kuken\/#primaryimage","url":"https:\/\/kuken.alfadyser.dev\/wp-content\/uploads\/2020\/03\/HORNILLO-INOX-VITRO-1-FUEGO-1200W-KUKEN.jpg","contentUrl":"https:\/\/kuken.alfadyser.dev\/wp-content\/uploads\/2020\/03\/HORNILLO-INOX-VITRO-1-FUEGO-1200W-KUKEN.jpg","width":853,"height":853,"caption":"Hornillo el\u00e9ctrico vitro k\u00fcken de 1 fuego"},{"@type":"BreadcrumbList","@id":"https:\/\/kuken.alfadyser.dev\/producto\/hornillo-electrico-vitro-1-fuego-1200w-kuken\/#breadcrumb","itemListElement":[{"@type":"ListItem","position":1,"name":"Portada","item":"https:\/\/kuken.alfadyser.dev\/"},{"@type":"ListItem","position":2,"name":"Productos","item":"https:\/\/kuken.alfadyser.dev\/productos\/"},{"@type":"ListItem","position":3,"name":"HORNILLO EL\u00c9CTRICO VITRO 1 FUEGO 1200W K\u00dcKEN"}]},{"@type":"WebSite","@id":"https:\/\/kuken.alfadyser.dev\/#website","url":"https:\/\/kuken.alfadyser.dev\/","name":"K\u00fcken","description":"Vasta gama de pequenos electrodom\u00e9sticos k\u00fcken","publisher":{"@id":"https:\/\/kuken.alfadyser.dev\/#organization"},"potentialAction":[{"@type":"SearchAction","target":{"@type":"EntryPoint","urlTemplate":"https:\/\/kuken.alfadyser.dev\/?s={search_term_string}"},"query-input":{"@type":"PropertyValueSpecification","valueRequired":true,"valueName":"search_term_string"}}],"inLanguage":"pt-PT"},{"@type":"Organization","@id":"https:\/\/kuken.alfadyser.dev\/#organization","name":"Alpha Dyser","url":"https:\/\/kuken.alfadyser.dev\/","logo":{"@type":"ImageObject","inLanguage":"pt-PT","@id":"https:\/\/kuken.alfadyser.dev\/#\/schema\/logo\/image\/","url":"https:\/\/kuken.alfadyser.dev\/wp-content\/uploads\/2019\/04\/kuken-logo.png","contentUrl":"https:\/\/kuken.alfadyser.dev\/wp-content\/uploads\/2019\/04\/kuken-logo.png","width":500,"height":191,"caption":"Alfa Dyser"},"image":{"@id":"https:\/\/kuken.alfadyser.dev\/#\/schema\/logo\/image\/"},"sameAs":["https:\/\/es-es.facebook.com\/alfadyser\/","https:\/\/www.instagram.com\/kuken_appliances\/"]}]},"product_price_currency":"EUR","og_availability":"instock","product_availability":"instock","product_retailer_item_id":"33642","product_condition":"new"},"_links":{"self":[{"href":"https:\/\/kuken.alfadyser.dev\/pt\/wp-json\/wp\/v2\/product\/3233","targetHints":{"allow":["GET"]}}],"collection":[{"href":"https:\/\/kuken.alfadyser.dev\/pt\/wp-json\/wp\/v2\/product"}],"about":[{"href":"https:\/\/kuken.alfadyser.dev\/pt\/wp-json\/wp\/v2\/types\/product"}],"wp:featuredmedia":[{"embeddable":true,"href":"https:\/\/kuken.alfadyser.dev\/pt\/wp-json\/wp\/v2\/media\/3234"}],"wp:attachment":[{"href":"https:\/\/kuken.alfadyser.dev\/pt\/wp-json\/wp\/v2\/media?parent=3233"}],"wp:term":[{"taxonomy":"product_brand","embeddable":true,"href":"https:\/\/kuken.alfadyser.dev\/pt\/wp-json\/wp\/v2\/product_brand?post=3233"},{"taxonomy":"product_cat","embeddable":true,"href":"https:\/\/kuken.alfadyser.dev\/pt\/wp-json\/wp\/v2\/product_cat?post=3233"},{"taxonomy":"product_tag","embeddable":true,"href":"https:\/\/kuken.alfadyser.dev\/pt\/wp-json\/wp\/v2\/product_tag?post=3233"}],"curies":[{"name":"wp","href":"https:\/\/api.w.org\/{rel}","templated":true}]}}