{"id":3211,"date":"2020-03-02T09:59:20","date_gmt":"2020-03-02T08:59:20","guid":{"rendered":"https:\/\/kuken.alfadyser.dev\/producto\/cafetera-capsulas-3-en-1-20-bar-kuken\/"},"modified":"2025-07-23T11:30:52","modified_gmt":"2025-07-23T09:30:52","slug":"cafetera-capsulas-3-en-1-20-bar-kuken","status":"publish","type":"product","link":"https:\/\/kuken.alfadyser.dev\/pt\/produto\/cafetera-capsulas-3-en-1-20-bar-kuken\/","title":{"rendered":"M\u00c1QUINA DE CAF\u00c9 DE C\u00c1PSULAS 3 EM 1 20 BAR K\u00dcKEN"},"content":{"rendered":"<p>M\u00c1QUINA DE CAF\u00c9 DE C\u00c1PSULAS 3 EM 1 20 BAR K\u00dcKEN<\/p>\n<ul data-start=\"734\" data-end=\"1459\">\n<li data-start=\"734\" data-end=\"816\">\n<p data-start=\"736\" data-end=\"816\">Cuerpo en policarbonato con acabado en rojo, negro y acero inoxidable.<\/p>\n<\/li>\n<li data-start=\"817\" data-end=\"896\">\n<p data-start=\"819\" data-end=\"896\">Compatible con c\u00e1psulas Nespresso*, Dolce Gusto* y caf\u00e9 molido.<\/p>\n<\/li>\n<li data-start=\"897\" data-end=\"964\">\n<p data-start=\"899\" data-end=\"964\">20 bares de presi\u00f3n, para una extracci\u00f3n intensa y cremosa.<\/p>\n<\/li>\n<li data-start=\"965\" data-end=\"1036\">\n<p data-start=\"967\" data-end=\"1036\">Regulaci\u00f3n precisa de la temperatura, ideal para caf\u00e9 perfecto.<\/p>\n<\/li>\n<li data-start=\"1037\" data-end=\"1100\">\n<p data-start=\"1039\" data-end=\"1100\">Selector de caf\u00e9 corto o largo, seg\u00fan tus preferencias.<\/p>\n<\/li>\n<li data-start=\"1101\" data-end=\"1157\">\n<p data-start=\"1103\" data-end=\"1157\">Dep\u00f3sito interno para almacenar c\u00e1psulas usadas.<\/p>\n<\/li>\n<li data-start=\"1158\" data-end=\"1211\">\n<p data-start=\"1160\" data-end=\"1211\">Dep\u00f3sito de agua de 0,6 L, con tapa superior.<\/p>\n<\/li>\n<li data-start=\"1212\" data-end=\"1284\">\n<p data-start=\"1214\" data-end=\"1284\">Rejilla antigoteo y soporte de taza extra\u00edble, f\u00e1cil de limpiar.<\/p>\n<\/li>\n<li data-start=\"1285\" data-end=\"1337\">\n<p data-start=\"1287\" data-end=\"1337\">Partes desmontables, mantenimiento sencillo.<\/p>\n<\/li>\n<li data-start=\"1338\" data-end=\"1377\">\n<p data-start=\"1340\" data-end=\"1377\">Apagado autom\u00e1tico tras el uso.<\/p>\n<\/li>\n<li data-start=\"1378\" data-end=\"1459\">\n<p data-start=\"1380\" data-end=\"1459\">Patas de goma antideslizantes, mayor estabilidad durante el funcionamiento.<\/p>\n<\/li>\n<\/ul>\n<p><div class=\"accordion\"><div class=\"mfn-acc accordion_wrapper  toggle\"><div class=\"question\"><div class=\"title\"><i class=\"icon-plus acc-icon-plus\" aria-hidden=\"true\"><\/i><i class=\"icon-minus acc-icon-minus\" aria-hidden=\"true\"><\/i>Dados do produto<\/div><div class=\"answer\">EAN 8425160343422<\/p>\n<p>Unidade de embalagem 1<br \/>\nCor Vermelho \/ Preto<br \/>\nEmbalagem Cor da caixa<br \/>\nPot\u00eancia 1500 W<br \/>\nTens\u00e3o 230 V<br \/>\nCapacidade do dep\u00f3sito 0,6 litros<br \/>\nMaterial Pl\u00e1stico<br \/>\nP\u00e9s antiderrapantes Sim<br \/>\nPeso 2,2 kg<\/div><\/div>\n<\/div><\/div>\n<br \/>\n<div class=\"accordion\"><div class=\"mfn-acc accordion_wrapper  toggle\"><div class=\"question\"><div class=\"title\"><i class=\"icon-plus acc-icon-plus\" aria-hidden=\"true\"><\/i><i class=\"icon-minus acc-icon-minus\" aria-hidden=\"true\"><\/i>Acess\u00f3rios<\/div><div class=\"answer\"><\/div><\/div>\n<\/div><\/div>\n<\/p>\n<div class=\"descargas-producto\"><a href=\"\/wp-content\/uploads\/pdf\/8425160343422_ficha_tecnica.pdf\" target=\"_blank\" rel=\"noopener noreferrer\"><br \/>\n<img loading=\"lazy\" decoding=\"async\" src=\"\/wp-content\/uploads\/2019\/12\/picto-descarrega.png\" alt=\"descarregar ficha de dados\" width=\"23\" height=\"16\" \/>Descarregar ficha<\/a><a href=\"https:\/\/kuken.alfadyser.dev\/wp-content\/uploads\/34342_instrucciones_new.pdf\" target=\"_blank\" rel=\"noopener noreferrer\"><br \/>\n<img loading=\"lazy\" decoding=\"async\" src=\"\/wp-content\/uploads\/2019\/12\/picto-descarrega.png\" alt=\"descarregar manual de instru\u00e7\u00f5es\" width=\"23\" height=\"16\" \/>Descarregar o manual<\/a><\/div>\n<div><\/div>\n<div><span style=\"color: #bf2121\">Siga-nos nas redes sociais!<\/span><\/div>\n<div><a href=\"https:\/\/www.instagram.com\/kuken_appliances\/\">https:\/\/www.instagram.com\/kuken_appliances\/<\/a><\/div>\n<p><iframe loading=\"lazy\" title=\"Cafetera 3 en 1 de k\u00fcken\" width=\"560\" height=\"315\" src=\"https:\/\/www.youtube.com\/embed\/5vcMlJRdDZw?feature=oembed\" frameborder=\"0\" allow=\"accelerometer; autoplay; clipboard-write; encrypted-media; gyroscope; picture-in-picture; web-share\" referrerpolicy=\"strict-origin-when-cross-origin\" allowfullscreen><\/iframe><\/p>","protected":false},"excerpt":{"rendered":"<p data-start=\"443\" data-end=\"587\">Vers\u00e1til y potente, esta cafetera 3 en 1 te permite preparar caf\u00e9 con c\u00e1psulas o molido. Con 20 bares de presi\u00f3n, es f\u00e1cil de usar y de limpiar.<\/p>\n<p data-start=\"589\" data-end=\"660\">","protected":false},"featured_media":3212,"template":"","meta":[],"product_brand":[],"product_cat":[200],"product_tag":[],"class_list":{"0":"post-3211","1":"product","2":"type-product","3":"status-publish","4":"has-post-thumbnail","6":"product_cat-cafeteras-molinillos","8":"first","9":"instock","10":"product-type-simple"},"yoast_head":"<!-- This site is optimized with the Yoast SEO Premium plugin v24.0 (Yoast SEO v26.5) - https:\/\/yoast.com\/wordpress\/plugins\/seo\/ -->\n<title>CAFETERA C\u00c1PSULAS 3 EN 1 20 BAR K\u00dcKEN - K\u00fcken<\/title>\n<meta name=\"description\" content=\"Exclusiva cafetera de c\u00e1psulas 3 en 1 k\u00fcken. Prepara un delicioso caf\u00e9 de manera m\u00e1s r\u00e1pida y f\u00e1cil. Compatible con c\u00e1psulas Nespresso y Dolce gusto.\" \/>\n<meta name=\"robots\" content=\"noindex, follow, max-snippet:-1, max-image-preview:large, max-video-preview:-1\" \/>\n<meta property=\"og:locale\" content=\"pt_PT\" \/>\n<meta property=\"og:type\" content=\"article\" \/>\n<meta property=\"og:title\" content=\"CAFETERA C\u00c1PSULAS 3 EN 1 20 BAR K\u00dcKEN\" \/>\n<meta property=\"og:description\" content=\"Exclusiva cafetera de c\u00e1psulas 3 en 1 k\u00fcken. Prepara un delicioso caf\u00e9 de manera m\u00e1s r\u00e1pida y f\u00e1cil. Compatible con c\u00e1psulas Nespresso y Dolce gusto.\" \/>\n<meta property=\"og:url\" content=\"https:\/\/kuken.alfadyser.dev\/pt\/produto\/cafetera-capsulas-3-en-1-20-bar-kuken\/\" \/>\n<meta property=\"og:site_name\" content=\"K\u00fcken\" \/>\n<meta property=\"article:publisher\" content=\"https:\/\/es-es.facebook.com\/alfadyser\/\" \/>\n<meta property=\"article:modified_time\" content=\"2025-07-23T09:30:52+00:00\" \/>\n<meta property=\"og:image\" content=\"https:\/\/kuken.alfadyser.dev\/wp-content\/uploads\/2020\/03\/CAFETERA-C\u00c1PSULAS-3-EN-1-20-BAR-KUKEN.jpg\" \/>\n\t<meta property=\"og:image:width\" content=\"853\" \/>\n\t<meta property=\"og:image:height\" content=\"853\" \/>\n\t<meta property=\"og:image:type\" content=\"image\/jpeg\" \/>\n<meta name=\"twitter:card\" content=\"summary_large_image\" \/>\n<meta name=\"twitter:label1\" content=\"pre\u00e7o\" \/>\n\t<meta name=\"twitter:data1\" content=\"\" \/>\n\t<meta name=\"twitter:label2\" content=\"Disponibilidade\" \/>\n\t<meta name=\"twitter:data2\" content=\"Em stock\" \/>\n<script type=\"application\/ld+json\" class=\"yoast-schema-graph\">{\"@context\":\"https:\/\/schema.org\",\"@graph\":[{\"@type\":\"WebPage\",\"@id\":\"https:\/\/kuken.alfadyser.dev\/producto\/cafetera-capsulas-3-en-1-20-bar-kuken\/\",\"url\":\"https:\/\/kuken.alfadyser.dev\/producto\/cafetera-capsulas-3-en-1-20-bar-kuken\/\",\"name\":\"CAFETERA C\u00c1PSULAS 3 EN 1 20 BAR K\u00dcKEN - K\u00fcken\",\"isPartOf\":{\"@id\":\"https:\/\/kuken.alfadyser.dev\/#website\"},\"primaryImageOfPage\":{\"@id\":\"https:\/\/kuken.alfadyser.dev\/producto\/cafetera-capsulas-3-en-1-20-bar-kuken\/#primaryimage\"},\"image\":{\"@id\":\"https:\/\/kuken.alfadyser.dev\/producto\/cafetera-capsulas-3-en-1-20-bar-kuken\/#primaryimage\"},\"thumbnailUrl\":\"https:\/\/kuken.alfadyser.dev\/wp-content\/uploads\/2020\/03\/CAFETERA-C\u00c1PSULAS-3-EN-1-20-BAR-KUKEN.jpg\",\"datePublished\":\"2020-03-02T08:59:20+00:00\",\"dateModified\":\"2025-07-23T09:30:52+00:00\",\"description\":\"Exclusiva cafetera de c\u00e1psulas 3 en 1 k\u00fcken. Prepara un delicioso caf\u00e9 de manera m\u00e1s r\u00e1pida y f\u00e1cil. Compatible con c\u00e1psulas Nespresso y Dolce gusto.\",\"breadcrumb\":{\"@id\":\"https:\/\/kuken.alfadyser.dev\/producto\/cafetera-capsulas-3-en-1-20-bar-kuken\/#breadcrumb\"},\"inLanguage\":\"pt-PT\",\"potentialAction\":[{\"@type\":\"ReadAction\",\"target\":[\"https:\/\/kuken.alfadyser.dev\/producto\/cafetera-capsulas-3-en-1-20-bar-kuken\/\"]}]},{\"@type\":\"ImageObject\",\"inLanguage\":\"pt-PT\",\"@id\":\"https:\/\/kuken.alfadyser.dev\/producto\/cafetera-capsulas-3-en-1-20-bar-kuken\/#primaryimage\",\"url\":\"https:\/\/kuken.alfadyser.dev\/wp-content\/uploads\/2020\/03\/CAFETERA-C\u00c1PSULAS-3-EN-1-20-BAR-KUKEN.jpg\",\"contentUrl\":\"https:\/\/kuken.alfadyser.dev\/wp-content\/uploads\/2020\/03\/CAFETERA-C\u00c1PSULAS-3-EN-1-20-BAR-KUKEN.jpg\",\"width\":853,\"height\":853,\"caption\":\"CAFETERA C\u00c1PSULAS 3 EN 1 20 BAR KUKEN\"},{\"@type\":\"BreadcrumbList\",\"@id\":\"https:\/\/kuken.alfadyser.dev\/producto\/cafetera-capsulas-3-en-1-20-bar-kuken\/#breadcrumb\",\"itemListElement\":[{\"@type\":\"ListItem\",\"position\":1,\"name\":\"Portada\",\"item\":\"https:\/\/kuken.alfadyser.dev\/\"},{\"@type\":\"ListItem\",\"position\":2,\"name\":\"Productos\",\"item\":\"https:\/\/kuken.alfadyser.dev\/productos\/\"},{\"@type\":\"ListItem\",\"position\":3,\"name\":\"CAFETERA C\u00c1PSULAS 3 EN 1 20 BAR K\u00dcKEN\"}]},{\"@type\":\"WebSite\",\"@id\":\"https:\/\/kuken.alfadyser.dev\/#website\",\"url\":\"https:\/\/kuken.alfadyser.dev\/\",\"name\":\"K\u00fcken\",\"description\":\"Amplia gama de peque\u00f1o electrodom\u00e9stico k\u00fcken\",\"publisher\":{\"@id\":\"https:\/\/kuken.alfadyser.dev\/#organization\"},\"potentialAction\":[{\"@type\":\"SearchAction\",\"target\":{\"@type\":\"EntryPoint\",\"urlTemplate\":\"https:\/\/kuken.alfadyser.dev\/?s={search_term_string}\"},\"query-input\":{\"@type\":\"PropertyValueSpecification\",\"valueRequired\":true,\"valueName\":\"search_term_string\"}}],\"inLanguage\":\"pt-PT\"},{\"@type\":\"Organization\",\"@id\":\"https:\/\/kuken.alfadyser.dev\/#organization\",\"name\":\"Alfa Dyser\",\"url\":\"https:\/\/kuken.alfadyser.dev\/\",\"logo\":{\"@type\":\"ImageObject\",\"inLanguage\":\"pt-PT\",\"@id\":\"https:\/\/kuken.alfadyser.dev\/#\/schema\/logo\/image\/\",\"url\":\"https:\/\/kuken.alfadyser.dev\/wp-content\/uploads\/2019\/04\/kuken-logo.png\",\"contentUrl\":\"https:\/\/kuken.alfadyser.dev\/wp-content\/uploads\/2019\/04\/kuken-logo.png\",\"width\":500,\"height\":191,\"caption\":\"Alfa Dyser\"},\"image\":{\"@id\":\"https:\/\/kuken.alfadyser.dev\/#\/schema\/logo\/image\/\"},\"sameAs\":[\"https:\/\/es-es.facebook.com\/alfadyser\/\",\"https:\/\/www.instagram.com\/kuken_appliances\/\"]}]}<\/script>\n<meta property=\"product:price:currency\" content=\"EUR\" \/>\n<meta property=\"og:availability\" content=\"instock\" \/>\n<meta property=\"product:availability\" content=\"instock\" \/>\n<meta property=\"product:retailer_item_id\" content=\"34342\" \/>\n<meta property=\"product:condition\" content=\"new\" \/>\n<!-- \/ Yoast SEO Premium plugin. -->","yoast_head_json":{"title":"CAFETERA C\u00c1PSULAS 3 EN 1 20 BAR K\u00dcKEN - K\u00fcken","description":"Exclusiva cafetera de c\u00e1psulas 3 en 1 k\u00fcken. Prepara un delicioso caf\u00e9 de manera m\u00e1s r\u00e1pida y f\u00e1cil. Compatible con c\u00e1psulas Nespresso y Dolce gusto.","robots":{"index":"noindex","follow":"follow","max-snippet":"max-snippet:-1","max-image-preview":"max-image-preview:large","max-video-preview":"max-video-preview:-1"},"og_locale":"pt_PT","og_type":"article","og_title":"CAFETERA C\u00c1PSULAS 3 EN 1 20 BAR K\u00dcKEN","og_description":"Exclusiva cafetera de c\u00e1psulas 3 en 1 k\u00fcken. Prepara un delicioso caf\u00e9 de manera m\u00e1s r\u00e1pida y f\u00e1cil. Compatible con c\u00e1psulas Nespresso y Dolce gusto.","og_url":"https:\/\/kuken.alfadyser.dev\/pt\/produto\/cafetera-capsulas-3-en-1-20-bar-kuken\/","og_site_name":"K\u00fcken","article_publisher":"https:\/\/es-es.facebook.com\/alfadyser\/","article_modified_time":"2025-07-23T09:30:52+00:00","og_image":[{"width":853,"height":853,"url":"https:\/\/kuken.alfadyser.dev\/wp-content\/uploads\/2020\/03\/CAFETERA-C\u00c1PSULAS-3-EN-1-20-BAR-KUKEN.jpg","type":"image\/jpeg"}],"twitter_card":"summary_large_image","twitter_misc":{"pre\u00e7o":"","Disponibilidade":"Em stock"},"schema":{"@context":"https:\/\/schema.org","@graph":[{"@type":"WebPage","@id":"https:\/\/kuken.alfadyser.dev\/producto\/cafetera-capsulas-3-en-1-20-bar-kuken\/","url":"https:\/\/kuken.alfadyser.dev\/producto\/cafetera-capsulas-3-en-1-20-bar-kuken\/","name":"CAFETERA C\u00c1PSULAS 3 EN 1 20 BAR K\u00dcKEN - K\u00fcken","isPartOf":{"@id":"https:\/\/kuken.alfadyser.dev\/#website"},"primaryImageOfPage":{"@id":"https:\/\/kuken.alfadyser.dev\/producto\/cafetera-capsulas-3-en-1-20-bar-kuken\/#primaryimage"},"image":{"@id":"https:\/\/kuken.alfadyser.dev\/producto\/cafetera-capsulas-3-en-1-20-bar-kuken\/#primaryimage"},"thumbnailUrl":"https:\/\/kuken.alfadyser.dev\/wp-content\/uploads\/2020\/03\/CAFETERA-C\u00c1PSULAS-3-EN-1-20-BAR-KUKEN.jpg","datePublished":"2020-03-02T08:59:20+00:00","dateModified":"2025-07-23T09:30:52+00:00","description":"Exclusiva cafetera de c\u00e1psulas 3 en 1 k\u00fcken. Prepara un delicioso caf\u00e9 de manera m\u00e1s r\u00e1pida y f\u00e1cil. Compatible con c\u00e1psulas Nespresso y Dolce gusto.","breadcrumb":{"@id":"https:\/\/kuken.alfadyser.dev\/producto\/cafetera-capsulas-3-en-1-20-bar-kuken\/#breadcrumb"},"inLanguage":"pt-PT","potentialAction":[{"@type":"ReadAction","target":["https:\/\/kuken.alfadyser.dev\/producto\/cafetera-capsulas-3-en-1-20-bar-kuken\/"]}]},{"@type":"ImageObject","inLanguage":"pt-PT","@id":"https:\/\/kuken.alfadyser.dev\/producto\/cafetera-capsulas-3-en-1-20-bar-kuken\/#primaryimage","url":"https:\/\/kuken.alfadyser.dev\/wp-content\/uploads\/2020\/03\/CAFETERA-C\u00c1PSULAS-3-EN-1-20-BAR-KUKEN.jpg","contentUrl":"https:\/\/kuken.alfadyser.dev\/wp-content\/uploads\/2020\/03\/CAFETERA-C\u00c1PSULAS-3-EN-1-20-BAR-KUKEN.jpg","width":853,"height":853,"caption":"CAFETERA C\u00c1PSULAS 3 EN 1 20 BAR KUKEN"},{"@type":"BreadcrumbList","@id":"https:\/\/kuken.alfadyser.dev\/producto\/cafetera-capsulas-3-en-1-20-bar-kuken\/#breadcrumb","itemListElement":[{"@type":"ListItem","position":1,"name":"Portada","item":"https:\/\/kuken.alfadyser.dev\/"},{"@type":"ListItem","position":2,"name":"Productos","item":"https:\/\/kuken.alfadyser.dev\/productos\/"},{"@type":"ListItem","position":3,"name":"CAFETERA C\u00c1PSULAS 3 EN 1 20 BAR K\u00dcKEN"}]},{"@type":"WebSite","@id":"https:\/\/kuken.alfadyser.dev\/#website","url":"https:\/\/kuken.alfadyser.dev\/","name":"K\u00fcken","description":"Vasta gama de pequenos electrodom\u00e9sticos k\u00fcken","publisher":{"@id":"https:\/\/kuken.alfadyser.dev\/#organization"},"potentialAction":[{"@type":"SearchAction","target":{"@type":"EntryPoint","urlTemplate":"https:\/\/kuken.alfadyser.dev\/?s={search_term_string}"},"query-input":{"@type":"PropertyValueSpecification","valueRequired":true,"valueName":"search_term_string"}}],"inLanguage":"pt-PT"},{"@type":"Organization","@id":"https:\/\/kuken.alfadyser.dev\/#organization","name":"Alpha Dyser","url":"https:\/\/kuken.alfadyser.dev\/","logo":{"@type":"ImageObject","inLanguage":"pt-PT","@id":"https:\/\/kuken.alfadyser.dev\/#\/schema\/logo\/image\/","url":"https:\/\/kuken.alfadyser.dev\/wp-content\/uploads\/2019\/04\/kuken-logo.png","contentUrl":"https:\/\/kuken.alfadyser.dev\/wp-content\/uploads\/2019\/04\/kuken-logo.png","width":500,"height":191,"caption":"Alfa Dyser"},"image":{"@id":"https:\/\/kuken.alfadyser.dev\/#\/schema\/logo\/image\/"},"sameAs":["https:\/\/es-es.facebook.com\/alfadyser\/","https:\/\/www.instagram.com\/kuken_appliances\/"]}]},"product_price_currency":"EUR","og_availability":"instock","product_availability":"instock","product_retailer_item_id":"34342","product_condition":"new"},"_links":{"self":[{"href":"https:\/\/kuken.alfadyser.dev\/pt\/wp-json\/wp\/v2\/product\/3211","targetHints":{"allow":["GET"]}}],"collection":[{"href":"https:\/\/kuken.alfadyser.dev\/pt\/wp-json\/wp\/v2\/product"}],"about":[{"href":"https:\/\/kuken.alfadyser.dev\/pt\/wp-json\/wp\/v2\/types\/product"}],"wp:featuredmedia":[{"embeddable":true,"href":"https:\/\/kuken.alfadyser.dev\/pt\/wp-json\/wp\/v2\/media\/3212"}],"wp:attachment":[{"href":"https:\/\/kuken.alfadyser.dev\/pt\/wp-json\/wp\/v2\/media?parent=3211"}],"wp:term":[{"taxonomy":"product_brand","embeddable":true,"href":"https:\/\/kuken.alfadyser.dev\/pt\/wp-json\/wp\/v2\/product_brand?post=3211"},{"taxonomy":"product_cat","embeddable":true,"href":"https:\/\/kuken.alfadyser.dev\/pt\/wp-json\/wp\/v2\/product_cat?post=3211"},{"taxonomy":"product_tag","embeddable":true,"href":"https:\/\/kuken.alfadyser.dev\/pt\/wp-json\/wp\/v2\/product_tag?post=3211"}],"curies":[{"name":"wp","href":"https:\/\/api.w.org\/{rel}","templated":true}]}}