{"id":3183,"date":"2020-03-02T09:57:04","date_gmt":"2020-03-02T08:57:04","guid":{"rendered":"https:\/\/kuken.alfadyser.dev\/producto\/picadora-de-carne-electrica-1200w-kuken\/"},"modified":"2025-07-23T11:31:06","modified_gmt":"2025-07-23T09:31:06","slug":"picadora-de-carne-electrica-1200w-kuken","status":"publish","type":"product","link":"https:\/\/kuken.alfadyser.dev\/pt\/produto\/picadora-de-carne-electrica-1200w-kuken\/","title":{"rendered":"PICADOR DE CARNE EL\u00c9CTRICO 1200W K\u00dcKEN"},"content":{"rendered":"<p>PICADOR DE CARNE EL\u00c9CTRICO 1200W K\u00dcKEN<\/p>\n<ul>\n<li data-start=\"749\" data-end=\"833\">\n<p data-start=\"751\" data-end=\"833\">Cuerpo pl\u00e1stico con acabado blanco y detalles cromados, elegante y duradero.<\/p>\n<\/li>\n<li data-start=\"834\" data-end=\"908\">\n<p data-start=\"836\" data-end=\"908\">Tolva y \u00e9mbolo met\u00e1licos, robustos y resistentes al uso intensivo.<\/p>\n<\/li>\n<li data-start=\"909\" data-end=\"983\">\n<p data-start=\"911\" data-end=\"983\">Funci\u00f3n reversible con pulsador, \u00fatil ante bloqueos o atascos.<\/p>\n<\/li>\n<li data-start=\"984\" data-end=\"1065\">\n<p data-start=\"986\" data-end=\"1065\">Incluye 3 discos de salida: 3 mm, 4,5 mm y 8 mm para diferentes texturas.<\/p>\n<\/li>\n<li data-start=\"1066\" data-end=\"1145\">\n<p data-start=\"1068\" data-end=\"1145\">Accesorios incluidos para preparar salchichas y alb\u00f3ndigas caseras.<\/p>\n<\/li>\n<li data-start=\"1146\" data-end=\"1214\">\n<p data-start=\"1148\" data-end=\"1214\">Cuchilla y h\u00e9lice de acero inoxidable, afiladas y duraderas.<\/p>\n<\/li>\n<li data-start=\"1215\" data-end=\"1285\">\n<p data-start=\"1217\" data-end=\"1285\">Piezas desmontables, facilitan una limpieza completa y r\u00e1pida.<\/p>\n<\/li>\n<li data-start=\"1286\" data-end=\"1360\">\n<p data-start=\"1288\" data-end=\"1360\">Patas de goma antideslizantes, ofrecen estabilidad durante el uso.<\/p>\n<\/li>\n<li data-start=\"1361\" data-end=\"1427\">\n<p data-start=\"1363\" data-end=\"1427\">Potencia de 1200W, ideal para picar carne de forma eficaz.<\/p>\n<\/li>\n<li data-start=\"1428\" data-end=\"1498\">\n<p data-start=\"1430\" data-end=\"1498\">Una herramienta pr\u00e1ctica, potente y multifunci\u00f3n para tu cocina.<\/p>\n<\/li>\n<\/ul>\n<p><div class=\"accordion\"><div class=\"mfn-acc accordion_wrapper  toggle\"><div class=\"question\"><div class=\"title\"><i class=\"icon-plus acc-icon-plus\" aria-hidden=\"true\"><\/i><i class=\"icon-minus acc-icon-minus\" aria-hidden=\"true\"><\/i>Dados do produto<\/div><div class=\"answer\">EAN 8425160301408<\/p>\n<p>PICADOR DE CARNE EL\u00c9CTRICO 1200W K\u00dcKEN<\/p>\n<p>Unidade de embalagem 1<br \/>\nCor Branco \/ A\u00e7o inoxid\u00e1vel<br \/>\nEmbalagem Caixa colorida<br \/>\nPot\u00eancia 1200 W<br \/>\nTens\u00e3o 230 V<br \/>\nTamanho grande<br \/>\nMaterial A\u00e7o inoxid\u00e1vel \/ Pl\u00e1stico<br \/>\nDestac\u00e1vel Sim<br \/>\nP\u00e9s antiderrapantes Sim<br \/>\nPeso 3,2 kg<\/div><\/div>\n<\/div><\/div>\n<br \/>\n<div class=\"accordion\"><div class=\"mfn-acc accordion_wrapper  toggle\"><div class=\"question\"><div class=\"title\"><i class=\"icon-plus acc-icon-plus\" aria-hidden=\"true\"><\/i><i class=\"icon-minus acc-icon-minus\" aria-hidden=\"true\"><\/i>Acess\u00f3rios<\/div><div class=\"answer\"><\/div><\/div>\n<\/div><\/div>\n<\/p>\n<div class=\"descargas-producto\"><a href=\"\/wp-content\/uploads\/pdf\/8425160301408_ficha_tecnica.pdf\" target=\"_blank\" rel=\"noopener noreferrer\"><br \/>\n<img loading=\"lazy\" decoding=\"async\" src=\"\/wp-content\/uploads\/2019\/12\/picto-descarrega.png\" alt=\"descarregar ficha de dados\" width=\"23\" height=\"16\" \/>Descarregar ficha<\/a><br \/>\n<a href=\"\/wp-content\/uploads\/pdf\/30140_instrucciones.pdf\"><img loading=\"lazy\" decoding=\"async\" src=\"\/wp-content\/uploads\/2019\/12\/picto-descarrega.png\" alt=\"descarregar manual de instru\u00e7\u00f5es\" width=\"23\" height=\"16\" \/>Descarregar o manual<\/a><\/div>\n<div><\/div>\n<div><span style=\"color: #bf2121\">Siga-nos nas redes sociais!<\/span><\/div>\n<div><a href=\"https:\/\/www.instagram.com\/kuken_appliances\/\">https:\/\/www.instagram.com\/kuken_appliances\/<\/a><\/div>","protected":false},"excerpt":{"rendered":"<p data-start=\"448\" data-end=\"591\">Potente y vers\u00e1til, esta picadora de carne es ideal para uso dom\u00e9stico. Incluye discos de corte, accesorios para embutidos y limpieza sencilla.<\/p>\n<p data-start=\"593\" data-end=\"675\">","protected":false},"featured_media":3184,"template":"","meta":[],"product_brand":[],"product_cat":[201],"product_tag":[],"class_list":{"0":"post-3183","1":"product","2":"type-product","3":"status-publish","4":"has-post-thumbnail","6":"product_cat-picadoras","8":"first","9":"instock","10":"product-type-simple"},"yoast_head":"<!-- This site is optimized with the Yoast SEO Premium plugin v24.0 (Yoast SEO v26.5) - https:\/\/yoast.com\/wordpress\/plugins\/seo\/ -->\n<title>PICADORA DE CARNE EL\u00c9CTRICA 1200W K\u00dcKEN - K\u00fcken<\/title>\n<meta name=\"description\" content=\"Nueva y exclusiva picadora de carne el\u00e9ctrica k\u00fcken. Ideal complemento para tu cocina, pica alimentos de manera m\u00e1s r\u00e1pida y f\u00e1cil, desc\u00fabrela ahora.\" \/>\n<meta name=\"robots\" content=\"noindex, follow, max-snippet:-1, max-image-preview:large, max-video-preview:-1\" \/>\n<meta property=\"og:locale\" content=\"pt_PT\" \/>\n<meta property=\"og:type\" content=\"article\" \/>\n<meta property=\"og:title\" content=\"PICADORA DE CARNE EL\u00c9CTRICA 1200W K\u00dcKEN\" \/>\n<meta property=\"og:description\" content=\"Nueva y exclusiva picadora de carne el\u00e9ctrica k\u00fcken. Ideal complemento para tu cocina, pica alimentos de manera m\u00e1s r\u00e1pida y f\u00e1cil, desc\u00fabrela ahora.\" \/>\n<meta property=\"og:url\" content=\"https:\/\/kuken.alfadyser.dev\/pt\/produto\/picadora-de-carne-electrica-1200w-kuken\/\" \/>\n<meta property=\"og:site_name\" content=\"K\u00fcken\" \/>\n<meta property=\"article:publisher\" content=\"https:\/\/es-es.facebook.com\/alfadyser\/\" \/>\n<meta property=\"article:modified_time\" content=\"2025-07-23T09:31:06+00:00\" \/>\n<meta property=\"og:image\" content=\"https:\/\/kuken.alfadyser.dev\/wp-content\/uploads\/2020\/03\/PICADORA-DE-CARNE-EL\u00c9CTRICA-1200W-KUKEN.jpg\" \/>\n\t<meta property=\"og:image:width\" content=\"853\" \/>\n\t<meta property=\"og:image:height\" content=\"853\" \/>\n\t<meta property=\"og:image:type\" content=\"image\/jpeg\" \/>\n<meta name=\"twitter:card\" content=\"summary_large_image\" \/>\n<meta name=\"twitter:label1\" content=\"pre\u00e7o\" \/>\n\t<meta name=\"twitter:data1\" content=\"\" \/>\n\t<meta name=\"twitter:label2\" content=\"Disponibilidade\" \/>\n\t<meta name=\"twitter:data2\" content=\"Em stock\" \/>\n<script type=\"application\/ld+json\" class=\"yoast-schema-graph\">{\"@context\":\"https:\/\/schema.org\",\"@graph\":[{\"@type\":\"WebPage\",\"@id\":\"https:\/\/kuken.alfadyser.dev\/producto\/picadora-de-carne-electrica-1200w-kuken\/\",\"url\":\"https:\/\/kuken.alfadyser.dev\/producto\/picadora-de-carne-electrica-1200w-kuken\/\",\"name\":\"PICADORA DE CARNE EL\u00c9CTRICA 1200W K\u00dcKEN - K\u00fcken\",\"isPartOf\":{\"@id\":\"https:\/\/kuken.alfadyser.dev\/#website\"},\"primaryImageOfPage\":{\"@id\":\"https:\/\/kuken.alfadyser.dev\/producto\/picadora-de-carne-electrica-1200w-kuken\/#primaryimage\"},\"image\":{\"@id\":\"https:\/\/kuken.alfadyser.dev\/producto\/picadora-de-carne-electrica-1200w-kuken\/#primaryimage\"},\"thumbnailUrl\":\"https:\/\/kuken.alfadyser.dev\/wp-content\/uploads\/2020\/03\/PICADORA-DE-CARNE-EL\u00c9CTRICA-1200W-KUKEN.jpg\",\"datePublished\":\"2020-03-02T08:57:04+00:00\",\"dateModified\":\"2025-07-23T09:31:06+00:00\",\"description\":\"Nueva y exclusiva picadora de carne el\u00e9ctrica k\u00fcken. Ideal complemento para tu cocina, pica alimentos de manera m\u00e1s r\u00e1pida y f\u00e1cil, desc\u00fabrela ahora.\",\"breadcrumb\":{\"@id\":\"https:\/\/kuken.alfadyser.dev\/producto\/picadora-de-carne-electrica-1200w-kuken\/#breadcrumb\"},\"inLanguage\":\"pt-PT\",\"potentialAction\":[{\"@type\":\"ReadAction\",\"target\":[\"https:\/\/kuken.alfadyser.dev\/producto\/picadora-de-carne-electrica-1200w-kuken\/\"]}]},{\"@type\":\"ImageObject\",\"inLanguage\":\"pt-PT\",\"@id\":\"https:\/\/kuken.alfadyser.dev\/producto\/picadora-de-carne-electrica-1200w-kuken\/#primaryimage\",\"url\":\"https:\/\/kuken.alfadyser.dev\/wp-content\/uploads\/2020\/03\/PICADORA-DE-CARNE-EL\u00c9CTRICA-1200W-KUKEN.jpg\",\"contentUrl\":\"https:\/\/kuken.alfadyser.dev\/wp-content\/uploads\/2020\/03\/PICADORA-DE-CARNE-EL\u00c9CTRICA-1200W-KUKEN.jpg\",\"width\":853,\"height\":853,\"caption\":\"Picadora de carne el\u00e9ctrica k\u00fcken\"},{\"@type\":\"BreadcrumbList\",\"@id\":\"https:\/\/kuken.alfadyser.dev\/producto\/picadora-de-carne-electrica-1200w-kuken\/#breadcrumb\",\"itemListElement\":[{\"@type\":\"ListItem\",\"position\":1,\"name\":\"Portada\",\"item\":\"https:\/\/kuken.alfadyser.dev\/\"},{\"@type\":\"ListItem\",\"position\":2,\"name\":\"Productos\",\"item\":\"https:\/\/kuken.alfadyser.dev\/productos\/\"},{\"@type\":\"ListItem\",\"position\":3,\"name\":\"PICADORA DE CARNE EL\u00c9CTRICA 1200W K\u00dcKEN\"}]},{\"@type\":\"WebSite\",\"@id\":\"https:\/\/kuken.alfadyser.dev\/#website\",\"url\":\"https:\/\/kuken.alfadyser.dev\/\",\"name\":\"K\u00fcken\",\"description\":\"Amplia gama de peque\u00f1o electrodom\u00e9stico k\u00fcken\",\"publisher\":{\"@id\":\"https:\/\/kuken.alfadyser.dev\/#organization\"},\"potentialAction\":[{\"@type\":\"SearchAction\",\"target\":{\"@type\":\"EntryPoint\",\"urlTemplate\":\"https:\/\/kuken.alfadyser.dev\/?s={search_term_string}\"},\"query-input\":{\"@type\":\"PropertyValueSpecification\",\"valueRequired\":true,\"valueName\":\"search_term_string\"}}],\"inLanguage\":\"pt-PT\"},{\"@type\":\"Organization\",\"@id\":\"https:\/\/kuken.alfadyser.dev\/#organization\",\"name\":\"Alfa Dyser\",\"url\":\"https:\/\/kuken.alfadyser.dev\/\",\"logo\":{\"@type\":\"ImageObject\",\"inLanguage\":\"pt-PT\",\"@id\":\"https:\/\/kuken.alfadyser.dev\/#\/schema\/logo\/image\/\",\"url\":\"https:\/\/kuken.alfadyser.dev\/wp-content\/uploads\/2019\/04\/kuken-logo.png\",\"contentUrl\":\"https:\/\/kuken.alfadyser.dev\/wp-content\/uploads\/2019\/04\/kuken-logo.png\",\"width\":500,\"height\":191,\"caption\":\"Alfa Dyser\"},\"image\":{\"@id\":\"https:\/\/kuken.alfadyser.dev\/#\/schema\/logo\/image\/\"},\"sameAs\":[\"https:\/\/es-es.facebook.com\/alfadyser\/\",\"https:\/\/www.instagram.com\/kuken_appliances\/\"]}]}<\/script>\n<meta property=\"product:price:currency\" content=\"EUR\" \/>\n<meta property=\"og:availability\" content=\"instock\" \/>\n<meta property=\"product:availability\" content=\"instock\" \/>\n<meta property=\"product:retailer_item_id\" content=\"30140\" \/>\n<meta property=\"product:condition\" content=\"new\" \/>\n<!-- \/ Yoast SEO Premium plugin. -->","yoast_head_json":{"title":"PICADORA DE CARNE EL\u00c9CTRICA K\u00dcKEN 1200W - K\u00fcken","description":"Novo e exclusivo picador de carne el\u00e9trico k\u00fcken. O complemento ideal para a sua cozinha, pica os alimentos de forma mais r\u00e1pida e f\u00e1cil, descubra-o agora.","robots":{"index":"noindex","follow":"follow","max-snippet":"max-snippet:-1","max-image-preview":"max-image-preview:large","max-video-preview":"max-video-preview:-1"},"og_locale":"pt_PT","og_type":"article","og_title":"PICADORA DE CARNE EL\u00c9CTRICA 1200W K\u00dcKEN","og_description":"Nueva y exclusiva picadora de carne el\u00e9ctrica k\u00fcken. Ideal complemento para tu cocina, pica alimentos de manera m\u00e1s r\u00e1pida y f\u00e1cil, desc\u00fabrela ahora.","og_url":"https:\/\/kuken.alfadyser.dev\/pt\/produto\/picadora-de-carne-electrica-1200w-kuken\/","og_site_name":"K\u00fcken","article_publisher":"https:\/\/es-es.facebook.com\/alfadyser\/","article_modified_time":"2025-07-23T09:31:06+00:00","og_image":[{"width":853,"height":853,"url":"https:\/\/kuken.alfadyser.dev\/wp-content\/uploads\/2020\/03\/PICADORA-DE-CARNE-EL\u00c9CTRICA-1200W-KUKEN.jpg","type":"image\/jpeg"}],"twitter_card":"summary_large_image","twitter_misc":{"pre\u00e7o":"","Disponibilidade":"Em stock"},"schema":{"@context":"https:\/\/schema.org","@graph":[{"@type":"WebPage","@id":"https:\/\/kuken.alfadyser.dev\/producto\/picadora-de-carne-electrica-1200w-kuken\/","url":"https:\/\/kuken.alfadyser.dev\/producto\/picadora-de-carne-electrica-1200w-kuken\/","name":"PICADORA DE CARNE EL\u00c9CTRICA K\u00dcKEN 1200W - K\u00fcken","isPartOf":{"@id":"https:\/\/kuken.alfadyser.dev\/#website"},"primaryImageOfPage":{"@id":"https:\/\/kuken.alfadyser.dev\/producto\/picadora-de-carne-electrica-1200w-kuken\/#primaryimage"},"image":{"@id":"https:\/\/kuken.alfadyser.dev\/producto\/picadora-de-carne-electrica-1200w-kuken\/#primaryimage"},"thumbnailUrl":"https:\/\/kuken.alfadyser.dev\/wp-content\/uploads\/2020\/03\/PICADORA-DE-CARNE-EL\u00c9CTRICA-1200W-KUKEN.jpg","datePublished":"2020-03-02T08:57:04+00:00","dateModified":"2025-07-23T09:31:06+00:00","description":"Novo e exclusivo picador de carne el\u00e9trico k\u00fcken. O complemento ideal para a sua cozinha, pica os alimentos de forma mais r\u00e1pida e f\u00e1cil, descubra-o agora.","breadcrumb":{"@id":"https:\/\/kuken.alfadyser.dev\/producto\/picadora-de-carne-electrica-1200w-kuken\/#breadcrumb"},"inLanguage":"pt-PT","potentialAction":[{"@type":"ReadAction","target":["https:\/\/kuken.alfadyser.dev\/producto\/picadora-de-carne-electrica-1200w-kuken\/"]}]},{"@type":"ImageObject","inLanguage":"pt-PT","@id":"https:\/\/kuken.alfadyser.dev\/producto\/picadora-de-carne-electrica-1200w-kuken\/#primaryimage","url":"https:\/\/kuken.alfadyser.dev\/wp-content\/uploads\/2020\/03\/PICADORA-DE-CARNE-EL\u00c9CTRICA-1200W-KUKEN.jpg","contentUrl":"https:\/\/kuken.alfadyser.dev\/wp-content\/uploads\/2020\/03\/PICADORA-DE-CARNE-EL\u00c9CTRICA-1200W-KUKEN.jpg","width":853,"height":853,"caption":"Picadora de carne el\u00e9ctrica k\u00fcken"},{"@type":"BreadcrumbList","@id":"https:\/\/kuken.alfadyser.dev\/producto\/picadora-de-carne-electrica-1200w-kuken\/#breadcrumb","itemListElement":[{"@type":"ListItem","position":1,"name":"Portada","item":"https:\/\/kuken.alfadyser.dev\/"},{"@type":"ListItem","position":2,"name":"Productos","item":"https:\/\/kuken.alfadyser.dev\/productos\/"},{"@type":"ListItem","position":3,"name":"PICADORA DE CARNE EL\u00c9CTRICA 1200W K\u00dcKEN"}]},{"@type":"WebSite","@id":"https:\/\/kuken.alfadyser.dev\/#website","url":"https:\/\/kuken.alfadyser.dev\/","name":"K\u00fcken","description":"Vasta gama de pequenos electrodom\u00e9sticos k\u00fcken","publisher":{"@id":"https:\/\/kuken.alfadyser.dev\/#organization"},"potentialAction":[{"@type":"SearchAction","target":{"@type":"EntryPoint","urlTemplate":"https:\/\/kuken.alfadyser.dev\/?s={search_term_string}"},"query-input":{"@type":"PropertyValueSpecification","valueRequired":true,"valueName":"search_term_string"}}],"inLanguage":"pt-PT"},{"@type":"Organization","@id":"https:\/\/kuken.alfadyser.dev\/#organization","name":"Alpha Dyser","url":"https:\/\/kuken.alfadyser.dev\/","logo":{"@type":"ImageObject","inLanguage":"pt-PT","@id":"https:\/\/kuken.alfadyser.dev\/#\/schema\/logo\/image\/","url":"https:\/\/kuken.alfadyser.dev\/wp-content\/uploads\/2019\/04\/kuken-logo.png","contentUrl":"https:\/\/kuken.alfadyser.dev\/wp-content\/uploads\/2019\/04\/kuken-logo.png","width":500,"height":191,"caption":"Alfa Dyser"},"image":{"@id":"https:\/\/kuken.alfadyser.dev\/#\/schema\/logo\/image\/"},"sameAs":["https:\/\/es-es.facebook.com\/alfadyser\/","https:\/\/www.instagram.com\/kuken_appliances\/"]}]},"product_price_currency":"EUR","og_availability":"instock","product_availability":"instock","product_retailer_item_id":"30140","product_condition":"new"},"_links":{"self":[{"href":"https:\/\/kuken.alfadyser.dev\/pt\/wp-json\/wp\/v2\/product\/3183","targetHints":{"allow":["GET"]}}],"collection":[{"href":"https:\/\/kuken.alfadyser.dev\/pt\/wp-json\/wp\/v2\/product"}],"about":[{"href":"https:\/\/kuken.alfadyser.dev\/pt\/wp-json\/wp\/v2\/types\/product"}],"wp:featuredmedia":[{"embeddable":true,"href":"https:\/\/kuken.alfadyser.dev\/pt\/wp-json\/wp\/v2\/media\/3184"}],"wp:attachment":[{"href":"https:\/\/kuken.alfadyser.dev\/pt\/wp-json\/wp\/v2\/media?parent=3183"}],"wp:term":[{"taxonomy":"product_brand","embeddable":true,"href":"https:\/\/kuken.alfadyser.dev\/pt\/wp-json\/wp\/v2\/product_brand?post=3183"},{"taxonomy":"product_cat","embeddable":true,"href":"https:\/\/kuken.alfadyser.dev\/pt\/wp-json\/wp\/v2\/product_cat?post=3183"},{"taxonomy":"product_tag","embeddable":true,"href":"https:\/\/kuken.alfadyser.dev\/pt\/wp-json\/wp\/v2\/product_tag?post=3183"}],"curies":[{"name":"wp","href":"https:\/\/api.w.org\/{rel}","templated":true}]}}