{"id":3154,"date":"2020-03-02T09:43:58","date_gmt":"2020-03-02T08:43:58","guid":{"rendered":"https:\/\/kuken.alfadyser.dev\/producto\/hervidor-agua-electrico-inox-1500w-2l-kuken\/"},"modified":"2025-07-23T11:52:49","modified_gmt":"2025-07-23T09:52:49","slug":"chaleira-de-aco-inoxidavel-1500w-2l-kuken","status":"publish","type":"product","link":"https:\/\/kuken.alfadyser.dev\/pt\/produto\/chaleira-de-aco-inoxidavel-1500w-2l-kuken\/","title":{"rendered":"CHALEIRA EM A\u00c7O INOXID\u00c1VEL 1500W 2L K\u00dcKEN"},"content":{"rendered":"<p>CHALEIRA EM A\u00c7O INOXID\u00c1VEL 1500W 2L K\u00dcKEN<\/p>\n<ul data-start=\"710\" data-end=\"1440\">\n<li data-start=\"710\" data-end=\"797\">\n<p data-start=\"712\" data-end=\"797\">Acabado en acero inoxidable pulido combinado con pl\u00e1stico negro resistente.<\/p>\n<\/li>\n<li data-start=\"798\" data-end=\"880\">\n<p data-start=\"800\" data-end=\"880\">Interior y cuerpo completamente en acero inoxidable, duradero e higi\u00e9nico.<\/p>\n<\/li>\n<li data-start=\"881\" data-end=\"947\">\n<p data-start=\"883\" data-end=\"947\">Capacidad de 2 litros, ideal para hogares o uso frecuente.<\/p>\n<\/li>\n<li data-start=\"948\" data-end=\"1014\">\n<p data-start=\"950\" data-end=\"1014\">Asa ergon\u00f3mica con pulsador de encendido, c\u00f3moda y segura.<\/p>\n<\/li>\n<li data-start=\"1015\" data-end=\"1095\">\n<p data-start=\"1017\" data-end=\"1095\">Apagado autom\u00e1tico a 70\u202f\u00b0C \/ 100\u202f\u00b0C \/ m\u00e1ximo, evita sobrecalentamientos.<\/p>\n<\/li>\n<li data-start=\"1096\" data-end=\"1162\">\n<p data-start=\"1098\" data-end=\"1162\">Tapa con pulsador y filtro incorporado, limpia y pr\u00e1ctica.<\/p>\n<\/li>\n<li data-start=\"1163\" data-end=\"1224\">\n<p data-start=\"1165\" data-end=\"1224\">Jarra independiente de la base, facilita el servicio.<\/p>\n<\/li>\n<li data-start=\"1225\" data-end=\"1296\">\n<p data-start=\"1227\" data-end=\"1296\">Luz LED indicadora de encendido, muestra el estado del aparato.<\/p>\n<\/li>\n<li data-start=\"1297\" data-end=\"1372\">\n<p data-start=\"1299\" data-end=\"1372\">Base con sistema recogecables, orden y facilidad de almacenamiento.<\/p>\n<\/li>\n<li data-start=\"1373\" data-end=\"1440\">\n<p data-start=\"1375\" data-end=\"1440\">Potencia de 1500W, calienta agua de forma eficiente y segura.<\/p>\n<\/li>\n<\/ul>\n<p><div class=\"accordion\"><div class=\"mfn-acc accordion_wrapper  toggle\"><div class=\"question\"><div class=\"title\"><i class=\"icon-plus acc-icon-plus\" aria-hidden=\"true\"><\/i><i class=\"icon-minus acc-icon-minus\" aria-hidden=\"true\"><\/i>Dados do produto<\/div><div class=\"answer\">EAN 8425160336707<\/p>\n<p>CHALEIRA EM A\u00c7O INOXID\u00c1VEL 1500W 2L K\u00dcKEN<\/p>\n<p>Unidade de embalagem 1<br \/>\nCor a\u00e7o inoxid\u00e1vel<br \/>\nEmbalagem Cor da caixa<br \/>\nPot\u00eancia 1500 W<br \/>\nTens\u00e3o 230 V<br \/>\nCapacidade 2,0 litros<br \/>\nTamanho grande<br \/>\nMaterial A\u00e7o inoxid\u00e1vel \/ PC<br \/>\nP\u00e9s antiderrapantes Sim<br \/>\nPeso 0,77 kg<\/div><\/div>\n<\/div><\/div>\n<br \/>\n<div class=\"accordion\"><div class=\"mfn-acc accordion_wrapper  toggle\"><div class=\"question\"><div class=\"title\"><i class=\"icon-plus acc-icon-plus\" aria-hidden=\"true\"><\/i><i class=\"icon-minus acc-icon-minus\" aria-hidden=\"true\"><\/i>Acess\u00f3rios<\/div><div class=\"answer\"><\/div><\/div>\n<\/div><\/div>\n<\/p>\n<div class=\"descargas-producto\"><a href=\"\/wp-content\/uploads\/pdf\/8425160336707_ficha_tecnica.pdf\" target=\"_blank\" rel=\"noopener noreferrer\"><br \/>\n<img loading=\"lazy\" decoding=\"async\" src=\"\/wp-content\/uploads\/2019\/12\/picto-descarrega.png\" alt=\"descarregar ficha de dados\" width=\"23\" height=\"16\" \/>Descarregar ficha<\/a><br \/>\n<a href=\"\/wp-content\/uploads\/pdf\/33670_instrucciones_new.pdf\"><img loading=\"lazy\" decoding=\"async\" src=\"\/wp-content\/uploads\/2019\/12\/picto-descarrega.png\" alt=\"descarregar manual de instru\u00e7\u00f5es\" width=\"23\" height=\"16\" \/>Descarregar o manual<\/a><\/div>\n<div><\/div>\n<div><span style=\"color: #bf2121\">Siga-nos nas redes sociais!<\/span><\/div>\n<div><a href=\"https:\/\/www.instagram.com\/kuken_appliances\/\">https:\/\/www.instagram.com\/kuken_appliances\/<\/a><\/div>\n<p><iframe loading=\"lazy\" title=\"Hervidor agua el\u00e9ctrico 1500w 2 litros k\u00fcken\" width=\"560\" height=\"315\" src=\"https:\/\/www.youtube.com\/embed\/zkMAdXOKuq4?feature=oembed\" frameborder=\"0\" allow=\"accelerometer; autoplay; clipboard-write; encrypted-media; gyroscope; picture-in-picture; web-share\" referrerpolicy=\"strict-origin-when-cross-origin\" allowfullscreen><\/iframe><\/p>","protected":false},"excerpt":{"rendered":"<p data-start=\"424\" data-end=\"563\">Hervidor de acero inoxidable de gran capacidad. Con apagado autom\u00e1tico, jarra desmontable, filtro incorporado y dise\u00f1o robusto y funcional.<\/p>\n<p data-start=\"565\" data-end=\"636\">","protected":false},"featured_media":3155,"template":"","meta":[],"product_brand":[],"product_cat":[202],"product_tag":[],"class_list":{"0":"post-3154","1":"product","2":"type-product","3":"status-publish","4":"has-post-thumbnail","6":"product_cat-hervidores","8":"first","9":"instock","10":"product-type-simple"},"yoast_head":"<!-- This site is optimized with the Yoast SEO Premium plugin v24.0 (Yoast SEO v26.5) - https:\/\/yoast.com\/wordpress\/plugins\/seo\/ -->\n<title>HERVIDOR AGUA INOXIDABLE 1500W 2L K\u00dcKEN - K\u00fcken<\/title>\n<meta name=\"description\" content=\"Exclusivo hervidor de agua el\u00e9ctrico inoxidable 2l k\u00fcken. Prepara tus infusiones y calienta agua para cocinar de manera m\u00e1s r\u00e1pida y f\u00e1cil\" \/>\n<meta name=\"robots\" content=\"noindex, follow, max-snippet:-1, max-image-preview:large, max-video-preview:-1\" \/>\n<meta property=\"og:locale\" content=\"pt_PT\" \/>\n<meta property=\"og:type\" content=\"article\" \/>\n<meta property=\"og:title\" content=\"HERVIDOR AGUA INOXIDABLE 1500W 2L K\u00dcKEN\" \/>\n<meta property=\"og:description\" content=\"Exclusivo hervidor de agua el\u00e9ctrico inoxidable 2l k\u00fcken. Prepara tus infusiones y calienta agua para cocinar de manera m\u00e1s r\u00e1pida y f\u00e1cil\" \/>\n<meta property=\"og:url\" content=\"https:\/\/kuken.alfadyser.dev\/pt\/produto\/chaleira-de-aco-inoxidavel-1500w-2l-kuken\/\" \/>\n<meta property=\"og:site_name\" content=\"K\u00fcken\" \/>\n<meta property=\"article:publisher\" content=\"https:\/\/es-es.facebook.com\/alfadyser\/\" \/>\n<meta property=\"article:modified_time\" content=\"2025-07-23T09:52:49+00:00\" \/>\n<meta property=\"og:image\" content=\"https:\/\/kuken.alfadyser.dev\/wp-content\/uploads\/2020\/03\/HERVIDOR-AGUA-EL\u00c9CTRICO-INOX-1500W-2L-KUKEN.jpg\" \/>\n\t<meta property=\"og:image:width\" content=\"853\" \/>\n\t<meta property=\"og:image:height\" content=\"853\" \/>\n\t<meta property=\"og:image:type\" content=\"image\/jpeg\" \/>\n<meta name=\"twitter:card\" content=\"summary_large_image\" \/>\n<meta name=\"twitter:label1\" content=\"pre\u00e7o\" \/>\n\t<meta name=\"twitter:data1\" content=\"\" \/>\n\t<meta name=\"twitter:label2\" content=\"Disponibilidade\" \/>\n\t<meta name=\"twitter:data2\" content=\"Em stock\" \/>\n<script type=\"application\/ld+json\" class=\"yoast-schema-graph\">{\"@context\":\"https:\/\/schema.org\",\"@graph\":[{\"@type\":\"WebPage\",\"@id\":\"https:\/\/kuken.alfadyser.dev\/producto\/hervidor-agua-inoxidable-1500w-2l-kuken\/\",\"url\":\"https:\/\/kuken.alfadyser.dev\/producto\/hervidor-agua-inoxidable-1500w-2l-kuken\/\",\"name\":\"HERVIDOR AGUA INOXIDABLE 1500W 2L K\u00dcKEN - K\u00fcken\",\"isPartOf\":{\"@id\":\"https:\/\/kuken.alfadyser.dev\/#website\"},\"primaryImageOfPage\":{\"@id\":\"https:\/\/kuken.alfadyser.dev\/producto\/hervidor-agua-inoxidable-1500w-2l-kuken\/#primaryimage\"},\"image\":{\"@id\":\"https:\/\/kuken.alfadyser.dev\/producto\/hervidor-agua-inoxidable-1500w-2l-kuken\/#primaryimage\"},\"thumbnailUrl\":\"https:\/\/kuken.alfadyser.dev\/wp-content\/uploads\/2020\/03\/HERVIDOR-AGUA-EL\u00c9CTRICO-INOX-1500W-2L-KUKEN.jpg\",\"datePublished\":\"2020-03-02T08:43:58+00:00\",\"dateModified\":\"2025-07-23T09:52:49+00:00\",\"description\":\"Exclusivo hervidor de agua el\u00e9ctrico inoxidable 2l k\u00fcken. Prepara tus infusiones y calienta agua para cocinar de manera m\u00e1s r\u00e1pida y f\u00e1cil\",\"breadcrumb\":{\"@id\":\"https:\/\/kuken.alfadyser.dev\/producto\/hervidor-agua-inoxidable-1500w-2l-kuken\/#breadcrumb\"},\"inLanguage\":\"pt-PT\",\"potentialAction\":[{\"@type\":\"ReadAction\",\"target\":[\"https:\/\/kuken.alfadyser.dev\/producto\/hervidor-agua-inoxidable-1500w-2l-kuken\/\"]}]},{\"@type\":\"ImageObject\",\"inLanguage\":\"pt-PT\",\"@id\":\"https:\/\/kuken.alfadyser.dev\/producto\/hervidor-agua-inoxidable-1500w-2l-kuken\/#primaryimage\",\"url\":\"https:\/\/kuken.alfadyser.dev\/wp-content\/uploads\/2020\/03\/HERVIDOR-AGUA-EL\u00c9CTRICO-INOX-1500W-2L-KUKEN.jpg\",\"contentUrl\":\"https:\/\/kuken.alfadyser.dev\/wp-content\/uploads\/2020\/03\/HERVIDOR-AGUA-EL\u00c9CTRICO-INOX-1500W-2L-KUKEN.jpg\",\"width\":853,\"height\":853,\"caption\":\"Hervidor de agua el\u00e9ctrico k\u00fcken inoxidable\"},{\"@type\":\"BreadcrumbList\",\"@id\":\"https:\/\/kuken.alfadyser.dev\/producto\/hervidor-agua-inoxidable-1500w-2l-kuken\/#breadcrumb\",\"itemListElement\":[{\"@type\":\"ListItem\",\"position\":1,\"name\":\"Portada\",\"item\":\"https:\/\/kuken.alfadyser.dev\/\"},{\"@type\":\"ListItem\",\"position\":2,\"name\":\"Productos\",\"item\":\"https:\/\/kuken.alfadyser.dev\/productos\/\"},{\"@type\":\"ListItem\",\"position\":3,\"name\":\"HERVIDOR AGUA INOXIDABLE 1500W 2L K\u00dcKEN\"}]},{\"@type\":\"WebSite\",\"@id\":\"https:\/\/kuken.alfadyser.dev\/#website\",\"url\":\"https:\/\/kuken.alfadyser.dev\/\",\"name\":\"K\u00fcken\",\"description\":\"Amplia gama de peque\u00f1o electrodom\u00e9stico k\u00fcken\",\"publisher\":{\"@id\":\"https:\/\/kuken.alfadyser.dev\/#organization\"},\"potentialAction\":[{\"@type\":\"SearchAction\",\"target\":{\"@type\":\"EntryPoint\",\"urlTemplate\":\"https:\/\/kuken.alfadyser.dev\/?s={search_term_string}\"},\"query-input\":{\"@type\":\"PropertyValueSpecification\",\"valueRequired\":true,\"valueName\":\"search_term_string\"}}],\"inLanguage\":\"pt-PT\"},{\"@type\":\"Organization\",\"@id\":\"https:\/\/kuken.alfadyser.dev\/#organization\",\"name\":\"Alfa Dyser\",\"url\":\"https:\/\/kuken.alfadyser.dev\/\",\"logo\":{\"@type\":\"ImageObject\",\"inLanguage\":\"pt-PT\",\"@id\":\"https:\/\/kuken.alfadyser.dev\/#\/schema\/logo\/image\/\",\"url\":\"https:\/\/kuken.alfadyser.dev\/wp-content\/uploads\/2019\/04\/kuken-logo.png\",\"contentUrl\":\"https:\/\/kuken.alfadyser.dev\/wp-content\/uploads\/2019\/04\/kuken-logo.png\",\"width\":500,\"height\":191,\"caption\":\"Alfa Dyser\"},\"image\":{\"@id\":\"https:\/\/kuken.alfadyser.dev\/#\/schema\/logo\/image\/\"},\"sameAs\":[\"https:\/\/es-es.facebook.com\/alfadyser\/\",\"https:\/\/www.instagram.com\/kuken_appliances\/\"]}]}<\/script>\n<meta property=\"product:price:currency\" content=\"EUR\" \/>\n<meta property=\"og:availability\" content=\"instock\" \/>\n<meta property=\"product:availability\" content=\"instock\" \/>\n<meta property=\"product:retailer_item_id\" content=\"33670\" \/>\n<meta property=\"product:condition\" content=\"new\" \/>\n<!-- \/ Yoast SEO Premium plugin. -->","yoast_head_json":{"title":"CHALEIRA DE A\u00c7O INOXID\u00c1VEL K\u00dcKEN 1500W 2L - K\u00fcken","description":"Chaleira el\u00e9ctrica exclusiva k\u00fcken 2l em a\u00e7o inoxid\u00e1vel. Prepara as suas infus\u00f5es e aquece a \u00e1gua para cozinhar de forma mais r\u00e1pida e f\u00e1cil.","robots":{"index":"noindex","follow":"follow","max-snippet":"max-snippet:-1","max-image-preview":"max-image-preview:large","max-video-preview":"max-video-preview:-1"},"og_locale":"pt_PT","og_type":"article","og_title":"HERVIDOR AGUA INOXIDABLE 1500W 2L K\u00dcKEN","og_description":"Exclusivo hervidor de agua el\u00e9ctrico inoxidable 2l k\u00fcken. Prepara tus infusiones y calienta agua para cocinar de manera m\u00e1s r\u00e1pida y f\u00e1cil","og_url":"https:\/\/kuken.alfadyser.dev\/pt\/produto\/chaleira-de-aco-inoxidavel-1500w-2l-kuken\/","og_site_name":"K\u00fcken","article_publisher":"https:\/\/es-es.facebook.com\/alfadyser\/","article_modified_time":"2025-07-23T09:52:49+00:00","og_image":[{"width":853,"height":853,"url":"https:\/\/kuken.alfadyser.dev\/wp-content\/uploads\/2020\/03\/HERVIDOR-AGUA-EL\u00c9CTRICO-INOX-1500W-2L-KUKEN.jpg","type":"image\/jpeg"}],"twitter_card":"summary_large_image","twitter_misc":{"pre\u00e7o":"","Disponibilidade":"Em stock"},"schema":{"@context":"https:\/\/schema.org","@graph":[{"@type":"WebPage","@id":"https:\/\/kuken.alfadyser.dev\/producto\/hervidor-agua-inoxidable-1500w-2l-kuken\/","url":"https:\/\/kuken.alfadyser.dev\/producto\/hervidor-agua-inoxidable-1500w-2l-kuken\/","name":"CHALEIRA DE A\u00c7O INOXID\u00c1VEL K\u00dcKEN 1500W 2L - K\u00fcken","isPartOf":{"@id":"https:\/\/kuken.alfadyser.dev\/#website"},"primaryImageOfPage":{"@id":"https:\/\/kuken.alfadyser.dev\/producto\/hervidor-agua-inoxidable-1500w-2l-kuken\/#primaryimage"},"image":{"@id":"https:\/\/kuken.alfadyser.dev\/producto\/hervidor-agua-inoxidable-1500w-2l-kuken\/#primaryimage"},"thumbnailUrl":"https:\/\/kuken.alfadyser.dev\/wp-content\/uploads\/2020\/03\/HERVIDOR-AGUA-EL\u00c9CTRICO-INOX-1500W-2L-KUKEN.jpg","datePublished":"2020-03-02T08:43:58+00:00","dateModified":"2025-07-23T09:52:49+00:00","description":"Chaleira el\u00e9ctrica exclusiva k\u00fcken 2l em a\u00e7o inoxid\u00e1vel. Prepara as suas infus\u00f5es e aquece a \u00e1gua para cozinhar de forma mais r\u00e1pida e f\u00e1cil.","breadcrumb":{"@id":"https:\/\/kuken.alfadyser.dev\/producto\/hervidor-agua-inoxidable-1500w-2l-kuken\/#breadcrumb"},"inLanguage":"pt-PT","potentialAction":[{"@type":"ReadAction","target":["https:\/\/kuken.alfadyser.dev\/producto\/hervidor-agua-inoxidable-1500w-2l-kuken\/"]}]},{"@type":"ImageObject","inLanguage":"pt-PT","@id":"https:\/\/kuken.alfadyser.dev\/producto\/hervidor-agua-inoxidable-1500w-2l-kuken\/#primaryimage","url":"https:\/\/kuken.alfadyser.dev\/wp-content\/uploads\/2020\/03\/HERVIDOR-AGUA-EL\u00c9CTRICO-INOX-1500W-2L-KUKEN.jpg","contentUrl":"https:\/\/kuken.alfadyser.dev\/wp-content\/uploads\/2020\/03\/HERVIDOR-AGUA-EL\u00c9CTRICO-INOX-1500W-2L-KUKEN.jpg","width":853,"height":853,"caption":"Hervidor de agua el\u00e9ctrico k\u00fcken inoxidable"},{"@type":"BreadcrumbList","@id":"https:\/\/kuken.alfadyser.dev\/producto\/hervidor-agua-inoxidable-1500w-2l-kuken\/#breadcrumb","itemListElement":[{"@type":"ListItem","position":1,"name":"Portada","item":"https:\/\/kuken.alfadyser.dev\/"},{"@type":"ListItem","position":2,"name":"Productos","item":"https:\/\/kuken.alfadyser.dev\/productos\/"},{"@type":"ListItem","position":3,"name":"HERVIDOR AGUA INOXIDABLE 1500W 2L K\u00dcKEN"}]},{"@type":"WebSite","@id":"https:\/\/kuken.alfadyser.dev\/#website","url":"https:\/\/kuken.alfadyser.dev\/","name":"K\u00fcken","description":"Vasta gama de pequenos electrodom\u00e9sticos k\u00fcken","publisher":{"@id":"https:\/\/kuken.alfadyser.dev\/#organization"},"potentialAction":[{"@type":"SearchAction","target":{"@type":"EntryPoint","urlTemplate":"https:\/\/kuken.alfadyser.dev\/?s={search_term_string}"},"query-input":{"@type":"PropertyValueSpecification","valueRequired":true,"valueName":"search_term_string"}}],"inLanguage":"pt-PT"},{"@type":"Organization","@id":"https:\/\/kuken.alfadyser.dev\/#organization","name":"Alpha Dyser","url":"https:\/\/kuken.alfadyser.dev\/","logo":{"@type":"ImageObject","inLanguage":"pt-PT","@id":"https:\/\/kuken.alfadyser.dev\/#\/schema\/logo\/image\/","url":"https:\/\/kuken.alfadyser.dev\/wp-content\/uploads\/2019\/04\/kuken-logo.png","contentUrl":"https:\/\/kuken.alfadyser.dev\/wp-content\/uploads\/2019\/04\/kuken-logo.png","width":500,"height":191,"caption":"Alfa Dyser"},"image":{"@id":"https:\/\/kuken.alfadyser.dev\/#\/schema\/logo\/image\/"},"sameAs":["https:\/\/es-es.facebook.com\/alfadyser\/","https:\/\/www.instagram.com\/kuken_appliances\/"]}]},"product_price_currency":"EUR","og_availability":"instock","product_availability":"instock","product_retailer_item_id":"33670","product_condition":"new"},"_links":{"self":[{"href":"https:\/\/kuken.alfadyser.dev\/pt\/wp-json\/wp\/v2\/product\/3154","targetHints":{"allow":["GET"]}}],"collection":[{"href":"https:\/\/kuken.alfadyser.dev\/pt\/wp-json\/wp\/v2\/product"}],"about":[{"href":"https:\/\/kuken.alfadyser.dev\/pt\/wp-json\/wp\/v2\/types\/product"}],"wp:featuredmedia":[{"embeddable":true,"href":"https:\/\/kuken.alfadyser.dev\/pt\/wp-json\/wp\/v2\/media\/3155"}],"wp:attachment":[{"href":"https:\/\/kuken.alfadyser.dev\/pt\/wp-json\/wp\/v2\/media?parent=3154"}],"wp:term":[{"taxonomy":"product_brand","embeddable":true,"href":"https:\/\/kuken.alfadyser.dev\/pt\/wp-json\/wp\/v2\/product_brand?post=3154"},{"taxonomy":"product_cat","embeddable":true,"href":"https:\/\/kuken.alfadyser.dev\/pt\/wp-json\/wp\/v2\/product_cat?post=3154"},{"taxonomy":"product_tag","embeddable":true,"href":"https:\/\/kuken.alfadyser.dev\/pt\/wp-json\/wp\/v2\/product_tag?post=3154"}],"curies":[{"name":"wp","href":"https:\/\/api.w.org\/{rel}","templated":true}]}}