{"id":3149,"date":"2020-03-02T09:43:50","date_gmt":"2020-03-02T08:43:50","guid":{"rendered":"https:\/\/kuken.alfadyser.dev\/producto\/hervidor-agua-electrico-1400w-1l-kuken\/"},"modified":"2025-07-23T11:56:52","modified_gmt":"2025-07-23T09:56:52","slug":"chaleira-electrica-1-litro-1400w-kuken","status":"publish","type":"product","link":"https:\/\/kuken.alfadyser.dev\/pt\/produto\/chaleira-electrica-1-litro-1400w-kuken\/","title":{"rendered":"CHALEIRA EL\u00c9CTRICA 1LITRO 1600W K\u00dcKEN"},"content":{"rendered":"<p>CHALEIRA EL\u00c9CTRICA 1LITRO 1600W K\u00dcKEN<\/p>\n<ul data-start=\"743\" data-end=\"1489\">\n<li data-start=\"743\" data-end=\"829\">\n<p data-start=\"745\" data-end=\"829\">Acabado en acero inoxidable y detalles en PC negro, elegante y resistente.<\/p>\n<\/li>\n<li data-start=\"830\" data-end=\"907\">\n<p data-start=\"832\" data-end=\"907\">Cuerpo exterior e interior de acero inoxidable, duradero e higi\u00e9nico.<\/p>\n<\/li>\n<li data-start=\"908\" data-end=\"973\">\n<p data-start=\"910\" data-end=\"973\">Capacidad de 1 litro, ideal para uso individual o diario.<\/p>\n<\/li>\n<li data-start=\"974\" data-end=\"1047\">\n<p data-start=\"976\" data-end=\"1047\">Asa ergon\u00f3mica con pulsador de encendido, manejo c\u00f3modo y seguro.<\/p>\n<\/li>\n<li data-start=\"1048\" data-end=\"1136\">\n<p data-start=\"1050\" data-end=\"1136\">Apagado autom\u00e1tico a 70\u202f\u00b0C \/ 100\u202f\u00b0C \/ m\u00e1ximo, protege contra sobrecalentamiento.<\/p>\n<\/li>\n<li data-start=\"1137\" data-end=\"1201\">\n<p data-start=\"1139\" data-end=\"1201\">Tapa con pulsador de apertura, pr\u00e1ctica y f\u00e1cil de usar.<\/p>\n<\/li>\n<li data-start=\"1202\" data-end=\"1279\">\n<p data-start=\"1204\" data-end=\"1279\">Indicador luminoso de encendido, muestra el estado de funcionamiento.<\/p>\n<\/li>\n<li data-start=\"1280\" data-end=\"1355\">\n<p data-start=\"1282\" data-end=\"1355\">Base con sistema recogecables, facilita el almacenamiento ordenado.<\/p>\n<\/li>\n<li data-start=\"1356\" data-end=\"1421\">\n<p data-start=\"1358\" data-end=\"1421\">Potencia de 1600W, para calentar agua de forma eficiente.<\/p>\n<\/li>\n<li data-start=\"1422\" data-end=\"1489\">\n<p data-start=\"1424\" data-end=\"1489\">Perfecto para cocinas peque\u00f1as, oficinas o uso diario r\u00e1pido.<\/p>\n<\/li>\n<\/ul>\n<p><div class=\"accordion\"><div class=\"mfn-acc accordion_wrapper  toggle\"><div class=\"question\"><div class=\"title\"><i class=\"icon-plus acc-icon-plus\" aria-hidden=\"true\"><\/i><i class=\"icon-minus acc-icon-minus\" aria-hidden=\"true\"><\/i>Dados do produto<\/div><div class=\"answer\">EAN 8425160340490<\/p>\n<p>CHALEIRA EL\u00c9CTRICA 1LITRO 1600W K\u00dcKEN<\/p>\n<p>Unidade de embalagem 1<br \/>\nCor a\u00e7o inoxid\u00e1vel<br \/>\nEmbalagem Cor da caixa<br \/>\nPot\u00eancia 1400 W<br \/>\nTens\u00e3o 230 V<br \/>\nCapacidade 1,0 litro<br \/>\nTamanho pequeno<br \/>\nMaterial A\u00e7o inoxid\u00e1vel \/ PC<br \/>\nP\u00e9s antiderrapantes Sim<br \/>\nPeso 0,7 kg<\/div><\/div>\n<\/div><\/div>\n<br \/>\n<div class=\"accordion\"><div class=\"mfn-acc accordion_wrapper  toggle\"><div class=\"question\"><div class=\"title\"><i class=\"icon-plus acc-icon-plus\" aria-hidden=\"true\"><\/i><i class=\"icon-minus acc-icon-minus\" aria-hidden=\"true\"><\/i>Acess\u00f3rios<\/div><div class=\"answer\"><\/div><\/div>\n<\/div><\/div>\n<\/p>\n<div class=\"descargas-producto\"><a href=\"\/wp-content\/uploads\/pdf\/8425160340490_ficha_tecnica.pdf\" target=\"_blank\" rel=\"noopener noreferrer\"><br \/>\n<img loading=\"lazy\" decoding=\"async\" src=\"\/wp-content\/uploads\/2019\/12\/picto-descarrega.png\" alt=\"descarregar ficha de dados\" width=\"23\" height=\"16\" \/>Descarregar ficha<\/a><a href=\"https:\/\/kuken.alfadyser.dev\/wp-content\/uploads\/34049_instrucciones_new.pdf\" target=\"_blank\" rel=\"noopener noreferrer\"><br \/>\n<img loading=\"lazy\" decoding=\"async\" src=\"\/wp-content\/uploads\/2019\/12\/picto-descarrega.png\" alt=\"descarregar manual de instru\u00e7\u00f5es\" width=\"23\" height=\"16\" \/>Descarregar o manual<\/a><\/div>\n<div><\/div>\n<div><span style=\"color: #bf2121\">Siga-nos nas redes sociais!<\/span><\/div>\n<div><a href=\"https:\/\/www.instagram.com\/kuken_appliances\/\">https:\/\/www.instagram.com\/kuken_appliances\/<\/a><\/div>\n<p><iframe loading=\"lazy\" title=\"Chaleira el\u00e9ctrica 1600w 1l k\u00fcken\" width=\"560\" height=\"315\" src=\"https:\/\/www.youtube.com\/embed\/p4cbHcbgT0c?feature=oembed\" frameborder=\"0\" allow=\"accelerometer; autoplay; clipboard-write; encrypted-media; gyroscope; picture-in-picture; web-share\" referrerpolicy=\"strict-origin-when-cross-origin\" allowfullscreen><\/iframe><\/p>","protected":false},"excerpt":{"rendered":"<p data-start=\"456\" data-end=\"596\">Hervidor compacto en acero inoxidable con apagado autom\u00e1tico y base desmontable. Ideal para calentar agua de forma r\u00e1pida y segura cada d\u00eda.<\/p>\n<p data-start=\"598\" data-end=\"669\">","protected":false},"featured_media":10136,"template":"","meta":[],"product_brand":[],"product_cat":[202],"product_tag":[],"class_list":{"0":"post-3149","1":"product","2":"type-product","3":"status-publish","4":"has-post-thumbnail","6":"product_cat-hervidores","8":"first","9":"instock","10":"product-type-simple"},"yoast_head":"<!-- This site is optimized with the Yoast SEO Premium plugin v24.0 (Yoast SEO v26.5) - https:\/\/yoast.com\/wordpress\/plugins\/seo\/ -->\n<title>HERVIDOR AGUA EL\u00c9CTRICO 1LITRO 1600W K\u00dcKEN - K\u00fcken<\/title>\n<meta name=\"description\" content=\"Exclusivo hervidor de agua el\u00e9ctrico 1litro k\u00fcken. Prepara infusiones y calienta agua para cocinar de manera m\u00e1s r\u00e1pida y f\u00e1cil\" \/>\n<meta name=\"robots\" content=\"noindex, follow, max-snippet:-1, max-image-preview:large, max-video-preview:-1\" \/>\n<meta property=\"og:locale\" content=\"pt_PT\" \/>\n<meta property=\"og:type\" content=\"article\" \/>\n<meta property=\"og:title\" content=\"HERVIDOR AGUA EL\u00c9CTRICO 1LITRO 1600W K\u00dcKEN\" \/>\n<meta property=\"og:description\" content=\"Exclusivo hervidor de agua el\u00e9ctrico 1litro k\u00fcken. Prepara infusiones y calienta agua para cocinar de manera m\u00e1s r\u00e1pida y f\u00e1cil\" \/>\n<meta property=\"og:url\" content=\"https:\/\/kuken.alfadyser.dev\/pt\/produto\/chaleira-electrica-1-litro-1400w-kuken\/\" \/>\n<meta property=\"og:site_name\" content=\"K\u00fcken\" \/>\n<meta property=\"article:publisher\" content=\"https:\/\/es-es.facebook.com\/alfadyser\/\" \/>\n<meta property=\"article:modified_time\" content=\"2025-07-23T09:56:52+00:00\" \/>\n<meta property=\"og:image\" content=\"https:\/\/kuken.alfadyser.dev\/wp-content\/uploads\/8425160340490_01.jpg\" \/>\n\t<meta property=\"og:image:width\" content=\"2000\" \/>\n\t<meta property=\"og:image:height\" content=\"2000\" \/>\n\t<meta property=\"og:image:type\" content=\"image\/jpeg\" \/>\n<meta name=\"twitter:card\" content=\"summary_large_image\" \/>\n<meta name=\"twitter:label1\" content=\"pre\u00e7o\" \/>\n\t<meta name=\"twitter:data1\" content=\"\" \/>\n\t<meta name=\"twitter:label2\" content=\"Disponibilidade\" \/>\n\t<meta name=\"twitter:data2\" content=\"Em stock\" \/>\n<script type=\"application\/ld+json\" class=\"yoast-schema-graph\">{\"@context\":\"https:\/\/schema.org\",\"@graph\":[{\"@type\":\"WebPage\",\"@id\":\"https:\/\/kuken.alfadyser.dev\/producto\/hervidor-agua-electrico-1-litro-1400w-kuken\/\",\"url\":\"https:\/\/kuken.alfadyser.dev\/producto\/hervidor-agua-electrico-1-litro-1400w-kuken\/\",\"name\":\"HERVIDOR AGUA EL\u00c9CTRICO 1LITRO 1600W K\u00dcKEN - K\u00fcken\",\"isPartOf\":{\"@id\":\"https:\/\/kuken.alfadyser.dev\/#website\"},\"primaryImageOfPage\":{\"@id\":\"https:\/\/kuken.alfadyser.dev\/producto\/hervidor-agua-electrico-1-litro-1400w-kuken\/#primaryimage\"},\"image\":{\"@id\":\"https:\/\/kuken.alfadyser.dev\/producto\/hervidor-agua-electrico-1-litro-1400w-kuken\/#primaryimage\"},\"thumbnailUrl\":\"https:\/\/kuken.alfadyser.dev\/wp-content\/uploads\/8425160340490_01.jpg\",\"datePublished\":\"2020-03-02T08:43:50+00:00\",\"dateModified\":\"2025-07-23T09:56:52+00:00\",\"description\":\"Exclusivo hervidor de agua el\u00e9ctrico 1litro k\u00fcken. Prepara infusiones y calienta agua para cocinar de manera m\u00e1s r\u00e1pida y f\u00e1cil\",\"breadcrumb\":{\"@id\":\"https:\/\/kuken.alfadyser.dev\/producto\/hervidor-agua-electrico-1-litro-1400w-kuken\/#breadcrumb\"},\"inLanguage\":\"pt-PT\",\"potentialAction\":[{\"@type\":\"ReadAction\",\"target\":[\"https:\/\/kuken.alfadyser.dev\/producto\/hervidor-agua-electrico-1-litro-1400w-kuken\/\"]}]},{\"@type\":\"ImageObject\",\"inLanguage\":\"pt-PT\",\"@id\":\"https:\/\/kuken.alfadyser.dev\/producto\/hervidor-agua-electrico-1-litro-1400w-kuken\/#primaryimage\",\"url\":\"https:\/\/kuken.alfadyser.dev\/wp-content\/uploads\/8425160340490_01.jpg\",\"contentUrl\":\"https:\/\/kuken.alfadyser.dev\/wp-content\/uploads\/8425160340490_01.jpg\",\"width\":2000,\"height\":2000},{\"@type\":\"BreadcrumbList\",\"@id\":\"https:\/\/kuken.alfadyser.dev\/producto\/hervidor-agua-electrico-1-litro-1400w-kuken\/#breadcrumb\",\"itemListElement\":[{\"@type\":\"ListItem\",\"position\":1,\"name\":\"Portada\",\"item\":\"https:\/\/kuken.alfadyser.dev\/\"},{\"@type\":\"ListItem\",\"position\":2,\"name\":\"Productos\",\"item\":\"https:\/\/kuken.alfadyser.dev\/productos\/\"},{\"@type\":\"ListItem\",\"position\":3,\"name\":\"HERVIDOR AGUA EL\u00c9CTRICO 1LITRO 1600W K\u00dcKEN\"}]},{\"@type\":\"WebSite\",\"@id\":\"https:\/\/kuken.alfadyser.dev\/#website\",\"url\":\"https:\/\/kuken.alfadyser.dev\/\",\"name\":\"K\u00fcken\",\"description\":\"Amplia gama de peque\u00f1o electrodom\u00e9stico k\u00fcken\",\"publisher\":{\"@id\":\"https:\/\/kuken.alfadyser.dev\/#organization\"},\"potentialAction\":[{\"@type\":\"SearchAction\",\"target\":{\"@type\":\"EntryPoint\",\"urlTemplate\":\"https:\/\/kuken.alfadyser.dev\/?s={search_term_string}\"},\"query-input\":{\"@type\":\"PropertyValueSpecification\",\"valueRequired\":true,\"valueName\":\"search_term_string\"}}],\"inLanguage\":\"pt-PT\"},{\"@type\":\"Organization\",\"@id\":\"https:\/\/kuken.alfadyser.dev\/#organization\",\"name\":\"Alfa Dyser\",\"url\":\"https:\/\/kuken.alfadyser.dev\/\",\"logo\":{\"@type\":\"ImageObject\",\"inLanguage\":\"pt-PT\",\"@id\":\"https:\/\/kuken.alfadyser.dev\/#\/schema\/logo\/image\/\",\"url\":\"https:\/\/kuken.alfadyser.dev\/wp-content\/uploads\/2019\/04\/kuken-logo.png\",\"contentUrl\":\"https:\/\/kuken.alfadyser.dev\/wp-content\/uploads\/2019\/04\/kuken-logo.png\",\"width\":500,\"height\":191,\"caption\":\"Alfa Dyser\"},\"image\":{\"@id\":\"https:\/\/kuken.alfadyser.dev\/#\/schema\/logo\/image\/\"},\"sameAs\":[\"https:\/\/es-es.facebook.com\/alfadyser\/\",\"https:\/\/www.instagram.com\/kuken_appliances\/\"]}]}<\/script>\n<meta property=\"product:price:currency\" content=\"EUR\" \/>\n<meta property=\"og:availability\" content=\"instock\" \/>\n<meta property=\"product:availability\" content=\"instock\" \/>\n<meta property=\"product:retailer_item_id\" content=\"34049\" \/>\n<meta property=\"product:condition\" content=\"new\" \/>\n<!-- \/ Yoast SEO Premium plugin. -->","yoast_head_json":{"title":"CHALEIRA EL\u00c9CTRICA 1LITRO 1600W K\u00dcKEN - K\u00fcken","description":"Chaleira el\u00e9ctrica exclusiva k\u00fcken de 1 litro. Prepara ch\u00e1s de ervas e aquece \u00e1gua para cozinhar de forma mais r\u00e1pida e f\u00e1cil.","robots":{"index":"noindex","follow":"follow","max-snippet":"max-snippet:-1","max-image-preview":"max-image-preview:large","max-video-preview":"max-video-preview:-1"},"og_locale":"pt_PT","og_type":"article","og_title":"HERVIDOR AGUA EL\u00c9CTRICO 1LITRO 1600W K\u00dcKEN","og_description":"Exclusivo hervidor de agua el\u00e9ctrico 1litro k\u00fcken. Prepara infusiones y calienta agua para cocinar de manera m\u00e1s r\u00e1pida y f\u00e1cil","og_url":"https:\/\/kuken.alfadyser.dev\/pt\/produto\/chaleira-electrica-1-litro-1400w-kuken\/","og_site_name":"K\u00fcken","article_publisher":"https:\/\/es-es.facebook.com\/alfadyser\/","article_modified_time":"2025-07-23T09:56:52+00:00","og_image":[{"width":2000,"height":2000,"url":"https:\/\/kuken.alfadyser.dev\/wp-content\/uploads\/8425160340490_01.jpg","type":"image\/jpeg"}],"twitter_card":"summary_large_image","twitter_misc":{"pre\u00e7o":"","Disponibilidade":"Em stock"},"schema":{"@context":"https:\/\/schema.org","@graph":[{"@type":"WebPage","@id":"https:\/\/kuken.alfadyser.dev\/producto\/hervidor-agua-electrico-1-litro-1400w-kuken\/","url":"https:\/\/kuken.alfadyser.dev\/producto\/hervidor-agua-electrico-1-litro-1400w-kuken\/","name":"CHALEIRA EL\u00c9CTRICA 1LITRO 1600W K\u00dcKEN - K\u00fcken","isPartOf":{"@id":"https:\/\/kuken.alfadyser.dev\/#website"},"primaryImageOfPage":{"@id":"https:\/\/kuken.alfadyser.dev\/producto\/hervidor-agua-electrico-1-litro-1400w-kuken\/#primaryimage"},"image":{"@id":"https:\/\/kuken.alfadyser.dev\/producto\/hervidor-agua-electrico-1-litro-1400w-kuken\/#primaryimage"},"thumbnailUrl":"https:\/\/kuken.alfadyser.dev\/wp-content\/uploads\/8425160340490_01.jpg","datePublished":"2020-03-02T08:43:50+00:00","dateModified":"2025-07-23T09:56:52+00:00","description":"Chaleira el\u00e9ctrica exclusiva k\u00fcken de 1 litro. Prepara ch\u00e1s de ervas e aquece \u00e1gua para cozinhar de forma mais r\u00e1pida e f\u00e1cil.","breadcrumb":{"@id":"https:\/\/kuken.alfadyser.dev\/producto\/hervidor-agua-electrico-1-litro-1400w-kuken\/#breadcrumb"},"inLanguage":"pt-PT","potentialAction":[{"@type":"ReadAction","target":["https:\/\/kuken.alfadyser.dev\/producto\/hervidor-agua-electrico-1-litro-1400w-kuken\/"]}]},{"@type":"ImageObject","inLanguage":"pt-PT","@id":"https:\/\/kuken.alfadyser.dev\/producto\/hervidor-agua-electrico-1-litro-1400w-kuken\/#primaryimage","url":"https:\/\/kuken.alfadyser.dev\/wp-content\/uploads\/8425160340490_01.jpg","contentUrl":"https:\/\/kuken.alfadyser.dev\/wp-content\/uploads\/8425160340490_01.jpg","width":2000,"height":2000},{"@type":"BreadcrumbList","@id":"https:\/\/kuken.alfadyser.dev\/producto\/hervidor-agua-electrico-1-litro-1400w-kuken\/#breadcrumb","itemListElement":[{"@type":"ListItem","position":1,"name":"Portada","item":"https:\/\/kuken.alfadyser.dev\/"},{"@type":"ListItem","position":2,"name":"Productos","item":"https:\/\/kuken.alfadyser.dev\/productos\/"},{"@type":"ListItem","position":3,"name":"HERVIDOR AGUA EL\u00c9CTRICO 1LITRO 1600W K\u00dcKEN"}]},{"@type":"WebSite","@id":"https:\/\/kuken.alfadyser.dev\/#website","url":"https:\/\/kuken.alfadyser.dev\/","name":"K\u00fcken","description":"Vasta gama de pequenos electrodom\u00e9sticos k\u00fcken","publisher":{"@id":"https:\/\/kuken.alfadyser.dev\/#organization"},"potentialAction":[{"@type":"SearchAction","target":{"@type":"EntryPoint","urlTemplate":"https:\/\/kuken.alfadyser.dev\/?s={search_term_string}"},"query-input":{"@type":"PropertyValueSpecification","valueRequired":true,"valueName":"search_term_string"}}],"inLanguage":"pt-PT"},{"@type":"Organization","@id":"https:\/\/kuken.alfadyser.dev\/#organization","name":"Alpha Dyser","url":"https:\/\/kuken.alfadyser.dev\/","logo":{"@type":"ImageObject","inLanguage":"pt-PT","@id":"https:\/\/kuken.alfadyser.dev\/#\/schema\/logo\/image\/","url":"https:\/\/kuken.alfadyser.dev\/wp-content\/uploads\/2019\/04\/kuken-logo.png","contentUrl":"https:\/\/kuken.alfadyser.dev\/wp-content\/uploads\/2019\/04\/kuken-logo.png","width":500,"height":191,"caption":"Alfa Dyser"},"image":{"@id":"https:\/\/kuken.alfadyser.dev\/#\/schema\/logo\/image\/"},"sameAs":["https:\/\/es-es.facebook.com\/alfadyser\/","https:\/\/www.instagram.com\/kuken_appliances\/"]}]},"product_price_currency":"EUR","og_availability":"instock","product_availability":"instock","product_retailer_item_id":"34049","product_condition":"new"},"_links":{"self":[{"href":"https:\/\/kuken.alfadyser.dev\/pt\/wp-json\/wp\/v2\/product\/3149","targetHints":{"allow":["GET"]}}],"collection":[{"href":"https:\/\/kuken.alfadyser.dev\/pt\/wp-json\/wp\/v2\/product"}],"about":[{"href":"https:\/\/kuken.alfadyser.dev\/pt\/wp-json\/wp\/v2\/types\/product"}],"wp:featuredmedia":[{"embeddable":true,"href":"https:\/\/kuken.alfadyser.dev\/pt\/wp-json\/wp\/v2\/media\/10136"}],"wp:attachment":[{"href":"https:\/\/kuken.alfadyser.dev\/pt\/wp-json\/wp\/v2\/media?parent=3149"}],"wp:term":[{"taxonomy":"product_brand","embeddable":true,"href":"https:\/\/kuken.alfadyser.dev\/pt\/wp-json\/wp\/v2\/product_brand?post=3149"},{"taxonomy":"product_cat","embeddable":true,"href":"https:\/\/kuken.alfadyser.dev\/pt\/wp-json\/wp\/v2\/product_cat?post=3149"},{"taxonomy":"product_tag","embeddable":true,"href":"https:\/\/kuken.alfadyser.dev\/pt\/wp-json\/wp\/v2\/product_tag?post=3149"}],"curies":[{"name":"wp","href":"https:\/\/api.w.org\/{rel}","templated":true}]}}