{"id":12298,"date":"2025-05-28T11:49:30","date_gmt":"2025-05-28T09:49:30","guid":{"rendered":"https:\/\/kuken.alfadyser.dev\/?post_type=product&#038;p=12298"},"modified":"2025-07-22T06:45:22","modified_gmt":"2025-07-22T04:45:22","slug":"limpiador-de-vapor-1500w-35bar-kuken","status":"publish","type":"product","link":"https:\/\/kuken.alfadyser.dev\/pt\/produto\/limpiador-de-vapor-1500w-35bar-kuken\/","title":{"rendered":"LIMPIADOR DE VAPOR 1500W 3,5BAR K\u00dcKEN"},"content":{"rendered":"<p>Limpiador de Vapor 1500W 3,5bar K\u00fcken<\/p>\n<ul>\n<li data-start=\"179\" data-end=\"332\">Motor de 1500W que proporciona una potencia suficiente para generar vapor de alta calidad y eficacia en la limpieza.<\/li>\n<li data-start=\"336\" data-end=\"514\">Presi\u00f3n m\u00e1xima de 3,5 bares, lo que asegura una limpieza profunda y efectiva en una variedad de superficies.<\/li>\n<li data-start=\"518\" data-end=\"706\">Dep\u00f3sito de agua de 1,2 litros, ofrece una autonom\u00eda de hasta 20 minutos por llenado, permitiendo largas sesiones de limpieza sin interrupciones.<\/li>\n<li data-start=\"710\" data-end=\"886\">Proporciona una inyecci\u00f3n continua de vapor de hasta 40 gramos por minuto.<\/li>\n<li data-start=\"890\" data-end=\"1079\">Nivel de protecci\u00f3n IPX4 que lo hace resistente a salpicaduras de agua desde cualquier direcci\u00f3n.<\/li>\n<li data-start=\"1083\" data-end=\"1266\">Gama de 13 accesorios para adaptarse a diferentes superficies y necesidades de limpieza, como cepillos, boquillas y pa\u00f1os de limpieza.<\/li>\n<li data-start=\"1270\" data-end=\"1430\">Cable de alimentaci\u00f3n de 3 metros, ofrece libertad de movimiento y alcance suficiente para trabajar c\u00f3modamente en \u00e1reas amplias.<\/li>\n<li data-start=\"1434\" data-end=\"1608\">No requiere el uso de detergentes adicionales, lo que no solo es econ\u00f3mico sino tambi\u00e9n ecol\u00f3gico al reducir el uso de productos qu\u00edmicos.<\/li>\n<li data-start=\"1612\" data-end=\"1787\">Eficacia en la Limpieza y Desinfecci\u00f3n: Asegura una limpieza profunda y desinfecci\u00f3n efectiva, eliminando hasta el 99,9% de virus y g\u00e9rmenes comunes presentes en el hogar.<\/li>\n<li data-start=\"1791\" data-end=\"1942\">Incluye una pr\u00e1ctica jarra de relleno de agua de 0,8 litros .<\/li>\n<li data-start=\"1946\" data-end=\"2159\">Ideal para la limpieza y desinfecci\u00f3n de una amplia variedad de superficies, como persianas, sillones, ba\u00f1os, cocinas,etc.<\/li>\n<\/ul>\n<p>Limpiador de Vapor 1500W 3,5bar K\u00fcken<\/p>\n<p><div class=\"accordion\"><div class=\"mfn-acc accordion_wrapper  toggle\"><div class=\"question\"><div class=\"title\"><i class=\"icon-plus acc-icon-plus\" aria-hidden=\"true\"><\/i><i class=\"icon-minus acc-icon-minus\" aria-hidden=\"true\"><\/i>Dados do produto<\/div><div class=\"answer\">EAN 8425160344962<br \/>\nUnidade de embalagem 1<br \/>\nCor Branco\/Preto<br \/>\nEmbalagem Cor da caixa<br \/>\nPot\u00eancia 1500 W<br \/>\nTens\u00e3o 230 V<br \/>\nCapacidad 1,2 Litros<br \/>\nMaterial PC<br \/>\n<\/div><\/div>\n<\/div><\/div>\n<br \/>\n<div class=\"accordion\"><div class=\"mfn-acc accordion_wrapper  toggle\"><div class=\"question\"><div class=\"title\"><i class=\"icon-plus acc-icon-plus\" aria-hidden=\"true\"><\/i><i class=\"icon-minus acc-icon-minus\" aria-hidden=\"true\"><\/i>Acess\u00f3rios<\/div><div class=\"answer\">13 Accesorios de limpieza<\/div><\/div>\n<\/div><\/div>\n<\/p>\n<div class=\"descargas-producto\">\n<img loading=\"lazy\" decoding=\"async\" src=\"\/wp-content\/uploads\/2019\/12\/picto-descarrega.png\" alt=\"descarregar ficha de dados\" width=\"23\" height=\"16\" \/>Descarregar ficha<br \/>\n<img loading=\"lazy\" decoding=\"async\" src=\"\/wp-content\/uploads\/2019\/12\/picto-descarrega.png\" alt=\"descarregar manual de instru\u00e7\u00f5es\" width=\"23\" height=\"16\" \/>Descarregar o manual<\/div>\n<div><\/div>\n<div><span style=\"color: #bf2121\">Siga-nos nas redes sociais!<\/span><\/div>\n<div><a href=\"https:\/\/www.instagram.com\/kuken_appliances\/\">https:\/\/www.instagram.com\/kuken_appliances\/<\/a><\/div>","protected":false},"excerpt":{"rendered":"<p>Limpiador de Vapor 1500W 3,5bar K\u00fcken Motor de 1500W que proporciona una potencia suficiente para generar vapor de alta calidad y eficacia en la limpieza. Presi\u00f3n<span class=\"excerpt-hellip\"> [...]<\/span><\/p>","protected":false},"featured_media":12311,"template":"","meta":[],"product_brand":[],"product_cat":[210],"product_tag":[],"class_list":{"0":"post-12298","1":"product","2":"type-product","3":"status-publish","4":"has-post-thumbnail","6":"product_cat-limpiadores","8":"first","9":"instock","10":"product-type-simple"},"yoast_head":"<!-- This site is optimized with the Yoast SEO Premium plugin v24.0 (Yoast SEO v26.5) - https:\/\/yoast.com\/wordpress\/plugins\/seo\/ -->\n<title>LIMPIADOR DE VAPOR 1500W 3,5BAR K\u00dcKEN - K\u00fcken<\/title>\n<meta name=\"description\" content=\"Nuevo y exclusivo limpiador de vapor de 1500W k\u00fcken. Limpia sitios poco accesibles o juntas con suciedad incrustada de manera m\u00e1s r\u00e1pida.\" \/>\n<meta name=\"robots\" content=\"noindex, follow, max-snippet:-1, max-image-preview:large, max-video-preview:-1\" \/>\n<meta property=\"og:locale\" content=\"pt_PT\" \/>\n<meta property=\"og:type\" content=\"article\" \/>\n<meta property=\"og:title\" content=\"LIMPIADOR DE VAPOR 1500W 3,5BAR K\u00dcKEN\" \/>\n<meta property=\"og:description\" content=\"Nuevo y exclusivo limpiador de vapor de 1500W k\u00fcken. Limpia sitios poco accesibles o juntas con suciedad incrustada de manera m\u00e1s r\u00e1pida.\" \/>\n<meta property=\"og:url\" content=\"https:\/\/kuken.alfadyser.dev\/pt\/produto\/limpiador-de-vapor-1500w-35bar-kuken\/\" \/>\n<meta property=\"og:site_name\" content=\"K\u00fcken\" \/>\n<meta property=\"article:publisher\" content=\"https:\/\/es-es.facebook.com\/alfadyser\/\" \/>\n<meta property=\"article:modified_time\" content=\"2025-07-22T04:45:22+00:00\" \/>\n<meta property=\"og:image\" content=\"https:\/\/kuken.alfadyser.dev\/wp-content\/uploads\/8425160344962_01.jpg\" \/>\n\t<meta property=\"og:image:width\" content=\"2000\" \/>\n\t<meta property=\"og:image:height\" content=\"2000\" \/>\n\t<meta property=\"og:image:type\" content=\"image\/jpeg\" \/>\n<meta name=\"twitter:card\" content=\"summary_large_image\" \/>\n<meta name=\"twitter:label1\" content=\"pre\u00e7o\" \/>\n\t<meta name=\"twitter:data1\" content=\"\" \/>\n\t<meta name=\"twitter:label2\" content=\"Disponibilidade\" \/>\n\t<meta name=\"twitter:data2\" content=\"Em stock\" \/>\n<script type=\"application\/ld+json\" class=\"yoast-schema-graph\">{\"@context\":\"https:\/\/schema.org\",\"@graph\":[{\"@type\":\"WebPage\",\"@id\":\"https:\/\/kuken.alfadyser.dev\/producto\/limpiador-de-vapor-1500w-35bar-kuken\/\",\"url\":\"https:\/\/kuken.alfadyser.dev\/producto\/limpiador-de-vapor-1500w-35bar-kuken\/\",\"name\":\"LIMPIADOR DE VAPOR 1500W 3,5BAR K\u00dcKEN - K\u00fcken\",\"isPartOf\":{\"@id\":\"https:\/\/kuken.alfadyser.dev\/#website\"},\"primaryImageOfPage\":{\"@id\":\"https:\/\/kuken.alfadyser.dev\/producto\/limpiador-de-vapor-1500w-35bar-kuken\/#primaryimage\"},\"image\":{\"@id\":\"https:\/\/kuken.alfadyser.dev\/producto\/limpiador-de-vapor-1500w-35bar-kuken\/#primaryimage\"},\"thumbnailUrl\":\"https:\/\/kuken.alfadyser.dev\/wp-content\/uploads\/8425160344962_01.jpg\",\"datePublished\":\"2025-05-28T09:49:30+00:00\",\"dateModified\":\"2025-07-22T04:45:22+00:00\",\"description\":\"Nuevo y exclusivo limpiador de vapor de 1500W k\u00fcken. Limpia sitios poco accesibles o juntas con suciedad incrustada de manera m\u00e1s r\u00e1pida.\",\"breadcrumb\":{\"@id\":\"https:\/\/kuken.alfadyser.dev\/producto\/limpiador-de-vapor-1500w-35bar-kuken\/#breadcrumb\"},\"inLanguage\":\"pt-PT\",\"potentialAction\":[{\"@type\":\"ReadAction\",\"target\":[\"https:\/\/kuken.alfadyser.dev\/producto\/limpiador-de-vapor-1500w-35bar-kuken\/\"]}]},{\"@type\":\"ImageObject\",\"inLanguage\":\"pt-PT\",\"@id\":\"https:\/\/kuken.alfadyser.dev\/producto\/limpiador-de-vapor-1500w-35bar-kuken\/#primaryimage\",\"url\":\"https:\/\/kuken.alfadyser.dev\/wp-content\/uploads\/8425160344962_01.jpg\",\"contentUrl\":\"https:\/\/kuken.alfadyser.dev\/wp-content\/uploads\/8425160344962_01.jpg\",\"width\":2000,\"height\":2000},{\"@type\":\"BreadcrumbList\",\"@id\":\"https:\/\/kuken.alfadyser.dev\/producto\/limpiador-de-vapor-1500w-35bar-kuken\/#breadcrumb\",\"itemListElement\":[{\"@type\":\"ListItem\",\"position\":1,\"name\":\"Portada\",\"item\":\"https:\/\/kuken.alfadyser.dev\/\"},{\"@type\":\"ListItem\",\"position\":2,\"name\":\"Productos\",\"item\":\"https:\/\/kuken.alfadyser.dev\/productos\/\"},{\"@type\":\"ListItem\",\"position\":3,\"name\":\"LIMPIADOR DE VAPOR 1500W 3,5BAR K\u00dcKEN\"}]},{\"@type\":\"WebSite\",\"@id\":\"https:\/\/kuken.alfadyser.dev\/#website\",\"url\":\"https:\/\/kuken.alfadyser.dev\/\",\"name\":\"K\u00fcken\",\"description\":\"Amplia gama de peque\u00f1o electrodom\u00e9stico k\u00fcken\",\"publisher\":{\"@id\":\"https:\/\/kuken.alfadyser.dev\/#organization\"},\"potentialAction\":[{\"@type\":\"SearchAction\",\"target\":{\"@type\":\"EntryPoint\",\"urlTemplate\":\"https:\/\/kuken.alfadyser.dev\/?s={search_term_string}\"},\"query-input\":{\"@type\":\"PropertyValueSpecification\",\"valueRequired\":true,\"valueName\":\"search_term_string\"}}],\"inLanguage\":\"pt-PT\"},{\"@type\":\"Organization\",\"@id\":\"https:\/\/kuken.alfadyser.dev\/#organization\",\"name\":\"Alfa Dyser\",\"url\":\"https:\/\/kuken.alfadyser.dev\/\",\"logo\":{\"@type\":\"ImageObject\",\"inLanguage\":\"pt-PT\",\"@id\":\"https:\/\/kuken.alfadyser.dev\/#\/schema\/logo\/image\/\",\"url\":\"https:\/\/kuken.alfadyser.dev\/wp-content\/uploads\/2019\/04\/kuken-logo.png\",\"contentUrl\":\"https:\/\/kuken.alfadyser.dev\/wp-content\/uploads\/2019\/04\/kuken-logo.png\",\"width\":500,\"height\":191,\"caption\":\"Alfa Dyser\"},\"image\":{\"@id\":\"https:\/\/kuken.alfadyser.dev\/#\/schema\/logo\/image\/\"},\"sameAs\":[\"https:\/\/es-es.facebook.com\/alfadyser\/\",\"https:\/\/www.instagram.com\/kuken_appliances\/\"]}]}<\/script>\n<meta property=\"product:price:currency\" content=\"EUR\" \/>\n<meta property=\"og:availability\" content=\"instock\" \/>\n<meta property=\"product:availability\" content=\"instock\" \/>\n<meta property=\"product:retailer_item_id\" content=\"34496\" \/>\n<meta property=\"product:condition\" content=\"new\" \/>\n<!-- \/ Yoast SEO Premium plugin. -->","yoast_head_json":{"title":"LIMPIADOR DE VAPOR 1500W 3,5BAR K\u00dcKEN - K\u00fcken","description":"Nuevo y exclusivo limpiador de vapor de 1500W k\u00fcken. Limpia sitios poco accesibles o juntas con suciedad incrustada de manera m\u00e1s r\u00e1pida.","robots":{"index":"noindex","follow":"follow","max-snippet":"max-snippet:-1","max-image-preview":"max-image-preview:large","max-video-preview":"max-video-preview:-1"},"og_locale":"pt_PT","og_type":"article","og_title":"LIMPIADOR DE VAPOR 1500W 3,5BAR K\u00dcKEN","og_description":"Nuevo y exclusivo limpiador de vapor de 1500W k\u00fcken. Limpia sitios poco accesibles o juntas con suciedad incrustada de manera m\u00e1s r\u00e1pida.","og_url":"https:\/\/kuken.alfadyser.dev\/pt\/produto\/limpiador-de-vapor-1500w-35bar-kuken\/","og_site_name":"K\u00fcken","article_publisher":"https:\/\/es-es.facebook.com\/alfadyser\/","article_modified_time":"2025-07-22T04:45:22+00:00","og_image":[{"width":2000,"height":2000,"url":"https:\/\/kuken.alfadyser.dev\/wp-content\/uploads\/8425160344962_01.jpg","type":"image\/jpeg"}],"twitter_card":"summary_large_image","twitter_misc":{"pre\u00e7o":"","Disponibilidade":"Em stock"},"schema":{"@context":"https:\/\/schema.org","@graph":[{"@type":"WebPage","@id":"https:\/\/kuken.alfadyser.dev\/producto\/limpiador-de-vapor-1500w-35bar-kuken\/","url":"https:\/\/kuken.alfadyser.dev\/producto\/limpiador-de-vapor-1500w-35bar-kuken\/","name":"LIMPIADOR DE VAPOR 1500W 3,5BAR K\u00dcKEN - K\u00fcken","isPartOf":{"@id":"https:\/\/kuken.alfadyser.dev\/#website"},"primaryImageOfPage":{"@id":"https:\/\/kuken.alfadyser.dev\/producto\/limpiador-de-vapor-1500w-35bar-kuken\/#primaryimage"},"image":{"@id":"https:\/\/kuken.alfadyser.dev\/producto\/limpiador-de-vapor-1500w-35bar-kuken\/#primaryimage"},"thumbnailUrl":"https:\/\/kuken.alfadyser.dev\/wp-content\/uploads\/8425160344962_01.jpg","datePublished":"2025-05-28T09:49:30+00:00","dateModified":"2025-07-22T04:45:22+00:00","description":"Nuevo y exclusivo limpiador de vapor de 1500W k\u00fcken. Limpia sitios poco accesibles o juntas con suciedad incrustada de manera m\u00e1s r\u00e1pida.","breadcrumb":{"@id":"https:\/\/kuken.alfadyser.dev\/producto\/limpiador-de-vapor-1500w-35bar-kuken\/#breadcrumb"},"inLanguage":"pt-PT","potentialAction":[{"@type":"ReadAction","target":["https:\/\/kuken.alfadyser.dev\/producto\/limpiador-de-vapor-1500w-35bar-kuken\/"]}]},{"@type":"ImageObject","inLanguage":"pt-PT","@id":"https:\/\/kuken.alfadyser.dev\/producto\/limpiador-de-vapor-1500w-35bar-kuken\/#primaryimage","url":"https:\/\/kuken.alfadyser.dev\/wp-content\/uploads\/8425160344962_01.jpg","contentUrl":"https:\/\/kuken.alfadyser.dev\/wp-content\/uploads\/8425160344962_01.jpg","width":2000,"height":2000},{"@type":"BreadcrumbList","@id":"https:\/\/kuken.alfadyser.dev\/producto\/limpiador-de-vapor-1500w-35bar-kuken\/#breadcrumb","itemListElement":[{"@type":"ListItem","position":1,"name":"Portada","item":"https:\/\/kuken.alfadyser.dev\/"},{"@type":"ListItem","position":2,"name":"Productos","item":"https:\/\/kuken.alfadyser.dev\/productos\/"},{"@type":"ListItem","position":3,"name":"LIMPIADOR DE VAPOR 1500W 3,5BAR K\u00dcKEN"}]},{"@type":"WebSite","@id":"https:\/\/kuken.alfadyser.dev\/#website","url":"https:\/\/kuken.alfadyser.dev\/","name":"K\u00fcken","description":"Vasta gama de pequenos electrodom\u00e9sticos k\u00fcken","publisher":{"@id":"https:\/\/kuken.alfadyser.dev\/#organization"},"potentialAction":[{"@type":"SearchAction","target":{"@type":"EntryPoint","urlTemplate":"https:\/\/kuken.alfadyser.dev\/?s={search_term_string}"},"query-input":{"@type":"PropertyValueSpecification","valueRequired":true,"valueName":"search_term_string"}}],"inLanguage":"pt-PT"},{"@type":"Organization","@id":"https:\/\/kuken.alfadyser.dev\/#organization","name":"Alpha Dyser","url":"https:\/\/kuken.alfadyser.dev\/","logo":{"@type":"ImageObject","inLanguage":"pt-PT","@id":"https:\/\/kuken.alfadyser.dev\/#\/schema\/logo\/image\/","url":"https:\/\/kuken.alfadyser.dev\/wp-content\/uploads\/2019\/04\/kuken-logo.png","contentUrl":"https:\/\/kuken.alfadyser.dev\/wp-content\/uploads\/2019\/04\/kuken-logo.png","width":500,"height":191,"caption":"Alfa Dyser"},"image":{"@id":"https:\/\/kuken.alfadyser.dev\/#\/schema\/logo\/image\/"},"sameAs":["https:\/\/es-es.facebook.com\/alfadyser\/","https:\/\/www.instagram.com\/kuken_appliances\/"]}]},"product_price_currency":"EUR","og_availability":"instock","product_availability":"instock","product_retailer_item_id":"34496","product_condition":"new"},"_links":{"self":[{"href":"https:\/\/kuken.alfadyser.dev\/pt\/wp-json\/wp\/v2\/product\/12298","targetHints":{"allow":["GET"]}}],"collection":[{"href":"https:\/\/kuken.alfadyser.dev\/pt\/wp-json\/wp\/v2\/product"}],"about":[{"href":"https:\/\/kuken.alfadyser.dev\/pt\/wp-json\/wp\/v2\/types\/product"}],"wp:featuredmedia":[{"embeddable":true,"href":"https:\/\/kuken.alfadyser.dev\/pt\/wp-json\/wp\/v2\/media\/12311"}],"wp:attachment":[{"href":"https:\/\/kuken.alfadyser.dev\/pt\/wp-json\/wp\/v2\/media?parent=12298"}],"wp:term":[{"taxonomy":"product_brand","embeddable":true,"href":"https:\/\/kuken.alfadyser.dev\/pt\/wp-json\/wp\/v2\/product_brand?post=12298"},{"taxonomy":"product_cat","embeddable":true,"href":"https:\/\/kuken.alfadyser.dev\/pt\/wp-json\/wp\/v2\/product_cat?post=12298"},{"taxonomy":"product_tag","embeddable":true,"href":"https:\/\/kuken.alfadyser.dev\/pt\/wp-json\/wp\/v2\/product_tag?post=12298"}],"curies":[{"name":"wp","href":"https:\/\/api.w.org\/{rel}","templated":true}]}}