{"id":11376,"date":"2024-10-02T13:54:01","date_gmt":"2024-10-02T11:54:01","guid":{"rendered":"https:\/\/kuken.alfadyser.dev\/?post_type=product&#038;p=11376"},"modified":"2025-07-22T07:27:55","modified_gmt":"2025-07-22T05:27:55","slug":"placa-de-inducao-dupla-multifuncoes-kuken-4000w-kuken","status":"publish","type":"product","link":"https:\/\/kuken.alfadyser.dev\/pt\/produto\/placa-de-inducao-dupla-multifuncoes-kuken-4000w-kuken\/","title":{"rendered":"PLACA DE INDU\u00c7\u00c3O DUPLA MULTIFUN\u00c7\u00d5ES K\u00dcKEN 4000W K\u00dcKEN"},"content":{"rendered":"<p>PLACA DE INDU\u00c7\u00c3O DUPLA MULTIFUN\u00c7\u00d5ES K\u00dcKEN 4000W K\u00dcKEN<\/p>\n<p class=\"\" data-start=\"684\" data-end=\"765\">Potencia m\u00e1xima de 4000W, ideal para cocinar de forma r\u00e1pida y eficiente.<\/p>\n<p class=\"\" data-start=\"767\" data-end=\"853\">\u2022 Placa digital doble, permite preparar dos recetas a la vez sin complicaciones.<\/p>\n<p class=\"\" data-start=\"855\" data-end=\"951\">\u2022 Paneles de control multifunci\u00f3n independientes, manejos simult\u00e1neos con total precisi\u00f3n.<\/p>\n<p class=\"\" data-start=\"953\" data-end=\"1039\">\u2022 Doble pantalla LCD, controla cada zona de cocci\u00f3n de forma visual e intuitiva.<\/p>\n<p class=\"\" data-start=\"1041\" data-end=\"1121\">\u2022 4 programas preconfigurados, facilitan la preparaci\u00f3n de platos comunes.<\/p>\n<p class=\"\" data-start=\"1123\" data-end=\"1209\">\u2022 Detecci\u00f3n autom\u00e1tica de olla o sart\u00e9n, activa el calor solo si hay recipiente.<\/p>\n<p class=\"\" data-start=\"1211\" data-end=\"1279\">\u2022 Funci\u00f3n de apagado autom\u00e1tico, a\u00f1ade seguridad a la cocci\u00f3n.<\/p>\n<p class=\"\" data-start=\"1281\" data-end=\"1343\">\u2022 Bloqueo autom\u00e1tico, evita manipulaciones accidentales.<\/p>\n<p class=\"\" data-start=\"1345\" data-end=\"1417\">\u2022 Regulador de temperatura y temporizador, m\u00e1xima personalizaci\u00f3n.<\/p>\n<p class=\"\" data-start=\"1419\" data-end=\"1481\">\u2022 Base antideslizante y superficie f\u00e1cil de limpiar.<\/p>\n<p><div class=\"accordion\"><div class=\"mfn-acc accordion_wrapper  toggle\"><div class=\"question\"><div class=\"title\"><i class=\"icon-plus acc-icon-plus\" aria-hidden=\"true\"><\/i><i class=\"icon-minus acc-icon-minus\" aria-hidden=\"true\"><\/i>Dados do produto<\/div><div class=\"answer\">EAN 8425160494575<\/p>\n<p>PLACA DE INDU\u00c7\u00c3O DUPLA MULTIFUN\u00c7\u00d5ES K\u00dcKEN 4000W K\u00dcKEN<\/p>\n<p>Unidade de embalagem 1<br \/>\nCor preta<br \/>\nCor da caixa de embalagem<br \/>\nPot\u00eancia 4000W<br \/>\nTens\u00e3o 230V<\/p>\n<p>Peso 1,75 kg.<\/div><\/div>\n<\/div><\/div>\n<br \/>\n<div class=\"accordion\"><div class=\"mfn-acc accordion_wrapper  toggle\"><div class=\"question\"><div class=\"title\"><i class=\"icon-plus acc-icon-plus\" aria-hidden=\"true\"><\/i><i class=\"icon-minus acc-icon-minus\" aria-hidden=\"true\"><\/i>Acess\u00f3rios<\/div><div class=\"answer\"><\/div><\/div>\n<\/div><\/div>\n<\/p>\n<div class=\"descargas-producto\"><img loading=\"lazy\" decoding=\"async\" src=\"\/wp-content\/uploads\/2019\/12\/picto-descarrega.png\" alt=\"descarregar ficha de dados\" width=\"23\" height=\"16\" \/>Descarregar ficha<br \/>\n<img loading=\"lazy\" decoding=\"async\" src=\"\/wp-content\/uploads\/2019\/12\/picto-descarrega.png\" alt=\"descarregar manual de instru\u00e7\u00f5es\" width=\"23\" height=\"16\" \/><a href=\"https:\/\/kuken.alfadyser.dev\/wp-content\/uploads\/49457_manual_instrucciones__compressed.pdf\">Descarregar o manual<\/a><\/div>\n<div><\/div>\n<div><span style=\"color: #bf2121\">Siga-nos nas redes sociais!<\/span><\/div>\n<div><a href=\"https:\/\/www.instagram.com\/kuken_appliances\/\">https:\/\/www.instagram.com\/kuken_appliances\/<\/a><\/div>","protected":false},"excerpt":{"rendered":"<p class=\"\" data-start=\"458\" data-end=\"613\">Cocina sin l\u00edmites con esta placa doble. Controles independientes, programas autom\u00e1ticos y m\u00e1xima potencia para una experiencia r\u00e1pida, segura y eficiente.<\/p>","protected":false},"featured_media":11655,"template":"","meta":[],"product_brand":[],"product_cat":[199],"product_tag":[],"class_list":{"0":"post-11376","1":"product","2":"type-product","3":"status-publish","4":"has-post-thumbnail","6":"product_cat-cocinas-hornillos-placas","8":"first","9":"instock","10":"product-type-simple"},"yoast_head":"<!-- This site is optimized with the Yoast SEO Premium plugin v24.0 (Yoast SEO v26.5) - https:\/\/yoast.com\/wordpress\/plugins\/seo\/ -->\n<title>PLACA INDUCCI\u00d3N 4000W MULTIFUNCI\u00d3N DOBLE K\u00dcKEN - K\u00fcken<\/title>\n<meta name=\"description\" content=\"Placa inducci\u00f3n 4000W multifunci\u00f3n doble K\u00dcKEN, con paneles y pantallas independientes, programas autom\u00e1ticos, bloqueo y detecci\u00f3n de olla.\" \/>\n<meta name=\"robots\" content=\"noindex, follow, max-snippet:-1, max-image-preview:large, max-video-preview:-1\" \/>\n<meta property=\"og:locale\" content=\"pt_PT\" \/>\n<meta property=\"og:type\" content=\"article\" \/>\n<meta property=\"og:title\" content=\"PLACA INDUCCI\u00d3N 4000W MULTIFUNCI\u00d3N DOBLE K\u00dcKEN\" \/>\n<meta property=\"og:description\" content=\"Placa inducci\u00f3n 4000W multifunci\u00f3n doble K\u00dcKEN, con paneles y pantallas independientes, programas autom\u00e1ticos, bloqueo y detecci\u00f3n de olla.\" \/>\n<meta property=\"og:url\" content=\"https:\/\/kuken.alfadyser.dev\/pt\/produto\/placa-de-inducao-dupla-multifuncoes-kuken-4000w-kuken\/\" \/>\n<meta property=\"og:site_name\" content=\"K\u00fcken\" \/>\n<meta property=\"article:publisher\" content=\"https:\/\/es-es.facebook.com\/alfadyser\/\" \/>\n<meta property=\"article:modified_time\" content=\"2025-07-22T05:27:55+00:00\" \/>\n<meta property=\"og:image\" content=\"https:\/\/kuken.alfadyser.dev\/wp-content\/uploads\/8425160494575_01.jpg\" \/>\n\t<meta property=\"og:image:width\" content=\"2000\" \/>\n\t<meta property=\"og:image:height\" content=\"2000\" \/>\n\t<meta property=\"og:image:type\" content=\"image\/jpeg\" \/>\n<meta name=\"twitter:card\" content=\"summary_large_image\" \/>\n<meta name=\"twitter:label1\" content=\"pre\u00e7o\" \/>\n\t<meta name=\"twitter:data1\" content=\"\" \/>\n\t<meta name=\"twitter:label2\" content=\"Disponibilidade\" \/>\n\t<meta name=\"twitter:data2\" content=\"Em stock\" \/>\n<script type=\"application\/ld+json\" class=\"yoast-schema-graph\">{\"@context\":\"https:\/\/schema.org\",\"@graph\":[{\"@type\":\"WebPage\",\"@id\":\"https:\/\/kuken.alfadyser.dev\/producto\/placa-induccion-4000w-multifuncion-doble-kuken\/\",\"url\":\"https:\/\/kuken.alfadyser.dev\/producto\/placa-induccion-4000w-multifuncion-doble-kuken\/\",\"name\":\"PLACA INDUCCI\u00d3N 4000W MULTIFUNCI\u00d3N DOBLE K\u00dcKEN - K\u00fcken\",\"isPartOf\":{\"@id\":\"https:\/\/kuken.alfadyser.dev\/#website\"},\"primaryImageOfPage\":{\"@id\":\"https:\/\/kuken.alfadyser.dev\/producto\/placa-induccion-4000w-multifuncion-doble-kuken\/#primaryimage\"},\"image\":{\"@id\":\"https:\/\/kuken.alfadyser.dev\/producto\/placa-induccion-4000w-multifuncion-doble-kuken\/#primaryimage\"},\"thumbnailUrl\":\"https:\/\/kuken.alfadyser.dev\/wp-content\/uploads\/8425160494575_01.jpg\",\"datePublished\":\"2024-10-02T11:54:01+00:00\",\"dateModified\":\"2025-07-22T05:27:55+00:00\",\"description\":\"Placa inducci\u00f3n 4000W multifunci\u00f3n doble K\u00dcKEN, con paneles y pantallas independientes, programas autom\u00e1ticos, bloqueo y detecci\u00f3n de olla.\",\"breadcrumb\":{\"@id\":\"https:\/\/kuken.alfadyser.dev\/producto\/placa-induccion-4000w-multifuncion-doble-kuken\/#breadcrumb\"},\"inLanguage\":\"pt-PT\",\"potentialAction\":[{\"@type\":\"ReadAction\",\"target\":[\"https:\/\/kuken.alfadyser.dev\/producto\/placa-induccion-4000w-multifuncion-doble-kuken\/\"]}]},{\"@type\":\"ImageObject\",\"inLanguage\":\"pt-PT\",\"@id\":\"https:\/\/kuken.alfadyser.dev\/producto\/placa-induccion-4000w-multifuncion-doble-kuken\/#primaryimage\",\"url\":\"https:\/\/kuken.alfadyser.dev\/wp-content\/uploads\/8425160494575_01.jpg\",\"contentUrl\":\"https:\/\/kuken.alfadyser.dev\/wp-content\/uploads\/8425160494575_01.jpg\",\"width\":2000,\"height\":2000},{\"@type\":\"BreadcrumbList\",\"@id\":\"https:\/\/kuken.alfadyser.dev\/producto\/placa-induccion-4000w-multifuncion-doble-kuken\/#breadcrumb\",\"itemListElement\":[{\"@type\":\"ListItem\",\"position\":1,\"name\":\"Portada\",\"item\":\"https:\/\/kuken.alfadyser.dev\/\"},{\"@type\":\"ListItem\",\"position\":2,\"name\":\"Productos\",\"item\":\"https:\/\/kuken.alfadyser.dev\/productos\/\"},{\"@type\":\"ListItem\",\"position\":3,\"name\":\"PLACA INDUCCI\u00d3N 4000W MULTIFUNCI\u00d3N DOBLE K\u00dcKEN\"}]},{\"@type\":\"WebSite\",\"@id\":\"https:\/\/kuken.alfadyser.dev\/#website\",\"url\":\"https:\/\/kuken.alfadyser.dev\/\",\"name\":\"K\u00fcken\",\"description\":\"Amplia gama de peque\u00f1o electrodom\u00e9stico k\u00fcken\",\"publisher\":{\"@id\":\"https:\/\/kuken.alfadyser.dev\/#organization\"},\"potentialAction\":[{\"@type\":\"SearchAction\",\"target\":{\"@type\":\"EntryPoint\",\"urlTemplate\":\"https:\/\/kuken.alfadyser.dev\/?s={search_term_string}\"},\"query-input\":{\"@type\":\"PropertyValueSpecification\",\"valueRequired\":true,\"valueName\":\"search_term_string\"}}],\"inLanguage\":\"pt-PT\"},{\"@type\":\"Organization\",\"@id\":\"https:\/\/kuken.alfadyser.dev\/#organization\",\"name\":\"Alfa Dyser\",\"url\":\"https:\/\/kuken.alfadyser.dev\/\",\"logo\":{\"@type\":\"ImageObject\",\"inLanguage\":\"pt-PT\",\"@id\":\"https:\/\/kuken.alfadyser.dev\/#\/schema\/logo\/image\/\",\"url\":\"https:\/\/kuken.alfadyser.dev\/wp-content\/uploads\/2019\/04\/kuken-logo.png\",\"contentUrl\":\"https:\/\/kuken.alfadyser.dev\/wp-content\/uploads\/2019\/04\/kuken-logo.png\",\"width\":500,\"height\":191,\"caption\":\"Alfa Dyser\"},\"image\":{\"@id\":\"https:\/\/kuken.alfadyser.dev\/#\/schema\/logo\/image\/\"},\"sameAs\":[\"https:\/\/es-es.facebook.com\/alfadyser\/\",\"https:\/\/www.instagram.com\/kuken_appliances\/\"]}]}<\/script>\n<meta property=\"product:price:currency\" content=\"EUR\" \/>\n<meta property=\"og:availability\" content=\"instock\" \/>\n<meta property=\"product:availability\" content=\"instock\" \/>\n<meta property=\"product:retailer_item_id\" content=\"49457\" \/>\n<meta property=\"product:condition\" content=\"new\" \/>\n<!-- \/ Yoast SEO Premium plugin. -->","yoast_head_json":{"title":"K\u00dcKEN PLACA DE INDU\u00c7\u00c3O 4000W MULTIFUN\u00c7\u00d5ES DUPLA - K\u00fcken","description":"Placa inducci\u00f3n 4000W multifunci\u00f3n doble K\u00dcKEN, con paneles y pantallas independientes, programas autom\u00e1ticos, bloqueo y detecci\u00f3n de olla.","robots":{"index":"noindex","follow":"follow","max-snippet":"max-snippet:-1","max-image-preview":"max-image-preview:large","max-video-preview":"max-video-preview:-1"},"og_locale":"pt_PT","og_type":"article","og_title":"PLACA INDUCCI\u00d3N 4000W MULTIFUNCI\u00d3N DOBLE K\u00dcKEN","og_description":"Placa inducci\u00f3n 4000W multifunci\u00f3n doble K\u00dcKEN, con paneles y pantallas independientes, programas autom\u00e1ticos, bloqueo y detecci\u00f3n de olla.","og_url":"https:\/\/kuken.alfadyser.dev\/pt\/produto\/placa-de-inducao-dupla-multifuncoes-kuken-4000w-kuken\/","og_site_name":"K\u00fcken","article_publisher":"https:\/\/es-es.facebook.com\/alfadyser\/","article_modified_time":"2025-07-22T05:27:55+00:00","og_image":[{"width":2000,"height":2000,"url":"https:\/\/kuken.alfadyser.dev\/wp-content\/uploads\/8425160494575_01.jpg","type":"image\/jpeg"}],"twitter_card":"summary_large_image","twitter_misc":{"pre\u00e7o":"","Disponibilidade":"Em stock"},"schema":{"@context":"https:\/\/schema.org","@graph":[{"@type":"WebPage","@id":"https:\/\/kuken.alfadyser.dev\/producto\/placa-induccion-4000w-multifuncion-doble-kuken\/","url":"https:\/\/kuken.alfadyser.dev\/producto\/placa-induccion-4000w-multifuncion-doble-kuken\/","name":"K\u00dcKEN PLACA DE INDU\u00c7\u00c3O 4000W MULTIFUN\u00c7\u00d5ES DUPLA - K\u00fcken","isPartOf":{"@id":"https:\/\/kuken.alfadyser.dev\/#website"},"primaryImageOfPage":{"@id":"https:\/\/kuken.alfadyser.dev\/producto\/placa-induccion-4000w-multifuncion-doble-kuken\/#primaryimage"},"image":{"@id":"https:\/\/kuken.alfadyser.dev\/producto\/placa-induccion-4000w-multifuncion-doble-kuken\/#primaryimage"},"thumbnailUrl":"https:\/\/kuken.alfadyser.dev\/wp-content\/uploads\/8425160494575_01.jpg","datePublished":"2024-10-02T11:54:01+00:00","dateModified":"2025-07-22T05:27:55+00:00","description":"Placa inducci\u00f3n 4000W multifunci\u00f3n doble K\u00dcKEN, con paneles y pantallas independientes, programas autom\u00e1ticos, bloqueo y detecci\u00f3n de olla.","breadcrumb":{"@id":"https:\/\/kuken.alfadyser.dev\/producto\/placa-induccion-4000w-multifuncion-doble-kuken\/#breadcrumb"},"inLanguage":"pt-PT","potentialAction":[{"@type":"ReadAction","target":["https:\/\/kuken.alfadyser.dev\/producto\/placa-induccion-4000w-multifuncion-doble-kuken\/"]}]},{"@type":"ImageObject","inLanguage":"pt-PT","@id":"https:\/\/kuken.alfadyser.dev\/producto\/placa-induccion-4000w-multifuncion-doble-kuken\/#primaryimage","url":"https:\/\/kuken.alfadyser.dev\/wp-content\/uploads\/8425160494575_01.jpg","contentUrl":"https:\/\/kuken.alfadyser.dev\/wp-content\/uploads\/8425160494575_01.jpg","width":2000,"height":2000},{"@type":"BreadcrumbList","@id":"https:\/\/kuken.alfadyser.dev\/producto\/placa-induccion-4000w-multifuncion-doble-kuken\/#breadcrumb","itemListElement":[{"@type":"ListItem","position":1,"name":"Portada","item":"https:\/\/kuken.alfadyser.dev\/"},{"@type":"ListItem","position":2,"name":"Productos","item":"https:\/\/kuken.alfadyser.dev\/productos\/"},{"@type":"ListItem","position":3,"name":"PLACA INDUCCI\u00d3N 4000W MULTIFUNCI\u00d3N DOBLE K\u00dcKEN"}]},{"@type":"WebSite","@id":"https:\/\/kuken.alfadyser.dev\/#website","url":"https:\/\/kuken.alfadyser.dev\/","name":"K\u00fcken","description":"Vasta gama de pequenos electrodom\u00e9sticos k\u00fcken","publisher":{"@id":"https:\/\/kuken.alfadyser.dev\/#organization"},"potentialAction":[{"@type":"SearchAction","target":{"@type":"EntryPoint","urlTemplate":"https:\/\/kuken.alfadyser.dev\/?s={search_term_string}"},"query-input":{"@type":"PropertyValueSpecification","valueRequired":true,"valueName":"search_term_string"}}],"inLanguage":"pt-PT"},{"@type":"Organization","@id":"https:\/\/kuken.alfadyser.dev\/#organization","name":"Alpha Dyser","url":"https:\/\/kuken.alfadyser.dev\/","logo":{"@type":"ImageObject","inLanguage":"pt-PT","@id":"https:\/\/kuken.alfadyser.dev\/#\/schema\/logo\/image\/","url":"https:\/\/kuken.alfadyser.dev\/wp-content\/uploads\/2019\/04\/kuken-logo.png","contentUrl":"https:\/\/kuken.alfadyser.dev\/wp-content\/uploads\/2019\/04\/kuken-logo.png","width":500,"height":191,"caption":"Alfa Dyser"},"image":{"@id":"https:\/\/kuken.alfadyser.dev\/#\/schema\/logo\/image\/"},"sameAs":["https:\/\/es-es.facebook.com\/alfadyser\/","https:\/\/www.instagram.com\/kuken_appliances\/"]}]},"product_price_currency":"EUR","og_availability":"instock","product_availability":"instock","product_retailer_item_id":"49457","product_condition":"new"},"_links":{"self":[{"href":"https:\/\/kuken.alfadyser.dev\/pt\/wp-json\/wp\/v2\/product\/11376","targetHints":{"allow":["GET"]}}],"collection":[{"href":"https:\/\/kuken.alfadyser.dev\/pt\/wp-json\/wp\/v2\/product"}],"about":[{"href":"https:\/\/kuken.alfadyser.dev\/pt\/wp-json\/wp\/v2\/types\/product"}],"wp:featuredmedia":[{"embeddable":true,"href":"https:\/\/kuken.alfadyser.dev\/pt\/wp-json\/wp\/v2\/media\/11655"}],"wp:attachment":[{"href":"https:\/\/kuken.alfadyser.dev\/pt\/wp-json\/wp\/v2\/media?parent=11376"}],"wp:term":[{"taxonomy":"product_brand","embeddable":true,"href":"https:\/\/kuken.alfadyser.dev\/pt\/wp-json\/wp\/v2\/product_brand?post=11376"},{"taxonomy":"product_cat","embeddable":true,"href":"https:\/\/kuken.alfadyser.dev\/pt\/wp-json\/wp\/v2\/product_cat?post=11376"},{"taxonomy":"product_tag","embeddable":true,"href":"https:\/\/kuken.alfadyser.dev\/pt\/wp-json\/wp\/v2\/product_tag?post=11376"}],"curies":[{"name":"wp","href":"https:\/\/api.w.org\/{rel}","templated":true}]}}