{"id":11355,"date":"2024-09-24T09:57:48","date_gmt":"2024-09-24T07:57:48","guid":{"rendered":"https:\/\/kuken.alfadyser.dev\/?post_type=product&#038;p=11355"},"modified":"2025-07-22T07:58:19","modified_gmt":"2025-07-22T05:58:19","slug":"pistola-masaje-de-4-cabezales-y-9-velocidades-18w","status":"publish","type":"product","link":"https:\/\/kuken.alfadyser.dev\/pt\/produto\/pistola-masaje-de-4-cabezales-y-9-velocidades-18w\/","title":{"rendered":"PISTOLA DE MASSAGEM COM 4 CABE\u00c7AS E 9 VELOCIDADES 18W."},"content":{"rendered":"<p>PISTOLA DE MASSAGEM COM 4 CABE\u00c7AS E 9 VELOCIDADES 18W.<\/p>\n<p class=\"\" data-start=\"704\" data-end=\"781\">Potencia de 18W con motor de escobillas que alcanza las 3200\u202fRPM.<\/p>\n<p class=\"\" data-start=\"783\" data-end=\"851\">\u2022 Bater\u00eda de litio de 1500\u202fmAh, recargable por USB tipo C.<\/p>\n<p class=\"\" data-start=\"853\" data-end=\"918\">\u2022 Autonom\u00eda de 4 a 7 horas con carga completa en 2\u20133 horas.<\/p>\n<p class=\"\" data-start=\"920\" data-end=\"987\">\u2022 Funcionamiento silencioso, con menos de 45\u202fdB de ruido.<\/p>\n<p class=\"\" data-start=\"989\" data-end=\"1065\">\u2022 Masaje profundo de hasta 8\u202fmm, ayuda a liberar tensiones musculares.<\/p>\n<p class=\"\" data-start=\"1067\" data-end=\"1160\">\u2022 9 velocidades ajustables, personaliza la intensidad del masaje seg\u00fan tus necesidades.<\/p>\n<p class=\"\" data-start=\"1162\" data-end=\"1253\">\u2022 Incluye 6 cabezales intercambiables, espec\u00edficos para diferentes grupos musculares.<\/p>\n<p class=\"\" data-start=\"1255\" data-end=\"1345\">\u2022 Mejora la circulaci\u00f3n, alivia el dolor muscular y reduce el \u00e1cido l\u00e1ctico.<\/p>\n<p class=\"\" data-start=\"1347\" data-end=\"1398\">\u2022 Dise\u00f1o ligero, compacto y f\u00e1cil de manejar.<\/p>\n<p><div class=\"accordion\"><div class=\"mfn-acc accordion_wrapper  toggle\"><div class=\"question\"><div class=\"title\"><i class=\"icon-plus acc-icon-plus\" aria-hidden=\"true\"><\/i><i class=\"icon-minus acc-icon-minus\" aria-hidden=\"true\"><\/i>Dados do produto<\/div><div class=\"answer\">EAN 8425160492694<\/p>\n<p>PISTOLA DE MASSAGEM COM 4 CABE\u00c7AS E 9 VELOCIDADES 18W.<\/p>\n<p>Bater\u00eda 1500mAh.<br \/>\nRuido 45dB<br \/>\nUnidade de embalagem 1<br \/>\nCor preta<br \/>\nCor da caixa de embalagem<br \/>\nPotencia 18W<br \/>\nVoltaje 7,4V<br \/>\nMaterial PC<br \/>\nVelocidades 9<\/p>\n<p><\/div><\/div>\n<\/div><\/div>\n<br \/>\n<div class=\"accordion\"><div class=\"mfn-acc accordion_wrapper  toggle\"><div class=\"question\"><div class=\"title\"><i class=\"icon-plus acc-icon-plus\" aria-hidden=\"true\"><\/i><i class=\"icon-minus acc-icon-minus\" aria-hidden=\"true\"><\/i>Acess\u00f3rios<\/div><div class=\"answer\">4 Cabezales.<\/div><\/div>\n<\/div><\/div>\n<\/p>\n<div class=\"descargas-producto\"><img loading=\"lazy\" decoding=\"async\" src=\"\/wp-content\/uploads\/2019\/12\/picto-descarrega.png\" alt=\"descarregar ficha de dados\" width=\"23\" height=\"16\" \/><a href=\"https:\/\/kuken.alfadyser.dev\/wp-content\/uploads\/8425160492694_ficha_tecnica.pdf\">Descarregar ficha<\/a><br \/>\n<img loading=\"lazy\" decoding=\"async\" src=\"\/wp-content\/uploads\/2019\/12\/picto-descarrega.png\" alt=\"descarregar manual de instru\u00e7\u00f5es\" width=\"23\" height=\"16\" \/><a href=\"https:\/\/kuken.alfadyser.dev\/wp-content\/uploads\/49269_instrucciones_compressed.pdf\">Descarregar o manual<\/a><\/div>\n<div><\/div>\n<div><span style=\"color: #bf2121\">Siga-nos nas redes sociais!<\/span><\/div>\n<div><a href=\"https:\/\/www.instagram.com\/kuken_appliances\/\">https:\/\/www.instagram.com\/kuken_appliances\/<\/a><\/div>\n<p><iframe loading=\"lazy\" title=\"K\u00dcKEN Pistola masaje 4 cabezales, 9 velocidades\" width=\"560\" height=\"315\" src=\"https:\/\/www.youtube.com\/embed\/0DShtRE3z9Q?feature=oembed\" frameborder=\"0\" allow=\"accelerometer; autoplay; clipboard-write; encrypted-media; gyroscope; picture-in-picture; web-share\" referrerpolicy=\"strict-origin-when-cross-origin\" allowfullscreen><\/iframe><\/p>","protected":false},"excerpt":{"rendered":"<p class=\"\" data-start=\"486\" data-end=\"633\">Tu masajeador diario para aliviar tensiones y mejorar la circulaci\u00f3n. Compacta, ligera y silenciosa, ideal para m\u00fasculos cansados o contracturados.<\/p>","protected":false},"featured_media":11356,"template":"","meta":[],"product_brand":[],"product_cat":[220],"product_tag":[],"class_list":{"0":"post-11355","1":"product","2":"type-product","3":"status-publish","4":"has-post-thumbnail","6":"product_cat-pistolas-masaje","8":"first","9":"instock","10":"product-type-simple"},"yoast_head":"<!-- This site is optimized with the Yoast SEO Premium plugin v24.0 (Yoast SEO v26.5) - https:\/\/yoast.com\/wordpress\/plugins\/seo\/ -->\n<title>PISTOLA MASAJE DE 4 CABEZALES Y 9 VELOCIDADES 18W. - K\u00fcken<\/title>\n<meta name=\"description\" content=\"Pistola masaje de 4 cabezales y 9 velocidades K\u00dcKEN, silenciosa, compacta y eficaz. Con bater\u00eda recargable, masaje profundo y dise\u00f1o ergon\u00f3mico.\" \/>\n<meta name=\"robots\" content=\"noindex, follow, max-snippet:-1, max-image-preview:large, max-video-preview:-1\" \/>\n<meta property=\"og:locale\" content=\"pt_PT\" \/>\n<meta property=\"og:type\" content=\"article\" \/>\n<meta property=\"og:title\" content=\"PISTOLA MASAJE DE 4 CABEZALES Y 9 VELOCIDADES 18W.\" \/>\n<meta property=\"og:description\" content=\"Pistola masaje de 4 cabezales y 9 velocidades K\u00dcKEN, silenciosa, compacta y eficaz. Con bater\u00eda recargable, masaje profundo y dise\u00f1o ergon\u00f3mico.\" \/>\n<meta property=\"og:url\" content=\"https:\/\/kuken.alfadyser.dev\/pt\/produto\/pistola-masaje-de-4-cabezales-y-9-velocidades-18w\/\" \/>\n<meta property=\"og:site_name\" content=\"K\u00fcken\" \/>\n<meta property=\"article:publisher\" content=\"https:\/\/es-es.facebook.com\/alfadyser\/\" \/>\n<meta property=\"article:modified_time\" content=\"2025-07-22T05:58:19+00:00\" \/>\n<meta property=\"og:image\" content=\"https:\/\/kuken.alfadyser.dev\/wp-content\/uploads\/8425160492694_01.jpg\" \/>\n\t<meta property=\"og:image:width\" content=\"2000\" \/>\n\t<meta property=\"og:image:height\" content=\"2000\" \/>\n\t<meta property=\"og:image:type\" content=\"image\/jpeg\" \/>\n<meta name=\"twitter:card\" content=\"summary_large_image\" \/>\n<meta name=\"twitter:label1\" content=\"pre\u00e7o\" \/>\n\t<meta name=\"twitter:data1\" content=\"\" \/>\n\t<meta name=\"twitter:label2\" content=\"Disponibilidade\" \/>\n\t<meta name=\"twitter:data2\" content=\"Em stock\" \/>\n<script type=\"application\/ld+json\" class=\"yoast-schema-graph\">{\"@context\":\"https:\/\/schema.org\",\"@graph\":[{\"@type\":\"WebPage\",\"@id\":\"https:\/\/kuken.alfadyser.dev\/producto\/pistola-masaje-de-4-cabezales-y-9-velocidades-18w\/\",\"url\":\"https:\/\/kuken.alfadyser.dev\/producto\/pistola-masaje-de-4-cabezales-y-9-velocidades-18w\/\",\"name\":\"PISTOLA MASAJE DE 4 CABEZALES Y 9 VELOCIDADES 18W. - K\u00fcken\",\"isPartOf\":{\"@id\":\"https:\/\/kuken.alfadyser.dev\/#website\"},\"primaryImageOfPage\":{\"@id\":\"https:\/\/kuken.alfadyser.dev\/producto\/pistola-masaje-de-4-cabezales-y-9-velocidades-18w\/#primaryimage\"},\"image\":{\"@id\":\"https:\/\/kuken.alfadyser.dev\/producto\/pistola-masaje-de-4-cabezales-y-9-velocidades-18w\/#primaryimage\"},\"thumbnailUrl\":\"https:\/\/kuken.alfadyser.dev\/wp-content\/uploads\/8425160492694_01.jpg\",\"datePublished\":\"2024-09-24T07:57:48+00:00\",\"dateModified\":\"2025-07-22T05:58:19+00:00\",\"description\":\"Pistola masaje de 4 cabezales y 9 velocidades K\u00dcKEN, silenciosa, compacta y eficaz. Con bater\u00eda recargable, masaje profundo y dise\u00f1o ergon\u00f3mico.\",\"breadcrumb\":{\"@id\":\"https:\/\/kuken.alfadyser.dev\/producto\/pistola-masaje-de-4-cabezales-y-9-velocidades-18w\/#breadcrumb\"},\"inLanguage\":\"pt-PT\",\"potentialAction\":[{\"@type\":\"ReadAction\",\"target\":[\"https:\/\/kuken.alfadyser.dev\/producto\/pistola-masaje-de-4-cabezales-y-9-velocidades-18w\/\"]}]},{\"@type\":\"ImageObject\",\"inLanguage\":\"pt-PT\",\"@id\":\"https:\/\/kuken.alfadyser.dev\/producto\/pistola-masaje-de-4-cabezales-y-9-velocidades-18w\/#primaryimage\",\"url\":\"https:\/\/kuken.alfadyser.dev\/wp-content\/uploads\/8425160492694_01.jpg\",\"contentUrl\":\"https:\/\/kuken.alfadyser.dev\/wp-content\/uploads\/8425160492694_01.jpg\",\"width\":2000,\"height\":2000},{\"@type\":\"BreadcrumbList\",\"@id\":\"https:\/\/kuken.alfadyser.dev\/producto\/pistola-masaje-de-4-cabezales-y-9-velocidades-18w\/#breadcrumb\",\"itemListElement\":[{\"@type\":\"ListItem\",\"position\":1,\"name\":\"Portada\",\"item\":\"https:\/\/kuken.alfadyser.dev\/\"},{\"@type\":\"ListItem\",\"position\":2,\"name\":\"Productos\",\"item\":\"https:\/\/kuken.alfadyser.dev\/productos\/\"},{\"@type\":\"ListItem\",\"position\":3,\"name\":\"PISTOLA MASAJE DE 4 CABEZALES Y 9 VELOCIDADES 18W.\"}]},{\"@type\":\"WebSite\",\"@id\":\"https:\/\/kuken.alfadyser.dev\/#website\",\"url\":\"https:\/\/kuken.alfadyser.dev\/\",\"name\":\"K\u00fcken\",\"description\":\"Amplia gama de peque\u00f1o electrodom\u00e9stico k\u00fcken\",\"publisher\":{\"@id\":\"https:\/\/kuken.alfadyser.dev\/#organization\"},\"potentialAction\":[{\"@type\":\"SearchAction\",\"target\":{\"@type\":\"EntryPoint\",\"urlTemplate\":\"https:\/\/kuken.alfadyser.dev\/?s={search_term_string}\"},\"query-input\":{\"@type\":\"PropertyValueSpecification\",\"valueRequired\":true,\"valueName\":\"search_term_string\"}}],\"inLanguage\":\"pt-PT\"},{\"@type\":\"Organization\",\"@id\":\"https:\/\/kuken.alfadyser.dev\/#organization\",\"name\":\"Alfa Dyser\",\"url\":\"https:\/\/kuken.alfadyser.dev\/\",\"logo\":{\"@type\":\"ImageObject\",\"inLanguage\":\"pt-PT\",\"@id\":\"https:\/\/kuken.alfadyser.dev\/#\/schema\/logo\/image\/\",\"url\":\"https:\/\/kuken.alfadyser.dev\/wp-content\/uploads\/2019\/04\/kuken-logo.png\",\"contentUrl\":\"https:\/\/kuken.alfadyser.dev\/wp-content\/uploads\/2019\/04\/kuken-logo.png\",\"width\":500,\"height\":191,\"caption\":\"Alfa Dyser\"},\"image\":{\"@id\":\"https:\/\/kuken.alfadyser.dev\/#\/schema\/logo\/image\/\"},\"sameAs\":[\"https:\/\/es-es.facebook.com\/alfadyser\/\",\"https:\/\/www.instagram.com\/kuken_appliances\/\"]}]}<\/script>\n<meta property=\"product:price:currency\" content=\"EUR\" \/>\n<meta property=\"og:availability\" content=\"instock\" \/>\n<meta property=\"product:availability\" content=\"instock\" \/>\n<meta property=\"product:retailer_item_id\" content=\"49269\" \/>\n<meta property=\"product:condition\" content=\"new\" \/>\n<!-- \/ Yoast SEO Premium plugin. -->","yoast_head_json":{"title":"PISTOLA MASAJE DE 4 CABEZALES Y 9 VELOCIDADES 18W. - K\u00fcken","description":"Pistola masaje de 4 cabezales y 9 velocidades K\u00dcKEN, silenciosa, compacta y eficaz. Con bater\u00eda recargable, masaje profundo y dise\u00f1o ergon\u00f3mico.","robots":{"index":"noindex","follow":"follow","max-snippet":"max-snippet:-1","max-image-preview":"max-image-preview:large","max-video-preview":"max-video-preview:-1"},"og_locale":"pt_PT","og_type":"article","og_title":"PISTOLA MASAJE DE 4 CABEZALES Y 9 VELOCIDADES 18W.","og_description":"Pistola masaje de 4 cabezales y 9 velocidades K\u00dcKEN, silenciosa, compacta y eficaz. Con bater\u00eda recargable, masaje profundo y dise\u00f1o ergon\u00f3mico.","og_url":"https:\/\/kuken.alfadyser.dev\/pt\/produto\/pistola-masaje-de-4-cabezales-y-9-velocidades-18w\/","og_site_name":"K\u00fcken","article_publisher":"https:\/\/es-es.facebook.com\/alfadyser\/","article_modified_time":"2025-07-22T05:58:19+00:00","og_image":[{"width":2000,"height":2000,"url":"https:\/\/kuken.alfadyser.dev\/wp-content\/uploads\/8425160492694_01.jpg","type":"image\/jpeg"}],"twitter_card":"summary_large_image","twitter_misc":{"pre\u00e7o":"","Disponibilidade":"Em stock"},"schema":{"@context":"https:\/\/schema.org","@graph":[{"@type":"WebPage","@id":"https:\/\/kuken.alfadyser.dev\/producto\/pistola-masaje-de-4-cabezales-y-9-velocidades-18w\/","url":"https:\/\/kuken.alfadyser.dev\/producto\/pistola-masaje-de-4-cabezales-y-9-velocidades-18w\/","name":"PISTOLA MASAJE DE 4 CABEZALES Y 9 VELOCIDADES 18W. - K\u00fcken","isPartOf":{"@id":"https:\/\/kuken.alfadyser.dev\/#website"},"primaryImageOfPage":{"@id":"https:\/\/kuken.alfadyser.dev\/producto\/pistola-masaje-de-4-cabezales-y-9-velocidades-18w\/#primaryimage"},"image":{"@id":"https:\/\/kuken.alfadyser.dev\/producto\/pistola-masaje-de-4-cabezales-y-9-velocidades-18w\/#primaryimage"},"thumbnailUrl":"https:\/\/kuken.alfadyser.dev\/wp-content\/uploads\/8425160492694_01.jpg","datePublished":"2024-09-24T07:57:48+00:00","dateModified":"2025-07-22T05:58:19+00:00","description":"Pistola masaje de 4 cabezales y 9 velocidades K\u00dcKEN, silenciosa, compacta y eficaz. Con bater\u00eda recargable, masaje profundo y dise\u00f1o ergon\u00f3mico.","breadcrumb":{"@id":"https:\/\/kuken.alfadyser.dev\/producto\/pistola-masaje-de-4-cabezales-y-9-velocidades-18w\/#breadcrumb"},"inLanguage":"pt-PT","potentialAction":[{"@type":"ReadAction","target":["https:\/\/kuken.alfadyser.dev\/producto\/pistola-masaje-de-4-cabezales-y-9-velocidades-18w\/"]}]},{"@type":"ImageObject","inLanguage":"pt-PT","@id":"https:\/\/kuken.alfadyser.dev\/producto\/pistola-masaje-de-4-cabezales-y-9-velocidades-18w\/#primaryimage","url":"https:\/\/kuken.alfadyser.dev\/wp-content\/uploads\/8425160492694_01.jpg","contentUrl":"https:\/\/kuken.alfadyser.dev\/wp-content\/uploads\/8425160492694_01.jpg","width":2000,"height":2000},{"@type":"BreadcrumbList","@id":"https:\/\/kuken.alfadyser.dev\/producto\/pistola-masaje-de-4-cabezales-y-9-velocidades-18w\/#breadcrumb","itemListElement":[{"@type":"ListItem","position":1,"name":"Portada","item":"https:\/\/kuken.alfadyser.dev\/"},{"@type":"ListItem","position":2,"name":"Productos","item":"https:\/\/kuken.alfadyser.dev\/productos\/"},{"@type":"ListItem","position":3,"name":"PISTOLA MASAJE DE 4 CABEZALES Y 9 VELOCIDADES 18W."}]},{"@type":"WebSite","@id":"https:\/\/kuken.alfadyser.dev\/#website","url":"https:\/\/kuken.alfadyser.dev\/","name":"K\u00fcken","description":"Vasta gama de pequenos electrodom\u00e9sticos k\u00fcken","publisher":{"@id":"https:\/\/kuken.alfadyser.dev\/#organization"},"potentialAction":[{"@type":"SearchAction","target":{"@type":"EntryPoint","urlTemplate":"https:\/\/kuken.alfadyser.dev\/?s={search_term_string}"},"query-input":{"@type":"PropertyValueSpecification","valueRequired":true,"valueName":"search_term_string"}}],"inLanguage":"pt-PT"},{"@type":"Organization","@id":"https:\/\/kuken.alfadyser.dev\/#organization","name":"Alpha Dyser","url":"https:\/\/kuken.alfadyser.dev\/","logo":{"@type":"ImageObject","inLanguage":"pt-PT","@id":"https:\/\/kuken.alfadyser.dev\/#\/schema\/logo\/image\/","url":"https:\/\/kuken.alfadyser.dev\/wp-content\/uploads\/2019\/04\/kuken-logo.png","contentUrl":"https:\/\/kuken.alfadyser.dev\/wp-content\/uploads\/2019\/04\/kuken-logo.png","width":500,"height":191,"caption":"Alfa Dyser"},"image":{"@id":"https:\/\/kuken.alfadyser.dev\/#\/schema\/logo\/image\/"},"sameAs":["https:\/\/es-es.facebook.com\/alfadyser\/","https:\/\/www.instagram.com\/kuken_appliances\/"]}]},"product_price_currency":"EUR","og_availability":"instock","product_availability":"instock","product_retailer_item_id":"49269","product_condition":"new"},"_links":{"self":[{"href":"https:\/\/kuken.alfadyser.dev\/pt\/wp-json\/wp\/v2\/product\/11355","targetHints":{"allow":["GET"]}}],"collection":[{"href":"https:\/\/kuken.alfadyser.dev\/pt\/wp-json\/wp\/v2\/product"}],"about":[{"href":"https:\/\/kuken.alfadyser.dev\/pt\/wp-json\/wp\/v2\/types\/product"}],"wp:featuredmedia":[{"embeddable":true,"href":"https:\/\/kuken.alfadyser.dev\/pt\/wp-json\/wp\/v2\/media\/11356"}],"wp:attachment":[{"href":"https:\/\/kuken.alfadyser.dev\/pt\/wp-json\/wp\/v2\/media?parent=11355"}],"wp:term":[{"taxonomy":"product_brand","embeddable":true,"href":"https:\/\/kuken.alfadyser.dev\/pt\/wp-json\/wp\/v2\/product_brand?post=11355"},{"taxonomy":"product_cat","embeddable":true,"href":"https:\/\/kuken.alfadyser.dev\/pt\/wp-json\/wp\/v2\/product_cat?post=11355"},{"taxonomy":"product_tag","embeddable":true,"href":"https:\/\/kuken.alfadyser.dev\/pt\/wp-json\/wp\/v2\/product_tag?post=11355"}],"curies":[{"name":"wp","href":"https:\/\/api.w.org\/{rel}","templated":true}]}}