{"id":11207,"date":"2024-09-05T14:26:38","date_gmt":"2024-09-05T12:26:38","guid":{"rendered":"https:\/\/kuken.alfadyser.dev\/?post_type=product&#038;p=11207"},"modified":"2025-07-28T13:04:15","modified_gmt":"2025-07-28T11:04:15","slug":"climatizador-frio-80w-calor-2100w-kuken","status":"publish","type":"product","link":"https:\/\/kuken.alfadyser.dev\/pt\/produto\/climatizador-frio-80w-calor-2100w-kuken\/","title":{"rendered":"AR CONDICIONADO FRIO 80W \/ CALOR 2100W KUKEN"},"content":{"rendered":"<p>AR CONDICIONADO FRIO 80W \/ CALOR 2100W KUKEN<\/p>\n<p class=\"\" data-start=\"731\" data-end=\"818\">\u2022 Potencia de refrigeraci\u00f3n de 80W y calefacci\u00f3n de 2100W, ideal todo el a\u00f1o.<\/p>\n<p class=\"\" data-start=\"820\" data-end=\"892\">\u2022 Pantalla LCD con panel de control, intuitiva y f\u00e1cil de manejar.<\/p>\n<p class=\"\" data-start=\"894\" data-end=\"962\">\u2022 Mando a distancia, controla todas las funciones c\u00f3modamente.<\/p>\n<p class=\"\" data-start=\"964\" data-end=\"1025\">\u2022 Dep\u00f3sito de agua de 4 litros, buena autonom\u00eda de uso.<\/p>\n<p class=\"\" data-start=\"1027\" data-end=\"1105\">\u2022 Incluye 2 placas refrigerantes para mejorar la eficiencia de enfriado.<\/p>\n<p class=\"\" data-start=\"1107\" data-end=\"1156\">\u2022 3 modos de aire: Normal, Natural y Noche.<\/p>\n<p class=\"\" data-start=\"1158\" data-end=\"1207\">\u2022 3 velocidades ajustables seg\u00fan necesidad.<\/p>\n<p class=\"\" data-start=\"1209\" data-end=\"1275\">\u2022 Cobertura de 18 a 26\u202fm\u00b2, perfecta para estancias medianas.<\/p>\n<p class=\"\" data-start=\"1277\" data-end=\"1339\">\u2022 Temporizador hasta 7,5 horas, ideal para uso nocturno.<\/p>\n<p class=\"\" data-start=\"1341\" data-end=\"1427\">\u2022 Rejilla oscilante en varias direcciones, distribuye el aire de forma uniforme.<\/p>\n<p class=\"\" data-start=\"1429\" data-end=\"1492\">\u2022 Caudal de aire de 5\u202fm\u00b3\/min y nivel sonoro de 60\u202fdB.<\/p>\n<p class=\"\" data-start=\"1494\" data-end=\"1549\">- <strong data-start=\"1496\" data-end=\"1511\">Ruedas 360\u00b0<\/strong>, f\u00e1cil de mover entre habitaciones.<\/p>\n<p><div class=\"accordion\"><div class=\"mfn-acc accordion_wrapper  toggle\"><div class=\"question\"><div class=\"title\"><i class=\"icon-plus acc-icon-plus\" aria-hidden=\"true\"><\/i><i class=\"icon-minus acc-icon-minus\" aria-hidden=\"true\"><\/i>Dados do produto<\/div><div class=\"answer\">EAN: 8425160344351<\/p>\n<p>AR CONDICIONADO FRIO 80W \/ CALOR 2100W KUKEN<\/p>\n<p>Unidades: 1<br \/>\nCor: Preto e branco<br \/>\nEmbalagem: Caixa colorida<br \/>\nPotencia: 80W\/2100W<br \/>\nTens\u00e3o: 230V<br \/>\nMaterial: PC<\/div><\/div>\n<\/div><\/div>\n<br \/>\n<div class=\"accordion\"><div class=\"mfn-acc accordion_wrapper  toggle\"><div class=\"question\"><div class=\"title\"><i class=\"icon-plus acc-icon-plus\" aria-hidden=\"true\"><\/i><i class=\"icon-minus acc-icon-minus\" aria-hidden=\"true\"><\/i>Acess\u00f3rios<\/div><div class=\"answer\"><\/div><\/div>\n<\/div><\/div>\n<\/p>\n<div class=\"descargas-producto\"><img loading=\"lazy\" decoding=\"async\" src=\"\/wp-content\/uploads\/2019\/12\/picto-descarrega.png\" alt=\"descarregar ficha de dados\" width=\"23\" height=\"16\" \/><a href=\"https:\/\/kuken.alfadyser.dev\/wp-content\/uploads\/8425160344351_ficha_tecnica.pdf\">Descarregar ficha<\/a><br \/>\n<img loading=\"lazy\" decoding=\"async\" src=\"\/wp-content\/uploads\/2019\/12\/picto-descarrega.png\" alt=\"descarregar manual de instru\u00e7\u00f5es\" width=\"23\" height=\"16\" \/><a href=\"https:\/\/kuken.alfadyser.dev\/wp-content\/uploads\/34435_manual_compressed.pdf\">Descarregar o manual<\/a><\/div>\n<div><\/div>\n<div><span style=\"color: #bf2121\">Siga-nos nas redes sociais!<\/span><\/div>\n<div><a href=\"https:\/\/www.instagram.com\/kuken_appliances\/\">https:\/\/www.instagram.com\/kuken_appliances\/<\/a><\/div>\n<p><iframe loading=\"lazy\" title=\"K\u00dcKEN Climatizador Fr\u00edo 80W Calor 2100W\" width=\"560\" height=\"315\" src=\"https:\/\/www.youtube.com\/embed\/oqfuUA051iQ?feature=oembed\" frameborder=\"0\" allow=\"accelerometer; autoplay; clipboard-write; encrypted-media; gyroscope; picture-in-picture; web-share\" referrerpolicy=\"strict-origin-when-cross-origin\" allowfullscreen><\/iframe><\/p>","protected":false},"excerpt":{"rendered":"<p class=\"\" data-start=\"505\" data-end=\"660\">Aire fresco o calor con solo un toque. Potente, silencioso y port\u00e1til, ofrece control total, m\u00faltiples funciones y dise\u00f1o pr\u00e1ctico para cualquier ambiente.<\/p>","protected":false},"featured_media":11210,"template":"","meta":[],"product_brand":[],"product_cat":[239],"product_tag":[],"class_list":{"0":"post-11207","1":"product","2":"type-product","3":"status-publish","4":"has-post-thumbnail","6":"product_cat-aires-acondicionados-y-climatizadores","8":"first","9":"instock","10":"product-type-simple"},"yoast_head":"<!-- This site is optimized with the Yoast SEO Premium plugin v24.0 (Yoast SEO v26.5) - https:\/\/yoast.com\/wordpress\/plugins\/seo\/ -->\n<title>CLIMATIZADOR FRIO 80W \/ CALOR 2100W KUKEN - K\u00fcken<\/title>\n<meta name=\"description\" content=\"Climatizador fr\u00edo 80W \/ calor 2100W K\u00dcKEN, con mando a distancia, 3 modos de aire, dep\u00f3sito de 4\u202fL y oscilaci\u00f3n. Ideal para estancias de hasta 26\u202fm\u00b2.\" \/>\n<meta name=\"robots\" content=\"noindex, follow, max-snippet:-1, max-image-preview:large, max-video-preview:-1\" \/>\n<meta property=\"og:locale\" content=\"pt_PT\" \/>\n<meta property=\"og:type\" content=\"article\" \/>\n<meta property=\"og:title\" content=\"CLIMATIZADOR FRIO 80W \/ CALOR 2100W KUKEN\" \/>\n<meta property=\"og:description\" content=\"Climatizador fr\u00edo 80W \/ calor 2100W K\u00dcKEN, con mando a distancia, 3 modos de aire, dep\u00f3sito de 4\u202fL y oscilaci\u00f3n. Ideal para estancias de hasta 26\u202fm\u00b2.\" \/>\n<meta property=\"og:url\" content=\"https:\/\/kuken.alfadyser.dev\/pt\/produto\/climatizador-frio-80w-calor-2100w-kuken\/\" \/>\n<meta property=\"og:site_name\" content=\"K\u00fcken\" \/>\n<meta property=\"article:publisher\" content=\"https:\/\/es-es.facebook.com\/alfadyser\/\" \/>\n<meta property=\"article:modified_time\" content=\"2025-07-28T11:04:15+00:00\" \/>\n<meta property=\"og:image\" content=\"https:\/\/kuken.alfadyser.dev\/wp-content\/uploads\/8425160344351_03.jpg\" \/>\n\t<meta property=\"og:image:width\" content=\"2000\" \/>\n\t<meta property=\"og:image:height\" content=\"2000\" \/>\n\t<meta property=\"og:image:type\" content=\"image\/jpeg\" \/>\n<meta name=\"twitter:card\" content=\"summary_large_image\" \/>\n<meta name=\"twitter:label1\" content=\"pre\u00e7o\" \/>\n\t<meta name=\"twitter:data1\" content=\"\" \/>\n\t<meta name=\"twitter:label2\" content=\"Disponibilidade\" \/>\n\t<meta name=\"twitter:data2\" content=\"Em stock\" \/>\n<script type=\"application\/ld+json\" class=\"yoast-schema-graph\">{\"@context\":\"https:\/\/schema.org\",\"@graph\":[{\"@type\":\"WebPage\",\"@id\":\"https:\/\/kuken.alfadyser.dev\/producto\/climatizador-frio-80w-calor-2100w-kuken\/\",\"url\":\"https:\/\/kuken.alfadyser.dev\/producto\/climatizador-frio-80w-calor-2100w-kuken\/\",\"name\":\"CLIMATIZADOR FRIO 80W \/ CALOR 2100W KUKEN - K\u00fcken\",\"isPartOf\":{\"@id\":\"https:\/\/kuken.alfadyser.dev\/#website\"},\"primaryImageOfPage\":{\"@id\":\"https:\/\/kuken.alfadyser.dev\/producto\/climatizador-frio-80w-calor-2100w-kuken\/#primaryimage\"},\"image\":{\"@id\":\"https:\/\/kuken.alfadyser.dev\/producto\/climatizador-frio-80w-calor-2100w-kuken\/#primaryimage\"},\"thumbnailUrl\":\"https:\/\/kuken.alfadyser.dev\/wp-content\/uploads\/8425160344351_03.jpg\",\"datePublished\":\"2024-09-05T12:26:38+00:00\",\"dateModified\":\"2025-07-28T11:04:15+00:00\",\"description\":\"Climatizador fr\u00edo 80W \/ calor 2100W K\u00dcKEN, con mando a distancia, 3 modos de aire, dep\u00f3sito de 4\u202fL y oscilaci\u00f3n. Ideal para estancias de hasta 26\u202fm\u00b2.\",\"breadcrumb\":{\"@id\":\"https:\/\/kuken.alfadyser.dev\/producto\/climatizador-frio-80w-calor-2100w-kuken\/#breadcrumb\"},\"inLanguage\":\"pt-PT\",\"potentialAction\":[{\"@type\":\"ReadAction\",\"target\":[\"https:\/\/kuken.alfadyser.dev\/producto\/climatizador-frio-80w-calor-2100w-kuken\/\"]}]},{\"@type\":\"ImageObject\",\"inLanguage\":\"pt-PT\",\"@id\":\"https:\/\/kuken.alfadyser.dev\/producto\/climatizador-frio-80w-calor-2100w-kuken\/#primaryimage\",\"url\":\"https:\/\/kuken.alfadyser.dev\/wp-content\/uploads\/8425160344351_03.jpg\",\"contentUrl\":\"https:\/\/kuken.alfadyser.dev\/wp-content\/uploads\/8425160344351_03.jpg\",\"width\":2000,\"height\":2000},{\"@type\":\"BreadcrumbList\",\"@id\":\"https:\/\/kuken.alfadyser.dev\/producto\/climatizador-frio-80w-calor-2100w-kuken\/#breadcrumb\",\"itemListElement\":[{\"@type\":\"ListItem\",\"position\":1,\"name\":\"Portada\",\"item\":\"https:\/\/kuken.alfadyser.dev\/\"},{\"@type\":\"ListItem\",\"position\":2,\"name\":\"Productos\",\"item\":\"https:\/\/kuken.alfadyser.dev\/productos\/\"},{\"@type\":\"ListItem\",\"position\":3,\"name\":\"CLIMATIZADOR FRIO 80W \/ CALOR 2100W KUKEN\"}]},{\"@type\":\"WebSite\",\"@id\":\"https:\/\/kuken.alfadyser.dev\/#website\",\"url\":\"https:\/\/kuken.alfadyser.dev\/\",\"name\":\"K\u00fcken\",\"description\":\"Amplia gama de peque\u00f1o electrodom\u00e9stico k\u00fcken\",\"publisher\":{\"@id\":\"https:\/\/kuken.alfadyser.dev\/#organization\"},\"potentialAction\":[{\"@type\":\"SearchAction\",\"target\":{\"@type\":\"EntryPoint\",\"urlTemplate\":\"https:\/\/kuken.alfadyser.dev\/?s={search_term_string}\"},\"query-input\":{\"@type\":\"PropertyValueSpecification\",\"valueRequired\":true,\"valueName\":\"search_term_string\"}}],\"inLanguage\":\"pt-PT\"},{\"@type\":\"Organization\",\"@id\":\"https:\/\/kuken.alfadyser.dev\/#organization\",\"name\":\"Alfa Dyser\",\"url\":\"https:\/\/kuken.alfadyser.dev\/\",\"logo\":{\"@type\":\"ImageObject\",\"inLanguage\":\"pt-PT\",\"@id\":\"https:\/\/kuken.alfadyser.dev\/#\/schema\/logo\/image\/\",\"url\":\"https:\/\/kuken.alfadyser.dev\/wp-content\/uploads\/2019\/04\/kuken-logo.png\",\"contentUrl\":\"https:\/\/kuken.alfadyser.dev\/wp-content\/uploads\/2019\/04\/kuken-logo.png\",\"width\":500,\"height\":191,\"caption\":\"Alfa Dyser\"},\"image\":{\"@id\":\"https:\/\/kuken.alfadyser.dev\/#\/schema\/logo\/image\/\"},\"sameAs\":[\"https:\/\/es-es.facebook.com\/alfadyser\/\",\"https:\/\/www.instagram.com\/kuken_appliances\/\"]}]}<\/script>\n<meta property=\"product:price:currency\" content=\"EUR\" \/>\n<meta property=\"og:availability\" content=\"instock\" \/>\n<meta property=\"product:availability\" content=\"instock\" \/>\n<meta property=\"product:retailer_item_id\" content=\"34435\" \/>\n<meta property=\"product:condition\" content=\"new\" \/>\n<!-- \/ Yoast SEO Premium plugin. -->","yoast_head_json":{"title":"CLIMATIZADOR FRIO 80W \/ CALOR 2100W KUKEN - K\u00fcken","description":"Climatizador fr\u00edo 80W \/ calor 2100W K\u00dcKEN, con mando a distancia, 3 modos de aire, dep\u00f3sito de 4\u202fL y oscilaci\u00f3n. Ideal para estancias de hasta 26\u202fm\u00b2.","robots":{"index":"noindex","follow":"follow","max-snippet":"max-snippet:-1","max-image-preview":"max-image-preview:large","max-video-preview":"max-video-preview:-1"},"og_locale":"pt_PT","og_type":"article","og_title":"CLIMATIZADOR FRIO 80W \/ CALOR 2100W KUKEN","og_description":"Climatizador fr\u00edo 80W \/ calor 2100W K\u00dcKEN, con mando a distancia, 3 modos de aire, dep\u00f3sito de 4\u202fL y oscilaci\u00f3n. Ideal para estancias de hasta 26\u202fm\u00b2.","og_url":"https:\/\/kuken.alfadyser.dev\/pt\/produto\/climatizador-frio-80w-calor-2100w-kuken\/","og_site_name":"K\u00fcken","article_publisher":"https:\/\/es-es.facebook.com\/alfadyser\/","article_modified_time":"2025-07-28T11:04:15+00:00","og_image":[{"width":2000,"height":2000,"url":"https:\/\/kuken.alfadyser.dev\/wp-content\/uploads\/8425160344351_03.jpg","type":"image\/jpeg"}],"twitter_card":"summary_large_image","twitter_misc":{"pre\u00e7o":"","Disponibilidade":"Em stock"},"schema":{"@context":"https:\/\/schema.org","@graph":[{"@type":"WebPage","@id":"https:\/\/kuken.alfadyser.dev\/producto\/climatizador-frio-80w-calor-2100w-kuken\/","url":"https:\/\/kuken.alfadyser.dev\/producto\/climatizador-frio-80w-calor-2100w-kuken\/","name":"CLIMATIZADOR FRIO 80W \/ CALOR 2100W KUKEN - K\u00fcken","isPartOf":{"@id":"https:\/\/kuken.alfadyser.dev\/#website"},"primaryImageOfPage":{"@id":"https:\/\/kuken.alfadyser.dev\/producto\/climatizador-frio-80w-calor-2100w-kuken\/#primaryimage"},"image":{"@id":"https:\/\/kuken.alfadyser.dev\/producto\/climatizador-frio-80w-calor-2100w-kuken\/#primaryimage"},"thumbnailUrl":"https:\/\/kuken.alfadyser.dev\/wp-content\/uploads\/8425160344351_03.jpg","datePublished":"2024-09-05T12:26:38+00:00","dateModified":"2025-07-28T11:04:15+00:00","description":"Climatizador fr\u00edo 80W \/ calor 2100W K\u00dcKEN, con mando a distancia, 3 modos de aire, dep\u00f3sito de 4\u202fL y oscilaci\u00f3n. Ideal para estancias de hasta 26\u202fm\u00b2.","breadcrumb":{"@id":"https:\/\/kuken.alfadyser.dev\/producto\/climatizador-frio-80w-calor-2100w-kuken\/#breadcrumb"},"inLanguage":"pt-PT","potentialAction":[{"@type":"ReadAction","target":["https:\/\/kuken.alfadyser.dev\/producto\/climatizador-frio-80w-calor-2100w-kuken\/"]}]},{"@type":"ImageObject","inLanguage":"pt-PT","@id":"https:\/\/kuken.alfadyser.dev\/producto\/climatizador-frio-80w-calor-2100w-kuken\/#primaryimage","url":"https:\/\/kuken.alfadyser.dev\/wp-content\/uploads\/8425160344351_03.jpg","contentUrl":"https:\/\/kuken.alfadyser.dev\/wp-content\/uploads\/8425160344351_03.jpg","width":2000,"height":2000},{"@type":"BreadcrumbList","@id":"https:\/\/kuken.alfadyser.dev\/producto\/climatizador-frio-80w-calor-2100w-kuken\/#breadcrumb","itemListElement":[{"@type":"ListItem","position":1,"name":"Portada","item":"https:\/\/kuken.alfadyser.dev\/"},{"@type":"ListItem","position":2,"name":"Productos","item":"https:\/\/kuken.alfadyser.dev\/productos\/"},{"@type":"ListItem","position":3,"name":"CLIMATIZADOR FRIO 80W \/ CALOR 2100W KUKEN"}]},{"@type":"WebSite","@id":"https:\/\/kuken.alfadyser.dev\/#website","url":"https:\/\/kuken.alfadyser.dev\/","name":"K\u00fcken","description":"Vasta gama de pequenos electrodom\u00e9sticos k\u00fcken","publisher":{"@id":"https:\/\/kuken.alfadyser.dev\/#organization"},"potentialAction":[{"@type":"SearchAction","target":{"@type":"EntryPoint","urlTemplate":"https:\/\/kuken.alfadyser.dev\/?s={search_term_string}"},"query-input":{"@type":"PropertyValueSpecification","valueRequired":true,"valueName":"search_term_string"}}],"inLanguage":"pt-PT"},{"@type":"Organization","@id":"https:\/\/kuken.alfadyser.dev\/#organization","name":"Alpha Dyser","url":"https:\/\/kuken.alfadyser.dev\/","logo":{"@type":"ImageObject","inLanguage":"pt-PT","@id":"https:\/\/kuken.alfadyser.dev\/#\/schema\/logo\/image\/","url":"https:\/\/kuken.alfadyser.dev\/wp-content\/uploads\/2019\/04\/kuken-logo.png","contentUrl":"https:\/\/kuken.alfadyser.dev\/wp-content\/uploads\/2019\/04\/kuken-logo.png","width":500,"height":191,"caption":"Alfa Dyser"},"image":{"@id":"https:\/\/kuken.alfadyser.dev\/#\/schema\/logo\/image\/"},"sameAs":["https:\/\/es-es.facebook.com\/alfadyser\/","https:\/\/www.instagram.com\/kuken_appliances\/"]}]},"product_price_currency":"EUR","og_availability":"instock","product_availability":"instock","product_retailer_item_id":"34435","product_condition":"new"},"_links":{"self":[{"href":"https:\/\/kuken.alfadyser.dev\/pt\/wp-json\/wp\/v2\/product\/11207","targetHints":{"allow":["GET"]}}],"collection":[{"href":"https:\/\/kuken.alfadyser.dev\/pt\/wp-json\/wp\/v2\/product"}],"about":[{"href":"https:\/\/kuken.alfadyser.dev\/pt\/wp-json\/wp\/v2\/types\/product"}],"wp:featuredmedia":[{"embeddable":true,"href":"https:\/\/kuken.alfadyser.dev\/pt\/wp-json\/wp\/v2\/media\/11210"}],"wp:attachment":[{"href":"https:\/\/kuken.alfadyser.dev\/pt\/wp-json\/wp\/v2\/media?parent=11207"}],"wp:term":[{"taxonomy":"product_brand","embeddable":true,"href":"https:\/\/kuken.alfadyser.dev\/pt\/wp-json\/wp\/v2\/product_brand?post=11207"},{"taxonomy":"product_cat","embeddable":true,"href":"https:\/\/kuken.alfadyser.dev\/pt\/wp-json\/wp\/v2\/product_cat?post=11207"},{"taxonomy":"product_tag","embeddable":true,"href":"https:\/\/kuken.alfadyser.dev\/pt\/wp-json\/wp\/v2\/product_tag?post=11207"}],"curies":[{"name":"wp","href":"https:\/\/api.w.org\/{rel}","templated":true}]}}