{"id":11115,"date":"2024-06-07T08:23:24","date_gmt":"2024-06-07T06:23:24","guid":{"rendered":"https:\/\/kuken.alfadyser.dev\/?post_type=product&#038;p=11115"},"modified":"2025-07-22T08:04:16","modified_gmt":"2025-07-22T06:04:16","slug":"secador-profissional-sem-escovas-2000w-preto","status":"publish","type":"product","link":"https:\/\/kuken.alfadyser.dev\/pt\/produto\/secador-profissional-sem-escovas-2000w-preto\/","title":{"rendered":"SECADOR PROFISSIONAL SEM ESCOVAS 2000W. PRETO"},"content":{"rendered":"<p>SECADOR PROFESIONAL BRUSHLESS 2000W NEGRO<\/p>\n<p class=\"\" data-start=\"712\" data-end=\"786\">\u2022 Motor Brushless de 2000W, silencioso, potente y de larga duraci\u00f3n.<\/p>\n<p class=\"\" data-start=\"788\" data-end=\"872\">\u2022 Tecnolog\u00eda IONIC ULTRA PROTECTION, reduce el encrespamiento y aporta brillo.<\/p>\n<p class=\"\" data-start=\"874\" data-end=\"929\">\u2022 Acabado en color negro, elegante y profesional.<\/p>\n<p class=\"\" data-start=\"931\" data-end=\"1018\">\u2022 Rejilla trasera anti-enredo, facilita el mantenimiento y prolonga la vida \u00fatil.<\/p>\n<p class=\"\" data-start=\"1020\" data-end=\"1091\">\u2022 Bot\u00f3n de aire fr\u00edo, fija el peinado sin da\u00f1ar la fibra capilar.<\/p>\n<p class=\"\" data-start=\"1093\" data-end=\"1173\">\u2022 3 temperaturas y 2 potencias, ajustables para cualquier tipo de cabello.<\/p>\n<p class=\"\" data-start=\"1175\" data-end=\"1267\">\u2022 Sistema Auto-Clean, mantiene el secador limpio y eficiente con solo pulsar un bot\u00f3n.<\/p>\n<p class=\"\" data-start=\"1269\" data-end=\"1331\">\u2022 Cable de 2 metros, proporciona libertad de movimiento.<\/p>\n<p class=\"\" data-start=\"1333\" data-end=\"1411\">\u2022 Incluye boquilla alisadora y difusor\/rizador para rizos naturales.<\/p>\n<p><div class=\"accordion\"><div class=\"mfn-acc accordion_wrapper  toggle\"><div class=\"question\"><div class=\"title\"><i class=\"icon-plus acc-icon-plus\" aria-hidden=\"true\"><\/i><i class=\"icon-minus acc-icon-minus\" aria-hidden=\"true\"><\/i>Dados do produto<\/div><div class=\"answer\">EAN 8425160346584<\/p>\n<p>SECADOR PROFESIONAL BRUSHLESS 2000W NEGRO<\/p>\n<p>Unidade de embalagem 1<br \/>\nCor: preto<br \/>\nEmbalagem: Caixa colorida<br \/>\nPot\u00eancia: 2000W<br \/>\nTens\u00e3o: 230V<br \/>\nMaterial: PC<br \/>\nVelocidades: 3 temperaturas e 2 pot\u00eancias<br \/>\nFun\u00e7\u00e3o i\u00f3nica<br \/>\n<\/div><\/div>\n<\/div><\/div>\n<br \/>\n<div class=\"accordion\"><div class=\"mfn-acc accordion_wrapper  toggle\"><div class=\"question\"><div class=\"title\"><i class=\"icon-plus acc-icon-plus\" aria-hidden=\"true\"><\/i><i class=\"icon-minus acc-icon-minus\" aria-hidden=\"true\"><\/i>Acess\u00f3rios<\/div><div class=\"answer\">2 Bicos de alisamento.<br \/>\n1 Difusor profissional para cabelos encaracolados.<\/div><\/div>\n<\/div><\/div>\n<\/p>\n<div class=\"descargas-producto\"><img loading=\"lazy\" decoding=\"async\" src=\"\/wp-content\/uploads\/2019\/12\/picto-descarrega.png\" alt=\"descarregar ficha de dados\" width=\"23\" height=\"16\" \/><a href=\"https:\/\/kuken.alfadyser.dev\/wp-content\/uploads\/8425160346584_ficha_tecnica.pdf\">Descarregar ficha<\/a><br \/>\n<img loading=\"lazy\" decoding=\"async\" src=\"\/wp-content\/uploads\/2019\/12\/picto-descarrega.png\" alt=\"descarregar manual de instru\u00e7\u00f5es\" width=\"23\" height=\"16\" \/><a href=\"https:\/\/kuken.alfadyser.dev\/wp-content\/uploads\/34658_instrucciones_compressed.pdf\">Descarregar o manual<\/a><\/div>\n<div><\/div>\n<div><span style=\"color: #bf2121\">Siga-nos nas redes sociais!<\/span><\/div>\n<div><a href=\"https:\/\/www.instagram.com\/kuken_appliances\/\">https:\/\/www.instagram.com\/kuken_appliances\/<\/a><\/div>","protected":false},"excerpt":{"rendered":"<p class=\"\" data-start=\"481\" data-end=\"641\">Rendimiento profesional en cada secado. Potente, silencioso y duradero, con tecnolog\u00eda i\u00f3nica, motor brushless y accesorios para moldear tu estilo sin esfuerzo.<\/p>","protected":false},"featured_media":11489,"template":"","meta":[],"product_brand":[],"product_cat":[213],"product_tag":[],"class_list":{"0":"post-11115","1":"product","2":"type-product","3":"status-publish","4":"has-post-thumbnail","6":"product_cat-secadores","8":"first","9":"instock","10":"product-type-simple"},"yoast_head":"<!-- This site is optimized with the Yoast SEO Premium plugin v24.0 (Yoast SEO v26.5) - https:\/\/yoast.com\/wordpress\/plugins\/seo\/ -->\n<title>SECADOR PROFESIONAL BRUSHLESS 2000W. NEGRO - K\u00fcken<\/title>\n<meta name=\"description\" content=\"Secador profesional brushless 2000W negro K\u00dcKEN, con tecnolog\u00eda IONIC, auto-limpieza, aire fr\u00edo, y accesorios. Potente, preciso y anti-encrespamiento.\" \/>\n<meta name=\"robots\" content=\"noindex, follow, max-snippet:-1, max-image-preview:large, max-video-preview:-1\" \/>\n<meta property=\"og:locale\" content=\"pt_PT\" \/>\n<meta property=\"og:type\" content=\"article\" \/>\n<meta property=\"og:title\" content=\"SECADOR PROFESIONAL BRUSHLESS 2000W. NEGRO\" \/>\n<meta property=\"og:description\" content=\"Secador profesional brushless 2000W negro K\u00dcKEN, con tecnolog\u00eda IONIC, auto-limpieza, aire fr\u00edo, y accesorios. Potente, preciso y anti-encrespamiento.\" \/>\n<meta property=\"og:url\" content=\"https:\/\/kuken.alfadyser.dev\/pt\/produto\/secador-profissional-sem-escovas-2000w-preto\/\" \/>\n<meta property=\"og:site_name\" content=\"K\u00fcken\" \/>\n<meta property=\"article:publisher\" content=\"https:\/\/es-es.facebook.com\/alfadyser\/\" \/>\n<meta property=\"article:modified_time\" content=\"2025-07-22T06:04:16+00:00\" \/>\n<meta property=\"og:image\" content=\"https:\/\/kuken.alfadyser.dev\/wp-content\/uploads\/8425160346584_01.jpg\" \/>\n\t<meta property=\"og:image:width\" content=\"2000\" \/>\n\t<meta property=\"og:image:height\" content=\"2000\" \/>\n\t<meta property=\"og:image:type\" content=\"image\/jpeg\" \/>\n<meta name=\"twitter:card\" content=\"summary_large_image\" \/>\n<meta name=\"twitter:label1\" content=\"pre\u00e7o\" \/>\n\t<meta name=\"twitter:data1\" content=\"\" \/>\n\t<meta name=\"twitter:label2\" content=\"Disponibilidade\" \/>\n\t<meta name=\"twitter:data2\" content=\"Em stock\" \/>\n<script type=\"application\/ld+json\" class=\"yoast-schema-graph\">{\"@context\":\"https:\/\/schema.org\",\"@graph\":[{\"@type\":\"WebPage\",\"@id\":\"https:\/\/kuken.alfadyser.dev\/producto\/secador-profesional-brushless-2000w-negro\/\",\"url\":\"https:\/\/kuken.alfadyser.dev\/producto\/secador-profesional-brushless-2000w-negro\/\",\"name\":\"SECADOR PROFESIONAL BRUSHLESS 2000W. NEGRO - K\u00fcken\",\"isPartOf\":{\"@id\":\"https:\/\/kuken.alfadyser.dev\/#website\"},\"primaryImageOfPage\":{\"@id\":\"https:\/\/kuken.alfadyser.dev\/producto\/secador-profesional-brushless-2000w-negro\/#primaryimage\"},\"image\":{\"@id\":\"https:\/\/kuken.alfadyser.dev\/producto\/secador-profesional-brushless-2000w-negro\/#primaryimage\"},\"thumbnailUrl\":\"https:\/\/kuken.alfadyser.dev\/wp-content\/uploads\/8425160346584_01.jpg\",\"datePublished\":\"2024-06-07T06:23:24+00:00\",\"dateModified\":\"2025-07-22T06:04:16+00:00\",\"description\":\"Secador profesional brushless 2000W negro K\u00dcKEN, con tecnolog\u00eda IONIC, auto-limpieza, aire fr\u00edo, y accesorios. Potente, preciso y anti-encrespamiento.\",\"breadcrumb\":{\"@id\":\"https:\/\/kuken.alfadyser.dev\/producto\/secador-profesional-brushless-2000w-negro\/#breadcrumb\"},\"inLanguage\":\"pt-PT\",\"potentialAction\":[{\"@type\":\"ReadAction\",\"target\":[\"https:\/\/kuken.alfadyser.dev\/producto\/secador-profesional-brushless-2000w-negro\/\"]}]},{\"@type\":\"ImageObject\",\"inLanguage\":\"pt-PT\",\"@id\":\"https:\/\/kuken.alfadyser.dev\/producto\/secador-profesional-brushless-2000w-negro\/#primaryimage\",\"url\":\"https:\/\/kuken.alfadyser.dev\/wp-content\/uploads\/8425160346584_01.jpg\",\"contentUrl\":\"https:\/\/kuken.alfadyser.dev\/wp-content\/uploads\/8425160346584_01.jpg\",\"width\":2000,\"height\":2000},{\"@type\":\"BreadcrumbList\",\"@id\":\"https:\/\/kuken.alfadyser.dev\/producto\/secador-profesional-brushless-2000w-negro\/#breadcrumb\",\"itemListElement\":[{\"@type\":\"ListItem\",\"position\":1,\"name\":\"Portada\",\"item\":\"https:\/\/kuken.alfadyser.dev\/\"},{\"@type\":\"ListItem\",\"position\":2,\"name\":\"Productos\",\"item\":\"https:\/\/kuken.alfadyser.dev\/productos\/\"},{\"@type\":\"ListItem\",\"position\":3,\"name\":\"SECADOR PROFESIONAL BRUSHLESS 2000W. NEGRO\"}]},{\"@type\":\"WebSite\",\"@id\":\"https:\/\/kuken.alfadyser.dev\/#website\",\"url\":\"https:\/\/kuken.alfadyser.dev\/\",\"name\":\"K\u00fcken\",\"description\":\"Amplia gama de peque\u00f1o electrodom\u00e9stico k\u00fcken\",\"publisher\":{\"@id\":\"https:\/\/kuken.alfadyser.dev\/#organization\"},\"potentialAction\":[{\"@type\":\"SearchAction\",\"target\":{\"@type\":\"EntryPoint\",\"urlTemplate\":\"https:\/\/kuken.alfadyser.dev\/?s={search_term_string}\"},\"query-input\":{\"@type\":\"PropertyValueSpecification\",\"valueRequired\":true,\"valueName\":\"search_term_string\"}}],\"inLanguage\":\"pt-PT\"},{\"@type\":\"Organization\",\"@id\":\"https:\/\/kuken.alfadyser.dev\/#organization\",\"name\":\"Alfa Dyser\",\"url\":\"https:\/\/kuken.alfadyser.dev\/\",\"logo\":{\"@type\":\"ImageObject\",\"inLanguage\":\"pt-PT\",\"@id\":\"https:\/\/kuken.alfadyser.dev\/#\/schema\/logo\/image\/\",\"url\":\"https:\/\/kuken.alfadyser.dev\/wp-content\/uploads\/2019\/04\/kuken-logo.png\",\"contentUrl\":\"https:\/\/kuken.alfadyser.dev\/wp-content\/uploads\/2019\/04\/kuken-logo.png\",\"width\":500,\"height\":191,\"caption\":\"Alfa Dyser\"},\"image\":{\"@id\":\"https:\/\/kuken.alfadyser.dev\/#\/schema\/logo\/image\/\"},\"sameAs\":[\"https:\/\/es-es.facebook.com\/alfadyser\/\",\"https:\/\/www.instagram.com\/kuken_appliances\/\"]}]}<\/script>\n<meta property=\"product:price:currency\" content=\"EUR\" \/>\n<meta property=\"og:availability\" content=\"instock\" \/>\n<meta property=\"product:availability\" content=\"instock\" \/>\n<meta property=\"product:retailer_item_id\" content=\"34658\" \/>\n<meta property=\"product:condition\" content=\"new\" \/>\n<!-- \/ Yoast SEO Premium plugin. -->","yoast_head_json":{"title":"SECADOR DE CABELO PROFISSIONAL SEM ESCOVAS 2000W. PRETO - K\u00fcken","description":"Secador profesional brushless 2000W negro K\u00dcKEN, con tecnolog\u00eda IONIC, auto-limpieza, aire fr\u00edo, y accesorios. Potente, preciso y anti-encrespamiento.","robots":{"index":"noindex","follow":"follow","max-snippet":"max-snippet:-1","max-image-preview":"max-image-preview:large","max-video-preview":"max-video-preview:-1"},"og_locale":"pt_PT","og_type":"article","og_title":"SECADOR PROFESIONAL BRUSHLESS 2000W. NEGRO","og_description":"Secador profesional brushless 2000W negro K\u00dcKEN, con tecnolog\u00eda IONIC, auto-limpieza, aire fr\u00edo, y accesorios. Potente, preciso y anti-encrespamiento.","og_url":"https:\/\/kuken.alfadyser.dev\/pt\/produto\/secador-profissional-sem-escovas-2000w-preto\/","og_site_name":"K\u00fcken","article_publisher":"https:\/\/es-es.facebook.com\/alfadyser\/","article_modified_time":"2025-07-22T06:04:16+00:00","og_image":[{"width":2000,"height":2000,"url":"https:\/\/kuken.alfadyser.dev\/wp-content\/uploads\/8425160346584_01.jpg","type":"image\/jpeg"}],"twitter_card":"summary_large_image","twitter_misc":{"pre\u00e7o":"","Disponibilidade":"Em stock"},"schema":{"@context":"https:\/\/schema.org","@graph":[{"@type":"WebPage","@id":"https:\/\/kuken.alfadyser.dev\/producto\/secador-profesional-brushless-2000w-negro\/","url":"https:\/\/kuken.alfadyser.dev\/producto\/secador-profesional-brushless-2000w-negro\/","name":"SECADOR DE CABELO PROFISSIONAL SEM ESCOVAS 2000W. PRETO - K\u00fcken","isPartOf":{"@id":"https:\/\/kuken.alfadyser.dev\/#website"},"primaryImageOfPage":{"@id":"https:\/\/kuken.alfadyser.dev\/producto\/secador-profesional-brushless-2000w-negro\/#primaryimage"},"image":{"@id":"https:\/\/kuken.alfadyser.dev\/producto\/secador-profesional-brushless-2000w-negro\/#primaryimage"},"thumbnailUrl":"https:\/\/kuken.alfadyser.dev\/wp-content\/uploads\/8425160346584_01.jpg","datePublished":"2024-06-07T06:23:24+00:00","dateModified":"2025-07-22T06:04:16+00:00","description":"Secador profesional brushless 2000W negro K\u00dcKEN, con tecnolog\u00eda IONIC, auto-limpieza, aire fr\u00edo, y accesorios. Potente, preciso y anti-encrespamiento.","breadcrumb":{"@id":"https:\/\/kuken.alfadyser.dev\/producto\/secador-profesional-brushless-2000w-negro\/#breadcrumb"},"inLanguage":"pt-PT","potentialAction":[{"@type":"ReadAction","target":["https:\/\/kuken.alfadyser.dev\/producto\/secador-profesional-brushless-2000w-negro\/"]}]},{"@type":"ImageObject","inLanguage":"pt-PT","@id":"https:\/\/kuken.alfadyser.dev\/producto\/secador-profesional-brushless-2000w-negro\/#primaryimage","url":"https:\/\/kuken.alfadyser.dev\/wp-content\/uploads\/8425160346584_01.jpg","contentUrl":"https:\/\/kuken.alfadyser.dev\/wp-content\/uploads\/8425160346584_01.jpg","width":2000,"height":2000},{"@type":"BreadcrumbList","@id":"https:\/\/kuken.alfadyser.dev\/producto\/secador-profesional-brushless-2000w-negro\/#breadcrumb","itemListElement":[{"@type":"ListItem","position":1,"name":"Portada","item":"https:\/\/kuken.alfadyser.dev\/"},{"@type":"ListItem","position":2,"name":"Productos","item":"https:\/\/kuken.alfadyser.dev\/productos\/"},{"@type":"ListItem","position":3,"name":"SECADOR PROFESIONAL BRUSHLESS 2000W. NEGRO"}]},{"@type":"WebSite","@id":"https:\/\/kuken.alfadyser.dev\/#website","url":"https:\/\/kuken.alfadyser.dev\/","name":"K\u00fcken","description":"Vasta gama de pequenos electrodom\u00e9sticos k\u00fcken","publisher":{"@id":"https:\/\/kuken.alfadyser.dev\/#organization"},"potentialAction":[{"@type":"SearchAction","target":{"@type":"EntryPoint","urlTemplate":"https:\/\/kuken.alfadyser.dev\/?s={search_term_string}"},"query-input":{"@type":"PropertyValueSpecification","valueRequired":true,"valueName":"search_term_string"}}],"inLanguage":"pt-PT"},{"@type":"Organization","@id":"https:\/\/kuken.alfadyser.dev\/#organization","name":"Alpha Dyser","url":"https:\/\/kuken.alfadyser.dev\/","logo":{"@type":"ImageObject","inLanguage":"pt-PT","@id":"https:\/\/kuken.alfadyser.dev\/#\/schema\/logo\/image\/","url":"https:\/\/kuken.alfadyser.dev\/wp-content\/uploads\/2019\/04\/kuken-logo.png","contentUrl":"https:\/\/kuken.alfadyser.dev\/wp-content\/uploads\/2019\/04\/kuken-logo.png","width":500,"height":191,"caption":"Alfa Dyser"},"image":{"@id":"https:\/\/kuken.alfadyser.dev\/#\/schema\/logo\/image\/"},"sameAs":["https:\/\/es-es.facebook.com\/alfadyser\/","https:\/\/www.instagram.com\/kuken_appliances\/"]}]},"product_price_currency":"EUR","og_availability":"instock","product_availability":"instock","product_retailer_item_id":"34658","product_condition":"new"},"_links":{"self":[{"href":"https:\/\/kuken.alfadyser.dev\/pt\/wp-json\/wp\/v2\/product\/11115","targetHints":{"allow":["GET"]}}],"collection":[{"href":"https:\/\/kuken.alfadyser.dev\/pt\/wp-json\/wp\/v2\/product"}],"about":[{"href":"https:\/\/kuken.alfadyser.dev\/pt\/wp-json\/wp\/v2\/types\/product"}],"wp:featuredmedia":[{"embeddable":true,"href":"https:\/\/kuken.alfadyser.dev\/pt\/wp-json\/wp\/v2\/media\/11489"}],"wp:attachment":[{"href":"https:\/\/kuken.alfadyser.dev\/pt\/wp-json\/wp\/v2\/media?parent=11115"}],"wp:term":[{"taxonomy":"product_brand","embeddable":true,"href":"https:\/\/kuken.alfadyser.dev\/pt\/wp-json\/wp\/v2\/product_brand?post=11115"},{"taxonomy":"product_cat","embeddable":true,"href":"https:\/\/kuken.alfadyser.dev\/pt\/wp-json\/wp\/v2\/product_cat?post=11115"},{"taxonomy":"product_tag","embeddable":true,"href":"https:\/\/kuken.alfadyser.dev\/pt\/wp-json\/wp\/v2\/product_tag?post=11115"}],"curies":[{"name":"wp","href":"https:\/\/api.w.org\/{rel}","templated":true}]}}