{"id":10799,"date":"2023-11-21T07:58:35","date_gmt":"2023-11-21T06:58:35","guid":{"rendered":"https:\/\/kuken.alfadyser.dev\/?post_type=product&#038;p=10799"},"modified":"2025-07-22T08:58:00","modified_gmt":"2025-07-22T06:58:00","slug":"cortapelo-barba-bateria-5w-kuken","status":"publish","type":"product","link":"https:\/\/kuken.alfadyser.dev\/pt\/produto\/cortapelo-barba-bateria-5w-kuken\/","title":{"rendered":"APARADORES DE CABELO\/BARBA A PILHAS DE 6 N\u00cdVEIS KUKEN"},"content":{"rendered":"<p>APARADORES DE CABELO\/BARBA A PILHAS DE 6 N\u00cdVEIS KUKEN<\/p>\n<ul>\n<li class=\"\" data-start=\"682\" data-end=\"745\">\n<p class=\"\" data-start=\"684\" data-end=\"745\">Cortapelo\/barba con sistema de corte de alta precisi\u00f3n.<\/p>\n<\/li>\n<li class=\"\" data-start=\"746\" data-end=\"833\">\n<p class=\"\" data-start=\"748\" data-end=\"833\">6 niveles de corte con peines gu\u00eda codificados por color (1\/2\/3\/6\/9\/12\u202fmm).<\/p>\n<\/li>\n<li class=\"\" data-start=\"834\" data-end=\"896\">\n<p class=\"\" data-start=\"836\" data-end=\"896\">Cuchillas de acero inoxidable, afiladas y resistentes.<\/p>\n<\/li>\n<li class=\"\" data-start=\"897\" data-end=\"962\">\n<p class=\"\" data-start=\"899\" data-end=\"962\">Motor de 6800 RPM para un rendimiento uniforme y potente.<\/p>\n<\/li>\n<li class=\"\" data-start=\"963\" data-end=\"1016\">\n<p class=\"\" data-start=\"965\" data-end=\"1016\">Pantalla LED con indicador de carga y estado.<\/p>\n<\/li>\n<li class=\"\" data-start=\"1017\" data-end=\"1087\">\n<p class=\"\" data-start=\"1019\" data-end=\"1087\">Recargable por USB Type-C con autonom\u00eda de 90 minutos.<\/p>\n<\/li>\n<li class=\"\" data-start=\"1088\" data-end=\"1124\">\n<p class=\"\" data-start=\"1090\" data-end=\"1124\">Tiempo de carga: 90 minutos.<\/p>\n<\/li>\n<li class=\"\" data-start=\"1125\" data-end=\"1155\">\n<p class=\"\" data-start=\"1127\" data-end=\"1155\">Nivel de ruido: 68\u202fdB.<\/p>\n<\/li>\n<li class=\"\" data-start=\"1156\" data-end=\"1222\">\n<p class=\"\" data-start=\"1158\" data-end=\"1222\">Incluye kit de mantenimiento: aceite lubricante y cepillo.<\/p>\n<\/li>\n<li class=\"\" data-start=\"1223\" data-end=\"1277\">\n<p class=\"\" data-start=\"1225\" data-end=\"1277\">Base con compartimentos para m\u00e1quina y accesorios.<\/p>\n<\/li>\n<li class=\"\" data-start=\"1278\" data-end=\"1358\">\n<p class=\"\" data-start=\"1280\" data-end=\"1358\">Ideal para cortar, perfilar y mantener barba y cabello en perfecto estado.<\/p>\n<\/li>\n<\/ul>\n<p>&nbsp;<\/p>\n<p><div class=\"accordion\"><div class=\"mfn-acc accordion_wrapper  toggle\"><div class=\"question\"><div class=\"title\"><i class=\"icon-plus acc-icon-plus\" aria-hidden=\"true\"><\/i><i class=\"icon-minus acc-icon-minus\" aria-hidden=\"true\"><\/i>Dados do produto<\/div><div class=\"answer\">EAN: 8425160343873<\/p>\n<p>APARADORES DE CABELO\/BARBA A PILHAS DE 6 N\u00cdVEIS KUKEN<\/p>\n<p>Unidades:1<br \/>\nCor: preto<br \/>\nEnvase: caja color<br \/>\nRPM: 6800RPM<br \/>\nRecarreg\u00e1vel: Sim<br \/>\nPantalla LED<br \/>\nACCESORIOS: 6 peines gu\u00cda,cable de carga USB,cepillo y aceite lubricante.<\/div><\/div>\n<\/div><\/div>\n<br \/>\n<div class=\"accordion\"><div class=\"mfn-acc accordion_wrapper  toggle\"><div class=\"question\"><div class=\"title\"><i class=\"icon-plus acc-icon-plus\" aria-hidden=\"true\"><\/i><i class=\"icon-minus acc-icon-minus\" aria-hidden=\"true\"><\/i>Acess\u00f3rios<\/div><div class=\"answer\">Escova + lubrificante.<\/div><\/div>\n<\/div><\/div>\n<\/p>\n<div class=\"descargas-producto\"><img loading=\"lazy\" decoding=\"async\" src=\"\/wp-content\/uploads\/2019\/12\/picto-descarrega.png\" alt=\"descarregar ficha de dados\" width=\"23\" height=\"16\" \/><a href=\"https:\/\/kuken.alfadyser.dev\/wp-content\/uploads\/8425160343873_ficha_tecnica.pdf\">Descarregar ficha<\/a><br \/>\n<img loading=\"lazy\" decoding=\"async\" src=\"\/wp-content\/uploads\/2019\/12\/picto-descarrega.png\" alt=\"descarregar manual de instru\u00e7\u00f5es\" width=\"23\" height=\"16\" \/><a href=\"http:\/\/8425160343873_01.jpg 8425160343873_02.jpg 8425160343873_03.jpg\">Descarregar o manual<\/a><\/div>\n<div><\/div>\n<div>\n<div><span style=\"color: #bf2121\">Siga-nos nas redes sociais!<\/span><\/div>\n<div><a href=\"https:\/\/www.instagram.com\/kuken_appliances\/\">https:\/\/www.instagram.com\/kuken_appliances<\/a><\/div>\n<\/div>\n<p><iframe loading=\"lazy\" title=\"Cortapelo barba 6 niveles k\u00fcken\" width=\"560\" height=\"315\" src=\"https:\/\/www.youtube.com\/embed\/32eQtyjq8p4?feature=oembed\" frameborder=\"0\" allow=\"accelerometer; autoplay; clipboard-write; encrypted-media; gyroscope; picture-in-picture; web-share\" referrerpolicy=\"strict-origin-when-cross-origin\" allowfullscreen><\/iframe><\/p>","protected":false},"excerpt":{"rendered":"<p class=\"\" data-start=\"444\" data-end=\"600\">Cortapelo profesional recargable con 6 peines gu\u00eda de colores, motor de 6800 RPM, pantalla LED, carga USB-C y base organizadora. Ideal para barba y cabello.<\/p>\n<p class=\"\" data-start=\"602\" data-end=\"620\">","protected":false},"featured_media":11100,"template":"","meta":[],"product_brand":[],"product_cat":[215],"product_tag":[],"class_list":{"0":"post-10799","1":"product","2":"type-product","3":"status-publish","4":"has-post-thumbnail","6":"product_cat-cortapelos","8":"first","9":"instock","10":"shipping-taxable","11":"product-type-simple"},"yoast_head":"<!-- This site is optimized with the Yoast SEO Premium plugin v24.0 (Yoast SEO v26.5) - https:\/\/yoast.com\/wordpress\/plugins\/seo\/ -->\n<title>CORTAPELO\/BARBA BATERIA 6 NIVELES KUKEN - K\u00fcken<\/title>\n<meta name=\"description\" content=\"Cortapelo\/barba bater\u00eda 6 niveles K\u00dcKEN, precisi\u00f3n y potencia para mantener tu estilo en casa, con motor 6800\u202fRPM, LED y 90\u202fmin de autonom\u00eda.\" \/>\n<meta name=\"robots\" content=\"noindex, follow, max-snippet:-1, max-image-preview:large, max-video-preview:-1\" \/>\n<meta property=\"og:locale\" content=\"pt_PT\" \/>\n<meta property=\"og:type\" content=\"article\" \/>\n<meta property=\"og:title\" content=\"CORTAPELO\/BARBA BATERIA 6 NIVELES KUKEN\" \/>\n<meta property=\"og:description\" content=\"Cortapelo\/barba bater\u00eda 6 niveles K\u00dcKEN, precisi\u00f3n y potencia para mantener tu estilo en casa, con motor 6800\u202fRPM, LED y 90\u202fmin de autonom\u00eda.\" \/>\n<meta property=\"og:url\" content=\"https:\/\/kuken.alfadyser.dev\/pt\/produto\/cortapelo-barba-bateria-5w-kuken\/\" \/>\n<meta property=\"og:site_name\" content=\"K\u00fcken\" \/>\n<meta property=\"article:publisher\" content=\"https:\/\/es-es.facebook.com\/alfadyser\/\" \/>\n<meta property=\"article:modified_time\" content=\"2025-07-22T06:58:00+00:00\" \/>\n<meta property=\"og:image\" content=\"https:\/\/kuken.alfadyser.dev\/wp-content\/uploads\/8425160343873_01.jpg\" \/>\n\t<meta property=\"og:image:width\" content=\"2000\" \/>\n\t<meta property=\"og:image:height\" content=\"2000\" \/>\n\t<meta property=\"og:image:type\" content=\"image\/jpeg\" \/>\n<meta name=\"twitter:card\" content=\"summary_large_image\" \/>\n<meta name=\"twitter:label1\" content=\"pre\u00e7o\" \/>\n\t<meta name=\"twitter:data1\" content=\"\" \/>\n\t<meta name=\"twitter:label2\" content=\"Disponibilidade\" \/>\n\t<meta name=\"twitter:data2\" content=\"Em stock\" \/>\n<script type=\"application\/ld+json\" class=\"yoast-schema-graph\">{\"@context\":\"https:\/\/schema.org\",\"@graph\":[{\"@type\":\"WebPage\",\"@id\":\"https:\/\/kuken.alfadyser.dev\/producto\/cortapelo-barba-bateria-5w-kuken\/\",\"url\":\"https:\/\/kuken.alfadyser.dev\/producto\/cortapelo-barba-bateria-5w-kuken\/\",\"name\":\"CORTAPELO\/BARBA BATERIA 6 NIVELES KUKEN - K\u00fcken\",\"isPartOf\":{\"@id\":\"https:\/\/kuken.alfadyser.dev\/#website\"},\"primaryImageOfPage\":{\"@id\":\"https:\/\/kuken.alfadyser.dev\/producto\/cortapelo-barba-bateria-5w-kuken\/#primaryimage\"},\"image\":{\"@id\":\"https:\/\/kuken.alfadyser.dev\/producto\/cortapelo-barba-bateria-5w-kuken\/#primaryimage\"},\"thumbnailUrl\":\"https:\/\/kuken.alfadyser.dev\/wp-content\/uploads\/8425160343873_01.jpg\",\"datePublished\":\"2023-11-21T06:58:35+00:00\",\"dateModified\":\"2025-07-22T06:58:00+00:00\",\"description\":\"Cortapelo\/barba bater\u00eda 6 niveles K\u00dcKEN, precisi\u00f3n y potencia para mantener tu estilo en casa, con motor 6800\u202fRPM, LED y 90\u202fmin de autonom\u00eda.\",\"breadcrumb\":{\"@id\":\"https:\/\/kuken.alfadyser.dev\/producto\/cortapelo-barba-bateria-5w-kuken\/#breadcrumb\"},\"inLanguage\":\"pt-PT\",\"potentialAction\":[{\"@type\":\"ReadAction\",\"target\":[\"https:\/\/kuken.alfadyser.dev\/producto\/cortapelo-barba-bateria-5w-kuken\/\"]}]},{\"@type\":\"ImageObject\",\"inLanguage\":\"pt-PT\",\"@id\":\"https:\/\/kuken.alfadyser.dev\/producto\/cortapelo-barba-bateria-5w-kuken\/#primaryimage\",\"url\":\"https:\/\/kuken.alfadyser.dev\/wp-content\/uploads\/8425160343873_01.jpg\",\"contentUrl\":\"https:\/\/kuken.alfadyser.dev\/wp-content\/uploads\/8425160343873_01.jpg\",\"width\":2000,\"height\":2000},{\"@type\":\"BreadcrumbList\",\"@id\":\"https:\/\/kuken.alfadyser.dev\/producto\/cortapelo-barba-bateria-5w-kuken\/#breadcrumb\",\"itemListElement\":[{\"@type\":\"ListItem\",\"position\":1,\"name\":\"Portada\",\"item\":\"https:\/\/kuken.alfadyser.dev\/\"},{\"@type\":\"ListItem\",\"position\":2,\"name\":\"Productos\",\"item\":\"https:\/\/kuken.alfadyser.dev\/productos\/\"},{\"@type\":\"ListItem\",\"position\":3,\"name\":\"CORTAPELO\/BARBA BATERIA 6 NIVELES KUKEN\"}]},{\"@type\":\"WebSite\",\"@id\":\"https:\/\/kuken.alfadyser.dev\/#website\",\"url\":\"https:\/\/kuken.alfadyser.dev\/\",\"name\":\"K\u00fcken\",\"description\":\"Amplia gama de peque\u00f1o electrodom\u00e9stico k\u00fcken\",\"publisher\":{\"@id\":\"https:\/\/kuken.alfadyser.dev\/#organization\"},\"potentialAction\":[{\"@type\":\"SearchAction\",\"target\":{\"@type\":\"EntryPoint\",\"urlTemplate\":\"https:\/\/kuken.alfadyser.dev\/?s={search_term_string}\"},\"query-input\":{\"@type\":\"PropertyValueSpecification\",\"valueRequired\":true,\"valueName\":\"search_term_string\"}}],\"inLanguage\":\"pt-PT\"},{\"@type\":\"Organization\",\"@id\":\"https:\/\/kuken.alfadyser.dev\/#organization\",\"name\":\"Alfa Dyser\",\"url\":\"https:\/\/kuken.alfadyser.dev\/\",\"logo\":{\"@type\":\"ImageObject\",\"inLanguage\":\"pt-PT\",\"@id\":\"https:\/\/kuken.alfadyser.dev\/#\/schema\/logo\/image\/\",\"url\":\"https:\/\/kuken.alfadyser.dev\/wp-content\/uploads\/2019\/04\/kuken-logo.png\",\"contentUrl\":\"https:\/\/kuken.alfadyser.dev\/wp-content\/uploads\/2019\/04\/kuken-logo.png\",\"width\":500,\"height\":191,\"caption\":\"Alfa Dyser\"},\"image\":{\"@id\":\"https:\/\/kuken.alfadyser.dev\/#\/schema\/logo\/image\/\"},\"sameAs\":[\"https:\/\/es-es.facebook.com\/alfadyser\/\",\"https:\/\/www.instagram.com\/kuken_appliances\/\"]}]}<\/script>\n<meta property=\"product:price:currency\" content=\"EUR\" \/>\n<meta property=\"og:availability\" content=\"instock\" \/>\n<meta property=\"product:availability\" content=\"instock\" \/>\n<meta property=\"product:retailer_item_id\" content=\"34387\" \/>\n<meta property=\"product:condition\" content=\"new\" \/>\n<!-- \/ Yoast SEO Premium plugin. -->","yoast_head_json":{"title":"CORTAPELO\/BARBA BATERIA 6 NIVELES KUKEN - K\u00fcken","description":"Cortapelo\/barba bater\u00eda 6 niveles K\u00dcKEN, precisi\u00f3n y potencia para mantener tu estilo en casa, con motor 6800\u202fRPM, LED y 90\u202fmin de autonom\u00eda.","robots":{"index":"noindex","follow":"follow","max-snippet":"max-snippet:-1","max-image-preview":"max-image-preview:large","max-video-preview":"max-video-preview:-1"},"og_locale":"pt_PT","og_type":"article","og_title":"CORTAPELO\/BARBA BATERIA 6 NIVELES KUKEN","og_description":"Cortapelo\/barba bater\u00eda 6 niveles K\u00dcKEN, precisi\u00f3n y potencia para mantener tu estilo en casa, con motor 6800\u202fRPM, LED y 90\u202fmin de autonom\u00eda.","og_url":"https:\/\/kuken.alfadyser.dev\/pt\/produto\/cortapelo-barba-bateria-5w-kuken\/","og_site_name":"K\u00fcken","article_publisher":"https:\/\/es-es.facebook.com\/alfadyser\/","article_modified_time":"2025-07-22T06:58:00+00:00","og_image":[{"width":2000,"height":2000,"url":"https:\/\/kuken.alfadyser.dev\/wp-content\/uploads\/8425160343873_01.jpg","type":"image\/jpeg"}],"twitter_card":"summary_large_image","twitter_misc":{"pre\u00e7o":"","Disponibilidade":"Em stock"},"schema":{"@context":"https:\/\/schema.org","@graph":[{"@type":"WebPage","@id":"https:\/\/kuken.alfadyser.dev\/producto\/cortapelo-barba-bateria-5w-kuken\/","url":"https:\/\/kuken.alfadyser.dev\/producto\/cortapelo-barba-bateria-5w-kuken\/","name":"CORTAPELO\/BARBA BATERIA 6 NIVELES KUKEN - K\u00fcken","isPartOf":{"@id":"https:\/\/kuken.alfadyser.dev\/#website"},"primaryImageOfPage":{"@id":"https:\/\/kuken.alfadyser.dev\/producto\/cortapelo-barba-bateria-5w-kuken\/#primaryimage"},"image":{"@id":"https:\/\/kuken.alfadyser.dev\/producto\/cortapelo-barba-bateria-5w-kuken\/#primaryimage"},"thumbnailUrl":"https:\/\/kuken.alfadyser.dev\/wp-content\/uploads\/8425160343873_01.jpg","datePublished":"2023-11-21T06:58:35+00:00","dateModified":"2025-07-22T06:58:00+00:00","description":"Cortapelo\/barba bater\u00eda 6 niveles K\u00dcKEN, precisi\u00f3n y potencia para mantener tu estilo en casa, con motor 6800\u202fRPM, LED y 90\u202fmin de autonom\u00eda.","breadcrumb":{"@id":"https:\/\/kuken.alfadyser.dev\/producto\/cortapelo-barba-bateria-5w-kuken\/#breadcrumb"},"inLanguage":"pt-PT","potentialAction":[{"@type":"ReadAction","target":["https:\/\/kuken.alfadyser.dev\/producto\/cortapelo-barba-bateria-5w-kuken\/"]}]},{"@type":"ImageObject","inLanguage":"pt-PT","@id":"https:\/\/kuken.alfadyser.dev\/producto\/cortapelo-barba-bateria-5w-kuken\/#primaryimage","url":"https:\/\/kuken.alfadyser.dev\/wp-content\/uploads\/8425160343873_01.jpg","contentUrl":"https:\/\/kuken.alfadyser.dev\/wp-content\/uploads\/8425160343873_01.jpg","width":2000,"height":2000},{"@type":"BreadcrumbList","@id":"https:\/\/kuken.alfadyser.dev\/producto\/cortapelo-barba-bateria-5w-kuken\/#breadcrumb","itemListElement":[{"@type":"ListItem","position":1,"name":"Portada","item":"https:\/\/kuken.alfadyser.dev\/"},{"@type":"ListItem","position":2,"name":"Productos","item":"https:\/\/kuken.alfadyser.dev\/productos\/"},{"@type":"ListItem","position":3,"name":"CORTAPELO\/BARBA BATERIA 6 NIVELES KUKEN"}]},{"@type":"WebSite","@id":"https:\/\/kuken.alfadyser.dev\/#website","url":"https:\/\/kuken.alfadyser.dev\/","name":"K\u00fcken","description":"Vasta gama de pequenos electrodom\u00e9sticos k\u00fcken","publisher":{"@id":"https:\/\/kuken.alfadyser.dev\/#organization"},"potentialAction":[{"@type":"SearchAction","target":{"@type":"EntryPoint","urlTemplate":"https:\/\/kuken.alfadyser.dev\/?s={search_term_string}"},"query-input":{"@type":"PropertyValueSpecification","valueRequired":true,"valueName":"search_term_string"}}],"inLanguage":"pt-PT"},{"@type":"Organization","@id":"https:\/\/kuken.alfadyser.dev\/#organization","name":"Alpha Dyser","url":"https:\/\/kuken.alfadyser.dev\/","logo":{"@type":"ImageObject","inLanguage":"pt-PT","@id":"https:\/\/kuken.alfadyser.dev\/#\/schema\/logo\/image\/","url":"https:\/\/kuken.alfadyser.dev\/wp-content\/uploads\/2019\/04\/kuken-logo.png","contentUrl":"https:\/\/kuken.alfadyser.dev\/wp-content\/uploads\/2019\/04\/kuken-logo.png","width":500,"height":191,"caption":"Alfa Dyser"},"image":{"@id":"https:\/\/kuken.alfadyser.dev\/#\/schema\/logo\/image\/"},"sameAs":["https:\/\/es-es.facebook.com\/alfadyser\/","https:\/\/www.instagram.com\/kuken_appliances\/"]}]},"product_price_currency":"EUR","og_availability":"instock","product_availability":"instock","product_retailer_item_id":"34387","product_condition":"new"},"_links":{"self":[{"href":"https:\/\/kuken.alfadyser.dev\/pt\/wp-json\/wp\/v2\/product\/10799","targetHints":{"allow":["GET"]}}],"collection":[{"href":"https:\/\/kuken.alfadyser.dev\/pt\/wp-json\/wp\/v2\/product"}],"about":[{"href":"https:\/\/kuken.alfadyser.dev\/pt\/wp-json\/wp\/v2\/types\/product"}],"wp:featuredmedia":[{"embeddable":true,"href":"https:\/\/kuken.alfadyser.dev\/pt\/wp-json\/wp\/v2\/media\/11100"}],"wp:attachment":[{"href":"https:\/\/kuken.alfadyser.dev\/pt\/wp-json\/wp\/v2\/media?parent=10799"}],"wp:term":[{"taxonomy":"product_brand","embeddable":true,"href":"https:\/\/kuken.alfadyser.dev\/pt\/wp-json\/wp\/v2\/product_brand?post=10799"},{"taxonomy":"product_cat","embeddable":true,"href":"https:\/\/kuken.alfadyser.dev\/pt\/wp-json\/wp\/v2\/product_cat?post=10799"},{"taxonomy":"product_tag","embeddable":true,"href":"https:\/\/kuken.alfadyser.dev\/pt\/wp-json\/wp\/v2\/product_tag?post=10799"}],"curies":[{"name":"wp","href":"https:\/\/api.w.org\/{rel}","templated":true}]}}