{"id":10794,"date":"2023-11-17T07:06:28","date_gmt":"2023-11-17T06:06:28","guid":{"rendered":"https:\/\/kuken.alfadyser.dev\/?post_type=product&#038;p=10794"},"modified":"2025-07-28T11:57:13","modified_gmt":"2025-07-28T09:57:13","slug":"pizza-pan-antiadherente-40x7cm-1500w-kuken","status":"publish","type":"product","link":"https:\/\/kuken.alfadyser.dev\/pt\/produto\/pizza-pan-antiadherente-40x7cm-1500w-kuken\/","title":{"rendered":"P\u00c3O DE PIZZA ANTIADERENTE 40X7CM 1500W K\u00dcKEN"},"content":{"rendered":"<p>PIZZA PAN ANTIADHERENTE<\/p>\n<ul>\n<li class=\"\" data-start=\"823\" data-end=\"896\">\n<p class=\"\" data-start=\"825\" data-end=\"896\">Potencia de 1500W, ideal para cocinar r\u00e1pido y de forma uniforme.<\/p>\n<\/li>\n<li class=\"\" data-start=\"897\" data-end=\"974\">\n<p class=\"\" data-start=\"899\" data-end=\"974\">Fabricada en aluminio con revestimiento Xylan, resistente y duradero.<\/p>\n<\/li>\n<li class=\"\" data-start=\"975\" data-end=\"1043\">\n<p class=\"\" data-start=\"977\" data-end=\"1043\">Superficie antiadherente, evita que los alimentos se peguen.<\/p>\n<\/li>\n<li class=\"\" data-start=\"1044\" data-end=\"1121\">\n<p class=\"\" data-start=\"1046\" data-end=\"1121\">Di\u00e1metro de 40\u202fcm y altura de 7\u202fcm, perfecta para pizzas grandes.<\/p>\n<\/li>\n<li class=\"\" data-start=\"1122\" data-end=\"1190\">\n<p class=\"\" data-start=\"1124\" data-end=\"1190\">Voltaje de entrada: 220\u2013240V, compatible con tomas est\u00e1ndar.<\/p>\n<\/li>\n<li class=\"\" data-start=\"1191\" data-end=\"1270\">\n<p class=\"\" data-start=\"1193\" data-end=\"1270\">Tapa de cristal con v\u00e1lvula de seguridad, conserva el calor y el sabor.<\/p>\n<\/li>\n<li class=\"\" data-start=\"1271\" data-end=\"1333\">\n<p class=\"\" data-start=\"1273\" data-end=\"1333\">Asa superior en la tapa, f\u00e1cil de levantar sin riesgo.<\/p>\n<\/li>\n<li class=\"\" data-start=\"1334\" data-end=\"1419\">\n<p class=\"\" data-start=\"1336\" data-end=\"1419\">Termostato regulable y desmontable, para control preciso y limpieza sencilla.<\/p>\n<\/li>\n<li class=\"\" data-start=\"1420\" data-end=\"1494\">\n<p class=\"\" data-start=\"1422\" data-end=\"1494\">Ideal para fre\u00edr, guisar, asar, hacer paellas, tortillas y pizzas.<\/p>\n<\/li>\n<\/ul>\n<p><div class=\"accordion\"><div class=\"mfn-acc accordion_wrapper  toggle\"><div class=\"question\"><div class=\"title\"><i class=\"icon-plus acc-icon-plus\" aria-hidden=\"true\"><\/i><i class=\"icon-minus acc-icon-minus\" aria-hidden=\"true\"><\/i>Dados do produto<\/div><div class=\"answer\">EAN 8425160343859<\/p>\n<p>PIZZA PAN ANTIADHERENTE<\/p>\n<p>Unidade de embalagem 1<br \/>\nCor preta<br \/>\nEmbalagem Cor da caixa<br \/>\nPot\u00eancia 1500 W<br \/>\nTens\u00e3o 230 V<br \/>\nTamanho grande<br \/>\nMaterial\u00a0Aluminio Xylan.<br \/>\nP\u00e9s antiderrapantes Sim<br \/>\nDimensiones \u00d8 400 mm x altura 70 mm.<br \/>\nPeso 2,9 kg.<br \/>\n<\/div><\/div>\n<\/div><\/div>\n<br \/>\n<div class=\"accordion\"><div class=\"mfn-acc accordion_wrapper  toggle\"><div class=\"question\"><div class=\"title\"><i class=\"icon-plus acc-icon-plus\" aria-hidden=\"true\"><\/i><i class=\"icon-minus acc-icon-minus\" aria-hidden=\"true\"><\/i>Acess\u00f3rios<\/div><div class=\"answer\"><\/div><\/div>\n<\/div><\/div>\n<\/p>\n<div class=\"descargas-producto\"><a href=\"https:\/\/kuken.alfadyser.dev\/wp-content\/uploads\/8425160343859_ficha_tecnica.pdf\" target=\"_blank\" rel=\"noopener noreferrer\"><br \/>\n<img loading=\"lazy\" decoding=\"async\" src=\"\/wp-content\/uploads\/2019\/12\/picto-descarrega.png\" alt=\"descarregar ficha de dados\" width=\"23\" height=\"16\" \/>Descarregar ficha<\/a><a href=\"https:\/\/kuken.alfadyser.dev\/wp-content\/uploads\/34385_instrucciones_compressed-1.pdf\" target=\"_blank\" rel=\"noopener noreferrer\" data-wp-editing=\"1\"><br \/>\n<img loading=\"lazy\" decoding=\"async\" src=\"\/wp-content\/uploads\/2019\/12\/picto-descarrega.png\" alt=\"descarregar manual de instru\u00e7\u00f5es\" width=\"23\" height=\"16\" \/>Descarregar o manual<\/a><\/div>\n<div><\/div>\n<div><span style=\"color: #bf2121\">Siga-nos nas redes sociais!<\/span><\/div>\n<div><a href=\"https:\/\/www.instagram.com\/kuken_appliances\/\">https:\/\/www.instagram.com\/kuken_appliances\/<\/a><\/div>\n<div><\/div>\n<div><\/div>\n<p><iframe loading=\"lazy\" title=\"Pizza pan antiadherente 40x7cm 1500w Kuken\" width=\"560\" height=\"315\" src=\"https:\/\/www.youtube.com\/embed\/iu9NbM6NlhA?feature=oembed\" frameborder=\"0\" allow=\"accelerometer; autoplay; clipboard-write; encrypted-media; gyroscope; picture-in-picture; web-share\" referrerpolicy=\"strict-origin-when-cross-origin\" allowfullscreen><\/iframe><\/p>","protected":false},"excerpt":{"rendered":"<p class=\"\" data-start=\"598\" data-end=\"752\">Cocina m\u00e1s que pizza. Con tapa de cristal, termostato regulable y superficie antiadherente, esta sart\u00e9n el\u00e9ctrica es vers\u00e1til, potente y f\u00e1cil de limpiar.<\/p>","protected":false},"featured_media":10992,"template":"","meta":[],"product_brand":[],"product_cat":[235],"product_tag":[],"class_list":{"0":"post-10794","1":"product","2":"type-product","3":"status-publish","4":"has-post-thumbnail","6":"product_cat-vaporeras-arroceras-pizzapanes","8":"first","9":"instock","10":"product-type-simple"},"yoast_head":"<!-- This site is optimized with the Yoast SEO Premium plugin v24.0 (Yoast SEO v26.5) - https:\/\/yoast.com\/wordpress\/plugins\/seo\/ -->\n<title>PIZZA PAN ANTIADHERENTE 40X7CM 1500W K\u00dcKEN - K\u00fcken<\/title>\n<meta name=\"description\" content=\"Nueva y exclusiva pizza pan antiadherente k\u00fcken. Complemento ideal para tu cocina o camping, podr\u00e1s hacer pizzas, paellas... r\u00e1pido y f\u00e1cil.\" \/>\n<meta name=\"robots\" content=\"noindex, follow, max-snippet:-1, max-image-preview:large, max-video-preview:-1\" \/>\n<meta property=\"og:locale\" content=\"pt_PT\" \/>\n<meta property=\"og:type\" content=\"article\" \/>\n<meta property=\"og:title\" content=\"PIZZA PAN ANTIADHERENTE 40X7CM 1500W K\u00dcKEN\" \/>\n<meta property=\"og:description\" content=\"Nueva y exclusiva pizza pan antiadherente k\u00fcken. Complemento ideal para tu cocina o camping, podr\u00e1s hacer pizzas, paellas... r\u00e1pido y f\u00e1cil.\" \/>\n<meta property=\"og:url\" content=\"https:\/\/kuken.alfadyser.dev\/pt\/produto\/pizza-pan-antiadherente-40x7cm-1500w-kuken\/\" \/>\n<meta property=\"og:site_name\" content=\"K\u00fcken\" \/>\n<meta property=\"article:publisher\" content=\"https:\/\/es-es.facebook.com\/alfadyser\/\" \/>\n<meta property=\"article:modified_time\" content=\"2025-07-28T09:57:13+00:00\" \/>\n<meta property=\"og:image\" content=\"https:\/\/kuken.alfadyser.dev\/wp-content\/uploads\/8425160343859_01.jpg\" \/>\n\t<meta property=\"og:image:width\" content=\"2000\" \/>\n\t<meta property=\"og:image:height\" content=\"2000\" \/>\n\t<meta property=\"og:image:type\" content=\"image\/jpeg\" \/>\n<meta name=\"twitter:card\" content=\"summary_large_image\" \/>\n<meta name=\"twitter:label1\" content=\"pre\u00e7o\" \/>\n\t<meta name=\"twitter:data1\" content=\"\" \/>\n\t<meta name=\"twitter:label2\" content=\"Disponibilidade\" \/>\n\t<meta name=\"twitter:data2\" content=\"Em stock\" \/>\n<script type=\"application\/ld+json\" class=\"yoast-schema-graph\">{\"@context\":\"https:\/\/schema.org\",\"@graph\":[{\"@type\":\"WebPage\",\"@id\":\"https:\/\/kuken.alfadyser.dev\/producto\/pizza-pan-antiadherente-40x7cm-1500w-kuken\/\",\"url\":\"https:\/\/kuken.alfadyser.dev\/producto\/pizza-pan-antiadherente-40x7cm-1500w-kuken\/\",\"name\":\"PIZZA PAN ANTIADHERENTE 40X7CM 1500W K\u00dcKEN - K\u00fcken\",\"isPartOf\":{\"@id\":\"https:\/\/kuken.alfadyser.dev\/#website\"},\"primaryImageOfPage\":{\"@id\":\"https:\/\/kuken.alfadyser.dev\/producto\/pizza-pan-antiadherente-40x7cm-1500w-kuken\/#primaryimage\"},\"image\":{\"@id\":\"https:\/\/kuken.alfadyser.dev\/producto\/pizza-pan-antiadherente-40x7cm-1500w-kuken\/#primaryimage\"},\"thumbnailUrl\":\"https:\/\/kuken.alfadyser.dev\/wp-content\/uploads\/8425160343859_01.jpg\",\"datePublished\":\"2023-11-17T06:06:28+00:00\",\"dateModified\":\"2025-07-28T09:57:13+00:00\",\"description\":\"Nueva y exclusiva pizza pan antiadherente k\u00fcken. Complemento ideal para tu cocina o camping, podr\u00e1s hacer pizzas, paellas... r\u00e1pido y f\u00e1cil.\",\"breadcrumb\":{\"@id\":\"https:\/\/kuken.alfadyser.dev\/producto\/pizza-pan-antiadherente-40x7cm-1500w-kuken\/#breadcrumb\"},\"inLanguage\":\"pt-PT\",\"potentialAction\":[{\"@type\":\"ReadAction\",\"target\":[\"https:\/\/kuken.alfadyser.dev\/producto\/pizza-pan-antiadherente-40x7cm-1500w-kuken\/\"]}]},{\"@type\":\"ImageObject\",\"inLanguage\":\"pt-PT\",\"@id\":\"https:\/\/kuken.alfadyser.dev\/producto\/pizza-pan-antiadherente-40x7cm-1500w-kuken\/#primaryimage\",\"url\":\"https:\/\/kuken.alfadyser.dev\/wp-content\/uploads\/8425160343859_01.jpg\",\"contentUrl\":\"https:\/\/kuken.alfadyser.dev\/wp-content\/uploads\/8425160343859_01.jpg\",\"width\":2000,\"height\":2000},{\"@type\":\"BreadcrumbList\",\"@id\":\"https:\/\/kuken.alfadyser.dev\/producto\/pizza-pan-antiadherente-40x7cm-1500w-kuken\/#breadcrumb\",\"itemListElement\":[{\"@type\":\"ListItem\",\"position\":1,\"name\":\"Portada\",\"item\":\"https:\/\/kuken.alfadyser.dev\/\"},{\"@type\":\"ListItem\",\"position\":2,\"name\":\"Productos\",\"item\":\"https:\/\/kuken.alfadyser.dev\/productos\/\"},{\"@type\":\"ListItem\",\"position\":3,\"name\":\"PIZZA PAN ANTIADHERENTE 40X7CM 1500W K\u00dcKEN\"}]},{\"@type\":\"WebSite\",\"@id\":\"https:\/\/kuken.alfadyser.dev\/#website\",\"url\":\"https:\/\/kuken.alfadyser.dev\/\",\"name\":\"K\u00fcken\",\"description\":\"Amplia gama de peque\u00f1o electrodom\u00e9stico k\u00fcken\",\"publisher\":{\"@id\":\"https:\/\/kuken.alfadyser.dev\/#organization\"},\"potentialAction\":[{\"@type\":\"SearchAction\",\"target\":{\"@type\":\"EntryPoint\",\"urlTemplate\":\"https:\/\/kuken.alfadyser.dev\/?s={search_term_string}\"},\"query-input\":{\"@type\":\"PropertyValueSpecification\",\"valueRequired\":true,\"valueName\":\"search_term_string\"}}],\"inLanguage\":\"pt-PT\"},{\"@type\":\"Organization\",\"@id\":\"https:\/\/kuken.alfadyser.dev\/#organization\",\"name\":\"Alfa Dyser\",\"url\":\"https:\/\/kuken.alfadyser.dev\/\",\"logo\":{\"@type\":\"ImageObject\",\"inLanguage\":\"pt-PT\",\"@id\":\"https:\/\/kuken.alfadyser.dev\/#\/schema\/logo\/image\/\",\"url\":\"https:\/\/kuken.alfadyser.dev\/wp-content\/uploads\/2019\/04\/kuken-logo.png\",\"contentUrl\":\"https:\/\/kuken.alfadyser.dev\/wp-content\/uploads\/2019\/04\/kuken-logo.png\",\"width\":500,\"height\":191,\"caption\":\"Alfa Dyser\"},\"image\":{\"@id\":\"https:\/\/kuken.alfadyser.dev\/#\/schema\/logo\/image\/\"},\"sameAs\":[\"https:\/\/es-es.facebook.com\/alfadyser\/\",\"https:\/\/www.instagram.com\/kuken_appliances\/\"]}]}<\/script>\n<meta property=\"product:price:currency\" content=\"EUR\" \/>\n<meta property=\"og:availability\" content=\"instock\" \/>\n<meta property=\"product:availability\" content=\"instock\" \/>\n<meta property=\"product:retailer_item_id\" content=\"34385\" \/>\n<meta property=\"product:condition\" content=\"new\" \/>\n<!-- \/ Yoast SEO Premium plugin. -->","yoast_head_json":{"title":"PIZZA PAN ANTIADHERENTE 40X7CM 1500W K\u00dcKEN - K\u00fcken","description":"Nueva y exclusiva pizza pan antiadherente k\u00fcken. Complemento ideal para tu cocina o camping, podr\u00e1s hacer pizzas, paellas... r\u00e1pido y f\u00e1cil.","robots":{"index":"noindex","follow":"follow","max-snippet":"max-snippet:-1","max-image-preview":"max-image-preview:large","max-video-preview":"max-video-preview:-1"},"og_locale":"pt_PT","og_type":"article","og_title":"PIZZA PAN ANTIADHERENTE 40X7CM 1500W K\u00dcKEN","og_description":"Nueva y exclusiva pizza pan antiadherente k\u00fcken. Complemento ideal para tu cocina o camping, podr\u00e1s hacer pizzas, paellas... r\u00e1pido y f\u00e1cil.","og_url":"https:\/\/kuken.alfadyser.dev\/pt\/produto\/pizza-pan-antiadherente-40x7cm-1500w-kuken\/","og_site_name":"K\u00fcken","article_publisher":"https:\/\/es-es.facebook.com\/alfadyser\/","article_modified_time":"2025-07-28T09:57:13+00:00","og_image":[{"width":2000,"height":2000,"url":"https:\/\/kuken.alfadyser.dev\/wp-content\/uploads\/8425160343859_01.jpg","type":"image\/jpeg"}],"twitter_card":"summary_large_image","twitter_misc":{"pre\u00e7o":"","Disponibilidade":"Em stock"},"schema":{"@context":"https:\/\/schema.org","@graph":[{"@type":"WebPage","@id":"https:\/\/kuken.alfadyser.dev\/producto\/pizza-pan-antiadherente-40x7cm-1500w-kuken\/","url":"https:\/\/kuken.alfadyser.dev\/producto\/pizza-pan-antiadherente-40x7cm-1500w-kuken\/","name":"PIZZA PAN ANTIADHERENTE 40X7CM 1500W K\u00dcKEN - K\u00fcken","isPartOf":{"@id":"https:\/\/kuken.alfadyser.dev\/#website"},"primaryImageOfPage":{"@id":"https:\/\/kuken.alfadyser.dev\/producto\/pizza-pan-antiadherente-40x7cm-1500w-kuken\/#primaryimage"},"image":{"@id":"https:\/\/kuken.alfadyser.dev\/producto\/pizza-pan-antiadherente-40x7cm-1500w-kuken\/#primaryimage"},"thumbnailUrl":"https:\/\/kuken.alfadyser.dev\/wp-content\/uploads\/8425160343859_01.jpg","datePublished":"2023-11-17T06:06:28+00:00","dateModified":"2025-07-28T09:57:13+00:00","description":"Nueva y exclusiva pizza pan antiadherente k\u00fcken. Complemento ideal para tu cocina o camping, podr\u00e1s hacer pizzas, paellas... r\u00e1pido y f\u00e1cil.","breadcrumb":{"@id":"https:\/\/kuken.alfadyser.dev\/producto\/pizza-pan-antiadherente-40x7cm-1500w-kuken\/#breadcrumb"},"inLanguage":"pt-PT","potentialAction":[{"@type":"ReadAction","target":["https:\/\/kuken.alfadyser.dev\/producto\/pizza-pan-antiadherente-40x7cm-1500w-kuken\/"]}]},{"@type":"ImageObject","inLanguage":"pt-PT","@id":"https:\/\/kuken.alfadyser.dev\/producto\/pizza-pan-antiadherente-40x7cm-1500w-kuken\/#primaryimage","url":"https:\/\/kuken.alfadyser.dev\/wp-content\/uploads\/8425160343859_01.jpg","contentUrl":"https:\/\/kuken.alfadyser.dev\/wp-content\/uploads\/8425160343859_01.jpg","width":2000,"height":2000},{"@type":"BreadcrumbList","@id":"https:\/\/kuken.alfadyser.dev\/producto\/pizza-pan-antiadherente-40x7cm-1500w-kuken\/#breadcrumb","itemListElement":[{"@type":"ListItem","position":1,"name":"Portada","item":"https:\/\/kuken.alfadyser.dev\/"},{"@type":"ListItem","position":2,"name":"Productos","item":"https:\/\/kuken.alfadyser.dev\/productos\/"},{"@type":"ListItem","position":3,"name":"PIZZA PAN ANTIADHERENTE 40X7CM 1500W K\u00dcKEN"}]},{"@type":"WebSite","@id":"https:\/\/kuken.alfadyser.dev\/#website","url":"https:\/\/kuken.alfadyser.dev\/","name":"K\u00fcken","description":"Vasta gama de pequenos electrodom\u00e9sticos k\u00fcken","publisher":{"@id":"https:\/\/kuken.alfadyser.dev\/#organization"},"potentialAction":[{"@type":"SearchAction","target":{"@type":"EntryPoint","urlTemplate":"https:\/\/kuken.alfadyser.dev\/?s={search_term_string}"},"query-input":{"@type":"PropertyValueSpecification","valueRequired":true,"valueName":"search_term_string"}}],"inLanguage":"pt-PT"},{"@type":"Organization","@id":"https:\/\/kuken.alfadyser.dev\/#organization","name":"Alpha Dyser","url":"https:\/\/kuken.alfadyser.dev\/","logo":{"@type":"ImageObject","inLanguage":"pt-PT","@id":"https:\/\/kuken.alfadyser.dev\/#\/schema\/logo\/image\/","url":"https:\/\/kuken.alfadyser.dev\/wp-content\/uploads\/2019\/04\/kuken-logo.png","contentUrl":"https:\/\/kuken.alfadyser.dev\/wp-content\/uploads\/2019\/04\/kuken-logo.png","width":500,"height":191,"caption":"Alfa Dyser"},"image":{"@id":"https:\/\/kuken.alfadyser.dev\/#\/schema\/logo\/image\/"},"sameAs":["https:\/\/es-es.facebook.com\/alfadyser\/","https:\/\/www.instagram.com\/kuken_appliances\/"]}]},"product_price_currency":"EUR","og_availability":"instock","product_availability":"instock","product_retailer_item_id":"34385","product_condition":"new"},"_links":{"self":[{"href":"https:\/\/kuken.alfadyser.dev\/pt\/wp-json\/wp\/v2\/product\/10794","targetHints":{"allow":["GET"]}}],"collection":[{"href":"https:\/\/kuken.alfadyser.dev\/pt\/wp-json\/wp\/v2\/product"}],"about":[{"href":"https:\/\/kuken.alfadyser.dev\/pt\/wp-json\/wp\/v2\/types\/product"}],"wp:featuredmedia":[{"embeddable":true,"href":"https:\/\/kuken.alfadyser.dev\/pt\/wp-json\/wp\/v2\/media\/10992"}],"wp:attachment":[{"href":"https:\/\/kuken.alfadyser.dev\/pt\/wp-json\/wp\/v2\/media?parent=10794"}],"wp:term":[{"taxonomy":"product_brand","embeddable":true,"href":"https:\/\/kuken.alfadyser.dev\/pt\/wp-json\/wp\/v2\/product_brand?post=10794"},{"taxonomy":"product_cat","embeddable":true,"href":"https:\/\/kuken.alfadyser.dev\/pt\/wp-json\/wp\/v2\/product_cat?post=10794"},{"taxonomy":"product_tag","embeddable":true,"href":"https:\/\/kuken.alfadyser.dev\/pt\/wp-json\/wp\/v2\/product_tag?post=10794"}],"curies":[{"name":"wp","href":"https:\/\/api.w.org\/{rel}","templated":true}]}}