{"id":10595,"date":"2023-09-12T12:15:48","date_gmt":"2023-09-12T10:15:48","guid":{"rendered":"https:\/\/kuken.alfadyser.dev\/?post_type=product&#038;p=10595"},"modified":"2025-07-22T09:41:38","modified_gmt":"2025-07-22T07:41:38","slug":"radiador-mica-blanco-2000w","status":"publish","type":"product","link":"https:\/\/kuken.alfadyser.dev\/pt\/produto\/radiador-mica-blanco-2000w\/","title":{"rendered":"RADIADOR DE MICA BRANCO 2000W"},"content":{"rendered":"<p>RADIADOR DE MICA BRANCO 2000W<\/p>\n<ul data-start=\"840\" data-end=\"1612\">\n<li class=\"\" data-start=\"840\" data-end=\"895\">\n<p class=\"\" data-start=\"842\" data-end=\"895\">Potencia regulable en 2 niveles: 1000W y 2000W.<\/p>\n<\/li>\n<li class=\"\" data-start=\"896\" data-end=\"966\">\n<p class=\"\" data-start=\"898\" data-end=\"966\">Termostato ajustable, adapta la temperatura a tus necesidades.<\/p>\n<\/li>\n<li class=\"\" data-start=\"967\" data-end=\"1043\">\n<p class=\"\" data-start=\"969\" data-end=\"1043\">Funcionamiento totalmente silencioso, ideal para descanso o trabajo.<\/p>\n<\/li>\n<li class=\"\" data-start=\"1044\" data-end=\"1115\">\n<p class=\"\" data-start=\"1046\" data-end=\"1115\">Calor inmediato y homog\u00e9neo, sin necesidad de precalentamiento.<\/p>\n<\/li>\n<li class=\"\" data-start=\"1116\" data-end=\"1189\">\n<p class=\"\" data-start=\"1118\" data-end=\"1189\">Sistema de protecci\u00f3n contra sobrecalentamiento, mayor seguridad.<\/p>\n<\/li>\n<li class=\"\" data-start=\"1190\" data-end=\"1261\">\n<p class=\"\" data-start=\"1192\" data-end=\"1261\">Sensor antivuelco, apaga el radiador autom\u00e1ticamente si se cae.<\/p>\n<\/li>\n<li class=\"\" data-start=\"1262\" data-end=\"1329\">\n<p class=\"\" data-start=\"1264\" data-end=\"1329\">4 ruedas de nylon, facilitan su desplazamiento por la casa.<\/p>\n<\/li>\n<li class=\"\" data-start=\"1330\" data-end=\"1399\">\n<p class=\"\" data-start=\"1332\" data-end=\"1399\">Indicador luminoso rojo, muestra el estado de funcionamiento.<\/p>\n<\/li>\n<li class=\"\" data-start=\"1400\" data-end=\"1480\">\n<p class=\"\" data-start=\"1402\" data-end=\"1480\">No consume ox\u00edgeno ni reseca el ambiente, ideal para uso prolongado.<\/p>\n<\/li>\n<li class=\"\" data-start=\"1481\" data-end=\"1554\">\n<p class=\"\" data-start=\"1483\" data-end=\"1554\">Ahorro energ\u00e9tico de hasta un 30\u202f%, eficiencia con menor consumo.<\/p>\n<\/li>\n<li class=\"\" data-start=\"1555\" data-end=\"1612\">\n<p class=\"\" data-start=\"1557\" data-end=\"1612\">Calienta eficazmente habitaciones de hasta 15\u202fm\u00b2.<\/p>\n<\/li>\n<\/ul>\n<div class=\"accordion\"><div class=\"mfn-acc accordion_wrapper  toggle\"><br \/>\n<div class=\"question\"><div class=\"title\"><i class=\"icon-plus acc-icon-plus\" aria-hidden=\"true\"><\/i><i class=\"icon-minus acc-icon-minus\" aria-hidden=\"true\"><\/i>Dados do produto<\/div><div class=\"answer\"><\/p>\n<p><span class=\"label\">RADIADOR DE MICA BRANCO 2000W<\/span><\/p>\n<p><span class=\"label\">EAN<\/span> <span class=\"data\">8425160375973<\/span><br \/>\n<span class=\"label\">Unidades<\/span> <span class=\"data\">1<\/span><br \/>\n<span class=\"label\">Cor<\/span> <span class=\"data\">Blanco<\/span><br \/>\n<span class=\"label\">Envase<\/span> <span class=\"data\">Caja de color<\/span><br \/>\n<span class=\"label\">Pot\u00eancia<\/span> <span class=\"data\">2000W<\/span><br \/>\n<span class=\"label\">Tens\u00e3o<\/span> <span class=\"data\">230V<\/span><br \/>\n<span class=\"label\">Tama\u00f1o<\/span> <span class=\"data\">ancho x alto x fondo: 69 x 54 x 27 cm.<\/span><br \/>\n<span class=\"label\">Material<\/span> <span class=\"data\">PP y Metal<\/span><br \/>\n<span class=\"label\">Peso<\/span> <span class=\"data\">4,8 kg<\/span><br \/>\n<\/div><\/div>\n<br \/>\n<\/div><\/div>\n\n<div class=\"accordion\"><div class=\"mfn-acc accordion_wrapper  toggle\"><br \/>\n<div class=\"question\"><div class=\"title\"><i class=\"icon-plus acc-icon-plus\" aria-hidden=\"true\"><\/i><i class=\"icon-minus acc-icon-minus\" aria-hidden=\"true\"><\/i>Acess\u00f3rios<\/div><div class=\"answer\"><br \/>\n<span class=\"label\">Acess\u00f3rios<\/span> <span class=\"data\">9<\/span><br \/>\n<\/div><\/div>\n<br \/>\n<\/div><\/div>\n\n<div class=\"descargas-producto\"><img loading=\"lazy\" decoding=\"async\" src=\"\/wp-content\/uploads\/2019\/12\/picto-descarrega.png\" alt=\"descarregar ficha de dados\" width=\"23\" height=\"16\" \/><a href=\"\/wp-content\/uploads\/pdf\/8425160340353_ficha_tecnica.pdf\" target=\"_blank\" rel=\"noopener noreferrer\">Descarregar ficha<\/a><br \/>\n<img loading=\"lazy\" decoding=\"async\" src=\"\/wp-content\/uploads\/2019\/12\/picto-descarrega.png\" alt=\"descarregar manual de instru\u00e7\u00f5es\" width=\"23\" height=\"16\" \/><a href=\"\/wp-content\/uploads\/pdf\/8425160340353_manual.pdf\" target=\"_blank\" rel=\"noopener noreferrer\">Descarregar o manual<\/a><\/div>\n<div><span style=\"color: #bf2121\">Siga-nos nas redes sociais!<\/span><\/div>\n<div><a href=\"https:\/\/www.instagram.com\/kuken_appliances\/\">https:\/\/www.instagram.com\/kuken_appliances\/<\/a><\/div>\n<p><iframe loading=\"lazy\" title=\"Radiador mica blanco k\u00fcken 2000w\" width=\"560\" height=\"315\" src=\"https:\/\/www.youtube.com\/embed\/Hk_Thoxnm50?feature=oembed\" frameborder=\"0\" allow=\"accelerometer; autoplay; clipboard-write; encrypted-media; gyroscope; picture-in-picture; web-share\" referrerpolicy=\"strict-origin-when-cross-origin\" allowfullscreen><\/iframe><\/p>","protected":false},"excerpt":{"rendered":"<p class=\"\" data-start=\"610\" data-end=\"769\">Calor instant\u00e1neo sin ruidos ni resecar el ambiente. Este radiador ofrece seguridad, eficiencia y movilidad para calentar estancias de hasta 15\u202fm\u00b2 c\u00f3modamente.<\/p>","protected":false},"featured_media":10596,"template":"","meta":[],"product_brand":[],"product_cat":[227],"product_tag":[],"class_list":{"0":"post-10595","1":"product","2":"type-product","3":"status-publish","4":"has-post-thumbnail","6":"product_cat-radiadores","8":"first","9":"instock","10":"shipping-taxable","11":"product-type-simple"},"yoast_head":"<!-- This site is optimized with the Yoast SEO Premium plugin v24.0 (Yoast SEO v26.5) - https:\/\/yoast.com\/wordpress\/plugins\/seo\/ -->\n<title>RADIADOR MICA BLANCO 2000W - K\u00fcken<\/title>\n<meta name=\"description\" content=\"Radiador el\u00e9ctrico K\u00fcken blanco con tecnolog\u00eda eficiente MICA. 2 potencias: 1000W\/2000W, calor inmediato y no reseca el ambiente. Visita kuken.es\" \/>\n<meta name=\"robots\" content=\"noindex, follow, max-snippet:-1, max-image-preview:large, max-video-preview:-1\" \/>\n<meta property=\"og:locale\" content=\"pt_PT\" \/>\n<meta property=\"og:type\" content=\"article\" \/>\n<meta property=\"og:title\" content=\"RADIADOR MICA BLANCO 2000W\" \/>\n<meta property=\"og:description\" content=\"Radiador el\u00e9ctrico K\u00fcken blanco con tecnolog\u00eda eficiente MICA. 2 potencias: 1000W\/2000W, calor inmediato y no reseca el ambiente. Visita kuken.es\" \/>\n<meta property=\"og:url\" content=\"https:\/\/kuken.alfadyser.dev\/pt\/produto\/radiador-mica-blanco-2000w\/\" \/>\n<meta property=\"og:site_name\" content=\"K\u00fcken\" \/>\n<meta property=\"article:publisher\" content=\"https:\/\/es-es.facebook.com\/alfadyser\/\" \/>\n<meta property=\"article:modified_time\" content=\"2025-07-22T07:41:38+00:00\" \/>\n<meta property=\"og:image\" content=\"https:\/\/kuken.alfadyser.dev\/wp-content\/uploads\/8425160375973_01.jpg\" \/>\n\t<meta property=\"og:image:width\" content=\"2000\" \/>\n\t<meta property=\"og:image:height\" content=\"2000\" \/>\n\t<meta property=\"og:image:type\" content=\"image\/jpeg\" \/>\n<meta name=\"twitter:card\" content=\"summary_large_image\" \/>\n<meta name=\"twitter:label1\" content=\"pre\u00e7o\" \/>\n\t<meta name=\"twitter:data1\" content=\"\" \/>\n\t<meta name=\"twitter:label2\" content=\"Disponibilidade\" \/>\n\t<meta name=\"twitter:data2\" content=\"Em stock\" \/>\n<script type=\"application\/ld+json\" class=\"yoast-schema-graph\">{\"@context\":\"https:\/\/schema.org\",\"@graph\":[{\"@type\":\"WebPage\",\"@id\":\"https:\/\/kuken.alfadyser.dev\/producto\/radiador-mica-blanco-2000w\/\",\"url\":\"https:\/\/kuken.alfadyser.dev\/producto\/radiador-mica-blanco-2000w\/\",\"name\":\"RADIADOR MICA BLANCO 2000W - K\u00fcken\",\"isPartOf\":{\"@id\":\"https:\/\/kuken.alfadyser.dev\/#website\"},\"primaryImageOfPage\":{\"@id\":\"https:\/\/kuken.alfadyser.dev\/producto\/radiador-mica-blanco-2000w\/#primaryimage\"},\"image\":{\"@id\":\"https:\/\/kuken.alfadyser.dev\/producto\/radiador-mica-blanco-2000w\/#primaryimage\"},\"thumbnailUrl\":\"https:\/\/kuken.alfadyser.dev\/wp-content\/uploads\/8425160375973_01.jpg\",\"datePublished\":\"2023-09-12T10:15:48+00:00\",\"dateModified\":\"2025-07-22T07:41:38+00:00\",\"description\":\"Radiador el\u00e9ctrico K\u00fcken blanco con tecnolog\u00eda eficiente MICA. 2 potencias: 1000W\/2000W, calor inmediato y no reseca el ambiente. Visita kuken.es\",\"breadcrumb\":{\"@id\":\"https:\/\/kuken.alfadyser.dev\/producto\/radiador-mica-blanco-2000w\/#breadcrumb\"},\"inLanguage\":\"pt-PT\",\"potentialAction\":[{\"@type\":\"ReadAction\",\"target\":[\"https:\/\/kuken.alfadyser.dev\/producto\/radiador-mica-blanco-2000w\/\"]}]},{\"@type\":\"ImageObject\",\"inLanguage\":\"pt-PT\",\"@id\":\"https:\/\/kuken.alfadyser.dev\/producto\/radiador-mica-blanco-2000w\/#primaryimage\",\"url\":\"https:\/\/kuken.alfadyser.dev\/wp-content\/uploads\/8425160375973_01.jpg\",\"contentUrl\":\"https:\/\/kuken.alfadyser.dev\/wp-content\/uploads\/8425160375973_01.jpg\",\"width\":2000,\"height\":2000},{\"@type\":\"BreadcrumbList\",\"@id\":\"https:\/\/kuken.alfadyser.dev\/producto\/radiador-mica-blanco-2000w\/#breadcrumb\",\"itemListElement\":[{\"@type\":\"ListItem\",\"position\":1,\"name\":\"Portada\",\"item\":\"https:\/\/kuken.alfadyser.dev\/\"},{\"@type\":\"ListItem\",\"position\":2,\"name\":\"Productos\",\"item\":\"https:\/\/kuken.alfadyser.dev\/productos\/\"},{\"@type\":\"ListItem\",\"position\":3,\"name\":\"RADIADOR MICA BLANCO 2000W\"}]},{\"@type\":\"WebSite\",\"@id\":\"https:\/\/kuken.alfadyser.dev\/#website\",\"url\":\"https:\/\/kuken.alfadyser.dev\/\",\"name\":\"K\u00fcken\",\"description\":\"Amplia gama de peque\u00f1o electrodom\u00e9stico k\u00fcken\",\"publisher\":{\"@id\":\"https:\/\/kuken.alfadyser.dev\/#organization\"},\"potentialAction\":[{\"@type\":\"SearchAction\",\"target\":{\"@type\":\"EntryPoint\",\"urlTemplate\":\"https:\/\/kuken.alfadyser.dev\/?s={search_term_string}\"},\"query-input\":{\"@type\":\"PropertyValueSpecification\",\"valueRequired\":true,\"valueName\":\"search_term_string\"}}],\"inLanguage\":\"pt-PT\"},{\"@type\":\"Organization\",\"@id\":\"https:\/\/kuken.alfadyser.dev\/#organization\",\"name\":\"Alfa Dyser\",\"url\":\"https:\/\/kuken.alfadyser.dev\/\",\"logo\":{\"@type\":\"ImageObject\",\"inLanguage\":\"pt-PT\",\"@id\":\"https:\/\/kuken.alfadyser.dev\/#\/schema\/logo\/image\/\",\"url\":\"https:\/\/kuken.alfadyser.dev\/wp-content\/uploads\/2019\/04\/kuken-logo.png\",\"contentUrl\":\"https:\/\/kuken.alfadyser.dev\/wp-content\/uploads\/2019\/04\/kuken-logo.png\",\"width\":500,\"height\":191,\"caption\":\"Alfa Dyser\"},\"image\":{\"@id\":\"https:\/\/kuken.alfadyser.dev\/#\/schema\/logo\/image\/\"},\"sameAs\":[\"https:\/\/es-es.facebook.com\/alfadyser\/\",\"https:\/\/www.instagram.com\/kuken_appliances\/\"]}]}<\/script>\n<meta property=\"product:price:currency\" content=\"EUR\" \/>\n<meta property=\"og:availability\" content=\"instock\" \/>\n<meta property=\"product:availability\" content=\"instock\" \/>\n<meta property=\"product:retailer_item_id\" content=\"37597\" \/>\n<meta property=\"product:condition\" content=\"new\" \/>\n<!-- \/ Yoast SEO Premium plugin. -->","yoast_head_json":{"title":"RADIADOR MICA BLANCO 2000W - K\u00fcken","description":"Radiador el\u00e9ctrico K\u00fcken blanco con tecnolog\u00eda eficiente MICA. 2 potencias: 1000W\/2000W, calor inmediato y no reseca el ambiente. Visita kuken.es","robots":{"index":"noindex","follow":"follow","max-snippet":"max-snippet:-1","max-image-preview":"max-image-preview:large","max-video-preview":"max-video-preview:-1"},"og_locale":"pt_PT","og_type":"article","og_title":"RADIADOR MICA BLANCO 2000W","og_description":"Radiador el\u00e9ctrico K\u00fcken blanco con tecnolog\u00eda eficiente MICA. 2 potencias: 1000W\/2000W, calor inmediato y no reseca el ambiente. Visita kuken.es","og_url":"https:\/\/kuken.alfadyser.dev\/pt\/produto\/radiador-mica-blanco-2000w\/","og_site_name":"K\u00fcken","article_publisher":"https:\/\/es-es.facebook.com\/alfadyser\/","article_modified_time":"2025-07-22T07:41:38+00:00","og_image":[{"width":2000,"height":2000,"url":"https:\/\/kuken.alfadyser.dev\/wp-content\/uploads\/8425160375973_01.jpg","type":"image\/jpeg"}],"twitter_card":"summary_large_image","twitter_misc":{"pre\u00e7o":"","Disponibilidade":"Em stock"},"schema":{"@context":"https:\/\/schema.org","@graph":[{"@type":"WebPage","@id":"https:\/\/kuken.alfadyser.dev\/producto\/radiador-mica-blanco-2000w\/","url":"https:\/\/kuken.alfadyser.dev\/producto\/radiador-mica-blanco-2000w\/","name":"RADIADOR MICA BLANCO 2000W - K\u00fcken","isPartOf":{"@id":"https:\/\/kuken.alfadyser.dev\/#website"},"primaryImageOfPage":{"@id":"https:\/\/kuken.alfadyser.dev\/producto\/radiador-mica-blanco-2000w\/#primaryimage"},"image":{"@id":"https:\/\/kuken.alfadyser.dev\/producto\/radiador-mica-blanco-2000w\/#primaryimage"},"thumbnailUrl":"https:\/\/kuken.alfadyser.dev\/wp-content\/uploads\/8425160375973_01.jpg","datePublished":"2023-09-12T10:15:48+00:00","dateModified":"2025-07-22T07:41:38+00:00","description":"Radiador el\u00e9ctrico K\u00fcken blanco con tecnolog\u00eda eficiente MICA. 2 potencias: 1000W\/2000W, calor inmediato y no reseca el ambiente. Visita kuken.es","breadcrumb":{"@id":"https:\/\/kuken.alfadyser.dev\/producto\/radiador-mica-blanco-2000w\/#breadcrumb"},"inLanguage":"pt-PT","potentialAction":[{"@type":"ReadAction","target":["https:\/\/kuken.alfadyser.dev\/producto\/radiador-mica-blanco-2000w\/"]}]},{"@type":"ImageObject","inLanguage":"pt-PT","@id":"https:\/\/kuken.alfadyser.dev\/producto\/radiador-mica-blanco-2000w\/#primaryimage","url":"https:\/\/kuken.alfadyser.dev\/wp-content\/uploads\/8425160375973_01.jpg","contentUrl":"https:\/\/kuken.alfadyser.dev\/wp-content\/uploads\/8425160375973_01.jpg","width":2000,"height":2000},{"@type":"BreadcrumbList","@id":"https:\/\/kuken.alfadyser.dev\/producto\/radiador-mica-blanco-2000w\/#breadcrumb","itemListElement":[{"@type":"ListItem","position":1,"name":"Portada","item":"https:\/\/kuken.alfadyser.dev\/"},{"@type":"ListItem","position":2,"name":"Productos","item":"https:\/\/kuken.alfadyser.dev\/productos\/"},{"@type":"ListItem","position":3,"name":"RADIADOR MICA BLANCO 2000W"}]},{"@type":"WebSite","@id":"https:\/\/kuken.alfadyser.dev\/#website","url":"https:\/\/kuken.alfadyser.dev\/","name":"K\u00fcken","description":"Vasta gama de pequenos electrodom\u00e9sticos k\u00fcken","publisher":{"@id":"https:\/\/kuken.alfadyser.dev\/#organization"},"potentialAction":[{"@type":"SearchAction","target":{"@type":"EntryPoint","urlTemplate":"https:\/\/kuken.alfadyser.dev\/?s={search_term_string}"},"query-input":{"@type":"PropertyValueSpecification","valueRequired":true,"valueName":"search_term_string"}}],"inLanguage":"pt-PT"},{"@type":"Organization","@id":"https:\/\/kuken.alfadyser.dev\/#organization","name":"Alpha Dyser","url":"https:\/\/kuken.alfadyser.dev\/","logo":{"@type":"ImageObject","inLanguage":"pt-PT","@id":"https:\/\/kuken.alfadyser.dev\/#\/schema\/logo\/image\/","url":"https:\/\/kuken.alfadyser.dev\/wp-content\/uploads\/2019\/04\/kuken-logo.png","contentUrl":"https:\/\/kuken.alfadyser.dev\/wp-content\/uploads\/2019\/04\/kuken-logo.png","width":500,"height":191,"caption":"Alfa Dyser"},"image":{"@id":"https:\/\/kuken.alfadyser.dev\/#\/schema\/logo\/image\/"},"sameAs":["https:\/\/es-es.facebook.com\/alfadyser\/","https:\/\/www.instagram.com\/kuken_appliances\/"]}]},"product_price_currency":"EUR","og_availability":"instock","product_availability":"instock","product_retailer_item_id":"37597","product_condition":"new"},"_links":{"self":[{"href":"https:\/\/kuken.alfadyser.dev\/pt\/wp-json\/wp\/v2\/product\/10595","targetHints":{"allow":["GET"]}}],"collection":[{"href":"https:\/\/kuken.alfadyser.dev\/pt\/wp-json\/wp\/v2\/product"}],"about":[{"href":"https:\/\/kuken.alfadyser.dev\/pt\/wp-json\/wp\/v2\/types\/product"}],"wp:featuredmedia":[{"embeddable":true,"href":"https:\/\/kuken.alfadyser.dev\/pt\/wp-json\/wp\/v2\/media\/10596"}],"wp:attachment":[{"href":"https:\/\/kuken.alfadyser.dev\/pt\/wp-json\/wp\/v2\/media?parent=10595"}],"wp:term":[{"taxonomy":"product_brand","embeddable":true,"href":"https:\/\/kuken.alfadyser.dev\/pt\/wp-json\/wp\/v2\/product_brand?post=10595"},{"taxonomy":"product_cat","embeddable":true,"href":"https:\/\/kuken.alfadyser.dev\/pt\/wp-json\/wp\/v2\/product_cat?post=10595"},{"taxonomy":"product_tag","embeddable":true,"href":"https:\/\/kuken.alfadyser.dev\/pt\/wp-json\/wp\/v2\/product_tag?post=10595"}],"curies":[{"name":"wp","href":"https:\/\/api.w.org\/{rel}","templated":true}]}}