{"id":10550,"date":"2023-09-12T10:36:50","date_gmt":"2023-09-12T08:36:50","guid":{"rendered":"https:\/\/kuken.alfadyser.dev\/?post_type=product&#038;p=10550"},"modified":"2025-07-22T09:50:25","modified_gmt":"2025-07-22T07:50:25","slug":"calefactor-horizontal-vertical-white-1000-2000w-kuken","status":"publish","type":"product","link":"https:\/\/kuken.alfadyser.dev\/pt\/produto\/calefactor-horizontal-vertical-white-1000-2000w-kuken\/","title":{"rendered":"AQUECEDOR HORIZONTAL\/VERTICAL BRANCO 1000\/2000W K\u00dcKEN"},"content":{"rendered":"<p>CALEFACTOR HORIZONTAL\/VERTICAL WHITE 1000\/2000W K\u00dcKEN<\/p>\n<ul>\n<li data-start=\"808\" data-end=\"901\">\n<p data-start=\"810\" data-end=\"901\">Dise\u00f1ado para estancias peque\u00f1as, optimiza el espacio sin comprometer el rendimiento.<\/p>\n<\/li>\n<li data-start=\"902\" data-end=\"981\">\n<p data-start=\"904\" data-end=\"981\">Incluye termostato regulable para un control preciso de la temperatura.<\/p>\n<\/li>\n<li data-start=\"982\" data-end=\"1053\">\n<p data-start=\"984\" data-end=\"1053\">Apagado autom\u00e1tico cuando se alcanza la temperatura programada.<\/p>\n<\/li>\n<li data-start=\"1054\" data-end=\"1134\">\n<p data-start=\"1056\" data-end=\"1134\">Dos niveles de potencia: 1000W y 2000W, adem\u00e1s de funci\u00f3n aire fr\u00edo.<\/p>\n<\/li>\n<li data-start=\"1135\" data-end=\"1213\">\n<p data-start=\"1137\" data-end=\"1213\">Uso vers\u00e1til, se puede instalar en posici\u00f3n horizontal o vertical.<\/p>\n<\/li>\n<li data-start=\"1214\" data-end=\"1264\">\n<p data-start=\"1216\" data-end=\"1264\">Luz indicadora de encendido en color rojo.<\/p>\n<\/li>\n<li data-start=\"1265\" data-end=\"1343\">\n<p data-start=\"1267\" data-end=\"1343\">Rejilla de seguridad que evita el contacto directo con la resistencia.<\/p>\n<\/li>\n<li data-start=\"1344\" data-end=\"1395\">\n<p data-start=\"1346\" data-end=\"1395\">Asa integrada para facilitar su transporte.<\/p>\n<\/li>\n<li data-start=\"1396\" data-end=\"1448\">\n<p data-start=\"1398\" data-end=\"1448\">Alta eficiencia energ\u00e9tica con bajo consumo.<\/p>\n<\/li>\n<li data-start=\"1449\" data-end=\"1515\">\n<p data-start=\"1451\" data-end=\"1515\">Conexi\u00f3n a red 220-240V, compatible con enchufes europeos.<\/p>\n<\/li>\n<\/ul>\n<div class=\"accordion\"><div class=\"mfn-acc accordion_wrapper  toggle\"><br \/>\n<div class=\"question\"><div class=\"title\"><i class=\"icon-plus acc-icon-plus\" aria-hidden=\"true\"><\/i><i class=\"icon-minus acc-icon-minus\" aria-hidden=\"true\"><\/i>Dados do produto<\/div><div class=\"answer\"><\/p>\n<p><span class=\"label\">CALEFACTOR HORIZONTAL\/VERTICAL WHITE 1000\/2000W K\u00dcKEN<\/span><\/p>\n<p><span class=\"label\">EAN<\/span> <span class=\"data\">8425160343439<\/span><br \/>\n<span class=\"label\">Unidade de embalagem<\/span> <span class=\"data\">1<\/span><br \/>\n<span class=\"label\">Cor<\/span> <span class=\"data\">Blanco<\/span><br \/>\n<span class=\"label\">Embalagem<\/span> <span class=\"data\">Caja Color<\/span><br \/>\n<span class=\"label\">Pot\u00eancia<\/span> <span class=\"data\">1000-2000 W<\/span><br \/>\n<span class=\"label\">Tens\u00e3o<\/span> <span class=\"data\">230 V<\/span><br \/>\n<span class=\"label\">Tama\u00f1o<\/span> <span class=\"data\">Peque\u00f1o<\/span><br \/>\n<span class=\"label\">Material<\/span> <span class=\"data\">Pl\u00e1stico<\/span><br \/>\n<span class=\"label\">Peso<\/span> <span class=\"data\">1,1 kg<\/span><br \/>\n<\/div><\/div>\n<br \/>\n<\/div><\/div>\n\n<div class=\"accordion\"><div class=\"mfn-acc accordion_wrapper  toggle\"><br \/>\n<div class=\"question\"><div class=\"title\"><i class=\"icon-plus acc-icon-plus\" aria-hidden=\"true\"><\/i><i class=\"icon-minus acc-icon-minus\" aria-hidden=\"true\"><\/i>Acess\u00f3rios<\/div><div class=\"answer\"><\/div><\/div>\n<br \/>\n<\/div><\/div>\n\n<div class=\"descargas-producto\"><img loading=\"lazy\" decoding=\"async\" src=\"\/wp-content\/uploads\/2019\/12\/picto-descarrega.png\" alt=\"descarregar ficha de dados\" width=\"23\" height=\"16\" \/><a href=\"https:\/\/kuken.alfadyser.dev\/wp-content\/uploads\/8425160343439_ficha_tecnica.pdf\">Descarregar ficha<\/a><br \/>\n<img loading=\"lazy\" decoding=\"async\" src=\"\/wp-content\/uploads\/2019\/12\/picto-descarrega.png\" alt=\"descarregar manual de instru\u00e7\u00f5es\" width=\"23\" height=\"16\" \/><a href=\"https:\/\/kuken.alfadyser.dev\/wp-content\/uploads\/34343_instrucciones_compressed.pdf\">Descarregar o manual<\/a><\/div>\n<div><span style=\"color: #bf2121\">Siga-nos nas redes sociais!<\/span><\/div>\n<div><a href=\"https:\/\/www.instagram.com\/kuken_appliances\/\">https:\/\/www.instagram.com\/kuken_appliances\/<\/a><\/div>\n<p><iframe loading=\"lazy\" title=\"Calefactor kuken horizontal-vertical white 2000w\" width=\"560\" height=\"315\" src=\"https:\/\/www.youtube.com\/embed\/nhnP4ZxW-4o?feature=oembed\" frameborder=\"0\" allow=\"accelerometer; autoplay; clipboard-write; encrypted-media; gyroscope; picture-in-picture; web-share\" referrerpolicy=\"strict-origin-when-cross-origin\" allowfullscreen><\/iframe><\/p>","protected":false},"excerpt":{"rendered":"<p data-start=\"474\" data-end=\"628\">Confort inmediato y dise\u00f1o compacto para cualquier rinc\u00f3n. Este modelo combina potencia, seguridad y versatilidad para un uso diario pr\u00e1ctico y eficiente.<\/p>\n<blockquote data-start=\"617\" data-end=\"740\">\n<p data-start=\"619\" data-end=\"740\">\n<\/blockquote>","protected":false},"featured_media":10551,"template":"","meta":[],"product_brand":[],"product_cat":[226],"product_tag":[],"class_list":{"0":"post-10550","1":"product","2":"type-product","3":"status-publish","4":"has-post-thumbnail","6":"product_cat-calefactores","8":"first","9":"instock","10":"product-type-simple"},"yoast_head":"<!-- This site is optimized with the Yoast SEO Premium plugin v24.0 (Yoast SEO v26.5) - https:\/\/yoast.com\/wordpress\/plugins\/seo\/ -->\n<title>CALEFACTOR HORIZONTAL\/VERTICAL WHITE 1000\/2000W K\u00dcKEN - K\u00fcken<\/title>\n<meta name=\"description\" content=\"Calefactor horizontal\/vertical white 1000\/2000W K\u00fcken ideal para estancias peque\u00f1as, con potencia ajustable y apagado autom\u00e1tico.\" \/>\n<meta name=\"robots\" content=\"noindex, follow, max-snippet:-1, max-image-preview:large, max-video-preview:-1\" \/>\n<meta property=\"og:locale\" content=\"pt_PT\" \/>\n<meta property=\"og:type\" content=\"article\" \/>\n<meta property=\"og:title\" content=\"CALEFACTOR HORIZONTAL\/VERTICAL WHITE 1000\/2000W K\u00dcKEN\" \/>\n<meta property=\"og:description\" content=\"Calefactor horizontal\/vertical white 1000\/2000W K\u00fcken ideal para estancias peque\u00f1as, con potencia ajustable y apagado autom\u00e1tico.\" \/>\n<meta property=\"og:url\" content=\"https:\/\/kuken.alfadyser.dev\/pt\/produto\/calefactor-horizontal-vertical-white-1000-2000w-kuken\/\" \/>\n<meta property=\"og:site_name\" content=\"K\u00fcken\" \/>\n<meta property=\"article:publisher\" content=\"https:\/\/es-es.facebook.com\/alfadyser\/\" \/>\n<meta property=\"article:modified_time\" content=\"2025-07-22T07:50:25+00:00\" \/>\n<meta property=\"og:image\" content=\"https:\/\/kuken.alfadyser.dev\/wp-content\/uploads\/8425160343439_01.jpg\" \/>\n\t<meta property=\"og:image:width\" content=\"2000\" \/>\n\t<meta property=\"og:image:height\" content=\"2000\" \/>\n\t<meta property=\"og:image:type\" content=\"image\/jpeg\" \/>\n<meta name=\"twitter:card\" content=\"summary_large_image\" \/>\n<meta name=\"twitter:label1\" content=\"pre\u00e7o\" \/>\n\t<meta name=\"twitter:data1\" content=\"\" \/>\n\t<meta name=\"twitter:label2\" content=\"Disponibilidade\" \/>\n\t<meta name=\"twitter:data2\" content=\"Em stock\" \/>\n<script type=\"application\/ld+json\" class=\"yoast-schema-graph\">{\"@context\":\"https:\/\/schema.org\",\"@graph\":[{\"@type\":\"WebPage\",\"@id\":\"https:\/\/kuken.alfadyser.dev\/producto\/calefactor-horizontal-vertical-white-1000-2000w-kuken\/\",\"url\":\"https:\/\/kuken.alfadyser.dev\/producto\/calefactor-horizontal-vertical-white-1000-2000w-kuken\/\",\"name\":\"CALEFACTOR HORIZONTAL\/VERTICAL WHITE 1000\/2000W K\u00dcKEN - K\u00fcken\",\"isPartOf\":{\"@id\":\"https:\/\/kuken.alfadyser.dev\/#website\"},\"primaryImageOfPage\":{\"@id\":\"https:\/\/kuken.alfadyser.dev\/producto\/calefactor-horizontal-vertical-white-1000-2000w-kuken\/#primaryimage\"},\"image\":{\"@id\":\"https:\/\/kuken.alfadyser.dev\/producto\/calefactor-horizontal-vertical-white-1000-2000w-kuken\/#primaryimage\"},\"thumbnailUrl\":\"https:\/\/kuken.alfadyser.dev\/wp-content\/uploads\/8425160343439_01.jpg\",\"datePublished\":\"2023-09-12T08:36:50+00:00\",\"dateModified\":\"2025-07-22T07:50:25+00:00\",\"description\":\"Calefactor horizontal\/vertical white 1000\/2000W K\u00fcken ideal para estancias peque\u00f1as, con potencia ajustable y apagado autom\u00e1tico.\",\"breadcrumb\":{\"@id\":\"https:\/\/kuken.alfadyser.dev\/producto\/calefactor-horizontal-vertical-white-1000-2000w-kuken\/#breadcrumb\"},\"inLanguage\":\"pt-PT\",\"potentialAction\":[{\"@type\":\"ReadAction\",\"target\":[\"https:\/\/kuken.alfadyser.dev\/producto\/calefactor-horizontal-vertical-white-1000-2000w-kuken\/\"]}]},{\"@type\":\"ImageObject\",\"inLanguage\":\"pt-PT\",\"@id\":\"https:\/\/kuken.alfadyser.dev\/producto\/calefactor-horizontal-vertical-white-1000-2000w-kuken\/#primaryimage\",\"url\":\"https:\/\/kuken.alfadyser.dev\/wp-content\/uploads\/8425160343439_01.jpg\",\"contentUrl\":\"https:\/\/kuken.alfadyser.dev\/wp-content\/uploads\/8425160343439_01.jpg\",\"width\":2000,\"height\":2000,\"caption\":\"Calefactor K\u00fcken en posici\u00f3n horizontal mostrando mandos laterales y rejilla frontal, ideal para espacios reducidos.\"},{\"@type\":\"BreadcrumbList\",\"@id\":\"https:\/\/kuken.alfadyser.dev\/producto\/calefactor-horizontal-vertical-white-1000-2000w-kuken\/#breadcrumb\",\"itemListElement\":[{\"@type\":\"ListItem\",\"position\":1,\"name\":\"Portada\",\"item\":\"https:\/\/kuken.alfadyser.dev\/\"},{\"@type\":\"ListItem\",\"position\":2,\"name\":\"Productos\",\"item\":\"https:\/\/kuken.alfadyser.dev\/productos\/\"},{\"@type\":\"ListItem\",\"position\":3,\"name\":\"CALEFACTOR HORIZONTAL\/VERTICAL WHITE 1000\/2000W K\u00dcKEN\"}]},{\"@type\":\"WebSite\",\"@id\":\"https:\/\/kuken.alfadyser.dev\/#website\",\"url\":\"https:\/\/kuken.alfadyser.dev\/\",\"name\":\"K\u00fcken\",\"description\":\"Amplia gama de peque\u00f1o electrodom\u00e9stico k\u00fcken\",\"publisher\":{\"@id\":\"https:\/\/kuken.alfadyser.dev\/#organization\"},\"potentialAction\":[{\"@type\":\"SearchAction\",\"target\":{\"@type\":\"EntryPoint\",\"urlTemplate\":\"https:\/\/kuken.alfadyser.dev\/?s={search_term_string}\"},\"query-input\":{\"@type\":\"PropertyValueSpecification\",\"valueRequired\":true,\"valueName\":\"search_term_string\"}}],\"inLanguage\":\"pt-PT\"},{\"@type\":\"Organization\",\"@id\":\"https:\/\/kuken.alfadyser.dev\/#organization\",\"name\":\"Alfa Dyser\",\"url\":\"https:\/\/kuken.alfadyser.dev\/\",\"logo\":{\"@type\":\"ImageObject\",\"inLanguage\":\"pt-PT\",\"@id\":\"https:\/\/kuken.alfadyser.dev\/#\/schema\/logo\/image\/\",\"url\":\"https:\/\/kuken.alfadyser.dev\/wp-content\/uploads\/2019\/04\/kuken-logo.png\",\"contentUrl\":\"https:\/\/kuken.alfadyser.dev\/wp-content\/uploads\/2019\/04\/kuken-logo.png\",\"width\":500,\"height\":191,\"caption\":\"Alfa Dyser\"},\"image\":{\"@id\":\"https:\/\/kuken.alfadyser.dev\/#\/schema\/logo\/image\/\"},\"sameAs\":[\"https:\/\/es-es.facebook.com\/alfadyser\/\",\"https:\/\/www.instagram.com\/kuken_appliances\/\"]}]}<\/script>\n<meta property=\"product:price:currency\" content=\"EUR\" \/>\n<meta property=\"og:availability\" content=\"instock\" \/>\n<meta property=\"product:availability\" content=\"instock\" \/>\n<meta property=\"product:retailer_item_id\" content=\"34343\" \/>\n<meta property=\"product:condition\" content=\"new\" \/>\n<!-- \/ Yoast SEO Premium plugin. -->","yoast_head_json":{"title":"CALEFACTOR HORIZONTAL\/VERTICAL WHITE 1000\/2000W K\u00dcKEN - K\u00fcken","description":"Calefactor horizontal\/vertical white 1000\/2000W K\u00fcken ideal para estancias peque\u00f1as, con potencia ajustable y apagado autom\u00e1tico.","robots":{"index":"noindex","follow":"follow","max-snippet":"max-snippet:-1","max-image-preview":"max-image-preview:large","max-video-preview":"max-video-preview:-1"},"og_locale":"pt_PT","og_type":"article","og_title":"CALEFACTOR HORIZONTAL\/VERTICAL WHITE 1000\/2000W K\u00dcKEN","og_description":"Calefactor horizontal\/vertical white 1000\/2000W K\u00fcken ideal para estancias peque\u00f1as, con potencia ajustable y apagado autom\u00e1tico.","og_url":"https:\/\/kuken.alfadyser.dev\/pt\/produto\/calefactor-horizontal-vertical-white-1000-2000w-kuken\/","og_site_name":"K\u00fcken","article_publisher":"https:\/\/es-es.facebook.com\/alfadyser\/","article_modified_time":"2025-07-22T07:50:25+00:00","og_image":[{"width":2000,"height":2000,"url":"https:\/\/kuken.alfadyser.dev\/wp-content\/uploads\/8425160343439_01.jpg","type":"image\/jpeg"}],"twitter_card":"summary_large_image","twitter_misc":{"pre\u00e7o":"","Disponibilidade":"Em stock"},"schema":{"@context":"https:\/\/schema.org","@graph":[{"@type":"WebPage","@id":"https:\/\/kuken.alfadyser.dev\/producto\/calefactor-horizontal-vertical-white-1000-2000w-kuken\/","url":"https:\/\/kuken.alfadyser.dev\/producto\/calefactor-horizontal-vertical-white-1000-2000w-kuken\/","name":"CALEFACTOR HORIZONTAL\/VERTICAL WHITE 1000\/2000W K\u00dcKEN - K\u00fcken","isPartOf":{"@id":"https:\/\/kuken.alfadyser.dev\/#website"},"primaryImageOfPage":{"@id":"https:\/\/kuken.alfadyser.dev\/producto\/calefactor-horizontal-vertical-white-1000-2000w-kuken\/#primaryimage"},"image":{"@id":"https:\/\/kuken.alfadyser.dev\/producto\/calefactor-horizontal-vertical-white-1000-2000w-kuken\/#primaryimage"},"thumbnailUrl":"https:\/\/kuken.alfadyser.dev\/wp-content\/uploads\/8425160343439_01.jpg","datePublished":"2023-09-12T08:36:50+00:00","dateModified":"2025-07-22T07:50:25+00:00","description":"Calefactor horizontal\/vertical white 1000\/2000W K\u00fcken ideal para estancias peque\u00f1as, con potencia ajustable y apagado autom\u00e1tico.","breadcrumb":{"@id":"https:\/\/kuken.alfadyser.dev\/producto\/calefactor-horizontal-vertical-white-1000-2000w-kuken\/#breadcrumb"},"inLanguage":"pt-PT","potentialAction":[{"@type":"ReadAction","target":["https:\/\/kuken.alfadyser.dev\/producto\/calefactor-horizontal-vertical-white-1000-2000w-kuken\/"]}]},{"@type":"ImageObject","inLanguage":"pt-PT","@id":"https:\/\/kuken.alfadyser.dev\/producto\/calefactor-horizontal-vertical-white-1000-2000w-kuken\/#primaryimage","url":"https:\/\/kuken.alfadyser.dev\/wp-content\/uploads\/8425160343439_01.jpg","contentUrl":"https:\/\/kuken.alfadyser.dev\/wp-content\/uploads\/8425160343439_01.jpg","width":2000,"height":2000,"caption":"Calefactor K\u00fcken en posici\u00f3n horizontal mostrando mandos laterales y rejilla frontal, ideal para espacios reducidos."},{"@type":"BreadcrumbList","@id":"https:\/\/kuken.alfadyser.dev\/producto\/calefactor-horizontal-vertical-white-1000-2000w-kuken\/#breadcrumb","itemListElement":[{"@type":"ListItem","position":1,"name":"Portada","item":"https:\/\/kuken.alfadyser.dev\/"},{"@type":"ListItem","position":2,"name":"Productos","item":"https:\/\/kuken.alfadyser.dev\/productos\/"},{"@type":"ListItem","position":3,"name":"CALEFACTOR HORIZONTAL\/VERTICAL WHITE 1000\/2000W K\u00dcKEN"}]},{"@type":"WebSite","@id":"https:\/\/kuken.alfadyser.dev\/#website","url":"https:\/\/kuken.alfadyser.dev\/","name":"K\u00fcken","description":"Vasta gama de pequenos electrodom\u00e9sticos k\u00fcken","publisher":{"@id":"https:\/\/kuken.alfadyser.dev\/#organization"},"potentialAction":[{"@type":"SearchAction","target":{"@type":"EntryPoint","urlTemplate":"https:\/\/kuken.alfadyser.dev\/?s={search_term_string}"},"query-input":{"@type":"PropertyValueSpecification","valueRequired":true,"valueName":"search_term_string"}}],"inLanguage":"pt-PT"},{"@type":"Organization","@id":"https:\/\/kuken.alfadyser.dev\/#organization","name":"Alpha Dyser","url":"https:\/\/kuken.alfadyser.dev\/","logo":{"@type":"ImageObject","inLanguage":"pt-PT","@id":"https:\/\/kuken.alfadyser.dev\/#\/schema\/logo\/image\/","url":"https:\/\/kuken.alfadyser.dev\/wp-content\/uploads\/2019\/04\/kuken-logo.png","contentUrl":"https:\/\/kuken.alfadyser.dev\/wp-content\/uploads\/2019\/04\/kuken-logo.png","width":500,"height":191,"caption":"Alfa Dyser"},"image":{"@id":"https:\/\/kuken.alfadyser.dev\/#\/schema\/logo\/image\/"},"sameAs":["https:\/\/es-es.facebook.com\/alfadyser\/","https:\/\/www.instagram.com\/kuken_appliances\/"]}]},"product_price_currency":"EUR","og_availability":"instock","product_availability":"instock","product_retailer_item_id":"34343","product_condition":"new"},"_links":{"self":[{"href":"https:\/\/kuken.alfadyser.dev\/pt\/wp-json\/wp\/v2\/product\/10550","targetHints":{"allow":["GET"]}}],"collection":[{"href":"https:\/\/kuken.alfadyser.dev\/pt\/wp-json\/wp\/v2\/product"}],"about":[{"href":"https:\/\/kuken.alfadyser.dev\/pt\/wp-json\/wp\/v2\/types\/product"}],"wp:featuredmedia":[{"embeddable":true,"href":"https:\/\/kuken.alfadyser.dev\/pt\/wp-json\/wp\/v2\/media\/10551"}],"wp:attachment":[{"href":"https:\/\/kuken.alfadyser.dev\/pt\/wp-json\/wp\/v2\/media?parent=10550"}],"wp:term":[{"taxonomy":"product_brand","embeddable":true,"href":"https:\/\/kuken.alfadyser.dev\/pt\/wp-json\/wp\/v2\/product_brand?post=10550"},{"taxonomy":"product_cat","embeddable":true,"href":"https:\/\/kuken.alfadyser.dev\/pt\/wp-json\/wp\/v2\/product_cat?post=10550"},{"taxonomy":"product_tag","embeddable":true,"href":"https:\/\/kuken.alfadyser.dev\/pt\/wp-json\/wp\/v2\/product_tag?post=10550"}],"curies":[{"name":"wp","href":"https:\/\/api.w.org\/{rel}","templated":true}]}}