{"id":10463,"date":"2023-08-07T10:33:09","date_gmt":"2023-08-07T08:33:09","guid":{"rendered":"https:\/\/kuken.alfadyser.dev\/?post_type=product&#038;p=10463"},"modified":"2025-07-28T12:07:03","modified_gmt":"2025-07-28T10:07:03","slug":"fiambrera-electrica-kuken-para-coche-12v-24v-1-5l","status":"publish","type":"product","link":"https:\/\/kuken.alfadyser.dev\/pt\/produto\/fiambrera-electrica-kuken-para-coche-12v-24v-1-5l\/","title":{"rendered":"LANCHEIRA EL\u00c9CTRICA KUKEN PARA CARRO 12V-24V 1.5L."},"content":{"rendered":"<p>LANCHEIRA EL\u00c9CTRICA KUKEN PARA CARRO 12V-24V 1.5L.<\/p>\n<ul>\n<li data-start=\"868\" data-end=\"936\">\n<p data-start=\"870\" data-end=\"936\">Capacidad total de 1,5 litros, ideal para comidas completas.<\/p>\n<\/li>\n<li data-start=\"937\" data-end=\"1003\">\n<p data-start=\"939\" data-end=\"1003\">Recipiente interior de acero inoxidable, f\u00e1cil de limpiar.<\/p>\n<\/li>\n<li data-start=\"1004\" data-end=\"1071\">\n<p data-start=\"1006\" data-end=\"1071\">Recipiente adicional de pl\u00e1stico, para alimentos separados.<\/p>\n<\/li>\n<li data-start=\"1072\" data-end=\"1136\">\n<p data-start=\"1074\" data-end=\"1136\">Incluye cables de carga para coche y cami\u00f3n (12V y 24V).<\/p>\n<\/li>\n<li data-start=\"1137\" data-end=\"1213\">\n<p data-start=\"1139\" data-end=\"1213\">Bolsa de transporte t\u00e9rmica, pr\u00e1ctica para llevar a cualquier parte.<\/p>\n<\/li>\n<li data-start=\"1214\" data-end=\"1280\">\n<p data-start=\"1216\" data-end=\"1280\">Cubiertos de acero inoxidable incluidos, listos para usar.<\/p>\n<\/li>\n<li data-start=\"1281\" data-end=\"1363\">\n<p data-start=\"1283\" data-end=\"1363\">Sistema de cierre herm\u00e9tico con vac\u00edo, mantiene el calor y evita derrames.<\/p>\n<\/li>\n<li data-start=\"1364\" data-end=\"1438\">\n<p data-start=\"1366\" data-end=\"1438\">Resistente a altas temperaturas, segura durante el funcionamiento.<\/p>\n<\/li>\n<li data-start=\"1439\" data-end=\"1508\">\n<p data-start=\"1441\" data-end=\"1508\">Tiempo estimado de calentado: 25 minutos a 25\u202f\u00b0C de ambiente.<\/p>\n<\/li>\n<li data-start=\"1509\" data-end=\"1583\">\n<p data-start=\"1511\" data-end=\"1583\">Dise\u00f1o completamente herm\u00e9tico, ideal para uso diario fuera de casa.<\/p>\n<\/li>\n<\/ul>\n<p><div class=\"accordion\"><div class=\"mfn-acc accordion_wrapper  toggle\"><div class=\"question\"><div class=\"title\"><i class=\"icon-plus acc-icon-plus\" aria-hidden=\"true\"><\/i><i class=\"icon-minus acc-icon-minus\" aria-hidden=\"true\"><\/i>Dados do produto<\/div><div class=\"answer\">EAN 8425160343613<\/p>\n<p>LANCHEIRA EL\u00c9CTRICA KUKEN PARA CARRO 12V-24V 1.5L.<\/p>\n<p>Unidade de embalagem 1<br \/>\nColor gris<br \/>\nEmbalagem Caixa colorida<br \/>\nPotencia 40 W<br \/>\nVoltaje 12-24V<br \/>\nMaterial pl\u00e1stico<br \/>\nCapacidade 1,5 litros<br \/>\nBolsa de transporte<br \/>\n<\/div><\/div>\n<\/div><\/div>\n<br \/>\n<div class=\"accordion\"><div class=\"mfn-acc accordion_wrapper  toggle\"><div class=\"question\"><div class=\"title\"><i class=\"icon-plus acc-icon-plus\" aria-hidden=\"true\"><\/i><i class=\"icon-minus acc-icon-minus\" aria-hidden=\"true\"><\/i>Acess\u00f3rios<\/div><div class=\"answer\"><\/div><\/div>\n<\/div><\/div>\n<\/p>\n<div class=\"descargas-producto\"><a href=\"https:\/\/kuken.alfadyser.dev\/wp-content\/uploads\/8425160343170_ficha_tecnica.pdf\" target=\"_blank\" rel=\"noopener noreferrer\"><br \/>\n<img loading=\"lazy\" decoding=\"async\" src=\"\/wp-content\/uploads\/2019\/12\/picto-descarrega.png\" alt=\"descarregar ficha de dados\" width=\"23\" height=\"16\" \/>Descarregar ficha<\/a><br \/>\n<a href=\"\/wp-content\/uploads\/pdf\/33621.pdf\"><img loading=\"lazy\" decoding=\"async\" src=\"\/wp-content\/uploads\/2019\/12\/picto-descarrega.png\" alt=\"descarregar manual de instru\u00e7\u00f5es\" width=\"23\" height=\"16\" \/><\/a><a href=\"https:\/\/kuken.alfadyser.dev\/wp-content\/uploads\/34361_instrucciones_compressed.pdf\">Descarregar o manual<\/a><\/div>\n<div><\/div>\n<div><span style=\"color: #bf2121\">Siga-nos nas redes sociais!<\/span><\/div>\n<div><a href=\"https:\/\/www.instagram.com\/kuken_appliances\/\">https:\/\/www.instagram.com\/kuken_appliances\/<\/a><\/div>","protected":false},"excerpt":{"rendered":"<p data-start=\"532\" data-end=\"693\">Calienta tu comida en cualquier lugar. Esta fiambrera incluye recipientes extra\u00edbles, bolsa de transporte y cubiertos para un uso pr\u00e1ctico y seguro en carretera.<\/p>\n<blockquote data-start=\"695\" data-end=\"800\">\n<p data-start=\"697\" data-end=\"800\">\n<\/blockquote>","protected":false},"featured_media":10306,"template":"","meta":[],"product_brand":[],"product_cat":[237],"product_tag":[],"class_list":{"0":"post-10463","1":"product","2":"type-product","3":"status-publish","4":"has-post-thumbnail","6":"product_cat-fiambreras-electricas","8":"first","9":"instock","10":"product-type-simple"},"yoast_head":"<!-- This site is optimized with the Yoast SEO Premium plugin v24.0 (Yoast SEO v26.5) - https:\/\/yoast.com\/wordpress\/plugins\/seo\/ -->\n<title>FIAMBRERA ELECTRICA KUKEN PARA COCHE 12V-24V 1.5L. - K\u00fcken<\/title>\n<meta name=\"description\" content=\"Fiambrera el\u00e9ctrica Kuken para coche 12V-24V 1.5L, con recipiente de acero, herm\u00e9tica, resistente al calor y bolsa de transporte incluida.\" \/>\n<meta name=\"robots\" content=\"noindex, follow, max-snippet:-1, max-image-preview:large, max-video-preview:-1\" \/>\n<meta property=\"og:locale\" content=\"pt_PT\" \/>\n<meta property=\"og:type\" content=\"article\" \/>\n<meta property=\"og:title\" content=\"FIAMBRERA ELECTRICA KUKEN PARA COCHE 12V-24V 1.5L.\" \/>\n<meta property=\"og:description\" content=\"Fiambrera el\u00e9ctrica Kuken para coche 12V-24V 1.5L, con recipiente de acero, herm\u00e9tica, resistente al calor y bolsa de transporte incluida.\" \/>\n<meta property=\"og:url\" content=\"https:\/\/kuken.alfadyser.dev\/pt\/produto\/fiambrera-electrica-kuken-para-coche-12v-24v-1-5l\/\" \/>\n<meta property=\"og:site_name\" content=\"K\u00fcken\" \/>\n<meta property=\"article:publisher\" content=\"https:\/\/es-es.facebook.com\/alfadyser\/\" \/>\n<meta property=\"article:modified_time\" content=\"2025-07-28T10:07:03+00:00\" \/>\n<meta property=\"og:image\" content=\"https:\/\/kuken.alfadyser.dev\/wp-content\/uploads\/8425160355739_01.jpg\" \/>\n\t<meta property=\"og:image:width\" content=\"2000\" \/>\n\t<meta property=\"og:image:height\" content=\"2000\" \/>\n\t<meta property=\"og:image:type\" content=\"image\/jpeg\" \/>\n<meta name=\"twitter:card\" content=\"summary_large_image\" \/>\n<meta name=\"twitter:label1\" content=\"pre\u00e7o\" \/>\n\t<meta name=\"twitter:data1\" content=\"\" \/>\n\t<meta name=\"twitter:label2\" content=\"Disponibilidade\" \/>\n\t<meta name=\"twitter:data2\" content=\"Em stock\" \/>\n<script type=\"application\/ld+json\" class=\"yoast-schema-graph\">{\"@context\":\"https:\/\/schema.org\",\"@graph\":[{\"@type\":\"WebPage\",\"@id\":\"https:\/\/kuken.alfadyser.dev\/producto\/fiambrera-electrica-kuken-para-coche-12v-24v-1-5l\/\",\"url\":\"https:\/\/kuken.alfadyser.dev\/producto\/fiambrera-electrica-kuken-para-coche-12v-24v-1-5l\/\",\"name\":\"FIAMBRERA ELECTRICA KUKEN PARA COCHE 12V-24V 1.5L. - K\u00fcken\",\"isPartOf\":{\"@id\":\"https:\/\/kuken.alfadyser.dev\/#website\"},\"primaryImageOfPage\":{\"@id\":\"https:\/\/kuken.alfadyser.dev\/producto\/fiambrera-electrica-kuken-para-coche-12v-24v-1-5l\/#primaryimage\"},\"image\":{\"@id\":\"https:\/\/kuken.alfadyser.dev\/producto\/fiambrera-electrica-kuken-para-coche-12v-24v-1-5l\/#primaryimage\"},\"thumbnailUrl\":\"https:\/\/kuken.alfadyser.dev\/wp-content\/uploads\/8425160355739_01.jpg\",\"datePublished\":\"2023-08-07T08:33:09+00:00\",\"dateModified\":\"2025-07-28T10:07:03+00:00\",\"description\":\"Fiambrera el\u00e9ctrica Kuken para coche 12V-24V 1.5L, con recipiente de acero, herm\u00e9tica, resistente al calor y bolsa de transporte incluida.\",\"breadcrumb\":{\"@id\":\"https:\/\/kuken.alfadyser.dev\/producto\/fiambrera-electrica-kuken-para-coche-12v-24v-1-5l\/#breadcrumb\"},\"inLanguage\":\"pt-PT\",\"potentialAction\":[{\"@type\":\"ReadAction\",\"target\":[\"https:\/\/kuken.alfadyser.dev\/producto\/fiambrera-electrica-kuken-para-coche-12v-24v-1-5l\/\"]}]},{\"@type\":\"ImageObject\",\"inLanguage\":\"pt-PT\",\"@id\":\"https:\/\/kuken.alfadyser.dev\/producto\/fiambrera-electrica-kuken-para-coche-12v-24v-1-5l\/#primaryimage\",\"url\":\"https:\/\/kuken.alfadyser.dev\/wp-content\/uploads\/8425160355739_01.jpg\",\"contentUrl\":\"https:\/\/kuken.alfadyser.dev\/wp-content\/uploads\/8425160355739_01.jpg\",\"width\":2000,\"height\":2000},{\"@type\":\"BreadcrumbList\",\"@id\":\"https:\/\/kuken.alfadyser.dev\/producto\/fiambrera-electrica-kuken-para-coche-12v-24v-1-5l\/#breadcrumb\",\"itemListElement\":[{\"@type\":\"ListItem\",\"position\":1,\"name\":\"Portada\",\"item\":\"https:\/\/kuken.alfadyser.dev\/\"},{\"@type\":\"ListItem\",\"position\":2,\"name\":\"Productos\",\"item\":\"https:\/\/kuken.alfadyser.dev\/productos\/\"},{\"@type\":\"ListItem\",\"position\":3,\"name\":\"FIAMBRERA ELECTRICA KUKEN PARA COCHE 12V-24V 1.5L.\"}]},{\"@type\":\"WebSite\",\"@id\":\"https:\/\/kuken.alfadyser.dev\/#website\",\"url\":\"https:\/\/kuken.alfadyser.dev\/\",\"name\":\"K\u00fcken\",\"description\":\"Amplia gama de peque\u00f1o electrodom\u00e9stico k\u00fcken\",\"publisher\":{\"@id\":\"https:\/\/kuken.alfadyser.dev\/#organization\"},\"potentialAction\":[{\"@type\":\"SearchAction\",\"target\":{\"@type\":\"EntryPoint\",\"urlTemplate\":\"https:\/\/kuken.alfadyser.dev\/?s={search_term_string}\"},\"query-input\":{\"@type\":\"PropertyValueSpecification\",\"valueRequired\":true,\"valueName\":\"search_term_string\"}}],\"inLanguage\":\"pt-PT\"},{\"@type\":\"Organization\",\"@id\":\"https:\/\/kuken.alfadyser.dev\/#organization\",\"name\":\"Alfa Dyser\",\"url\":\"https:\/\/kuken.alfadyser.dev\/\",\"logo\":{\"@type\":\"ImageObject\",\"inLanguage\":\"pt-PT\",\"@id\":\"https:\/\/kuken.alfadyser.dev\/#\/schema\/logo\/image\/\",\"url\":\"https:\/\/kuken.alfadyser.dev\/wp-content\/uploads\/2019\/04\/kuken-logo.png\",\"contentUrl\":\"https:\/\/kuken.alfadyser.dev\/wp-content\/uploads\/2019\/04\/kuken-logo.png\",\"width\":500,\"height\":191,\"caption\":\"Alfa Dyser\"},\"image\":{\"@id\":\"https:\/\/kuken.alfadyser.dev\/#\/schema\/logo\/image\/\"},\"sameAs\":[\"https:\/\/es-es.facebook.com\/alfadyser\/\",\"https:\/\/www.instagram.com\/kuken_appliances\/\"]}]}<\/script>\n<meta property=\"product:price:currency\" content=\"EUR\" \/>\n<meta property=\"og:availability\" content=\"instock\" \/>\n<meta property=\"product:availability\" content=\"instock\" \/>\n<meta property=\"product:retailer_item_id\" content=\"34361\" \/>\n<meta property=\"product:condition\" content=\"new\" \/>\n<!-- \/ Yoast SEO Premium plugin. -->","yoast_head_json":{"title":"FIAMBRERA ELECTRICA KUKEN PARA COCHE 12V-24V 1.5L. - K\u00fcken","description":"Fiambrera el\u00e9ctrica Kuken para coche 12V-24V 1.5L, con recipiente de acero, herm\u00e9tica, resistente al calor y bolsa de transporte incluida.","robots":{"index":"noindex","follow":"follow","max-snippet":"max-snippet:-1","max-image-preview":"max-image-preview:large","max-video-preview":"max-video-preview:-1"},"og_locale":"pt_PT","og_type":"article","og_title":"FIAMBRERA ELECTRICA KUKEN PARA COCHE 12V-24V 1.5L.","og_description":"Fiambrera el\u00e9ctrica Kuken para coche 12V-24V 1.5L, con recipiente de acero, herm\u00e9tica, resistente al calor y bolsa de transporte incluida.","og_url":"https:\/\/kuken.alfadyser.dev\/pt\/produto\/fiambrera-electrica-kuken-para-coche-12v-24v-1-5l\/","og_site_name":"K\u00fcken","article_publisher":"https:\/\/es-es.facebook.com\/alfadyser\/","article_modified_time":"2025-07-28T10:07:03+00:00","og_image":[{"width":2000,"height":2000,"url":"https:\/\/kuken.alfadyser.dev\/wp-content\/uploads\/8425160355739_01.jpg","type":"image\/jpeg"}],"twitter_card":"summary_large_image","twitter_misc":{"pre\u00e7o":"","Disponibilidade":"Em stock"},"schema":{"@context":"https:\/\/schema.org","@graph":[{"@type":"WebPage","@id":"https:\/\/kuken.alfadyser.dev\/producto\/fiambrera-electrica-kuken-para-coche-12v-24v-1-5l\/","url":"https:\/\/kuken.alfadyser.dev\/producto\/fiambrera-electrica-kuken-para-coche-12v-24v-1-5l\/","name":"FIAMBRERA ELECTRICA KUKEN PARA COCHE 12V-24V 1.5L. - K\u00fcken","isPartOf":{"@id":"https:\/\/kuken.alfadyser.dev\/#website"},"primaryImageOfPage":{"@id":"https:\/\/kuken.alfadyser.dev\/producto\/fiambrera-electrica-kuken-para-coche-12v-24v-1-5l\/#primaryimage"},"image":{"@id":"https:\/\/kuken.alfadyser.dev\/producto\/fiambrera-electrica-kuken-para-coche-12v-24v-1-5l\/#primaryimage"},"thumbnailUrl":"https:\/\/kuken.alfadyser.dev\/wp-content\/uploads\/8425160355739_01.jpg","datePublished":"2023-08-07T08:33:09+00:00","dateModified":"2025-07-28T10:07:03+00:00","description":"Fiambrera el\u00e9ctrica Kuken para coche 12V-24V 1.5L, con recipiente de acero, herm\u00e9tica, resistente al calor y bolsa de transporte incluida.","breadcrumb":{"@id":"https:\/\/kuken.alfadyser.dev\/producto\/fiambrera-electrica-kuken-para-coche-12v-24v-1-5l\/#breadcrumb"},"inLanguage":"pt-PT","potentialAction":[{"@type":"ReadAction","target":["https:\/\/kuken.alfadyser.dev\/producto\/fiambrera-electrica-kuken-para-coche-12v-24v-1-5l\/"]}]},{"@type":"ImageObject","inLanguage":"pt-PT","@id":"https:\/\/kuken.alfadyser.dev\/producto\/fiambrera-electrica-kuken-para-coche-12v-24v-1-5l\/#primaryimage","url":"https:\/\/kuken.alfadyser.dev\/wp-content\/uploads\/8425160355739_01.jpg","contentUrl":"https:\/\/kuken.alfadyser.dev\/wp-content\/uploads\/8425160355739_01.jpg","width":2000,"height":2000},{"@type":"BreadcrumbList","@id":"https:\/\/kuken.alfadyser.dev\/producto\/fiambrera-electrica-kuken-para-coche-12v-24v-1-5l\/#breadcrumb","itemListElement":[{"@type":"ListItem","position":1,"name":"Portada","item":"https:\/\/kuken.alfadyser.dev\/"},{"@type":"ListItem","position":2,"name":"Productos","item":"https:\/\/kuken.alfadyser.dev\/productos\/"},{"@type":"ListItem","position":3,"name":"FIAMBRERA ELECTRICA KUKEN PARA COCHE 12V-24V 1.5L."}]},{"@type":"WebSite","@id":"https:\/\/kuken.alfadyser.dev\/#website","url":"https:\/\/kuken.alfadyser.dev\/","name":"K\u00fcken","description":"Vasta gama de pequenos electrodom\u00e9sticos k\u00fcken","publisher":{"@id":"https:\/\/kuken.alfadyser.dev\/#organization"},"potentialAction":[{"@type":"SearchAction","target":{"@type":"EntryPoint","urlTemplate":"https:\/\/kuken.alfadyser.dev\/?s={search_term_string}"},"query-input":{"@type":"PropertyValueSpecification","valueRequired":true,"valueName":"search_term_string"}}],"inLanguage":"pt-PT"},{"@type":"Organization","@id":"https:\/\/kuken.alfadyser.dev\/#organization","name":"Alpha Dyser","url":"https:\/\/kuken.alfadyser.dev\/","logo":{"@type":"ImageObject","inLanguage":"pt-PT","@id":"https:\/\/kuken.alfadyser.dev\/#\/schema\/logo\/image\/","url":"https:\/\/kuken.alfadyser.dev\/wp-content\/uploads\/2019\/04\/kuken-logo.png","contentUrl":"https:\/\/kuken.alfadyser.dev\/wp-content\/uploads\/2019\/04\/kuken-logo.png","width":500,"height":191,"caption":"Alfa Dyser"},"image":{"@id":"https:\/\/kuken.alfadyser.dev\/#\/schema\/logo\/image\/"},"sameAs":["https:\/\/es-es.facebook.com\/alfadyser\/","https:\/\/www.instagram.com\/kuken_appliances\/"]}]},"product_price_currency":"EUR","og_availability":"instock","product_availability":"instock","product_retailer_item_id":"34361","product_condition":"new"},"_links":{"self":[{"href":"https:\/\/kuken.alfadyser.dev\/pt\/wp-json\/wp\/v2\/product\/10463","targetHints":{"allow":["GET"]}}],"collection":[{"href":"https:\/\/kuken.alfadyser.dev\/pt\/wp-json\/wp\/v2\/product"}],"about":[{"href":"https:\/\/kuken.alfadyser.dev\/pt\/wp-json\/wp\/v2\/types\/product"}],"wp:featuredmedia":[{"embeddable":true,"href":"https:\/\/kuken.alfadyser.dev\/pt\/wp-json\/wp\/v2\/media\/10306"}],"wp:attachment":[{"href":"https:\/\/kuken.alfadyser.dev\/pt\/wp-json\/wp\/v2\/media?parent=10463"}],"wp:term":[{"taxonomy":"product_brand","embeddable":true,"href":"https:\/\/kuken.alfadyser.dev\/pt\/wp-json\/wp\/v2\/product_brand?post=10463"},{"taxonomy":"product_cat","embeddable":true,"href":"https:\/\/kuken.alfadyser.dev\/pt\/wp-json\/wp\/v2\/product_cat?post=10463"},{"taxonomy":"product_tag","embeddable":true,"href":"https:\/\/kuken.alfadyser.dev\/pt\/wp-json\/wp\/v2\/product_tag?post=10463"}],"curies":[{"name":"wp","href":"https:\/\/api.w.org\/{rel}","templated":true}]}}