{"id":10442,"date":"2023-08-07T08:48:09","date_gmt":"2023-08-07T06:48:09","guid":{"rendered":"https:\/\/kuken.alfadyser.dev\/?post_type=product&#038;p=10442"},"modified":"2025-07-30T12:28:09","modified_gmt":"2025-07-30T10:28:09","slug":"batidora-brazo-inox-1500w-vaso-kuken-premium-vintage-engranaje-metalico-copia","status":"publish","type":"product","link":"https:\/\/kuken.alfadyser.dev\/pt\/produto\/batidora-brazo-inox-1500w-vaso-kuken-premium-vintage-engranaje-metalico-copia\/","title":{"rendered":"MISTURADOR DE BRA\u00c7O EM A\u00c7O INOXID\u00c1VEL 1500W KUKEN PREMIUM VINTAGE TUMBLER METAL GEAR"},"content":{"rendered":"<p>MISTURADOR DE BRA\u00c7O EM A\u00c7O INOXID\u00c1VEL 1500W KUKEN PREMIUM VINTAGE TUMBLER METAL GEAR<\/p>\n<ul data-start=\"911\" data-end=\"1645\">\n<li data-start=\"911\" data-end=\"988\">\n<p data-start=\"913\" data-end=\"988\">Cuerpo, brazo y cuchillas en acero inoxidable, resistente y duradero.<\/p>\n<\/li>\n<li data-start=\"989\" data-end=\"1052\">\n<p data-start=\"991\" data-end=\"1052\">Acabado verde Vintage, con dise\u00f1o elegante y exclusivo.<\/p>\n<\/li>\n<li data-start=\"1053\" data-end=\"1121\">\n<p data-start=\"1055\" data-end=\"1121\">Motor de 1500W que permite picar hielo a punto de nieve.<\/p>\n<\/li>\n<li data-start=\"1122\" data-end=\"1182\">\n<p data-start=\"1124\" data-end=\"1182\">Brazo desmontable, facilita la limpieza tras su uso.<\/p>\n<\/li>\n<li data-start=\"1183\" data-end=\"1253\">\n<p data-start=\"1185\" data-end=\"1253\">Engranaje met\u00e1lico interior, alta resistencia en uso continuo.<\/p>\n<\/li>\n<li data-start=\"1254\" data-end=\"1323\">\n<p data-start=\"1256\" data-end=\"1323\">Doble velocidad: velocidad 1 regulable y velocidad Turbo.<\/p>\n<\/li>\n<li data-start=\"1324\" data-end=\"1393\">\n<p data-start=\"1326\" data-end=\"1393\">Regulador de potencia adaptable seg\u00fan el tipo de preparaci\u00f3n.<\/p>\n<\/li>\n<li data-start=\"1394\" data-end=\"1456\">\n<p data-start=\"1396\" data-end=\"1456\">Botones con luz LED integrada, modernos y funcionales.<\/p>\n<\/li>\n<li data-start=\"1457\" data-end=\"1532\">\n<p data-start=\"1459\" data-end=\"1532\">Cable rizado extensible hasta 110 cm, mayor libertad de movimiento.<\/p>\n<\/li>\n<li data-start=\"1533\" data-end=\"1586\">\n<p data-start=\"1535\" data-end=\"1586\">Mango ergon\u00f3mico, c\u00f3modo y seguro en la mano.<\/p>\n<\/li>\n<li data-start=\"1587\" data-end=\"1645\">\n<p data-start=\"1589\" data-end=\"1645\">Incluye vaso medidor de 800 ml, con marcas precisas.<\/p>\n<\/li>\n<\/ul>\n<div class=\"accordion\"><div class=\"mfn-acc accordion_wrapper  toggle\"><br \/>\n<div class=\"question\"><div class=\"title\"><i class=\"icon-plus acc-icon-plus\" aria-hidden=\"true\"><\/i><i class=\"icon-minus acc-icon-minus\" aria-hidden=\"true\"><\/i>Dados do produto<\/div><div class=\"answer\"><\/p>\n<p>MISTURADOR DE BRA\u00c7O EM A\u00c7O INOXID\u00c1VEL 1500W KUKEN PREMIUM VINTAGE TUMBLER METAL GEAR<\/p>\n<p>EAN 8425160343217<\/p>\n<p>Unidade de embalagem 1<br \/>\nColor Verde e Inox<br \/>\nEmbalagem Caixa colorida<br \/>\nPot\u00eancia 1500 W<br \/>\nTens\u00e3o 230 V<br \/>\nTamanho m\u00e9dio<br \/>\nMaterial A\u00e7o inoxid\u00e1vel<br \/>\nFunci\u00f3n turbo S\u00ed<br \/>\nDestac\u00e1vel Sim<br \/>\n<\/div><\/div>\n<br \/>\n<\/div><\/div>\n\n<div class=\"accordion\"><div class=\"mfn-acc accordion_wrapper  toggle\"><br \/>\n<div class=\"question\"><div class=\"title\"><i class=\"icon-plus acc-icon-plus\" aria-hidden=\"true\"><\/i><i class=\"icon-minus acc-icon-minus\" aria-hidden=\"true\"><\/i>Acess\u00f3rios<\/div><div class=\"answer\"><br \/>\nVaso medido<br \/>\n<\/div><\/div>\n<br \/>\n<\/div><\/div>\n\n<p>&lt;<\/p>\n<div class=\"descargas-producto\"><img loading=\"lazy\" decoding=\"async\" src=\"\/wp-content\/uploads\/2019\/12\/picto-descarrega.png\" alt=\"descarregar ficha de dados\" width=\"23\" height=\"16\" \/><a href=\"https:\/\/kuken.alfadyser.dev\/wp-content\/uploads\/8425160327392_ficha_tecnica.pdf\">Descarregar ficha<\/a><br \/>\n<img loading=\"lazy\" decoding=\"async\" src=\"\/wp-content\/uploads\/2019\/12\/picto-descarrega.png\" alt=\"descarregar manual de instru\u00e7\u00f5es\" width=\"23\" height=\"16\" \/><a href=\"https:\/\/kuken.alfadyser.dev\/wp-content\/uploads\/34321_instrucciones_compressed.pdf\">Descarregar o manual<\/a><\/div>\n<div><span style=\"color: #bf2121;\">Siga-nos nas redes sociais!<\/span><\/div>\n<div><a href=\"https:\/\/www.instagram.com\/kuken_appliances\/\">https:\/\/www.instagram.com\/kuken_appliances\/<\/a><\/div>\n<p><iframe loading=\"lazy\" title=\"Batidora brazo vintage k\u00fcken\" width=\"560\" height=\"315\" src=\"https:\/\/www.youtube.com\/embed\/HHW-0CgMuEU?feature=oembed\" frameborder=\"0\" allow=\"accelerometer; autoplay; clipboard-write; encrypted-media; gyroscope; picture-in-picture; web-share\" referrerpolicy=\"strict-origin-when-cross-origin\" allowfullscreen><\/iframe><\/p>","protected":false},"excerpt":{"rendered":"<p data-start=\"579\" data-end=\"740\">Dise\u00f1o vintage y potencia profesional. Esta batidora ofrece precisi\u00f3n, durabilidad y accesorios vers\u00e1tiles para batir, triturar o mezclar con comodidad y estilo.<\/p>\n<blockquote data-start=\"742\" data-end=\"843\">\n<p data-start=\"744\" data-end=\"843\">\n<\/blockquote>","protected":false},"featured_media":10443,"template":"","meta":[],"product_brand":[],"product_cat":[206],"product_tag":[],"class_list":{"0":"post-10442","1":"product","2":"type-product","3":"status-publish","4":"has-post-thumbnail","6":"product_cat-batidoras","7":"pa_tipo-batidora-brazo","9":"first","10":"instock","11":"product-type-simple"},"yoast_head":"<!-- This site is optimized with the Yoast SEO Premium plugin v24.0 (Yoast SEO v26.5) - https:\/\/yoast.com\/wordpress\/plugins\/seo\/ -->\n<title>BATIDORA BRAZO INOX 1500W VASO KUKEN PREMIUM VINTAGE ENGRANAJE MET\u00c1LICO k\u00fcken<\/title>\n<meta name=\"description\" content=\"Batidora brazo inox 1500W vaso Kuken Premium Vintage, con engranaje met\u00e1lico, brazo desmontable, doble velocidad y cuchillas para picar hielo.\" \/>\n<meta name=\"robots\" content=\"noindex, follow, max-snippet:-1, max-image-preview:large, max-video-preview:-1\" \/>\n<meta property=\"og:locale\" content=\"pt_PT\" \/>\n<meta property=\"og:type\" content=\"article\" \/>\n<meta property=\"og:title\" content=\"BATIDORA BRAZO INOX 1500W VASO KUKEN PREMIUM VINTAGE ENGRANAJE MET\u00c1LICO\" \/>\n<meta property=\"og:description\" content=\"Batidora brazo inox 1500W vaso Kuken Premium Vintage, con engranaje met\u00e1lico, brazo desmontable, doble velocidad y cuchillas para picar hielo.\" \/>\n<meta property=\"og:url\" content=\"https:\/\/kuken.alfadyser.dev\/pt\/produto\/batidora-brazo-inox-1500w-vaso-kuken-premium-vintage-engranaje-metalico-copia\/\" \/>\n<meta property=\"og:site_name\" content=\"K\u00fcken\" \/>\n<meta property=\"article:publisher\" content=\"https:\/\/es-es.facebook.com\/alfadyser\/\" \/>\n<meta property=\"article:modified_time\" content=\"2025-07-30T10:28:09+00:00\" \/>\n<meta property=\"og:image\" content=\"https:\/\/kuken.alfadyser.dev\/wp-content\/uploads\/8425160343217_01.jpg\" \/>\n\t<meta property=\"og:image:width\" content=\"2000\" \/>\n\t<meta property=\"og:image:height\" content=\"2000\" \/>\n\t<meta property=\"og:image:type\" content=\"image\/jpeg\" \/>\n<meta name=\"twitter:card\" content=\"summary_large_image\" \/>\n<meta name=\"twitter:label1\" content=\"pre\u00e7o\" \/>\n\t<meta name=\"twitter:data1\" content=\"\" \/>\n\t<meta name=\"twitter:label2\" content=\"Disponibilidade\" \/>\n\t<meta name=\"twitter:data2\" content=\"Em stock\" \/>\n<script type=\"application\/ld+json\" class=\"yoast-schema-graph\">{\"@context\":\"https:\/\/schema.org\",\"@graph\":[{\"@type\":\"WebPage\",\"@id\":\"https:\/\/kuken.alfadyser.dev\/producto\/batidora-brazo-inox-1500w-vaso-kuken-premium-vintage-engranaje-metalico-copia\/\",\"url\":\"https:\/\/kuken.alfadyser.dev\/producto\/batidora-brazo-inox-1500w-vaso-kuken-premium-vintage-engranaje-metalico-copia\/\",\"name\":\"BATIDORA BRAZO INOX 1500W VASO KUKEN PREMIUM VINTAGE ENGRANAJE MET\u00c1LICO k\u00fcken\",\"isPartOf\":{\"@id\":\"https:\/\/kuken.alfadyser.dev\/#website\"},\"primaryImageOfPage\":{\"@id\":\"https:\/\/kuken.alfadyser.dev\/producto\/batidora-brazo-inox-1500w-vaso-kuken-premium-vintage-engranaje-metalico-copia\/#primaryimage\"},\"image\":{\"@id\":\"https:\/\/kuken.alfadyser.dev\/producto\/batidora-brazo-inox-1500w-vaso-kuken-premium-vintage-engranaje-metalico-copia\/#primaryimage\"},\"thumbnailUrl\":\"https:\/\/kuken.alfadyser.dev\/wp-content\/uploads\/8425160343217_01.jpg\",\"datePublished\":\"2023-08-07T06:48:09+00:00\",\"dateModified\":\"2025-07-30T10:28:09+00:00\",\"description\":\"Batidora brazo inox 1500W vaso Kuken Premium Vintage, con engranaje met\u00e1lico, brazo desmontable, doble velocidad y cuchillas para picar hielo.\",\"breadcrumb\":{\"@id\":\"https:\/\/kuken.alfadyser.dev\/producto\/batidora-brazo-inox-1500w-vaso-kuken-premium-vintage-engranaje-metalico-copia\/#breadcrumb\"},\"inLanguage\":\"pt-PT\",\"potentialAction\":[{\"@type\":\"ReadAction\",\"target\":[\"https:\/\/kuken.alfadyser.dev\/producto\/batidora-brazo-inox-1500w-vaso-kuken-premium-vintage-engranaje-metalico-copia\/\"]}]},{\"@type\":\"ImageObject\",\"inLanguage\":\"pt-PT\",\"@id\":\"https:\/\/kuken.alfadyser.dev\/producto\/batidora-brazo-inox-1500w-vaso-kuken-premium-vintage-engranaje-metalico-copia\/#primaryimage\",\"url\":\"https:\/\/kuken.alfadyser.dev\/wp-content\/uploads\/8425160343217_01.jpg\",\"contentUrl\":\"https:\/\/kuken.alfadyser.dev\/wp-content\/uploads\/8425160343217_01.jpg\",\"width\":2000,\"height\":2000},{\"@type\":\"BreadcrumbList\",\"@id\":\"https:\/\/kuken.alfadyser.dev\/producto\/batidora-brazo-inox-1500w-vaso-kuken-premium-vintage-engranaje-metalico-copia\/#breadcrumb\",\"itemListElement\":[{\"@type\":\"ListItem\",\"position\":1,\"name\":\"Portada\",\"item\":\"https:\/\/kuken.alfadyser.dev\/\"},{\"@type\":\"ListItem\",\"position\":2,\"name\":\"Productos\",\"item\":\"https:\/\/kuken.alfadyser.dev\/productos\/\"},{\"@type\":\"ListItem\",\"position\":3,\"name\":\"BATIDORA BRAZO INOX 1500W VASO KUKEN PREMIUM VINTAGE ENGRANAJE MET\u00c1LICO\"}]},{\"@type\":\"WebSite\",\"@id\":\"https:\/\/kuken.alfadyser.dev\/#website\",\"url\":\"https:\/\/kuken.alfadyser.dev\/\",\"name\":\"K\u00fcken\",\"description\":\"Amplia gama de peque\u00f1o electrodom\u00e9stico k\u00fcken\",\"publisher\":{\"@id\":\"https:\/\/kuken.alfadyser.dev\/#organization\"},\"potentialAction\":[{\"@type\":\"SearchAction\",\"target\":{\"@type\":\"EntryPoint\",\"urlTemplate\":\"https:\/\/kuken.alfadyser.dev\/?s={search_term_string}\"},\"query-input\":{\"@type\":\"PropertyValueSpecification\",\"valueRequired\":true,\"valueName\":\"search_term_string\"}}],\"inLanguage\":\"pt-PT\"},{\"@type\":\"Organization\",\"@id\":\"https:\/\/kuken.alfadyser.dev\/#organization\",\"name\":\"Alfa Dyser\",\"url\":\"https:\/\/kuken.alfadyser.dev\/\",\"logo\":{\"@type\":\"ImageObject\",\"inLanguage\":\"pt-PT\",\"@id\":\"https:\/\/kuken.alfadyser.dev\/#\/schema\/logo\/image\/\",\"url\":\"https:\/\/kuken.alfadyser.dev\/wp-content\/uploads\/2019\/04\/kuken-logo.png\",\"contentUrl\":\"https:\/\/kuken.alfadyser.dev\/wp-content\/uploads\/2019\/04\/kuken-logo.png\",\"width\":500,\"height\":191,\"caption\":\"Alfa Dyser\"},\"image\":{\"@id\":\"https:\/\/kuken.alfadyser.dev\/#\/schema\/logo\/image\/\"},\"sameAs\":[\"https:\/\/es-es.facebook.com\/alfadyser\/\",\"https:\/\/www.instagram.com\/kuken_appliances\/\"]}]}<\/script>\n<meta property=\"product:price:currency\" content=\"EUR\" \/>\n<meta property=\"og:availability\" content=\"instock\" \/>\n<meta property=\"product:availability\" content=\"instock\" \/>\n<meta property=\"product:retailer_item_id\" content=\"34321\" \/>\n<meta property=\"product:condition\" content=\"new\" \/>\n<!-- \/ Yoast SEO Premium plugin. -->","yoast_head_json":{"title":"BATIDORA BRAZO INOX 1500W VASO KUKEN PREMIUM VINTAGE ENGRANAJE MET\u00c1LICO k\u00fcken","description":"Batidora brazo inox 1500W vaso Kuken Premium Vintage, con engranaje met\u00e1lico, brazo desmontable, doble velocidad y cuchillas para picar hielo.","robots":{"index":"noindex","follow":"follow","max-snippet":"max-snippet:-1","max-image-preview":"max-image-preview:large","max-video-preview":"max-video-preview:-1"},"og_locale":"pt_PT","og_type":"article","og_title":"BATIDORA BRAZO INOX 1500W VASO KUKEN PREMIUM VINTAGE ENGRANAJE MET\u00c1LICO","og_description":"Batidora brazo inox 1500W vaso Kuken Premium Vintage, con engranaje met\u00e1lico, brazo desmontable, doble velocidad y cuchillas para picar hielo.","og_url":"https:\/\/kuken.alfadyser.dev\/pt\/produto\/batidora-brazo-inox-1500w-vaso-kuken-premium-vintage-engranaje-metalico-copia\/","og_site_name":"K\u00fcken","article_publisher":"https:\/\/es-es.facebook.com\/alfadyser\/","article_modified_time":"2025-07-30T10:28:09+00:00","og_image":[{"width":2000,"height":2000,"url":"https:\/\/kuken.alfadyser.dev\/wp-content\/uploads\/8425160343217_01.jpg","type":"image\/jpeg"}],"twitter_card":"summary_large_image","twitter_misc":{"pre\u00e7o":"","Disponibilidade":"Em stock"},"schema":{"@context":"https:\/\/schema.org","@graph":[{"@type":"WebPage","@id":"https:\/\/kuken.alfadyser.dev\/producto\/batidora-brazo-inox-1500w-vaso-kuken-premium-vintage-engranaje-metalico-copia\/","url":"https:\/\/kuken.alfadyser.dev\/producto\/batidora-brazo-inox-1500w-vaso-kuken-premium-vintage-engranaje-metalico-copia\/","name":"BATIDORA BRAZO INOX 1500W VASO KUKEN PREMIUM VINTAGE ENGRANAJE MET\u00c1LICO k\u00fcken","isPartOf":{"@id":"https:\/\/kuken.alfadyser.dev\/#website"},"primaryImageOfPage":{"@id":"https:\/\/kuken.alfadyser.dev\/producto\/batidora-brazo-inox-1500w-vaso-kuken-premium-vintage-engranaje-metalico-copia\/#primaryimage"},"image":{"@id":"https:\/\/kuken.alfadyser.dev\/producto\/batidora-brazo-inox-1500w-vaso-kuken-premium-vintage-engranaje-metalico-copia\/#primaryimage"},"thumbnailUrl":"https:\/\/kuken.alfadyser.dev\/wp-content\/uploads\/8425160343217_01.jpg","datePublished":"2023-08-07T06:48:09+00:00","dateModified":"2025-07-30T10:28:09+00:00","description":"Batidora brazo inox 1500W vaso Kuken Premium Vintage, con engranaje met\u00e1lico, brazo desmontable, doble velocidad y cuchillas para picar hielo.","breadcrumb":{"@id":"https:\/\/kuken.alfadyser.dev\/producto\/batidora-brazo-inox-1500w-vaso-kuken-premium-vintage-engranaje-metalico-copia\/#breadcrumb"},"inLanguage":"pt-PT","potentialAction":[{"@type":"ReadAction","target":["https:\/\/kuken.alfadyser.dev\/producto\/batidora-brazo-inox-1500w-vaso-kuken-premium-vintage-engranaje-metalico-copia\/"]}]},{"@type":"ImageObject","inLanguage":"pt-PT","@id":"https:\/\/kuken.alfadyser.dev\/producto\/batidora-brazo-inox-1500w-vaso-kuken-premium-vintage-engranaje-metalico-copia\/#primaryimage","url":"https:\/\/kuken.alfadyser.dev\/wp-content\/uploads\/8425160343217_01.jpg","contentUrl":"https:\/\/kuken.alfadyser.dev\/wp-content\/uploads\/8425160343217_01.jpg","width":2000,"height":2000},{"@type":"BreadcrumbList","@id":"https:\/\/kuken.alfadyser.dev\/producto\/batidora-brazo-inox-1500w-vaso-kuken-premium-vintage-engranaje-metalico-copia\/#breadcrumb","itemListElement":[{"@type":"ListItem","position":1,"name":"Portada","item":"https:\/\/kuken.alfadyser.dev\/"},{"@type":"ListItem","position":2,"name":"Productos","item":"https:\/\/kuken.alfadyser.dev\/productos\/"},{"@type":"ListItem","position":3,"name":"BATIDORA BRAZO INOX 1500W VASO KUKEN PREMIUM VINTAGE ENGRANAJE MET\u00c1LICO"}]},{"@type":"WebSite","@id":"https:\/\/kuken.alfadyser.dev\/#website","url":"https:\/\/kuken.alfadyser.dev\/","name":"K\u00fcken","description":"Vasta gama de pequenos electrodom\u00e9sticos k\u00fcken","publisher":{"@id":"https:\/\/kuken.alfadyser.dev\/#organization"},"potentialAction":[{"@type":"SearchAction","target":{"@type":"EntryPoint","urlTemplate":"https:\/\/kuken.alfadyser.dev\/?s={search_term_string}"},"query-input":{"@type":"PropertyValueSpecification","valueRequired":true,"valueName":"search_term_string"}}],"inLanguage":"pt-PT"},{"@type":"Organization","@id":"https:\/\/kuken.alfadyser.dev\/#organization","name":"Alpha Dyser","url":"https:\/\/kuken.alfadyser.dev\/","logo":{"@type":"ImageObject","inLanguage":"pt-PT","@id":"https:\/\/kuken.alfadyser.dev\/#\/schema\/logo\/image\/","url":"https:\/\/kuken.alfadyser.dev\/wp-content\/uploads\/2019\/04\/kuken-logo.png","contentUrl":"https:\/\/kuken.alfadyser.dev\/wp-content\/uploads\/2019\/04\/kuken-logo.png","width":500,"height":191,"caption":"Alfa Dyser"},"image":{"@id":"https:\/\/kuken.alfadyser.dev\/#\/schema\/logo\/image\/"},"sameAs":["https:\/\/es-es.facebook.com\/alfadyser\/","https:\/\/www.instagram.com\/kuken_appliances\/"]}]},"product_price_currency":"EUR","og_availability":"instock","product_availability":"instock","product_retailer_item_id":"34321","product_condition":"new"},"_links":{"self":[{"href":"https:\/\/kuken.alfadyser.dev\/pt\/wp-json\/wp\/v2\/product\/10442","targetHints":{"allow":["GET"]}}],"collection":[{"href":"https:\/\/kuken.alfadyser.dev\/pt\/wp-json\/wp\/v2\/product"}],"about":[{"href":"https:\/\/kuken.alfadyser.dev\/pt\/wp-json\/wp\/v2\/types\/product"}],"wp:featuredmedia":[{"embeddable":true,"href":"https:\/\/kuken.alfadyser.dev\/pt\/wp-json\/wp\/v2\/media\/10443"}],"wp:attachment":[{"href":"https:\/\/kuken.alfadyser.dev\/pt\/wp-json\/wp\/v2\/media?parent=10442"}],"wp:term":[{"taxonomy":"product_brand","embeddable":true,"href":"https:\/\/kuken.alfadyser.dev\/pt\/wp-json\/wp\/v2\/product_brand?post=10442"},{"taxonomy":"product_cat","embeddable":true,"href":"https:\/\/kuken.alfadyser.dev\/pt\/wp-json\/wp\/v2\/product_cat?post=10442"},{"taxonomy":"product_tag","embeddable":true,"href":"https:\/\/kuken.alfadyser.dev\/pt\/wp-json\/wp\/v2\/product_tag?post=10442"}],"curies":[{"name":"wp","href":"https:\/\/api.w.org\/{rel}","templated":true}]}}