{"id":10418,"date":"2023-07-26T13:07:37","date_gmt":"2023-07-26T11:07:37","guid":{"rendered":"https:\/\/kuken.alfadyser.dev\/?post_type=product&#038;p=10418"},"modified":"2025-07-22T10:34:38","modified_gmt":"2025-07-22T08:34:38","slug":"liquidificador-de-recipiente-kuken-500w","status":"publish","type":"product","link":"https:\/\/kuken.alfadyser.dev\/pt\/produto\/liquidificador-de-recipiente-kuken-500w\/","title":{"rendered":"MISTURADOR DE RECIPIENTE K\u00dcKEN 500W"},"content":{"rendered":"<p>MISTURADOR DE RECIPIENTE K\u00dcKEN 500W<\/p>\n<ul>\n<li data-start=\"840\" data-end=\"918\">\n<p data-start=\"842\" data-end=\"918\">Motor de 500W, eficiente para frutas y verduras de distintas texturas.<\/p>\n<\/li>\n<li data-start=\"919\" data-end=\"1001\">\n<p data-start=\"921\" data-end=\"1001\">Libre de BPA, seguridad en todos los materiales en contacto con alimentos.<\/p>\n<\/li>\n<li data-start=\"1002\" data-end=\"1069\">\n<p data-start=\"1004\" data-end=\"1069\">Velocidades de 9000 a 23.000 RPM, para un licuado adaptado.<\/p>\n<\/li>\n<li data-start=\"1070\" data-end=\"1147\">\n<p data-start=\"1072\" data-end=\"1147\">Cuerpo en acero inoxidable rojo, con detalles en policarbonato negro.<\/p>\n<\/li>\n<li data-start=\"1148\" data-end=\"1238\">\n<p data-start=\"1150\" data-end=\"1238\">Filtro de acero inoxidable, favorece una extracci\u00f3n m\u00e1s limpia y f\u00e1cil de limpiar.<\/p>\n<\/li>\n<li data-start=\"1239\" data-end=\"1307\">\n<p data-start=\"1241\" data-end=\"1307\">Dos velocidades + funci\u00f3n Pulse, para una licuaci\u00f3n precisa.<\/p>\n<\/li>\n<li data-start=\"1308\" data-end=\"1377\">\n<p data-start=\"1310\" data-end=\"1377\">Contenedor de residuos de 1L, extra\u00edble para mayor comodidad.<\/p>\n<\/li>\n<li data-start=\"1378\" data-end=\"1443\">\n<p data-start=\"1380\" data-end=\"1443\">Jarra de 550 ml con tapa, ideal para servir directamente.<\/p>\n<\/li>\n<li data-start=\"1444\" data-end=\"1506\">\n<p data-start=\"1446\" data-end=\"1506\">Asa lateral de sujeci\u00f3n, facilita el uso y el vertido.<\/p>\n<\/li>\n<li data-start=\"1507\" data-end=\"1582\">\n<p data-start=\"1509\" data-end=\"1582\">Patas de goma antideslizantes, garantizan estabilidad durante su uso.<\/p>\n<\/li>\n<\/ul>\n<p><div class=\"accordion\"><div class=\"mfn-acc accordion_wrapper  toggle\"><div class=\"question\"><div class=\"title\"><i class=\"icon-plus acc-icon-plus\" aria-hidden=\"true\"><\/i><i class=\"icon-minus acc-icon-minus\" aria-hidden=\"true\"><\/i>Dados do produto<\/div><div class=\"answer\">EAN 8425160353360<\/p>\n<p>MISTURADOR DE RECIPIENTE K\u00dcKEN 500W<\/p>\n<p>Unidade de embalagem 1<br \/>\nCor Vermelho \/ Preto<br \/>\nEmbalagem Cor da caixa<br \/>\nPot\u00eancia 500 W<br \/>\nTens\u00e3o 230 V<br \/>\nRecipiente para sumos de 550 ml.<br \/>\nDep\u00f3sito de res\u00edduos de 1 litro<br \/>\nTamanho grande<br \/>\nMaterial Pl\u00e1stico<br \/>\nP\u00e9s antiderrapantes Sim<br \/>\nVelocidade 2<br \/>\nPrima a op\u00e7\u00e3o<br \/>\nDestac\u00e1vel Sim<\/div><\/div>\n<\/div><\/div>\n<br \/>\n<div class=\"accordion\"><div class=\"mfn-acc accordion_wrapper  toggle\"><div class=\"question\"><div class=\"title\"><i class=\"icon-plus acc-icon-plus\" aria-hidden=\"true\"><\/i><i class=\"icon-minus acc-icon-minus\" aria-hidden=\"true\"><\/i>Acess\u00f3rios<\/div><div class=\"answer\"><\/div><\/div>\n<\/div><\/div>\n<\/p>\n<div class=\"descargas-producto\"><img loading=\"lazy\" decoding=\"async\" src=\"\/wp-content\/uploads\/2019\/12\/picto-descarrega.png\" alt=\"descarregar ficha de dados\" width=\"23\" height=\"16\" \/><a href=\"https:\/\/kuken.alfadyser.dev\/wp-content\/uploads\/8425160353360_ficha_tecnica.pdf\">Descarregar ficha<\/a><a href=\"\/wp-content\/uploads\/pdf\/home\" target=\"_blank\" rel=\"noopener noreferrer\"><br \/>\n<\/a><img loading=\"lazy\" decoding=\"async\" src=\"\/wp-content\/uploads\/2019\/12\/picto-descarrega.png\" alt=\"descarregar manual de instru\u00e7\u00f5es\" width=\"23\" height=\"16\" \/><a href=\"https:\/\/kuken.alfadyser.dev\/wp-content\/uploads\/35336_instrucciones_compressed.pdf\">Descarregar o manual<\/a><\/div>\n<div><\/div>\n<div><span style=\"color: #bf2121\">Siga-nos nas redes sociais!<\/span><\/div>\n<div><a href=\"https:\/\/www.instagram.com\/kuken_appliances\/\">https:\/\/www.instagram.com\/kuken_appliances\/<\/a><\/div>","protected":false},"excerpt":{"rendered":"<p data-start=\"499\" data-end=\"650\">Dise\u00f1ada para extraer zumos de forma r\u00e1pida y limpia. Esta licuadora combina potencia, seguridad y funcionalidad para una experiencia pr\u00e1ctica en casa.<\/p>\n<blockquote data-start=\"652\" data-end=\"772\">\n<p data-start=\"654\" data-end=\"772\">\n<\/blockquote>","protected":false},"featured_media":10420,"template":"","meta":[],"product_brand":[],"product_cat":[192],"product_tag":[],"class_list":{"0":"post-10418","1":"product","2":"type-product","3":"status-publish","4":"has-post-thumbnail","6":"product_cat-licuadoras","8":"first","9":"instock","10":"product-type-simple"},"yoast_head":"<!-- This site is optimized with the Yoast SEO Premium plugin v24.0 (Yoast SEO v26.5) - https:\/\/yoast.com\/wordpress\/plugins\/seo\/ -->\n<title>LICUADORA CONTENEDOR 500W K\u00dcKEN - K\u00fcken<\/title>\n<meta name=\"description\" content=\"Licuadora contenedor 500W K\u00fcken con cuerpo inox rojo, filtro en acero, jarra con tapa y doble velocidad. Extrae zumo limpio, r\u00e1pido y sin esfuerzo.\" \/>\n<meta name=\"robots\" content=\"noindex, follow, max-snippet:-1, max-image-preview:large, max-video-preview:-1\" \/>\n<meta property=\"og:locale\" content=\"pt_PT\" \/>\n<meta property=\"og:type\" content=\"article\" \/>\n<meta property=\"og:title\" content=\"LICUADORA CONTENEDOR 500W K\u00dcKEN\" \/>\n<meta property=\"og:description\" content=\"Licuadora contenedor 500W K\u00fcken con cuerpo inox rojo, filtro en acero, jarra con tapa y doble velocidad. Extrae zumo limpio, r\u00e1pido y sin esfuerzo.\" \/>\n<meta property=\"og:url\" content=\"https:\/\/kuken.alfadyser.dev\/pt\/produto\/liquidificador-de-recipiente-kuken-500w\/\" \/>\n<meta property=\"og:site_name\" content=\"K\u00fcken\" \/>\n<meta property=\"article:publisher\" content=\"https:\/\/es-es.facebook.com\/alfadyser\/\" \/>\n<meta property=\"article:modified_time\" content=\"2025-07-22T08:34:38+00:00\" \/>\n<meta property=\"og:image\" content=\"https:\/\/kuken.alfadyser.dev\/wp-content\/uploads\/productos\/35336.jpg\" \/>\n\t<meta property=\"og:image:width\" content=\"2000\" \/>\n\t<meta property=\"og:image:height\" content=\"2000\" \/>\n\t<meta property=\"og:image:type\" content=\"image\/jpeg\" \/>\n<meta name=\"twitter:card\" content=\"summary_large_image\" \/>\n<meta name=\"twitter:label1\" content=\"pre\u00e7o\" \/>\n\t<meta name=\"twitter:data1\" content=\"\" \/>\n\t<meta name=\"twitter:label2\" content=\"Disponibilidade\" \/>\n\t<meta name=\"twitter:data2\" content=\"Em stock\" \/>\n<script type=\"application\/ld+json\" class=\"yoast-schema-graph\">{\"@context\":\"https:\/\/schema.org\",\"@graph\":[{\"@type\":\"WebPage\",\"@id\":\"https:\/\/kuken.alfadyser.dev\/producto\/licuadora-contenedor-500w-kuken\/\",\"url\":\"https:\/\/kuken.alfadyser.dev\/producto\/licuadora-contenedor-500w-kuken\/\",\"name\":\"LICUADORA CONTENEDOR 500W K\u00dcKEN - K\u00fcken\",\"isPartOf\":{\"@id\":\"https:\/\/kuken.alfadyser.dev\/#website\"},\"primaryImageOfPage\":{\"@id\":\"https:\/\/kuken.alfadyser.dev\/producto\/licuadora-contenedor-500w-kuken\/#primaryimage\"},\"image\":{\"@id\":\"https:\/\/kuken.alfadyser.dev\/producto\/licuadora-contenedor-500w-kuken\/#primaryimage\"},\"thumbnailUrl\":\"https:\/\/kuken.alfadyser.dev\/wp-content\/uploads\/productos\/35336.jpg\",\"datePublished\":\"2023-07-26T11:07:37+00:00\",\"dateModified\":\"2025-07-22T08:34:38+00:00\",\"description\":\"Licuadora contenedor 500W K\u00fcken con cuerpo inox rojo, filtro en acero, jarra con tapa y doble velocidad. Extrae zumo limpio, r\u00e1pido y sin esfuerzo.\",\"breadcrumb\":{\"@id\":\"https:\/\/kuken.alfadyser.dev\/producto\/licuadora-contenedor-500w-kuken\/#breadcrumb\"},\"inLanguage\":\"pt-PT\",\"potentialAction\":[{\"@type\":\"ReadAction\",\"target\":[\"https:\/\/kuken.alfadyser.dev\/producto\/licuadora-contenedor-500w-kuken\/\"]}]},{\"@type\":\"ImageObject\",\"inLanguage\":\"pt-PT\",\"@id\":\"https:\/\/kuken.alfadyser.dev\/producto\/licuadora-contenedor-500w-kuken\/#primaryimage\",\"url\":\"https:\/\/kuken.alfadyser.dev\/wp-content\/uploads\/productos\/35336.jpg\",\"contentUrl\":\"https:\/\/kuken.alfadyser.dev\/wp-content\/uploads\/productos\/35336.jpg\",\"width\":2000,\"height\":2000},{\"@type\":\"BreadcrumbList\",\"@id\":\"https:\/\/kuken.alfadyser.dev\/producto\/licuadora-contenedor-500w-kuken\/#breadcrumb\",\"itemListElement\":[{\"@type\":\"ListItem\",\"position\":1,\"name\":\"Portada\",\"item\":\"https:\/\/kuken.alfadyser.dev\/\"},{\"@type\":\"ListItem\",\"position\":2,\"name\":\"Productos\",\"item\":\"https:\/\/kuken.alfadyser.dev\/productos\/\"},{\"@type\":\"ListItem\",\"position\":3,\"name\":\"LICUADORA CONTENEDOR 500W K\u00dcKEN\"}]},{\"@type\":\"WebSite\",\"@id\":\"https:\/\/kuken.alfadyser.dev\/#website\",\"url\":\"https:\/\/kuken.alfadyser.dev\/\",\"name\":\"K\u00fcken\",\"description\":\"Amplia gama de peque\u00f1o electrodom\u00e9stico k\u00fcken\",\"publisher\":{\"@id\":\"https:\/\/kuken.alfadyser.dev\/#organization\"},\"potentialAction\":[{\"@type\":\"SearchAction\",\"target\":{\"@type\":\"EntryPoint\",\"urlTemplate\":\"https:\/\/kuken.alfadyser.dev\/?s={search_term_string}\"},\"query-input\":{\"@type\":\"PropertyValueSpecification\",\"valueRequired\":true,\"valueName\":\"search_term_string\"}}],\"inLanguage\":\"pt-PT\"},{\"@type\":\"Organization\",\"@id\":\"https:\/\/kuken.alfadyser.dev\/#organization\",\"name\":\"Alfa Dyser\",\"url\":\"https:\/\/kuken.alfadyser.dev\/\",\"logo\":{\"@type\":\"ImageObject\",\"inLanguage\":\"pt-PT\",\"@id\":\"https:\/\/kuken.alfadyser.dev\/#\/schema\/logo\/image\/\",\"url\":\"https:\/\/kuken.alfadyser.dev\/wp-content\/uploads\/2019\/04\/kuken-logo.png\",\"contentUrl\":\"https:\/\/kuken.alfadyser.dev\/wp-content\/uploads\/2019\/04\/kuken-logo.png\",\"width\":500,\"height\":191,\"caption\":\"Alfa Dyser\"},\"image\":{\"@id\":\"https:\/\/kuken.alfadyser.dev\/#\/schema\/logo\/image\/\"},\"sameAs\":[\"https:\/\/es-es.facebook.com\/alfadyser\/\",\"https:\/\/www.instagram.com\/kuken_appliances\/\"]}]}<\/script>\n<meta property=\"product:price:currency\" content=\"EUR\" \/>\n<meta property=\"og:availability\" content=\"instock\" \/>\n<meta property=\"product:availability\" content=\"instock\" \/>\n<meta property=\"product:retailer_item_id\" content=\"35336\" \/>\n<meta property=\"product:condition\" content=\"new\" \/>\n<!-- \/ Yoast SEO Premium plugin. -->","yoast_head_json":{"title":"VARINHA M\u00c1GICA DE 500 W COM RECIPIENTE K\u00dcKEN - K\u00fcken","description":"Licuadora contenedor 500W K\u00fcken con cuerpo inox rojo, filtro en acero, jarra con tapa y doble velocidad. Extrae zumo limpio, r\u00e1pido y sin esfuerzo.","robots":{"index":"noindex","follow":"follow","max-snippet":"max-snippet:-1","max-image-preview":"max-image-preview:large","max-video-preview":"max-video-preview:-1"},"og_locale":"pt_PT","og_type":"article","og_title":"LICUADORA CONTENEDOR 500W K\u00dcKEN","og_description":"Licuadora contenedor 500W K\u00fcken con cuerpo inox rojo, filtro en acero, jarra con tapa y doble velocidad. Extrae zumo limpio, r\u00e1pido y sin esfuerzo.","og_url":"https:\/\/kuken.alfadyser.dev\/pt\/produto\/liquidificador-de-recipiente-kuken-500w\/","og_site_name":"K\u00fcken","article_publisher":"https:\/\/es-es.facebook.com\/alfadyser\/","article_modified_time":"2025-07-22T08:34:38+00:00","og_image":[{"width":2000,"height":2000,"url":"https:\/\/kuken.alfadyser.dev\/wp-content\/uploads\/productos\/35336.jpg","type":"image\/jpeg"}],"twitter_card":"summary_large_image","twitter_misc":{"pre\u00e7o":"","Disponibilidade":"Em stock"},"schema":{"@context":"https:\/\/schema.org","@graph":[{"@type":"WebPage","@id":"https:\/\/kuken.alfadyser.dev\/producto\/licuadora-contenedor-500w-kuken\/","url":"https:\/\/kuken.alfadyser.dev\/producto\/licuadora-contenedor-500w-kuken\/","name":"VARINHA M\u00c1GICA DE 500 W COM RECIPIENTE K\u00dcKEN - K\u00fcken","isPartOf":{"@id":"https:\/\/kuken.alfadyser.dev\/#website"},"primaryImageOfPage":{"@id":"https:\/\/kuken.alfadyser.dev\/producto\/licuadora-contenedor-500w-kuken\/#primaryimage"},"image":{"@id":"https:\/\/kuken.alfadyser.dev\/producto\/licuadora-contenedor-500w-kuken\/#primaryimage"},"thumbnailUrl":"https:\/\/kuken.alfadyser.dev\/wp-content\/uploads\/productos\/35336.jpg","datePublished":"2023-07-26T11:07:37+00:00","dateModified":"2025-07-22T08:34:38+00:00","description":"Licuadora contenedor 500W K\u00fcken con cuerpo inox rojo, filtro en acero, jarra con tapa y doble velocidad. Extrae zumo limpio, r\u00e1pido y sin esfuerzo.","breadcrumb":{"@id":"https:\/\/kuken.alfadyser.dev\/producto\/licuadora-contenedor-500w-kuken\/#breadcrumb"},"inLanguage":"pt-PT","potentialAction":[{"@type":"ReadAction","target":["https:\/\/kuken.alfadyser.dev\/producto\/licuadora-contenedor-500w-kuken\/"]}]},{"@type":"ImageObject","inLanguage":"pt-PT","@id":"https:\/\/kuken.alfadyser.dev\/producto\/licuadora-contenedor-500w-kuken\/#primaryimage","url":"https:\/\/kuken.alfadyser.dev\/wp-content\/uploads\/productos\/35336.jpg","contentUrl":"https:\/\/kuken.alfadyser.dev\/wp-content\/uploads\/productos\/35336.jpg","width":2000,"height":2000},{"@type":"BreadcrumbList","@id":"https:\/\/kuken.alfadyser.dev\/producto\/licuadora-contenedor-500w-kuken\/#breadcrumb","itemListElement":[{"@type":"ListItem","position":1,"name":"Portada","item":"https:\/\/kuken.alfadyser.dev\/"},{"@type":"ListItem","position":2,"name":"Productos","item":"https:\/\/kuken.alfadyser.dev\/productos\/"},{"@type":"ListItem","position":3,"name":"LICUADORA CONTENEDOR 500W K\u00dcKEN"}]},{"@type":"WebSite","@id":"https:\/\/kuken.alfadyser.dev\/#website","url":"https:\/\/kuken.alfadyser.dev\/","name":"K\u00fcken","description":"Vasta gama de pequenos electrodom\u00e9sticos k\u00fcken","publisher":{"@id":"https:\/\/kuken.alfadyser.dev\/#organization"},"potentialAction":[{"@type":"SearchAction","target":{"@type":"EntryPoint","urlTemplate":"https:\/\/kuken.alfadyser.dev\/?s={search_term_string}"},"query-input":{"@type":"PropertyValueSpecification","valueRequired":true,"valueName":"search_term_string"}}],"inLanguage":"pt-PT"},{"@type":"Organization","@id":"https:\/\/kuken.alfadyser.dev\/#organization","name":"Alpha Dyser","url":"https:\/\/kuken.alfadyser.dev\/","logo":{"@type":"ImageObject","inLanguage":"pt-PT","@id":"https:\/\/kuken.alfadyser.dev\/#\/schema\/logo\/image\/","url":"https:\/\/kuken.alfadyser.dev\/wp-content\/uploads\/2019\/04\/kuken-logo.png","contentUrl":"https:\/\/kuken.alfadyser.dev\/wp-content\/uploads\/2019\/04\/kuken-logo.png","width":500,"height":191,"caption":"Alfa Dyser"},"image":{"@id":"https:\/\/kuken.alfadyser.dev\/#\/schema\/logo\/image\/"},"sameAs":["https:\/\/es-es.facebook.com\/alfadyser\/","https:\/\/www.instagram.com\/kuken_appliances\/"]}]},"product_price_currency":"EUR","og_availability":"instock","product_availability":"instock","product_retailer_item_id":"35336","product_condition":"new"},"_links":{"self":[{"href":"https:\/\/kuken.alfadyser.dev\/pt\/wp-json\/wp\/v2\/product\/10418","targetHints":{"allow":["GET"]}}],"collection":[{"href":"https:\/\/kuken.alfadyser.dev\/pt\/wp-json\/wp\/v2\/product"}],"about":[{"href":"https:\/\/kuken.alfadyser.dev\/pt\/wp-json\/wp\/v2\/types\/product"}],"wp:featuredmedia":[{"embeddable":true,"href":"https:\/\/kuken.alfadyser.dev\/pt\/wp-json\/wp\/v2\/media\/10420"}],"wp:attachment":[{"href":"https:\/\/kuken.alfadyser.dev\/pt\/wp-json\/wp\/v2\/media?parent=10418"}],"wp:term":[{"taxonomy":"product_brand","embeddable":true,"href":"https:\/\/kuken.alfadyser.dev\/pt\/wp-json\/wp\/v2\/product_brand?post=10418"},{"taxonomy":"product_cat","embeddable":true,"href":"https:\/\/kuken.alfadyser.dev\/pt\/wp-json\/wp\/v2\/product_cat?post=10418"},{"taxonomy":"product_tag","embeddable":true,"href":"https:\/\/kuken.alfadyser.dev\/pt\/wp-json\/wp\/v2\/product_tag?post=10418"}],"curies":[{"name":"wp","href":"https:\/\/api.w.org\/{rel}","templated":true}]}}