{"id":10368,"date":"2023-06-15T14:28:20","date_gmt":"2023-06-15T12:28:20","guid":{"rendered":"https:\/\/kuken.alfadyser.dev\/?post_type=product&#038;p=10368"},"modified":"2025-07-22T10:40:36","modified_gmt":"2025-07-22T08:40:36","slug":"secador-de-cabelo-ionico-profissional-motor-ac-cinzento-lateral","status":"publish","type":"product","link":"https:\/\/kuken.alfadyser.dev\/pt\/produto\/secador-de-cabelo-ionico-profissional-motor-ac-cinzento-lateral\/","title":{"rendered":"SECADOR DE CABELO I\u00d3NICO PROFISSIONAL MOTOR AC 2400W PAINEL DE BOT\u00d5ES LATERAIS CINZENTO\/ROSA"},"content":{"rendered":"<p>SECADOR DE CABELO I\u00d3NICO PROFISSIONAL MOTOR AC 2400W PAINEL DE BOT\u00d5ES LATERAIS CINZENTO\/ROSA<\/p>\n<ul data-start=\"893\" data-end=\"1620\">\n<li data-start=\"893\" data-end=\"967\">\n<p data-start=\"895\" data-end=\"967\">Funci\u00f3n IONIC, protege el cabello y lo deja m\u00e1s suave y brillante.<\/p>\n<\/li>\n<li data-start=\"968\" data-end=\"1046\">\n<p data-start=\"970\" data-end=\"1046\">Motor profesional AC de 2400W, potente y de funcionamiento silencioso.<\/p>\n<\/li>\n<li data-start=\"1047\" data-end=\"1122\">\n<p data-start=\"1049\" data-end=\"1122\">Tres niveles de potencia, adaptables a diferentes tipos de cabello.<\/p>\n<\/li>\n<li data-start=\"1123\" data-end=\"1187\">\n<p data-start=\"1125\" data-end=\"1187\">Dos velocidades de aire, para mayor control del peinado.<\/p>\n<\/li>\n<li data-start=\"1188\" data-end=\"1267\">\n<p data-start=\"1190\" data-end=\"1267\">Funci\u00f3n de aire fr\u00edo, ideal para fijar el peinado sin da\u00f1ar el cabello.<\/p>\n<\/li>\n<li data-start=\"1268\" data-end=\"1346\">\n<p data-start=\"1270\" data-end=\"1346\">Incluye 2 concentradores, para dirigir el flujo de aire con precisi\u00f3n.<\/p>\n<\/li>\n<li data-start=\"1347\" data-end=\"1428\">\n<p data-start=\"1349\" data-end=\"1428\">Rejilla trasera antienredo, facilita la limpieza y prolonga la vida \u00fatil.<\/p>\n<\/li>\n<li data-start=\"1429\" data-end=\"1493\">\n<p data-start=\"1431\" data-end=\"1493\">Gancho de goma, permite colgarlo f\u00e1cilmente tras su uso.<\/p>\n<\/li>\n<li data-start=\"1494\" data-end=\"1544\">\n<p data-start=\"1496\" data-end=\"1544\">Acabado gris con rosa, moderno y elegante.<\/p>\n<\/li>\n<li data-start=\"1545\" data-end=\"1620\">\n<p data-start=\"1547\" data-end=\"1620\">Reduce la vibraci\u00f3n y el ruido agudo, mayor confort en su uso diario.<\/p>\n<\/li>\n<\/ul>\n<div class=\"accordion\"><div class=\"mfn-acc accordion_wrapper  toggle\"><br \/>\n<div class=\"question\"><div class=\"title\"><i class=\"icon-plus acc-icon-plus\" aria-hidden=\"true\"><\/i><i class=\"icon-minus acc-icon-minus\" aria-hidden=\"true\"><\/i>Dados do produto<\/div><div class=\"answer\">EAN 8425160380328<\/p>\n<p>SECADOR DE CABELO I\u00d3NICO PROFISSIONAL MOTOR AC 2400W PAINEL DE BOT\u00d5ES LATERAIS CINZENTO\/ROSA<\/p>\n<p>Unidade de embalagem 1<br \/>\nCor cinzento\/rosa<br \/>\nEmbalagem Caixa colorida<br \/>\nPot\u00eancia 2400 W<br \/>\nTens\u00e3o 230 V<br \/>\nMaterial PC<br \/>\nVelocidades 3 temperaturas\/ 2 pot\u00eancias<br \/>\nFun\u00e7\u00e3o i\u00f3nica Sim<br \/>\nMotor AC Sim<br \/>\n<\/div><\/div>\n<br \/>\n<\/div><\/div>\n\n<div class=\"accordion\"><div class=\"mfn-acc accordion_wrapper  toggle\"><br \/>\n<div class=\"question\"><div class=\"title\"><i class=\"icon-plus acc-icon-plus\" aria-hidden=\"true\"><\/i><i class=\"icon-minus acc-icon-minus\" aria-hidden=\"true\"><\/i>Acess\u00f3rios<\/div><div class=\"answer\">2 Bicos de alisamento.<br \/>\n<\/div><\/div>\n<br \/>\n<\/div><\/div>\n\n<p><img loading=\"lazy\" decoding=\"async\" src=\"\/wp-content\/uploads\/2019\/12\/picto-descarrega.png\" alt=\"descarregar ficha de dados\" width=\"23\" height=\"16\" \/><a href=\"https:\/\/kuken.alfadyser.dev\/wp-content\/uploads\/8425160360429_ficha_tecnica.pdf\">Descarregar ficha<\/a><br \/>\n<img loading=\"lazy\" decoding=\"async\" src=\"\/wp-content\/uploads\/2019\/12\/picto-descarrega.png\" alt=\"descarregar manual de instru\u00e7\u00f5es\" width=\"23\" height=\"16\" \/><a href=\"https:\/\/kuken.alfadyser.dev\/wp-content\/uploads\/34354_instrucciones_compressed.pdf\">Descarregar o manual<\/a><\/p>\n<div><span style=\"color: #bf2121\">Siga-nos nas redes sociais!<\/span><\/div>\n<div><a href=\"https:\/\/www.instagram.com\/kuken_appliances\/\">https:\/\/www.instagram.com\/kuken_appliances\/<\/a><\/div>","protected":false},"excerpt":{"rendered":"<p data-start=\"404\" data-end=\"560\">Con tecnolog\u00eda i\u00f3nica y motor profesional, este secador reduce el encrespamiento, mejora el brillo y ofrece control t\u00e9rmico total para un peinado impecable.<\/p>\n<blockquote data-start=\"713\" data-end=\"825\">\n<p data-start=\"715\" data-end=\"825\">\n<\/blockquote>","protected":false},"featured_media":10369,"template":"","meta":[],"product_brand":[],"product_cat":[213],"product_tag":[],"class_list":{"0":"post-10368","1":"product","2":"type-product","3":"status-publish","4":"has-post-thumbnail","6":"product_cat-secadores","8":"first","9":"instock","10":"product-type-simple"},"yoast_head":"<!-- This site is optimized with the Yoast SEO Premium plugin v24.0 (Yoast SEO v26.5) - https:\/\/yoast.com\/wordpress\/plugins\/seo\/ -->\n<title>SECADOR PELO PROFESIONAL I\u00d3NICO MOTOR AC 2400W GRIS\/ROSA BOTONERA LATERAL - K\u00fcken<\/title>\n<meta name=\"description\" content=\"Secador pelo profesional i\u00f3nico motor AC 2400W K\u00fcken gris\/rosa con aire fr\u00edo, 3 potencias, funci\u00f3n antiencrespamiento y dise\u00f1o silencioso.\" \/>\n<meta name=\"robots\" content=\"noindex, follow, max-snippet:-1, max-image-preview:large, max-video-preview:-1\" \/>\n<meta property=\"og:locale\" content=\"pt_PT\" \/>\n<meta property=\"og:type\" content=\"article\" \/>\n<meta property=\"og:title\" content=\"SECADOR PELO PROFESIONAL I\u00d3NICO MOTOR AC 2400W GRIS\/ROSA BOTONERA LATERAL\" \/>\n<meta property=\"og:description\" content=\"Secador pelo profesional i\u00f3nico motor AC 2400W K\u00fcken gris\/rosa con aire fr\u00edo, 3 potencias, funci\u00f3n antiencrespamiento y dise\u00f1o silencioso.\" \/>\n<meta property=\"og:url\" content=\"https:\/\/kuken.alfadyser.dev\/pt\/produto\/secador-de-cabelo-ionico-profissional-motor-ac-cinzento-lateral\/\" \/>\n<meta property=\"og:site_name\" content=\"K\u00fcken\" \/>\n<meta property=\"article:publisher\" content=\"https:\/\/es-es.facebook.com\/alfadyser\/\" \/>\n<meta property=\"article:modified_time\" content=\"2025-07-22T08:40:36+00:00\" \/>\n<meta property=\"og:image\" content=\"https:\/\/kuken.alfadyser.dev\/wp-content\/uploads\/8425160380328_01.jpg\" \/>\n\t<meta property=\"og:image:width\" content=\"2000\" \/>\n\t<meta property=\"og:image:height\" content=\"2000\" \/>\n\t<meta property=\"og:image:type\" content=\"image\/jpeg\" \/>\n<meta name=\"twitter:card\" content=\"summary_large_image\" \/>\n<meta name=\"twitter:label1\" content=\"pre\u00e7o\" \/>\n\t<meta name=\"twitter:data1\" content=\"\" \/>\n\t<meta name=\"twitter:label2\" content=\"Disponibilidade\" \/>\n\t<meta name=\"twitter:data2\" content=\"Em stock\" \/>\n<script type=\"application\/ld+json\" class=\"yoast-schema-graph\">{\"@context\":\"https:\/\/schema.org\",\"@graph\":[{\"@type\":\"WebPage\",\"@id\":\"https:\/\/kuken.alfadyser.dev\/producto\/secador-pelo-profesional-ionico-motor-ac-gris-lateral\/\",\"url\":\"https:\/\/kuken.alfadyser.dev\/producto\/secador-pelo-profesional-ionico-motor-ac-gris-lateral\/\",\"name\":\"SECADOR PELO PROFESIONAL I\u00d3NICO MOTOR AC 2400W GRIS\/ROSA BOTONERA LATERAL - K\u00fcken\",\"isPartOf\":{\"@id\":\"https:\/\/kuken.alfadyser.dev\/#website\"},\"primaryImageOfPage\":{\"@id\":\"https:\/\/kuken.alfadyser.dev\/producto\/secador-pelo-profesional-ionico-motor-ac-gris-lateral\/#primaryimage\"},\"image\":{\"@id\":\"https:\/\/kuken.alfadyser.dev\/producto\/secador-pelo-profesional-ionico-motor-ac-gris-lateral\/#primaryimage\"},\"thumbnailUrl\":\"https:\/\/kuken.alfadyser.dev\/wp-content\/uploads\/8425160380328_01.jpg\",\"datePublished\":\"2023-06-15T12:28:20+00:00\",\"dateModified\":\"2025-07-22T08:40:36+00:00\",\"description\":\"Secador pelo profesional i\u00f3nico motor AC 2400W K\u00fcken gris\/rosa con aire fr\u00edo, 3 potencias, funci\u00f3n antiencrespamiento y dise\u00f1o silencioso.\",\"breadcrumb\":{\"@id\":\"https:\/\/kuken.alfadyser.dev\/producto\/secador-pelo-profesional-ionico-motor-ac-gris-lateral\/#breadcrumb\"},\"inLanguage\":\"pt-PT\",\"potentialAction\":[{\"@type\":\"ReadAction\",\"target\":[\"https:\/\/kuken.alfadyser.dev\/producto\/secador-pelo-profesional-ionico-motor-ac-gris-lateral\/\"]}]},{\"@type\":\"ImageObject\",\"inLanguage\":\"pt-PT\",\"@id\":\"https:\/\/kuken.alfadyser.dev\/producto\/secador-pelo-profesional-ionico-motor-ac-gris-lateral\/#primaryimage\",\"url\":\"https:\/\/kuken.alfadyser.dev\/wp-content\/uploads\/8425160380328_01.jpg\",\"contentUrl\":\"https:\/\/kuken.alfadyser.dev\/wp-content\/uploads\/8425160380328_01.jpg\",\"width\":2000,\"height\":2000,\"caption\":\"Secador de pelo K\u00fcken 2400W gris con rosa, motor AC y botonera lateral, con boquilla instalada\"},{\"@type\":\"BreadcrumbList\",\"@id\":\"https:\/\/kuken.alfadyser.dev\/producto\/secador-pelo-profesional-ionico-motor-ac-gris-lateral\/#breadcrumb\",\"itemListElement\":[{\"@type\":\"ListItem\",\"position\":1,\"name\":\"Portada\",\"item\":\"https:\/\/kuken.alfadyser.dev\/\"},{\"@type\":\"ListItem\",\"position\":2,\"name\":\"Productos\",\"item\":\"https:\/\/kuken.alfadyser.dev\/productos\/\"},{\"@type\":\"ListItem\",\"position\":3,\"name\":\"SECADOR PELO PROFESIONAL I\u00d3NICO MOTOR AC 2400W GRIS\/ROSA BOTONERA LATERAL\"}]},{\"@type\":\"WebSite\",\"@id\":\"https:\/\/kuken.alfadyser.dev\/#website\",\"url\":\"https:\/\/kuken.alfadyser.dev\/\",\"name\":\"K\u00fcken\",\"description\":\"Amplia gama de peque\u00f1o electrodom\u00e9stico k\u00fcken\",\"publisher\":{\"@id\":\"https:\/\/kuken.alfadyser.dev\/#organization\"},\"potentialAction\":[{\"@type\":\"SearchAction\",\"target\":{\"@type\":\"EntryPoint\",\"urlTemplate\":\"https:\/\/kuken.alfadyser.dev\/?s={search_term_string}\"},\"query-input\":{\"@type\":\"PropertyValueSpecification\",\"valueRequired\":true,\"valueName\":\"search_term_string\"}}],\"inLanguage\":\"pt-PT\"},{\"@type\":\"Organization\",\"@id\":\"https:\/\/kuken.alfadyser.dev\/#organization\",\"name\":\"Alfa Dyser\",\"url\":\"https:\/\/kuken.alfadyser.dev\/\",\"logo\":{\"@type\":\"ImageObject\",\"inLanguage\":\"pt-PT\",\"@id\":\"https:\/\/kuken.alfadyser.dev\/#\/schema\/logo\/image\/\",\"url\":\"https:\/\/kuken.alfadyser.dev\/wp-content\/uploads\/2019\/04\/kuken-logo.png\",\"contentUrl\":\"https:\/\/kuken.alfadyser.dev\/wp-content\/uploads\/2019\/04\/kuken-logo.png\",\"width\":500,\"height\":191,\"caption\":\"Alfa Dyser\"},\"image\":{\"@id\":\"https:\/\/kuken.alfadyser.dev\/#\/schema\/logo\/image\/\"},\"sameAs\":[\"https:\/\/es-es.facebook.com\/alfadyser\/\",\"https:\/\/www.instagram.com\/kuken_appliances\/\"]}]}<\/script>\n<meta property=\"product:price:currency\" content=\"EUR\" \/>\n<meta property=\"og:availability\" content=\"instock\" \/>\n<meta property=\"product:availability\" content=\"instock\" \/>\n<meta property=\"product:retailer_item_id\" content=\"38032\" \/>\n<meta property=\"product:condition\" content=\"new\" \/>\n<!-- \/ Yoast SEO Premium plugin. -->","yoast_head_json":{"title":"SECADOR DE CABELO I\u00d3NICO PROFISSIONAL MOTOR AC 2400W PAINEL DE BOT\u00d5ES LATERAIS CINZENTO\/ROSA - K\u00fcken","description":"Secador pelo profesional i\u00f3nico motor AC 2400W K\u00fcken gris\/rosa con aire fr\u00edo, 3 potencias, funci\u00f3n antiencrespamiento y dise\u00f1o silencioso.","robots":{"index":"noindex","follow":"follow","max-snippet":"max-snippet:-1","max-image-preview":"max-image-preview:large","max-video-preview":"max-video-preview:-1"},"og_locale":"pt_PT","og_type":"article","og_title":"SECADOR PELO PROFESIONAL I\u00d3NICO MOTOR AC 2400W GRIS\/ROSA BOTONERA LATERAL","og_description":"Secador pelo profesional i\u00f3nico motor AC 2400W K\u00fcken gris\/rosa con aire fr\u00edo, 3 potencias, funci\u00f3n antiencrespamiento y dise\u00f1o silencioso.","og_url":"https:\/\/kuken.alfadyser.dev\/pt\/produto\/secador-de-cabelo-ionico-profissional-motor-ac-cinzento-lateral\/","og_site_name":"K\u00fcken","article_publisher":"https:\/\/es-es.facebook.com\/alfadyser\/","article_modified_time":"2025-07-22T08:40:36+00:00","og_image":[{"width":2000,"height":2000,"url":"https:\/\/kuken.alfadyser.dev\/wp-content\/uploads\/8425160380328_01.jpg","type":"image\/jpeg"}],"twitter_card":"summary_large_image","twitter_misc":{"pre\u00e7o":"","Disponibilidade":"Em stock"},"schema":{"@context":"https:\/\/schema.org","@graph":[{"@type":"WebPage","@id":"https:\/\/kuken.alfadyser.dev\/producto\/secador-pelo-profesional-ionico-motor-ac-gris-lateral\/","url":"https:\/\/kuken.alfadyser.dev\/producto\/secador-pelo-profesional-ionico-motor-ac-gris-lateral\/","name":"SECADOR DE CABELO I\u00d3NICO PROFISSIONAL MOTOR AC 2400W PAINEL DE BOT\u00d5ES LATERAIS CINZENTO\/ROSA - K\u00fcken","isPartOf":{"@id":"https:\/\/kuken.alfadyser.dev\/#website"},"primaryImageOfPage":{"@id":"https:\/\/kuken.alfadyser.dev\/producto\/secador-pelo-profesional-ionico-motor-ac-gris-lateral\/#primaryimage"},"image":{"@id":"https:\/\/kuken.alfadyser.dev\/producto\/secador-pelo-profesional-ionico-motor-ac-gris-lateral\/#primaryimage"},"thumbnailUrl":"https:\/\/kuken.alfadyser.dev\/wp-content\/uploads\/8425160380328_01.jpg","datePublished":"2023-06-15T12:28:20+00:00","dateModified":"2025-07-22T08:40:36+00:00","description":"Secador pelo profesional i\u00f3nico motor AC 2400W K\u00fcken gris\/rosa con aire fr\u00edo, 3 potencias, funci\u00f3n antiencrespamiento y dise\u00f1o silencioso.","breadcrumb":{"@id":"https:\/\/kuken.alfadyser.dev\/producto\/secador-pelo-profesional-ionico-motor-ac-gris-lateral\/#breadcrumb"},"inLanguage":"pt-PT","potentialAction":[{"@type":"ReadAction","target":["https:\/\/kuken.alfadyser.dev\/producto\/secador-pelo-profesional-ionico-motor-ac-gris-lateral\/"]}]},{"@type":"ImageObject","inLanguage":"pt-PT","@id":"https:\/\/kuken.alfadyser.dev\/producto\/secador-pelo-profesional-ionico-motor-ac-gris-lateral\/#primaryimage","url":"https:\/\/kuken.alfadyser.dev\/wp-content\/uploads\/8425160380328_01.jpg","contentUrl":"https:\/\/kuken.alfadyser.dev\/wp-content\/uploads\/8425160380328_01.jpg","width":2000,"height":2000,"caption":"Secador de pelo K\u00fcken 2400W gris con rosa, motor AC y botonera lateral, con boquilla instalada"},{"@type":"BreadcrumbList","@id":"https:\/\/kuken.alfadyser.dev\/producto\/secador-pelo-profesional-ionico-motor-ac-gris-lateral\/#breadcrumb","itemListElement":[{"@type":"ListItem","position":1,"name":"Portada","item":"https:\/\/kuken.alfadyser.dev\/"},{"@type":"ListItem","position":2,"name":"Productos","item":"https:\/\/kuken.alfadyser.dev\/productos\/"},{"@type":"ListItem","position":3,"name":"SECADOR PELO PROFESIONAL I\u00d3NICO MOTOR AC 2400W GRIS\/ROSA BOTONERA LATERAL"}]},{"@type":"WebSite","@id":"https:\/\/kuken.alfadyser.dev\/#website","url":"https:\/\/kuken.alfadyser.dev\/","name":"K\u00fcken","description":"Vasta gama de pequenos electrodom\u00e9sticos k\u00fcken","publisher":{"@id":"https:\/\/kuken.alfadyser.dev\/#organization"},"potentialAction":[{"@type":"SearchAction","target":{"@type":"EntryPoint","urlTemplate":"https:\/\/kuken.alfadyser.dev\/?s={search_term_string}"},"query-input":{"@type":"PropertyValueSpecification","valueRequired":true,"valueName":"search_term_string"}}],"inLanguage":"pt-PT"},{"@type":"Organization","@id":"https:\/\/kuken.alfadyser.dev\/#organization","name":"Alpha Dyser","url":"https:\/\/kuken.alfadyser.dev\/","logo":{"@type":"ImageObject","inLanguage":"pt-PT","@id":"https:\/\/kuken.alfadyser.dev\/#\/schema\/logo\/image\/","url":"https:\/\/kuken.alfadyser.dev\/wp-content\/uploads\/2019\/04\/kuken-logo.png","contentUrl":"https:\/\/kuken.alfadyser.dev\/wp-content\/uploads\/2019\/04\/kuken-logo.png","width":500,"height":191,"caption":"Alfa Dyser"},"image":{"@id":"https:\/\/kuken.alfadyser.dev\/#\/schema\/logo\/image\/"},"sameAs":["https:\/\/es-es.facebook.com\/alfadyser\/","https:\/\/www.instagram.com\/kuken_appliances\/"]}]},"product_price_currency":"EUR","og_availability":"instock","product_availability":"instock","product_retailer_item_id":"38032","product_condition":"new"},"_links":{"self":[{"href":"https:\/\/kuken.alfadyser.dev\/pt\/wp-json\/wp\/v2\/product\/10368","targetHints":{"allow":["GET"]}}],"collection":[{"href":"https:\/\/kuken.alfadyser.dev\/pt\/wp-json\/wp\/v2\/product"}],"about":[{"href":"https:\/\/kuken.alfadyser.dev\/pt\/wp-json\/wp\/v2\/types\/product"}],"wp:featuredmedia":[{"embeddable":true,"href":"https:\/\/kuken.alfadyser.dev\/pt\/wp-json\/wp\/v2\/media\/10369"}],"wp:attachment":[{"href":"https:\/\/kuken.alfadyser.dev\/pt\/wp-json\/wp\/v2\/media?parent=10368"}],"wp:term":[{"taxonomy":"product_brand","embeddable":true,"href":"https:\/\/kuken.alfadyser.dev\/pt\/wp-json\/wp\/v2\/product_brand?post=10368"},{"taxonomy":"product_cat","embeddable":true,"href":"https:\/\/kuken.alfadyser.dev\/pt\/wp-json\/wp\/v2\/product_cat?post=10368"},{"taxonomy":"product_tag","embeddable":true,"href":"https:\/\/kuken.alfadyser.dev\/pt\/wp-json\/wp\/v2\/product_tag?post=10368"}],"curies":[{"name":"wp","href":"https:\/\/api.w.org\/{rel}","templated":true}]}}