{"id":10342,"date":"2023-06-15T13:48:36","date_gmt":"2023-06-15T11:48:36","guid":{"rendered":"https:\/\/kuken.alfadyser.dev\/?post_type=product&#038;p=10342"},"modified":"2025-07-22T10:43:25","modified_gmt":"2025-07-22T08:43:25","slug":"secador-de-cabelo-ionico-profissional-2000w-preto","status":"publish","type":"product","link":"https:\/\/kuken.alfadyser.dev\/pt\/produto\/secador-de-cabelo-ionico-profissional-2000w-preto\/","title":{"rendered":"Secador de cabelo profissional IONIC 2000w. PRETO"},"content":{"rendered":"<p>SECADOR PROFESIONAL I\u00d3NICO 2000w NEGRO<\/p>\n<ul data-start=\"925\" data-end=\"1644\">\n<li data-start=\"925\" data-end=\"1000\">\n<p data-start=\"927\" data-end=\"1000\"><strong data-start=\"927\" data-end=\"947\">Tecnolog\u00eda IONIC<\/strong> que suaviza el cabello y reduce el encrespamiento.<\/p>\n<\/li>\n<li data-start=\"1001\" data-end=\"1074\">\n<p data-start=\"1003\" data-end=\"1074\"><strong data-start=\"1003\" data-end=\"1033\">Motor profesional de 2000W<\/strong>, ideal para un secado r\u00e1pido y eficaz.<\/p>\n<\/li>\n<li data-start=\"1075\" data-end=\"1144\">\n<p data-start=\"1077\" data-end=\"1144\"><strong data-start=\"1077\" data-end=\"1108\">Tres niveles de temperatura<\/strong>, para un control total del calor.<\/p>\n<\/li>\n<li data-start=\"1145\" data-end=\"1227\">\n<p data-start=\"1147\" data-end=\"1227\"><strong data-start=\"1147\" data-end=\"1184\">Dos velocidades de caudal de aire<\/strong>, adaptables a cualquier tipo de cabello.<\/p>\n<\/li>\n<li data-start=\"1228\" data-end=\"1289\">\n<p data-start=\"1230\" data-end=\"1289\"><strong data-start=\"1230\" data-end=\"1254\">Fun\u00e7\u00e3o de ar frio<\/strong>, perfecta para fijar el peinado.<\/p>\n<\/li>\n<li data-start=\"1290\" data-end=\"1381\">\n<p data-start=\"1292\" data-end=\"1381\"><strong data-start=\"1292\" data-end=\"1326\">Incluye 1 concentrador de aire<\/strong> y <strong data-start=\"1329\" data-end=\"1353\">1 difusor de volumen<\/strong>, para acabados definidos.<\/p>\n<\/li>\n<li data-start=\"1382\" data-end=\"1463\">\n<p data-start=\"1384\" data-end=\"1463\"><strong data-start=\"1384\" data-end=\"1414\">Grelha traseira anti-emaranhado<\/strong>, mejora la experiencia de uso y mantenimiento.<\/p>\n<\/li>\n<li data-start=\"1464\" data-end=\"1528\">\n<p data-start=\"1466\" data-end=\"1528\"><strong data-start=\"1466\" data-end=\"1494\">Gancho de borracha integrado<\/strong>, ideal para colgar tras su uso.<\/p>\n<\/li>\n<li data-start=\"1529\" data-end=\"1581\">\n<p data-start=\"1531\" data-end=\"1581\"><strong data-start=\"1531\" data-end=\"1556\">Dise\u00f1o en color negro<\/strong>, sobrio y profesional.<\/p>\n<\/li>\n<li data-start=\"1582\" data-end=\"1644\">\n<p data-start=\"1584\" data-end=\"1644\"><strong data-start=\"1584\" data-end=\"1619\">Silencioso y con baja vibraci\u00f3n<\/strong>, para un uso m\u00e1s c\u00f3modo.<\/p>\n<\/li>\n<\/ul>\n<p><div class=\"accordion\"><div class=\"mfn-acc accordion_wrapper  toggle\"><div class=\"question\"><div class=\"title\"><i class=\"icon-plus acc-icon-plus\" aria-hidden=\"true\"><\/i><i class=\"icon-minus acc-icon-minus\" aria-hidden=\"true\"><\/i>Dados do produto<\/div><div class=\"answer\">EAN 8425160343163<\/p>\n<p>SECADOR PROFESIONAL I\u00d3NICO 2000w NEGRO<\/p>\n<p>Unidade de embalagem 1<br \/>\nCor preta<br \/>\nEmbalagem Caixa colorida<br \/>\nPot\u00eancia 2000 W<br \/>\nTens\u00e3o 230 V<br \/>\nMaterial PC<br \/>\nVelocidades 3 temperaturas\/ 2 pot\u00eancias<br \/>\nFun\u00e7\u00e3o i\u00f3nica Sim<br \/>\n<\/div><\/div>\n<\/div><\/div>\n<br \/>\n<div class=\"accordion\"><div class=\"mfn-acc accordion_wrapper  toggle\"><div class=\"question\"><div class=\"title\"><i class=\"icon-plus acc-icon-plus\" aria-hidden=\"true\"><\/i><i class=\"icon-minus acc-icon-minus\" aria-hidden=\"true\"><\/i>Acess\u00f3rios<\/div><div class=\"answer\">1 Bocal de alisamento.<br \/>\n1 Difusor profissional para cabelos encaracolados.<\/div><\/div>\n<\/div><\/div>\n<\/p>\n<div class=\"descargas-producto\"><a href=\"https:\/\/kuken.alfadyser.dev\/wp-content\/uploads\/8425160360429_ficha_tecnica.pdf\" target=\"_blank\" rel=\"noopener noreferrer\"><br \/>\n<img loading=\"lazy\" decoding=\"async\" src=\"\/wp-content\/uploads\/2019\/12\/picto-descarrega.png\" alt=\"descarregar ficha de dados\" width=\"23\" height=\"16\" \/>Descarregar ficha<\/a><a href=\"https:\/\/kuken.alfadyser.dev\/wp-content\/uploads\/34316_instrucciones_compressed.pdf\" target=\"_blank\" rel=\"noopener noreferrer\"><br \/>\n<img loading=\"lazy\" decoding=\"async\" src=\"\/wp-content\/uploads\/2019\/12\/picto-descarrega.png\" alt=\"descarregar manual de instru\u00e7\u00f5es\" width=\"23\" height=\"16\" \/>Descarregar o manual<\/a><\/div>\n<div><\/div>\n<div><span style=\"color: #bf2121\">Siga-nos nas redes sociais!<\/span><\/div>\n<div><a href=\"https:\/\/www.instagram.com\/kuken_appliances\/\">https:\/\/www.instagram.com\/kuken_appliances\/<\/a><\/div>","protected":false},"excerpt":{"rendered":"<p data-start=\"623\" data-end=\"773\">Este secador combina tecnolog\u00eda i\u00f3nica, control t\u00e9rmico y dise\u00f1o silencioso para ofrecer resultados brillantes y sedosos con el m\u00e1ximo confort de uso.<\/p>\n<blockquote data-start=\"775\" data-end=\"857\">\n<p data-start=\"777\" data-end=\"857\">\n<\/blockquote>","protected":false},"featured_media":10343,"template":"","meta":[],"product_brand":[],"product_cat":[213],"product_tag":[],"class_list":{"0":"post-10342","1":"product","2":"type-product","3":"status-publish","4":"has-post-thumbnail","6":"product_cat-secadores","8":"first","9":"instock","10":"product-type-simple"},"yoast_head":"<!-- This site is optimized with the Yoast SEO Premium plugin v24.0 (Yoast SEO v26.5) - https:\/\/yoast.com\/wordpress\/plugins\/seo\/ -->\n<title>SECADOR PROFESIONAL I\u00d3NICO 2000w. NEGRO - K\u00fcken<\/title>\n<meta name=\"description\" content=\"Secador profesional i\u00f3nico 2000W negro con aire fr\u00edo, difusor, motor silencioso y 3 niveles t\u00e9rmicos. Reduce el frizz y protege el cabello.\" \/>\n<meta name=\"robots\" content=\"noindex, follow, max-snippet:-1, max-image-preview:large, max-video-preview:-1\" \/>\n<meta property=\"og:locale\" content=\"pt_PT\" \/>\n<meta property=\"og:type\" content=\"article\" \/>\n<meta property=\"og:title\" content=\"SECADOR PROFESIONAL I\u00d3NICO 2000w. NEGRO\" \/>\n<meta property=\"og:description\" content=\"Secador profesional i\u00f3nico 2000W negro con aire fr\u00edo, difusor, motor silencioso y 3 niveles t\u00e9rmicos. Reduce el frizz y protege el cabello.\" \/>\n<meta property=\"og:url\" content=\"https:\/\/kuken.alfadyser.dev\/pt\/produto\/secador-de-cabelo-ionico-profissional-2000w-preto\/\" \/>\n<meta property=\"og:site_name\" content=\"K\u00fcken\" \/>\n<meta property=\"article:publisher\" content=\"https:\/\/es-es.facebook.com\/alfadyser\/\" \/>\n<meta property=\"article:modified_time\" content=\"2025-07-22T08:43:25+00:00\" \/>\n<meta property=\"og:image\" content=\"https:\/\/kuken.alfadyser.dev\/wp-content\/uploads\/8425160343163_01-e1686892203515.jpg\" \/>\n\t<meta property=\"og:image:width\" content=\"2000\" \/>\n\t<meta property=\"og:image:height\" content=\"2000\" \/>\n\t<meta property=\"og:image:type\" content=\"image\/jpeg\" \/>\n<meta name=\"twitter:card\" content=\"summary_large_image\" \/>\n<meta name=\"twitter:label1\" content=\"pre\u00e7o\" \/>\n\t<meta name=\"twitter:data1\" content=\"\" \/>\n\t<meta name=\"twitter:label2\" content=\"Disponibilidade\" \/>\n\t<meta name=\"twitter:data2\" content=\"Em stock\" \/>\n<script type=\"application\/ld+json\" class=\"yoast-schema-graph\">{\"@context\":\"https:\/\/schema.org\",\"@graph\":[{\"@type\":\"WebPage\",\"@id\":\"https:\/\/kuken.alfadyser.dev\/producto\/secador-profesional-ionico-2000w-negro\/\",\"url\":\"https:\/\/kuken.alfadyser.dev\/producto\/secador-profesional-ionico-2000w-negro\/\",\"name\":\"SECADOR PROFESIONAL I\u00d3NICO 2000w. NEGRO - K\u00fcken\",\"isPartOf\":{\"@id\":\"https:\/\/kuken.alfadyser.dev\/#website\"},\"primaryImageOfPage\":{\"@id\":\"https:\/\/kuken.alfadyser.dev\/producto\/secador-profesional-ionico-2000w-negro\/#primaryimage\"},\"image\":{\"@id\":\"https:\/\/kuken.alfadyser.dev\/producto\/secador-profesional-ionico-2000w-negro\/#primaryimage\"},\"thumbnailUrl\":\"https:\/\/kuken.alfadyser.dev\/wp-content\/uploads\/8425160343163_01-e1686892203515.jpg\",\"datePublished\":\"2023-06-15T11:48:36+00:00\",\"dateModified\":\"2025-07-22T08:43:25+00:00\",\"description\":\"Secador profesional i\u00f3nico 2000W negro con aire fr\u00edo, difusor, motor silencioso y 3 niveles t\u00e9rmicos. Reduce el frizz y protege el cabello.\",\"breadcrumb\":{\"@id\":\"https:\/\/kuken.alfadyser.dev\/producto\/secador-profesional-ionico-2000w-negro\/#breadcrumb\"},\"inLanguage\":\"pt-PT\",\"potentialAction\":[{\"@type\":\"ReadAction\",\"target\":[\"https:\/\/kuken.alfadyser.dev\/producto\/secador-profesional-ionico-2000w-negro\/\"]}]},{\"@type\":\"ImageObject\",\"inLanguage\":\"pt-PT\",\"@id\":\"https:\/\/kuken.alfadyser.dev\/producto\/secador-profesional-ionico-2000w-negro\/#primaryimage\",\"url\":\"https:\/\/kuken.alfadyser.dev\/wp-content\/uploads\/8425160343163_01-e1686892203515.jpg\",\"contentUrl\":\"https:\/\/kuken.alfadyser.dev\/wp-content\/uploads\/8425160343163_01-e1686892203515.jpg\",\"width\":2000,\"height\":2000},{\"@type\":\"BreadcrumbList\",\"@id\":\"https:\/\/kuken.alfadyser.dev\/producto\/secador-profesional-ionico-2000w-negro\/#breadcrumb\",\"itemListElement\":[{\"@type\":\"ListItem\",\"position\":1,\"name\":\"Portada\",\"item\":\"https:\/\/kuken.alfadyser.dev\/\"},{\"@type\":\"ListItem\",\"position\":2,\"name\":\"Productos\",\"item\":\"https:\/\/kuken.alfadyser.dev\/productos\/\"},{\"@type\":\"ListItem\",\"position\":3,\"name\":\"SECADOR PROFESIONAL I\u00d3NICO 2000w. NEGRO\"}]},{\"@type\":\"WebSite\",\"@id\":\"https:\/\/kuken.alfadyser.dev\/#website\",\"url\":\"https:\/\/kuken.alfadyser.dev\/\",\"name\":\"K\u00fcken\",\"description\":\"Amplia gama de peque\u00f1o electrodom\u00e9stico k\u00fcken\",\"publisher\":{\"@id\":\"https:\/\/kuken.alfadyser.dev\/#organization\"},\"potentialAction\":[{\"@type\":\"SearchAction\",\"target\":{\"@type\":\"EntryPoint\",\"urlTemplate\":\"https:\/\/kuken.alfadyser.dev\/?s={search_term_string}\"},\"query-input\":{\"@type\":\"PropertyValueSpecification\",\"valueRequired\":true,\"valueName\":\"search_term_string\"}}],\"inLanguage\":\"pt-PT\"},{\"@type\":\"Organization\",\"@id\":\"https:\/\/kuken.alfadyser.dev\/#organization\",\"name\":\"Alfa Dyser\",\"url\":\"https:\/\/kuken.alfadyser.dev\/\",\"logo\":{\"@type\":\"ImageObject\",\"inLanguage\":\"pt-PT\",\"@id\":\"https:\/\/kuken.alfadyser.dev\/#\/schema\/logo\/image\/\",\"url\":\"https:\/\/kuken.alfadyser.dev\/wp-content\/uploads\/2019\/04\/kuken-logo.png\",\"contentUrl\":\"https:\/\/kuken.alfadyser.dev\/wp-content\/uploads\/2019\/04\/kuken-logo.png\",\"width\":500,\"height\":191,\"caption\":\"Alfa Dyser\"},\"image\":{\"@id\":\"https:\/\/kuken.alfadyser.dev\/#\/schema\/logo\/image\/\"},\"sameAs\":[\"https:\/\/es-es.facebook.com\/alfadyser\/\",\"https:\/\/www.instagram.com\/kuken_appliances\/\"]}]}<\/script>\n<meta property=\"product:price:currency\" content=\"EUR\" \/>\n<meta property=\"og:availability\" content=\"instock\" \/>\n<meta property=\"product:availability\" content=\"instock\" \/>\n<meta property=\"product:retailer_item_id\" content=\"34316\" \/>\n<meta property=\"product:condition\" content=\"new\" \/>\n<!-- \/ Yoast SEO Premium plugin. -->","yoast_head_json":{"title":"Secador de cabelo profissional IONIC 2000w. PRETO - K\u00fcken","description":"Secador profesional i\u00f3nico 2000W negro con aire fr\u00edo, difusor, motor silencioso y 3 niveles t\u00e9rmicos. Reduce el frizz y protege el cabello.","robots":{"index":"noindex","follow":"follow","max-snippet":"max-snippet:-1","max-image-preview":"max-image-preview:large","max-video-preview":"max-video-preview:-1"},"og_locale":"pt_PT","og_type":"article","og_title":"SECADOR PROFESIONAL I\u00d3NICO 2000w. NEGRO","og_description":"Secador profesional i\u00f3nico 2000W negro con aire fr\u00edo, difusor, motor silencioso y 3 niveles t\u00e9rmicos. Reduce el frizz y protege el cabello.","og_url":"https:\/\/kuken.alfadyser.dev\/pt\/produto\/secador-de-cabelo-ionico-profissional-2000w-preto\/","og_site_name":"K\u00fcken","article_publisher":"https:\/\/es-es.facebook.com\/alfadyser\/","article_modified_time":"2025-07-22T08:43:25+00:00","og_image":[{"width":2000,"height":2000,"url":"https:\/\/kuken.alfadyser.dev\/wp-content\/uploads\/8425160343163_01-e1686892203515.jpg","type":"image\/jpeg"}],"twitter_card":"summary_large_image","twitter_misc":{"pre\u00e7o":"","Disponibilidade":"Em stock"},"schema":{"@context":"https:\/\/schema.org","@graph":[{"@type":"WebPage","@id":"https:\/\/kuken.alfadyser.dev\/producto\/secador-profesional-ionico-2000w-negro\/","url":"https:\/\/kuken.alfadyser.dev\/producto\/secador-profesional-ionico-2000w-negro\/","name":"Secador de cabelo profissional IONIC 2000w. PRETO - K\u00fcken","isPartOf":{"@id":"https:\/\/kuken.alfadyser.dev\/#website"},"primaryImageOfPage":{"@id":"https:\/\/kuken.alfadyser.dev\/producto\/secador-profesional-ionico-2000w-negro\/#primaryimage"},"image":{"@id":"https:\/\/kuken.alfadyser.dev\/producto\/secador-profesional-ionico-2000w-negro\/#primaryimage"},"thumbnailUrl":"https:\/\/kuken.alfadyser.dev\/wp-content\/uploads\/8425160343163_01-e1686892203515.jpg","datePublished":"2023-06-15T11:48:36+00:00","dateModified":"2025-07-22T08:43:25+00:00","description":"Secador profesional i\u00f3nico 2000W negro con aire fr\u00edo, difusor, motor silencioso y 3 niveles t\u00e9rmicos. Reduce el frizz y protege el cabello.","breadcrumb":{"@id":"https:\/\/kuken.alfadyser.dev\/producto\/secador-profesional-ionico-2000w-negro\/#breadcrumb"},"inLanguage":"pt-PT","potentialAction":[{"@type":"ReadAction","target":["https:\/\/kuken.alfadyser.dev\/producto\/secador-profesional-ionico-2000w-negro\/"]}]},{"@type":"ImageObject","inLanguage":"pt-PT","@id":"https:\/\/kuken.alfadyser.dev\/producto\/secador-profesional-ionico-2000w-negro\/#primaryimage","url":"https:\/\/kuken.alfadyser.dev\/wp-content\/uploads\/8425160343163_01-e1686892203515.jpg","contentUrl":"https:\/\/kuken.alfadyser.dev\/wp-content\/uploads\/8425160343163_01-e1686892203515.jpg","width":2000,"height":2000},{"@type":"BreadcrumbList","@id":"https:\/\/kuken.alfadyser.dev\/producto\/secador-profesional-ionico-2000w-negro\/#breadcrumb","itemListElement":[{"@type":"ListItem","position":1,"name":"Portada","item":"https:\/\/kuken.alfadyser.dev\/"},{"@type":"ListItem","position":2,"name":"Productos","item":"https:\/\/kuken.alfadyser.dev\/productos\/"},{"@type":"ListItem","position":3,"name":"SECADOR PROFESIONAL I\u00d3NICO 2000w. NEGRO"}]},{"@type":"WebSite","@id":"https:\/\/kuken.alfadyser.dev\/#website","url":"https:\/\/kuken.alfadyser.dev\/","name":"K\u00fcken","description":"Vasta gama de pequenos electrodom\u00e9sticos k\u00fcken","publisher":{"@id":"https:\/\/kuken.alfadyser.dev\/#organization"},"potentialAction":[{"@type":"SearchAction","target":{"@type":"EntryPoint","urlTemplate":"https:\/\/kuken.alfadyser.dev\/?s={search_term_string}"},"query-input":{"@type":"PropertyValueSpecification","valueRequired":true,"valueName":"search_term_string"}}],"inLanguage":"pt-PT"},{"@type":"Organization","@id":"https:\/\/kuken.alfadyser.dev\/#organization","name":"Alpha Dyser","url":"https:\/\/kuken.alfadyser.dev\/","logo":{"@type":"ImageObject","inLanguage":"pt-PT","@id":"https:\/\/kuken.alfadyser.dev\/#\/schema\/logo\/image\/","url":"https:\/\/kuken.alfadyser.dev\/wp-content\/uploads\/2019\/04\/kuken-logo.png","contentUrl":"https:\/\/kuken.alfadyser.dev\/wp-content\/uploads\/2019\/04\/kuken-logo.png","width":500,"height":191,"caption":"Alfa Dyser"},"image":{"@id":"https:\/\/kuken.alfadyser.dev\/#\/schema\/logo\/image\/"},"sameAs":["https:\/\/es-es.facebook.com\/alfadyser\/","https:\/\/www.instagram.com\/kuken_appliances\/"]}]},"product_price_currency":"EUR","og_availability":"instock","product_availability":"instock","product_retailer_item_id":"34316","product_condition":"new"},"_links":{"self":[{"href":"https:\/\/kuken.alfadyser.dev\/pt\/wp-json\/wp\/v2\/product\/10342","targetHints":{"allow":["GET"]}}],"collection":[{"href":"https:\/\/kuken.alfadyser.dev\/pt\/wp-json\/wp\/v2\/product"}],"about":[{"href":"https:\/\/kuken.alfadyser.dev\/pt\/wp-json\/wp\/v2\/types\/product"}],"wp:featuredmedia":[{"embeddable":true,"href":"https:\/\/kuken.alfadyser.dev\/pt\/wp-json\/wp\/v2\/media\/10343"}],"wp:attachment":[{"href":"https:\/\/kuken.alfadyser.dev\/pt\/wp-json\/wp\/v2\/media?parent=10342"}],"wp:term":[{"taxonomy":"product_brand","embeddable":true,"href":"https:\/\/kuken.alfadyser.dev\/pt\/wp-json\/wp\/v2\/product_brand?post=10342"},{"taxonomy":"product_cat","embeddable":true,"href":"https:\/\/kuken.alfadyser.dev\/pt\/wp-json\/wp\/v2\/product_cat?post=10342"},{"taxonomy":"product_tag","embeddable":true,"href":"https:\/\/kuken.alfadyser.dev\/pt\/wp-json\/wp\/v2\/product_tag?post=10342"}],"curies":[{"name":"wp","href":"https:\/\/api.w.org\/{rel}","templated":true}]}}