{"id":10336,"date":"2023-06-15T13:31:18","date_gmt":"2023-06-15T11:31:18","guid":{"rendered":"https:\/\/kuken.alfadyser.dev\/?post_type=product&#038;p=10336"},"modified":"2025-07-22T10:46:57","modified_gmt":"2025-07-22T08:46:57","slug":"secador-profesional-ionico-1600w-blanco-plegable","status":"publish","type":"product","link":"https:\/\/kuken.alfadyser.dev\/pt\/produto\/secador-profesional-ionico-1600w-blanco-plegable\/","title":{"rendered":"SECADOR DE CABELO DOBR\u00c1VEL PROFISSIONAL I\u00d3NICO 1600W BRANCO"},"content":{"rendered":"<p>SECADOR DE CABELO DOBR\u00c1VEL PROFISSIONAL I\u00d3NICO 1600W BRANCO<\/p>\n<ul data-start=\"894\" data-end=\"1678\">\n<li data-start=\"894\" data-end=\"966\">\n<p data-start=\"896\" data-end=\"966\">Tecnolog\u00eda IONIC, protege el cabello y reduce el encrespamiento.<\/p>\n<\/li>\n<li data-start=\"967\" data-end=\"1037\">\n<p data-start=\"969\" data-end=\"1037\">Potencia de 1600W, perfecta para un secado eficiente y ligero.<\/p>\n<\/li>\n<li data-start=\"1038\" data-end=\"1109\">\n<p data-start=\"1040\" data-end=\"1109\">Sistema plegable, ideal para ahorrar espacio o llevar de viaje.<\/p>\n<\/li>\n<li data-start=\"1110\" data-end=\"1183\">\n<p data-start=\"1112\" data-end=\"1183\">Dos velocidades de flujo de aire, para mayor control del peinado.<\/p>\n<\/li>\n<li data-start=\"1184\" data-end=\"1261\">\n<p data-start=\"1186\" data-end=\"1261\">Dos niveles de temperatura, adaptables a diferentes tipos de cabello.<\/p>\n<\/li>\n<li data-start=\"1262\" data-end=\"1335\">\n<p data-start=\"1264\" data-end=\"1335\">Funci\u00f3n de aire fr\u00edo, fija el peinado sin aplicar calor excesivo.<\/p>\n<\/li>\n<li data-start=\"1336\" data-end=\"1403\">\n<p data-start=\"1338\" data-end=\"1403\">Incluye 1 concentrador de aire, para un secado m\u00e1s preciso.<\/p>\n<\/li>\n<li data-start=\"1404\" data-end=\"1480\">\n<p data-start=\"1406\" data-end=\"1480\">Rejilla trasera antienredo, facilita el uso y prolonga la vida \u00fatil.<\/p>\n<\/li>\n<li data-start=\"1481\" data-end=\"1543\">\n<p data-start=\"1483\" data-end=\"1543\">Gancho de goma integrado, permite colgarlo f\u00e1cilmente.<\/p>\n<\/li>\n<li data-start=\"1544\" data-end=\"1607\">\n<p data-start=\"1546\" data-end=\"1607\">Dise\u00f1o en color blanco, elegante, compacto y funcional.<\/p>\n<\/li>\n<li data-start=\"1608\" data-end=\"1678\">\n<p data-start=\"1610\" data-end=\"1678\">Silencioso y con baja vibraci\u00f3n, mayor comodidad durante el uso.<\/p>\n<\/li>\n<\/ul>\n<p><div class=\"accordion\"><div class=\"mfn-acc accordion_wrapper  toggle\"><div class=\"question\"><div class=\"title\"><i class=\"icon-plus acc-icon-plus\" aria-hidden=\"true\"><\/i><i class=\"icon-minus acc-icon-minus\" aria-hidden=\"true\"><\/i>Dados do produto<\/div><div class=\"answer\">EAN 8425160399665<\/p>\n<p>SECADOR DE CABELO DOBR\u00c1VEL PROFISSIONAL I\u00d3NICO 1600W BRANCO<\/p>\n<p>Unidade de embalagem 1<br \/>\nColor blanco perla<br \/>\nEmbalagem Caixa colorida<br \/>\nPotencia 1600 W<br \/>\nTens\u00e3o 230 V<br \/>\nMaterial PC<br \/>\nVelocidades 2 temperaturas\/ 2 velocidades<br \/>\nFun\u00e7\u00e3o i\u00f3nica Sim<br \/>\n<\/div><\/div>\n<\/div><\/div>\n<br \/>\n<div class=\"accordion\"><div class=\"mfn-acc accordion_wrapper  toggle\"><div class=\"question\"><div class=\"title\"><i class=\"icon-plus acc-icon-plus\" aria-hidden=\"true\"><\/i><i class=\"icon-minus acc-icon-minus\" aria-hidden=\"true\"><\/i>Acess\u00f3rios<\/div><div class=\"answer\">1 Bocal de alisamento.<br \/>\n<\/div><\/div>\n<\/div><\/div>\n<\/p>\n<div class=\"descargas-producto\"><a href=\"https:\/\/kuken.alfadyser.dev\/wp-content\/uploads\/8425160360429_ficha_tecnica.pdf\" target=\"_blank\" rel=\"noopener noreferrer\"><br \/>\n<img loading=\"lazy\" decoding=\"async\" src=\"\/wp-content\/uploads\/2019\/12\/picto-descarrega.png\" alt=\"descarregar ficha de dados\" width=\"23\" height=\"16\" \/>Descarregar ficha<\/a><a href=\"https:\/\/kuken.alfadyser.dev\/wp-content\/uploads\/39966_instrucciones_compressed.pdf\" target=\"_blank\" rel=\"noopener noreferrer\"><br \/>\n<img loading=\"lazy\" decoding=\"async\" src=\"\/wp-content\/uploads\/2019\/12\/picto-descarrega.png\" alt=\"descarregar manual de instru\u00e7\u00f5es\" width=\"23\" height=\"16\" \/>Descarregar o manual<\/a><\/div>\n<div><\/div>\n<div><span style=\"color: #bf2121\">Siga-nos nas redes sociais!<\/span><\/div>\n<div><a href=\"https:\/\/www.instagram.com\/kuken_appliances\/\">https:\/\/www.instagram.com\/kuken_appliances\/<\/a><\/div>","protected":false},"excerpt":{"rendered":"<p data-start=\"564\" data-end=\"721\">Ideal para viajar o espacios reducidos. Este secador i\u00f3nico plegable combina potencia, dise\u00f1o compacto y cuidado capilar para resultados suaves y brillantes.<\/p>\n<blockquote data-start=\"723\" data-end=\"826\">\n<p data-start=\"725\" data-end=\"826\">\n<\/blockquote>","protected":false},"featured_media":10337,"template":"","meta":[],"product_brand":[],"product_cat":[213],"product_tag":[],"class_list":{"0":"post-10336","1":"product","2":"type-product","3":"status-publish","4":"has-post-thumbnail","6":"product_cat-secadores","8":"first","9":"instock","10":"product-type-simple"},"yoast_head":"<!-- This site is optimized with the Yoast SEO Premium plugin v24.0 (Yoast SEO v26.5) - https:\/\/yoast.com\/wordpress\/plugins\/seo\/ -->\n<title>SECADOR PROFESIONAL I\u00d3NICO 1600W BLANCO PLEGABLE - K\u00fcken<\/title>\n<meta name=\"description\" content=\"Secador profesional i\u00f3nico 1600W plegable de color blanco perlado. Resultados m\u00e1s profesionales, consigue un cabello m\u00e1s suave, brillante y sedoso.\" \/>\n<meta name=\"robots\" content=\"noindex, follow, max-snippet:-1, max-image-preview:large, max-video-preview:-1\" \/>\n<meta property=\"og:locale\" content=\"pt_PT\" \/>\n<meta property=\"og:type\" content=\"article\" \/>\n<meta property=\"og:title\" content=\"SECADOR PROFESIONAL I\u00d3NICO 1600W BLANCO PLEGABLE\" \/>\n<meta property=\"og:description\" content=\"Secador profesional i\u00f3nico 1600W plegable de color blanco perlado. Resultados m\u00e1s profesionales, consigue un cabello m\u00e1s suave, brillante y sedoso.\" \/>\n<meta property=\"og:url\" content=\"https:\/\/kuken.alfadyser.dev\/pt\/produto\/secador-profesional-ionico-1600w-blanco-plegable\/\" \/>\n<meta property=\"og:site_name\" content=\"K\u00fcken\" \/>\n<meta property=\"article:publisher\" content=\"https:\/\/es-es.facebook.com\/alfadyser\/\" \/>\n<meta property=\"article:modified_time\" content=\"2025-07-22T08:46:57+00:00\" \/>\n<meta property=\"og:image\" content=\"https:\/\/kuken.alfadyser.dev\/wp-content\/uploads\/8425160399665_01-e1686892317209.jpg\" \/>\n\t<meta property=\"og:image:width\" content=\"2000\" \/>\n\t<meta property=\"og:image:height\" content=\"2000\" \/>\n\t<meta property=\"og:image:type\" content=\"image\/jpeg\" \/>\n<meta name=\"twitter:card\" content=\"summary_large_image\" \/>\n<meta name=\"twitter:label1\" content=\"pre\u00e7o\" \/>\n\t<meta name=\"twitter:data1\" content=\"\" \/>\n\t<meta name=\"twitter:label2\" content=\"Disponibilidade\" \/>\n\t<meta name=\"twitter:data2\" content=\"Em stock\" \/>\n<script type=\"application\/ld+json\" class=\"yoast-schema-graph\">{\"@context\":\"https:\/\/schema.org\",\"@graph\":[{\"@type\":\"WebPage\",\"@id\":\"https:\/\/kuken.alfadyser.dev\/producto\/secador-profesional-ionico-1600w-blanco-plegable\/\",\"url\":\"https:\/\/kuken.alfadyser.dev\/producto\/secador-profesional-ionico-1600w-blanco-plegable\/\",\"name\":\"SECADOR PROFESIONAL I\u00d3NICO 1600W BLANCO PLEGABLE - K\u00fcken\",\"isPartOf\":{\"@id\":\"https:\/\/kuken.alfadyser.dev\/#website\"},\"primaryImageOfPage\":{\"@id\":\"https:\/\/kuken.alfadyser.dev\/producto\/secador-profesional-ionico-1600w-blanco-plegable\/#primaryimage\"},\"image\":{\"@id\":\"https:\/\/kuken.alfadyser.dev\/producto\/secador-profesional-ionico-1600w-blanco-plegable\/#primaryimage\"},\"thumbnailUrl\":\"https:\/\/kuken.alfadyser.dev\/wp-content\/uploads\/8425160399665_01-e1686892317209.jpg\",\"datePublished\":\"2023-06-15T11:31:18+00:00\",\"dateModified\":\"2025-07-22T08:46:57+00:00\",\"description\":\"Secador profesional i\u00f3nico 1600W plegable de color blanco perlado. Resultados m\u00e1s profesionales, consigue un cabello m\u00e1s suave, brillante y sedoso.\",\"breadcrumb\":{\"@id\":\"https:\/\/kuken.alfadyser.dev\/producto\/secador-profesional-ionico-1600w-blanco-plegable\/#breadcrumb\"},\"inLanguage\":\"pt-PT\",\"potentialAction\":[{\"@type\":\"ReadAction\",\"target\":[\"https:\/\/kuken.alfadyser.dev\/producto\/secador-profesional-ionico-1600w-blanco-plegable\/\"]}]},{\"@type\":\"ImageObject\",\"inLanguage\":\"pt-PT\",\"@id\":\"https:\/\/kuken.alfadyser.dev\/producto\/secador-profesional-ionico-1600w-blanco-plegable\/#primaryimage\",\"url\":\"https:\/\/kuken.alfadyser.dev\/wp-content\/uploads\/8425160399665_01-e1686892317209.jpg\",\"contentUrl\":\"https:\/\/kuken.alfadyser.dev\/wp-content\/uploads\/8425160399665_01-e1686892317209.jpg\",\"width\":2000,\"height\":2000},{\"@type\":\"BreadcrumbList\",\"@id\":\"https:\/\/kuken.alfadyser.dev\/producto\/secador-profesional-ionico-1600w-blanco-plegable\/#breadcrumb\",\"itemListElement\":[{\"@type\":\"ListItem\",\"position\":1,\"name\":\"Portada\",\"item\":\"https:\/\/kuken.alfadyser.dev\/\"},{\"@type\":\"ListItem\",\"position\":2,\"name\":\"Productos\",\"item\":\"https:\/\/kuken.alfadyser.dev\/productos\/\"},{\"@type\":\"ListItem\",\"position\":3,\"name\":\"SECADOR PROFESIONAL I\u00d3NICO 1600W BLANCO PLEGABLE\"}]},{\"@type\":\"WebSite\",\"@id\":\"https:\/\/kuken.alfadyser.dev\/#website\",\"url\":\"https:\/\/kuken.alfadyser.dev\/\",\"name\":\"K\u00fcken\",\"description\":\"Amplia gama de peque\u00f1o electrodom\u00e9stico k\u00fcken\",\"publisher\":{\"@id\":\"https:\/\/kuken.alfadyser.dev\/#organization\"},\"potentialAction\":[{\"@type\":\"SearchAction\",\"target\":{\"@type\":\"EntryPoint\",\"urlTemplate\":\"https:\/\/kuken.alfadyser.dev\/?s={search_term_string}\"},\"query-input\":{\"@type\":\"PropertyValueSpecification\",\"valueRequired\":true,\"valueName\":\"search_term_string\"}}],\"inLanguage\":\"pt-PT\"},{\"@type\":\"Organization\",\"@id\":\"https:\/\/kuken.alfadyser.dev\/#organization\",\"name\":\"Alfa Dyser\",\"url\":\"https:\/\/kuken.alfadyser.dev\/\",\"logo\":{\"@type\":\"ImageObject\",\"inLanguage\":\"pt-PT\",\"@id\":\"https:\/\/kuken.alfadyser.dev\/#\/schema\/logo\/image\/\",\"url\":\"https:\/\/kuken.alfadyser.dev\/wp-content\/uploads\/2019\/04\/kuken-logo.png\",\"contentUrl\":\"https:\/\/kuken.alfadyser.dev\/wp-content\/uploads\/2019\/04\/kuken-logo.png\",\"width\":500,\"height\":191,\"caption\":\"Alfa Dyser\"},\"image\":{\"@id\":\"https:\/\/kuken.alfadyser.dev\/#\/schema\/logo\/image\/\"},\"sameAs\":[\"https:\/\/es-es.facebook.com\/alfadyser\/\",\"https:\/\/www.instagram.com\/kuken_appliances\/\"]}]}<\/script>\n<meta property=\"product:price:currency\" content=\"EUR\" \/>\n<meta property=\"og:availability\" content=\"instock\" \/>\n<meta property=\"product:availability\" content=\"instock\" \/>\n<meta property=\"product:retailer_item_id\" content=\"39966\" \/>\n<meta property=\"product:condition\" content=\"new\" \/>\n<!-- \/ Yoast SEO Premium plugin. -->","yoast_head_json":{"title":"SECADOR PROFESIONAL I\u00d3NICO 1600W BLANCO PLEGABLE - K\u00fcken","description":"Secador profesional i\u00f3nico 1600W plegable de color blanco perlado. Resultados m\u00e1s profesionales, consigue un cabello m\u00e1s suave, brillante y sedoso.","robots":{"index":"noindex","follow":"follow","max-snippet":"max-snippet:-1","max-image-preview":"max-image-preview:large","max-video-preview":"max-video-preview:-1"},"og_locale":"pt_PT","og_type":"article","og_title":"SECADOR PROFESIONAL I\u00d3NICO 1600W BLANCO PLEGABLE","og_description":"Secador profesional i\u00f3nico 1600W plegable de color blanco perlado. Resultados m\u00e1s profesionales, consigue un cabello m\u00e1s suave, brillante y sedoso.","og_url":"https:\/\/kuken.alfadyser.dev\/pt\/produto\/secador-profesional-ionico-1600w-blanco-plegable\/","og_site_name":"K\u00fcken","article_publisher":"https:\/\/es-es.facebook.com\/alfadyser\/","article_modified_time":"2025-07-22T08:46:57+00:00","og_image":[{"width":2000,"height":2000,"url":"https:\/\/kuken.alfadyser.dev\/wp-content\/uploads\/8425160399665_01-e1686892317209.jpg","type":"image\/jpeg"}],"twitter_card":"summary_large_image","twitter_misc":{"pre\u00e7o":"","Disponibilidade":"Em stock"},"schema":{"@context":"https:\/\/schema.org","@graph":[{"@type":"WebPage","@id":"https:\/\/kuken.alfadyser.dev\/producto\/secador-profesional-ionico-1600w-blanco-plegable\/","url":"https:\/\/kuken.alfadyser.dev\/producto\/secador-profesional-ionico-1600w-blanco-plegable\/","name":"SECADOR PROFESIONAL I\u00d3NICO 1600W BLANCO PLEGABLE - K\u00fcken","isPartOf":{"@id":"https:\/\/kuken.alfadyser.dev\/#website"},"primaryImageOfPage":{"@id":"https:\/\/kuken.alfadyser.dev\/producto\/secador-profesional-ionico-1600w-blanco-plegable\/#primaryimage"},"image":{"@id":"https:\/\/kuken.alfadyser.dev\/producto\/secador-profesional-ionico-1600w-blanco-plegable\/#primaryimage"},"thumbnailUrl":"https:\/\/kuken.alfadyser.dev\/wp-content\/uploads\/8425160399665_01-e1686892317209.jpg","datePublished":"2023-06-15T11:31:18+00:00","dateModified":"2025-07-22T08:46:57+00:00","description":"Secador profesional i\u00f3nico 1600W plegable de color blanco perlado. Resultados m\u00e1s profesionales, consigue un cabello m\u00e1s suave, brillante y sedoso.","breadcrumb":{"@id":"https:\/\/kuken.alfadyser.dev\/producto\/secador-profesional-ionico-1600w-blanco-plegable\/#breadcrumb"},"inLanguage":"pt-PT","potentialAction":[{"@type":"ReadAction","target":["https:\/\/kuken.alfadyser.dev\/producto\/secador-profesional-ionico-1600w-blanco-plegable\/"]}]},{"@type":"ImageObject","inLanguage":"pt-PT","@id":"https:\/\/kuken.alfadyser.dev\/producto\/secador-profesional-ionico-1600w-blanco-plegable\/#primaryimage","url":"https:\/\/kuken.alfadyser.dev\/wp-content\/uploads\/8425160399665_01-e1686892317209.jpg","contentUrl":"https:\/\/kuken.alfadyser.dev\/wp-content\/uploads\/8425160399665_01-e1686892317209.jpg","width":2000,"height":2000},{"@type":"BreadcrumbList","@id":"https:\/\/kuken.alfadyser.dev\/producto\/secador-profesional-ionico-1600w-blanco-plegable\/#breadcrumb","itemListElement":[{"@type":"ListItem","position":1,"name":"Portada","item":"https:\/\/kuken.alfadyser.dev\/"},{"@type":"ListItem","position":2,"name":"Productos","item":"https:\/\/kuken.alfadyser.dev\/productos\/"},{"@type":"ListItem","position":3,"name":"SECADOR PROFESIONAL I\u00d3NICO 1600W BLANCO PLEGABLE"}]},{"@type":"WebSite","@id":"https:\/\/kuken.alfadyser.dev\/#website","url":"https:\/\/kuken.alfadyser.dev\/","name":"K\u00fcken","description":"Vasta gama de pequenos electrodom\u00e9sticos k\u00fcken","publisher":{"@id":"https:\/\/kuken.alfadyser.dev\/#organization"},"potentialAction":[{"@type":"SearchAction","target":{"@type":"EntryPoint","urlTemplate":"https:\/\/kuken.alfadyser.dev\/?s={search_term_string}"},"query-input":{"@type":"PropertyValueSpecification","valueRequired":true,"valueName":"search_term_string"}}],"inLanguage":"pt-PT"},{"@type":"Organization","@id":"https:\/\/kuken.alfadyser.dev\/#organization","name":"Alpha Dyser","url":"https:\/\/kuken.alfadyser.dev\/","logo":{"@type":"ImageObject","inLanguage":"pt-PT","@id":"https:\/\/kuken.alfadyser.dev\/#\/schema\/logo\/image\/","url":"https:\/\/kuken.alfadyser.dev\/wp-content\/uploads\/2019\/04\/kuken-logo.png","contentUrl":"https:\/\/kuken.alfadyser.dev\/wp-content\/uploads\/2019\/04\/kuken-logo.png","width":500,"height":191,"caption":"Alfa Dyser"},"image":{"@id":"https:\/\/kuken.alfadyser.dev\/#\/schema\/logo\/image\/"},"sameAs":["https:\/\/es-es.facebook.com\/alfadyser\/","https:\/\/www.instagram.com\/kuken_appliances\/"]}]},"product_price_currency":"EUR","og_availability":"instock","product_availability":"instock","product_retailer_item_id":"39966","product_condition":"new"},"_links":{"self":[{"href":"https:\/\/kuken.alfadyser.dev\/pt\/wp-json\/wp\/v2\/product\/10336","targetHints":{"allow":["GET"]}}],"collection":[{"href":"https:\/\/kuken.alfadyser.dev\/pt\/wp-json\/wp\/v2\/product"}],"about":[{"href":"https:\/\/kuken.alfadyser.dev\/pt\/wp-json\/wp\/v2\/types\/product"}],"wp:featuredmedia":[{"embeddable":true,"href":"https:\/\/kuken.alfadyser.dev\/pt\/wp-json\/wp\/v2\/media\/10337"}],"wp:attachment":[{"href":"https:\/\/kuken.alfadyser.dev\/pt\/wp-json\/wp\/v2\/media?parent=10336"}],"wp:term":[{"taxonomy":"product_brand","embeddable":true,"href":"https:\/\/kuken.alfadyser.dev\/pt\/wp-json\/wp\/v2\/product_brand?post=10336"},{"taxonomy":"product_cat","embeddable":true,"href":"https:\/\/kuken.alfadyser.dev\/pt\/wp-json\/wp\/v2\/product_cat?post=10336"},{"taxonomy":"product_tag","embeddable":true,"href":"https:\/\/kuken.alfadyser.dev\/pt\/wp-json\/wp\/v2\/product_tag?post=10336"}],"curies":[{"name":"wp","href":"https:\/\/api.w.org\/{rel}","templated":true}]}}