{"id":387,"date":"2019-07-10T14:08:30","date_gmt":"2019-07-10T12:08:30","guid":{"rendered":"https:\/\/kuken.alfadyser.dev\/?page_id=387"},"modified":"2025-07-22T11:17:13","modified_gmt":"2025-07-22T11:17:13","slug":"cuidado-del-hogar","status":"publish","type":"page","link":"https:\/\/kuken.alfadyser.dev\/pt\/cuidado-del-hogar\/","title":{"rendered":"CUIDADO DEL HOGAR"},"content":{"rendered":"","protected":false},"excerpt":{"rendered":"","protected":false},"author":4,"featured_media":0,"parent":0,"menu_order":0,"comment_status":"closed","ping_status":"closed","template":"","meta":{"footnotes":""},"class_list":["post-387","page","type-page","status-publish","hentry"],"yoast_head":"<!-- This site is optimized with the Yoast SEO Premium plugin v24.0 (Yoast SEO v26.5) - https:\/\/yoast.com\/wordpress\/plugins\/seo\/ -->\n<title>CUIDADO DEL HOGAR - K\u00fcken gama peque\u00f1o electrodom\u00e9stico en rojo - Visita web<\/title>\n<meta name=\"description\" content=\"Se distingue por su dise\u00f1o y funcionalidad, el color rojo es el protagonista. Ofrece una amplia gama para la cocina y hogar. Visita nuestra web.\" \/>\n<meta name=\"robots\" content=\"noindex, follow, max-snippet:-1, max-image-preview:large, max-video-preview:-1\" \/>\n<meta property=\"og:locale\" content=\"pt_PT\" \/>\n<meta property=\"og:type\" content=\"article\" \/>\n<meta property=\"og:title\" content=\"CUIDADO DEL HOGAR\" \/>\n<meta property=\"og:description\" content=\"Se distingue por su dise\u00f1o y funcionalidad, el color rojo es el protagonista. Ofrece una amplia gama para la cocina y hogar. Visita nuestra web.\" \/>\n<meta property=\"og:url\" content=\"https:\/\/kuken.alfadyser.dev\/pt\/cuidado-del-hogar\/\" \/>\n<meta property=\"og:site_name\" content=\"K\u00fcken\" \/>\n<meta property=\"article:publisher\" content=\"https:\/\/es-es.facebook.com\/alfadyser\/\" \/>\n<meta property=\"article:modified_time\" content=\"2025-07-22T11:17:13+00:00\" \/>\n<meta name=\"twitter:card\" content=\"summary_large_image\" \/>\n<script type=\"application\/ld+json\" class=\"yoast-schema-graph\">{\"@context\":\"https:\/\/schema.org\",\"@graph\":[{\"@type\":\"WebPage\",\"@id\":\"https:\/\/kuken.alfadyser.dev\/cuidado-del-hogar\/\",\"url\":\"https:\/\/kuken.alfadyser.dev\/cuidado-del-hogar\/\",\"name\":\"CUIDADO DEL HOGAR - K\u00fcken gama peque\u00f1o electrodom\u00e9stico en rojo - Visita web\",\"isPartOf\":{\"@id\":\"https:\/\/kuken.alfadyser.dev\/#website\"},\"datePublished\":\"2019-07-10T12:08:30+00:00\",\"dateModified\":\"2025-07-22T11:17:13+00:00\",\"description\":\"Se distingue por su dise\u00f1o y funcionalidad, el color rojo es el protagonista. Ofrece una amplia gama para la cocina y hogar. Visita nuestra web.\",\"breadcrumb\":{\"@id\":\"https:\/\/kuken.alfadyser.dev\/cuidado-del-hogar\/#breadcrumb\"},\"inLanguage\":\"pt-PT\",\"potentialAction\":[{\"@type\":\"ReadAction\",\"target\":[\"https:\/\/kuken.alfadyser.dev\/cuidado-del-hogar\/\"]}]},{\"@type\":\"BreadcrumbList\",\"@id\":\"https:\/\/kuken.alfadyser.dev\/cuidado-del-hogar\/#breadcrumb\",\"itemListElement\":[{\"@type\":\"ListItem\",\"position\":1,\"name\":\"Portada\",\"item\":\"https:\/\/kuken.alfadyser.dev\/\"},{\"@type\":\"ListItem\",\"position\":2,\"name\":\"CUIDADO DEL HOGAR\"}]},{\"@type\":\"WebSite\",\"@id\":\"https:\/\/kuken.alfadyser.dev\/#website\",\"url\":\"https:\/\/kuken.alfadyser.dev\/\",\"name\":\"K\u00fcken\",\"description\":\"Amplia gama de peque\u00f1o electrodom\u00e9stico k\u00fcken\",\"publisher\":{\"@id\":\"https:\/\/kuken.alfadyser.dev\/#organization\"},\"potentialAction\":[{\"@type\":\"SearchAction\",\"target\":{\"@type\":\"EntryPoint\",\"urlTemplate\":\"https:\/\/kuken.alfadyser.dev\/?s={search_term_string}\"},\"query-input\":{\"@type\":\"PropertyValueSpecification\",\"valueRequired\":true,\"valueName\":\"search_term_string\"}}],\"inLanguage\":\"pt-PT\"},{\"@type\":\"Organization\",\"@id\":\"https:\/\/kuken.alfadyser.dev\/#organization\",\"name\":\"Alfa Dyser\",\"url\":\"https:\/\/kuken.alfadyser.dev\/\",\"logo\":{\"@type\":\"ImageObject\",\"inLanguage\":\"pt-PT\",\"@id\":\"https:\/\/kuken.alfadyser.dev\/#\/schema\/logo\/image\/\",\"url\":\"https:\/\/kuken.alfadyser.dev\/wp-content\/uploads\/2019\/04\/kuken-logo.png\",\"contentUrl\":\"https:\/\/kuken.alfadyser.dev\/wp-content\/uploads\/2019\/04\/kuken-logo.png\",\"width\":500,\"height\":191,\"caption\":\"Alfa Dyser\"},\"image\":{\"@id\":\"https:\/\/kuken.alfadyser.dev\/#\/schema\/logo\/image\/\"},\"sameAs\":[\"https:\/\/es-es.facebook.com\/alfadyser\/\",\"https:\/\/www.instagram.com\/kuken_appliances\/\"]}]}<\/script>\n<!-- \/ Yoast SEO Premium plugin. -->","yoast_head_json":{"title":"CUIDADO DEL HOGAR - K\u00fcken gama peque\u00f1o electrodom\u00e9stico en rojo - Visita web","description":"Destaca-se pelo seu design e funcionalidade, com a cor vermelha como protagonista. Oferece uma vasta gama para a cozinha e para o lar. Visite o nosso s\u00edtio Web.","robots":{"index":"noindex","follow":"follow","max-snippet":"max-snippet:-1","max-image-preview":"max-image-preview:large","max-video-preview":"max-video-preview:-1"},"og_locale":"pt_PT","og_type":"article","og_title":"CUIDADO DEL HOGAR","og_description":"Se distingue por su dise\u00f1o y funcionalidad, el color rojo es el protagonista. Ofrece una amplia gama para la cocina y hogar. Visita nuestra web.","og_url":"https:\/\/kuken.alfadyser.dev\/pt\/cuidado-del-hogar\/","og_site_name":"K\u00fcken","article_publisher":"https:\/\/es-es.facebook.com\/alfadyser\/","article_modified_time":"2025-07-22T11:17:13+00:00","twitter_card":"summary_large_image","schema":{"@context":"https:\/\/schema.org","@graph":[{"@type":"WebPage","@id":"https:\/\/kuken.alfadyser.dev\/cuidado-del-hogar\/","url":"https:\/\/kuken.alfadyser.dev\/cuidado-del-hogar\/","name":"CUIDADO DEL HOGAR - K\u00fcken gama peque\u00f1o electrodom\u00e9stico en rojo - Visita web","isPartOf":{"@id":"https:\/\/kuken.alfadyser.dev\/#website"},"datePublished":"2019-07-10T12:08:30+00:00","dateModified":"2025-07-22T11:17:13+00:00","description":"Destaca-se pelo seu design e funcionalidade, com a cor vermelha como protagonista. Oferece uma vasta gama para a cozinha e para o lar. Visite o nosso s\u00edtio Web.","breadcrumb":{"@id":"https:\/\/kuken.alfadyser.dev\/cuidado-del-hogar\/#breadcrumb"},"inLanguage":"pt-PT","potentialAction":[{"@type":"ReadAction","target":["https:\/\/kuken.alfadyser.dev\/cuidado-del-hogar\/"]}]},{"@type":"BreadcrumbList","@id":"https:\/\/kuken.alfadyser.dev\/cuidado-del-hogar\/#breadcrumb","itemListElement":[{"@type":"ListItem","position":1,"name":"Portada","item":"https:\/\/kuken.alfadyser.dev\/"},{"@type":"ListItem","position":2,"name":"CUIDADO DEL HOGAR"}]},{"@type":"WebSite","@id":"https:\/\/kuken.alfadyser.dev\/#website","url":"https:\/\/kuken.alfadyser.dev\/","name":"K\u00fcken","description":"Vasta gama de pequenos electrodom\u00e9sticos k\u00fcken","publisher":{"@id":"https:\/\/kuken.alfadyser.dev\/#organization"},"potentialAction":[{"@type":"SearchAction","target":{"@type":"EntryPoint","urlTemplate":"https:\/\/kuken.alfadyser.dev\/?s={search_term_string}"},"query-input":{"@type":"PropertyValueSpecification","valueRequired":true,"valueName":"search_term_string"}}],"inLanguage":"pt-PT"},{"@type":"Organization","@id":"https:\/\/kuken.alfadyser.dev\/#organization","name":"Alpha Dyser","url":"https:\/\/kuken.alfadyser.dev\/","logo":{"@type":"ImageObject","inLanguage":"pt-PT","@id":"https:\/\/kuken.alfadyser.dev\/#\/schema\/logo\/image\/","url":"https:\/\/kuken.alfadyser.dev\/wp-content\/uploads\/2019\/04\/kuken-logo.png","contentUrl":"https:\/\/kuken.alfadyser.dev\/wp-content\/uploads\/2019\/04\/kuken-logo.png","width":500,"height":191,"caption":"Alfa Dyser"},"image":{"@id":"https:\/\/kuken.alfadyser.dev\/#\/schema\/logo\/image\/"},"sameAs":["https:\/\/es-es.facebook.com\/alfadyser\/","https:\/\/www.instagram.com\/kuken_appliances\/"]}]}},"_links":{"self":[{"href":"https:\/\/kuken.alfadyser.dev\/pt\/wp-json\/wp\/v2\/pages\/387","targetHints":{"allow":["GET"]}}],"collection":[{"href":"https:\/\/kuken.alfadyser.dev\/pt\/wp-json\/wp\/v2\/pages"}],"about":[{"href":"https:\/\/kuken.alfadyser.dev\/pt\/wp-json\/wp\/v2\/types\/page"}],"author":[{"embeddable":true,"href":"https:\/\/kuken.alfadyser.dev\/pt\/wp-json\/wp\/v2\/users\/4"}],"replies":[{"embeddable":true,"href":"https:\/\/kuken.alfadyser.dev\/pt\/wp-json\/wp\/v2\/comments?post=387"}],"version-history":[{"count":1,"href":"https:\/\/kuken.alfadyser.dev\/pt\/wp-json\/wp\/v2\/pages\/387\/revisions"}],"predecessor-version":[{"id":12404,"href":"https:\/\/kuken.alfadyser.dev\/pt\/wp-json\/wp\/v2\/pages\/387\/revisions\/12404"}],"wp:attachment":[{"href":"https:\/\/kuken.alfadyser.dev\/pt\/wp-json\/wp\/v2\/media?parent=387"}],"curies":[{"name":"wp","href":"https:\/\/api.w.org\/{rel}","templated":true}]}}