{"id":315,"date":"2019-06-26T11:04:57","date_gmt":"2019-06-26T09:04:57","guid":{"rendered":"https:\/\/kuken.alfadyser.dev\/?page_id=315"},"modified":"2020-11-02T13:17:29","modified_gmt":"2020-11-02T12:17:29","slug":"politica-de-cookies","status":"publish","type":"page","link":"https:\/\/kuken.alfadyser.dev\/pt\/politica-de-cookies\/","title":{"rendered":"Pol\u00edtica de cookies"},"content":{"rendered":"<h3>Pol\u00edtica de cookies<\/h3>\n<p style=\"text-align: justify;\">Na Web\u00a0<strong>www.kuken.es<\/strong>\u00a0(a seguir designado www.kuken.es) utiliza cookies para facilitar a rela\u00e7\u00e3o dos visitantes com o nosso conte\u00fado e para nos permitir elaborar estat\u00edsticas sobre os visitantes que recebemos.<\/p>\n<p style=\"text-align: justify;\">Tenha em aten\u00e7\u00e3o que podemos utilizar cookies para facilitar a sua navega\u00e7\u00e3o no Web site, para o distinguir de outros utilizadores, para lhe proporcionar uma melhor experi\u00eancia de utiliza\u00e7\u00e3o e para identificar problemas de forma a melhorar o nosso Web site. Podemos tamb\u00e9m, com o seu consentimento, utilizar cookies para nos permitir saber mais sobre as suas prefer\u00eancias e personalizar o nosso Web site de acordo com os seus interesses individuais.<\/p>\n<p style=\"text-align: justify;\"><strong>O QUE \u00c9 UMA BOLACHA?<\/strong><\/p>\n<p style=\"text-align: justify;\">Os cookies s\u00e3o pequenos ficheiros que s\u00e3o gravados no browser utilizado por cada visitante do nosso s\u00edtio Web, de modo a que o servidor possa recordar a visita desse utilizador numa data posterior, quando este voltar a aceder aos nossos conte\u00fados. Estas informa\u00e7\u00f5es n\u00e3o revelam a sua identidade ou quaisquer dados pessoais, nem acedem ao conte\u00fado armazenado no seu computador, mas permitem que o nosso sistema o identifique como um utilizador espec\u00edfico que j\u00e1 visitou o s\u00edtio Web anteriormente, visualizou determinadas p\u00e1ginas, etc. e tamb\u00e9m nos permite guardar as suas prefer\u00eancias pessoais e informa\u00e7\u00f5es t\u00e9cnicas, tais como as visitas efectuadas ou as p\u00e1ginas espec\u00edficas que visitou.<\/p>\n<p style=\"text-align: justify;\">Em conformidade com a Diretiva 2009\/136\/CE, transposta para a nossa legisla\u00e7\u00e3o pelo segundo par\u00e1grafo do artigo 22.\u00ba da Lei de Servi\u00e7os da Sociedade da Informa\u00e7\u00e3o, seguindo as orienta\u00e7\u00f5es da Ag\u00eancia Espanhola de Prote\u00e7\u00e3o de Dados, procedemos a uma informa\u00e7\u00e3o detalhada sobre a utiliza\u00e7\u00e3o do nosso s\u00edtio Web.<\/p>\n<p style=\"text-align: justify;\">O objetivo desta pol\u00edtica de cookies \u00e9 inform\u00e1-lo de forma clara e precisa sobre os cookies que s\u00e3o utilizados no nosso s\u00edtio Web (a \"Pol\u00edtica de Cookies\"). No que diz respeito aos cookies de terceiros, ou seja, aqueles que n\u00e3o fazem parte do nosso s\u00edtio Web, n\u00e3o podemos ser responsabilizados pelo conte\u00fado e veracidade das pol\u00edticas de privacidade que estes incluem, pelo que a informa\u00e7\u00e3o que lhe oferecemos \u00e9 sempre com refer\u00eancia \u00e0 fonte.<\/p>\n<p style=\"text-align: justify;\">De seguida, os cookies s\u00e3o classificados de acordo com uma s\u00e9rie de categorias. No entanto, deve ter-se em conta que o mesmo cookie pode ser inclu\u00eddo em mais do que uma categoria.<\/p>\n<p style=\"text-align: justify;\"><strong>TIPOS DE COOKIES CONSOANTE A ENTIDADE QUE OS GERE<\/strong><\/p>\n<p style=\"text-align: justify;\">&#8211;\u00a0<u>Bolachas pr\u00f3prias<\/u>S\u00e3o aqueles que s\u00e3o enviados para o equipamento terminal do utilizador a partir de um computador ou dom\u00ednio gerido pelo pr\u00f3prio editor e a partir do qual \u00e9 prestado o servi\u00e7o solicitado pelo utilizador.<\/p>\n<p style=\"text-align: justify;\">&#8211;\u00a0<u>Cookies de terceiros<\/u>S\u00e3o enviados para o equipamento terminal do utilizador a partir de um equipamento ou de um dom\u00ednio que n\u00e3o \u00e9 gerido pelo editor, mas por outra entidade que processa os dados.<\/p>\n<p style=\"text-align: justify;\"><strong>\u00a0<\/strong><strong>TIPOS DE COOKIES DE ACORDO COM O PER\u00cdODO DE TEMPO QUE PERMANECEM ACTIVOS<\/strong><\/p>\n<p style=\"text-align: justify;\">&#8211;\u00a0<u>Cookies de sess\u00e3o<\/u>Trata-se de um tipo de cookie concebido para recolher e armazenar dados enquanto o utilizador acede a uma p\u00e1gina Web.<\/p>\n<p style=\"text-align: justify;\">&#8211;\u00a0<u>Cookies persistentes<\/u>Trata-se de um tipo de cookie em que os dados ficam armazenados no terminal e podem ser acedidos e tratados durante um per\u00edodo definido pelo respons\u00e1vel pelo cookie, que pode ir de alguns minutos a v\u00e1rios anos.<\/p>\n<p style=\"text-align: justify;\"><strong>TIPOS DE COOKIES DE ACORDO COM A SUA FINALIDADE<\/strong><\/p>\n<p style=\"text-align: justify;\">&#8211;\u00a0<u>Cookies t\u00e9cnicos<\/u>S\u00e3o aqueles que permitem ao utilizador navegar atrav\u00e9s de um s\u00edtio web, plataforma ou aplica\u00e7\u00e3o e utilizar as diferentes op\u00e7\u00f5es ou servi\u00e7os existentes no mesmo, como, por exemplo, controlar o tr\u00e1fego e a comunica\u00e7\u00e3o de dados, identificar a sess\u00e3o, aceder a \u00e1reas de acesso restrito, recordar os elementos que comp\u00f5em uma encomenda, realizar o processo de compra de uma encomenda, realizar o pedido de inscri\u00e7\u00e3o ou participa\u00e7\u00e3o num evento, utilizar elementos de seguran\u00e7a durante a navega\u00e7\u00e3o, armazenar conte\u00fados para a difus\u00e3o de v\u00eddeos ou som ou partilhar conte\u00fados atrav\u00e9s das redes sociais.<\/p>\n<p style=\"text-align: justify;\">&#8211;\u00a0<u>Cookies de personaliza\u00e7\u00e3o<\/u>Estes permitem ao utilizador aceder ao servi\u00e7o com algumas carater\u00edsticas gerais predefinidas em fun\u00e7\u00e3o de uma s\u00e9rie de crit\u00e9rios no terminal do utilizador, como a l\u00edngua, o tipo de navegador utilizado para aceder ao servi\u00e7o, a configura\u00e7\u00e3o regional a partir da qual se acede ao servi\u00e7o, etc.<\/p>\n<p style=\"text-align: justify;\">&#8211;\u00a0<u>Cookies anal\u00edticos<\/u>Estes cookies permitem \u00e0 parte respons\u00e1vel por eles monitorizar e analisar o comportamento dos utilizadores dos s\u00edtios Web a que est\u00e3o ligados. As informa\u00e7\u00f5es recolhidas atrav\u00e9s deste tipo de cookies s\u00e3o utilizadas para medir a atividade dos s\u00edtios Web, aplica\u00e7\u00e3o ou plataforma e para a elabora\u00e7\u00e3o de perfis de navega\u00e7\u00e3o dos utilizadores desses s\u00edtios, aplica\u00e7\u00f5es e plataformas, a fim de introduzir melhorias com base na an\u00e1lise dos dados sobre a utiliza\u00e7\u00e3o feita pelos utilizadores do servi\u00e7o.<\/p>\n<p style=\"text-align: justify;\">No que diz respeito ao tratamento de dados recolhidos atrav\u00e9s de cookies anal\u00edticos, embora n\u00e3o estejam isentos do dever de obter o consentimento informado para a sua utiliza\u00e7\u00e3o, \u00e9 pouco prov\u00e1vel que representem um risco para a privacidade dos utilizadores, desde que sejam cookies prim\u00e1rios, que tratem dados agregados para fins estritamente estat\u00edsticos, que sejam fornecidas informa\u00e7\u00f5es sobre a sua utiliza\u00e7\u00e3o e que incluam a possibilidade de os utilizadores manifestarem a sua recusa quanto \u00e0 sua utiliza\u00e7\u00e3o.<\/p>\n<p style=\"text-align: justify;\">&#8211;\u00a0<u>Cookies de publicidade<\/u>S\u00e3o aqueles que permitem gerir, da forma mais eficiente poss\u00edvel, os espa\u00e7os publicit\u00e1rios que, se for caso disso, o editor tenha inclu\u00eddo num s\u00edtio Web, aplica\u00e7\u00e3o ou plataforma a partir da qual o servi\u00e7o solicitado \u00e9 prestado, com base em crit\u00e9rios como o conte\u00fado editado ou a frequ\u00eancia com que os an\u00fancios s\u00e3o exibidos.<\/p>\n<p style=\"text-align: justify;\">&#8211;\u00a0<u>Cookies de publicidade comportamental<\/u>Cookies: S\u00e3o aqueles que permitem a gest\u00e3o, da forma mais eficaz poss\u00edvel, dos espa\u00e7os publicit\u00e1rios que, se for caso disso, o editor tenha inclu\u00eddo num s\u00edtio Web, aplica\u00e7\u00e3o ou plataforma a partir da qual se presta o servi\u00e7o solicitado. Estes cookies armazenam informa\u00e7\u00f5es sobre o comportamento dos utilizadores obtidas atrav\u00e9s da observa\u00e7\u00e3o cont\u00ednua dos seus h\u00e1bitos de navega\u00e7\u00e3o, o que permite desenvolver um perfil espec\u00edfico para apresentar publicidade com base no mesmo.<\/p>\n<p style=\"text-align: justify;\">Atualmente, a maioria dos navegadores est\u00e1 configurada por defeito para bloquear a instala\u00e7\u00e3o de cookies publicit\u00e1rios ou de terceiros no seu computador. O utilizador pode ampliar as restri\u00e7\u00f5es de origem, impedindo a entrada de qualquer tipo de cookie, ou eliminar essas restri\u00e7\u00f5es, aceitando a entrada de qualquer tipo de cookies. Se o utilizador estiver interessado em aceitar cookies de publicidade ou de terceiros, pode configurar o seu navegador para esse efeito.<\/p>\n<p style=\"text-align: justify;\">A aceita\u00e7\u00e3o por parte do utilizador, ao clicar no bot\u00e3o ACEITAR que aparece na informa\u00e7\u00e3o inicial sobre cookies, implica o seu consentimento expresso ao respons\u00e1vel pela sua utiliza\u00e7\u00e3o, podendo exercer os seus direitos e revogar o seu consentimento em qualquer momento, enviando um pedido \u00e0 ALFA DYSER, S.L.<\/p>\n<p style=\"text-align: justify;\">Abaixo, informamos em pormenor sobre todos os cookies que podem ser instalados a partir do nosso s\u00edtio Web. Em fun\u00e7\u00e3o da sua navega\u00e7\u00e3o, da configura\u00e7\u00e3o do seu navegador e da sua aceita\u00e7\u00e3o ou rejei\u00e7\u00e3o dos mesmos, podem ser instalados todos ou apenas alguns deles.<\/p>\n<table width=\"720\">\n<thead>\n<tr>\n<td>Biscoito<\/td>\n<td>Descri\u00e7\u00e3o<\/td>\n<td>Dura\u00e7\u00e3o<\/td>\n<td>Tipo<\/td>\n<\/tr>\n<\/thead>\n<tbody>\n<tr>\n<td>__utmb<\/td>\n<td>Cookie utilizado pelo Google Analytics para calcular a dura\u00e7\u00e3o da visita ao s\u00edtio Web. Regista um carimbo de data\/hora com a hora exacta em que o utilizador acede ao s\u00edtio Web.<\/td>\n<td>1 dia<\/td>\n<td>HTTP<\/td>\n<\/tr>\n<tr>\n<td>_utm.gif<\/td>\n<td>\u00c9 utilizado para determinar o tipo de dispositivo ou software de navega\u00e7\u00e3o utilizado pelo visitante.<\/td>\n<td>Sess\u00e3o<\/td>\n<td>Pixel<\/td>\n<\/tr>\n<tr>\n<td>__utmt<\/td>\n<td>Cookie gerado pelo Google Analytics e utilizado para acelerar a velocidade dos pedidos do servidor.<\/td>\n<td>1 dia<\/td>\n<td>HTTP<\/td>\n<\/tr>\n<tr>\n<td>frontend<\/td>\n<td>Armazena um identificador aleat\u00f3rio que garante que um utilizador pode ser identificado de forma exclusiva como convidado ou utilizador registado.<\/td>\n<td>1 dia<\/td>\n<td>HTTP<\/td>\n<\/tr>\n<tr>\n<td>__utma<\/td>\n<td>O cookie gerado pelo Google Analytics recolhe dados sobre o n\u00famero de vezes que o utilizador visitou o s\u00edtio Web, bem como as datas da primeira e da mais recente visita.<\/td>\n<td>2 anos<\/td>\n<td>HTTP<\/td>\n<\/tr>\n<tr>\n<td>_hjIncludedInSample<\/td>\n<td>Cookie Hotjar, rastreio de visitantes para gerar mapas de calor, funis, grava\u00e7\u00f5es, etc.<\/td>\n<td>Sess\u00e3o<\/td>\n<td>HTTP<\/td>\n<\/tr>\n<tr>\n<td>__utmz<\/td>\n<td>Recolhe dados sobre a origem do utilizador, o motor de busca utilizado, a hiperliga\u00e7\u00e3o em que se clicou e o termo de pesquisa utilizado.<\/p>\n<p>Utilizado pelo Google Analytics.<\/td>\n<td>6 meses<\/td>\n<td>HTTP<\/td>\n<\/tr>\n<tr>\n<td>_hjid<\/td>\n<td>Cookie Hotjar, define um identificador para a sess\u00e3o. Isto permite que o s\u00edtio Web obtenha dados sobre o comportamento dos visitantes para fins estat\u00edsticos.<\/td>\n<td>1 ano<\/td>\n<td>HTTP<\/td>\n<\/tr>\n<tr>\n<td>__utmc<\/td>\n<td>Regista um carimbo de data\/hora com a hora exacta em que o utilizador sai do s\u00edtio Web. Utilizado pelo Google Analytics para calcular a dura\u00e7\u00e3o da visita ao s\u00edtio Web.<\/td>\n<td>Sess\u00e3o<\/td>\n<td>HTTP<\/td>\n<\/tr>\n<\/tbody>\n<\/table>\n<p style=\"text-align: justify;\">Podemos atualizar a Pol\u00edtica de Cookies do nosso s\u00edtio Web, pelo que recomendamos que reveja esta pol\u00edtica sempre que aceder ao nosso s\u00edtio Web, de modo a estar devidamente informado sobre como e para que fins utilizamos os cookies.<\/p>\n<p style=\"text-align: justify;\">O objetivo dos cookies \u00e9 proporcionar ao Utilizador um acesso mais r\u00e1pido aos Servi\u00e7os selecionados.<\/p>\n<p style=\"text-align: justify;\">Se n\u00e3o quiser que os cookies sejam guardados no seu navegador ou se preferir receber informa\u00e7\u00f5es sempre que um cookie pedir para ser instalado, pode configurar as suas op\u00e7\u00f5es de navega\u00e7\u00e3o para que isso seja feito. A maioria dos browsers permite gerir os cookies de 3 formas diferentes:<\/p>\n<p style=\"text-align: justify;\">- Os cookies s\u00e3o sempre rejeitados.<\/p>\n<p style=\"text-align: justify;\">- O navegador pergunta se o utilizador deseja instalar cada cookie.<\/p>\n<p style=\"text-align: justify;\">- Os cookies s\u00e3o sempre aceites.<\/p>\n<p style=\"text-align: justify;\">O seu browser pode tamb\u00e9m incluir a possibilidade de selecionar em pormenor os cookies que pretende que sejam instalados no seu computador. Especificamente, o utilizador pode normalmente aceitar uma das seguintes op\u00e7\u00f5es:<\/p>\n<p style=\"text-align: justify;\">- Rejeitar cookies de determinados dom\u00ednios.<\/p>\n<p style=\"text-align: justify;\">- Rejeitar cookies de terceiros.<\/p>\n<p style=\"text-align: justify;\">- Aceitar os cookies como n\u00e3o persistentes (s\u00e3o eliminados quando o browser \u00e9 fechado).<\/p>\n<p style=\"text-align: justify;\">- Permitir que o servidor crie cookies para um dom\u00ednio diferente.<\/p>\n<p style=\"text-align: justify;\">Para permitir, conhecer, bloquear ou eliminar os cookies instalados no seu computador, pode faz\u00ea-lo configurando as op\u00e7\u00f5es do navegador instalado no seu computador.<\/p>\n<p style=\"text-align: justify;\"><strong>CONFIGURA\u00c7\u00c3O, CONSULTA E DESACTIVA\u00c7\u00c3O DE COOKIES<\/strong><\/p>\n<p style=\"text-align: justify;\">As informa\u00e7\u00f5es sobre como configurar os browsers mais utilizados podem ser encontradas nos seguintes locais:<\/p>\n<ul style=\"text-align: justify;\">\n<li><u>Internet Explorer<\/u>Ferramentas -&gt; Op\u00e7\u00f5es da Internet -&gt; Privacidade -&gt; Defini\u00e7\u00f5es. Para mais informa\u00e7\u00f5es, pode consultar o suporte da Microsoft ou a Ajuda do browser.<\/li>\n<li><u>Firefox<\/u>: Ferramentas -&gt; Op\u00e7\u00f5es -&gt; Privacidade -&gt; Hist\u00f3rico -&gt; Defini\u00e7\u00f5es personalizadas. Para mais informa\u00e7\u00f5es, pode consultar o suporte da Mozilla ou a Ajuda do navegador.<\/li>\n<li><u>Cromado<\/u>: Defini\u00e7\u00f5es -&gt; Mostrar op\u00e7\u00f5es avan\u00e7adas -&gt; Privacidade -&gt; Defini\u00e7\u00f5es de conte\u00fado. Para mais informa\u00e7\u00f5es, pode consultar o suporte do Google ou a Ajuda do navegador.<\/li>\n<li><u>Safari<\/u>Prefer\u00eancias -&gt; Seguran\u00e7a. Para obter mais informa\u00e7\u00f5es, pode consultar o suporte da Apple ou a Ajuda do browser.<\/li>\n<\/ul>\n<p style=\"text-align: justify;\"><strong>ACTUALIZA\u00c7\u00c3O DE COOKIES<\/strong><\/p>\n<p style=\"text-align: justify;\">Os biscoitos de\u00a0<a href=\"http:\/\/www.matel.com\/\">www.kuken.es<\/a> pode ser actualizada e aconselhamos a que reveja a nossa pol\u00edtica periodicamente.<\/p>\n<p>&nbsp;<\/p>\n<p>&nbsp;<\/p>","protected":false},"excerpt":{"rendered":"<p>Pol\u00edtica de cookies En la web\u00a0www.kuken.es\u00a0(en adelante, www.kuken.es) utilizamos cookies para facilitar la relaci\u00f3n de los visitantes con nuestro contenido y para permitir elaborar estad\u00edsticas sobre<span class=\"excerpt-hellip\"> [...]<\/span><\/p>","protected":false},"author":4,"featured_media":0,"parent":0,"menu_order":0,"comment_status":"closed","ping_status":"closed","template":"","meta":{"footnotes":""},"class_list":["post-315","page","type-page","status-publish","hentry"],"yoast_head":"<!-- This site is optimized with the Yoast SEO Premium plugin v24.0 (Yoast SEO v26.5) - https:\/\/yoast.com\/wordpress\/plugins\/seo\/ -->\n<title>Pol\u00edtica de cookies - K\u00fcken<\/title>\n<meta name=\"robots\" content=\"noindex, follow, max-snippet:-1, max-image-preview:large, max-video-preview:-1\" \/>\n<meta property=\"og:locale\" content=\"pt_PT\" \/>\n<meta property=\"og:type\" content=\"article\" \/>\n<meta property=\"og:title\" content=\"Pol\u00edtica de cookies\" \/>\n<meta property=\"og:description\" content=\"Pol\u00edtica de cookies En la web\u00a0www.kuken.es\u00a0(en adelante, www.kuken.es) utilizamos cookies para facilitar la relaci\u00f3n de los visitantes con nuestro contenido y para permitir elaborar estad\u00edsticas sobre [\u2026]\" \/>\n<meta property=\"og:url\" content=\"https:\/\/kuken.alfadyser.dev\/pt\/politica-de-cookies\/\" \/>\n<meta property=\"og:site_name\" content=\"K\u00fcken\" \/>\n<meta property=\"article:publisher\" content=\"https:\/\/es-es.facebook.com\/alfadyser\/\" \/>\n<meta property=\"article:modified_time\" content=\"2020-11-02T12:17:29+00:00\" \/>\n<meta name=\"twitter:card\" content=\"summary_large_image\" \/>\n<meta name=\"twitter:label1\" content=\"Tempo estimado de leitura\" \/>\n\t<meta name=\"twitter:data1\" content=\"10 minutos\" \/>\n<script type=\"application\/ld+json\" class=\"yoast-schema-graph\">{\"@context\":\"https:\/\/schema.org\",\"@graph\":[{\"@type\":\"WebPage\",\"@id\":\"https:\/\/kuken.alfadyser.dev\/politica-de-cookies\/\",\"url\":\"https:\/\/kuken.alfadyser.dev\/politica-de-cookies\/\",\"name\":\"Pol\u00edtica de cookies - K\u00fcken\",\"isPartOf\":{\"@id\":\"https:\/\/kuken.alfadyser.dev\/#website\"},\"datePublished\":\"2019-06-26T09:04:57+00:00\",\"dateModified\":\"2020-11-02T12:17:29+00:00\",\"breadcrumb\":{\"@id\":\"https:\/\/kuken.alfadyser.dev\/politica-de-cookies\/#breadcrumb\"},\"inLanguage\":\"pt-PT\",\"potentialAction\":[{\"@type\":\"ReadAction\",\"target\":[\"https:\/\/kuken.alfadyser.dev\/politica-de-cookies\/\"]}]},{\"@type\":\"BreadcrumbList\",\"@id\":\"https:\/\/kuken.alfadyser.dev\/politica-de-cookies\/#breadcrumb\",\"itemListElement\":[{\"@type\":\"ListItem\",\"position\":1,\"name\":\"Portada\",\"item\":\"https:\/\/kuken.alfadyser.dev\/\"},{\"@type\":\"ListItem\",\"position\":2,\"name\":\"Pol\u00edtica de cookies\"}]},{\"@type\":\"WebSite\",\"@id\":\"https:\/\/kuken.alfadyser.dev\/#website\",\"url\":\"https:\/\/kuken.alfadyser.dev\/\",\"name\":\"K\u00fcken\",\"description\":\"Amplia gama de peque\u00f1o electrodom\u00e9stico k\u00fcken\",\"publisher\":{\"@id\":\"https:\/\/kuken.alfadyser.dev\/#organization\"},\"potentialAction\":[{\"@type\":\"SearchAction\",\"target\":{\"@type\":\"EntryPoint\",\"urlTemplate\":\"https:\/\/kuken.alfadyser.dev\/?s={search_term_string}\"},\"query-input\":{\"@type\":\"PropertyValueSpecification\",\"valueRequired\":true,\"valueName\":\"search_term_string\"}}],\"inLanguage\":\"pt-PT\"},{\"@type\":\"Organization\",\"@id\":\"https:\/\/kuken.alfadyser.dev\/#organization\",\"name\":\"Alfa Dyser\",\"url\":\"https:\/\/kuken.alfadyser.dev\/\",\"logo\":{\"@type\":\"ImageObject\",\"inLanguage\":\"pt-PT\",\"@id\":\"https:\/\/kuken.alfadyser.dev\/#\/schema\/logo\/image\/\",\"url\":\"https:\/\/kuken.alfadyser.dev\/wp-content\/uploads\/2019\/04\/kuken-logo.png\",\"contentUrl\":\"https:\/\/kuken.alfadyser.dev\/wp-content\/uploads\/2019\/04\/kuken-logo.png\",\"width\":500,\"height\":191,\"caption\":\"Alfa Dyser\"},\"image\":{\"@id\":\"https:\/\/kuken.alfadyser.dev\/#\/schema\/logo\/image\/\"},\"sameAs\":[\"https:\/\/es-es.facebook.com\/alfadyser\/\",\"https:\/\/www.instagram.com\/kuken_appliances\/\"]}]}<\/script>\n<!-- \/ Yoast SEO Premium plugin. -->","yoast_head_json":{"title":"Pol\u00edtica de cookies - K\u00fcken","robots":{"index":"noindex","follow":"follow","max-snippet":"max-snippet:-1","max-image-preview":"max-image-preview:large","max-video-preview":"max-video-preview:-1"},"og_locale":"pt_PT","og_type":"article","og_title":"Pol\u00edtica de cookies","og_description":"Pol\u00edtica de cookies En la web\u00a0www.kuken.es\u00a0(en adelante, www.kuken.es) utilizamos cookies para facilitar la relaci\u00f3n de los visitantes con nuestro contenido y para permitir elaborar estad\u00edsticas sobre [\u2026]","og_url":"https:\/\/kuken.alfadyser.dev\/pt\/politica-de-cookies\/","og_site_name":"K\u00fcken","article_publisher":"https:\/\/es-es.facebook.com\/alfadyser\/","article_modified_time":"2020-11-02T12:17:29+00:00","twitter_card":"summary_large_image","twitter_misc":{"Tempo estimado de leitura":"10 minutos"},"schema":{"@context":"https:\/\/schema.org","@graph":[{"@type":"WebPage","@id":"https:\/\/kuken.alfadyser.dev\/politica-de-cookies\/","url":"https:\/\/kuken.alfadyser.dev\/politica-de-cookies\/","name":"Pol\u00edtica de cookies - K\u00fcken","isPartOf":{"@id":"https:\/\/kuken.alfadyser.dev\/#website"},"datePublished":"2019-06-26T09:04:57+00:00","dateModified":"2020-11-02T12:17:29+00:00","breadcrumb":{"@id":"https:\/\/kuken.alfadyser.dev\/politica-de-cookies\/#breadcrumb"},"inLanguage":"pt-PT","potentialAction":[{"@type":"ReadAction","target":["https:\/\/kuken.alfadyser.dev\/politica-de-cookies\/"]}]},{"@type":"BreadcrumbList","@id":"https:\/\/kuken.alfadyser.dev\/politica-de-cookies\/#breadcrumb","itemListElement":[{"@type":"ListItem","position":1,"name":"Portada","item":"https:\/\/kuken.alfadyser.dev\/"},{"@type":"ListItem","position":2,"name":"Pol\u00edtica de cookies"}]},{"@type":"WebSite","@id":"https:\/\/kuken.alfadyser.dev\/#website","url":"https:\/\/kuken.alfadyser.dev\/","name":"K\u00fcken","description":"Vasta gama de pequenos electrodom\u00e9sticos k\u00fcken","publisher":{"@id":"https:\/\/kuken.alfadyser.dev\/#organization"},"potentialAction":[{"@type":"SearchAction","target":{"@type":"EntryPoint","urlTemplate":"https:\/\/kuken.alfadyser.dev\/?s={search_term_string}"},"query-input":{"@type":"PropertyValueSpecification","valueRequired":true,"valueName":"search_term_string"}}],"inLanguage":"pt-PT"},{"@type":"Organization","@id":"https:\/\/kuken.alfadyser.dev\/#organization","name":"Alpha Dyser","url":"https:\/\/kuken.alfadyser.dev\/","logo":{"@type":"ImageObject","inLanguage":"pt-PT","@id":"https:\/\/kuken.alfadyser.dev\/#\/schema\/logo\/image\/","url":"https:\/\/kuken.alfadyser.dev\/wp-content\/uploads\/2019\/04\/kuken-logo.png","contentUrl":"https:\/\/kuken.alfadyser.dev\/wp-content\/uploads\/2019\/04\/kuken-logo.png","width":500,"height":191,"caption":"Alfa Dyser"},"image":{"@id":"https:\/\/kuken.alfadyser.dev\/#\/schema\/logo\/image\/"},"sameAs":["https:\/\/es-es.facebook.com\/alfadyser\/","https:\/\/www.instagram.com\/kuken_appliances\/"]}]}},"_links":{"self":[{"href":"https:\/\/kuken.alfadyser.dev\/pt\/wp-json\/wp\/v2\/pages\/315","targetHints":{"allow":["GET"]}}],"collection":[{"href":"https:\/\/kuken.alfadyser.dev\/pt\/wp-json\/wp\/v2\/pages"}],"about":[{"href":"https:\/\/kuken.alfadyser.dev\/pt\/wp-json\/wp\/v2\/types\/page"}],"author":[{"embeddable":true,"href":"https:\/\/kuken.alfadyser.dev\/pt\/wp-json\/wp\/v2\/users\/4"}],"replies":[{"embeddable":true,"href":"https:\/\/kuken.alfadyser.dev\/pt\/wp-json\/wp\/v2\/comments?post=315"}],"version-history":[{"count":0,"href":"https:\/\/kuken.alfadyser.dev\/pt\/wp-json\/wp\/v2\/pages\/315\/revisions"}],"wp:attachment":[{"href":"https:\/\/kuken.alfadyser.dev\/pt\/wp-json\/wp\/v2\/media?parent=315"}],"curies":[{"name":"wp","href":"https:\/\/api.w.org\/{rel}","templated":true}]}}