{"id":313,"date":"2019-06-26T11:03:07","date_gmt":"2019-06-26T09:03:07","guid":{"rendered":"https:\/\/kuken.alfadyser.dev\/?page_id=313"},"modified":"2019-06-26T11:03:07","modified_gmt":"2019-06-26T09:03:07","slug":"politica-ambiental","status":"publish","type":"page","link":"https:\/\/kuken.alfadyser.dev\/pt\/politica-ambiental\/","title":{"rendered":"Pol\u00edtica ambiental"},"content":{"rendered":"<h3>Pol\u00edtica ambiental<\/h3>\n<p>&nbsp;<\/p>\n<p class=\"disclaimer\"><strong>Alfa Dyser S.L.<\/strong>\u00a0considera os cuidados ambientais como um\u00a0<strong>valor fundamental da sua cultura empresarial<\/strong>. Por conseguinte, desenvolve as suas actividades de uma forma respeitadora do ambiente e de acordo com os princ\u00edpios do desenvolvimento sustent\u00e1vel, e est\u00e1 firmemente empenhada na conserva\u00e7\u00e3o e na utiliza\u00e7\u00e3o correta dos recursos que utiliza. No cumprimento dos seus compromissos ambientais, a Alfa Dyser S.L. aplica os seguintes princ\u00edpios b\u00e1sicos de atua\u00e7\u00e3o, que constituem os fundamentos da sua pol\u00edtica ambiental:<\/p>\n<ul>\n<li class=\"disclaimer\">Como compromisso de prote\u00e7\u00e3o do ambiente,\u00a0<strong>identificar e avaliar todos os impactos ambientais<\/strong>\u00a0derivadas das nossas actividades e servi\u00e7os, com o objetivo de implementar medidas para as reduzir, prevenir a polui\u00e7\u00e3o, minimizar o consumo de recursos e promover a efici\u00eancia e a poupan\u00e7a energ\u00e9tica nas nossas instala\u00e7\u00f5es.<\/li>\n<li class=\"disclaimer\">Proteger o\u00a0<strong>cumprimento das leis, regulamentos e normas ambientais aplic\u00e1veis<\/strong>e outros requisitos que a organiza\u00e7\u00e3o subscreve e, sempre que poss\u00edvel, exceder esses requisitos, desde que haja um benef\u00edcio ambiental associado para a empresa ou para a sociedade em geral.<\/li>\n<li class=\"disclaimer\"><strong>Incluir considera\u00e7\u00f5es ambientais nas nossas decis\u00f5es de compra e na conce\u00e7\u00e3o de novos produtos.<\/strong>Tamb\u00e9m utilizamos esta informa\u00e7\u00e3o na sele\u00e7\u00e3o dos nossos fornecedores e subcontratados, sempre que tecnologicamente poss\u00edvel, e na sele\u00e7\u00e3o dos nossos fornecedores e subcontratados, sempre que as suas actividades possam ter um impacto no desempenho ambiental da empresa e do planeta.<\/li>\n<li class=\"disclaimer\">O\u00a0<strong>inser\u00e7\u00e3o digital de cat\u00e1logos<\/strong>com o objetivo de contribuir para a manuten\u00e7\u00e3o e preserva\u00e7\u00e3o do meio ambiente, reduzindo a utiliza\u00e7\u00e3o de papel e evitando assim o abate de \u00e1rvores e reduzindo o consumo de energia e as emiss\u00f5es de CO2. Por este motivo, a Alfa Dyser, S.L. oferece e recomenda a todos os seus clientes a possibilidade de receber os seus cat\u00e1logos em formato eletr\u00f3nico.<\/li>\n<li class=\"disclaimer\">Praticar um\u00a0<strong>gest\u00e3o integrada dos res\u00edduos produzidos na empresa<\/strong>A utiliza\u00e7\u00e3o de res\u00edduos que respeite o ambiente, envolvendo a separa\u00e7\u00e3o e reciclagem corretas dos res\u00edduos, quando necess\u00e1rio, bem como o armazenamento interm\u00e9dio e final adequado dos res\u00edduos.<\/li>\n<li class=\"disclaimer\">Desenvolver um\u00a0<strong>revis\u00e3o e melhoria cont\u00ednua do sistema de gest\u00e3o ambiental em vigor<\/strong>\u00a0para o manter ativo e eficaz.<\/li>\n<\/ul>\n<p class=\"disclaimer\"><strong>Alfa Dyser, S.L.<\/strong>\u00a0assegura que a pol\u00edtica \u00e9 compreendida a todos os n\u00edveis da organiza\u00e7\u00e3o e pelos seus empregados, explicando-a atrav\u00e9s de reuni\u00f5es de pessoal e divulgando-a atrav\u00e9s de distribui\u00e7\u00e3o e publica\u00e7\u00e3o no s\u00edtio Web da empresa, assegurando assim que estes s\u00e3o parte ativa da mesma e est\u00e3o envolvidos e empenhados na sua implementa\u00e7\u00e3o.<\/p>","protected":false},"excerpt":{"rendered":"<p>Pol\u00edtica medioambiental &nbsp; Alfa Dyser S.L.\u00a0considera el cuidado medioambiental como un\u00a0valor fundamental de su cultura empresarial. Por ello, realiza sus actividades de manera respetuosa con el<span class=\"excerpt-hellip\"> [...]<\/span><\/p>","protected":false},"author":4,"featured_media":0,"parent":0,"menu_order":0,"comment_status":"closed","ping_status":"closed","template":"","meta":{"footnotes":""},"class_list":["post-313","page","type-page","status-publish","hentry"],"yoast_head":"<!-- This site is optimized with the Yoast SEO Premium plugin v24.0 (Yoast SEO v26.5) - https:\/\/yoast.com\/wordpress\/plugins\/seo\/ -->\n<title>Pol\u00edtica medioambiental - K\u00fcken<\/title>\n<meta name=\"robots\" content=\"noindex, follow, max-snippet:-1, max-image-preview:large, max-video-preview:-1\" \/>\n<meta property=\"og:locale\" content=\"pt_PT\" \/>\n<meta property=\"og:type\" content=\"article\" \/>\n<meta property=\"og:title\" content=\"Pol\u00edtica medioambiental\" \/>\n<meta property=\"og:description\" content=\"Pol\u00edtica medioambiental &nbsp; Alfa Dyser S.L.\u00a0considera el cuidado medioambiental como un\u00a0valor fundamental de su cultura empresarial. Por ello, realiza sus actividades de manera respetuosa con el [\u2026]\" \/>\n<meta property=\"og:url\" content=\"https:\/\/kuken.alfadyser.dev\/pt\/politica-ambiental\/\" \/>\n<meta property=\"og:site_name\" content=\"K\u00fcken\" \/>\n<meta property=\"article:publisher\" content=\"https:\/\/es-es.facebook.com\/alfadyser\/\" \/>\n<meta name=\"twitter:card\" content=\"summary_large_image\" \/>\n<meta name=\"twitter:label1\" content=\"Tempo estimado de leitura\" \/>\n\t<meta name=\"twitter:data1\" content=\"2 minutos\" \/>\n<script type=\"application\/ld+json\" class=\"yoast-schema-graph\">{\"@context\":\"https:\/\/schema.org\",\"@graph\":[{\"@type\":\"WebPage\",\"@id\":\"https:\/\/kuken.alfadyser.dev\/politica-medioambiental\/\",\"url\":\"https:\/\/kuken.alfadyser.dev\/politica-medioambiental\/\",\"name\":\"Pol\u00edtica medioambiental - K\u00fcken\",\"isPartOf\":{\"@id\":\"https:\/\/kuken.alfadyser.dev\/#website\"},\"datePublished\":\"2019-06-26T09:03:07+00:00\",\"breadcrumb\":{\"@id\":\"https:\/\/kuken.alfadyser.dev\/politica-medioambiental\/#breadcrumb\"},\"inLanguage\":\"pt-PT\",\"potentialAction\":[{\"@type\":\"ReadAction\",\"target\":[\"https:\/\/kuken.alfadyser.dev\/politica-medioambiental\/\"]}]},{\"@type\":\"BreadcrumbList\",\"@id\":\"https:\/\/kuken.alfadyser.dev\/politica-medioambiental\/#breadcrumb\",\"itemListElement\":[{\"@type\":\"ListItem\",\"position\":1,\"name\":\"Portada\",\"item\":\"https:\/\/kuken.alfadyser.dev\/\"},{\"@type\":\"ListItem\",\"position\":2,\"name\":\"Pol\u00edtica medioambiental\"}]},{\"@type\":\"WebSite\",\"@id\":\"https:\/\/kuken.alfadyser.dev\/#website\",\"url\":\"https:\/\/kuken.alfadyser.dev\/\",\"name\":\"K\u00fcken\",\"description\":\"Amplia gama de peque\u00f1o electrodom\u00e9stico k\u00fcken\",\"publisher\":{\"@id\":\"https:\/\/kuken.alfadyser.dev\/#organization\"},\"potentialAction\":[{\"@type\":\"SearchAction\",\"target\":{\"@type\":\"EntryPoint\",\"urlTemplate\":\"https:\/\/kuken.alfadyser.dev\/?s={search_term_string}\"},\"query-input\":{\"@type\":\"PropertyValueSpecification\",\"valueRequired\":true,\"valueName\":\"search_term_string\"}}],\"inLanguage\":\"pt-PT\"},{\"@type\":\"Organization\",\"@id\":\"https:\/\/kuken.alfadyser.dev\/#organization\",\"name\":\"Alfa Dyser\",\"url\":\"https:\/\/kuken.alfadyser.dev\/\",\"logo\":{\"@type\":\"ImageObject\",\"inLanguage\":\"pt-PT\",\"@id\":\"https:\/\/kuken.alfadyser.dev\/#\/schema\/logo\/image\/\",\"url\":\"https:\/\/kuken.alfadyser.dev\/wp-content\/uploads\/2019\/04\/kuken-logo.png\",\"contentUrl\":\"https:\/\/kuken.alfadyser.dev\/wp-content\/uploads\/2019\/04\/kuken-logo.png\",\"width\":500,\"height\":191,\"caption\":\"Alfa Dyser\"},\"image\":{\"@id\":\"https:\/\/kuken.alfadyser.dev\/#\/schema\/logo\/image\/\"},\"sameAs\":[\"https:\/\/es-es.facebook.com\/alfadyser\/\",\"https:\/\/www.instagram.com\/kuken_appliances\/\"]}]}<\/script>\n<!-- \/ Yoast SEO Premium plugin. -->","yoast_head_json":{"title":"Pol\u00edtica ambiental - K\u00fcken","robots":{"index":"noindex","follow":"follow","max-snippet":"max-snippet:-1","max-image-preview":"max-image-preview:large","max-video-preview":"max-video-preview:-1"},"og_locale":"pt_PT","og_type":"article","og_title":"Pol\u00edtica medioambiental","og_description":"Pol\u00edtica medioambiental &nbsp; Alfa Dyser S.L.\u00a0considera el cuidado medioambiental como un\u00a0valor fundamental de su cultura empresarial. Por ello, realiza sus actividades de manera respetuosa con el [\u2026]","og_url":"https:\/\/kuken.alfadyser.dev\/pt\/politica-ambiental\/","og_site_name":"K\u00fcken","article_publisher":"https:\/\/es-es.facebook.com\/alfadyser\/","twitter_card":"summary_large_image","twitter_misc":{"Tempo estimado de leitura":"2 minutos"},"schema":{"@context":"https:\/\/schema.org","@graph":[{"@type":"WebPage","@id":"https:\/\/kuken.alfadyser.dev\/politica-medioambiental\/","url":"https:\/\/kuken.alfadyser.dev\/politica-medioambiental\/","name":"Pol\u00edtica ambiental - K\u00fcken","isPartOf":{"@id":"https:\/\/kuken.alfadyser.dev\/#website"},"datePublished":"2019-06-26T09:03:07+00:00","breadcrumb":{"@id":"https:\/\/kuken.alfadyser.dev\/politica-medioambiental\/#breadcrumb"},"inLanguage":"pt-PT","potentialAction":[{"@type":"ReadAction","target":["https:\/\/kuken.alfadyser.dev\/politica-medioambiental\/"]}]},{"@type":"BreadcrumbList","@id":"https:\/\/kuken.alfadyser.dev\/politica-medioambiental\/#breadcrumb","itemListElement":[{"@type":"ListItem","position":1,"name":"Portada","item":"https:\/\/kuken.alfadyser.dev\/"},{"@type":"ListItem","position":2,"name":"Pol\u00edtica medioambiental"}]},{"@type":"WebSite","@id":"https:\/\/kuken.alfadyser.dev\/#website","url":"https:\/\/kuken.alfadyser.dev\/","name":"K\u00fcken","description":"Vasta gama de pequenos electrodom\u00e9sticos k\u00fcken","publisher":{"@id":"https:\/\/kuken.alfadyser.dev\/#organization"},"potentialAction":[{"@type":"SearchAction","target":{"@type":"EntryPoint","urlTemplate":"https:\/\/kuken.alfadyser.dev\/?s={search_term_string}"},"query-input":{"@type":"PropertyValueSpecification","valueRequired":true,"valueName":"search_term_string"}}],"inLanguage":"pt-PT"},{"@type":"Organization","@id":"https:\/\/kuken.alfadyser.dev\/#organization","name":"Alpha Dyser","url":"https:\/\/kuken.alfadyser.dev\/","logo":{"@type":"ImageObject","inLanguage":"pt-PT","@id":"https:\/\/kuken.alfadyser.dev\/#\/schema\/logo\/image\/","url":"https:\/\/kuken.alfadyser.dev\/wp-content\/uploads\/2019\/04\/kuken-logo.png","contentUrl":"https:\/\/kuken.alfadyser.dev\/wp-content\/uploads\/2019\/04\/kuken-logo.png","width":500,"height":191,"caption":"Alfa Dyser"},"image":{"@id":"https:\/\/kuken.alfadyser.dev\/#\/schema\/logo\/image\/"},"sameAs":["https:\/\/es-es.facebook.com\/alfadyser\/","https:\/\/www.instagram.com\/kuken_appliances\/"]}]}},"_links":{"self":[{"href":"https:\/\/kuken.alfadyser.dev\/pt\/wp-json\/wp\/v2\/pages\/313","targetHints":{"allow":["GET"]}}],"collection":[{"href":"https:\/\/kuken.alfadyser.dev\/pt\/wp-json\/wp\/v2\/pages"}],"about":[{"href":"https:\/\/kuken.alfadyser.dev\/pt\/wp-json\/wp\/v2\/types\/page"}],"author":[{"embeddable":true,"href":"https:\/\/kuken.alfadyser.dev\/pt\/wp-json\/wp\/v2\/users\/4"}],"replies":[{"embeddable":true,"href":"https:\/\/kuken.alfadyser.dev\/pt\/wp-json\/wp\/v2\/comments?post=313"}],"version-history":[{"count":0,"href":"https:\/\/kuken.alfadyser.dev\/pt\/wp-json\/wp\/v2\/pages\/313\/revisions"}],"wp:attachment":[{"href":"https:\/\/kuken.alfadyser.dev\/pt\/wp-json\/wp\/v2\/media?parent=313"}],"curies":[{"name":"wp","href":"https:\/\/api.w.org\/{rel}","templated":true}]}}