{"id":311,"date":"2019-06-26T11:01:00","date_gmt":"2019-06-26T09:01:00","guid":{"rendered":"https:\/\/kuken.alfadyser.dev\/?page_id=311"},"modified":"2019-06-26T11:01:00","modified_gmt":"2019-06-26T09:01:00","slug":"politica-de-privacidade","status":"publish","type":"page","link":"https:\/\/kuken.alfadyser.dev\/pt\/politica-de-privacidade\/","title":{"rendered":"Pol\u00edtica de privacidade"},"content":{"rendered":"<h3>Pol\u00edtica de privacidade<\/h3>\n<p>&nbsp;<\/p>\n<p>A presente Pol\u00edtica de Privacidade estabelece os termos em que a ALFA DYSER, S.L. utiliza e protege a informa\u00e7\u00e3o que \u00e9 fornecida pelos seus utilizadores quando utilizam o seu s\u00edtio Web. Esta empresa est\u00e1 comprometida com a seguran\u00e7a dos dados dos seus utilizadores. Quando pedimos ao utilizador que nos forne\u00e7a informa\u00e7\u00f5es pessoais atrav\u00e9s das quais possa ser identificado, fazemo-lo com a garantia de que estas apenas ser\u00e3o utilizadas de acordo com os termos deste documento. No entanto, esta Pol\u00edtica de Privacidade pode mudar com o tempo ou ser actualizada e encorajamo-lo a rever continuamente esta p\u00e1gina para garantir que est\u00e1 satisfeito com quaisquer altera\u00e7\u00f5es.<\/p>\n<h5 id=\"politica1\" class=\"legal\">1. INFORMA\u00c7\u00d5ES RECOLHIDAS<\/h5>\n<p>O nosso s\u00edtio Web pode recolher informa\u00e7\u00f5es pessoais, como o nome, informa\u00e7\u00f5es de contacto, como o seu endere\u00e7o de correio eletr\u00f3nico e informa\u00e7\u00f5es demogr\u00e1ficas. Al\u00e9m disso, quando necess\u00e1rio, podem ser solicitadas informa\u00e7\u00f5es espec\u00edficas para processar uma encomenda ou efetuar uma entrega ou fatura\u00e7\u00e3o.<\/p>\n<h5 id=\"politica2\" class=\"legal\">2. UTILIZA\u00c7\u00c3O DAS INFORMA\u00c7\u00d5ES RECOLHIDAS<\/h5>\n<p>O nosso s\u00edtio Web utiliza as informa\u00e7\u00f5es para lhe prestar o melhor servi\u00e7o poss\u00edvel, em especial para acompanhar os utilizadores, para acompanhar as encomendas, quando aplic\u00e1vel, e para melhorar os nossos produtos e servi\u00e7os. Podemos enviar periodicamente mensagens de correio eletr\u00f3nico atrav\u00e9s do nosso s\u00edtio com ofertas especiais, novos produtos e outras informa\u00e7\u00f5es de marketing que pensamos serem relevantes para o utilizador ou que possam ser ben\u00e9ficas para o mesmo. Estas mensagens de correio eletr\u00f3nico ser\u00e3o enviadas para o endere\u00e7o fornecido pelo utilizador e podem ser anuladas a qualquer momento.<\/p>\n<p>A ALFA DYSER, S.L. est\u00e1 altamente empenhada em cumprir o seu compromisso de manter os seus dados seguros. Utilizamos os sistemas mais avan\u00e7ados e actualizamo-los constantemente para garantir que n\u00e3o haja acessos n\u00e3o autorizados.<\/p>\n<h5 id=\"politica3\" class=\"legal\">3. COOKIES<\/h5>\n<p>Um cookie refere-se a um ficheiro que \u00e9 enviado com o objetivo de pedir permiss\u00e3o para ser armazenado no seu computador, ao aceitar este ficheiro \u00e9 criado e o cookie \u00e9 ent\u00e3o utilizado para ter informa\u00e7\u00f5es sobre o tr\u00e1fego da web, e tamb\u00e9m facilita futuras visitas a um website recorrente. Outra fun\u00e7\u00e3o dos cookies \u00e9 que, com eles, a Web pode reconhec\u00ea-lo individualmente e, assim, prestar-lhe o melhor servi\u00e7o personalizado no seu s\u00edtio Web.<\/p>\n<p>O nosso s\u00edtio Web utiliza cookies para poder identificar as p\u00e1ginas que s\u00e3o visitadas e a sua frequ\u00eancia. Esta informa\u00e7\u00e3o \u00e9 utilizada apenas para an\u00e1lise estat\u00edstica e depois a informa\u00e7\u00e3o \u00e9 permanentemente apagada. Pode apagar os cookies em qualquer altura do seu computador. No entanto, os cookies ajudam a fornecer um melhor servi\u00e7o dos s\u00edtios Web, n\u00e3o d\u00e3o acesso a informa\u00e7\u00f5es sobre o seu computador ou sobre si, a menos que opte por fornec\u00ea-las diretamente. Pode aceitar ou recusar a utiliza\u00e7\u00e3o de cookies, mas a maioria dos programas de navega\u00e7\u00e3o aceita automaticamente os cookies para fornecer um melhor servi\u00e7o Web. Tamb\u00e9m pode alterar as defini\u00e7\u00f5es do seu computador para recusar os cookies. Se recusar os cookies, poder\u00e1 n\u00e3o conseguir utilizar alguns dos nossos servi\u00e7os.<\/p>\n<h5 id=\"politica4\" class=\"legal\">4. LIGA\u00c7\u00d5ES A TERCEIROS<\/h5>\n<p>Este s\u00edtio Web pode conter liga\u00e7\u00f5es a outros s\u00edtios Web que podem ser do seu interesse. Quando clicar nessas liga\u00e7\u00f5es e sair do nosso s\u00edtio, deixamos de ter controlo sobre o s\u00edtio para o qual foi redireccionado e, por conseguinte, n\u00e3o somos respons\u00e1veis pelos termos ou pr\u00e1ticas de privacidade ou de prote\u00e7\u00e3o de dados desses outros s\u00edtios. Estes s\u00edtios est\u00e3o sujeitos \u00e0s suas pr\u00f3prias pol\u00edticas de privacidade e o utilizador deve verific\u00e1-las para se certificar de que est\u00e1 satisfeito com elas.<\/p>\n<h5 id=\"politica5\" class=\"legal\">5. CONTROLO DAS SUAS INFORMA\u00c7\u00d5ES PESSOAIS<\/h5>\n<p>O utilizador pode, a qualquer momento, restringir a recolha ou a utiliza\u00e7\u00e3o das informa\u00e7\u00f5es pessoais que fornece ao nosso s\u00edtio Web. Sempre que lhe for solicitado o preenchimento de um formul\u00e1rio, como um formul\u00e1rio de registo, pode marcar ou desmarcar a op\u00e7\u00e3o de receber informa\u00e7\u00f5es por correio eletr\u00f3nico. Caso tenha assinalado a op\u00e7\u00e3o de receber a nossa newsletter ou publicidade, pode cancel\u00e1-la em qualquer altura.<\/p>\n<p>Esta empresa n\u00e3o vender\u00e1, ceder\u00e1 ou distribuir\u00e1 as informa\u00e7\u00f5es pessoais recolhidas sem o seu consentimento, exceto se tal for exigido por um juiz com uma ordem judicial.<\/p>\n<p>A ALFA DYSER, S.L. reserva-se o direito de alterar os termos da presente Pol\u00edtica de Privacidade em qualquer altura.<\/p>","protected":false},"excerpt":{"rendered":"<p>Pol\u00edtica de privacidad &nbsp; El presente Pol\u00edtica de Privacidad establece los t\u00e9rminos en que ALFA DYSER, S.L. usa y protege la informaci\u00f3n que es proporcionada por<span class=\"excerpt-hellip\"> [...]<\/span><\/p>","protected":false},"author":4,"featured_media":0,"parent":0,"menu_order":0,"comment_status":"closed","ping_status":"closed","template":"","meta":{"footnotes":""},"class_list":["post-311","page","type-page","status-publish","hentry"],"yoast_head":"<!-- This site is optimized with the Yoast SEO Premium plugin v24.0 (Yoast SEO v26.5) - https:\/\/yoast.com\/wordpress\/plugins\/seo\/ -->\n<title>Pol\u00edtica de privacidad - K\u00fcken<\/title>\n<meta name=\"robots\" content=\"noindex, follow, max-snippet:-1, max-image-preview:large, max-video-preview:-1\" \/>\n<meta property=\"og:locale\" content=\"pt_PT\" \/>\n<meta property=\"og:type\" content=\"article\" \/>\n<meta property=\"og:title\" content=\"Pol\u00edtica de privacidad\" \/>\n<meta property=\"og:description\" content=\"Pol\u00edtica de privacidad &nbsp; El presente Pol\u00edtica de Privacidad establece los t\u00e9rminos en que ALFA DYSER, S.L. usa y protege la informaci\u00f3n que es proporcionada por [\u2026]\" \/>\n<meta property=\"og:url\" content=\"https:\/\/kuken.alfadyser.dev\/pt\/politica-de-privacidade\/\" \/>\n<meta property=\"og:site_name\" content=\"K\u00fcken\" \/>\n<meta property=\"article:publisher\" content=\"https:\/\/es-es.facebook.com\/alfadyser\/\" \/>\n<meta name=\"twitter:card\" content=\"summary_large_image\" \/>\n<meta name=\"twitter:label1\" content=\"Tempo estimado de leitura\" \/>\n\t<meta name=\"twitter:data1\" content=\"4 minutos\" \/>\n<script type=\"application\/ld+json\" class=\"yoast-schema-graph\">{\"@context\":\"https:\/\/schema.org\",\"@graph\":[{\"@type\":\"WebPage\",\"@id\":\"https:\/\/kuken.alfadyser.dev\/politica-de-privacidad\/\",\"url\":\"https:\/\/kuken.alfadyser.dev\/politica-de-privacidad\/\",\"name\":\"Pol\u00edtica de privacidad - K\u00fcken\",\"isPartOf\":{\"@id\":\"https:\/\/kuken.alfadyser.dev\/#website\"},\"datePublished\":\"2019-06-26T09:01:00+00:00\",\"breadcrumb\":{\"@id\":\"https:\/\/kuken.alfadyser.dev\/politica-de-privacidad\/#breadcrumb\"},\"inLanguage\":\"pt-PT\",\"potentialAction\":[{\"@type\":\"ReadAction\",\"target\":[\"https:\/\/kuken.alfadyser.dev\/politica-de-privacidad\/\"]}]},{\"@type\":\"BreadcrumbList\",\"@id\":\"https:\/\/kuken.alfadyser.dev\/politica-de-privacidad\/#breadcrumb\",\"itemListElement\":[{\"@type\":\"ListItem\",\"position\":1,\"name\":\"Portada\",\"item\":\"https:\/\/kuken.alfadyser.dev\/\"},{\"@type\":\"ListItem\",\"position\":2,\"name\":\"Pol\u00edtica de privacidad\"}]},{\"@type\":\"WebSite\",\"@id\":\"https:\/\/kuken.alfadyser.dev\/#website\",\"url\":\"https:\/\/kuken.alfadyser.dev\/\",\"name\":\"K\u00fcken\",\"description\":\"Amplia gama de peque\u00f1o electrodom\u00e9stico k\u00fcken\",\"publisher\":{\"@id\":\"https:\/\/kuken.alfadyser.dev\/#organization\"},\"potentialAction\":[{\"@type\":\"SearchAction\",\"target\":{\"@type\":\"EntryPoint\",\"urlTemplate\":\"https:\/\/kuken.alfadyser.dev\/?s={search_term_string}\"},\"query-input\":{\"@type\":\"PropertyValueSpecification\",\"valueRequired\":true,\"valueName\":\"search_term_string\"}}],\"inLanguage\":\"pt-PT\"},{\"@type\":\"Organization\",\"@id\":\"https:\/\/kuken.alfadyser.dev\/#organization\",\"name\":\"Alfa Dyser\",\"url\":\"https:\/\/kuken.alfadyser.dev\/\",\"logo\":{\"@type\":\"ImageObject\",\"inLanguage\":\"pt-PT\",\"@id\":\"https:\/\/kuken.alfadyser.dev\/#\/schema\/logo\/image\/\",\"url\":\"https:\/\/kuken.alfadyser.dev\/wp-content\/uploads\/2019\/04\/kuken-logo.png\",\"contentUrl\":\"https:\/\/kuken.alfadyser.dev\/wp-content\/uploads\/2019\/04\/kuken-logo.png\",\"width\":500,\"height\":191,\"caption\":\"Alfa Dyser\"},\"image\":{\"@id\":\"https:\/\/kuken.alfadyser.dev\/#\/schema\/logo\/image\/\"},\"sameAs\":[\"https:\/\/es-es.facebook.com\/alfadyser\/\",\"https:\/\/www.instagram.com\/kuken_appliances\/\"]}]}<\/script>\n<!-- \/ Yoast SEO Premium plugin. -->","yoast_head_json":{"title":"Pol\u00edtica de privacidade - K\u00fcken","robots":{"index":"noindex","follow":"follow","max-snippet":"max-snippet:-1","max-image-preview":"max-image-preview:large","max-video-preview":"max-video-preview:-1"},"og_locale":"pt_PT","og_type":"article","og_title":"Pol\u00edtica de privacidad","og_description":"Pol\u00edtica de privacidad &nbsp; El presente Pol\u00edtica de Privacidad establece los t\u00e9rminos en que ALFA DYSER, S.L. usa y protege la informaci\u00f3n que es proporcionada por [\u2026]","og_url":"https:\/\/kuken.alfadyser.dev\/pt\/politica-de-privacidade\/","og_site_name":"K\u00fcken","article_publisher":"https:\/\/es-es.facebook.com\/alfadyser\/","twitter_card":"summary_large_image","twitter_misc":{"Tempo estimado de leitura":"4 minutos"},"schema":{"@context":"https:\/\/schema.org","@graph":[{"@type":"WebPage","@id":"https:\/\/kuken.alfadyser.dev\/politica-de-privacidad\/","url":"https:\/\/kuken.alfadyser.dev\/politica-de-privacidad\/","name":"Pol\u00edtica de privacidade - K\u00fcken","isPartOf":{"@id":"https:\/\/kuken.alfadyser.dev\/#website"},"datePublished":"2019-06-26T09:01:00+00:00","breadcrumb":{"@id":"https:\/\/kuken.alfadyser.dev\/politica-de-privacidad\/#breadcrumb"},"inLanguage":"pt-PT","potentialAction":[{"@type":"ReadAction","target":["https:\/\/kuken.alfadyser.dev\/politica-de-privacidad\/"]}]},{"@type":"BreadcrumbList","@id":"https:\/\/kuken.alfadyser.dev\/politica-de-privacidad\/#breadcrumb","itemListElement":[{"@type":"ListItem","position":1,"name":"Portada","item":"https:\/\/kuken.alfadyser.dev\/"},{"@type":"ListItem","position":2,"name":"Pol\u00edtica de privacidad"}]},{"@type":"WebSite","@id":"https:\/\/kuken.alfadyser.dev\/#website","url":"https:\/\/kuken.alfadyser.dev\/","name":"K\u00fcken","description":"Vasta gama de pequenos electrodom\u00e9sticos k\u00fcken","publisher":{"@id":"https:\/\/kuken.alfadyser.dev\/#organization"},"potentialAction":[{"@type":"SearchAction","target":{"@type":"EntryPoint","urlTemplate":"https:\/\/kuken.alfadyser.dev\/?s={search_term_string}"},"query-input":{"@type":"PropertyValueSpecification","valueRequired":true,"valueName":"search_term_string"}}],"inLanguage":"pt-PT"},{"@type":"Organization","@id":"https:\/\/kuken.alfadyser.dev\/#organization","name":"Alpha Dyser","url":"https:\/\/kuken.alfadyser.dev\/","logo":{"@type":"ImageObject","inLanguage":"pt-PT","@id":"https:\/\/kuken.alfadyser.dev\/#\/schema\/logo\/image\/","url":"https:\/\/kuken.alfadyser.dev\/wp-content\/uploads\/2019\/04\/kuken-logo.png","contentUrl":"https:\/\/kuken.alfadyser.dev\/wp-content\/uploads\/2019\/04\/kuken-logo.png","width":500,"height":191,"caption":"Alfa Dyser"},"image":{"@id":"https:\/\/kuken.alfadyser.dev\/#\/schema\/logo\/image\/"},"sameAs":["https:\/\/es-es.facebook.com\/alfadyser\/","https:\/\/www.instagram.com\/kuken_appliances\/"]}]}},"_links":{"self":[{"href":"https:\/\/kuken.alfadyser.dev\/pt\/wp-json\/wp\/v2\/pages\/311","targetHints":{"allow":["GET"]}}],"collection":[{"href":"https:\/\/kuken.alfadyser.dev\/pt\/wp-json\/wp\/v2\/pages"}],"about":[{"href":"https:\/\/kuken.alfadyser.dev\/pt\/wp-json\/wp\/v2\/types\/page"}],"author":[{"embeddable":true,"href":"https:\/\/kuken.alfadyser.dev\/pt\/wp-json\/wp\/v2\/users\/4"}],"replies":[{"embeddable":true,"href":"https:\/\/kuken.alfadyser.dev\/pt\/wp-json\/wp\/v2\/comments?post=311"}],"version-history":[{"count":0,"href":"https:\/\/kuken.alfadyser.dev\/pt\/wp-json\/wp\/v2\/pages\/311\/revisions"}],"wp:attachment":[{"href":"https:\/\/kuken.alfadyser.dev\/pt\/wp-json\/wp\/v2\/media?parent=311"}],"curies":[{"name":"wp","href":"https:\/\/api.w.org\/{rel}","templated":true}]}}