{"id":9394,"date":"2022-10-13T13:47:40","date_gmt":"2022-10-13T11:47:40","guid":{"rendered":"https:\/\/kuken.alfadyser.dev\/?post_type=product&#038;p=9394"},"modified":"2025-07-22T10:54:08","modified_gmt":"2025-07-22T08:54:08","slug":"kuken-fruit-en-groenteblender-130w-kuken","status":"publish","type":"product","link":"https:\/\/kuken.alfadyser.dev\/nl\/product\/kuken-fruit-en-groenteblender-130w-kuken\/","title":{"rendered":"KUKEN FRUIT- EN GROENTEBLENDER 130W K\u00dcKEN"},"content":{"rendered":"<p>KUKEN FRUIT- EN GROENTEBLENDER 130W K\u00dcKEN<\/p>\n<ul>\n<li data-start=\"873\" data-end=\"947\">\n<p data-start=\"875\" data-end=\"947\">Potencia de 130W, ideal para frutas blandas y verduras crujientes.<\/p>\n<\/li>\n<li data-start=\"948\" data-end=\"1021\">\n<p data-start=\"950\" data-end=\"1021\">Fabricada en materiales libres de BPA, seguros y de alta calidad.<\/p>\n<\/li>\n<li data-start=\"1022\" data-end=\"1090\">\n<p data-start=\"1024\" data-end=\"1090\">Dep\u00f3sito de residuos de 450 ml, separa eficazmente la pulpa.<\/p>\n<\/li>\n<li data-start=\"1091\" data-end=\"1155\">\n<p data-start=\"1093\" data-end=\"1155\">Vaso para zumo de 600 ml, perfecto para varias raciones.<\/p>\n<\/li>\n<li data-start=\"1156\" data-end=\"1226\">\n<p data-start=\"1158\" data-end=\"1226\">Doble sentido de rotaci\u00f3n, mejora la eficiencia del triturado.<\/p>\n<\/li>\n<li data-start=\"1227\" data-end=\"1299\">\n<p data-start=\"1229\" data-end=\"1299\">Sistema de prensado en fr\u00edo (slow juicier), conserva nutrientes.<\/p>\n<\/li>\n<li data-start=\"1300\" data-end=\"1372\">\n<p data-start=\"1302\" data-end=\"1372\">Canal de salida con tapa antigoteo, mantiene limpia la encimera.<\/p>\n<\/li>\n<li data-start=\"1373\" data-end=\"1444\">\n<p data-start=\"1375\" data-end=\"1444\">Incluye empujador y cepillo de limpieza, uso pr\u00e1ctico y seguro.<\/p>\n<\/li>\n<li data-start=\"1445\" data-end=\"1501\">\n<p data-start=\"1447\" data-end=\"1501\">Piezas desmontables, facilitan el mantenimiento.<\/p>\n<\/li>\n<li data-start=\"1502\" data-end=\"1564\">\n<p data-start=\"1504\" data-end=\"1564\">Base antideslizante, mayor estabilidad durante su uso.<\/p>\n<\/li>\n<li data-start=\"1565\" data-end=\"1614\">\n<p data-start=\"1567\" data-end=\"1614\">Peso: 1,388 kg | Medidas: \u00f895 x 360 mm.<\/p>\n<\/li>\n<\/ul>\n<p><div class=\"accordion\"><div class=\"mfn-acc accordion_wrapper  toggle\"><div class=\"question\"><div class=\"title\"><i class=\"icon-plus acc-icon-plus\" aria-hidden=\"true\"><\/i><i class=\"icon-minus acc-icon-minus\" aria-hidden=\"true\"><\/i>Productgegevens<\/div><div class=\"answer\">EAN 8425160387945<\/p>\n<p>KUKEN FRUIT- EN GROENTEBLENDER 130W K\u00dcKEN<\/p>\n<p>Verpakkingseenheid 1<br \/>\nKleur Wit \/ Zwart<br \/>\nVerpakking Kleurendoos<br \/>\nVermogen 130 W<br \/>\nSpanning 230 V<br \/>\nGroot formaat<br \/>\nMateriaal Kunststof<br \/>\nAntislipvoeten Ja<br \/>\nSnelheid 2<br \/>\nAfneembaar Ja<br \/>\nHoogte 36 cm<\/div><\/div>\n<\/div><\/div>\n<br \/>\n<div class=\"accordion\"><div class=\"mfn-acc accordion_wrapper  toggle\"><div class=\"question\"><div class=\"title\"><i class=\"icon-plus acc-icon-plus\" aria-hidden=\"true\"><\/i><i class=\"icon-minus acc-icon-minus\" aria-hidden=\"true\"><\/i>Accessoires<\/div><div class=\"answer\"><\/div><\/div>\n<\/div><\/div>\n<\/p>\n<div class=\"descargas-producto\"><a href=\"\/wp-content\/uploads\/pdf\/8425160337827_ficha_tecnica.pdf\" target=\"_blank\" rel=\"noopener noreferrer\"><br \/>\n<img loading=\"lazy\" decoding=\"async\" src=\"\/wp-content\/uploads\/2019\/12\/picto-descarrega.png\" alt=\"gegevensblad downloaden\" width=\"23\" height=\"16\" \/>Blad downloaden<\/a><br \/>\n<a href=\"\/wp-content\/uploads\/pdf\/33782_instrucciones_new.pdf\"><img loading=\"lazy\" decoding=\"async\" src=\"\/wp-content\/uploads\/2019\/12\/picto-descarrega.png\" alt=\"handleiding downloaden\" width=\"23\" height=\"16\" \/>Handleiding downloaden<\/a><\/div>\n<div><\/div>\n<div><span style=\"color: #bf2121\">Volg ons op sociale media!<\/span><\/div>\n<div><a href=\"https:\/\/www.instagram.com\/kuken_appliances\/\">https:\/\/www.instagram.com\/kuken_appliances\/<\/a><\/div>\n<p><iframe loading=\"lazy\" title=\"Licuadora kuken frutas y verduras 130w\" width=\"560\" height=\"315\" src=\"https:\/\/www.youtube.com\/embed\/BVpf7BX693U?feature=oembed\" frameborder=\"0\" allow=\"accelerometer; autoplay; clipboard-write; encrypted-media; gyroscope; picture-in-picture; web-share\" referrerpolicy=\"strict-origin-when-cross-origin\" allowfullscreen><\/iframe><\/p>","protected":false},"excerpt":{"rendered":"<p data-start=\"547\" data-end=\"690\">Exprime lo mejor de tus frutas y verduras. Esta licuadora extrae m\u00e1s vitaminas con su sistema de prensado en fr\u00edo, doble giro y f\u00e1cil limpieza.<\/p>\n<blockquote data-start=\"692\" data-end=\"805\">\n<p data-start=\"694\" data-end=\"805\">\n<\/blockquote>","protected":false},"featured_media":9395,"template":"","meta":[],"product_brand":[],"product_cat":[192],"product_tag":[],"class_list":{"0":"post-9394","1":"product","2":"type-product","3":"status-publish","4":"has-post-thumbnail","6":"product_cat-licuadoras","8":"first","9":"instock","10":"product-type-simple"},"yoast_head":"<!-- This site is optimized with the Yoast SEO Premium plugin v24.0 (Yoast SEO v26.5) - https:\/\/yoast.com\/wordpress\/plugins\/seo\/ -->\n<title>LICUADORA KUKEN FRUTAS Y VERDURAS 130W K\u00dcKEN - K\u00fcken<\/title>\n<meta name=\"description\" content=\"Nueva y exclusiva licuadora de frutas y verduras k\u00fcken de 130W de potencia. Prepara deliciosos zumos o batidos de fruta o verdura de manera sencilla.\" \/>\n<meta name=\"robots\" content=\"noindex, follow, max-snippet:-1, max-image-preview:large, max-video-preview:-1\" \/>\n<meta property=\"og:locale\" content=\"nl_NL\" \/>\n<meta property=\"og:type\" content=\"article\" \/>\n<meta property=\"og:title\" content=\"LICUADORA KUKEN FRUTAS Y VERDURAS 130W K\u00dcKEN\" \/>\n<meta property=\"og:description\" content=\"Nueva y exclusiva licuadora de frutas y verduras k\u00fcken de 130W de potencia. Prepara deliciosos zumos o batidos de fruta o verdura de manera sencilla.\" \/>\n<meta property=\"og:url\" content=\"https:\/\/kuken.alfadyser.dev\/nl\/product\/kuken-fruit-en-groenteblender-130w-kuken\/\" \/>\n<meta property=\"og:site_name\" content=\"K\u00fcken\" \/>\n<meta property=\"article:publisher\" content=\"https:\/\/es-es.facebook.com\/alfadyser\/\" \/>\n<meta property=\"article:modified_time\" content=\"2025-07-22T08:54:08+00:00\" \/>\n<meta property=\"og:image\" content=\"https:\/\/kuken.alfadyser.dev\/wp-content\/uploads\/8425160387945_01.jpg\" \/>\n\t<meta property=\"og:image:width\" content=\"2000\" \/>\n\t<meta property=\"og:image:height\" content=\"2000\" \/>\n\t<meta property=\"og:image:type\" content=\"image\/jpeg\" \/>\n<meta name=\"twitter:card\" content=\"summary_large_image\" \/>\n<meta name=\"twitter:label1\" content=\"Prijs\" \/>\n\t<meta name=\"twitter:data1\" content=\"\" \/>\n\t<meta name=\"twitter:label2\" content=\"Beschikbaarheid\" \/>\n\t<meta name=\"twitter:data2\" content=\"Op voorraad\" \/>\n<script type=\"application\/ld+json\" class=\"yoast-schema-graph\">{\"@context\":\"https:\/\/schema.org\",\"@graph\":[{\"@type\":\"WebPage\",\"@id\":\"https:\/\/kuken.alfadyser.dev\/producto\/licuadora-kuken-frutas-y-verduras-130w-kuken\/\",\"url\":\"https:\/\/kuken.alfadyser.dev\/producto\/licuadora-kuken-frutas-y-verduras-130w-kuken\/\",\"name\":\"LICUADORA KUKEN FRUTAS Y VERDURAS 130W K\u00dcKEN - K\u00fcken\",\"isPartOf\":{\"@id\":\"https:\/\/kuken.alfadyser.dev\/#website\"},\"primaryImageOfPage\":{\"@id\":\"https:\/\/kuken.alfadyser.dev\/producto\/licuadora-kuken-frutas-y-verduras-130w-kuken\/#primaryimage\"},\"image\":{\"@id\":\"https:\/\/kuken.alfadyser.dev\/producto\/licuadora-kuken-frutas-y-verduras-130w-kuken\/#primaryimage\"},\"thumbnailUrl\":\"https:\/\/kuken.alfadyser.dev\/wp-content\/uploads\/8425160387945_01.jpg\",\"datePublished\":\"2022-10-13T11:47:40+00:00\",\"dateModified\":\"2025-07-22T08:54:08+00:00\",\"description\":\"Nueva y exclusiva licuadora de frutas y verduras k\u00fcken de 130W de potencia. Prepara deliciosos zumos o batidos de fruta o verdura de manera sencilla.\",\"breadcrumb\":{\"@id\":\"https:\/\/kuken.alfadyser.dev\/producto\/licuadora-kuken-frutas-y-verduras-130w-kuken\/#breadcrumb\"},\"inLanguage\":\"nl-NL\",\"potentialAction\":[{\"@type\":\"ReadAction\",\"target\":[\"https:\/\/kuken.alfadyser.dev\/producto\/licuadora-kuken-frutas-y-verduras-130w-kuken\/\"]}]},{\"@type\":\"ImageObject\",\"inLanguage\":\"nl-NL\",\"@id\":\"https:\/\/kuken.alfadyser.dev\/producto\/licuadora-kuken-frutas-y-verduras-130w-kuken\/#primaryimage\",\"url\":\"https:\/\/kuken.alfadyser.dev\/wp-content\/uploads\/8425160387945_01.jpg\",\"contentUrl\":\"https:\/\/kuken.alfadyser.dev\/wp-content\/uploads\/8425160387945_01.jpg\",\"width\":2000,\"height\":2000},{\"@type\":\"BreadcrumbList\",\"@id\":\"https:\/\/kuken.alfadyser.dev\/producto\/licuadora-kuken-frutas-y-verduras-130w-kuken\/#breadcrumb\",\"itemListElement\":[{\"@type\":\"ListItem\",\"position\":1,\"name\":\"Portada\",\"item\":\"https:\/\/kuken.alfadyser.dev\/\"},{\"@type\":\"ListItem\",\"position\":2,\"name\":\"Productos\",\"item\":\"https:\/\/kuken.alfadyser.dev\/productos\/\"},{\"@type\":\"ListItem\",\"position\":3,\"name\":\"LICUADORA KUKEN FRUTAS Y VERDURAS 130W K\u00dcKEN\"}]},{\"@type\":\"WebSite\",\"@id\":\"https:\/\/kuken.alfadyser.dev\/#website\",\"url\":\"https:\/\/kuken.alfadyser.dev\/\",\"name\":\"K\u00fcken\",\"description\":\"Amplia gama de peque\u00f1o electrodom\u00e9stico k\u00fcken\",\"publisher\":{\"@id\":\"https:\/\/kuken.alfadyser.dev\/#organization\"},\"potentialAction\":[{\"@type\":\"SearchAction\",\"target\":{\"@type\":\"EntryPoint\",\"urlTemplate\":\"https:\/\/kuken.alfadyser.dev\/?s={search_term_string}\"},\"query-input\":{\"@type\":\"PropertyValueSpecification\",\"valueRequired\":true,\"valueName\":\"search_term_string\"}}],\"inLanguage\":\"nl-NL\"},{\"@type\":\"Organization\",\"@id\":\"https:\/\/kuken.alfadyser.dev\/#organization\",\"name\":\"Alfa Dyser\",\"url\":\"https:\/\/kuken.alfadyser.dev\/\",\"logo\":{\"@type\":\"ImageObject\",\"inLanguage\":\"nl-NL\",\"@id\":\"https:\/\/kuken.alfadyser.dev\/#\/schema\/logo\/image\/\",\"url\":\"https:\/\/kuken.alfadyser.dev\/wp-content\/uploads\/2019\/04\/kuken-logo.png\",\"contentUrl\":\"https:\/\/kuken.alfadyser.dev\/wp-content\/uploads\/2019\/04\/kuken-logo.png\",\"width\":500,\"height\":191,\"caption\":\"Alfa Dyser\"},\"image\":{\"@id\":\"https:\/\/kuken.alfadyser.dev\/#\/schema\/logo\/image\/\"},\"sameAs\":[\"https:\/\/es-es.facebook.com\/alfadyser\/\",\"https:\/\/www.instagram.com\/kuken_appliances\/\"]}]}<\/script>\n<meta property=\"product:price:currency\" content=\"EUR\" \/>\n<meta property=\"og:availability\" content=\"instock\" \/>\n<meta property=\"product:availability\" content=\"instock\" \/>\n<meta property=\"product:retailer_item_id\" content=\"38794\" \/>\n<meta property=\"product:condition\" content=\"new\" \/>\n<!-- \/ Yoast SEO Premium plugin. -->","yoast_head_json":{"title":"KUKEN FRUIT- EN GROENTEBLENDER 130W K\u00dcKEN - K\u00fcken","description":"Nieuwe en exclusieve k\u00fcken fruit- en groenteblender met 130W vermogen. Bereid op een eenvoudige manier heerlijke fruit- of groentesappen of smoothies.","robots":{"index":"noindex","follow":"follow","max-snippet":"max-snippet:-1","max-image-preview":"max-image-preview:large","max-video-preview":"max-video-preview:-1"},"og_locale":"nl_NL","og_type":"article","og_title":"LICUADORA KUKEN FRUTAS Y VERDURAS 130W K\u00dcKEN","og_description":"Nueva y exclusiva licuadora de frutas y verduras k\u00fcken de 130W de potencia. Prepara deliciosos zumos o batidos de fruta o verdura de manera sencilla.","og_url":"https:\/\/kuken.alfadyser.dev\/nl\/product\/kuken-fruit-en-groenteblender-130w-kuken\/","og_site_name":"K\u00fcken","article_publisher":"https:\/\/es-es.facebook.com\/alfadyser\/","article_modified_time":"2025-07-22T08:54:08+00:00","og_image":[{"width":2000,"height":2000,"url":"https:\/\/kuken.alfadyser.dev\/wp-content\/uploads\/8425160387945_01.jpg","type":"image\/jpeg"}],"twitter_card":"summary_large_image","twitter_misc":{"Prijs":"","Beschikbaarheid":"Op voorraad"},"schema":{"@context":"https:\/\/schema.org","@graph":[{"@type":"WebPage","@id":"https:\/\/kuken.alfadyser.dev\/producto\/licuadora-kuken-frutas-y-verduras-130w-kuken\/","url":"https:\/\/kuken.alfadyser.dev\/producto\/licuadora-kuken-frutas-y-verduras-130w-kuken\/","name":"KUKEN FRUIT- EN GROENTEBLENDER 130W K\u00dcKEN - K\u00fcken","isPartOf":{"@id":"https:\/\/kuken.alfadyser.dev\/#website"},"primaryImageOfPage":{"@id":"https:\/\/kuken.alfadyser.dev\/producto\/licuadora-kuken-frutas-y-verduras-130w-kuken\/#primaryimage"},"image":{"@id":"https:\/\/kuken.alfadyser.dev\/producto\/licuadora-kuken-frutas-y-verduras-130w-kuken\/#primaryimage"},"thumbnailUrl":"https:\/\/kuken.alfadyser.dev\/wp-content\/uploads\/8425160387945_01.jpg","datePublished":"2022-10-13T11:47:40+00:00","dateModified":"2025-07-22T08:54:08+00:00","description":"Nieuwe en exclusieve k\u00fcken fruit- en groenteblender met 130W vermogen. Bereid op een eenvoudige manier heerlijke fruit- of groentesappen of smoothies.","breadcrumb":{"@id":"https:\/\/kuken.alfadyser.dev\/producto\/licuadora-kuken-frutas-y-verduras-130w-kuken\/#breadcrumb"},"inLanguage":"nl-NL","potentialAction":[{"@type":"ReadAction","target":["https:\/\/kuken.alfadyser.dev\/producto\/licuadora-kuken-frutas-y-verduras-130w-kuken\/"]}]},{"@type":"ImageObject","inLanguage":"nl-NL","@id":"https:\/\/kuken.alfadyser.dev\/producto\/licuadora-kuken-frutas-y-verduras-130w-kuken\/#primaryimage","url":"https:\/\/kuken.alfadyser.dev\/wp-content\/uploads\/8425160387945_01.jpg","contentUrl":"https:\/\/kuken.alfadyser.dev\/wp-content\/uploads\/8425160387945_01.jpg","width":2000,"height":2000},{"@type":"BreadcrumbList","@id":"https:\/\/kuken.alfadyser.dev\/producto\/licuadora-kuken-frutas-y-verduras-130w-kuken\/#breadcrumb","itemListElement":[{"@type":"ListItem","position":1,"name":"Portada","item":"https:\/\/kuken.alfadyser.dev\/"},{"@type":"ListItem","position":2,"name":"Productos","item":"https:\/\/kuken.alfadyser.dev\/productos\/"},{"@type":"ListItem","position":3,"name":"LICUADORA KUKEN FRUTAS Y VERDURAS 130W K\u00dcKEN"}]},{"@type":"WebSite","@id":"https:\/\/kuken.alfadyser.dev\/#website","url":"https:\/\/kuken.alfadyser.dev\/","name":"K\u00fcken","description":"Uitgebreid assortiment kleine huishoudelijke apparaten van k\u00fcken","publisher":{"@id":"https:\/\/kuken.alfadyser.dev\/#organization"},"potentialAction":[{"@type":"SearchAction","target":{"@type":"EntryPoint","urlTemplate":"https:\/\/kuken.alfadyser.dev\/?s={search_term_string}"},"query-input":{"@type":"PropertyValueSpecification","valueRequired":true,"valueName":"search_term_string"}}],"inLanguage":"nl-NL"},{"@type":"Organization","@id":"https:\/\/kuken.alfadyser.dev\/#organization","name":"Alpha Dyser","url":"https:\/\/kuken.alfadyser.dev\/","logo":{"@type":"ImageObject","inLanguage":"nl-NL","@id":"https:\/\/kuken.alfadyser.dev\/#\/schema\/logo\/image\/","url":"https:\/\/kuken.alfadyser.dev\/wp-content\/uploads\/2019\/04\/kuken-logo.png","contentUrl":"https:\/\/kuken.alfadyser.dev\/wp-content\/uploads\/2019\/04\/kuken-logo.png","width":500,"height":191,"caption":"Alfa Dyser"},"image":{"@id":"https:\/\/kuken.alfadyser.dev\/#\/schema\/logo\/image\/"},"sameAs":["https:\/\/es-es.facebook.com\/alfadyser\/","https:\/\/www.instagram.com\/kuken_appliances\/"]}]},"product_price_currency":"EUR","og_availability":"instock","product_availability":"instock","product_retailer_item_id":"38794","product_condition":"new"},"_links":{"self":[{"href":"https:\/\/kuken.alfadyser.dev\/nl\/wp-json\/wp\/v2\/product\/9394","targetHints":{"allow":["GET"]}}],"collection":[{"href":"https:\/\/kuken.alfadyser.dev\/nl\/wp-json\/wp\/v2\/product"}],"about":[{"href":"https:\/\/kuken.alfadyser.dev\/nl\/wp-json\/wp\/v2\/types\/product"}],"wp:featuredmedia":[{"embeddable":true,"href":"https:\/\/kuken.alfadyser.dev\/nl\/wp-json\/wp\/v2\/media\/9395"}],"wp:attachment":[{"href":"https:\/\/kuken.alfadyser.dev\/nl\/wp-json\/wp\/v2\/media?parent=9394"}],"wp:term":[{"taxonomy":"product_brand","embeddable":true,"href":"https:\/\/kuken.alfadyser.dev\/nl\/wp-json\/wp\/v2\/product_brand?post=9394"},{"taxonomy":"product_cat","embeddable":true,"href":"https:\/\/kuken.alfadyser.dev\/nl\/wp-json\/wp\/v2\/product_cat?post=9394"},{"taxonomy":"product_tag","embeddable":true,"href":"https:\/\/kuken.alfadyser.dev\/nl\/wp-json\/wp\/v2\/product_tag?post=9394"}],"curies":[{"name":"wp","href":"https:\/\/api.w.org\/{rel}","templated":true}]}}