{"id":9303,"date":"2022-09-12T08:25:44","date_gmt":"2022-09-12T06:25:44","guid":{"rendered":"https:\/\/kuken.alfadyser.dev\/?post_type=product&#038;p=9303"},"modified":"2025-07-22T10:57:13","modified_gmt":"2025-07-22T08:57:13","slug":"kuken-amfm-draagbare-radio-met-batterijen","status":"publish","type":"product","link":"https:\/\/kuken.alfadyser.dev\/nl\/product\/kuken-amfm-draagbare-radio-met-batterijen\/","title":{"rendered":"K\u00dcKEN DRAAGBARE RADIO AM\/FM MET BATTERIJEN"},"content":{"rendered":"<div class=\"page\" title=\"Pagina 1\">\n<div class=\"layoutArea\">\n<div class=\"column\">\n<p>K\u00dcKEN DRAAGBARE RADIO AM\/FM MET BATTERIJEN<\/p>\n<ul data-start=\"894\" data-end=\"1597\">\n<li data-start=\"894\" data-end=\"979\">\n<p data-start=\"896\" data-end=\"979\">Radio port\u00e1til de dise\u00f1o compacto, ideal para uso en interiores o exteriores.<\/p>\n<\/li>\n<li data-start=\"980\" data-end=\"1048\">\n<p data-start=\"982\" data-end=\"1048\">Bandas de frecuencia AM\/FM: FM 88\u2013108 MHz y AM 530\u20131600 KHz.<\/p>\n<\/li>\n<li data-start=\"1049\" data-end=\"1120\">\n<p data-start=\"1051\" data-end=\"1120\">Antena extensible de hasta 45 cm, mejora la recepci\u00f3n de se\u00f1al.<\/p>\n<\/li>\n<li data-start=\"1121\" data-end=\"1194\">\n<p data-start=\"1123\" data-end=\"1194\">Altavoz con salida frontal y trasera, para un sonido equilibrado.<\/p>\n<\/li>\n<li data-start=\"1195\" data-end=\"1263\">\n<p data-start=\"1197\" data-end=\"1263\">Conexi\u00f3n jack para auriculares (no incluidos), uso discreto.<\/p>\n<\/li>\n<li data-start=\"1264\" data-end=\"1332\">\n<p data-start=\"1266\" data-end=\"1332\">Rueda lateral de control de volumen, ajuste f\u00e1cil y preciso.<\/p>\n<\/li>\n<li data-start=\"1333\" data-end=\"1392\">\n<p data-start=\"1335\" data-end=\"1392\">Funciona con 2 pilas AA, incluidas con el producto.<\/p>\n<\/li>\n<li data-start=\"1393\" data-end=\"1461\">\n<p data-start=\"1395\" data-end=\"1461\">Cord\u00f3n para mu\u00f1eca integrado, mayor comodidad en movimiento.<\/p>\n<\/li>\n<li data-start=\"1462\" data-end=\"1524\">\n<p data-start=\"1464\" data-end=\"1524\">Medidas: 140 x 75 x 30 mm | Peso: 142\u202fg sin pilas.<\/p>\n<\/li>\n<li data-start=\"1525\" data-end=\"1597\">\n<p data-start=\"1527\" data-end=\"1597\">Dise\u00f1o ligero y port\u00e1til, pensado para acompa\u00f1arte a todas partes.<\/p>\n<\/li>\n<\/ul>\n<p><div class=\"accordion\"><div class=\"mfn-acc accordion_wrapper  toggle\"><div class=\"question\"><div class=\"title\"><i class=\"icon-plus acc-icon-plus\" aria-hidden=\"true\"><\/i><i class=\"icon-minus acc-icon-minus\" aria-hidden=\"true\"><\/i>Productgegevens<\/div><div class=\"answer\">EAN: 8425160342647<\/p>\n<p>K\u00dcKEN DRAAGBARE RADIO AM\/FM MET BATTERIJEN<\/p>\n<p>Eenheden: 1<br \/>\nKleur: Zwart<br \/>\nVerpakking: Gekleurde doos<br \/>\nOplaadbaar: Ja<br \/>\nGewicht: 142 gram<\/p>\n<p><\/div><\/div>\n<\/div><\/div>\n<br \/>\n<div class=\"accordion\"><div class=\"mfn-acc accordion_wrapper  toggle\"><div class=\"question\"><div class=\"title\"><i class=\"icon-plus acc-icon-plus\" aria-hidden=\"true\"><\/i><i class=\"icon-minus acc-icon-minus\" aria-hidden=\"true\"><\/i>Accessoires<\/div><div class=\"answer\"><\/div><\/div>\n<\/div><\/div>\n<\/p>\n<div class=\"descargas-producto\"><img loading=\"lazy\" decoding=\"async\" class=\"alignnone\" src=\"\/wp-content\/uploads\/2019\/12\/picto-descarrega.png\" alt=\"gegevensblad downloaden\" width=\"24\" height=\"17\" \/><a href=\"https:\/\/kuken.alfadyser.dev\/wp-content\/uploads\/8425160342647_ficha_tecnica.pdf\">Blad downloaden<\/a><br \/>\n<a href=\"https:\/\/kuken.alfadyser.dev\/wp-content\/uploads\/34264_instruction_manuals_compressed.pdf\"><img loading=\"lazy\" decoding=\"async\" src=\"\/wp-content\/uploads\/2019\/12\/picto-descarrega.png\" alt=\"handleiding downloaden\" width=\"23\" height=\"16\" \/>Handleiding downloaden<\/a><\/div>\n<div><\/div>\n<div><span style=\"color: #bf2121\">Volg ons op sociale media!<\/span><\/div>\n<div><a href=\"https:\/\/www.instagram.com\/kuken_appliances\/\">https:\/\/www.instagram.com\/kuken_appliances\/<\/a><\/div>\n<\/div>\n<\/div>\n<\/div>","protected":false},"excerpt":{"rendered":"<p data-start=\"574\" data-end=\"728\">Compacta, ligera y f\u00e1cil de llevar. Esta radio port\u00e1til AM\/FM ofrece se\u00f1al clara, control sencillo y sonido estable, ideal para exteriores o uso personal.<\/p>\n<blockquote data-start=\"730\" data-end=\"826\">\n<p data-start=\"732\" data-end=\"826\">\n<\/blockquote>","protected":false},"featured_media":9305,"template":"","meta":[],"product_brand":[],"product_cat":[212],"product_tag":[],"class_list":{"0":"post-9303","1":"product","2":"type-product","3":"status-publish","4":"has-post-thumbnail","6":"product_cat-radios-telefonia-estaciones","8":"first","9":"instock","10":"shipping-taxable","11":"product-type-simple"},"yoast_head":"<!-- This site is optimized with the Yoast SEO Premium plugin v24.0 (Yoast SEO v26.5) - https:\/\/yoast.com\/wordpress\/plugins\/seo\/ -->\n<title>RADIO PORT\u00c1TIL K\u00dcKEN AM\/FM CON PILAS - K\u00fcken<\/title>\n<meta name=\"description\" content=\"Radio port\u00e1til Kuken AM\/FM a pilas. Conexi\u00f3n jack y antena extensible hasta 45cm. con la que podr\u00e1s sintonizar f\u00e1cilmente cualquier emisora que desees.\" \/>\n<meta name=\"robots\" content=\"noindex, follow, max-snippet:-1, max-image-preview:large, max-video-preview:-1\" \/>\n<meta property=\"og:locale\" content=\"nl_NL\" \/>\n<meta property=\"og:type\" content=\"article\" \/>\n<meta property=\"og:title\" content=\"RADIO PORT\u00c1TIL K\u00dcKEN AM\/FM CON PILAS\" \/>\n<meta property=\"og:description\" content=\"Radio port\u00e1til Kuken AM\/FM a pilas. Conexi\u00f3n jack y antena extensible hasta 45cm. con la que podr\u00e1s sintonizar f\u00e1cilmente cualquier emisora que desees.\" \/>\n<meta property=\"og:url\" content=\"https:\/\/kuken.alfadyser.dev\/nl\/product\/kuken-amfm-draagbare-radio-met-batterijen\/\" \/>\n<meta property=\"og:site_name\" content=\"K\u00fcken\" \/>\n<meta property=\"article:publisher\" content=\"https:\/\/es-es.facebook.com\/alfadyser\/\" \/>\n<meta property=\"article:modified_time\" content=\"2025-07-22T08:57:13+00:00\" \/>\n<meta property=\"og:image\" content=\"https:\/\/kuken.alfadyser.dev\/wp-content\/uploads\/84251603426474_01.jpg\" \/>\n\t<meta property=\"og:image:width\" content=\"2000\" \/>\n\t<meta property=\"og:image:height\" content=\"2000\" \/>\n\t<meta property=\"og:image:type\" content=\"image\/jpeg\" \/>\n<meta name=\"twitter:card\" content=\"summary_large_image\" \/>\n<meta name=\"twitter:label1\" content=\"Prijs\" \/>\n\t<meta name=\"twitter:data1\" content=\"\" \/>\n\t<meta name=\"twitter:label2\" content=\"Beschikbaarheid\" \/>\n\t<meta name=\"twitter:data2\" content=\"Op voorraad\" \/>\n<script type=\"application\/ld+json\" class=\"yoast-schema-graph\">{\"@context\":\"https:\/\/schema.org\",\"@graph\":[{\"@type\":\"WebPage\",\"@id\":\"https:\/\/kuken.alfadyser.dev\/producto\/radio-portatil-kuken-amfm-con-pilas\/\",\"url\":\"https:\/\/kuken.alfadyser.dev\/producto\/radio-portatil-kuken-amfm-con-pilas\/\",\"name\":\"RADIO PORT\u00c1TIL K\u00dcKEN AM\/FM CON PILAS - K\u00fcken\",\"isPartOf\":{\"@id\":\"https:\/\/kuken.alfadyser.dev\/#website\"},\"primaryImageOfPage\":{\"@id\":\"https:\/\/kuken.alfadyser.dev\/producto\/radio-portatil-kuken-amfm-con-pilas\/#primaryimage\"},\"image\":{\"@id\":\"https:\/\/kuken.alfadyser.dev\/producto\/radio-portatil-kuken-amfm-con-pilas\/#primaryimage\"},\"thumbnailUrl\":\"https:\/\/kuken.alfadyser.dev\/wp-content\/uploads\/84251603426474_01.jpg\",\"datePublished\":\"2022-09-12T06:25:44+00:00\",\"dateModified\":\"2025-07-22T08:57:13+00:00\",\"description\":\"Radio port\u00e1til Kuken AM\/FM a pilas. Conexi\u00f3n jack y antena extensible hasta 45cm. con la que podr\u00e1s sintonizar f\u00e1cilmente cualquier emisora que desees.\",\"breadcrumb\":{\"@id\":\"https:\/\/kuken.alfadyser.dev\/producto\/radio-portatil-kuken-amfm-con-pilas\/#breadcrumb\"},\"inLanguage\":\"nl-NL\",\"potentialAction\":[{\"@type\":\"ReadAction\",\"target\":[\"https:\/\/kuken.alfadyser.dev\/producto\/radio-portatil-kuken-amfm-con-pilas\/\"]}]},{\"@type\":\"ImageObject\",\"inLanguage\":\"nl-NL\",\"@id\":\"https:\/\/kuken.alfadyser.dev\/producto\/radio-portatil-kuken-amfm-con-pilas\/#primaryimage\",\"url\":\"https:\/\/kuken.alfadyser.dev\/wp-content\/uploads\/84251603426474_01.jpg\",\"contentUrl\":\"https:\/\/kuken.alfadyser.dev\/wp-content\/uploads\/84251603426474_01.jpg\",\"width\":2000,\"height\":2000},{\"@type\":\"BreadcrumbList\",\"@id\":\"https:\/\/kuken.alfadyser.dev\/producto\/radio-portatil-kuken-amfm-con-pilas\/#breadcrumb\",\"itemListElement\":[{\"@type\":\"ListItem\",\"position\":1,\"name\":\"Portada\",\"item\":\"https:\/\/kuken.alfadyser.dev\/\"},{\"@type\":\"ListItem\",\"position\":2,\"name\":\"Productos\",\"item\":\"https:\/\/kuken.alfadyser.dev\/productos\/\"},{\"@type\":\"ListItem\",\"position\":3,\"name\":\"RADIO PORT\u00c1TIL K\u00dcKEN AM\/FM CON PILAS\"}]},{\"@type\":\"WebSite\",\"@id\":\"https:\/\/kuken.alfadyser.dev\/#website\",\"url\":\"https:\/\/kuken.alfadyser.dev\/\",\"name\":\"K\u00fcken\",\"description\":\"Amplia gama de peque\u00f1o electrodom\u00e9stico k\u00fcken\",\"publisher\":{\"@id\":\"https:\/\/kuken.alfadyser.dev\/#organization\"},\"potentialAction\":[{\"@type\":\"SearchAction\",\"target\":{\"@type\":\"EntryPoint\",\"urlTemplate\":\"https:\/\/kuken.alfadyser.dev\/?s={search_term_string}\"},\"query-input\":{\"@type\":\"PropertyValueSpecification\",\"valueRequired\":true,\"valueName\":\"search_term_string\"}}],\"inLanguage\":\"nl-NL\"},{\"@type\":\"Organization\",\"@id\":\"https:\/\/kuken.alfadyser.dev\/#organization\",\"name\":\"Alfa Dyser\",\"url\":\"https:\/\/kuken.alfadyser.dev\/\",\"logo\":{\"@type\":\"ImageObject\",\"inLanguage\":\"nl-NL\",\"@id\":\"https:\/\/kuken.alfadyser.dev\/#\/schema\/logo\/image\/\",\"url\":\"https:\/\/kuken.alfadyser.dev\/wp-content\/uploads\/2019\/04\/kuken-logo.png\",\"contentUrl\":\"https:\/\/kuken.alfadyser.dev\/wp-content\/uploads\/2019\/04\/kuken-logo.png\",\"width\":500,\"height\":191,\"caption\":\"Alfa Dyser\"},\"image\":{\"@id\":\"https:\/\/kuken.alfadyser.dev\/#\/schema\/logo\/image\/\"},\"sameAs\":[\"https:\/\/es-es.facebook.com\/alfadyser\/\",\"https:\/\/www.instagram.com\/kuken_appliances\/\"]}]}<\/script>\n<meta property=\"product:price:currency\" content=\"EUR\" \/>\n<meta property=\"og:availability\" content=\"instock\" \/>\n<meta property=\"product:availability\" content=\"instock\" \/>\n<meta property=\"product:retailer_item_id\" content=\"34264\" \/>\n<meta property=\"product:condition\" content=\"new\" \/>\n<!-- \/ Yoast SEO Premium plugin. -->","yoast_head_json":{"title":"K\u00dcKEN DRAAGBARE RADIO AM\/FM MET BATTERIJEN - K\u00fcken","description":"Draagbare radio Kuken AM\/FM op batterijen. Stekkeraansluiting en uitschuifbare antenne tot 45 cm. waarmee je gemakkelijk kunt afstemmen op elke zender die je maar wilt.","robots":{"index":"noindex","follow":"follow","max-snippet":"max-snippet:-1","max-image-preview":"max-image-preview:large","max-video-preview":"max-video-preview:-1"},"og_locale":"nl_NL","og_type":"article","og_title":"RADIO PORT\u00c1TIL K\u00dcKEN AM\/FM CON PILAS","og_description":"Radio port\u00e1til Kuken AM\/FM a pilas. Conexi\u00f3n jack y antena extensible hasta 45cm. con la que podr\u00e1s sintonizar f\u00e1cilmente cualquier emisora que desees.","og_url":"https:\/\/kuken.alfadyser.dev\/nl\/product\/kuken-amfm-draagbare-radio-met-batterijen\/","og_site_name":"K\u00fcken","article_publisher":"https:\/\/es-es.facebook.com\/alfadyser\/","article_modified_time":"2025-07-22T08:57:13+00:00","og_image":[{"width":2000,"height":2000,"url":"https:\/\/kuken.alfadyser.dev\/wp-content\/uploads\/84251603426474_01.jpg","type":"image\/jpeg"}],"twitter_card":"summary_large_image","twitter_misc":{"Prijs":"","Beschikbaarheid":"Op voorraad"},"schema":{"@context":"https:\/\/schema.org","@graph":[{"@type":"WebPage","@id":"https:\/\/kuken.alfadyser.dev\/producto\/radio-portatil-kuken-amfm-con-pilas\/","url":"https:\/\/kuken.alfadyser.dev\/producto\/radio-portatil-kuken-amfm-con-pilas\/","name":"K\u00dcKEN DRAAGBARE RADIO AM\/FM MET BATTERIJEN - K\u00fcken","isPartOf":{"@id":"https:\/\/kuken.alfadyser.dev\/#website"},"primaryImageOfPage":{"@id":"https:\/\/kuken.alfadyser.dev\/producto\/radio-portatil-kuken-amfm-con-pilas\/#primaryimage"},"image":{"@id":"https:\/\/kuken.alfadyser.dev\/producto\/radio-portatil-kuken-amfm-con-pilas\/#primaryimage"},"thumbnailUrl":"https:\/\/kuken.alfadyser.dev\/wp-content\/uploads\/84251603426474_01.jpg","datePublished":"2022-09-12T06:25:44+00:00","dateModified":"2025-07-22T08:57:13+00:00","description":"Draagbare radio Kuken AM\/FM op batterijen. Stekkeraansluiting en uitschuifbare antenne tot 45 cm. waarmee je gemakkelijk kunt afstemmen op elke zender die je maar wilt.","breadcrumb":{"@id":"https:\/\/kuken.alfadyser.dev\/producto\/radio-portatil-kuken-amfm-con-pilas\/#breadcrumb"},"inLanguage":"nl-NL","potentialAction":[{"@type":"ReadAction","target":["https:\/\/kuken.alfadyser.dev\/producto\/radio-portatil-kuken-amfm-con-pilas\/"]}]},{"@type":"ImageObject","inLanguage":"nl-NL","@id":"https:\/\/kuken.alfadyser.dev\/producto\/radio-portatil-kuken-amfm-con-pilas\/#primaryimage","url":"https:\/\/kuken.alfadyser.dev\/wp-content\/uploads\/84251603426474_01.jpg","contentUrl":"https:\/\/kuken.alfadyser.dev\/wp-content\/uploads\/84251603426474_01.jpg","width":2000,"height":2000},{"@type":"BreadcrumbList","@id":"https:\/\/kuken.alfadyser.dev\/producto\/radio-portatil-kuken-amfm-con-pilas\/#breadcrumb","itemListElement":[{"@type":"ListItem","position":1,"name":"Portada","item":"https:\/\/kuken.alfadyser.dev\/"},{"@type":"ListItem","position":2,"name":"Productos","item":"https:\/\/kuken.alfadyser.dev\/productos\/"},{"@type":"ListItem","position":3,"name":"RADIO PORT\u00c1TIL K\u00dcKEN AM\/FM CON PILAS"}]},{"@type":"WebSite","@id":"https:\/\/kuken.alfadyser.dev\/#website","url":"https:\/\/kuken.alfadyser.dev\/","name":"K\u00fcken","description":"Uitgebreid assortiment kleine huishoudelijke apparaten van k\u00fcken","publisher":{"@id":"https:\/\/kuken.alfadyser.dev\/#organization"},"potentialAction":[{"@type":"SearchAction","target":{"@type":"EntryPoint","urlTemplate":"https:\/\/kuken.alfadyser.dev\/?s={search_term_string}"},"query-input":{"@type":"PropertyValueSpecification","valueRequired":true,"valueName":"search_term_string"}}],"inLanguage":"nl-NL"},{"@type":"Organization","@id":"https:\/\/kuken.alfadyser.dev\/#organization","name":"Alpha Dyser","url":"https:\/\/kuken.alfadyser.dev\/","logo":{"@type":"ImageObject","inLanguage":"nl-NL","@id":"https:\/\/kuken.alfadyser.dev\/#\/schema\/logo\/image\/","url":"https:\/\/kuken.alfadyser.dev\/wp-content\/uploads\/2019\/04\/kuken-logo.png","contentUrl":"https:\/\/kuken.alfadyser.dev\/wp-content\/uploads\/2019\/04\/kuken-logo.png","width":500,"height":191,"caption":"Alfa Dyser"},"image":{"@id":"https:\/\/kuken.alfadyser.dev\/#\/schema\/logo\/image\/"},"sameAs":["https:\/\/es-es.facebook.com\/alfadyser\/","https:\/\/www.instagram.com\/kuken_appliances\/"]}]},"product_price_currency":"EUR","og_availability":"instock","product_availability":"instock","product_retailer_item_id":"34264","product_condition":"new"},"_links":{"self":[{"href":"https:\/\/kuken.alfadyser.dev\/nl\/wp-json\/wp\/v2\/product\/9303","targetHints":{"allow":["GET"]}}],"collection":[{"href":"https:\/\/kuken.alfadyser.dev\/nl\/wp-json\/wp\/v2\/product"}],"about":[{"href":"https:\/\/kuken.alfadyser.dev\/nl\/wp-json\/wp\/v2\/types\/product"}],"wp:featuredmedia":[{"embeddable":true,"href":"https:\/\/kuken.alfadyser.dev\/nl\/wp-json\/wp\/v2\/media\/9305"}],"wp:attachment":[{"href":"https:\/\/kuken.alfadyser.dev\/nl\/wp-json\/wp\/v2\/media?parent=9303"}],"wp:term":[{"taxonomy":"product_brand","embeddable":true,"href":"https:\/\/kuken.alfadyser.dev\/nl\/wp-json\/wp\/v2\/product_brand?post=9303"},{"taxonomy":"product_cat","embeddable":true,"href":"https:\/\/kuken.alfadyser.dev\/nl\/wp-json\/wp\/v2\/product_cat?post=9303"},{"taxonomy":"product_tag","embeddable":true,"href":"https:\/\/kuken.alfadyser.dev\/nl\/wp-json\/wp\/v2\/product_tag?post=9303"}],"curies":[{"name":"wp","href":"https:\/\/api.w.org\/{rel}","templated":true}]}}