{"id":9233,"date":"2022-08-30T08:05:03","date_gmt":"2022-08-30T06:05:03","guid":{"rendered":"https:\/\/kuken.alfadyser.dev\/?post_type=product&#038;p=9233"},"modified":"2025-07-22T11:06:04","modified_gmt":"2025-07-22T09:06:04","slug":"professionele-deluxe-ionische-haardroger-2300w-ac-motor","status":"publish","type":"product","link":"https:\/\/kuken.alfadyser.dev\/nl\/product\/professionele-deluxe-ionische-haardroger-2300w-ac-motor\/","title":{"rendered":"PROFESSIONELE DELUXE IONISCHE HAARDROGER 2300W. AC MOTOR"},"content":{"rendered":"<p>PROFESSIONELE DELUXE IONISCHE HAARDROGER 2300W. AC MOTOR<\/p>\n<ul>\n<li data-start=\"920\" data-end=\"988\">\n<p data-start=\"922\" data-end=\"988\">Potente motor AC de 2300W, silencioso y de alto rendimiento.<\/p>\n<\/li>\n<li data-start=\"989\" data-end=\"1064\">\n<p data-start=\"991\" data-end=\"1064\">Tecnolog\u00eda IONIC, reduce el encrespamiento y aporta brillo natural.<\/p>\n<\/li>\n<li data-start=\"1065\" data-end=\"1141\">\n<p data-start=\"1067\" data-end=\"1141\">Tres niveles de temperatura: alta, media y baja, para mayor control.<\/p>\n<\/li>\n<li data-start=\"1142\" data-end=\"1219\">\n<p data-start=\"1144\" data-end=\"1219\">Dos velocidades de caudal de aire, adaptables a cada tipo de cabello.<\/p>\n<\/li>\n<li data-start=\"1220\" data-end=\"1297\">\n<p data-start=\"1222\" data-end=\"1297\">Funci\u00f3n de aire fr\u00edo, ideal para fijar el peinado sin calor excesivo.<\/p>\n<\/li>\n<li data-start=\"1298\" data-end=\"1392\">\n<p data-start=\"1300\" data-end=\"1392\">Incluye 2 concentradores de aire y 1 difusor de volumen, para un acabado perfecto.<\/p>\n<\/li>\n<li data-start=\"1393\" data-end=\"1456\">\n<p data-start=\"1395\" data-end=\"1456\">Rejilla trasera antienredo, facilita la limpieza y uso.<\/p>\n<\/li>\n<li data-start=\"1457\" data-end=\"1522\">\n<p data-start=\"1459\" data-end=\"1522\">Gancho de goma, permite colgarlo c\u00f3modamente tras el uso.<\/p>\n<\/li>\n<li data-start=\"1523\" data-end=\"1590\">\n<p data-start=\"1525\" data-end=\"1590\">Dise\u00f1o profesional y ergon\u00f3mico, ideal para uso prolongado.<\/p>\n<\/li>\n<li data-start=\"1591\" data-end=\"1662\">\n<p data-start=\"1593\" data-end=\"1662\">M\u00e1s silencioso, con menor vibraci\u00f3n y sin ruidos agudos molestos.<\/p>\n<\/li>\n<\/ul>\n<p><div class=\"accordion\"><div class=\"mfn-acc accordion_wrapper  toggle\"><div class=\"question\"><div class=\"title\"><i class=\"icon-plus acc-icon-plus\" aria-hidden=\"true\"><\/i><i class=\"icon-minus acc-icon-minus\" aria-hidden=\"true\"><\/i>Productgegevens<\/div><div class=\"answer\">EAN 8425160360429<\/p>\n<p>PROFESSIONELE DELUXE IONISCHE HAARDROGER 2300W. AC MOTOR<\/p>\n<p>Verpakkingseenheid 1<br \/>\nKleur Metaalgrijs<br \/>\nVerpakking Gekleurde doos<br \/>\nVermogen 2300 W<br \/>\nSpanning 230 V<br \/>\nMateriaal PC<br \/>\nSnelheden 3 temperaturen\/ 2 vermogens<br \/>\nIonische functie Ja<br \/>\nAC-motor Ja<br \/>\nGewicht 0,55 kg<\/div><\/div>\n<\/div><\/div>\n<br \/>\n<div class=\"accordion\"><div class=\"mfn-acc accordion_wrapper  toggle\"><div class=\"question\"><div class=\"title\"><i class=\"icon-plus acc-icon-plus\" aria-hidden=\"true\"><\/i><i class=\"icon-minus acc-icon-minus\" aria-hidden=\"true\"><\/i>Accessoires<\/div><div class=\"answer\">2 Afvlakspuitmonden.<br \/>\n1 Professionele diffuser voor krullend haar.<\/div><\/div>\n<\/div><\/div>\n<\/p>\n<div class=\"descargas-producto\"><a href=\"https:\/\/kuken.alfadyser.dev\/wp-content\/uploads\/8425160360429_ficha_tecnica.pdf\" target=\"_blank\" rel=\"noopener noreferrer\"><br \/>\n<img loading=\"lazy\" decoding=\"async\" src=\"\/wp-content\/uploads\/2019\/12\/picto-descarrega.png\" alt=\"gegevensblad downloaden\" width=\"23\" height=\"16\" \/>Blad downloaden<\/a><a href=\"https:\/\/kuken.alfadyser.dev\/wp-content\/uploads\/36042_instrucciones_compressed.pdf\" target=\"_blank\" rel=\"noopener noreferrer\"><br \/>\n<img loading=\"lazy\" decoding=\"async\" src=\"\/wp-content\/uploads\/2019\/12\/picto-descarrega.png\" alt=\"handleiding downloaden\" width=\"23\" height=\"16\" \/>Handleiding downloaden<\/a><\/div>\n<div><\/div>\n<div><span style=\"color: #bf2121\">Volg ons op sociale media!<\/span><\/div>\n<div><a href=\"https:\/\/www.instagram.com\/kuken_appliances\/\">https:\/\/www.instagram.com\/kuken_appliances\/<\/a><\/div>\n<p><iframe loading=\"lazy\" title=\"Professionele deluxe ionische haardroger 2300w ac\" width=\"560\" height=\"315\" src=\"https:\/\/www.youtube.com\/embed\/HrZt-8E8qfo?feature=oembed\" frameborder=\"0\" allow=\"accelerometer; autoplay; clipboard-write; encrypted-media; gyroscope; picture-in-picture; web-share\" referrerpolicy=\"strict-origin-when-cross-origin\" allowfullscreen><\/iframe><\/p>","protected":false},"excerpt":{"rendered":"<p data-start=\"598\" data-end=\"760\">Rendimiento profesional en casa. Este secador ofrece potencia, control y cuidado capilar con tecnolog\u00eda i\u00f3nica, motor silencioso y m\u00faltiples accesorios incluidos.<\/p>\n<blockquote data-start=\"762\" data-end=\"852\">\n<p data-start=\"764\" data-end=\"852\">\n<\/blockquote>","protected":false},"featured_media":9234,"template":"","meta":[],"product_brand":[],"product_cat":[213],"product_tag":[],"class_list":{"0":"post-9233","1":"product","2":"type-product","3":"status-publish","4":"has-post-thumbnail","6":"product_cat-secadores","8":"first","9":"instock","10":"product-type-simple"},"yoast_head":"<!-- This site is optimized with the Yoast SEO Premium plugin v24.0 (Yoast SEO v26.5) - https:\/\/yoast.com\/wordpress\/plugins\/seo\/ -->\n<title>SECADOR PROFESIONAL DELUXE IONIC 2300W. MOTOR AC - K\u00fcken<\/title>\n<meta name=\"description\" content=\"Secador profesional Deluxe Ionic 2300W AC con aire fr\u00edo, 3 potencias, difusor y funci\u00f3n antiencrespamiento. M\u00e1s brillo, menos ruido, m\u00e1ximo control.\" \/>\n<meta name=\"robots\" content=\"noindex, follow, max-snippet:-1, max-image-preview:large, max-video-preview:-1\" \/>\n<meta property=\"og:locale\" content=\"nl_NL\" \/>\n<meta property=\"og:type\" content=\"article\" \/>\n<meta property=\"og:title\" content=\"SECADOR PROFESIONAL DELUXE IONIC 2300W. MOTOR AC\" \/>\n<meta property=\"og:description\" content=\"Secador profesional Deluxe Ionic 2300W AC con aire fr\u00edo, 3 potencias, difusor y funci\u00f3n antiencrespamiento. M\u00e1s brillo, menos ruido, m\u00e1ximo control.\" \/>\n<meta property=\"og:url\" content=\"https:\/\/kuken.alfadyser.dev\/nl\/product\/professionele-deluxe-ionische-haardroger-2300w-ac-motor\/\" \/>\n<meta property=\"og:site_name\" content=\"K\u00fcken\" \/>\n<meta property=\"article:publisher\" content=\"https:\/\/es-es.facebook.com\/alfadyser\/\" \/>\n<meta property=\"article:modified_time\" content=\"2025-07-22T09:06:04+00:00\" \/>\n<meta property=\"og:image\" content=\"https:\/\/kuken.alfadyser.dev\/wp-content\/uploads\/8425160360429_01.jpg\" \/>\n\t<meta property=\"og:image:width\" content=\"2000\" \/>\n\t<meta property=\"og:image:height\" content=\"2000\" \/>\n\t<meta property=\"og:image:type\" content=\"image\/jpeg\" \/>\n<meta name=\"twitter:card\" content=\"summary_large_image\" \/>\n<meta name=\"twitter:label1\" content=\"Prijs\" \/>\n\t<meta name=\"twitter:data1\" content=\"\" \/>\n\t<meta name=\"twitter:label2\" content=\"Beschikbaarheid\" \/>\n\t<meta name=\"twitter:data2\" content=\"Op voorraad\" \/>\n<script type=\"application\/ld+json\" class=\"yoast-schema-graph\">{\"@context\":\"https:\/\/schema.org\",\"@graph\":[{\"@type\":\"WebPage\",\"@id\":\"https:\/\/kuken.alfadyser.dev\/producto\/secador-profesional-deluxe-ionic-2300w-motor-ac\/\",\"url\":\"https:\/\/kuken.alfadyser.dev\/producto\/secador-profesional-deluxe-ionic-2300w-motor-ac\/\",\"name\":\"SECADOR PROFESIONAL DELUXE IONIC 2300W. MOTOR AC - K\u00fcken\",\"isPartOf\":{\"@id\":\"https:\/\/kuken.alfadyser.dev\/#website\"},\"primaryImageOfPage\":{\"@id\":\"https:\/\/kuken.alfadyser.dev\/producto\/secador-profesional-deluxe-ionic-2300w-motor-ac\/#primaryimage\"},\"image\":{\"@id\":\"https:\/\/kuken.alfadyser.dev\/producto\/secador-profesional-deluxe-ionic-2300w-motor-ac\/#primaryimage\"},\"thumbnailUrl\":\"https:\/\/kuken.alfadyser.dev\/wp-content\/uploads\/8425160360429_01.jpg\",\"datePublished\":\"2022-08-30T06:05:03+00:00\",\"dateModified\":\"2025-07-22T09:06:04+00:00\",\"description\":\"Secador profesional Deluxe Ionic 2300W AC con aire fr\u00edo, 3 potencias, difusor y funci\u00f3n antiencrespamiento. M\u00e1s brillo, menos ruido, m\u00e1ximo control.\",\"breadcrumb\":{\"@id\":\"https:\/\/kuken.alfadyser.dev\/producto\/secador-profesional-deluxe-ionic-2300w-motor-ac\/#breadcrumb\"},\"inLanguage\":\"nl-NL\",\"potentialAction\":[{\"@type\":\"ReadAction\",\"target\":[\"https:\/\/kuken.alfadyser.dev\/producto\/secador-profesional-deluxe-ionic-2300w-motor-ac\/\"]}]},{\"@type\":\"ImageObject\",\"inLanguage\":\"nl-NL\",\"@id\":\"https:\/\/kuken.alfadyser.dev\/producto\/secador-profesional-deluxe-ionic-2300w-motor-ac\/#primaryimage\",\"url\":\"https:\/\/kuken.alfadyser.dev\/wp-content\/uploads\/8425160360429_01.jpg\",\"contentUrl\":\"https:\/\/kuken.alfadyser.dev\/wp-content\/uploads\/8425160360429_01.jpg\",\"width\":2000,\"height\":2000},{\"@type\":\"BreadcrumbList\",\"@id\":\"https:\/\/kuken.alfadyser.dev\/producto\/secador-profesional-deluxe-ionic-2300w-motor-ac\/#breadcrumb\",\"itemListElement\":[{\"@type\":\"ListItem\",\"position\":1,\"name\":\"Portada\",\"item\":\"https:\/\/kuken.alfadyser.dev\/\"},{\"@type\":\"ListItem\",\"position\":2,\"name\":\"Productos\",\"item\":\"https:\/\/kuken.alfadyser.dev\/productos\/\"},{\"@type\":\"ListItem\",\"position\":3,\"name\":\"SECADOR PROFESIONAL DELUXE IONIC 2300W. MOTOR AC\"}]},{\"@type\":\"WebSite\",\"@id\":\"https:\/\/kuken.alfadyser.dev\/#website\",\"url\":\"https:\/\/kuken.alfadyser.dev\/\",\"name\":\"K\u00fcken\",\"description\":\"Amplia gama de peque\u00f1o electrodom\u00e9stico k\u00fcken\",\"publisher\":{\"@id\":\"https:\/\/kuken.alfadyser.dev\/#organization\"},\"potentialAction\":[{\"@type\":\"SearchAction\",\"target\":{\"@type\":\"EntryPoint\",\"urlTemplate\":\"https:\/\/kuken.alfadyser.dev\/?s={search_term_string}\"},\"query-input\":{\"@type\":\"PropertyValueSpecification\",\"valueRequired\":true,\"valueName\":\"search_term_string\"}}],\"inLanguage\":\"nl-NL\"},{\"@type\":\"Organization\",\"@id\":\"https:\/\/kuken.alfadyser.dev\/#organization\",\"name\":\"Alfa Dyser\",\"url\":\"https:\/\/kuken.alfadyser.dev\/\",\"logo\":{\"@type\":\"ImageObject\",\"inLanguage\":\"nl-NL\",\"@id\":\"https:\/\/kuken.alfadyser.dev\/#\/schema\/logo\/image\/\",\"url\":\"https:\/\/kuken.alfadyser.dev\/wp-content\/uploads\/2019\/04\/kuken-logo.png\",\"contentUrl\":\"https:\/\/kuken.alfadyser.dev\/wp-content\/uploads\/2019\/04\/kuken-logo.png\",\"width\":500,\"height\":191,\"caption\":\"Alfa Dyser\"},\"image\":{\"@id\":\"https:\/\/kuken.alfadyser.dev\/#\/schema\/logo\/image\/\"},\"sameAs\":[\"https:\/\/es-es.facebook.com\/alfadyser\/\",\"https:\/\/www.instagram.com\/kuken_appliances\/\"]}]}<\/script>\n<meta property=\"product:price:currency\" content=\"EUR\" \/>\n<meta property=\"og:availability\" content=\"instock\" \/>\n<meta property=\"product:availability\" content=\"instock\" \/>\n<meta property=\"product:retailer_item_id\" content=\"36042\" \/>\n<meta property=\"product:condition\" content=\"new\" \/>\n<!-- \/ Yoast SEO Premium plugin. -->","yoast_head_json":{"title":"PROFESSIONELE DELUXE IONISCHE HAARDROGER 2300W. WISSELSTROOMMOTOR - K\u00fcken","description":"Secador profesional Deluxe Ionic 2300W AC con aire fr\u00edo, 3 potencias, difusor y funci\u00f3n antiencrespamiento. M\u00e1s brillo, menos ruido, m\u00e1ximo control.","robots":{"index":"noindex","follow":"follow","max-snippet":"max-snippet:-1","max-image-preview":"max-image-preview:large","max-video-preview":"max-video-preview:-1"},"og_locale":"nl_NL","og_type":"article","og_title":"SECADOR PROFESIONAL DELUXE IONIC 2300W. MOTOR AC","og_description":"Secador profesional Deluxe Ionic 2300W AC con aire fr\u00edo, 3 potencias, difusor y funci\u00f3n antiencrespamiento. M\u00e1s brillo, menos ruido, m\u00e1ximo control.","og_url":"https:\/\/kuken.alfadyser.dev\/nl\/product\/professionele-deluxe-ionische-haardroger-2300w-ac-motor\/","og_site_name":"K\u00fcken","article_publisher":"https:\/\/es-es.facebook.com\/alfadyser\/","article_modified_time":"2025-07-22T09:06:04+00:00","og_image":[{"width":2000,"height":2000,"url":"https:\/\/kuken.alfadyser.dev\/wp-content\/uploads\/8425160360429_01.jpg","type":"image\/jpeg"}],"twitter_card":"summary_large_image","twitter_misc":{"Prijs":"","Beschikbaarheid":"Op voorraad"},"schema":{"@context":"https:\/\/schema.org","@graph":[{"@type":"WebPage","@id":"https:\/\/kuken.alfadyser.dev\/producto\/secador-profesional-deluxe-ionic-2300w-motor-ac\/","url":"https:\/\/kuken.alfadyser.dev\/producto\/secador-profesional-deluxe-ionic-2300w-motor-ac\/","name":"PROFESSIONELE DELUXE IONISCHE HAARDROGER 2300W. WISSELSTROOMMOTOR - K\u00fcken","isPartOf":{"@id":"https:\/\/kuken.alfadyser.dev\/#website"},"primaryImageOfPage":{"@id":"https:\/\/kuken.alfadyser.dev\/producto\/secador-profesional-deluxe-ionic-2300w-motor-ac\/#primaryimage"},"image":{"@id":"https:\/\/kuken.alfadyser.dev\/producto\/secador-profesional-deluxe-ionic-2300w-motor-ac\/#primaryimage"},"thumbnailUrl":"https:\/\/kuken.alfadyser.dev\/wp-content\/uploads\/8425160360429_01.jpg","datePublished":"2022-08-30T06:05:03+00:00","dateModified":"2025-07-22T09:06:04+00:00","description":"Secador profesional Deluxe Ionic 2300W AC con aire fr\u00edo, 3 potencias, difusor y funci\u00f3n antiencrespamiento. M\u00e1s brillo, menos ruido, m\u00e1ximo control.","breadcrumb":{"@id":"https:\/\/kuken.alfadyser.dev\/producto\/secador-profesional-deluxe-ionic-2300w-motor-ac\/#breadcrumb"},"inLanguage":"nl-NL","potentialAction":[{"@type":"ReadAction","target":["https:\/\/kuken.alfadyser.dev\/producto\/secador-profesional-deluxe-ionic-2300w-motor-ac\/"]}]},{"@type":"ImageObject","inLanguage":"nl-NL","@id":"https:\/\/kuken.alfadyser.dev\/producto\/secador-profesional-deluxe-ionic-2300w-motor-ac\/#primaryimage","url":"https:\/\/kuken.alfadyser.dev\/wp-content\/uploads\/8425160360429_01.jpg","contentUrl":"https:\/\/kuken.alfadyser.dev\/wp-content\/uploads\/8425160360429_01.jpg","width":2000,"height":2000},{"@type":"BreadcrumbList","@id":"https:\/\/kuken.alfadyser.dev\/producto\/secador-profesional-deluxe-ionic-2300w-motor-ac\/#breadcrumb","itemListElement":[{"@type":"ListItem","position":1,"name":"Portada","item":"https:\/\/kuken.alfadyser.dev\/"},{"@type":"ListItem","position":2,"name":"Productos","item":"https:\/\/kuken.alfadyser.dev\/productos\/"},{"@type":"ListItem","position":3,"name":"SECADOR PROFESIONAL DELUXE IONIC 2300W. MOTOR AC"}]},{"@type":"WebSite","@id":"https:\/\/kuken.alfadyser.dev\/#website","url":"https:\/\/kuken.alfadyser.dev\/","name":"K\u00fcken","description":"Uitgebreid assortiment kleine huishoudelijke apparaten van k\u00fcken","publisher":{"@id":"https:\/\/kuken.alfadyser.dev\/#organization"},"potentialAction":[{"@type":"SearchAction","target":{"@type":"EntryPoint","urlTemplate":"https:\/\/kuken.alfadyser.dev\/?s={search_term_string}"},"query-input":{"@type":"PropertyValueSpecification","valueRequired":true,"valueName":"search_term_string"}}],"inLanguage":"nl-NL"},{"@type":"Organization","@id":"https:\/\/kuken.alfadyser.dev\/#organization","name":"Alpha Dyser","url":"https:\/\/kuken.alfadyser.dev\/","logo":{"@type":"ImageObject","inLanguage":"nl-NL","@id":"https:\/\/kuken.alfadyser.dev\/#\/schema\/logo\/image\/","url":"https:\/\/kuken.alfadyser.dev\/wp-content\/uploads\/2019\/04\/kuken-logo.png","contentUrl":"https:\/\/kuken.alfadyser.dev\/wp-content\/uploads\/2019\/04\/kuken-logo.png","width":500,"height":191,"caption":"Alfa Dyser"},"image":{"@id":"https:\/\/kuken.alfadyser.dev\/#\/schema\/logo\/image\/"},"sameAs":["https:\/\/es-es.facebook.com\/alfadyser\/","https:\/\/www.instagram.com\/kuken_appliances\/"]}]},"product_price_currency":"EUR","og_availability":"instock","product_availability":"instock","product_retailer_item_id":"36042","product_condition":"new"},"_links":{"self":[{"href":"https:\/\/kuken.alfadyser.dev\/nl\/wp-json\/wp\/v2\/product\/9233","targetHints":{"allow":["GET"]}}],"collection":[{"href":"https:\/\/kuken.alfadyser.dev\/nl\/wp-json\/wp\/v2\/product"}],"about":[{"href":"https:\/\/kuken.alfadyser.dev\/nl\/wp-json\/wp\/v2\/types\/product"}],"wp:featuredmedia":[{"embeddable":true,"href":"https:\/\/kuken.alfadyser.dev\/nl\/wp-json\/wp\/v2\/media\/9234"}],"wp:attachment":[{"href":"https:\/\/kuken.alfadyser.dev\/nl\/wp-json\/wp\/v2\/media?parent=9233"}],"wp:term":[{"taxonomy":"product_brand","embeddable":true,"href":"https:\/\/kuken.alfadyser.dev\/nl\/wp-json\/wp\/v2\/product_brand?post=9233"},{"taxonomy":"product_cat","embeddable":true,"href":"https:\/\/kuken.alfadyser.dev\/nl\/wp-json\/wp\/v2\/product_cat?post=9233"},{"taxonomy":"product_tag","embeddable":true,"href":"https:\/\/kuken.alfadyser.dev\/nl\/wp-json\/wp\/v2\/product_tag?post=9233"}],"curies":[{"name":"wp","href":"https:\/\/api.w.org\/{rel}","templated":true}]}}