{"id":9173,"date":"2022-08-29T12:05:10","date_gmt":"2022-08-29T10:05:10","guid":{"rendered":"https:\/\/kuken.alfadyser.dev\/?post_type=product&#038;p=9173"},"modified":"2025-07-22T11:07:30","modified_gmt":"2025-07-22T09:07:30","slug":"accu-scheerapparaat-met-roterende-scheerkop-kuken-3w","status":"publish","type":"product","link":"https:\/\/kuken.alfadyser.dev\/nl\/product\/accu-scheerapparaat-met-roterende-scheerkop-kuken-3w\/","title":{"rendered":"ACCU SCHEERAPPARAAT MET ROTERENDE SCHEERKOP KUKEN 3W"},"content":{"rendered":"<p>ACCU SCHEERAPPARAAT MET ROTERENDE SCHEERKOP KUKEN 3W<\/p>\n<ul>\n<li data-start=\"981\" data-end=\"1046\">\n<p data-start=\"983\" data-end=\"1046\">Afeitadora a bater\u00eda de 3W, compacta, ligera y eficiente.<\/p>\n<\/li>\n<li data-start=\"1047\" data-end=\"1123\">\n<p data-start=\"1049\" data-end=\"1123\">Cuchillas rotativas 360\u00b0 de acero inoxidable, para un corte apurado.<\/p>\n<\/li>\n<li data-start=\"1124\" data-end=\"1198\">\n<p data-start=\"1126\" data-end=\"1198\">Cabezales flotantes 3D, se adaptan a todos los contornos faciales.<\/p>\n<\/li>\n<li data-start=\"1199\" data-end=\"1266\">\n<p data-start=\"1201\" data-end=\"1266\">Tecnolog\u00eda Dual Precision, afeita hasta la barba m\u00e1s corta.<\/p>\n<\/li>\n<li data-start=\"1267\" data-end=\"1339\">\n<p data-start=\"1269\" data-end=\"1339\">Sistema levanta y corta, para un afeitado m\u00e1s c\u00f3modo y uniforme.<\/p>\n<\/li>\n<li data-start=\"1340\" data-end=\"1406\">\n<p data-start=\"1342\" data-end=\"1406\">Cabezal extra\u00edble y lavable, f\u00e1cil limpieza bajo el grifo.<\/p>\n<\/li>\n<li data-start=\"1407\" data-end=\"1457\">\n<p data-start=\"1409\" data-end=\"1457\">Bater\u00eda con autonom\u00eda de hasta 60 minutos.<\/p>\n<\/li>\n<li data-start=\"1458\" data-end=\"1520\">\n<p data-start=\"1460\" data-end=\"1520\">Cargador con conexi\u00f3n 220\u2013240V \/ 50Hz, carga est\u00e1ndar.<\/p>\n<\/li>\n<li data-start=\"1521\" data-end=\"1590\">\n<p data-start=\"1523\" data-end=\"1590\">Indicador de bater\u00eda integrado, visualiza el estado de carga.<\/p>\n<\/li>\n<li data-start=\"1591\" data-end=\"1643\">\n<p data-start=\"1593\" data-end=\"1643\">Dise\u00f1o ergon\u00f3mico, c\u00f3modo para uso prolongado.<\/p>\n<\/li>\n<\/ul>\n<p><div class=\"accordion\"><div class=\"mfn-acc accordion_wrapper  toggle\"><div class=\"question\"><div class=\"title\"><i class=\"icon-plus acc-icon-plus\" aria-hidden=\"true\"><\/i><i class=\"icon-minus acc-icon-minus\" aria-hidden=\"true\"><\/i>Productgegevens<\/div><div class=\"answer\">EAN 8425160326838<\/p>\n<p>ACCU SCHEERAPPARAAT MET ROTERENDE SCHEERKOP KUKEN 3W<\/p>\n<p>Verpakkingseenheid 1<br \/>\nKleur Zwart<br \/>\nVerpakking Dooskleur<br \/>\nVermogen 3 W<br \/>\nSpanning 230 V<br \/>\nMaat Klein<br \/>\nMateriaal Kunststof<br \/>\nDraadloos oplaadbaar Ja<br \/>\nPeso 0,16 kg<\/div><\/div>\n<\/div><\/div>\n<br \/>\n<div class=\"accordion\"><div class=\"mfn-acc accordion_wrapper  toggle\"><div class=\"question\"><div class=\"title\"><i class=\"icon-plus acc-icon-plus\" aria-hidden=\"true\"><\/i><i class=\"icon-minus acc-icon-minus\" aria-hidden=\"true\"><\/i>Accessoires<\/div><div class=\"answer\"><\/div><\/div>\n<\/div><\/div>\n<\/p>\n<div class=\"descargas-producto\"><a href=\"https:\/\/kuken.alfadyser.dev\/wp-content\/uploads\/8425160326838_ficha_tecnica-2.pdf\" target=\"_blank\" rel=\"noopener noreferrer\"><br \/>\n<img loading=\"lazy\" decoding=\"async\" src=\"\/wp-content\/uploads\/2019\/12\/picto-descarrega.png\" alt=\"gegevensblad downloaden\" width=\"23\" height=\"16\" \/>Blad downloaden<\/a><br \/>\n<a href=\"https:\/\/kuken.alfadyser.dev\/wp-content\/uploads\/32683_instrucciones_compressed.pdf\"><img loading=\"lazy\" decoding=\"async\" src=\"\/wp-content\/uploads\/2019\/12\/picto-descarrega.png\" alt=\"handleiding downloaden\" width=\"23\" height=\"16\" \/>Handleiding downloaden<\/a><\/div>\n<div><\/div>\n<div><span style=\"color: #bf2121\">Volg ons op sociale media!<\/span><\/div>\n<div><a href=\"https:\/\/www.instagram.com\/kuken_appliances\/\">https:\/\/www.instagram.com\/kuken_appliances\/<\/a><\/div>\n<p><iframe loading=\"lazy\" title=\"Afeitadora k\u00fcken cabezal flotante\" width=\"560\" height=\"315\" src=\"https:\/\/www.youtube.com\/embed\/rXippgKFgR4?feature=oembed\" frameborder=\"0\" allow=\"accelerometer; autoplay; clipboard-write; encrypted-media; gyroscope; picture-in-picture; web-share\" referrerpolicy=\"strict-origin-when-cross-origin\" allowfullscreen><\/iframe><\/p>","protected":false},"excerpt":{"rendered":"<p data-start=\"624\" data-end=\"776\">Compacta y eficaz. Esta afeitadora rotativa se adapta al rostro con precisi\u00f3n gracias a sus cabezales 3D, cuchillas flotantes y sistema levanta y corta.<\/p>\n<blockquote data-start=\"778\" data-end=\"913\">\n<p data-start=\"780\" data-end=\"913\">\n<\/blockquote>","protected":false},"featured_media":9174,"template":"","meta":[],"product_brand":[],"product_cat":[216],"product_tag":[],"class_list":{"0":"post-9173","1":"product","2":"type-product","3":"status-publish","4":"has-post-thumbnail","6":"product_cat-afeitadoras","8":"first","9":"instock","10":"product-type-simple"},"yoast_head":"<!-- This site is optimized with the Yoast SEO Premium plugin v24.0 (Yoast SEO v26.5) - https:\/\/yoast.com\/wordpress\/plugins\/seo\/ -->\n<title>AFEITADORA BATERIA CON CABEZAL ROTATIVO KUKEN 3W - K\u00fcken<\/title>\n<meta name=\"description\" content=\"Afeitadora bater\u00eda con cabezal rotativo 3W K\u00fcken, cuchillas 360\u00b0, flotantes 3D y tecnolog\u00eda levanta y corta. Precisi\u00f3n y limpieza incluso con barba corta.\" \/>\n<meta name=\"robots\" content=\"noindex, follow, max-snippet:-1, max-image-preview:large, max-video-preview:-1\" \/>\n<meta property=\"og:locale\" content=\"nl_NL\" \/>\n<meta property=\"og:type\" content=\"article\" \/>\n<meta property=\"og:title\" content=\"AFEITADORA BATERIA CON CABEZAL ROTATIVO KUKEN 3W\" \/>\n<meta property=\"og:description\" content=\"Afeitadora bater\u00eda con cabezal rotativo 3W K\u00fcken, cuchillas 360\u00b0, flotantes 3D y tecnolog\u00eda levanta y corta. Precisi\u00f3n y limpieza incluso con barba corta.\" \/>\n<meta property=\"og:url\" content=\"https:\/\/kuken.alfadyser.dev\/nl\/product\/accu-scheerapparaat-met-roterende-scheerkop-kuken-3w\/\" \/>\n<meta property=\"og:site_name\" content=\"K\u00fcken\" \/>\n<meta property=\"article:publisher\" content=\"https:\/\/es-es.facebook.com\/alfadyser\/\" \/>\n<meta property=\"article:modified_time\" content=\"2025-07-22T09:07:30+00:00\" \/>\n<meta property=\"og:image\" content=\"https:\/\/kuken.alfadyser.dev\/wp-content\/uploads\/8425160326838_01.jpg\" \/>\n\t<meta property=\"og:image:width\" content=\"2000\" \/>\n\t<meta property=\"og:image:height\" content=\"2000\" \/>\n\t<meta property=\"og:image:type\" content=\"image\/jpeg\" \/>\n<meta name=\"twitter:card\" content=\"summary_large_image\" \/>\n<meta name=\"twitter:label1\" content=\"Prijs\" \/>\n\t<meta name=\"twitter:data1\" content=\"\" \/>\n\t<meta name=\"twitter:label2\" content=\"Beschikbaarheid\" \/>\n\t<meta name=\"twitter:data2\" content=\"Op voorraad\" \/>\n<script type=\"application\/ld+json\" class=\"yoast-schema-graph\">{\"@context\":\"https:\/\/schema.org\",\"@graph\":[{\"@type\":\"WebPage\",\"@id\":\"https:\/\/kuken.alfadyser.dev\/producto\/afeitadora-bateria-con-cabezal-rotativo-kuken-3w\/\",\"url\":\"https:\/\/kuken.alfadyser.dev\/producto\/afeitadora-bateria-con-cabezal-rotativo-kuken-3w\/\",\"name\":\"AFEITADORA BATERIA CON CABEZAL ROTATIVO KUKEN 3W - K\u00fcken\",\"isPartOf\":{\"@id\":\"https:\/\/kuken.alfadyser.dev\/#website\"},\"primaryImageOfPage\":{\"@id\":\"https:\/\/kuken.alfadyser.dev\/producto\/afeitadora-bateria-con-cabezal-rotativo-kuken-3w\/#primaryimage\"},\"image\":{\"@id\":\"https:\/\/kuken.alfadyser.dev\/producto\/afeitadora-bateria-con-cabezal-rotativo-kuken-3w\/#primaryimage\"},\"thumbnailUrl\":\"https:\/\/kuken.alfadyser.dev\/wp-content\/uploads\/8425160326838_01.jpg\",\"datePublished\":\"2022-08-29T10:05:10+00:00\",\"dateModified\":\"2025-07-22T09:07:30+00:00\",\"description\":\"Afeitadora bater\u00eda con cabezal rotativo 3W K\u00fcken, cuchillas 360\u00b0, flotantes 3D y tecnolog\u00eda levanta y corta. Precisi\u00f3n y limpieza incluso con barba corta.\",\"breadcrumb\":{\"@id\":\"https:\/\/kuken.alfadyser.dev\/producto\/afeitadora-bateria-con-cabezal-rotativo-kuken-3w\/#breadcrumb\"},\"inLanguage\":\"nl-NL\",\"potentialAction\":[{\"@type\":\"ReadAction\",\"target\":[\"https:\/\/kuken.alfadyser.dev\/producto\/afeitadora-bateria-con-cabezal-rotativo-kuken-3w\/\"]}]},{\"@type\":\"ImageObject\",\"inLanguage\":\"nl-NL\",\"@id\":\"https:\/\/kuken.alfadyser.dev\/producto\/afeitadora-bateria-con-cabezal-rotativo-kuken-3w\/#primaryimage\",\"url\":\"https:\/\/kuken.alfadyser.dev\/wp-content\/uploads\/8425160326838_01.jpg\",\"contentUrl\":\"https:\/\/kuken.alfadyser.dev\/wp-content\/uploads\/8425160326838_01.jpg\",\"width\":2000,\"height\":2000},{\"@type\":\"BreadcrumbList\",\"@id\":\"https:\/\/kuken.alfadyser.dev\/producto\/afeitadora-bateria-con-cabezal-rotativo-kuken-3w\/#breadcrumb\",\"itemListElement\":[{\"@type\":\"ListItem\",\"position\":1,\"name\":\"Portada\",\"item\":\"https:\/\/kuken.alfadyser.dev\/\"},{\"@type\":\"ListItem\",\"position\":2,\"name\":\"Productos\",\"item\":\"https:\/\/kuken.alfadyser.dev\/productos\/\"},{\"@type\":\"ListItem\",\"position\":3,\"name\":\"AFEITADORA BATERIA CON CABEZAL ROTATIVO KUKEN 3W\"}]},{\"@type\":\"WebSite\",\"@id\":\"https:\/\/kuken.alfadyser.dev\/#website\",\"url\":\"https:\/\/kuken.alfadyser.dev\/\",\"name\":\"K\u00fcken\",\"description\":\"Amplia gama de peque\u00f1o electrodom\u00e9stico k\u00fcken\",\"publisher\":{\"@id\":\"https:\/\/kuken.alfadyser.dev\/#organization\"},\"potentialAction\":[{\"@type\":\"SearchAction\",\"target\":{\"@type\":\"EntryPoint\",\"urlTemplate\":\"https:\/\/kuken.alfadyser.dev\/?s={search_term_string}\"},\"query-input\":{\"@type\":\"PropertyValueSpecification\",\"valueRequired\":true,\"valueName\":\"search_term_string\"}}],\"inLanguage\":\"nl-NL\"},{\"@type\":\"Organization\",\"@id\":\"https:\/\/kuken.alfadyser.dev\/#organization\",\"name\":\"Alfa Dyser\",\"url\":\"https:\/\/kuken.alfadyser.dev\/\",\"logo\":{\"@type\":\"ImageObject\",\"inLanguage\":\"nl-NL\",\"@id\":\"https:\/\/kuken.alfadyser.dev\/#\/schema\/logo\/image\/\",\"url\":\"https:\/\/kuken.alfadyser.dev\/wp-content\/uploads\/2019\/04\/kuken-logo.png\",\"contentUrl\":\"https:\/\/kuken.alfadyser.dev\/wp-content\/uploads\/2019\/04\/kuken-logo.png\",\"width\":500,\"height\":191,\"caption\":\"Alfa Dyser\"},\"image\":{\"@id\":\"https:\/\/kuken.alfadyser.dev\/#\/schema\/logo\/image\/\"},\"sameAs\":[\"https:\/\/es-es.facebook.com\/alfadyser\/\",\"https:\/\/www.instagram.com\/kuken_appliances\/\"]}]}<\/script>\n<meta property=\"product:price:currency\" content=\"EUR\" \/>\n<meta property=\"og:availability\" content=\"instock\" \/>\n<meta property=\"product:availability\" content=\"instock\" \/>\n<meta property=\"product:retailer_item_id\" content=\"32683\" \/>\n<meta property=\"product:condition\" content=\"new\" \/>\n<!-- \/ Yoast SEO Premium plugin. -->","yoast_head_json":{"title":"ACCU SCHEERAPPARAAT MET ROTERENDE SCHEERKOP KUKEN 3W - K\u00fcken","description":"Afeitadora bater\u00eda con cabezal rotativo 3W K\u00fcken, cuchillas 360\u00b0, flotantes 3D y tecnolog\u00eda levanta y corta. Precisi\u00f3n y limpieza incluso con barba corta.","robots":{"index":"noindex","follow":"follow","max-snippet":"max-snippet:-1","max-image-preview":"max-image-preview:large","max-video-preview":"max-video-preview:-1"},"og_locale":"nl_NL","og_type":"article","og_title":"AFEITADORA BATERIA CON CABEZAL ROTATIVO KUKEN 3W","og_description":"Afeitadora bater\u00eda con cabezal rotativo 3W K\u00fcken, cuchillas 360\u00b0, flotantes 3D y tecnolog\u00eda levanta y corta. Precisi\u00f3n y limpieza incluso con barba corta.","og_url":"https:\/\/kuken.alfadyser.dev\/nl\/product\/accu-scheerapparaat-met-roterende-scheerkop-kuken-3w\/","og_site_name":"K\u00fcken","article_publisher":"https:\/\/es-es.facebook.com\/alfadyser\/","article_modified_time":"2025-07-22T09:07:30+00:00","og_image":[{"width":2000,"height":2000,"url":"https:\/\/kuken.alfadyser.dev\/wp-content\/uploads\/8425160326838_01.jpg","type":"image\/jpeg"}],"twitter_card":"summary_large_image","twitter_misc":{"Prijs":"","Beschikbaarheid":"Op voorraad"},"schema":{"@context":"https:\/\/schema.org","@graph":[{"@type":"WebPage","@id":"https:\/\/kuken.alfadyser.dev\/producto\/afeitadora-bateria-con-cabezal-rotativo-kuken-3w\/","url":"https:\/\/kuken.alfadyser.dev\/producto\/afeitadora-bateria-con-cabezal-rotativo-kuken-3w\/","name":"ACCU SCHEERAPPARAAT MET ROTERENDE SCHEERKOP KUKEN 3W - K\u00fcken","isPartOf":{"@id":"https:\/\/kuken.alfadyser.dev\/#website"},"primaryImageOfPage":{"@id":"https:\/\/kuken.alfadyser.dev\/producto\/afeitadora-bateria-con-cabezal-rotativo-kuken-3w\/#primaryimage"},"image":{"@id":"https:\/\/kuken.alfadyser.dev\/producto\/afeitadora-bateria-con-cabezal-rotativo-kuken-3w\/#primaryimage"},"thumbnailUrl":"https:\/\/kuken.alfadyser.dev\/wp-content\/uploads\/8425160326838_01.jpg","datePublished":"2022-08-29T10:05:10+00:00","dateModified":"2025-07-22T09:07:30+00:00","description":"Afeitadora bater\u00eda con cabezal rotativo 3W K\u00fcken, cuchillas 360\u00b0, flotantes 3D y tecnolog\u00eda levanta y corta. Precisi\u00f3n y limpieza incluso con barba corta.","breadcrumb":{"@id":"https:\/\/kuken.alfadyser.dev\/producto\/afeitadora-bateria-con-cabezal-rotativo-kuken-3w\/#breadcrumb"},"inLanguage":"nl-NL","potentialAction":[{"@type":"ReadAction","target":["https:\/\/kuken.alfadyser.dev\/producto\/afeitadora-bateria-con-cabezal-rotativo-kuken-3w\/"]}]},{"@type":"ImageObject","inLanguage":"nl-NL","@id":"https:\/\/kuken.alfadyser.dev\/producto\/afeitadora-bateria-con-cabezal-rotativo-kuken-3w\/#primaryimage","url":"https:\/\/kuken.alfadyser.dev\/wp-content\/uploads\/8425160326838_01.jpg","contentUrl":"https:\/\/kuken.alfadyser.dev\/wp-content\/uploads\/8425160326838_01.jpg","width":2000,"height":2000},{"@type":"BreadcrumbList","@id":"https:\/\/kuken.alfadyser.dev\/producto\/afeitadora-bateria-con-cabezal-rotativo-kuken-3w\/#breadcrumb","itemListElement":[{"@type":"ListItem","position":1,"name":"Portada","item":"https:\/\/kuken.alfadyser.dev\/"},{"@type":"ListItem","position":2,"name":"Productos","item":"https:\/\/kuken.alfadyser.dev\/productos\/"},{"@type":"ListItem","position":3,"name":"AFEITADORA BATERIA CON CABEZAL ROTATIVO KUKEN 3W"}]},{"@type":"WebSite","@id":"https:\/\/kuken.alfadyser.dev\/#website","url":"https:\/\/kuken.alfadyser.dev\/","name":"K\u00fcken","description":"Uitgebreid assortiment kleine huishoudelijke apparaten van k\u00fcken","publisher":{"@id":"https:\/\/kuken.alfadyser.dev\/#organization"},"potentialAction":[{"@type":"SearchAction","target":{"@type":"EntryPoint","urlTemplate":"https:\/\/kuken.alfadyser.dev\/?s={search_term_string}"},"query-input":{"@type":"PropertyValueSpecification","valueRequired":true,"valueName":"search_term_string"}}],"inLanguage":"nl-NL"},{"@type":"Organization","@id":"https:\/\/kuken.alfadyser.dev\/#organization","name":"Alpha Dyser","url":"https:\/\/kuken.alfadyser.dev\/","logo":{"@type":"ImageObject","inLanguage":"nl-NL","@id":"https:\/\/kuken.alfadyser.dev\/#\/schema\/logo\/image\/","url":"https:\/\/kuken.alfadyser.dev\/wp-content\/uploads\/2019\/04\/kuken-logo.png","contentUrl":"https:\/\/kuken.alfadyser.dev\/wp-content\/uploads\/2019\/04\/kuken-logo.png","width":500,"height":191,"caption":"Alfa Dyser"},"image":{"@id":"https:\/\/kuken.alfadyser.dev\/#\/schema\/logo\/image\/"},"sameAs":["https:\/\/es-es.facebook.com\/alfadyser\/","https:\/\/www.instagram.com\/kuken_appliances\/"]}]},"product_price_currency":"EUR","og_availability":"instock","product_availability":"instock","product_retailer_item_id":"32683","product_condition":"new"},"_links":{"self":[{"href":"https:\/\/kuken.alfadyser.dev\/nl\/wp-json\/wp\/v2\/product\/9173","targetHints":{"allow":["GET"]}}],"collection":[{"href":"https:\/\/kuken.alfadyser.dev\/nl\/wp-json\/wp\/v2\/product"}],"about":[{"href":"https:\/\/kuken.alfadyser.dev\/nl\/wp-json\/wp\/v2\/types\/product"}],"wp:featuredmedia":[{"embeddable":true,"href":"https:\/\/kuken.alfadyser.dev\/nl\/wp-json\/wp\/v2\/media\/9174"}],"wp:attachment":[{"href":"https:\/\/kuken.alfadyser.dev\/nl\/wp-json\/wp\/v2\/media?parent=9173"}],"wp:term":[{"taxonomy":"product_brand","embeddable":true,"href":"https:\/\/kuken.alfadyser.dev\/nl\/wp-json\/wp\/v2\/product_brand?post=9173"},{"taxonomy":"product_cat","embeddable":true,"href":"https:\/\/kuken.alfadyser.dev\/nl\/wp-json\/wp\/v2\/product_cat?post=9173"},{"taxonomy":"product_tag","embeddable":true,"href":"https:\/\/kuken.alfadyser.dev\/nl\/wp-json\/wp\/v2\/product_tag?post=9173"}],"curies":[{"name":"wp","href":"https:\/\/api.w.org\/{rel}","templated":true}]}}