{"id":9113,"date":"2022-06-20T13:51:05","date_gmt":"2022-06-20T11:51:05","guid":{"rendered":"https:\/\/kuken.alfadyser.dev\/?post_type=product&#038;p=9113"},"modified":"2025-07-31T11:36:40","modified_gmt":"2025-07-31T09:36:40","slug":"tostadora-plastico-2pc-grande-900w-negra","status":"publish","type":"product","link":"https:\/\/kuken.alfadyser.dev\/nl\/product\/tostadora-plastico-2pc-grande-900w-negra\/","title":{"rendered":"2-Delige ZWARTE TOASTER 900w"},"content":{"rendered":"<p>2-Delige ZWARTE TOASTER 900w<\/p>\n<ul>\n<li data-start=\"890\" data-end=\"950\">\n<p data-start=\"892\" data-end=\"950\">Potencia de 900W, ideal para uso diario y eficiente.<\/p>\n<\/li>\n<li data-start=\"951\" data-end=\"1022\">\n<p data-start=\"953\" data-end=\"1022\">Ranura extra grande, apta para 2 rebanadas medianas o 1 grande.<\/p>\n<\/li>\n<li data-start=\"1023\" data-end=\"1106\">\n<p data-start=\"1025\" data-end=\"1106\">Cuerpo de pl\u00e1stico negro de alta calidad, con laterales fr\u00edos al tacto.<\/p>\n<\/li>\n<li data-start=\"1107\" data-end=\"1180\">\n<p data-start=\"1109\" data-end=\"1180\">Resistencias de gran superficie, garantizan un tostado homog\u00e9neo.<\/p>\n<\/li>\n<li data-start=\"1181\" data-end=\"1257\">\n<p data-start=\"1183\" data-end=\"1257\">Selector giratorio con 7 niveles, ajusta el grado de dorado deseado.<\/p>\n<\/li>\n<li data-start=\"1258\" data-end=\"1333\">\n<p data-start=\"1260\" data-end=\"1333\">Bot\u00f3n de parada instant\u00e1nea, detiene el ciclo en cualquier momento.<\/p>\n<\/li>\n<li data-start=\"1334\" data-end=\"1415\">\n<p data-start=\"1336\" data-end=\"1415\">Sistema de centrado autom\u00e1tico, para resultados uniformes en ambos lados.<\/p>\n<\/li>\n<li data-start=\"1416\" data-end=\"1493\">\n<p data-start=\"1418\" data-end=\"1493\">Extra elevaci\u00f3n, facilita la extracci\u00f3n de las tostadas sin quemarte.<\/p>\n<\/li>\n<li data-start=\"1494\" data-end=\"1570\">\n<p data-start=\"1496\" data-end=\"1570\">Bandeja recoge migas extra\u00edble, para una limpieza r\u00e1pida y sencilla.<\/p>\n<\/li>\n<li data-start=\"1571\" data-end=\"1636\">\n<p data-start=\"1573\" data-end=\"1636\">Dise\u00f1o compacto y elegante, perfecto para cocinas modernas.<\/p>\n<\/li>\n<\/ul>\n<p><div class=\"accordion\"><div class=\"mfn-acc accordion_wrapper  toggle\"><div class=\"question\"><div class=\"title\"><i class=\"icon-plus acc-icon-plus\" aria-hidden=\"true\"><\/i><i class=\"icon-minus acc-icon-minus\" aria-hidden=\"true\"><\/i>Productgegevens<\/div><div class=\"answer\">EAN 8425160350901<\/p>\n<p>2-Delige ZWARTE TOASTER 900w<\/p>\n<p>Verpakkingseenheid 1<br \/>\nColor negro<br \/>\nVerpakking Gekleurde doos<br \/>\nPotencia\u00a0900 W<br \/>\nSpanning 230 V<br \/>\nMaterial pl\u00e1stico<br \/>\nLED-verlichting Ja<br \/>\nRebanadas 2 medianas o 1 grande<br \/>\nAntislipvoeten Ja<br \/>\n<\/div><\/div>\n<\/div><\/div>\n<br \/>\n<div class=\"accordion\"><div class=\"mfn-acc accordion_wrapper  toggle\"><div class=\"question\"><div class=\"title\"><i class=\"icon-plus acc-icon-plus\" aria-hidden=\"true\"><\/i><i class=\"icon-minus acc-icon-minus\" aria-hidden=\"true\"><\/i>Accessoires<\/div><div class=\"answer\"><\/div><\/div>\n<\/div><\/div>\n<\/p>\n<div class=\"descargas-producto\"><a href=\"\/wp-content\/uploads\/pdf\/8425160336219_ficha_tecnica.pdf\" target=\"_blank\" rel=\"noopener noreferrer\"><br \/>\n<img loading=\"lazy\" decoding=\"async\" src=\"\/wp-content\/uploads\/2019\/12\/picto-descarrega.png\" alt=\"gegevensblad downloaden\" width=\"23\" height=\"16\" \/>Blad downloaden<\/a><br \/>\n<a href=\"\/wp-content\/uploads\/pdf\/33621.pdf\"><img loading=\"lazy\" decoding=\"async\" src=\"\/wp-content\/uploads\/2019\/12\/picto-descarrega.png\" alt=\"handleiding downloaden\" width=\"23\" height=\"16\" \/><\/a><a href=\"https:\/\/kuken.alfadyser.dev\/wp-content\/uploads\/pdf\/35090_instrucciones.pdf\">Handleiding downloaden<\/a><\/div>\n<div><\/div>\n<div><span style=\"color: #bf2121;\">Volg ons op sociale media!<\/span><\/div>\n<div><a href=\"https:\/\/www.instagram.com\/kuken_appliances\/\">https:\/\/www.instagram.com\/kuken_appliances\/<\/a><\/div>\n<p><iframe loading=\"lazy\" title=\"Tostadora Black k\u00fcken\" width=\"560\" height=\"315\" src=\"https:\/\/www.youtube.com\/embed\/Yv1t7MGITJc?feature=oembed\" frameborder=\"0\" allow=\"accelerometer; autoplay; clipboard-write; encrypted-media; gyroscope; picture-in-picture; web-share\" referrerpolicy=\"strict-origin-when-cross-origin\" allowfullscreen><\/iframe><\/p>","protected":false},"excerpt":{"rendered":"<p data-start=\"561\" data-end=\"726\">Compacta y funcional. Esta tostadora con ranura ancha y control de tostado ofrece uniformidad, seguridad al tacto y limpieza sencilla gracias a su bandeja extra\u00edble.<\/p>\n<blockquote data-start=\"728\" data-end=\"822\">\n<p data-start=\"730\" data-end=\"822\">\n<\/blockquote>\n<blockquote data-start=\"377\" data-end=\"498\">\n<p data-start=\"379\" data-end=\"498\">\n<\/blockquote>","protected":false},"featured_media":9115,"template":"","meta":[],"product_brand":[],"product_cat":[204],"product_tag":[],"class_list":{"0":"post-9113","1":"product","2":"type-product","3":"status-publish","4":"has-post-thumbnail","6":"product_cat-tostadoras","7":"pa_tipos-tostadora-1-ranura","9":"first","10":"instock","11":"product-type-simple"},"yoast_head":"<!-- This site is optimized with the Yoast SEO Premium plugin v24.0 (Yoast SEO v26.5) - https:\/\/yoast.com\/wordpress\/plugins\/seo\/ -->\n<title>TOSTADORA NEGRA 2 PIEZAS 900w - K\u00fcken<\/title>\n<meta name=\"description\" content=\"Tostadora negra 2 piezas 900w k\u00fcken. Prepara tus tostadas cada d\u00eda de manera r\u00e1pida y f\u00e1cil. Especial para rebanada grande. Desc\u00fabrela aqu\u00ed.\" \/>\n<meta name=\"robots\" content=\"noindex, follow, max-snippet:-1, max-image-preview:large, max-video-preview:-1\" \/>\n<meta property=\"og:locale\" content=\"nl_NL\" \/>\n<meta property=\"og:type\" content=\"article\" \/>\n<meta property=\"og:title\" content=\"TOSTADORA NEGRA 2 PIEZAS 900w\" \/>\n<meta property=\"og:description\" content=\"Tostadora negra 2 piezas 900w k\u00fcken. Prepara tus tostadas cada d\u00eda de manera r\u00e1pida y f\u00e1cil. Especial para rebanada grande. Desc\u00fabrela aqu\u00ed.\" \/>\n<meta property=\"og:url\" content=\"https:\/\/kuken.alfadyser.dev\/nl\/product\/tostadora-plastico-2pc-grande-900w-negra\/\" \/>\n<meta property=\"og:site_name\" content=\"K\u00fcken\" \/>\n<meta property=\"article:publisher\" content=\"https:\/\/es-es.facebook.com\/alfadyser\/\" \/>\n<meta property=\"article:modified_time\" content=\"2025-07-31T09:36:40+00:00\" \/>\n<meta property=\"og:image\" content=\"https:\/\/kuken.alfadyser.dev\/wp-content\/uploads\/8425160350901_01.jpg\" \/>\n\t<meta property=\"og:image:width\" content=\"2000\" \/>\n\t<meta property=\"og:image:height\" content=\"2000\" \/>\n\t<meta property=\"og:image:type\" content=\"image\/jpeg\" \/>\n<meta name=\"twitter:card\" content=\"summary_large_image\" \/>\n<meta name=\"twitter:label1\" content=\"Prijs\" \/>\n\t<meta name=\"twitter:data1\" content=\"\" \/>\n\t<meta name=\"twitter:label2\" content=\"Beschikbaarheid\" \/>\n\t<meta name=\"twitter:data2\" content=\"Op voorraad\" \/>\n<script type=\"application\/ld+json\" class=\"yoast-schema-graph\">{\"@context\":\"https:\/\/schema.org\",\"@graph\":[{\"@type\":\"WebPage\",\"@id\":\"https:\/\/kuken.alfadyser.dev\/producto\/tostadora-plastico-2pc-grande-900w-negra\/\",\"url\":\"https:\/\/kuken.alfadyser.dev\/producto\/tostadora-plastico-2pc-grande-900w-negra\/\",\"name\":\"TOSTADORA NEGRA 2 PIEZAS 900w - K\u00fcken\",\"isPartOf\":{\"@id\":\"https:\/\/kuken.alfadyser.dev\/#website\"},\"primaryImageOfPage\":{\"@id\":\"https:\/\/kuken.alfadyser.dev\/producto\/tostadora-plastico-2pc-grande-900w-negra\/#primaryimage\"},\"image\":{\"@id\":\"https:\/\/kuken.alfadyser.dev\/producto\/tostadora-plastico-2pc-grande-900w-negra\/#primaryimage\"},\"thumbnailUrl\":\"https:\/\/kuken.alfadyser.dev\/wp-content\/uploads\/8425160350901_01.jpg\",\"datePublished\":\"2022-06-20T11:51:05+00:00\",\"dateModified\":\"2025-07-31T09:36:40+00:00\",\"description\":\"Tostadora negra 2 piezas 900w k\u00fcken. Prepara tus tostadas cada d\u00eda de manera r\u00e1pida y f\u00e1cil. Especial para rebanada grande. Desc\u00fabrela aqu\u00ed.\",\"breadcrumb\":{\"@id\":\"https:\/\/kuken.alfadyser.dev\/producto\/tostadora-plastico-2pc-grande-900w-negra\/#breadcrumb\"},\"inLanguage\":\"nl-NL\",\"potentialAction\":[{\"@type\":\"ReadAction\",\"target\":[\"https:\/\/kuken.alfadyser.dev\/producto\/tostadora-plastico-2pc-grande-900w-negra\/\"]}]},{\"@type\":\"ImageObject\",\"inLanguage\":\"nl-NL\",\"@id\":\"https:\/\/kuken.alfadyser.dev\/producto\/tostadora-plastico-2pc-grande-900w-negra\/#primaryimage\",\"url\":\"https:\/\/kuken.alfadyser.dev\/wp-content\/uploads\/8425160350901_01.jpg\",\"contentUrl\":\"https:\/\/kuken.alfadyser.dev\/wp-content\/uploads\/8425160350901_01.jpg\",\"width\":2000,\"height\":2000},{\"@type\":\"BreadcrumbList\",\"@id\":\"https:\/\/kuken.alfadyser.dev\/producto\/tostadora-plastico-2pc-grande-900w-negra\/#breadcrumb\",\"itemListElement\":[{\"@type\":\"ListItem\",\"position\":1,\"name\":\"Portada\",\"item\":\"https:\/\/kuken.alfadyser.dev\/\"},{\"@type\":\"ListItem\",\"position\":2,\"name\":\"Productos\",\"item\":\"https:\/\/kuken.alfadyser.dev\/productos\/\"},{\"@type\":\"ListItem\",\"position\":3,\"name\":\"TOSTADORA NEGRA 2 PIEZAS 900w\"}]},{\"@type\":\"WebSite\",\"@id\":\"https:\/\/kuken.alfadyser.dev\/#website\",\"url\":\"https:\/\/kuken.alfadyser.dev\/\",\"name\":\"K\u00fcken\",\"description\":\"Amplia gama de peque\u00f1o electrodom\u00e9stico k\u00fcken\",\"publisher\":{\"@id\":\"https:\/\/kuken.alfadyser.dev\/#organization\"},\"potentialAction\":[{\"@type\":\"SearchAction\",\"target\":{\"@type\":\"EntryPoint\",\"urlTemplate\":\"https:\/\/kuken.alfadyser.dev\/?s={search_term_string}\"},\"query-input\":{\"@type\":\"PropertyValueSpecification\",\"valueRequired\":true,\"valueName\":\"search_term_string\"}}],\"inLanguage\":\"nl-NL\"},{\"@type\":\"Organization\",\"@id\":\"https:\/\/kuken.alfadyser.dev\/#organization\",\"name\":\"Alfa Dyser\",\"url\":\"https:\/\/kuken.alfadyser.dev\/\",\"logo\":{\"@type\":\"ImageObject\",\"inLanguage\":\"nl-NL\",\"@id\":\"https:\/\/kuken.alfadyser.dev\/#\/schema\/logo\/image\/\",\"url\":\"https:\/\/kuken.alfadyser.dev\/wp-content\/uploads\/2019\/04\/kuken-logo.png\",\"contentUrl\":\"https:\/\/kuken.alfadyser.dev\/wp-content\/uploads\/2019\/04\/kuken-logo.png\",\"width\":500,\"height\":191,\"caption\":\"Alfa Dyser\"},\"image\":{\"@id\":\"https:\/\/kuken.alfadyser.dev\/#\/schema\/logo\/image\/\"},\"sameAs\":[\"https:\/\/es-es.facebook.com\/alfadyser\/\",\"https:\/\/www.instagram.com\/kuken_appliances\/\"]}]}<\/script>\n<meta property=\"product:price:currency\" content=\"EUR\" \/>\n<meta property=\"og:availability\" content=\"instock\" \/>\n<meta property=\"product:availability\" content=\"instock\" \/>\n<meta property=\"product:retailer_item_id\" content=\"35090\" \/>\n<meta property=\"product:condition\" content=\"new\" \/>\n<!-- \/ Yoast SEO Premium plugin. -->","yoast_head_json":{"title":"TOSTADORA NEGRA 2 PIEZAS 900w - K\u00fcken","description":"Tostadora negra 2 piezas 900w k\u00fcken. Prepara tus tostadas cada d\u00eda de manera r\u00e1pida y f\u00e1cil. Especial para rebanada grande. Desc\u00fabrela aqu\u00ed.","robots":{"index":"noindex","follow":"follow","max-snippet":"max-snippet:-1","max-image-preview":"max-image-preview:large","max-video-preview":"max-video-preview:-1"},"og_locale":"nl_NL","og_type":"article","og_title":"TOSTADORA NEGRA 2 PIEZAS 900w","og_description":"Tostadora negra 2 piezas 900w k\u00fcken. Prepara tus tostadas cada d\u00eda de manera r\u00e1pida y f\u00e1cil. Especial para rebanada grande. Desc\u00fabrela aqu\u00ed.","og_url":"https:\/\/kuken.alfadyser.dev\/nl\/product\/tostadora-plastico-2pc-grande-900w-negra\/","og_site_name":"K\u00fcken","article_publisher":"https:\/\/es-es.facebook.com\/alfadyser\/","article_modified_time":"2025-07-31T09:36:40+00:00","og_image":[{"width":2000,"height":2000,"url":"https:\/\/kuken.alfadyser.dev\/wp-content\/uploads\/8425160350901_01.jpg","type":"image\/jpeg"}],"twitter_card":"summary_large_image","twitter_misc":{"Prijs":"","Beschikbaarheid":"Op voorraad"},"schema":{"@context":"https:\/\/schema.org","@graph":[{"@type":"WebPage","@id":"https:\/\/kuken.alfadyser.dev\/producto\/tostadora-plastico-2pc-grande-900w-negra\/","url":"https:\/\/kuken.alfadyser.dev\/producto\/tostadora-plastico-2pc-grande-900w-negra\/","name":"TOSTADORA NEGRA 2 PIEZAS 900w - K\u00fcken","isPartOf":{"@id":"https:\/\/kuken.alfadyser.dev\/#website"},"primaryImageOfPage":{"@id":"https:\/\/kuken.alfadyser.dev\/producto\/tostadora-plastico-2pc-grande-900w-negra\/#primaryimage"},"image":{"@id":"https:\/\/kuken.alfadyser.dev\/producto\/tostadora-plastico-2pc-grande-900w-negra\/#primaryimage"},"thumbnailUrl":"https:\/\/kuken.alfadyser.dev\/wp-content\/uploads\/8425160350901_01.jpg","datePublished":"2022-06-20T11:51:05+00:00","dateModified":"2025-07-31T09:36:40+00:00","description":"Tostadora negra 2 piezas 900w k\u00fcken. Prepara tus tostadas cada d\u00eda de manera r\u00e1pida y f\u00e1cil. Especial para rebanada grande. Desc\u00fabrela aqu\u00ed.","breadcrumb":{"@id":"https:\/\/kuken.alfadyser.dev\/producto\/tostadora-plastico-2pc-grande-900w-negra\/#breadcrumb"},"inLanguage":"nl-NL","potentialAction":[{"@type":"ReadAction","target":["https:\/\/kuken.alfadyser.dev\/producto\/tostadora-plastico-2pc-grande-900w-negra\/"]}]},{"@type":"ImageObject","inLanguage":"nl-NL","@id":"https:\/\/kuken.alfadyser.dev\/producto\/tostadora-plastico-2pc-grande-900w-negra\/#primaryimage","url":"https:\/\/kuken.alfadyser.dev\/wp-content\/uploads\/8425160350901_01.jpg","contentUrl":"https:\/\/kuken.alfadyser.dev\/wp-content\/uploads\/8425160350901_01.jpg","width":2000,"height":2000},{"@type":"BreadcrumbList","@id":"https:\/\/kuken.alfadyser.dev\/producto\/tostadora-plastico-2pc-grande-900w-negra\/#breadcrumb","itemListElement":[{"@type":"ListItem","position":1,"name":"Portada","item":"https:\/\/kuken.alfadyser.dev\/"},{"@type":"ListItem","position":2,"name":"Productos","item":"https:\/\/kuken.alfadyser.dev\/productos\/"},{"@type":"ListItem","position":3,"name":"TOSTADORA NEGRA 2 PIEZAS 900w"}]},{"@type":"WebSite","@id":"https:\/\/kuken.alfadyser.dev\/#website","url":"https:\/\/kuken.alfadyser.dev\/","name":"K\u00fcken","description":"Uitgebreid assortiment kleine huishoudelijke apparaten van k\u00fcken","publisher":{"@id":"https:\/\/kuken.alfadyser.dev\/#organization"},"potentialAction":[{"@type":"SearchAction","target":{"@type":"EntryPoint","urlTemplate":"https:\/\/kuken.alfadyser.dev\/?s={search_term_string}"},"query-input":{"@type":"PropertyValueSpecification","valueRequired":true,"valueName":"search_term_string"}}],"inLanguage":"nl-NL"},{"@type":"Organization","@id":"https:\/\/kuken.alfadyser.dev\/#organization","name":"Alpha Dyser","url":"https:\/\/kuken.alfadyser.dev\/","logo":{"@type":"ImageObject","inLanguage":"nl-NL","@id":"https:\/\/kuken.alfadyser.dev\/#\/schema\/logo\/image\/","url":"https:\/\/kuken.alfadyser.dev\/wp-content\/uploads\/2019\/04\/kuken-logo.png","contentUrl":"https:\/\/kuken.alfadyser.dev\/wp-content\/uploads\/2019\/04\/kuken-logo.png","width":500,"height":191,"caption":"Alfa Dyser"},"image":{"@id":"https:\/\/kuken.alfadyser.dev\/#\/schema\/logo\/image\/"},"sameAs":["https:\/\/es-es.facebook.com\/alfadyser\/","https:\/\/www.instagram.com\/kuken_appliances\/"]}]},"product_price_currency":"EUR","og_availability":"instock","product_availability":"instock","product_retailer_item_id":"35090","product_condition":"new"},"_links":{"self":[{"href":"https:\/\/kuken.alfadyser.dev\/nl\/wp-json\/wp\/v2\/product\/9113","targetHints":{"allow":["GET"]}}],"collection":[{"href":"https:\/\/kuken.alfadyser.dev\/nl\/wp-json\/wp\/v2\/product"}],"about":[{"href":"https:\/\/kuken.alfadyser.dev\/nl\/wp-json\/wp\/v2\/types\/product"}],"wp:featuredmedia":[{"embeddable":true,"href":"https:\/\/kuken.alfadyser.dev\/nl\/wp-json\/wp\/v2\/media\/9115"}],"wp:attachment":[{"href":"https:\/\/kuken.alfadyser.dev\/nl\/wp-json\/wp\/v2\/media?parent=9113"}],"wp:term":[{"taxonomy":"product_brand","embeddable":true,"href":"https:\/\/kuken.alfadyser.dev\/nl\/wp-json\/wp\/v2\/product_brand?post=9113"},{"taxonomy":"product_cat","embeddable":true,"href":"https:\/\/kuken.alfadyser.dev\/nl\/wp-json\/wp\/v2\/product_cat?post=9113"},{"taxonomy":"product_tag","embeddable":true,"href":"https:\/\/kuken.alfadyser.dev\/nl\/wp-json\/wp\/v2\/product_tag?post=9113"}],"curies":[{"name":"wp","href":"https:\/\/api.w.org\/{rel}","templated":true}]}}