{"id":7806,"date":"2021-10-01T13:50:08","date_gmt":"2021-10-01T11:50:08","guid":{"rendered":"https:\/\/kuken.alfadyser.dev\/?post_type=product&#038;p=7806"},"modified":"2025-07-22T11:26:12","modified_gmt":"2025-07-22T09:26:12","slug":"plancha-de-vapor-suela-inoxidable-3000w-kuken","status":"publish","type":"product","link":"https:\/\/kuken.alfadyser.dev\/nl\/product\/plancha-de-vapor-suela-inoxidable-3000w-kuken\/","title":{"rendered":"PLANCHA DE VAPOR SUELA INOXIDABLE 3000W K\u00dcKEN"},"content":{"rendered":"<p>PLANCHA DE VAPOR SUELA INOXIDABLE 3000W K\u00dcKEN<\/p>\n<ul data-start=\"850\" data-end=\"1702\">\n<li data-start=\"850\" data-end=\"924\">\n<p data-start=\"852\" data-end=\"924\">Plancha de 3000 W de potencia, para un alisado r\u00e1pido y eficiente.<\/p>\n<\/li>\n<li data-start=\"925\" data-end=\"1001\">\n<p data-start=\"927\" data-end=\"1001\">Golpe de vapor de 140 g\/min, elimina arrugas profundas sin esfuerzo.<\/p>\n<\/li>\n<li data-start=\"1002\" data-end=\"1065\">\n<p data-start=\"1004\" data-end=\"1065\">Vapor continuo de 45 g\/min, para resultados homog\u00e9neos.<\/p>\n<\/li>\n<li data-start=\"1066\" data-end=\"1152\">\n<p data-start=\"1068\" data-end=\"1152\">Cuerpo de pl\u00e1stico con acabado en negro, rojo y gris, moderno y funcional.<\/p>\n<\/li>\n<li data-start=\"1153\" data-end=\"1218\">\n<p data-start=\"1155\" data-end=\"1218\">Selector de temperatura, ajustable a cada tipo de tejido.<\/p>\n<\/li>\n<li data-start=\"1219\" data-end=\"1271\">\n<p data-start=\"1221\" data-end=\"1271\">Funciones: vapor ON\/OFF y spray difusor.<\/p>\n<\/li>\n<li data-start=\"1272\" data-end=\"1353\">\n<p data-start=\"1274\" data-end=\"1353\">Autoapagado inteligente: 30 s en posici\u00f3n horizontal \/ 8 min en vertical.<\/p>\n<\/li>\n<li data-start=\"1354\" data-end=\"1416\">\n<p data-start=\"1356\" data-end=\"1416\">Punta perfilada, llega f\u00e1cilmente a zonas complicadas.<\/p>\n<\/li>\n<li data-start=\"1417\" data-end=\"1493\">\n<p data-start=\"1419\" data-end=\"1493\">Suela de acero inoxidable, ultra-deslizante y anti-ara\u00f1azos.<\/p>\n<\/li>\n<li data-start=\"1494\" data-end=\"1553\">\n<p data-start=\"1496\" data-end=\"1553\">Dep\u00f3sito de 350 ml, trasl\u00facido y de llenado r\u00e1pido.<\/p>\n<\/li>\n<li data-start=\"1554\" data-end=\"1613\">\n<p data-start=\"1556\" data-end=\"1613\">Asa ergon\u00f3mica confort, facilita su uso prolongado.<\/p>\n<\/li>\n<li data-start=\"1614\" data-end=\"1651\">\n<p data-start=\"1616\" data-end=\"1651\">Cable de 1,9 m con giro 360\u00b0.<\/p>\n<\/li>\n<li data-start=\"1652\" data-end=\"1702\">\n<p data-start=\"1654\" data-end=\"1702\">Sistema anti-cal, anti-goteo y autolimpieza.<\/p>\n<\/li>\n<\/ul>\n<p><div class=\"accordion\"><div class=\"mfn-acc accordion_wrapper  toggle\"><div class=\"question\"><div class=\"title\"><i class=\"icon-plus acc-icon-plus\" aria-hidden=\"true\"><\/i><i class=\"icon-minus acc-icon-minus\" aria-hidden=\"true\"><\/i>Productgegevens<\/div><div class=\"answer\">EAN 8425160341039<\/p>\n<p>PLANCHA DE VAPOR SUELA INOXIDABLE 3000W K\u00dcKEN<\/p>\n<p>Verpakkingseenheid 1<br \/>\nColor Negro, rojo y gris.<br \/>\nVerpakking Doos<br \/>\nPotencia 3000 W<br \/>\nSpanning 230 V<br \/>\nTankinhoud 350 ml<br \/>\nMateriaal PC<br \/>\nZool Roestvrij staal<br \/>\nGewicht 1,5 kg.<\/div><\/div>\n<\/div><\/div>\n<br \/>\n<div class=\"accordion\"><div class=\"mfn-acc accordion_wrapper  toggle\"><div class=\"question\"><div class=\"title\"><i class=\"icon-plus acc-icon-plus\" aria-hidden=\"true\"><\/i><i class=\"icon-minus acc-icon-minus\" aria-hidden=\"true\"><\/i>Accessoires<\/div><div class=\"answer\"><\/div><\/div>\n<\/div><\/div>\n<\/p>\n<div class=\"descargas-producto\"><a href=\"\/wp-content\/uploads\/pdf\/8425160339425_ficha_tecnica.pdf\" target=\"_blank\" rel=\"noopener noreferrer\"><br \/>\n<\/a><a href=\"https:\/\/kuken.alfadyser.dev\/wp-content\/uploads\/pdf\/8425160341039_ficha_tecnica.pdf\"><img loading=\"lazy\" decoding=\"async\" src=\"\/wp-content\/uploads\/2019\/12\/picto-descarrega.png\" alt=\"gegevensblad downloaden\" width=\"23\" height=\"16\" \/>Blad downloaden<\/a><a href=\"\/wp-content\/uploads\/pdf\/home\" target=\"_blank\" rel=\"noopener noreferrer\"><br \/>\n<\/a><a href=\"\/wp-content\/uploads\/pdf\/34103_instrucciones.pdf\"><img loading=\"lazy\" decoding=\"async\" src=\"\/wp-content\/uploads\/2019\/12\/picto-descarrega.png\" alt=\"handleiding downloaden\" width=\"23\" height=\"16\" \/>Handleiding downloaden<\/a><\/div>\n<div><\/div>\n<div><span style=\"color: #bf2121\">Volg ons op sociale media!<\/span><\/div>\n<div><a href=\"https:\/\/www.instagram.com\/kuken_appliances\/\">https:\/\/www.instagram.com\/kuken_appliances\/<\/a><\/div>\n<p><iframe loading=\"lazy\" title=\"Assortiment van borden K\u00fcken\" width=\"560\" height=\"315\" src=\"https:\/\/www.youtube.com\/embed\/MICNeF0ILKs?feature=oembed\" frameborder=\"0\" allow=\"accelerometer; autoplay; clipboard-write; encrypted-media; gyroscope; picture-in-picture; web-share\" referrerpolicy=\"strict-origin-when-cross-origin\" allowfullscreen><\/iframe><\/p>","protected":false},"excerpt":{"rendered":"<p data-start=\"519\" data-end=\"665\">Perfecta para un planchado eficaz y c\u00f3modo, esta plancha combina potencia, seguridad y suela ultra-deslizante para eliminar arrugas con facilidad.<\/p>\n<p data-start=\"667\" data-end=\"782\">","protected":false},"featured_media":7808,"template":"","meta":[],"product_brand":[],"product_cat":[207],"product_tag":[],"class_list":{"0":"post-7806","1":"product","2":"type-product","3":"status-publish","4":"has-post-thumbnail","6":"product_cat-planchas-vapor","8":"first","9":"instock","10":"shipping-taxable","11":"product-type-simple"},"yoast_head":"<!-- This site is optimized with the Yoast SEO Premium plugin v24.0 (Yoast SEO v26.5) - https:\/\/yoast.com\/wordpress\/plugins\/seo\/ -->\n<title>PLANCHA DE VAPOR SUELA INOXIDABLE 3000W K\u00dcKEN - K\u00fcken<\/title>\n<meta name=\"description\" content=\"Plancha de vapor suela inoxidable 3000w k\u00fcken, potente y segura. Suela ultra-deslizante, apagado autom\u00e1tico y vapor continuo para resultados perfectos.\" \/>\n<meta name=\"robots\" content=\"noindex, follow, max-snippet:-1, max-image-preview:large, max-video-preview:-1\" \/>\n<meta property=\"og:locale\" content=\"nl_NL\" \/>\n<meta property=\"og:type\" content=\"article\" \/>\n<meta property=\"og:title\" content=\"PLANCHA DE VAPOR SUELA INOXIDABLE 3000W K\u00dcKEN\" \/>\n<meta property=\"og:description\" content=\"Plancha de vapor suela inoxidable 3000w k\u00fcken, potente y segura. Suela ultra-deslizante, apagado autom\u00e1tico y vapor continuo para resultados perfectos.\" \/>\n<meta property=\"og:url\" content=\"https:\/\/kuken.alfadyser.dev\/nl\/product\/plancha-de-vapor-suela-inoxidable-3000w-kuken\/\" \/>\n<meta property=\"og:site_name\" content=\"K\u00fcken\" \/>\n<meta property=\"article:publisher\" content=\"https:\/\/es-es.facebook.com\/alfadyser\/\" \/>\n<meta property=\"article:modified_time\" content=\"2025-07-22T09:26:12+00:00\" \/>\n<meta property=\"og:image\" content=\"https:\/\/kuken.alfadyser.dev\/wp-content\/uploads\/8425160341039_01.jpg\" \/>\n\t<meta property=\"og:image:width\" content=\"2000\" \/>\n\t<meta property=\"og:image:height\" content=\"2000\" \/>\n\t<meta property=\"og:image:type\" content=\"image\/jpeg\" \/>\n<meta name=\"twitter:card\" content=\"summary_large_image\" \/>\n<meta name=\"twitter:label1\" content=\"Prijs\" \/>\n\t<meta name=\"twitter:data1\" content=\"\" \/>\n\t<meta name=\"twitter:label2\" content=\"Beschikbaarheid\" \/>\n\t<meta name=\"twitter:data2\" content=\"Op voorraad\" \/>\n<script type=\"application\/ld+json\" class=\"yoast-schema-graph\">{\"@context\":\"https:\/\/schema.org\",\"@graph\":[{\"@type\":\"WebPage\",\"@id\":\"https:\/\/kuken.alfadyser.dev\/producto\/plancha-de-vapor-suela-inoxidable-3000w-kuken\/\",\"url\":\"https:\/\/kuken.alfadyser.dev\/producto\/plancha-de-vapor-suela-inoxidable-3000w-kuken\/\",\"name\":\"PLANCHA DE VAPOR SUELA INOXIDABLE 3000W K\u00dcKEN - K\u00fcken\",\"isPartOf\":{\"@id\":\"https:\/\/kuken.alfadyser.dev\/#website\"},\"primaryImageOfPage\":{\"@id\":\"https:\/\/kuken.alfadyser.dev\/producto\/plancha-de-vapor-suela-inoxidable-3000w-kuken\/#primaryimage\"},\"image\":{\"@id\":\"https:\/\/kuken.alfadyser.dev\/producto\/plancha-de-vapor-suela-inoxidable-3000w-kuken\/#primaryimage\"},\"thumbnailUrl\":\"https:\/\/kuken.alfadyser.dev\/wp-content\/uploads\/8425160341039_01.jpg\",\"datePublished\":\"2021-10-01T11:50:08+00:00\",\"dateModified\":\"2025-07-22T09:26:12+00:00\",\"description\":\"Plancha de vapor suela inoxidable 3000w k\u00fcken, potente y segura. Suela ultra-deslizante, apagado autom\u00e1tico y vapor continuo para resultados perfectos.\",\"breadcrumb\":{\"@id\":\"https:\/\/kuken.alfadyser.dev\/producto\/plancha-de-vapor-suela-inoxidable-3000w-kuken\/#breadcrumb\"},\"inLanguage\":\"nl-NL\",\"potentialAction\":[{\"@type\":\"ReadAction\",\"target\":[\"https:\/\/kuken.alfadyser.dev\/producto\/plancha-de-vapor-suela-inoxidable-3000w-kuken\/\"]}]},{\"@type\":\"ImageObject\",\"inLanguage\":\"nl-NL\",\"@id\":\"https:\/\/kuken.alfadyser.dev\/producto\/plancha-de-vapor-suela-inoxidable-3000w-kuken\/#primaryimage\",\"url\":\"https:\/\/kuken.alfadyser.dev\/wp-content\/uploads\/8425160341039_01.jpg\",\"contentUrl\":\"https:\/\/kuken.alfadyser.dev\/wp-content\/uploads\/8425160341039_01.jpg\",\"width\":2000,\"height\":2000},{\"@type\":\"BreadcrumbList\",\"@id\":\"https:\/\/kuken.alfadyser.dev\/producto\/plancha-de-vapor-suela-inoxidable-3000w-kuken\/#breadcrumb\",\"itemListElement\":[{\"@type\":\"ListItem\",\"position\":1,\"name\":\"Portada\",\"item\":\"https:\/\/kuken.alfadyser.dev\/\"},{\"@type\":\"ListItem\",\"position\":2,\"name\":\"Productos\",\"item\":\"https:\/\/kuken.alfadyser.dev\/productos\/\"},{\"@type\":\"ListItem\",\"position\":3,\"name\":\"PLANCHA DE VAPOR SUELA INOXIDABLE 3000W K\u00dcKEN\"}]},{\"@type\":\"WebSite\",\"@id\":\"https:\/\/kuken.alfadyser.dev\/#website\",\"url\":\"https:\/\/kuken.alfadyser.dev\/\",\"name\":\"K\u00fcken\",\"description\":\"Amplia gama de peque\u00f1o electrodom\u00e9stico k\u00fcken\",\"publisher\":{\"@id\":\"https:\/\/kuken.alfadyser.dev\/#organization\"},\"potentialAction\":[{\"@type\":\"SearchAction\",\"target\":{\"@type\":\"EntryPoint\",\"urlTemplate\":\"https:\/\/kuken.alfadyser.dev\/?s={search_term_string}\"},\"query-input\":{\"@type\":\"PropertyValueSpecification\",\"valueRequired\":true,\"valueName\":\"search_term_string\"}}],\"inLanguage\":\"nl-NL\"},{\"@type\":\"Organization\",\"@id\":\"https:\/\/kuken.alfadyser.dev\/#organization\",\"name\":\"Alfa Dyser\",\"url\":\"https:\/\/kuken.alfadyser.dev\/\",\"logo\":{\"@type\":\"ImageObject\",\"inLanguage\":\"nl-NL\",\"@id\":\"https:\/\/kuken.alfadyser.dev\/#\/schema\/logo\/image\/\",\"url\":\"https:\/\/kuken.alfadyser.dev\/wp-content\/uploads\/2019\/04\/kuken-logo.png\",\"contentUrl\":\"https:\/\/kuken.alfadyser.dev\/wp-content\/uploads\/2019\/04\/kuken-logo.png\",\"width\":500,\"height\":191,\"caption\":\"Alfa Dyser\"},\"image\":{\"@id\":\"https:\/\/kuken.alfadyser.dev\/#\/schema\/logo\/image\/\"},\"sameAs\":[\"https:\/\/es-es.facebook.com\/alfadyser\/\",\"https:\/\/www.instagram.com\/kuken_appliances\/\"]}]}<\/script>\n<meta property=\"product:price:currency\" content=\"EUR\" \/>\n<meta property=\"og:availability\" content=\"instock\" \/>\n<meta property=\"product:availability\" content=\"instock\" \/>\n<meta property=\"product:retailer_item_id\" content=\"34103\" \/>\n<meta property=\"product:condition\" content=\"new\" \/>\n<!-- \/ Yoast SEO Premium plugin. -->","yoast_head_json":{"title":"PLANCHA DE VAPOR SUELA INOXIDABLE 3000W K\u00dcKEN - K\u00fcken","description":"Plancha de vapor suela inoxidable 3000w k\u00fcken, potente y segura. Suela ultra-deslizante, apagado autom\u00e1tico y vapor continuo para resultados perfectos.","robots":{"index":"noindex","follow":"follow","max-snippet":"max-snippet:-1","max-image-preview":"max-image-preview:large","max-video-preview":"max-video-preview:-1"},"og_locale":"nl_NL","og_type":"article","og_title":"PLANCHA DE VAPOR SUELA INOXIDABLE 3000W K\u00dcKEN","og_description":"Plancha de vapor suela inoxidable 3000w k\u00fcken, potente y segura. Suela ultra-deslizante, apagado autom\u00e1tico y vapor continuo para resultados perfectos.","og_url":"https:\/\/kuken.alfadyser.dev\/nl\/product\/plancha-de-vapor-suela-inoxidable-3000w-kuken\/","og_site_name":"K\u00fcken","article_publisher":"https:\/\/es-es.facebook.com\/alfadyser\/","article_modified_time":"2025-07-22T09:26:12+00:00","og_image":[{"width":2000,"height":2000,"url":"https:\/\/kuken.alfadyser.dev\/wp-content\/uploads\/8425160341039_01.jpg","type":"image\/jpeg"}],"twitter_card":"summary_large_image","twitter_misc":{"Prijs":"","Beschikbaarheid":"Op voorraad"},"schema":{"@context":"https:\/\/schema.org","@graph":[{"@type":"WebPage","@id":"https:\/\/kuken.alfadyser.dev\/producto\/plancha-de-vapor-suela-inoxidable-3000w-kuken\/","url":"https:\/\/kuken.alfadyser.dev\/producto\/plancha-de-vapor-suela-inoxidable-3000w-kuken\/","name":"PLANCHA DE VAPOR SUELA INOXIDABLE 3000W K\u00dcKEN - K\u00fcken","isPartOf":{"@id":"https:\/\/kuken.alfadyser.dev\/#website"},"primaryImageOfPage":{"@id":"https:\/\/kuken.alfadyser.dev\/producto\/plancha-de-vapor-suela-inoxidable-3000w-kuken\/#primaryimage"},"image":{"@id":"https:\/\/kuken.alfadyser.dev\/producto\/plancha-de-vapor-suela-inoxidable-3000w-kuken\/#primaryimage"},"thumbnailUrl":"https:\/\/kuken.alfadyser.dev\/wp-content\/uploads\/8425160341039_01.jpg","datePublished":"2021-10-01T11:50:08+00:00","dateModified":"2025-07-22T09:26:12+00:00","description":"Plancha de vapor suela inoxidable 3000w k\u00fcken, potente y segura. Suela ultra-deslizante, apagado autom\u00e1tico y vapor continuo para resultados perfectos.","breadcrumb":{"@id":"https:\/\/kuken.alfadyser.dev\/producto\/plancha-de-vapor-suela-inoxidable-3000w-kuken\/#breadcrumb"},"inLanguage":"nl-NL","potentialAction":[{"@type":"ReadAction","target":["https:\/\/kuken.alfadyser.dev\/producto\/plancha-de-vapor-suela-inoxidable-3000w-kuken\/"]}]},{"@type":"ImageObject","inLanguage":"nl-NL","@id":"https:\/\/kuken.alfadyser.dev\/producto\/plancha-de-vapor-suela-inoxidable-3000w-kuken\/#primaryimage","url":"https:\/\/kuken.alfadyser.dev\/wp-content\/uploads\/8425160341039_01.jpg","contentUrl":"https:\/\/kuken.alfadyser.dev\/wp-content\/uploads\/8425160341039_01.jpg","width":2000,"height":2000},{"@type":"BreadcrumbList","@id":"https:\/\/kuken.alfadyser.dev\/producto\/plancha-de-vapor-suela-inoxidable-3000w-kuken\/#breadcrumb","itemListElement":[{"@type":"ListItem","position":1,"name":"Portada","item":"https:\/\/kuken.alfadyser.dev\/"},{"@type":"ListItem","position":2,"name":"Productos","item":"https:\/\/kuken.alfadyser.dev\/productos\/"},{"@type":"ListItem","position":3,"name":"PLANCHA DE VAPOR SUELA INOXIDABLE 3000W K\u00dcKEN"}]},{"@type":"WebSite","@id":"https:\/\/kuken.alfadyser.dev\/#website","url":"https:\/\/kuken.alfadyser.dev\/","name":"K\u00fcken","description":"Uitgebreid assortiment kleine huishoudelijke apparaten van k\u00fcken","publisher":{"@id":"https:\/\/kuken.alfadyser.dev\/#organization"},"potentialAction":[{"@type":"SearchAction","target":{"@type":"EntryPoint","urlTemplate":"https:\/\/kuken.alfadyser.dev\/?s={search_term_string}"},"query-input":{"@type":"PropertyValueSpecification","valueRequired":true,"valueName":"search_term_string"}}],"inLanguage":"nl-NL"},{"@type":"Organization","@id":"https:\/\/kuken.alfadyser.dev\/#organization","name":"Alpha Dyser","url":"https:\/\/kuken.alfadyser.dev\/","logo":{"@type":"ImageObject","inLanguage":"nl-NL","@id":"https:\/\/kuken.alfadyser.dev\/#\/schema\/logo\/image\/","url":"https:\/\/kuken.alfadyser.dev\/wp-content\/uploads\/2019\/04\/kuken-logo.png","contentUrl":"https:\/\/kuken.alfadyser.dev\/wp-content\/uploads\/2019\/04\/kuken-logo.png","width":500,"height":191,"caption":"Alfa Dyser"},"image":{"@id":"https:\/\/kuken.alfadyser.dev\/#\/schema\/logo\/image\/"},"sameAs":["https:\/\/es-es.facebook.com\/alfadyser\/","https:\/\/www.instagram.com\/kuken_appliances\/"]}]},"product_price_currency":"EUR","og_availability":"instock","product_availability":"instock","product_retailer_item_id":"34103","product_condition":"new"},"_links":{"self":[{"href":"https:\/\/kuken.alfadyser.dev\/nl\/wp-json\/wp\/v2\/product\/7806","targetHints":{"allow":["GET"]}}],"collection":[{"href":"https:\/\/kuken.alfadyser.dev\/nl\/wp-json\/wp\/v2\/product"}],"about":[{"href":"https:\/\/kuken.alfadyser.dev\/nl\/wp-json\/wp\/v2\/types\/product"}],"wp:featuredmedia":[{"embeddable":true,"href":"https:\/\/kuken.alfadyser.dev\/nl\/wp-json\/wp\/v2\/media\/7808"}],"wp:attachment":[{"href":"https:\/\/kuken.alfadyser.dev\/nl\/wp-json\/wp\/v2\/media?parent=7806"}],"wp:term":[{"taxonomy":"product_brand","embeddable":true,"href":"https:\/\/kuken.alfadyser.dev\/nl\/wp-json\/wp\/v2\/product_brand?post=7806"},{"taxonomy":"product_cat","embeddable":true,"href":"https:\/\/kuken.alfadyser.dev\/nl\/wp-json\/wp\/v2\/product_cat?post=7806"},{"taxonomy":"product_tag","embeddable":true,"href":"https:\/\/kuken.alfadyser.dev\/nl\/wp-json\/wp\/v2\/product_tag?post=7806"}],"curies":[{"name":"wp","href":"https:\/\/api.w.org\/{rel}","templated":true}]}}