{"id":7408,"date":"2021-03-11T14:44:41","date_gmt":"2021-03-11T13:44:41","guid":{"rendered":"https:\/\/kuken.alfadyser.dev\/?post_type=product&#038;p=7408"},"modified":"2025-07-22T11:46:33","modified_gmt":"2025-07-22T09:46:33","slug":"afeitadora-corporal-barba-waterproof-3w-kuken","status":"publish","type":"product","link":"https:\/\/kuken.alfadyser.dev\/nl\/product\/afeitadora-corporal-barba-waterproof-3w-kuken\/","title":{"rendered":"K\u00dcKEN WATERDICHT SCHEERAPPARAAT VOOR LICHAAM EN BAARD 3W"},"content":{"rendered":"<p>K\u00dcKEN WATERDICHT SCHEERAPPARAAT VOOR LICHAAM EN BAARD 3W<\/p>\n<ul>\n<li data-start=\"848\" data-end=\"938\">\n<p data-start=\"850\" data-end=\"938\">Afeitadora corporal y de barba de 3 W, uso dom\u00e9stico con resultados profesionales.<\/p>\n<\/li>\n<li data-start=\"939\" data-end=\"1010\">\n<p data-start=\"941\" data-end=\"1010\">Sistema de corte de doble sentido, afeitado fluido y eficiente.<\/p>\n<\/li>\n<li data-start=\"1011\" data-end=\"1101\">\n<p data-start=\"1013\" data-end=\"1101\">Bater\u00eda de litio recargable, con 1,5 h de autonom\u00eda tras 5 horas de carga.<\/p>\n<\/li>\n<li data-start=\"1102\" data-end=\"1146\">\n<p data-start=\"1104\" data-end=\"1146\">Carga por USB, pr\u00e1ctica y universal.<\/p>\n<\/li>\n<li data-start=\"1147\" data-end=\"1212\">\n<p data-start=\"1149\" data-end=\"1212\">4 peines gu\u00eda, permiten un corte preciso y personalizado.<\/p>\n<\/li>\n<li data-start=\"1213\" data-end=\"1277\">\n<p data-start=\"1215\" data-end=\"1277\">Cuchillas de acero inoxidable, afilan sin da\u00f1ar la piel.<\/p>\n<\/li>\n<li data-start=\"1278\" data-end=\"1346\">\n<p data-start=\"1280\" data-end=\"1346\">Dise\u00f1o elegante, minimalista y funcional, c\u00f3modo de manejar.<\/p>\n<\/li>\n<li data-start=\"1347\" data-end=\"1414\">\n<p data-start=\"1349\" data-end=\"1414\">Waterproof IPX4, uso en seco o h\u00famedo, incluso en la ducha.<\/p>\n<\/li>\n<li data-start=\"1415\" data-end=\"1474\">\n<p data-start=\"1417\" data-end=\"1474\">Cabezal flotante, se adapta a cada zona del cuerpo.<\/p>\n<\/li>\n<li data-start=\"1475\" data-end=\"1531\">\n<p data-start=\"1477\" data-end=\"1531\">Afeita con facilidad incluso el vello m\u00e1s corto.<\/p>\n<\/li>\n<li data-start=\"1532\" data-end=\"1597\">\n<p data-start=\"1534\" data-end=\"1597\">Ideal para barba, pecho, axilas, piernas y zonas sensibles.<\/p>\n<\/li>\n<\/ul>\n<div class=\"accordion\"><div class=\"mfn-acc accordion_wrapper  toggle\"><div class=\"question\"><div class=\"title\"><i class=\"icon-plus acc-icon-plus\" aria-hidden=\"true\"><\/i><i class=\"icon-minus acc-icon-minus\" aria-hidden=\"true\"><\/i>Productgegevens<\/div><div class=\"answer\">EAN: 8425160343927<\/p>\n<p>K\u00dcKEN WATERDICHT SCHEERAPPARAAT VOOR LICHAAM EN BAARD 3W<\/p>\n<p>Eenheden: 1<br \/>\nKleur: Zwart en grijs<br \/>\nVerpakking: Gekleurde doos<br \/>\nVermogen: 3 W<br \/>\nSpanning: 230 V<br \/>\nMateriaal: Roestvrij staal\/PC<br \/>\nOplaadbaar: Ja<br \/>\n<div class=\"accordion\"><div class=\"mfn-acc accordion_wrapper  toggle\"><\/div><\/div>\n<div class=\"question\"><div class=\"title\"><i class=\"icon-plus acc-icon-plus\" aria-hidden=\"true\"><\/i><i class=\"icon-minus acc-icon-minus\" aria-hidden=\"true\"><\/i>Accessoires<\/div><div class=\"answer\"><\/div><\/div>\nBorstel + glijmiddel.<\/div><\/div>\n<\/div><\/div>\n\n<div class=\"descargas-producto\"><a href=\"https:\/\/kuken.alfadyser.dev\/wp-content\/uploads\/pdf\/8425160343927_ficha_tecnica.pdf\"><img loading=\"lazy\" decoding=\"async\" src=\"\/wp-content\/uploads\/2019\/12\/picto-descarrega.png\" alt=\"gegevensblad downloaden\" width=\"23\" height=\"16\" \/>Blad downloaden<\/a><br \/>\n<a href=\"\/wp-content\/uploads\/pdf\/34392_instruction_manuals.pdf\"><img loading=\"lazy\" decoding=\"async\" src=\"\/wp-content\/uploads\/2019\/12\/picto-descarrega.png\" alt=\"handleiding downloaden\" width=\"23\" height=\"16\" \/>Handleiding downloaden<\/a><\/div>\n<div><\/div>\n<div>\n<div><span style=\"color: #bf2121\">Volg ons op sociale media!<\/span><\/div>\n<div><a href=\"https:\/\/www.instagram.com\/kuken_appliances\/\">https:\/\/www.instagram.com\/kuken_appliances<\/a><\/div>\n<\/div>","protected":false},"excerpt":{"rendered":"<p data-start=\"521\" data-end=\"681\">Ideal para un afeitado corporal y facial eficaz, esta afeitadora ofrece precisi\u00f3n, comodidad y autonom\u00eda, incluso bajo la ducha gracias a su dise\u00f1o impermeable.<\/p>\n<p data-start=\"683\" data-end=\"780\">","protected":false},"featured_media":7409,"template":"","meta":[],"product_brand":[],"product_cat":[216],"product_tag":[],"class_list":{"0":"post-7408","1":"product","2":"type-product","3":"status-publish","4":"has-post-thumbnail","6":"product_cat-afeitadoras","8":"first","9":"instock","10":"shipping-taxable","11":"product-type-simple"},"yoast_head":"<!-- This site is optimized with the Yoast SEO Premium plugin v24.0 (Yoast SEO v26.5) - https:\/\/yoast.com\/wordpress\/plugins\/seo\/ -->\n<title>AFEITADORA CORPORAL\/BARBA WATERPROOF 3W K\u00dcKEN - K\u00fcken<\/title>\n<meta name=\"description\" content=\"Afeitadora con avanzado sistema de corte de doble sentido. perfecta para cortar el pelo corporal y la barba de manera profesional. kuken.es\" \/>\n<meta name=\"robots\" content=\"noindex, follow, max-snippet:-1, max-image-preview:large, max-video-preview:-1\" \/>\n<meta property=\"og:locale\" content=\"nl_NL\" \/>\n<meta property=\"og:type\" content=\"article\" \/>\n<meta property=\"og:title\" content=\"AFEITADORA CORPORAL\/BARBA WATERPROOF 3W K\u00dcKEN\" \/>\n<meta property=\"og:description\" content=\"Afeitadora con avanzado sistema de corte de doble sentido. perfecta para cortar el pelo corporal y la barba de manera profesional. kuken.es\" \/>\n<meta property=\"og:url\" content=\"https:\/\/kuken.alfadyser.dev\/nl\/product\/afeitadora-corporal-barba-waterproof-3w-kuken\/\" \/>\n<meta property=\"og:site_name\" content=\"K\u00fcken\" \/>\n<meta property=\"article:publisher\" content=\"https:\/\/es-es.facebook.com\/alfadyser\/\" \/>\n<meta property=\"article:modified_time\" content=\"2025-07-22T09:46:33+00:00\" \/>\n<meta property=\"og:image\" content=\"https:\/\/kuken.alfadyser.dev\/wp-content\/uploads\/8425160343927_01-scaled.jpg\" \/>\n\t<meta property=\"og:image:width\" content=\"2560\" \/>\n\t<meta property=\"og:image:height\" content=\"2560\" \/>\n\t<meta property=\"og:image:type\" content=\"image\/jpeg\" \/>\n<meta name=\"twitter:card\" content=\"summary_large_image\" \/>\n<meta name=\"twitter:label1\" content=\"Prijs\" \/>\n\t<meta name=\"twitter:data1\" content=\"\" \/>\n\t<meta name=\"twitter:label2\" content=\"Beschikbaarheid\" \/>\n\t<meta name=\"twitter:data2\" content=\"Op voorraad\" \/>\n<script type=\"application\/ld+json\" class=\"yoast-schema-graph\">{\"@context\":\"https:\/\/schema.org\",\"@graph\":[{\"@type\":\"WebPage\",\"@id\":\"https:\/\/kuken.alfadyser.dev\/producto\/afeitadora-corporal-barba-waterproof-3w-kuken\/\",\"url\":\"https:\/\/kuken.alfadyser.dev\/producto\/afeitadora-corporal-barba-waterproof-3w-kuken\/\",\"name\":\"AFEITADORA CORPORAL\/BARBA WATERPROOF 3W K\u00dcKEN - K\u00fcken\",\"isPartOf\":{\"@id\":\"https:\/\/kuken.alfadyser.dev\/#website\"},\"primaryImageOfPage\":{\"@id\":\"https:\/\/kuken.alfadyser.dev\/producto\/afeitadora-corporal-barba-waterproof-3w-kuken\/#primaryimage\"},\"image\":{\"@id\":\"https:\/\/kuken.alfadyser.dev\/producto\/afeitadora-corporal-barba-waterproof-3w-kuken\/#primaryimage\"},\"thumbnailUrl\":\"https:\/\/kuken.alfadyser.dev\/wp-content\/uploads\/8425160343927_01-scaled.jpg\",\"datePublished\":\"2021-03-11T13:44:41+00:00\",\"dateModified\":\"2025-07-22T09:46:33+00:00\",\"description\":\"Afeitadora con avanzado sistema de corte de doble sentido. perfecta para cortar el pelo corporal y la barba de manera profesional. kuken.es\",\"breadcrumb\":{\"@id\":\"https:\/\/kuken.alfadyser.dev\/producto\/afeitadora-corporal-barba-waterproof-3w-kuken\/#breadcrumb\"},\"inLanguage\":\"nl-NL\",\"potentialAction\":[{\"@type\":\"ReadAction\",\"target\":[\"https:\/\/kuken.alfadyser.dev\/producto\/afeitadora-corporal-barba-waterproof-3w-kuken\/\"]}]},{\"@type\":\"ImageObject\",\"inLanguage\":\"nl-NL\",\"@id\":\"https:\/\/kuken.alfadyser.dev\/producto\/afeitadora-corporal-barba-waterproof-3w-kuken\/#primaryimage\",\"url\":\"https:\/\/kuken.alfadyser.dev\/wp-content\/uploads\/8425160343927_01-scaled.jpg\",\"contentUrl\":\"https:\/\/kuken.alfadyser.dev\/wp-content\/uploads\/8425160343927_01-scaled.jpg\",\"width\":2560,\"height\":2560,\"caption\":\"Afeitadora corporal y barba recargable kuken\"},{\"@type\":\"BreadcrumbList\",\"@id\":\"https:\/\/kuken.alfadyser.dev\/producto\/afeitadora-corporal-barba-waterproof-3w-kuken\/#breadcrumb\",\"itemListElement\":[{\"@type\":\"ListItem\",\"position\":1,\"name\":\"Portada\",\"item\":\"https:\/\/kuken.alfadyser.dev\/\"},{\"@type\":\"ListItem\",\"position\":2,\"name\":\"Productos\",\"item\":\"https:\/\/kuken.alfadyser.dev\/productos\/\"},{\"@type\":\"ListItem\",\"position\":3,\"name\":\"AFEITADORA CORPORAL\/BARBA WATERPROOF 3W K\u00dcKEN\"}]},{\"@type\":\"WebSite\",\"@id\":\"https:\/\/kuken.alfadyser.dev\/#website\",\"url\":\"https:\/\/kuken.alfadyser.dev\/\",\"name\":\"K\u00fcken\",\"description\":\"Amplia gama de peque\u00f1o electrodom\u00e9stico k\u00fcken\",\"publisher\":{\"@id\":\"https:\/\/kuken.alfadyser.dev\/#organization\"},\"potentialAction\":[{\"@type\":\"SearchAction\",\"target\":{\"@type\":\"EntryPoint\",\"urlTemplate\":\"https:\/\/kuken.alfadyser.dev\/?s={search_term_string}\"},\"query-input\":{\"@type\":\"PropertyValueSpecification\",\"valueRequired\":true,\"valueName\":\"search_term_string\"}}],\"inLanguage\":\"nl-NL\"},{\"@type\":\"Organization\",\"@id\":\"https:\/\/kuken.alfadyser.dev\/#organization\",\"name\":\"Alfa Dyser\",\"url\":\"https:\/\/kuken.alfadyser.dev\/\",\"logo\":{\"@type\":\"ImageObject\",\"inLanguage\":\"nl-NL\",\"@id\":\"https:\/\/kuken.alfadyser.dev\/#\/schema\/logo\/image\/\",\"url\":\"https:\/\/kuken.alfadyser.dev\/wp-content\/uploads\/2019\/04\/kuken-logo.png\",\"contentUrl\":\"https:\/\/kuken.alfadyser.dev\/wp-content\/uploads\/2019\/04\/kuken-logo.png\",\"width\":500,\"height\":191,\"caption\":\"Alfa Dyser\"},\"image\":{\"@id\":\"https:\/\/kuken.alfadyser.dev\/#\/schema\/logo\/image\/\"},\"sameAs\":[\"https:\/\/es-es.facebook.com\/alfadyser\/\",\"https:\/\/www.instagram.com\/kuken_appliances\/\"]}]}<\/script>\n<meta property=\"product:price:currency\" content=\"EUR\" \/>\n<meta property=\"og:availability\" content=\"instock\" \/>\n<meta property=\"product:availability\" content=\"instock\" \/>\n<meta property=\"product:retailer_item_id\" content=\"34392\" \/>\n<meta property=\"product:condition\" content=\"new\" \/>\n<!-- \/ Yoast SEO Premium plugin. -->","yoast_head_json":{"title":"AFEITADORA CORPORAL\/BARBA WATERPROOF 3W K\u00dcKEN - K\u00fcken","description":"Afeitadora con avanzado sistema de corte de doble sentido. perfecta para cortar el pelo corporal y la barba de manera profesional. kuken.es","robots":{"index":"noindex","follow":"follow","max-snippet":"max-snippet:-1","max-image-preview":"max-image-preview:large","max-video-preview":"max-video-preview:-1"},"og_locale":"nl_NL","og_type":"article","og_title":"AFEITADORA CORPORAL\/BARBA WATERPROOF 3W K\u00dcKEN","og_description":"Afeitadora con avanzado sistema de corte de doble sentido. perfecta para cortar el pelo corporal y la barba de manera profesional. kuken.es","og_url":"https:\/\/kuken.alfadyser.dev\/nl\/product\/afeitadora-corporal-barba-waterproof-3w-kuken\/","og_site_name":"K\u00fcken","article_publisher":"https:\/\/es-es.facebook.com\/alfadyser\/","article_modified_time":"2025-07-22T09:46:33+00:00","og_image":[{"width":2560,"height":2560,"url":"https:\/\/kuken.alfadyser.dev\/wp-content\/uploads\/8425160343927_01-scaled.jpg","type":"image\/jpeg"}],"twitter_card":"summary_large_image","twitter_misc":{"Prijs":"","Beschikbaarheid":"Op voorraad"},"schema":{"@context":"https:\/\/schema.org","@graph":[{"@type":"WebPage","@id":"https:\/\/kuken.alfadyser.dev\/producto\/afeitadora-corporal-barba-waterproof-3w-kuken\/","url":"https:\/\/kuken.alfadyser.dev\/producto\/afeitadora-corporal-barba-waterproof-3w-kuken\/","name":"AFEITADORA CORPORAL\/BARBA WATERPROOF 3W K\u00dcKEN - K\u00fcken","isPartOf":{"@id":"https:\/\/kuken.alfadyser.dev\/#website"},"primaryImageOfPage":{"@id":"https:\/\/kuken.alfadyser.dev\/producto\/afeitadora-corporal-barba-waterproof-3w-kuken\/#primaryimage"},"image":{"@id":"https:\/\/kuken.alfadyser.dev\/producto\/afeitadora-corporal-barba-waterproof-3w-kuken\/#primaryimage"},"thumbnailUrl":"https:\/\/kuken.alfadyser.dev\/wp-content\/uploads\/8425160343927_01-scaled.jpg","datePublished":"2021-03-11T13:44:41+00:00","dateModified":"2025-07-22T09:46:33+00:00","description":"Afeitadora con avanzado sistema de corte de doble sentido. perfecta para cortar el pelo corporal y la barba de manera profesional. kuken.es","breadcrumb":{"@id":"https:\/\/kuken.alfadyser.dev\/producto\/afeitadora-corporal-barba-waterproof-3w-kuken\/#breadcrumb"},"inLanguage":"nl-NL","potentialAction":[{"@type":"ReadAction","target":["https:\/\/kuken.alfadyser.dev\/producto\/afeitadora-corporal-barba-waterproof-3w-kuken\/"]}]},{"@type":"ImageObject","inLanguage":"nl-NL","@id":"https:\/\/kuken.alfadyser.dev\/producto\/afeitadora-corporal-barba-waterproof-3w-kuken\/#primaryimage","url":"https:\/\/kuken.alfadyser.dev\/wp-content\/uploads\/8425160343927_01-scaled.jpg","contentUrl":"https:\/\/kuken.alfadyser.dev\/wp-content\/uploads\/8425160343927_01-scaled.jpg","width":2560,"height":2560,"caption":"Afeitadora corporal y barba recargable kuken"},{"@type":"BreadcrumbList","@id":"https:\/\/kuken.alfadyser.dev\/producto\/afeitadora-corporal-barba-waterproof-3w-kuken\/#breadcrumb","itemListElement":[{"@type":"ListItem","position":1,"name":"Portada","item":"https:\/\/kuken.alfadyser.dev\/"},{"@type":"ListItem","position":2,"name":"Productos","item":"https:\/\/kuken.alfadyser.dev\/productos\/"},{"@type":"ListItem","position":3,"name":"AFEITADORA CORPORAL\/BARBA WATERPROOF 3W K\u00dcKEN"}]},{"@type":"WebSite","@id":"https:\/\/kuken.alfadyser.dev\/#website","url":"https:\/\/kuken.alfadyser.dev\/","name":"K\u00fcken","description":"Uitgebreid assortiment kleine huishoudelijke apparaten van k\u00fcken","publisher":{"@id":"https:\/\/kuken.alfadyser.dev\/#organization"},"potentialAction":[{"@type":"SearchAction","target":{"@type":"EntryPoint","urlTemplate":"https:\/\/kuken.alfadyser.dev\/?s={search_term_string}"},"query-input":{"@type":"PropertyValueSpecification","valueRequired":true,"valueName":"search_term_string"}}],"inLanguage":"nl-NL"},{"@type":"Organization","@id":"https:\/\/kuken.alfadyser.dev\/#organization","name":"Alpha Dyser","url":"https:\/\/kuken.alfadyser.dev\/","logo":{"@type":"ImageObject","inLanguage":"nl-NL","@id":"https:\/\/kuken.alfadyser.dev\/#\/schema\/logo\/image\/","url":"https:\/\/kuken.alfadyser.dev\/wp-content\/uploads\/2019\/04\/kuken-logo.png","contentUrl":"https:\/\/kuken.alfadyser.dev\/wp-content\/uploads\/2019\/04\/kuken-logo.png","width":500,"height":191,"caption":"Alfa Dyser"},"image":{"@id":"https:\/\/kuken.alfadyser.dev\/#\/schema\/logo\/image\/"},"sameAs":["https:\/\/es-es.facebook.com\/alfadyser\/","https:\/\/www.instagram.com\/kuken_appliances\/"]}]},"product_price_currency":"EUR","og_availability":"instock","product_availability":"instock","product_retailer_item_id":"34392","product_condition":"new"},"_links":{"self":[{"href":"https:\/\/kuken.alfadyser.dev\/nl\/wp-json\/wp\/v2\/product\/7408","targetHints":{"allow":["GET"]}}],"collection":[{"href":"https:\/\/kuken.alfadyser.dev\/nl\/wp-json\/wp\/v2\/product"}],"about":[{"href":"https:\/\/kuken.alfadyser.dev\/nl\/wp-json\/wp\/v2\/types\/product"}],"wp:featuredmedia":[{"embeddable":true,"href":"https:\/\/kuken.alfadyser.dev\/nl\/wp-json\/wp\/v2\/media\/7409"}],"wp:attachment":[{"href":"https:\/\/kuken.alfadyser.dev\/nl\/wp-json\/wp\/v2\/media?parent=7408"}],"wp:term":[{"taxonomy":"product_brand","embeddable":true,"href":"https:\/\/kuken.alfadyser.dev\/nl\/wp-json\/wp\/v2\/product_brand?post=7408"},{"taxonomy":"product_cat","embeddable":true,"href":"https:\/\/kuken.alfadyser.dev\/nl\/wp-json\/wp\/v2\/product_cat?post=7408"},{"taxonomy":"product_tag","embeddable":true,"href":"https:\/\/kuken.alfadyser.dev\/nl\/wp-json\/wp\/v2\/product_tag?post=7408"}],"curies":[{"name":"wp","href":"https:\/\/api.w.org\/{rel}","templated":true}]}}