{"id":7386,"date":"2021-03-11T12:16:30","date_gmt":"2021-03-11T11:16:30","guid":{"rendered":"https:\/\/kuken.alfadyser.dev\/?post_type=product&#038;p=7386"},"modified":"2025-07-22T11:47:55","modified_gmt":"2025-07-22T09:47:55","slug":"cortapelo-con-cable-10w-profesional-kuken","status":"publish","type":"product","link":"https:\/\/kuken.alfadyser.dev\/nl\/product\/cortapelo-con-cable-10w-profesional-kuken\/","title":{"rendered":"K\u00dcKEN PROFESSIONELE TONDEUSE MET SNOER 10W"},"content":{"rendered":"<p>K\u00dcKEN PROFESSIONELE TONDEUSE MET SNOER 10W<\/p>\n<ul>\n<li data-start=\"864\" data-end=\"937\">\n<p data-start=\"866\" data-end=\"937\">Cortapelo profesional con cable de 10 W, ideal para uso continuo.<\/p>\n<\/li>\n<li data-start=\"938\" data-end=\"1016\">\n<p data-start=\"940\" data-end=\"1016\">Sistema de corte avanzado, potente y eficaz incluso con cabello denso.<\/p>\n<\/li>\n<li data-start=\"1017\" data-end=\"1096\">\n<p data-start=\"1019\" data-end=\"1096\">Incluye 4 peines gu\u00eda: 3 mm, 6 mm, 9 mm y 12 mm, para estilos a medida.<\/p>\n<\/li>\n<li data-start=\"1097\" data-end=\"1175\">\n<p data-start=\"1099\" data-end=\"1175\">Palanca lateral, ajusta la longitud y textura del corte con precisi\u00f3n.<\/p>\n<\/li>\n<li data-start=\"1176\" data-end=\"1236\">\n<p data-start=\"1178\" data-end=\"1236\">Dise\u00f1o ergon\u00f3mico, c\u00f3modo para sesiones prolongadas.<\/p>\n<\/li>\n<li data-start=\"1237\" data-end=\"1310\">\n<p data-start=\"1239\" data-end=\"1310\">Cuchillas de acero inoxidable, evitan tirones y protegen la piel.<\/p>\n<\/li>\n<li data-start=\"1311\" data-end=\"1385\">\n<p data-start=\"1313\" data-end=\"1385\">Peine y tijeras profesionales incluidos, para acabados detallados.<\/p>\n<\/li>\n<li data-start=\"1386\" data-end=\"1451\">\n<p data-start=\"1388\" data-end=\"1451\">Perfecto para cortes cl\u00e1sicos, degradados o retoques r\u00e1pidos.<\/p>\n<\/li>\n<li data-start=\"1452\" data-end=\"1514\">\n<p data-start=\"1454\" data-end=\"1514\">Recomendado para uso dom\u00e9stico exigente o profesional.<\/p>\n<\/li>\n<li data-start=\"1515\" data-end=\"1593\">\n<p data-start=\"1517\" data-end=\"1593\">Robusto, preciso y preparado para cortes de alta calidad sin complicaciones.<\/p>\n<\/li>\n<\/ul>\n<p><div class=\"accordion\"><div class=\"mfn-acc accordion_wrapper  toggle\"><div class=\"question\"><div class=\"title\"><i class=\"icon-plus acc-icon-plus\" aria-hidden=\"true\"><\/i><i class=\"icon-minus acc-icon-minus\" aria-hidden=\"true\"><\/i>Productgegevens<\/div><div class=\"answer\">EAN: 8425160371395<\/p>\n<p>K\u00dcKEN PROFESSIONELE TONDEUSE MET SNOER 10W<\/p>\n<p>Eenheden: 1<br \/>\nColor: Negro\/gris<br \/>\nVerpakking: Gekleurde doos<br \/>\nPotencia: 10 W<br \/>\nSpanning: 230 V<br \/>\nMateriaal: Roestvrij staal\/PC<br \/>\nACCESSOIRES: Olie en penseel.<\/div><\/div>\n<\/div><\/div>\n<br \/>\n<div class=\"accordion\"><div class=\"mfn-acc accordion_wrapper  toggle\"><div class=\"question\"><div class=\"title\"><i class=\"icon-plus acc-icon-plus\" aria-hidden=\"true\"><\/i><i class=\"icon-minus acc-icon-minus\" aria-hidden=\"true\"><\/i>Accessoires<\/div><div class=\"answer\">Borstel + glijmiddel.<\/div><\/div>\n<\/div><\/div>\n<\/p>\n<div class=\"descargas-producto\"><a href=\"https:\/\/kuken.alfadyser.dev\/wp-content\/uploads\/pdf\/8425160371395_ficha_tecnica.pdf\"><img loading=\"lazy\" decoding=\"async\" src=\"\/wp-content\/uploads\/2019\/12\/picto-descarrega.png\" alt=\"gegevensblad downloaden\" width=\"23\" height=\"16\" \/>Blad downloaden<\/a><br \/>\n<a href=\"\/wp-content\/uploads\/pdf\/37139_instruction_manuals-1.pdf\"><img loading=\"lazy\" decoding=\"async\" src=\"\/wp-content\/uploads\/2019\/12\/picto-descarrega.png\" alt=\"handleiding downloaden\" width=\"23\" height=\"16\" \/>Handleiding downloaden<\/a><\/div>\n<div><\/div>\n<div>\n<div><span style=\"color: #bf2121\">Volg ons op sociale media!<\/span><\/div>\n<div><a href=\"https:\/\/www.instagram.com\/kuken_appliances\/\">https:\/\/www.instagram.com\/kuken_appliances<\/a><\/div>\n<\/div>","protected":false},"excerpt":{"rendered":"<p data-start=\"530\" data-end=\"693\">Dise\u00f1ado para ofrecer resultados profesionales, este cortapelo con cable garantiza precisi\u00f3n, control y comodidad gracias a sus accesorios y cuchillas inoxidables.<\/p>\n<p data-start=\"695\" data-end=\"796\">","protected":false},"featured_media":7390,"template":"","meta":[],"product_brand":[],"product_cat":[215],"product_tag":[],"class_list":{"0":"post-7386","1":"product","2":"type-product","3":"status-publish","4":"has-post-thumbnail","6":"product_cat-cortapelos","8":"first","9":"instock","10":"shipping-taxable","11":"product-type-simple"},"yoast_head":"<!-- This site is optimized with the Yoast SEO Premium plugin v24.0 (Yoast SEO v26.5) - https:\/\/yoast.com\/wordpress\/plugins\/seo\/ -->\n<title>CORTAPELO CON CABLE 10W PROFESIONAL K\u00dcKEN - K\u00fcken<\/title>\n<meta name=\"description\" content=\"Cortapelo k\u00fcken de 10w con avanzado sistema de corte. perfecta para cortar el pelo de manera profesional. Visita la web de kuken.es\" \/>\n<meta name=\"robots\" content=\"noindex, follow, max-snippet:-1, max-image-preview:large, max-video-preview:-1\" \/>\n<meta property=\"og:locale\" content=\"nl_NL\" \/>\n<meta property=\"og:type\" content=\"article\" \/>\n<meta property=\"og:title\" content=\"CORTAPELO CON CABLE 10W PROFESIONAL K\u00dcKEN\" \/>\n<meta property=\"og:description\" content=\"Cortapelo k\u00fcken de 10w con avanzado sistema de corte. perfecta para cortar el pelo de manera profesional. Visita la web de kuken.es\" \/>\n<meta property=\"og:url\" content=\"https:\/\/kuken.alfadyser.dev\/nl\/product\/cortapelo-con-cable-10w-profesional-kuken\/\" \/>\n<meta property=\"og:site_name\" content=\"K\u00fcken\" \/>\n<meta property=\"article:publisher\" content=\"https:\/\/es-es.facebook.com\/alfadyser\/\" \/>\n<meta property=\"article:modified_time\" content=\"2025-07-22T09:47:55+00:00\" \/>\n<meta property=\"og:image\" content=\"https:\/\/kuken.alfadyser.dev\/wp-content\/uploads\/8425160371395_01-scaled.jpg\" \/>\n\t<meta property=\"og:image:width\" content=\"2560\" \/>\n\t<meta property=\"og:image:height\" content=\"2560\" \/>\n\t<meta property=\"og:image:type\" content=\"image\/jpeg\" \/>\n<meta name=\"twitter:card\" content=\"summary_large_image\" \/>\n<meta name=\"twitter:label1\" content=\"Prijs\" \/>\n\t<meta name=\"twitter:data1\" content=\"\" \/>\n\t<meta name=\"twitter:label2\" content=\"Beschikbaarheid\" \/>\n\t<meta name=\"twitter:data2\" content=\"Op voorraad\" \/>\n<script type=\"application\/ld+json\" class=\"yoast-schema-graph\">{\"@context\":\"https:\/\/schema.org\",\"@graph\":[{\"@type\":\"WebPage\",\"@id\":\"https:\/\/kuken.alfadyser.dev\/producto\/cortapelo-con-cable-10w-profesional-kuken\/\",\"url\":\"https:\/\/kuken.alfadyser.dev\/producto\/cortapelo-con-cable-10w-profesional-kuken\/\",\"name\":\"CORTAPELO CON CABLE 10W PROFESIONAL K\u00dcKEN - K\u00fcken\",\"isPartOf\":{\"@id\":\"https:\/\/kuken.alfadyser.dev\/#website\"},\"primaryImageOfPage\":{\"@id\":\"https:\/\/kuken.alfadyser.dev\/producto\/cortapelo-con-cable-10w-profesional-kuken\/#primaryimage\"},\"image\":{\"@id\":\"https:\/\/kuken.alfadyser.dev\/producto\/cortapelo-con-cable-10w-profesional-kuken\/#primaryimage\"},\"thumbnailUrl\":\"https:\/\/kuken.alfadyser.dev\/wp-content\/uploads\/8425160371395_01-scaled.jpg\",\"datePublished\":\"2021-03-11T11:16:30+00:00\",\"dateModified\":\"2025-07-22T09:47:55+00:00\",\"description\":\"Cortapelo k\u00fcken de 10w con avanzado sistema de corte. perfecta para cortar el pelo de manera profesional. Visita la web de kuken.es\",\"breadcrumb\":{\"@id\":\"https:\/\/kuken.alfadyser.dev\/producto\/cortapelo-con-cable-10w-profesional-kuken\/#breadcrumb\"},\"inLanguage\":\"nl-NL\",\"potentialAction\":[{\"@type\":\"ReadAction\",\"target\":[\"https:\/\/kuken.alfadyser.dev\/producto\/cortapelo-con-cable-10w-profesional-kuken\/\"]}]},{\"@type\":\"ImageObject\",\"inLanguage\":\"nl-NL\",\"@id\":\"https:\/\/kuken.alfadyser.dev\/producto\/cortapelo-con-cable-10w-profesional-kuken\/#primaryimage\",\"url\":\"https:\/\/kuken.alfadyser.dev\/wp-content\/uploads\/8425160371395_01-scaled.jpg\",\"contentUrl\":\"https:\/\/kuken.alfadyser.dev\/wp-content\/uploads\/8425160371395_01-scaled.jpg\",\"width\":2560,\"height\":2560,\"caption\":\"Cortapelo con cable 10w\"},{\"@type\":\"BreadcrumbList\",\"@id\":\"https:\/\/kuken.alfadyser.dev\/producto\/cortapelo-con-cable-10w-profesional-kuken\/#breadcrumb\",\"itemListElement\":[{\"@type\":\"ListItem\",\"position\":1,\"name\":\"Portada\",\"item\":\"https:\/\/kuken.alfadyser.dev\/\"},{\"@type\":\"ListItem\",\"position\":2,\"name\":\"Productos\",\"item\":\"https:\/\/kuken.alfadyser.dev\/productos\/\"},{\"@type\":\"ListItem\",\"position\":3,\"name\":\"CORTAPELO CON CABLE 10W PROFESIONAL K\u00dcKEN\"}]},{\"@type\":\"WebSite\",\"@id\":\"https:\/\/kuken.alfadyser.dev\/#website\",\"url\":\"https:\/\/kuken.alfadyser.dev\/\",\"name\":\"K\u00fcken\",\"description\":\"Amplia gama de peque\u00f1o electrodom\u00e9stico k\u00fcken\",\"publisher\":{\"@id\":\"https:\/\/kuken.alfadyser.dev\/#organization\"},\"potentialAction\":[{\"@type\":\"SearchAction\",\"target\":{\"@type\":\"EntryPoint\",\"urlTemplate\":\"https:\/\/kuken.alfadyser.dev\/?s={search_term_string}\"},\"query-input\":{\"@type\":\"PropertyValueSpecification\",\"valueRequired\":true,\"valueName\":\"search_term_string\"}}],\"inLanguage\":\"nl-NL\"},{\"@type\":\"Organization\",\"@id\":\"https:\/\/kuken.alfadyser.dev\/#organization\",\"name\":\"Alfa Dyser\",\"url\":\"https:\/\/kuken.alfadyser.dev\/\",\"logo\":{\"@type\":\"ImageObject\",\"inLanguage\":\"nl-NL\",\"@id\":\"https:\/\/kuken.alfadyser.dev\/#\/schema\/logo\/image\/\",\"url\":\"https:\/\/kuken.alfadyser.dev\/wp-content\/uploads\/2019\/04\/kuken-logo.png\",\"contentUrl\":\"https:\/\/kuken.alfadyser.dev\/wp-content\/uploads\/2019\/04\/kuken-logo.png\",\"width\":500,\"height\":191,\"caption\":\"Alfa Dyser\"},\"image\":{\"@id\":\"https:\/\/kuken.alfadyser.dev\/#\/schema\/logo\/image\/\"},\"sameAs\":[\"https:\/\/es-es.facebook.com\/alfadyser\/\",\"https:\/\/www.instagram.com\/kuken_appliances\/\"]}]}<\/script>\n<meta property=\"product:price:currency\" content=\"EUR\" \/>\n<meta property=\"og:availability\" content=\"instock\" \/>\n<meta property=\"product:availability\" content=\"instock\" \/>\n<meta property=\"product:retailer_item_id\" content=\"37139\" \/>\n<meta property=\"product:condition\" content=\"new\" \/>\n<!-- \/ Yoast SEO Premium plugin. -->","yoast_head_json":{"title":"CORTAPELO CON CABLE 10W PROFESIONAL K\u00dcKEN - K\u00fcken","description":"Cortapelo k\u00fcken de 10w con avanzado sistema de corte. perfecta para cortar el pelo de manera profesional. Visita la web de kuken.es","robots":{"index":"noindex","follow":"follow","max-snippet":"max-snippet:-1","max-image-preview":"max-image-preview:large","max-video-preview":"max-video-preview:-1"},"og_locale":"nl_NL","og_type":"article","og_title":"CORTAPELO CON CABLE 10W PROFESIONAL K\u00dcKEN","og_description":"Cortapelo k\u00fcken de 10w con avanzado sistema de corte. perfecta para cortar el pelo de manera profesional. Visita la web de kuken.es","og_url":"https:\/\/kuken.alfadyser.dev\/nl\/product\/cortapelo-con-cable-10w-profesional-kuken\/","og_site_name":"K\u00fcken","article_publisher":"https:\/\/es-es.facebook.com\/alfadyser\/","article_modified_time":"2025-07-22T09:47:55+00:00","og_image":[{"width":2560,"height":2560,"url":"https:\/\/kuken.alfadyser.dev\/wp-content\/uploads\/8425160371395_01-scaled.jpg","type":"image\/jpeg"}],"twitter_card":"summary_large_image","twitter_misc":{"Prijs":"","Beschikbaarheid":"Op voorraad"},"schema":{"@context":"https:\/\/schema.org","@graph":[{"@type":"WebPage","@id":"https:\/\/kuken.alfadyser.dev\/producto\/cortapelo-con-cable-10w-profesional-kuken\/","url":"https:\/\/kuken.alfadyser.dev\/producto\/cortapelo-con-cable-10w-profesional-kuken\/","name":"CORTAPELO CON CABLE 10W PROFESIONAL K\u00dcKEN - K\u00fcken","isPartOf":{"@id":"https:\/\/kuken.alfadyser.dev\/#website"},"primaryImageOfPage":{"@id":"https:\/\/kuken.alfadyser.dev\/producto\/cortapelo-con-cable-10w-profesional-kuken\/#primaryimage"},"image":{"@id":"https:\/\/kuken.alfadyser.dev\/producto\/cortapelo-con-cable-10w-profesional-kuken\/#primaryimage"},"thumbnailUrl":"https:\/\/kuken.alfadyser.dev\/wp-content\/uploads\/8425160371395_01-scaled.jpg","datePublished":"2021-03-11T11:16:30+00:00","dateModified":"2025-07-22T09:47:55+00:00","description":"Cortapelo k\u00fcken de 10w con avanzado sistema de corte. perfecta para cortar el pelo de manera profesional. Visita la web de kuken.es","breadcrumb":{"@id":"https:\/\/kuken.alfadyser.dev\/producto\/cortapelo-con-cable-10w-profesional-kuken\/#breadcrumb"},"inLanguage":"nl-NL","potentialAction":[{"@type":"ReadAction","target":["https:\/\/kuken.alfadyser.dev\/producto\/cortapelo-con-cable-10w-profesional-kuken\/"]}]},{"@type":"ImageObject","inLanguage":"nl-NL","@id":"https:\/\/kuken.alfadyser.dev\/producto\/cortapelo-con-cable-10w-profesional-kuken\/#primaryimage","url":"https:\/\/kuken.alfadyser.dev\/wp-content\/uploads\/8425160371395_01-scaled.jpg","contentUrl":"https:\/\/kuken.alfadyser.dev\/wp-content\/uploads\/8425160371395_01-scaled.jpg","width":2560,"height":2560,"caption":"Cortapelo con cable 10w"},{"@type":"BreadcrumbList","@id":"https:\/\/kuken.alfadyser.dev\/producto\/cortapelo-con-cable-10w-profesional-kuken\/#breadcrumb","itemListElement":[{"@type":"ListItem","position":1,"name":"Portada","item":"https:\/\/kuken.alfadyser.dev\/"},{"@type":"ListItem","position":2,"name":"Productos","item":"https:\/\/kuken.alfadyser.dev\/productos\/"},{"@type":"ListItem","position":3,"name":"CORTAPELO CON CABLE 10W PROFESIONAL K\u00dcKEN"}]},{"@type":"WebSite","@id":"https:\/\/kuken.alfadyser.dev\/#website","url":"https:\/\/kuken.alfadyser.dev\/","name":"K\u00fcken","description":"Uitgebreid assortiment kleine huishoudelijke apparaten van k\u00fcken","publisher":{"@id":"https:\/\/kuken.alfadyser.dev\/#organization"},"potentialAction":[{"@type":"SearchAction","target":{"@type":"EntryPoint","urlTemplate":"https:\/\/kuken.alfadyser.dev\/?s={search_term_string}"},"query-input":{"@type":"PropertyValueSpecification","valueRequired":true,"valueName":"search_term_string"}}],"inLanguage":"nl-NL"},{"@type":"Organization","@id":"https:\/\/kuken.alfadyser.dev\/#organization","name":"Alpha Dyser","url":"https:\/\/kuken.alfadyser.dev\/","logo":{"@type":"ImageObject","inLanguage":"nl-NL","@id":"https:\/\/kuken.alfadyser.dev\/#\/schema\/logo\/image\/","url":"https:\/\/kuken.alfadyser.dev\/wp-content\/uploads\/2019\/04\/kuken-logo.png","contentUrl":"https:\/\/kuken.alfadyser.dev\/wp-content\/uploads\/2019\/04\/kuken-logo.png","width":500,"height":191,"caption":"Alfa Dyser"},"image":{"@id":"https:\/\/kuken.alfadyser.dev\/#\/schema\/logo\/image\/"},"sameAs":["https:\/\/es-es.facebook.com\/alfadyser\/","https:\/\/www.instagram.com\/kuken_appliances\/"]}]},"product_price_currency":"EUR","og_availability":"instock","product_availability":"instock","product_retailer_item_id":"37139","product_condition":"new"},"_links":{"self":[{"href":"https:\/\/kuken.alfadyser.dev\/nl\/wp-json\/wp\/v2\/product\/7386","targetHints":{"allow":["GET"]}}],"collection":[{"href":"https:\/\/kuken.alfadyser.dev\/nl\/wp-json\/wp\/v2\/product"}],"about":[{"href":"https:\/\/kuken.alfadyser.dev\/nl\/wp-json\/wp\/v2\/types\/product"}],"wp:featuredmedia":[{"embeddable":true,"href":"https:\/\/kuken.alfadyser.dev\/nl\/wp-json\/wp\/v2\/media\/7390"}],"wp:attachment":[{"href":"https:\/\/kuken.alfadyser.dev\/nl\/wp-json\/wp\/v2\/media?parent=7386"}],"wp:term":[{"taxonomy":"product_brand","embeddable":true,"href":"https:\/\/kuken.alfadyser.dev\/nl\/wp-json\/wp\/v2\/product_brand?post=7386"},{"taxonomy":"product_cat","embeddable":true,"href":"https:\/\/kuken.alfadyser.dev\/nl\/wp-json\/wp\/v2\/product_cat?post=7386"},{"taxonomy":"product_tag","embeddable":true,"href":"https:\/\/kuken.alfadyser.dev\/nl\/wp-json\/wp\/v2\/product_tag?post=7386"}],"curies":[{"name":"wp","href":"https:\/\/api.w.org\/{rel}","templated":true}]}}