{"id":7379,"date":"2021-03-11T11:43:23","date_gmt":"2021-03-11T10:43:23","guid":{"rendered":"https:\/\/kuken.alfadyser.dev\/?post_type=product&#038;p=7379"},"modified":"2025-07-22T11:51:18","modified_gmt":"2025-07-22T09:51:18","slug":"baardtrimmer-batterij-3w-kuken","status":"publish","type":"product","link":"https:\/\/kuken.alfadyser.dev\/nl\/product\/baardtrimmer-batterij-3w-kuken\/","title":{"rendered":"HAAR-\/BAARDTRIMMER 3W ACCU K\u00dcKEN"},"content":{"rendered":"<p>HAAR-\/BAARDTRIMMER 3W ACCU K\u00dcKEN<\/p>\n<ul data-start=\"831\" data-end=\"1481\">\n<li data-start=\"831\" data-end=\"902\">\n<p data-start=\"833\" data-end=\"902\">Cortapelo y recortadora de barba de 3 W, ideal para uso diario.<\/p>\n<\/li>\n<li data-start=\"903\" data-end=\"970\">\n<p data-start=\"905\" data-end=\"970\">Recargable por USB, sin necesidad de cables durante el uso.<\/p>\n<\/li>\n<li data-start=\"971\" data-end=\"1035\">\n<p data-start=\"973\" data-end=\"1035\">Bater\u00eda de litio de 600 mAh, autonom\u00eda fiable y estable.<\/p>\n<\/li>\n<li data-start=\"1036\" data-end=\"1110\">\n<p data-start=\"1038\" data-end=\"1110\">Tiempo de carga de 10 horas, con indicador luminoso de estado.<\/p>\n<\/li>\n<li data-start=\"1111\" data-end=\"1167\">\n<p data-start=\"1113\" data-end=\"1167\">Incluye 4 peines gu\u00eda: 3 mm, 6 mm, 9 mm y 12 mm.<\/p>\n<\/li>\n<li data-start=\"1168\" data-end=\"1241\">\n<p data-start=\"1170\" data-end=\"1241\">Cuchillas de acero inoxidable, evitan tirones y protegen la piel.<\/p>\n<\/li>\n<li data-start=\"1242\" data-end=\"1308\">\n<p data-start=\"1244\" data-end=\"1308\">Dise\u00f1o elegante, sencillo y minimalista, f\u00e1cil de manejar.<\/p>\n<\/li>\n<li data-start=\"1309\" data-end=\"1372\">\n<p data-start=\"1311\" data-end=\"1372\">Afeitado suave y apurado, ideal para barba o contornos.<\/p>\n<\/li>\n<li data-start=\"1373\" data-end=\"1407\">\n<p data-start=\"1375\" data-end=\"1407\">Compacto, ligero y silencioso.<\/p>\n<\/li>\n<li data-start=\"1408\" data-end=\"1481\">\n<p data-start=\"1410\" data-end=\"1481\">Perfecto para quienes buscan un corte limpio y profesional en casa.<\/p>\n<\/li>\n<\/ul>\n<p><div class=\"accordion\"><div class=\"mfn-acc accordion_wrapper  toggle\"><div class=\"question\"><div class=\"title\"><i class=\"icon-plus acc-icon-plus\" aria-hidden=\"true\"><\/i><i class=\"icon-minus acc-icon-minus\" aria-hidden=\"true\"><\/i>Productgegevens<\/div><div class=\"answer\">EAN: 8425160354619<\/p>\n<p>HAAR-\/BAARDTRIMMER 3W ACCU K\u00dcKEN<\/p>\n<p>Eenheden: 1<br \/>\nKleur: Zwart<br \/>\nVerpakking: Gekleurde doos<br \/>\nVermogen: 3 W<br \/>\nSpanning: 230 V<br \/>\nMateriaal: Roestvrij staal\/PC<br \/>\nOplaadbaar: Ja<br \/>\nACCESSOIRES: Olie en penseel.<\/div><\/div>\n<\/div><\/div>\n<br \/>\n<div class=\"accordion\"><div class=\"mfn-acc accordion_wrapper  toggle\"><div class=\"question\"><div class=\"title\"><i class=\"icon-plus acc-icon-plus\" aria-hidden=\"true\"><\/i><i class=\"icon-minus acc-icon-minus\" aria-hidden=\"true\"><\/i>Accessoires<\/div><div class=\"answer\">Borstel + glijmiddel.<\/div><\/div>\n<\/div><\/div>\n<\/p>\n<div class=\"descargas-producto\"><a href=\"https:\/\/kuken.alfadyser.dev\/wp-content\/uploads\/pdf\/8425160354619_ficha_tecnica.pdf\"><img loading=\"lazy\" decoding=\"async\" src=\"\/wp-content\/uploads\/2019\/12\/picto-descarrega.png\" alt=\"gegevensblad downloaden\" width=\"23\" height=\"16\" \/>Blad downloaden<\/a><br \/>\n<a href=\"\/wp-content\/uploads\/pdf\/35461_instruction_manuals-1.pdf\"><img loading=\"lazy\" decoding=\"async\" src=\"\/wp-content\/uploads\/2019\/12\/picto-descarrega.png\" alt=\"handleiding downloaden\" width=\"23\" height=\"16\" \/>Handleiding downloaden<\/a><\/div>\n<div><\/div>\n<div>\n<div><span style=\"color: #bf2121\">Volg ons op sociale media!<\/span><\/div>\n<div><a href=\"https:\/\/www.instagram.com\/kuken_appliances\/\">https:\/\/www.instagram.com\/kuken_appliances<\/a><\/div>\n<\/div>","protected":false},"excerpt":{"rendered":"<p data-start=\"512\" data-end=\"676\">Una herramienta vers\u00e1til y elegante para el cuidado personal. Esta recortadora garantiza cortes definidos y afeitados suaves gracias a su bater\u00eda de larga duraci\u00f3n.<\/p>\n<p data-start=\"678\" data-end=\"763\">","protected":false},"featured_media":7380,"template":"","meta":[],"product_brand":[],"product_cat":[215],"product_tag":[],"class_list":{"0":"post-7379","1":"product","2":"type-product","3":"status-publish","4":"has-post-thumbnail","6":"product_cat-cortapelos","8":"first","9":"instock","10":"shipping-taxable","11":"product-type-simple"},"yoast_head":"<!-- This site is optimized with the Yoast SEO Premium plugin v24.0 (Yoast SEO v26.5) - https:\/\/yoast.com\/wordpress\/plugins\/seo\/ -->\n<title>CORTAPELO\/BARBA BATERIA 3W K\u00dcKEN - K\u00fcken<\/title>\n<meta name=\"description\" content=\"Cortapelo\/barba bater\u00eda 3w k\u00fcken, inal\u00e1mbrico, preciso y recargable por USB. Cuchillas inox, peines gu\u00eda y afeitado suave con autonom\u00eda profesional.\" \/>\n<meta name=\"robots\" content=\"noindex, follow, max-snippet:-1, max-image-preview:large, max-video-preview:-1\" \/>\n<meta property=\"og:locale\" content=\"nl_NL\" \/>\n<meta property=\"og:type\" content=\"article\" \/>\n<meta property=\"og:title\" content=\"CORTAPELO\/BARBA BATERIA 3W K\u00dcKEN\" \/>\n<meta property=\"og:description\" content=\"Cortapelo\/barba bater\u00eda 3w k\u00fcken, inal\u00e1mbrico, preciso y recargable por USB. Cuchillas inox, peines gu\u00eda y afeitado suave con autonom\u00eda profesional.\" \/>\n<meta property=\"og:url\" content=\"https:\/\/kuken.alfadyser.dev\/nl\/product\/baardtrimmer-batterij-3w-kuken\/\" \/>\n<meta property=\"og:site_name\" content=\"K\u00fcken\" \/>\n<meta property=\"article:publisher\" content=\"https:\/\/es-es.facebook.com\/alfadyser\/\" \/>\n<meta property=\"article:modified_time\" content=\"2025-07-22T09:51:18+00:00\" \/>\n<meta property=\"og:image\" content=\"https:\/\/kuken.alfadyser.dev\/wp-content\/uploads\/8425160354619_01-scaled.jpg\" \/>\n\t<meta property=\"og:image:width\" content=\"2560\" \/>\n\t<meta property=\"og:image:height\" content=\"2560\" \/>\n\t<meta property=\"og:image:type\" content=\"image\/jpeg\" \/>\n<meta name=\"twitter:card\" content=\"summary_large_image\" \/>\n<meta name=\"twitter:label1\" content=\"Prijs\" \/>\n\t<meta name=\"twitter:data1\" content=\"\" \/>\n\t<meta name=\"twitter:label2\" content=\"Beschikbaarheid\" \/>\n\t<meta name=\"twitter:data2\" content=\"Op voorraad\" \/>\n<script type=\"application\/ld+json\" class=\"yoast-schema-graph\">{\"@context\":\"https:\/\/schema.org\",\"@graph\":[{\"@type\":\"WebPage\",\"@id\":\"https:\/\/kuken.alfadyser.dev\/producto\/cortapelo-barba-bateria-3w-kuken\/\",\"url\":\"https:\/\/kuken.alfadyser.dev\/producto\/cortapelo-barba-bateria-3w-kuken\/\",\"name\":\"CORTAPELO\/BARBA BATERIA 3W K\u00dcKEN - K\u00fcken\",\"isPartOf\":{\"@id\":\"https:\/\/kuken.alfadyser.dev\/#website\"},\"primaryImageOfPage\":{\"@id\":\"https:\/\/kuken.alfadyser.dev\/producto\/cortapelo-barba-bateria-3w-kuken\/#primaryimage\"},\"image\":{\"@id\":\"https:\/\/kuken.alfadyser.dev\/producto\/cortapelo-barba-bateria-3w-kuken\/#primaryimage\"},\"thumbnailUrl\":\"https:\/\/kuken.alfadyser.dev\/wp-content\/uploads\/8425160354619_01-scaled.jpg\",\"datePublished\":\"2021-03-11T10:43:23+00:00\",\"dateModified\":\"2025-07-22T09:51:18+00:00\",\"description\":\"Cortapelo\/barba bater\u00eda 3w k\u00fcken, inal\u00e1mbrico, preciso y recargable por USB. Cuchillas inox, peines gu\u00eda y afeitado suave con autonom\u00eda profesional.\",\"breadcrumb\":{\"@id\":\"https:\/\/kuken.alfadyser.dev\/producto\/cortapelo-barba-bateria-3w-kuken\/#breadcrumb\"},\"inLanguage\":\"nl-NL\",\"potentialAction\":[{\"@type\":\"ReadAction\",\"target\":[\"https:\/\/kuken.alfadyser.dev\/producto\/cortapelo-barba-bateria-3w-kuken\/\"]}]},{\"@type\":\"ImageObject\",\"inLanguage\":\"nl-NL\",\"@id\":\"https:\/\/kuken.alfadyser.dev\/producto\/cortapelo-barba-bateria-3w-kuken\/#primaryimage\",\"url\":\"https:\/\/kuken.alfadyser.dev\/wp-content\/uploads\/8425160354619_01-scaled.jpg\",\"contentUrl\":\"https:\/\/kuken.alfadyser.dev\/wp-content\/uploads\/8425160354619_01-scaled.jpg\",\"width\":2560,\"height\":2560,\"caption\":\"Cortapelo y barbaba recargable\"},{\"@type\":\"BreadcrumbList\",\"@id\":\"https:\/\/kuken.alfadyser.dev\/producto\/cortapelo-barba-bateria-3w-kuken\/#breadcrumb\",\"itemListElement\":[{\"@type\":\"ListItem\",\"position\":1,\"name\":\"Portada\",\"item\":\"https:\/\/kuken.alfadyser.dev\/\"},{\"@type\":\"ListItem\",\"position\":2,\"name\":\"Productos\",\"item\":\"https:\/\/kuken.alfadyser.dev\/productos\/\"},{\"@type\":\"ListItem\",\"position\":3,\"name\":\"CORTAPELO\/BARBA BATERIA 3W K\u00dcKEN\"}]},{\"@type\":\"WebSite\",\"@id\":\"https:\/\/kuken.alfadyser.dev\/#website\",\"url\":\"https:\/\/kuken.alfadyser.dev\/\",\"name\":\"K\u00fcken\",\"description\":\"Amplia gama de peque\u00f1o electrodom\u00e9stico k\u00fcken\",\"publisher\":{\"@id\":\"https:\/\/kuken.alfadyser.dev\/#organization\"},\"potentialAction\":[{\"@type\":\"SearchAction\",\"target\":{\"@type\":\"EntryPoint\",\"urlTemplate\":\"https:\/\/kuken.alfadyser.dev\/?s={search_term_string}\"},\"query-input\":{\"@type\":\"PropertyValueSpecification\",\"valueRequired\":true,\"valueName\":\"search_term_string\"}}],\"inLanguage\":\"nl-NL\"},{\"@type\":\"Organization\",\"@id\":\"https:\/\/kuken.alfadyser.dev\/#organization\",\"name\":\"Alfa Dyser\",\"url\":\"https:\/\/kuken.alfadyser.dev\/\",\"logo\":{\"@type\":\"ImageObject\",\"inLanguage\":\"nl-NL\",\"@id\":\"https:\/\/kuken.alfadyser.dev\/#\/schema\/logo\/image\/\",\"url\":\"https:\/\/kuken.alfadyser.dev\/wp-content\/uploads\/2019\/04\/kuken-logo.png\",\"contentUrl\":\"https:\/\/kuken.alfadyser.dev\/wp-content\/uploads\/2019\/04\/kuken-logo.png\",\"width\":500,\"height\":191,\"caption\":\"Alfa Dyser\"},\"image\":{\"@id\":\"https:\/\/kuken.alfadyser.dev\/#\/schema\/logo\/image\/\"},\"sameAs\":[\"https:\/\/es-es.facebook.com\/alfadyser\/\",\"https:\/\/www.instagram.com\/kuken_appliances\/\"]}]}<\/script>\n<meta property=\"product:price:currency\" content=\"EUR\" \/>\n<meta property=\"og:availability\" content=\"instock\" \/>\n<meta property=\"product:availability\" content=\"instock\" \/>\n<meta property=\"product:retailer_item_id\" content=\"35461\" \/>\n<meta property=\"product:condition\" content=\"new\" \/>\n<!-- \/ Yoast SEO Premium plugin. -->","yoast_head_json":{"title":"HAAR-\/BAARDTRIMMER 3W ACCU K\u00dcKEN - K\u00fcken","description":"Cortapelo\/barba bater\u00eda 3w k\u00fcken, inal\u00e1mbrico, preciso y recargable por USB. Cuchillas inox, peines gu\u00eda y afeitado suave con autonom\u00eda profesional.","robots":{"index":"noindex","follow":"follow","max-snippet":"max-snippet:-1","max-image-preview":"max-image-preview:large","max-video-preview":"max-video-preview:-1"},"og_locale":"nl_NL","og_type":"article","og_title":"CORTAPELO\/BARBA BATERIA 3W K\u00dcKEN","og_description":"Cortapelo\/barba bater\u00eda 3w k\u00fcken, inal\u00e1mbrico, preciso y recargable por USB. Cuchillas inox, peines gu\u00eda y afeitado suave con autonom\u00eda profesional.","og_url":"https:\/\/kuken.alfadyser.dev\/nl\/product\/baardtrimmer-batterij-3w-kuken\/","og_site_name":"K\u00fcken","article_publisher":"https:\/\/es-es.facebook.com\/alfadyser\/","article_modified_time":"2025-07-22T09:51:18+00:00","og_image":[{"width":2560,"height":2560,"url":"https:\/\/kuken.alfadyser.dev\/wp-content\/uploads\/8425160354619_01-scaled.jpg","type":"image\/jpeg"}],"twitter_card":"summary_large_image","twitter_misc":{"Prijs":"","Beschikbaarheid":"Op voorraad"},"schema":{"@context":"https:\/\/schema.org","@graph":[{"@type":"WebPage","@id":"https:\/\/kuken.alfadyser.dev\/producto\/cortapelo-barba-bateria-3w-kuken\/","url":"https:\/\/kuken.alfadyser.dev\/producto\/cortapelo-barba-bateria-3w-kuken\/","name":"HAAR-\/BAARDTRIMMER 3W ACCU K\u00dcKEN - K\u00fcken","isPartOf":{"@id":"https:\/\/kuken.alfadyser.dev\/#website"},"primaryImageOfPage":{"@id":"https:\/\/kuken.alfadyser.dev\/producto\/cortapelo-barba-bateria-3w-kuken\/#primaryimage"},"image":{"@id":"https:\/\/kuken.alfadyser.dev\/producto\/cortapelo-barba-bateria-3w-kuken\/#primaryimage"},"thumbnailUrl":"https:\/\/kuken.alfadyser.dev\/wp-content\/uploads\/8425160354619_01-scaled.jpg","datePublished":"2021-03-11T10:43:23+00:00","dateModified":"2025-07-22T09:51:18+00:00","description":"Cortapelo\/barba bater\u00eda 3w k\u00fcken, inal\u00e1mbrico, preciso y recargable por USB. Cuchillas inox, peines gu\u00eda y afeitado suave con autonom\u00eda profesional.","breadcrumb":{"@id":"https:\/\/kuken.alfadyser.dev\/producto\/cortapelo-barba-bateria-3w-kuken\/#breadcrumb"},"inLanguage":"nl-NL","potentialAction":[{"@type":"ReadAction","target":["https:\/\/kuken.alfadyser.dev\/producto\/cortapelo-barba-bateria-3w-kuken\/"]}]},{"@type":"ImageObject","inLanguage":"nl-NL","@id":"https:\/\/kuken.alfadyser.dev\/producto\/cortapelo-barba-bateria-3w-kuken\/#primaryimage","url":"https:\/\/kuken.alfadyser.dev\/wp-content\/uploads\/8425160354619_01-scaled.jpg","contentUrl":"https:\/\/kuken.alfadyser.dev\/wp-content\/uploads\/8425160354619_01-scaled.jpg","width":2560,"height":2560,"caption":"Cortapelo y barbaba recargable"},{"@type":"BreadcrumbList","@id":"https:\/\/kuken.alfadyser.dev\/producto\/cortapelo-barba-bateria-3w-kuken\/#breadcrumb","itemListElement":[{"@type":"ListItem","position":1,"name":"Portada","item":"https:\/\/kuken.alfadyser.dev\/"},{"@type":"ListItem","position":2,"name":"Productos","item":"https:\/\/kuken.alfadyser.dev\/productos\/"},{"@type":"ListItem","position":3,"name":"CORTAPELO\/BARBA BATERIA 3W K\u00dcKEN"}]},{"@type":"WebSite","@id":"https:\/\/kuken.alfadyser.dev\/#website","url":"https:\/\/kuken.alfadyser.dev\/","name":"K\u00fcken","description":"Uitgebreid assortiment kleine huishoudelijke apparaten van k\u00fcken","publisher":{"@id":"https:\/\/kuken.alfadyser.dev\/#organization"},"potentialAction":[{"@type":"SearchAction","target":{"@type":"EntryPoint","urlTemplate":"https:\/\/kuken.alfadyser.dev\/?s={search_term_string}"},"query-input":{"@type":"PropertyValueSpecification","valueRequired":true,"valueName":"search_term_string"}}],"inLanguage":"nl-NL"},{"@type":"Organization","@id":"https:\/\/kuken.alfadyser.dev\/#organization","name":"Alpha Dyser","url":"https:\/\/kuken.alfadyser.dev\/","logo":{"@type":"ImageObject","inLanguage":"nl-NL","@id":"https:\/\/kuken.alfadyser.dev\/#\/schema\/logo\/image\/","url":"https:\/\/kuken.alfadyser.dev\/wp-content\/uploads\/2019\/04\/kuken-logo.png","contentUrl":"https:\/\/kuken.alfadyser.dev\/wp-content\/uploads\/2019\/04\/kuken-logo.png","width":500,"height":191,"caption":"Alfa Dyser"},"image":{"@id":"https:\/\/kuken.alfadyser.dev\/#\/schema\/logo\/image\/"},"sameAs":["https:\/\/es-es.facebook.com\/alfadyser\/","https:\/\/www.instagram.com\/kuken_appliances\/"]}]},"product_price_currency":"EUR","og_availability":"instock","product_availability":"instock","product_retailer_item_id":"35461","product_condition":"new"},"_links":{"self":[{"href":"https:\/\/kuken.alfadyser.dev\/nl\/wp-json\/wp\/v2\/product\/7379","targetHints":{"allow":["GET"]}}],"collection":[{"href":"https:\/\/kuken.alfadyser.dev\/nl\/wp-json\/wp\/v2\/product"}],"about":[{"href":"https:\/\/kuken.alfadyser.dev\/nl\/wp-json\/wp\/v2\/types\/product"}],"wp:featuredmedia":[{"embeddable":true,"href":"https:\/\/kuken.alfadyser.dev\/nl\/wp-json\/wp\/v2\/media\/7380"}],"wp:attachment":[{"href":"https:\/\/kuken.alfadyser.dev\/nl\/wp-json\/wp\/v2\/media?parent=7379"}],"wp:term":[{"taxonomy":"product_brand","embeddable":true,"href":"https:\/\/kuken.alfadyser.dev\/nl\/wp-json\/wp\/v2\/product_brand?post=7379"},{"taxonomy":"product_cat","embeddable":true,"href":"https:\/\/kuken.alfadyser.dev\/nl\/wp-json\/wp\/v2\/product_cat?post=7379"},{"taxonomy":"product_tag","embeddable":true,"href":"https:\/\/kuken.alfadyser.dev\/nl\/wp-json\/wp\/v2\/product_tag?post=7379"}],"curies":[{"name":"wp","href":"https:\/\/api.w.org\/{rel}","templated":true}]}}