{"id":7313,"date":"2021-03-09T10:04:28","date_gmt":"2021-03-09T09:04:28","guid":{"rendered":"https:\/\/kuken.alfadyser.dev\/?post_type=product&#038;p=7313"},"modified":"2025-07-22T12:48:17","modified_gmt":"2025-07-22T10:48:17","slug":"kuken-45w-kolom-ventilator","status":"publish","type":"product","link":"https:\/\/kuken.alfadyser.dev\/nl\/product\/kuken-45w-kolom-ventilator\/","title":{"rendered":"KOLOM VENTILATOR K\u00dcKEN 45W"},"content":{"rendered":"<p>KOLOM VENTILATOR K\u00dcKEN 45W<\/p>\n<ul data-start=\"830\" data-end=\"1605\">\n<li data-start=\"830\" data-end=\"909\">\n<p data-start=\"832\" data-end=\"909\">Ventilador de 45 W de potencia, ideal para refrescar espacios medianos.<\/p>\n<\/li>\n<li data-start=\"910\" data-end=\"983\">\n<p data-start=\"912\" data-end=\"983\">Fabricado en pl\u00e1stico ABS de alta resistencia, duradero y ligero.<\/p>\n<\/li>\n<li data-start=\"984\" data-end=\"1048\">\n<p data-start=\"986\" data-end=\"1048\">Oscilaci\u00f3n de 80\u00b0, distribuye el aire de forma uniforme.<\/p>\n<\/li>\n<li data-start=\"1049\" data-end=\"1119\">\n<p data-start=\"1051\" data-end=\"1119\">3 velocidades ajustables, adaptables a diferentes necesidades.<\/p>\n<\/li>\n<li data-start=\"1120\" data-end=\"1192\">\n<p data-start=\"1122\" data-end=\"1192\">Temporizador de hasta 120 minutos, perfecto para uso controlado.<\/p>\n<\/li>\n<li data-start=\"1193\" data-end=\"1268\">\n<p data-start=\"1195\" data-end=\"1268\">Rejillas de seguridad de 44 cm en ambos lados, delantera y trasera.<\/p>\n<\/li>\n<li data-start=\"1269\" data-end=\"1343\">\n<p data-start=\"1271\" data-end=\"1343\">Base antideslizante, aporta estabilidad durante el funcionamiento.<\/p>\n<\/li>\n<li data-start=\"1344\" data-end=\"1419\">\n<p data-start=\"1346\" data-end=\"1419\">Cable de alimentaci\u00f3n de 1,70 m, para mayor comodidad de ubicaci\u00f3n.<\/p>\n<\/li>\n<li data-start=\"1420\" data-end=\"1491\">\n<p data-start=\"1422\" data-end=\"1491\">Dise\u00f1o vertical y compacto, f\u00e1cil de integrar en cualquier entorno.<\/p>\n<\/li>\n<li data-start=\"1492\" data-end=\"1554\">\n<p data-start=\"1494\" data-end=\"1554\">Ideal para dormitorios, oficinas, comedores o salones.<\/p>\n<\/li>\n<li data-start=\"1555\" data-end=\"1605\">\n<p data-start=\"1557\" data-end=\"1605\">Aporta frescura de forma eficiente y silenciosa.<\/p>\n<\/li>\n<\/ul>\n<p><div class=\"accordion\"><div class=\"mfn-acc accordion_wrapper  toggle\"><div class=\"question\"><div class=\"title\"><i class=\"icon-plus acc-icon-plus\" aria-hidden=\"true\"><\/i><i class=\"icon-minus acc-icon-minus\" aria-hidden=\"true\"><\/i>Productgegevens<\/div><div class=\"answer\">EAN:8425160315184<\/p>\n<p>KOLOM VENTILATOR K\u00dcKEN 45W<\/p>\n<p>Eenheden: 1<br \/>\nKleur: Wit<br \/>\nVerpakking: Gekleurde doos<br \/>\nVermogen: 45 W<br \/>\nSpanning: 230 V<br \/>\nMateriaal: ABS kunststof<br \/>\nAntislipvoet: Ja<br \/>\nSnelheden: 3<br \/>\n<\/div><\/div>\n<\/div><\/div>\n<br \/>\n<div class=\"accordion\"><div class=\"mfn-acc accordion_wrapper  toggle\"><div class=\"question\"><div class=\"title\"><i class=\"icon-plus acc-icon-plus\" aria-hidden=\"true\"><\/i><i class=\"icon-minus acc-icon-minus\" aria-hidden=\"true\"><\/i>Accessoires<\/div><div class=\"answer\"><\/div><\/div>\n<\/div><\/div>\n<\/p>\n<div class=\"descargas-producto\"><a href=\"https:\/\/kuken.alfadyser.dev\/wp-content\/uploads\/pdf\/8425160315184_ficha_tecnica.pdf\"><img loading=\"lazy\" decoding=\"async\" src=\"\/wp-content\/uploads\/2019\/12\/picto-descarrega.png\" alt=\"gegevensblad downloaden\" width=\"23\" height=\"16\" \/>Blad downloaden<\/a><br \/>\n<a href=\"\/wp-content\/uploads\/pdf\/31518_instrucciones_new.pdf\"><img loading=\"lazy\" decoding=\"async\" src=\"\/wp-content\/uploads\/2019\/12\/picto-descarrega.png\" alt=\"handleiding downloaden\" width=\"23\" height=\"16\" \/>Handleiding downloaden<\/a><\/div>\n<div><\/div>\n<div><span style=\"color: #bf2121\">Volg ons op sociale media!<\/span><\/div>\n<div><a href=\"https:\/\/www.instagram.com\/kuken_appliances\/\">https:\/\/www.instagram.com\/kuken_appliances\/<\/a><\/div>\n<div><\/div>\n<p><iframe loading=\"lazy\" title=\"Ventilatoren Kuken\" width=\"560\" height=\"315\" src=\"https:\/\/www.youtube.com\/embed\/YiLHFxcebs0?feature=oembed\" frameborder=\"0\" allow=\"accelerometer; autoplay; clipboard-write; encrypted-media; gyroscope; picture-in-picture; web-share\" referrerpolicy=\"strict-origin-when-cross-origin\" allowfullscreen><\/iframe><\/p>","protected":false},"excerpt":{"rendered":"<p data-start=\"508\" data-end=\"664\">Compacto, silencioso y estable, este ventilador de columna es perfecto para mantener el aire en movimiento con seguridad y eficiencia en cualquier estancia.<\/p>\n<p data-start=\"666\" data-end=\"762\">","protected":false},"featured_media":7318,"template":"","meta":[],"product_brand":[],"product_cat":[223],"product_tag":[],"class_list":{"0":"post-7313","1":"product","2":"type-product","3":"status-publish","4":"has-post-thumbnail","6":"product_cat-ventiladores","8":"first","9":"instock","10":"shipping-taxable","11":"product-type-simple"},"yoast_head":"<!-- This site is optimized with the Yoast SEO Premium plugin v24.0 (Yoast SEO v26.5) - https:\/\/yoast.com\/wordpress\/plugins\/seo\/ -->\n<title>VENTILADOR DE COLUMNA K\u00dcKEN 45W - K\u00fcken<\/title>\n<meta name=\"description\" content=\"Ventilador de columna con un dise\u00f1o elegante y discreto. 45w de potencia, capaz de enfriar una habitaci\u00f3n entera. Visita la web de K\u00fcken.\" \/>\n<meta name=\"robots\" content=\"noindex, follow, max-snippet:-1, max-image-preview:large, max-video-preview:-1\" \/>\n<meta property=\"og:locale\" content=\"nl_NL\" \/>\n<meta property=\"og:type\" content=\"article\" \/>\n<meta property=\"og:title\" content=\"VENTILADOR DE COLUMNA K\u00dcKEN 45W\" \/>\n<meta property=\"og:description\" content=\"Ventilador de columna con un dise\u00f1o elegante y discreto. 45w de potencia, capaz de enfriar una habitaci\u00f3n entera. Visita la web de K\u00fcken.\" \/>\n<meta property=\"og:url\" content=\"https:\/\/kuken.alfadyser.dev\/nl\/product\/kuken-45w-kolom-ventilator\/\" \/>\n<meta property=\"og:site_name\" content=\"K\u00fcken\" \/>\n<meta property=\"article:publisher\" content=\"https:\/\/es-es.facebook.com\/alfadyser\/\" \/>\n<meta property=\"article:modified_time\" content=\"2025-07-22T10:48:17+00:00\" \/>\n<meta property=\"og:image\" content=\"https:\/\/kuken.alfadyser.dev\/wp-content\/uploads\/8425160315184_01.jpg\" \/>\n\t<meta property=\"og:image:width\" content=\"2000\" \/>\n\t<meta property=\"og:image:height\" content=\"2000\" \/>\n\t<meta property=\"og:image:type\" content=\"image\/jpeg\" \/>\n<meta name=\"twitter:card\" content=\"summary_large_image\" \/>\n<meta name=\"twitter:label1\" content=\"Prijs\" \/>\n\t<meta name=\"twitter:data1\" content=\"\" \/>\n\t<meta name=\"twitter:label2\" content=\"Beschikbaarheid\" \/>\n\t<meta name=\"twitter:data2\" content=\"Op voorraad\" \/>\n<script type=\"application\/ld+json\" class=\"yoast-schema-graph\">{\"@context\":\"https:\/\/schema.org\",\"@graph\":[{\"@type\":\"WebPage\",\"@id\":\"https:\/\/kuken.alfadyser.dev\/producto\/ventilador-de-columna-kuken-45w\/\",\"url\":\"https:\/\/kuken.alfadyser.dev\/producto\/ventilador-de-columna-kuken-45w\/\",\"name\":\"VENTILADOR DE COLUMNA K\u00dcKEN 45W - K\u00fcken\",\"isPartOf\":{\"@id\":\"https:\/\/kuken.alfadyser.dev\/#website\"},\"primaryImageOfPage\":{\"@id\":\"https:\/\/kuken.alfadyser.dev\/producto\/ventilador-de-columna-kuken-45w\/#primaryimage\"},\"image\":{\"@id\":\"https:\/\/kuken.alfadyser.dev\/producto\/ventilador-de-columna-kuken-45w\/#primaryimage\"},\"thumbnailUrl\":\"https:\/\/kuken.alfadyser.dev\/wp-content\/uploads\/8425160315184_01.jpg\",\"datePublished\":\"2021-03-09T09:04:28+00:00\",\"dateModified\":\"2025-07-22T10:48:17+00:00\",\"description\":\"Ventilador de columna con un dise\u00f1o elegante y discreto. 45w de potencia, capaz de enfriar una habitaci\u00f3n entera. Visita la web de K\u00fcken.\",\"breadcrumb\":{\"@id\":\"https:\/\/kuken.alfadyser.dev\/producto\/ventilador-de-columna-kuken-45w\/#breadcrumb\"},\"inLanguage\":\"nl-NL\",\"potentialAction\":[{\"@type\":\"ReadAction\",\"target\":[\"https:\/\/kuken.alfadyser.dev\/producto\/ventilador-de-columna-kuken-45w\/\"]}]},{\"@type\":\"ImageObject\",\"inLanguage\":\"nl-NL\",\"@id\":\"https:\/\/kuken.alfadyser.dev\/producto\/ventilador-de-columna-kuken-45w\/#primaryimage\",\"url\":\"https:\/\/kuken.alfadyser.dev\/wp-content\/uploads\/8425160315184_01.jpg\",\"contentUrl\":\"https:\/\/kuken.alfadyser.dev\/wp-content\/uploads\/8425160315184_01.jpg\",\"width\":2000,\"height\":2000,\"caption\":\"Ventilador de columna K\u00fcken de 45W\"},{\"@type\":\"BreadcrumbList\",\"@id\":\"https:\/\/kuken.alfadyser.dev\/producto\/ventilador-de-columna-kuken-45w\/#breadcrumb\",\"itemListElement\":[{\"@type\":\"ListItem\",\"position\":1,\"name\":\"Portada\",\"item\":\"https:\/\/kuken.alfadyser.dev\/\"},{\"@type\":\"ListItem\",\"position\":2,\"name\":\"Productos\",\"item\":\"https:\/\/kuken.alfadyser.dev\/productos\/\"},{\"@type\":\"ListItem\",\"position\":3,\"name\":\"VENTILADOR DE COLUMNA K\u00dcKEN 45W\"}]},{\"@type\":\"WebSite\",\"@id\":\"https:\/\/kuken.alfadyser.dev\/#website\",\"url\":\"https:\/\/kuken.alfadyser.dev\/\",\"name\":\"K\u00fcken\",\"description\":\"Amplia gama de peque\u00f1o electrodom\u00e9stico k\u00fcken\",\"publisher\":{\"@id\":\"https:\/\/kuken.alfadyser.dev\/#organization\"},\"potentialAction\":[{\"@type\":\"SearchAction\",\"target\":{\"@type\":\"EntryPoint\",\"urlTemplate\":\"https:\/\/kuken.alfadyser.dev\/?s={search_term_string}\"},\"query-input\":{\"@type\":\"PropertyValueSpecification\",\"valueRequired\":true,\"valueName\":\"search_term_string\"}}],\"inLanguage\":\"nl-NL\"},{\"@type\":\"Organization\",\"@id\":\"https:\/\/kuken.alfadyser.dev\/#organization\",\"name\":\"Alfa Dyser\",\"url\":\"https:\/\/kuken.alfadyser.dev\/\",\"logo\":{\"@type\":\"ImageObject\",\"inLanguage\":\"nl-NL\",\"@id\":\"https:\/\/kuken.alfadyser.dev\/#\/schema\/logo\/image\/\",\"url\":\"https:\/\/kuken.alfadyser.dev\/wp-content\/uploads\/2019\/04\/kuken-logo.png\",\"contentUrl\":\"https:\/\/kuken.alfadyser.dev\/wp-content\/uploads\/2019\/04\/kuken-logo.png\",\"width\":500,\"height\":191,\"caption\":\"Alfa Dyser\"},\"image\":{\"@id\":\"https:\/\/kuken.alfadyser.dev\/#\/schema\/logo\/image\/\"},\"sameAs\":[\"https:\/\/es-es.facebook.com\/alfadyser\/\",\"https:\/\/www.instagram.com\/kuken_appliances\/\"]}]}<\/script>\n<meta property=\"product:price:currency\" content=\"EUR\" \/>\n<meta property=\"og:availability\" content=\"instock\" \/>\n<meta property=\"product:availability\" content=\"instock\" \/>\n<meta property=\"product:retailer_item_id\" content=\"31518\" \/>\n<meta property=\"product:condition\" content=\"new\" \/>\n<!-- \/ Yoast SEO Premium plugin. -->","yoast_head_json":{"title":"K\u00dcKEN 45W KOLOMVENTILATOR - K\u00fcken","description":"Kolomventilator met een elegant en discreet ontwerp. 45W vermogen, in staat om een hele kamer te koelen. Bezoek de K\u00fcken website.","robots":{"index":"noindex","follow":"follow","max-snippet":"max-snippet:-1","max-image-preview":"max-image-preview:large","max-video-preview":"max-video-preview:-1"},"og_locale":"nl_NL","og_type":"article","og_title":"VENTILADOR DE COLUMNA K\u00dcKEN 45W","og_description":"Ventilador de columna con un dise\u00f1o elegante y discreto. 45w de potencia, capaz de enfriar una habitaci\u00f3n entera. Visita la web de K\u00fcken.","og_url":"https:\/\/kuken.alfadyser.dev\/nl\/product\/kuken-45w-kolom-ventilator\/","og_site_name":"K\u00fcken","article_publisher":"https:\/\/es-es.facebook.com\/alfadyser\/","article_modified_time":"2025-07-22T10:48:17+00:00","og_image":[{"width":2000,"height":2000,"url":"https:\/\/kuken.alfadyser.dev\/wp-content\/uploads\/8425160315184_01.jpg","type":"image\/jpeg"}],"twitter_card":"summary_large_image","twitter_misc":{"Prijs":"","Beschikbaarheid":"Op voorraad"},"schema":{"@context":"https:\/\/schema.org","@graph":[{"@type":"WebPage","@id":"https:\/\/kuken.alfadyser.dev\/producto\/ventilador-de-columna-kuken-45w\/","url":"https:\/\/kuken.alfadyser.dev\/producto\/ventilador-de-columna-kuken-45w\/","name":"K\u00dcKEN 45W KOLOMVENTILATOR - K\u00fcken","isPartOf":{"@id":"https:\/\/kuken.alfadyser.dev\/#website"},"primaryImageOfPage":{"@id":"https:\/\/kuken.alfadyser.dev\/producto\/ventilador-de-columna-kuken-45w\/#primaryimage"},"image":{"@id":"https:\/\/kuken.alfadyser.dev\/producto\/ventilador-de-columna-kuken-45w\/#primaryimage"},"thumbnailUrl":"https:\/\/kuken.alfadyser.dev\/wp-content\/uploads\/8425160315184_01.jpg","datePublished":"2021-03-09T09:04:28+00:00","dateModified":"2025-07-22T10:48:17+00:00","description":"Kolomventilator met een elegant en discreet ontwerp. 45W vermogen, in staat om een hele kamer te koelen. Bezoek de K\u00fcken website.","breadcrumb":{"@id":"https:\/\/kuken.alfadyser.dev\/producto\/ventilador-de-columna-kuken-45w\/#breadcrumb"},"inLanguage":"nl-NL","potentialAction":[{"@type":"ReadAction","target":["https:\/\/kuken.alfadyser.dev\/producto\/ventilador-de-columna-kuken-45w\/"]}]},{"@type":"ImageObject","inLanguage":"nl-NL","@id":"https:\/\/kuken.alfadyser.dev\/producto\/ventilador-de-columna-kuken-45w\/#primaryimage","url":"https:\/\/kuken.alfadyser.dev\/wp-content\/uploads\/8425160315184_01.jpg","contentUrl":"https:\/\/kuken.alfadyser.dev\/wp-content\/uploads\/8425160315184_01.jpg","width":2000,"height":2000,"caption":"Ventilador de columna K\u00fcken de 45W"},{"@type":"BreadcrumbList","@id":"https:\/\/kuken.alfadyser.dev\/producto\/ventilador-de-columna-kuken-45w\/#breadcrumb","itemListElement":[{"@type":"ListItem","position":1,"name":"Portada","item":"https:\/\/kuken.alfadyser.dev\/"},{"@type":"ListItem","position":2,"name":"Productos","item":"https:\/\/kuken.alfadyser.dev\/productos\/"},{"@type":"ListItem","position":3,"name":"VENTILADOR DE COLUMNA K\u00dcKEN 45W"}]},{"@type":"WebSite","@id":"https:\/\/kuken.alfadyser.dev\/#website","url":"https:\/\/kuken.alfadyser.dev\/","name":"K\u00fcken","description":"Uitgebreid assortiment kleine huishoudelijke apparaten van k\u00fcken","publisher":{"@id":"https:\/\/kuken.alfadyser.dev\/#organization"},"potentialAction":[{"@type":"SearchAction","target":{"@type":"EntryPoint","urlTemplate":"https:\/\/kuken.alfadyser.dev\/?s={search_term_string}"},"query-input":{"@type":"PropertyValueSpecification","valueRequired":true,"valueName":"search_term_string"}}],"inLanguage":"nl-NL"},{"@type":"Organization","@id":"https:\/\/kuken.alfadyser.dev\/#organization","name":"Alpha Dyser","url":"https:\/\/kuken.alfadyser.dev\/","logo":{"@type":"ImageObject","inLanguage":"nl-NL","@id":"https:\/\/kuken.alfadyser.dev\/#\/schema\/logo\/image\/","url":"https:\/\/kuken.alfadyser.dev\/wp-content\/uploads\/2019\/04\/kuken-logo.png","contentUrl":"https:\/\/kuken.alfadyser.dev\/wp-content\/uploads\/2019\/04\/kuken-logo.png","width":500,"height":191,"caption":"Alfa Dyser"},"image":{"@id":"https:\/\/kuken.alfadyser.dev\/#\/schema\/logo\/image\/"},"sameAs":["https:\/\/es-es.facebook.com\/alfadyser\/","https:\/\/www.instagram.com\/kuken_appliances\/"]}]},"product_price_currency":"EUR","og_availability":"instock","product_availability":"instock","product_retailer_item_id":"31518","product_condition":"new"},"_links":{"self":[{"href":"https:\/\/kuken.alfadyser.dev\/nl\/wp-json\/wp\/v2\/product\/7313","targetHints":{"allow":["GET"]}}],"collection":[{"href":"https:\/\/kuken.alfadyser.dev\/nl\/wp-json\/wp\/v2\/product"}],"about":[{"href":"https:\/\/kuken.alfadyser.dev\/nl\/wp-json\/wp\/v2\/types\/product"}],"wp:featuredmedia":[{"embeddable":true,"href":"https:\/\/kuken.alfadyser.dev\/nl\/wp-json\/wp\/v2\/media\/7318"}],"wp:attachment":[{"href":"https:\/\/kuken.alfadyser.dev\/nl\/wp-json\/wp\/v2\/media?parent=7313"}],"wp:term":[{"taxonomy":"product_brand","embeddable":true,"href":"https:\/\/kuken.alfadyser.dev\/nl\/wp-json\/wp\/v2\/product_brand?post=7313"},{"taxonomy":"product_cat","embeddable":true,"href":"https:\/\/kuken.alfadyser.dev\/nl\/wp-json\/wp\/v2\/product_cat?post=7313"},{"taxonomy":"product_tag","embeddable":true,"href":"https:\/\/kuken.alfadyser.dev\/nl\/wp-json\/wp\/v2\/product_tag?post=7313"}],"curies":[{"name":"wp","href":"https:\/\/api.w.org\/{rel}","templated":true}]}}