{"id":7267,"date":"2021-02-09T08:53:20","date_gmt":"2021-02-09T07:53:20","guid":{"rendered":"https:\/\/kuken.alfadyser.dev\/?post_type=product&#038;p=7267"},"modified":"2025-07-31T08:07:22","modified_gmt":"2025-07-31T06:07:22","slug":"600w-kuken-deegmixer","status":"publish","type":"product","link":"https:\/\/kuken.alfadyser.dev\/nl\/product\/600w-kuken-deegmixer\/","title":{"rendered":"K\u00dcKEN 600W ROBOTMENGER KNEDER"},"content":{"rendered":"<p>K\u00dcKEN 600W ROBOTMENGER KNEDER<\/p>\n<ul data-start=\"813\" data-end=\"1537\">\n<li data-start=\"813\" data-end=\"889\">\n<p data-start=\"815\" data-end=\"889\">Robot batidora de 600 W, ideal para amasar, batir, montar y mezclar.<\/p>\n<\/li>\n<li data-start=\"890\" data-end=\"941\">\n<p data-start=\"892\" data-end=\"941\">Dise\u00f1o cromado y negro, elegante y robusto.<\/p>\n<\/li>\n<li data-start=\"942\" data-end=\"1017\">\n<p data-start=\"944\" data-end=\"1017\">Bol de acero inoxidable de 4,2 L, perfecto para grandes cantidades.<\/p>\n<\/li>\n<li data-start=\"1018\" data-end=\"1089\">\n<p data-start=\"1020\" data-end=\"1089\">6 velocidades ajustables + funci\u00f3n Pulse, para mayor precisi\u00f3n.<\/p>\n<\/li>\n<li data-start=\"1090\" data-end=\"1166\">\n<p data-start=\"1092\" data-end=\"1166\">Incluye varillas para batir, varillas mezcladoras y garfio amasador.<\/p>\n<\/li>\n<li data-start=\"1167\" data-end=\"1246\">\n<p data-start=\"1169\" data-end=\"1246\">Cabezal pivotante, facilita el acceso al bol y el cambio de accesorios.<\/p>\n<\/li>\n<li data-start=\"1247\" data-end=\"1322\">\n<p data-start=\"1249\" data-end=\"1322\">Base antideslizante, ofrece estabilidad incluso con mezclas densas.<\/p>\n<\/li>\n<li data-start=\"1323\" data-end=\"1397\">\n<p data-start=\"1325\" data-end=\"1397\">Tapa de seguridad transparente, evita salpicaduras durante su uso.<\/p>\n<\/li>\n<li data-start=\"1398\" data-end=\"1467\">\n<p data-start=\"1400\" data-end=\"1467\">Ideal para reposter\u00eda casera, masas, cremas, merengues y m\u00e1s.<\/p>\n<\/li>\n<li data-start=\"1468\" data-end=\"1537\">\n<p data-start=\"1470\" data-end=\"1537\">Dise\u00f1o compacto, pr\u00e1ctico y funcional, ideal para cualquier cocina.<\/p>\n<\/li>\n<\/ul>\n<p><div class=\"accordion\"><div class=\"mfn-acc accordion_wrapper  toggle\"><div class=\"question\"><div class=\"title\"><i class=\"icon-plus acc-icon-plus\" aria-hidden=\"true\"><\/i><i class=\"icon-minus acc-icon-minus\" aria-hidden=\"true\"><\/i>Productgegevens<\/div><div class=\"answer\">EAN: 8425160341619<\/p>\n<p>K\u00dcKEN 600W ROBOTMENGER KNEDER<\/p>\n<p>Eenheden: 1<br \/>\nColor: Negra y inox<br \/>\nVerpakking: Gekleurde doos<br \/>\nVermogen: 600 W<br \/>\nSpanning: 230 V<br \/>\nInhoud: 4,2 liter<br \/>\nAfmetingen: 350 x 185 x 315 mm<br \/>\nMateriaal: PC met hoge weerstand<br \/>\nAntislipvoet: Ja<br \/>\nVelocidades: 6+pulse<br \/>\nAfneembaar: Ja<br \/>\nGewicht: 3,95 kg<\/div><\/div>\n<\/div><\/div>\n<br \/>\n<div class=\"accordion\"><div class=\"mfn-acc accordion_wrapper  toggle\"><div class=\"question\"><div class=\"title\"><i class=\"icon-plus acc-icon-plus\" aria-hidden=\"true\"><\/i><i class=\"icon-minus acc-icon-minus\" aria-hidden=\"true\"><\/i>Accessoires<\/div><div class=\"answer\"><\/div><\/div>\n<\/div><\/div>\n<\/p>\n<div class=\"descargas-producto\"><a href=\"https:\/\/kuken.alfadyser.dev\/wp-content\/uploads\/pdf\/8425160341619_ficha_tecnica-1.pdf\"><img loading=\"lazy\" decoding=\"async\" src=\"\/wp-content\/uploads\/2019\/12\/picto-descarrega.png\" alt=\"gegevensblad downloaden\" width=\"23\" height=\"16\" \/>Blad downloaden<\/a><br \/>\n<a href=\"\/wp-content\/uploads\/pdf\/34161_instrucciones.pdf\"><img loading=\"lazy\" decoding=\"async\" src=\"\/wp-content\/uploads\/2019\/12\/picto-descarrega.png\" alt=\"handleiding downloaden\" width=\"23\" height=\"16\" \/>Handleiding downloaden<\/a><\/div>\n<div><\/div>\n<div><span style=\"color: #bf2121;\">Volg ons op sociale media!<\/span><\/div>\n<div><a href=\"https:\/\/www.instagram.com\/kuken_appliances\/\">https:\/\/www.instagram.com\/kuken_appliances\/<\/a><\/div>\n<p><iframe loading=\"lazy\" title=\"Robot batidor amasador k\u00fcken\" width=\"560\" height=\"315\" src=\"https:\/\/www.youtube.com\/embed\/5-z0KFCJg9k?feature=oembed\" frameborder=\"0\" allow=\"accelerometer; autoplay; clipboard-write; encrypted-media; gyroscope; picture-in-picture; web-share\" referrerpolicy=\"strict-origin-when-cross-origin\" allowfullscreen><\/iframe><\/p>","protected":false},"excerpt":{"rendered":"<p data-start=\"494\" data-end=\"647\">Perfecta para preparar todo tipo de recetas, esta amasadora combina potencia, dise\u00f1o profesional y m\u00faltiples accesorios para lograr resultados perfectos.<\/p>\n<p data-start=\"649\" data-end=\"745\">","protected":false},"featured_media":7268,"template":"","meta":[],"product_brand":[],"product_cat":[206],"product_tag":[],"class_list":{"0":"post-7267","1":"product","2":"type-product","3":"status-publish","4":"has-post-thumbnail","6":"product_cat-batidoras","7":"pa_tipo-batidora-amasadora","9":"first","10":"instock","11":"shipping-taxable","12":"product-type-simple"},"yoast_head":"<!-- This site is optimized with the Yoast SEO Premium plugin v24.0 (Yoast SEO v26.5) - https:\/\/yoast.com\/wordpress\/plugins\/seo\/ -->\n<title>ROBOT BATIDORA AMASADORA 600W K\u00dcKEN - K\u00fcken<\/title>\n<meta name=\"description\" content=\"Batidora amasadora K\u00fcken de 600W de potencia. Cabezal pivotante para mayor facilidad a la hora de amasar, batir, mezclar, montar...\" \/>\n<meta name=\"robots\" content=\"noindex, follow, max-snippet:-1, max-image-preview:large, max-video-preview:-1\" \/>\n<meta property=\"og:locale\" content=\"nl_NL\" \/>\n<meta property=\"og:type\" content=\"article\" \/>\n<meta property=\"og:title\" content=\"ROBOT BATIDORA AMASADORA 600W K\u00dcKEN\" \/>\n<meta property=\"og:description\" content=\"Batidora amasadora K\u00fcken de 600W de potencia. Cabezal pivotante para mayor facilidad a la hora de amasar, batir, mezclar, montar...\" \/>\n<meta property=\"og:url\" content=\"https:\/\/kuken.alfadyser.dev\/nl\/product\/600w-kuken-deegmixer\/\" \/>\n<meta property=\"og:site_name\" content=\"K\u00fcken\" \/>\n<meta property=\"article:publisher\" content=\"https:\/\/es-es.facebook.com\/alfadyser\/\" \/>\n<meta property=\"article:modified_time\" content=\"2025-07-31T06:07:22+00:00\" \/>\n<meta property=\"og:image\" content=\"https:\/\/kuken.alfadyser.dev\/wp-content\/uploads\/8425160341619_01-scaled.jpg\" \/>\n\t<meta property=\"og:image:width\" content=\"2560\" \/>\n\t<meta property=\"og:image:height\" content=\"2560\" \/>\n\t<meta property=\"og:image:type\" content=\"image\/jpeg\" \/>\n<meta name=\"twitter:card\" content=\"summary_large_image\" \/>\n<meta name=\"twitter:label1\" content=\"Prijs\" \/>\n\t<meta name=\"twitter:data1\" content=\"\" \/>\n\t<meta name=\"twitter:label2\" content=\"Beschikbaarheid\" \/>\n\t<meta name=\"twitter:data2\" content=\"Op voorraad\" \/>\n<script type=\"application\/ld+json\" class=\"yoast-schema-graph\">{\"@context\":\"https:\/\/schema.org\",\"@graph\":[{\"@type\":\"WebPage\",\"@id\":\"https:\/\/kuken.alfadyser.dev\/producto\/batidora-amasadora-600w-kuken\/\",\"url\":\"https:\/\/kuken.alfadyser.dev\/producto\/batidora-amasadora-600w-kuken\/\",\"name\":\"ROBOT BATIDORA AMASADORA 600W K\u00dcKEN - K\u00fcken\",\"isPartOf\":{\"@id\":\"https:\/\/kuken.alfadyser.dev\/#website\"},\"primaryImageOfPage\":{\"@id\":\"https:\/\/kuken.alfadyser.dev\/producto\/batidora-amasadora-600w-kuken\/#primaryimage\"},\"image\":{\"@id\":\"https:\/\/kuken.alfadyser.dev\/producto\/batidora-amasadora-600w-kuken\/#primaryimage\"},\"thumbnailUrl\":\"https:\/\/kuken.alfadyser.dev\/wp-content\/uploads\/8425160341619_01-scaled.jpg\",\"datePublished\":\"2021-02-09T07:53:20+00:00\",\"dateModified\":\"2025-07-31T06:07:22+00:00\",\"description\":\"Batidora amasadora K\u00fcken de 600W de potencia. Cabezal pivotante para mayor facilidad a la hora de amasar, batir, mezclar, montar...\",\"breadcrumb\":{\"@id\":\"https:\/\/kuken.alfadyser.dev\/producto\/batidora-amasadora-600w-kuken\/#breadcrumb\"},\"inLanguage\":\"nl-NL\",\"potentialAction\":[{\"@type\":\"ReadAction\",\"target\":[\"https:\/\/kuken.alfadyser.dev\/producto\/batidora-amasadora-600w-kuken\/\"]}]},{\"@type\":\"ImageObject\",\"inLanguage\":\"nl-NL\",\"@id\":\"https:\/\/kuken.alfadyser.dev\/producto\/batidora-amasadora-600w-kuken\/#primaryimage\",\"url\":\"https:\/\/kuken.alfadyser.dev\/wp-content\/uploads\/8425160341619_01-scaled.jpg\",\"contentUrl\":\"https:\/\/kuken.alfadyser.dev\/wp-content\/uploads\/8425160341619_01-scaled.jpg\",\"width\":2560,\"height\":2560,\"caption\":\"Batidora amasadora 600W\"},{\"@type\":\"BreadcrumbList\",\"@id\":\"https:\/\/kuken.alfadyser.dev\/producto\/batidora-amasadora-600w-kuken\/#breadcrumb\",\"itemListElement\":[{\"@type\":\"ListItem\",\"position\":1,\"name\":\"Portada\",\"item\":\"https:\/\/kuken.alfadyser.dev\/\"},{\"@type\":\"ListItem\",\"position\":2,\"name\":\"Productos\",\"item\":\"https:\/\/kuken.alfadyser.dev\/productos\/\"},{\"@type\":\"ListItem\",\"position\":3,\"name\":\"ROBOT BATIDORA AMASADORA 600W K\u00dcKEN\"}]},{\"@type\":\"WebSite\",\"@id\":\"https:\/\/kuken.alfadyser.dev\/#website\",\"url\":\"https:\/\/kuken.alfadyser.dev\/\",\"name\":\"K\u00fcken\",\"description\":\"Amplia gama de peque\u00f1o electrodom\u00e9stico k\u00fcken\",\"publisher\":{\"@id\":\"https:\/\/kuken.alfadyser.dev\/#organization\"},\"potentialAction\":[{\"@type\":\"SearchAction\",\"target\":{\"@type\":\"EntryPoint\",\"urlTemplate\":\"https:\/\/kuken.alfadyser.dev\/?s={search_term_string}\"},\"query-input\":{\"@type\":\"PropertyValueSpecification\",\"valueRequired\":true,\"valueName\":\"search_term_string\"}}],\"inLanguage\":\"nl-NL\"},{\"@type\":\"Organization\",\"@id\":\"https:\/\/kuken.alfadyser.dev\/#organization\",\"name\":\"Alfa Dyser\",\"url\":\"https:\/\/kuken.alfadyser.dev\/\",\"logo\":{\"@type\":\"ImageObject\",\"inLanguage\":\"nl-NL\",\"@id\":\"https:\/\/kuken.alfadyser.dev\/#\/schema\/logo\/image\/\",\"url\":\"https:\/\/kuken.alfadyser.dev\/wp-content\/uploads\/2019\/04\/kuken-logo.png\",\"contentUrl\":\"https:\/\/kuken.alfadyser.dev\/wp-content\/uploads\/2019\/04\/kuken-logo.png\",\"width\":500,\"height\":191,\"caption\":\"Alfa Dyser\"},\"image\":{\"@id\":\"https:\/\/kuken.alfadyser.dev\/#\/schema\/logo\/image\/\"},\"sameAs\":[\"https:\/\/es-es.facebook.com\/alfadyser\/\",\"https:\/\/www.instagram.com\/kuken_appliances\/\"]}]}<\/script>\n<meta property=\"product:price:currency\" content=\"EUR\" \/>\n<meta property=\"og:availability\" content=\"instock\" \/>\n<meta property=\"product:availability\" content=\"instock\" \/>\n<meta property=\"product:retailer_item_id\" content=\"34161\" \/>\n<meta property=\"product:condition\" content=\"new\" \/>\n<!-- \/ Yoast SEO Premium plugin. -->","yoast_head_json":{"title":"K\u00dcKEN 600W ROBOTMENGER DEEGMIXER - K\u00fcken","description":"Batidora amasadora K\u00fcken de 600W de potencia. Cabezal pivotante para mayor facilidad a la hora de amasar, batir, mezclar, montar...","robots":{"index":"noindex","follow":"follow","max-snippet":"max-snippet:-1","max-image-preview":"max-image-preview:large","max-video-preview":"max-video-preview:-1"},"og_locale":"nl_NL","og_type":"article","og_title":"ROBOT BATIDORA AMASADORA 600W K\u00dcKEN","og_description":"Batidora amasadora K\u00fcken de 600W de potencia. Cabezal pivotante para mayor facilidad a la hora de amasar, batir, mezclar, montar...","og_url":"https:\/\/kuken.alfadyser.dev\/nl\/product\/600w-kuken-deegmixer\/","og_site_name":"K\u00fcken","article_publisher":"https:\/\/es-es.facebook.com\/alfadyser\/","article_modified_time":"2025-07-31T06:07:22+00:00","og_image":[{"width":2560,"height":2560,"url":"https:\/\/kuken.alfadyser.dev\/wp-content\/uploads\/8425160341619_01-scaled.jpg","type":"image\/jpeg"}],"twitter_card":"summary_large_image","twitter_misc":{"Prijs":"","Beschikbaarheid":"Op voorraad"},"schema":{"@context":"https:\/\/schema.org","@graph":[{"@type":"WebPage","@id":"https:\/\/kuken.alfadyser.dev\/producto\/batidora-amasadora-600w-kuken\/","url":"https:\/\/kuken.alfadyser.dev\/producto\/batidora-amasadora-600w-kuken\/","name":"K\u00dcKEN 600W ROBOTMENGER DEEGMIXER - K\u00fcken","isPartOf":{"@id":"https:\/\/kuken.alfadyser.dev\/#website"},"primaryImageOfPage":{"@id":"https:\/\/kuken.alfadyser.dev\/producto\/batidora-amasadora-600w-kuken\/#primaryimage"},"image":{"@id":"https:\/\/kuken.alfadyser.dev\/producto\/batidora-amasadora-600w-kuken\/#primaryimage"},"thumbnailUrl":"https:\/\/kuken.alfadyser.dev\/wp-content\/uploads\/8425160341619_01-scaled.jpg","datePublished":"2021-02-09T07:53:20+00:00","dateModified":"2025-07-31T06:07:22+00:00","description":"Batidora amasadora K\u00fcken de 600W de potencia. Cabezal pivotante para mayor facilidad a la hora de amasar, batir, mezclar, montar...","breadcrumb":{"@id":"https:\/\/kuken.alfadyser.dev\/producto\/batidora-amasadora-600w-kuken\/#breadcrumb"},"inLanguage":"nl-NL","potentialAction":[{"@type":"ReadAction","target":["https:\/\/kuken.alfadyser.dev\/producto\/batidora-amasadora-600w-kuken\/"]}]},{"@type":"ImageObject","inLanguage":"nl-NL","@id":"https:\/\/kuken.alfadyser.dev\/producto\/batidora-amasadora-600w-kuken\/#primaryimage","url":"https:\/\/kuken.alfadyser.dev\/wp-content\/uploads\/8425160341619_01-scaled.jpg","contentUrl":"https:\/\/kuken.alfadyser.dev\/wp-content\/uploads\/8425160341619_01-scaled.jpg","width":2560,"height":2560,"caption":"Batidora amasadora 600W"},{"@type":"BreadcrumbList","@id":"https:\/\/kuken.alfadyser.dev\/producto\/batidora-amasadora-600w-kuken\/#breadcrumb","itemListElement":[{"@type":"ListItem","position":1,"name":"Portada","item":"https:\/\/kuken.alfadyser.dev\/"},{"@type":"ListItem","position":2,"name":"Productos","item":"https:\/\/kuken.alfadyser.dev\/productos\/"},{"@type":"ListItem","position":3,"name":"ROBOT BATIDORA AMASADORA 600W K\u00dcKEN"}]},{"@type":"WebSite","@id":"https:\/\/kuken.alfadyser.dev\/#website","url":"https:\/\/kuken.alfadyser.dev\/","name":"K\u00fcken","description":"Uitgebreid assortiment kleine huishoudelijke apparaten van k\u00fcken","publisher":{"@id":"https:\/\/kuken.alfadyser.dev\/#organization"},"potentialAction":[{"@type":"SearchAction","target":{"@type":"EntryPoint","urlTemplate":"https:\/\/kuken.alfadyser.dev\/?s={search_term_string}"},"query-input":{"@type":"PropertyValueSpecification","valueRequired":true,"valueName":"search_term_string"}}],"inLanguage":"nl-NL"},{"@type":"Organization","@id":"https:\/\/kuken.alfadyser.dev\/#organization","name":"Alpha Dyser","url":"https:\/\/kuken.alfadyser.dev\/","logo":{"@type":"ImageObject","inLanguage":"nl-NL","@id":"https:\/\/kuken.alfadyser.dev\/#\/schema\/logo\/image\/","url":"https:\/\/kuken.alfadyser.dev\/wp-content\/uploads\/2019\/04\/kuken-logo.png","contentUrl":"https:\/\/kuken.alfadyser.dev\/wp-content\/uploads\/2019\/04\/kuken-logo.png","width":500,"height":191,"caption":"Alfa Dyser"},"image":{"@id":"https:\/\/kuken.alfadyser.dev\/#\/schema\/logo\/image\/"},"sameAs":["https:\/\/es-es.facebook.com\/alfadyser\/","https:\/\/www.instagram.com\/kuken_appliances\/"]}]},"product_price_currency":"EUR","og_availability":"instock","product_availability":"instock","product_retailer_item_id":"34161","product_condition":"new"},"_links":{"self":[{"href":"https:\/\/kuken.alfadyser.dev\/nl\/wp-json\/wp\/v2\/product\/7267","targetHints":{"allow":["GET"]}}],"collection":[{"href":"https:\/\/kuken.alfadyser.dev\/nl\/wp-json\/wp\/v2\/product"}],"about":[{"href":"https:\/\/kuken.alfadyser.dev\/nl\/wp-json\/wp\/v2\/types\/product"}],"wp:featuredmedia":[{"embeddable":true,"href":"https:\/\/kuken.alfadyser.dev\/nl\/wp-json\/wp\/v2\/media\/7268"}],"wp:attachment":[{"href":"https:\/\/kuken.alfadyser.dev\/nl\/wp-json\/wp\/v2\/media?parent=7267"}],"wp:term":[{"taxonomy":"product_brand","embeddable":true,"href":"https:\/\/kuken.alfadyser.dev\/nl\/wp-json\/wp\/v2\/product_brand?post=7267"},{"taxonomy":"product_cat","embeddable":true,"href":"https:\/\/kuken.alfadyser.dev\/nl\/wp-json\/wp\/v2\/product_cat?post=7267"},{"taxonomy":"product_tag","embeddable":true,"href":"https:\/\/kuken.alfadyser.dev\/nl\/wp-json\/wp\/v2\/product_tag?post=7267"}],"curies":[{"name":"wp","href":"https:\/\/api.w.org\/{rel}","templated":true}]}}