{"id":6235,"date":"2020-10-27T13:42:39","date_gmt":"2020-10-27T12:42:39","guid":{"rendered":"https:\/\/kuken.alfadyser.dev\/producto\/ventilador-columna-smart-40w-kuken\/"},"modified":"2025-07-22T14:44:03","modified_gmt":"2025-07-22T12:44:03","slug":"ventilador-columna-smart-40w-kuken","status":"publish","type":"product","link":"https:\/\/kuken.alfadyser.dev\/nl\/product\/ventilador-columna-smart-40w-kuken\/","title":{"rendered":"K\u00dcKEN SMART KOLOMVENTILATOR 40W"},"content":{"rendered":"<p>K\u00dcKEN SMART KOLOMVENTILATOR 40W<\/p>\n<ul data-start=\"562\" data-end=\"1201\">\n<li data-start=\"562\" data-end=\"641\">\n<p data-start=\"564\" data-end=\"641\">Tecnolog\u00eda SMART: con tres modos de aire: normal, natural y dormir.<\/p>\n<\/li>\n<li data-start=\"642\" data-end=\"729\">\n<p data-start=\"644\" data-end=\"729\">Cuerpo oscilante: distribuye el aire de forma uniforme en toda la estancia.<\/p>\n<\/li>\n<li data-start=\"730\" data-end=\"811\">\n<p data-start=\"732\" data-end=\"811\">Temporizador programable: hasta 7,5 horas de funcionamiento continuo.<\/p>\n<\/li>\n<li data-start=\"812\" data-end=\"886\">\n<p data-start=\"814\" data-end=\"886\">Tres velocidades: ajustables seg\u00fan tus necesidades de ventilaci\u00f3n.<\/p>\n<\/li>\n<li data-start=\"887\" data-end=\"978\">\n<p data-start=\"889\" data-end=\"978\">Dise\u00f1o resistente: cuerpo en PC con acabado blanco y negro elegante y duradero.<\/p>\n<\/li>\n<li data-start=\"979\" data-end=\"1062\">\n<p data-start=\"981\" data-end=\"1062\">Mando a distancia incluido: controla el ventilador con total comodidad.<\/p>\n<\/li>\n<li data-start=\"1063\" data-end=\"1137\">\n<p data-start=\"1065\" data-end=\"1137\">Soporte antideslizante: proporciona una base estable y segura.<\/p>\n<\/li>\n<li data-start=\"1138\" data-end=\"1201\">\n<p data-start=\"1140\" data-end=\"1201\">Cable de 1,80 metros: mayor libertad de colocaci\u00f3n y uso.<\/p>\n<\/li>\n<\/ul>\n<p><div class=\"accordion\"><div class=\"mfn-acc accordion_wrapper  toggle\"><div class=\"question\"><div class=\"title\"><i class=\"icon-plus acc-icon-plus\" aria-hidden=\"true\"><\/i><i class=\"icon-minus acc-icon-minus\" aria-hidden=\"true\"><\/i>Productgegevens<\/div><div class=\"answer\">EAN: 8425160339555<\/p>\n<p>K\u00dcKEN SMART KOLOMVENTILATOR 40W<\/p>\n<p>Eenheden: 1<br \/>\nKleur: Wit<br \/>\nVerpakking: Gekleurde doos<br \/>\nPotencia: 40 W<br \/>\nSpanning: 230 V<br \/>\nTama\u00f1o: \u00f828&#215;110 cm<br \/>\nMateriaal: PC<br \/>\nAntislipvoet: Ja<br \/>\nSnelheden: 3<br \/>\nPeso: 5,7 kg<\/div><\/div>\n<\/div><\/div>\n<br \/>\n<div class=\"accordion\"><div class=\"mfn-acc accordion_wrapper  toggle\"><div class=\"question\"><div class=\"title\"><i class=\"icon-plus acc-icon-plus\" aria-hidden=\"true\"><\/i><i class=\"icon-minus acc-icon-minus\" aria-hidden=\"true\"><\/i>Accessoires<\/div><div class=\"answer\"><\/div><\/div>\n<\/div><\/div>\n<\/p>\n<div class=\"descargas-producto\"><a href=\"\/wp-content\/uploads\/pdf\/8425160339555_ficha_tecnica.pdf\" target=\"_blank\" rel=\"noopener noreferrer\"><br \/>\n<img loading=\"lazy\" decoding=\"async\" src=\"\/wp-content\/uploads\/2019\/12\/picto-descarrega.png\" alt=\"gegevensblad downloaden\" width=\"23\" height=\"16\" \/>Blad downloaden<\/a><br \/>\n<a href=\"\/wp-content\/uploads\/pdf\/instrucciones-33955.pdf\"><img loading=\"lazy\" decoding=\"async\" src=\"\/wp-content\/uploads\/2019\/12\/picto-descarrega.png\" alt=\"handleiding downloaden\" width=\"23\" height=\"16\" \/>Handleiding downloaden<\/a><\/div>\n<div><\/div>\n<div><span style=\"color: #bf2121\">Volg ons op sociale media!<\/span><\/div>\n<div><a href=\"https:\/\/www.instagram.com\/kuken_appliances\/\">https:\/\/www.instagram.com\/kuken_appliances\/<\/a><\/div>\n<div><\/div>\n<p><iframe loading=\"lazy\" title=\"Ventilatoren Kuken\" width=\"560\" height=\"315\" src=\"https:\/\/www.youtube.com\/embed\/YiLHFxcebs0?feature=oembed\" frameborder=\"0\" allow=\"accelerometer; autoplay; clipboard-write; encrypted-media; gyroscope; picture-in-picture; web-share\" referrerpolicy=\"strict-origin-when-cross-origin\" allowfullscreen><\/iframe><\/p>","protected":false},"excerpt":{"rendered":"<p data-start=\"373\" data-end=\"524\">Frescura inteligente y silenciosa. Este ventilador combina funcionalidad, dise\u00f1o moderno y control remoto para una experiencia de ventilaci\u00f3n superior.<\/p>","protected":false},"featured_media":4188,"template":"","meta":[],"product_brand":[],"product_cat":[223],"product_tag":[],"class_list":{"0":"post-6235","1":"product","2":"type-product","3":"status-publish","4":"has-post-thumbnail","6":"product_cat-ventiladores","8":"first","9":"instock","10":"product-type-simple"},"yoast_head":"<!-- This site is optimized with the Yoast SEO Premium plugin v24.0 (Yoast SEO v26.5) - https:\/\/yoast.com\/wordpress\/plugins\/seo\/ -->\n<title>VENTILADOR COLUMNA SMART 40W K\u00dcKEN - K\u00fcken<\/title>\n<meta name=\"description\" content=\"Ventilador columna Smart 40W K\u00fcken con mando, 3 modos de aire y temporizador. Dise\u00f1o elegante, silencioso y eficiente para tu confort diario.\" \/>\n<meta name=\"robots\" content=\"noindex, follow, max-snippet:-1, max-image-preview:large, max-video-preview:-1\" \/>\n<meta property=\"og:locale\" content=\"nl_NL\" \/>\n<meta property=\"og:type\" content=\"article\" \/>\n<meta property=\"og:title\" content=\"VENTILADOR COLUMNA SMART 40W K\u00dcKEN\" \/>\n<meta property=\"og:description\" content=\"Ventilador columna Smart 40W K\u00fcken con mando, 3 modos de aire y temporizador. Dise\u00f1o elegante, silencioso y eficiente para tu confort diario.\" \/>\n<meta property=\"og:url\" content=\"https:\/\/kuken.alfadyser.dev\/nl\/product\/ventilador-columna-smart-40w-kuken\/\" \/>\n<meta property=\"og:site_name\" content=\"K\u00fcken\" \/>\n<meta property=\"article:publisher\" content=\"https:\/\/es-es.facebook.com\/alfadyser\/\" \/>\n<meta property=\"article:modified_time\" content=\"2025-07-22T12:44:03+00:00\" \/>\n<meta property=\"og:image\" content=\"https:\/\/kuken.alfadyser.dev\/wp-content\/uploads\/2020\/03\/8425160339555_01.jpg\" \/>\n\t<meta property=\"og:image:width\" content=\"2000\" \/>\n\t<meta property=\"og:image:height\" content=\"2000\" \/>\n\t<meta property=\"og:image:type\" content=\"image\/jpeg\" \/>\n<meta name=\"twitter:card\" content=\"summary_large_image\" \/>\n<meta name=\"twitter:label1\" content=\"Prijs\" \/>\n\t<meta name=\"twitter:data1\" content=\"\" \/>\n\t<meta name=\"twitter:label2\" content=\"Beschikbaarheid\" \/>\n\t<meta name=\"twitter:data2\" content=\"Op voorraad\" \/>\n<script type=\"application\/ld+json\" class=\"yoast-schema-graph\">{\"@context\":\"https:\/\/schema.org\",\"@graph\":[{\"@type\":\"WebPage\",\"@id\":\"https:\/\/kuken.alfadyser.dev\/producto\/ventilador-columna-smart-40w-kuken\/\",\"url\":\"https:\/\/kuken.alfadyser.dev\/producto\/ventilador-columna-smart-40w-kuken\/\",\"name\":\"VENTILADOR COLUMNA SMART 40W K\u00dcKEN - K\u00fcken\",\"isPartOf\":{\"@id\":\"https:\/\/kuken.alfadyser.dev\/#website\"},\"primaryImageOfPage\":{\"@id\":\"https:\/\/kuken.alfadyser.dev\/producto\/ventilador-columna-smart-40w-kuken\/#primaryimage\"},\"image\":{\"@id\":\"https:\/\/kuken.alfadyser.dev\/producto\/ventilador-columna-smart-40w-kuken\/#primaryimage\"},\"thumbnailUrl\":\"https:\/\/kuken.alfadyser.dev\/wp-content\/uploads\/2020\/03\/8425160339555_01.jpg\",\"datePublished\":\"2020-10-27T12:42:39+00:00\",\"dateModified\":\"2025-07-22T12:44:03+00:00\",\"description\":\"Ventilador columna Smart 40W K\u00fcken con mando, 3 modos de aire y temporizador. Dise\u00f1o elegante, silencioso y eficiente para tu confort diario.\",\"breadcrumb\":{\"@id\":\"https:\/\/kuken.alfadyser.dev\/producto\/ventilador-columna-smart-40w-kuken\/#breadcrumb\"},\"inLanguage\":\"nl-NL\",\"potentialAction\":[{\"@type\":\"ReadAction\",\"target\":[\"https:\/\/kuken.alfadyser.dev\/producto\/ventilador-columna-smart-40w-kuken\/\"]}]},{\"@type\":\"ImageObject\",\"inLanguage\":\"nl-NL\",\"@id\":\"https:\/\/kuken.alfadyser.dev\/producto\/ventilador-columna-smart-40w-kuken\/#primaryimage\",\"url\":\"https:\/\/kuken.alfadyser.dev\/wp-content\/uploads\/2020\/03\/8425160339555_01.jpg\",\"contentUrl\":\"https:\/\/kuken.alfadyser.dev\/wp-content\/uploads\/2020\/03\/8425160339555_01.jpg\",\"width\":2000,\"height\":2000,\"caption\":\"Ventilador de columna k\u00fcken blanco\"},{\"@type\":\"BreadcrumbList\",\"@id\":\"https:\/\/kuken.alfadyser.dev\/producto\/ventilador-columna-smart-40w-kuken\/#breadcrumb\",\"itemListElement\":[{\"@type\":\"ListItem\",\"position\":1,\"name\":\"Portada\",\"item\":\"https:\/\/kuken.alfadyser.dev\/\"},{\"@type\":\"ListItem\",\"position\":2,\"name\":\"Productos\",\"item\":\"https:\/\/kuken.alfadyser.dev\/productos\/\"},{\"@type\":\"ListItem\",\"position\":3,\"name\":\"VENTILADOR COLUMNA SMART 40W K\u00dcKEN\"}]},{\"@type\":\"WebSite\",\"@id\":\"https:\/\/kuken.alfadyser.dev\/#website\",\"url\":\"https:\/\/kuken.alfadyser.dev\/\",\"name\":\"K\u00fcken\",\"description\":\"Amplia gama de peque\u00f1o electrodom\u00e9stico k\u00fcken\",\"publisher\":{\"@id\":\"https:\/\/kuken.alfadyser.dev\/#organization\"},\"potentialAction\":[{\"@type\":\"SearchAction\",\"target\":{\"@type\":\"EntryPoint\",\"urlTemplate\":\"https:\/\/kuken.alfadyser.dev\/?s={search_term_string}\"},\"query-input\":{\"@type\":\"PropertyValueSpecification\",\"valueRequired\":true,\"valueName\":\"search_term_string\"}}],\"inLanguage\":\"nl-NL\"},{\"@type\":\"Organization\",\"@id\":\"https:\/\/kuken.alfadyser.dev\/#organization\",\"name\":\"Alfa Dyser\",\"url\":\"https:\/\/kuken.alfadyser.dev\/\",\"logo\":{\"@type\":\"ImageObject\",\"inLanguage\":\"nl-NL\",\"@id\":\"https:\/\/kuken.alfadyser.dev\/#\/schema\/logo\/image\/\",\"url\":\"https:\/\/kuken.alfadyser.dev\/wp-content\/uploads\/2019\/04\/kuken-logo.png\",\"contentUrl\":\"https:\/\/kuken.alfadyser.dev\/wp-content\/uploads\/2019\/04\/kuken-logo.png\",\"width\":500,\"height\":191,\"caption\":\"Alfa Dyser\"},\"image\":{\"@id\":\"https:\/\/kuken.alfadyser.dev\/#\/schema\/logo\/image\/\"},\"sameAs\":[\"https:\/\/es-es.facebook.com\/alfadyser\/\",\"https:\/\/www.instagram.com\/kuken_appliances\/\"]}]}<\/script>\n<meta property=\"product:price:currency\" content=\"EUR\" \/>\n<meta property=\"og:availability\" content=\"instock\" \/>\n<meta property=\"product:availability\" content=\"instock\" \/>\n<meta property=\"product:retailer_item_id\" content=\"33955\" \/>\n<meta property=\"product:condition\" content=\"new\" \/>\n<!-- \/ Yoast SEO Premium plugin. -->","yoast_head_json":{"title":"VENTILADOR COLUMNA SMART 40W K\u00dcKEN - K\u00fcken","description":"Ventilador columna Smart 40W K\u00fcken con mando, 3 modos de aire y temporizador. Dise\u00f1o elegante, silencioso y eficiente para tu confort diario.","robots":{"index":"noindex","follow":"follow","max-snippet":"max-snippet:-1","max-image-preview":"max-image-preview:large","max-video-preview":"max-video-preview:-1"},"og_locale":"nl_NL","og_type":"article","og_title":"VENTILADOR COLUMNA SMART 40W K\u00dcKEN","og_description":"Ventilador columna Smart 40W K\u00fcken con mando, 3 modos de aire y temporizador. Dise\u00f1o elegante, silencioso y eficiente para tu confort diario.","og_url":"https:\/\/kuken.alfadyser.dev\/nl\/product\/ventilador-columna-smart-40w-kuken\/","og_site_name":"K\u00fcken","article_publisher":"https:\/\/es-es.facebook.com\/alfadyser\/","article_modified_time":"2025-07-22T12:44:03+00:00","og_image":[{"width":2000,"height":2000,"url":"https:\/\/kuken.alfadyser.dev\/wp-content\/uploads\/2020\/03\/8425160339555_01.jpg","type":"image\/jpeg"}],"twitter_card":"summary_large_image","twitter_misc":{"Prijs":"","Beschikbaarheid":"Op voorraad"},"schema":{"@context":"https:\/\/schema.org","@graph":[{"@type":"WebPage","@id":"https:\/\/kuken.alfadyser.dev\/producto\/ventilador-columna-smart-40w-kuken\/","url":"https:\/\/kuken.alfadyser.dev\/producto\/ventilador-columna-smart-40w-kuken\/","name":"VENTILADOR COLUMNA SMART 40W K\u00dcKEN - K\u00fcken","isPartOf":{"@id":"https:\/\/kuken.alfadyser.dev\/#website"},"primaryImageOfPage":{"@id":"https:\/\/kuken.alfadyser.dev\/producto\/ventilador-columna-smart-40w-kuken\/#primaryimage"},"image":{"@id":"https:\/\/kuken.alfadyser.dev\/producto\/ventilador-columna-smart-40w-kuken\/#primaryimage"},"thumbnailUrl":"https:\/\/kuken.alfadyser.dev\/wp-content\/uploads\/2020\/03\/8425160339555_01.jpg","datePublished":"2020-10-27T12:42:39+00:00","dateModified":"2025-07-22T12:44:03+00:00","description":"Ventilador columna Smart 40W K\u00fcken con mando, 3 modos de aire y temporizador. Dise\u00f1o elegante, silencioso y eficiente para tu confort diario.","breadcrumb":{"@id":"https:\/\/kuken.alfadyser.dev\/producto\/ventilador-columna-smart-40w-kuken\/#breadcrumb"},"inLanguage":"nl-NL","potentialAction":[{"@type":"ReadAction","target":["https:\/\/kuken.alfadyser.dev\/producto\/ventilador-columna-smart-40w-kuken\/"]}]},{"@type":"ImageObject","inLanguage":"nl-NL","@id":"https:\/\/kuken.alfadyser.dev\/producto\/ventilador-columna-smart-40w-kuken\/#primaryimage","url":"https:\/\/kuken.alfadyser.dev\/wp-content\/uploads\/2020\/03\/8425160339555_01.jpg","contentUrl":"https:\/\/kuken.alfadyser.dev\/wp-content\/uploads\/2020\/03\/8425160339555_01.jpg","width":2000,"height":2000,"caption":"Ventilador de columna k\u00fcken blanco"},{"@type":"BreadcrumbList","@id":"https:\/\/kuken.alfadyser.dev\/producto\/ventilador-columna-smart-40w-kuken\/#breadcrumb","itemListElement":[{"@type":"ListItem","position":1,"name":"Portada","item":"https:\/\/kuken.alfadyser.dev\/"},{"@type":"ListItem","position":2,"name":"Productos","item":"https:\/\/kuken.alfadyser.dev\/productos\/"},{"@type":"ListItem","position":3,"name":"VENTILADOR COLUMNA SMART 40W K\u00dcKEN"}]},{"@type":"WebSite","@id":"https:\/\/kuken.alfadyser.dev\/#website","url":"https:\/\/kuken.alfadyser.dev\/","name":"K\u00fcken","description":"Uitgebreid assortiment kleine huishoudelijke apparaten van k\u00fcken","publisher":{"@id":"https:\/\/kuken.alfadyser.dev\/#organization"},"potentialAction":[{"@type":"SearchAction","target":{"@type":"EntryPoint","urlTemplate":"https:\/\/kuken.alfadyser.dev\/?s={search_term_string}"},"query-input":{"@type":"PropertyValueSpecification","valueRequired":true,"valueName":"search_term_string"}}],"inLanguage":"nl-NL"},{"@type":"Organization","@id":"https:\/\/kuken.alfadyser.dev\/#organization","name":"Alpha Dyser","url":"https:\/\/kuken.alfadyser.dev\/","logo":{"@type":"ImageObject","inLanguage":"nl-NL","@id":"https:\/\/kuken.alfadyser.dev\/#\/schema\/logo\/image\/","url":"https:\/\/kuken.alfadyser.dev\/wp-content\/uploads\/2019\/04\/kuken-logo.png","contentUrl":"https:\/\/kuken.alfadyser.dev\/wp-content\/uploads\/2019\/04\/kuken-logo.png","width":500,"height":191,"caption":"Alfa Dyser"},"image":{"@id":"https:\/\/kuken.alfadyser.dev\/#\/schema\/logo\/image\/"},"sameAs":["https:\/\/es-es.facebook.com\/alfadyser\/","https:\/\/www.instagram.com\/kuken_appliances\/"]}]},"product_price_currency":"EUR","og_availability":"instock","product_availability":"instock","product_retailer_item_id":"33955","product_condition":"new"},"_links":{"self":[{"href":"https:\/\/kuken.alfadyser.dev\/nl\/wp-json\/wp\/v2\/product\/6235","targetHints":{"allow":["GET"]}}],"collection":[{"href":"https:\/\/kuken.alfadyser.dev\/nl\/wp-json\/wp\/v2\/product"}],"about":[{"href":"https:\/\/kuken.alfadyser.dev\/nl\/wp-json\/wp\/v2\/types\/product"}],"wp:featuredmedia":[{"embeddable":true,"href":"https:\/\/kuken.alfadyser.dev\/nl\/wp-json\/wp\/v2\/media\/4188"}],"wp:attachment":[{"href":"https:\/\/kuken.alfadyser.dev\/nl\/wp-json\/wp\/v2\/media?parent=6235"}],"wp:term":[{"taxonomy":"product_brand","embeddable":true,"href":"https:\/\/kuken.alfadyser.dev\/nl\/wp-json\/wp\/v2\/product_brand?post=6235"},{"taxonomy":"product_cat","embeddable":true,"href":"https:\/\/kuken.alfadyser.dev\/nl\/wp-json\/wp\/v2\/product_cat?post=6235"},{"taxonomy":"product_tag","embeddable":true,"href":"https:\/\/kuken.alfadyser.dev\/nl\/wp-json\/wp\/v2\/product_tag?post=6235"}],"curies":[{"name":"wp","href":"https:\/\/api.w.org\/{rel}","templated":true}]}}